{"id":11811,"date":"2024-01-28T01:28:26","date_gmt":"2024-01-28T01:28:26","guid":{"rendered":"https:\/\/slewingbearings.com\/product\/entrainement-a-lorientation-w-14\/"},"modified":"2024-01-28T01:28:26","modified_gmt":"2024-01-28T01:28:26","slug":"entrainement-a-lorientation-w-14","status":"publish","type":"product","link":"https:\/\/slewingbearings.com\/fr\/product\/entrainement-a-lorientation-w-14\/","title":{"rendered":"Entra\u00eenement \u00e0 l&rsquo;orientation W-14"},"content":{"rendered":"<p>W-14 entra\u00eenement d&rsquo;orientation ,Le syst\u00e8me d&rsquo;entra\u00eenement rotatif ouvert est un syst\u00e8me m\u00e9canique \u00e0 structure ouverte, principalement utilis\u00e9 pour faire tourner des \u00e9quipements ou des outils dans le sens horizontal. Contrairement aux syst\u00e8mes ferm\u00e9s, les composants m\u00e9caniques internes des syst\u00e8mes d&rsquo;entra\u00eenement rotatifs ouverts sont visibles de l&rsquo;ext\u00e9rieur, ce qui offre des avantages uniques en termes de fonctionnement, d&rsquo;entretien et d&rsquo;enseignement. <\/p>\n<p>La commande d&rsquo;orientation ouverte est un syst\u00e8me de transmission \u00e0 engrenages ouvert, qui pr\u00e9sente des caract\u00e9ristiques uniques par rapport au syst\u00e8me de transmission ferm\u00e9. Tout d&rsquo;abord, la conception ouverte offre une bonne visibilit\u00e9, les engrenages internes et les composants de la transmission \u00e9tant visibles pour l&rsquo;observateur. Cela permet au personnel de maintenance de v\u00e9rifier facilement l&rsquo;\u00e9tat de fonctionnement du syst\u00e8me, de d\u00e9tecter et de r\u00e9soudre les probl\u00e8mes en temps voulu et d&rsquo;am\u00e9liorer la commodit\u00e9 de la maintenance.  <\/p>\n\n<table id=\"tablepress-40\" class=\"tablepress tablepress-id-40\">\n<thead>\n<tr class=\"row-1\">\n\t<th class=\"column-1\">Model<\/th><th class=\"column-2\">Output Torque<\/th><th class=\"column-3\">Tilting Moment Torque<\/th><th class=\"column-4\">Holding Torque<\/th><th class=\"column-5\">Gear Ratio<\/th><th class=\"column-6\">Tracking Precision<\/th><th class=\"column-7\">Weight<\/th><th class=\"column-8\">Drawing<\/th>\n<\/tr>\n<\/thead>\n<tbody class=\"row-striping row-hover\">\n<tr class=\"row-2\">\n\t<td class=\"column-1\">W14<\/td><td class=\"column-2\">10.8 KN.m<\/td><td class=\"column-3\">71.2 KN.m<\/td><td class=\"column-4\">48 KN.m<\/td><td class=\"column-5\">86:1<\/td><td class=\"column-6\">\u22640.13\u00b0<\/td><td class=\"column-7\">62kg<\/td><td class=\"column-8\"><a href=\"https:\/\/slewingbearings.com\/wp-content\/uploads\/2024\/01\/W14-Slew-Drive-catalog.pdf\"><br \/>\n<img decoding=\"async\" src=\"https:\/\/slewingbearings.com\/wp-content\/uploads\/2024\/01\/pdf.png\" width=\"30\" height=\"30\"><\/a><\/td>\n<\/tr>\n<tr class=\"row-3\">\n\t<td class=\"column-1\">W14<\/td><td class=\"column-2\">7970 lbf.ft<\/td><td class=\"column-3\">52.6\u00d710\u00b3 lbf.ft<\/td><td class=\"column-4\">35\u00d710\u00b3 lbf.ft<\/td><td class=\"column-5\">86:1<\/td><td class=\"column-6\">\u22640.13\u00b0<\/td><td class=\"column-7\">62kg<\/td><td class=\"column-8\"><a href=\"https:\/\/slewingbearings.com\/wp-content\/uploads\/2024\/01\/W14-Slew-Drive-catalog.pdf\"><br \/>\n<img decoding=\"async\" src=\"https:\/\/slewingbearings.com\/wp-content\/uploads\/2024\/01\/pdf.png\" width=\"30\" height=\"30\"><\/a><\/td>\n<\/tr>\n<\/tbody>\n<\/table>\n<!-- #tablepress-40 from cache -->\n","protected":false},"excerpt":{"rendered":"<p>Une autre caract\u00e9ristique notable est la conception ouverte qui aide \u00e0 dissiper la chaleur. La structure ouverte permet \u00e0 l&rsquo;air de circuler entre les engrenages et les composants de la transmission, ce qui r\u00e9duit efficacement la temp\u00e9rature du syst\u00e8me. Gr\u00e2ce \u00e0 une bonne dissipation de la chaleur, les probl\u00e8mes de surchauffe peuvent \u00eatre \u00e9vit\u00e9s et l&rsquo;efficacit\u00e9 et la fiabilit\u00e9 du syst\u00e8me peuvent \u00eatre am\u00e9lior\u00e9es.  <\/p>\n<p>La l\u00e9g\u00e8ret\u00e9 est un autre avantage des commandes d&rsquo;orientation ouvertes. Par rapport \u00e0 un syst\u00e8me de transmission ferm\u00e9 qui n\u00e9cessite un bo\u00eetier ferm\u00e9, la conception ouverte est plus simple et ne n\u00e9cessite pas de structures de protection externes suppl\u00e9mentaires, ce qui la rend plus l\u00e9g\u00e8re. Les entra\u00eenements rotatifs ouverts sont donc avantageux dans les applications o\u00f9 le poids est un facteur important.  <\/p>\n<p>En outre, les syst\u00e8mes d&rsquo;entra\u00eenement \u00e0 rotation ouverte jouent \u00e9galement un r\u00f4le important dans la recherche et le d\u00e9veloppement. Les chercheurs ont souvent besoin d&rsquo;observer et de d\u00e9boguer des syst\u00e8mes m\u00e9caniques en temps r\u00e9el, et la visibilit\u00e9 est un facteur cl\u00e9. La conception ouverte leur offre un moyen d&rsquo;observation plus intuitif, ce qui leur permet d&rsquo;identifier rapidement les probl\u00e8mes et d&rsquo;optimiser la conception.  <\/p>\n","protected":false},"featured_media":6420,"comment_status":"open","ping_status":"closed","template":"","meta":{"content-type":""},"product_cat":[565,325],"product_tag":[583],"class_list":{"0":"post-11811","1":"product","2":"type-product","3":"status-publish","4":"has-post-thumbnail","6":"product_cat-entrainement-a-lorientation-w","7":"product_cat-slew-drive-fr","8":"product_tag-entrainement-a-lorientation-w14","10":"first","11":"instock","12":"shipping-taxable","13":"product-type-simple"},"yoast_head":"<!-- This site is optimized with the Yoast SEO plugin v21.7 - https:\/\/yoast.com\/wordpress\/plugins\/seo\/ -->\n<title>Entra\u00eenement \u00e0 l&#039;orientation W-14 - ZZ Group<\/title>\n<meta name=\"description\" content=\"W-14 entra\u00eenement d&#039;orientation d\u00e9signe g\u00e9n\u00e9ralement un syst\u00e8me d&#039;entra\u00eenement rotatif \u00e0 structure ouverte , utilis\u00e9 pour r\u00e9aliser la rotation horizontale d &#039;un \u00e9quipement.\" \/>\n<meta name=\"robots\" content=\"index, follow, max-snippet:-1, max-image-preview:large, max-video-preview:-1\" \/>\n<link rel=\"canonical\" href=\"https:\/\/slewingbearings.com\/product\/w-14-slew-drive\/\" \/>\n<meta property=\"og:locale\" content=\"fr_FR\" \/>\n<meta property=\"og:type\" content=\"article\" \/>\n<meta property=\"og:title\" content=\"Entra\u00eenement \u00e0 l&#039;orientation W-14 - ZZ Group\" \/>\n<meta property=\"og:description\" content=\"W-14 entra\u00eenement d&#039;orientation d\u00e9signe g\u00e9n\u00e9ralement un syst\u00e8me d&#039;entra\u00eenement rotatif \u00e0 structure ouverte , utilis\u00e9 pour r\u00e9aliser la rotation horizontale d &#039;un \u00e9quipement.\" \/>\n<meta property=\"og:url\" content=\"https:\/\/slewingbearings.com\/product\/w-14-slew-drive\/\" \/>\n<meta property=\"og:site_name\" content=\"ZZ Group\" \/>\n<meta property=\"og:image\" content=\"https:\/\/slewingbearings.com\/wp-content\/uploads\/2024\/01\/w14-slew-drive.jpg\" \/>\n\t<meta property=\"og:image:width\" content=\"500\" \/>\n\t<meta property=\"og:image:height\" content=\"500\" \/>\n\t<meta property=\"og:image:type\" content=\"image\/jpeg\" \/>\n<meta name=\"twitter:card\" content=\"summary_large_image\" \/>\n<meta name=\"twitter:label1\" content=\"Dur\u00e9e de lecture estim\u00e9e\" \/>\n\t<meta name=\"twitter:data1\" content=\"1 minute\" \/>\n<script type=\"application\/ld+json\" class=\"yoast-schema-graph\">{\"@context\":\"https:\/\/schema.org\",\"@graph\":[{\"@type\":\"WebPage\",\"@id\":\"https:\/\/slewingbearings.com\/product\/w-14-slew-drive\/\",\"url\":\"https:\/\/slewingbearings.com\/product\/w-14-slew-drive\/\",\"name\":\"Entra\u00eenement \u00e0 l'orientation W-14 - ZZ Group\",\"isPartOf\":{\"@id\":\"https:\/\/slewingbearings.com\/#website\"},\"datePublished\":\"2024-01-28T01:28:26+00:00\",\"dateModified\":\"2024-01-28T01:28:26+00:00\",\"description\":\"W-14 entra\u00eenement d'orientation d\u00e9signe g\u00e9n\u00e9ralement un syst\u00e8me d'entra\u00eenement rotatif \u00e0 structure ouverte , utilis\u00e9 pour r\u00e9aliser la rotation horizontale d 'un \u00e9quipement.\",\"breadcrumb\":{\"@id\":\"https:\/\/slewingbearings.com\/product\/w-14-slew-drive\/#breadcrumb\"},\"inLanguage\":\"fr-FR\",\"potentialAction\":[{\"@type\":\"ReadAction\",\"target\":[\"https:\/\/slewingbearings.com\/product\/w-14-slew-drive\/\"]}]},{\"@type\":\"BreadcrumbList\",\"@id\":\"https:\/\/slewingbearings.com\/product\/w-14-slew-drive\/#breadcrumb\",\"itemListElement\":[{\"@type\":\"ListItem\",\"position\":1,\"name\":\"Home\",\"item\":\"https:\/\/slewingbearings.com\/fr\/palier-dorientation-entrainement-dorientation\/\"},{\"@type\":\"ListItem\",\"position\":2,\"name\":\"Shop\",\"item\":\"https:\/\/slewingbearings.com\/shop\/\"},{\"@type\":\"ListItem\",\"position\":3,\"name\":\"Entra\u00eenement \u00e0 l&#8217;orientation W-14\"}]},{\"@type\":\"WebSite\",\"@id\":\"https:\/\/slewingbearings.com\/#website\",\"url\":\"https:\/\/slewingbearings.com\/\",\"name\":\"ZZ Group\",\"description\":\"Leading Slewing Bearings in China\",\"potentialAction\":[{\"@type\":\"SearchAction\",\"target\":{\"@type\":\"EntryPoint\",\"urlTemplate\":\"https:\/\/slewingbearings.com\/?s={search_term_string}\"},\"query-input\":\"required name=search_term_string\"}],\"inLanguage\":\"fr-FR\"}]}<\/script>\n<!-- \/ Yoast SEO plugin. -->","yoast_head_json":{"title":"Entra\u00eenement \u00e0 l'orientation W-14 - ZZ Group","description":"W-14 entra\u00eenement d'orientation d\u00e9signe g\u00e9n\u00e9ralement un syst\u00e8me d'entra\u00eenement rotatif \u00e0 structure ouverte , utilis\u00e9 pour r\u00e9aliser la rotation horizontale d 'un \u00e9quipement.","robots":{"index":"index","follow":"follow","max-snippet":"max-snippet:-1","max-image-preview":"max-image-preview:large","max-video-preview":"max-video-preview:-1"},"canonical":"https:\/\/slewingbearings.com\/product\/w-14-slew-drive\/","og_locale":"fr_FR","og_type":"article","og_title":"Entra\u00eenement \u00e0 l'orientation W-14 - ZZ Group","og_description":"W-14 entra\u00eenement d'orientation d\u00e9signe g\u00e9n\u00e9ralement un syst\u00e8me d'entra\u00eenement rotatif \u00e0 structure ouverte , utilis\u00e9 pour r\u00e9aliser la rotation horizontale d 'un \u00e9quipement.","og_url":"https:\/\/slewingbearings.com\/product\/w-14-slew-drive\/","og_site_name":"ZZ Group","og_image":[{"width":500,"height":500,"url":"https:\/\/slewingbearings.com\/wp-content\/uploads\/2024\/01\/w14-slew-drive.jpg","type":"image\/jpeg"}],"twitter_card":"summary_large_image","twitter_misc":{"Dur\u00e9e de lecture estim\u00e9e":"1 minute"},"schema":{"@context":"https:\/\/schema.org","@graph":[{"@type":"WebPage","@id":"https:\/\/slewingbearings.com\/product\/w-14-slew-drive\/","url":"https:\/\/slewingbearings.com\/product\/w-14-slew-drive\/","name":"Entra\u00eenement \u00e0 l'orientation W-14 - ZZ Group","isPartOf":{"@id":"https:\/\/slewingbearings.com\/#website"},"datePublished":"2024-01-28T01:28:26+00:00","dateModified":"2024-01-28T01:28:26+00:00","description":"W-14 entra\u00eenement d'orientation d\u00e9signe g\u00e9n\u00e9ralement un syst\u00e8me d'entra\u00eenement rotatif \u00e0 structure ouverte , utilis\u00e9 pour r\u00e9aliser la rotation horizontale d 'un \u00e9quipement.","breadcrumb":{"@id":"https:\/\/slewingbearings.com\/product\/w-14-slew-drive\/#breadcrumb"},"inLanguage":"fr-FR","potentialAction":[{"@type":"ReadAction","target":["https:\/\/slewingbearings.com\/product\/w-14-slew-drive\/"]}]},{"@type":"BreadcrumbList","@id":"https:\/\/slewingbearings.com\/product\/w-14-slew-drive\/#breadcrumb","itemListElement":[{"@type":"ListItem","position":1,"name":"Home","item":"https:\/\/slewingbearings.com\/fr\/palier-dorientation-entrainement-dorientation\/"},{"@type":"ListItem","position":2,"name":"Shop","item":"https:\/\/slewingbearings.com\/shop\/"},{"@type":"ListItem","position":3,"name":"Entra\u00eenement \u00e0 l&#8217;orientation W-14"}]},{"@type":"WebSite","@id":"https:\/\/slewingbearings.com\/#website","url":"https:\/\/slewingbearings.com\/","name":"ZZ Group","description":"Leading Slewing Bearings in China","potentialAction":[{"@type":"SearchAction","target":{"@type":"EntryPoint","urlTemplate":"https:\/\/slewingbearings.com\/?s={search_term_string}"},"query-input":"required name=search_term_string"}],"inLanguage":"fr-FR"}]}},"_links":{"self":[{"href":"https:\/\/slewingbearings.com\/fr\/wp-json\/wp\/v2\/product\/11811","targetHints":{"allow":["GET"]}}],"collection":[{"href":"https:\/\/slewingbearings.com\/fr\/wp-json\/wp\/v2\/product"}],"about":[{"href":"https:\/\/slewingbearings.com\/fr\/wp-json\/wp\/v2\/types\/product"}],"replies":[{"embeddable":true,"href":"https:\/\/slewingbearings.com\/fr\/wp-json\/wp\/v2\/comments?post=11811"}],"wp:featuredmedia":[{"embeddable":true,"href":"https:\/\/slewingbearings.com\/fr\/wp-json\/wp\/v2\/media\/6420"}],"wp:attachment":[{"href":"https:\/\/slewingbearings.com\/fr\/wp-json\/wp\/v2\/media?parent=11811"}],"wp:term":[{"taxonomy":"product_cat","embeddable":true,"href":"https:\/\/slewingbearings.com\/fr\/wp-json\/wp\/v2\/product_cat?post=11811"},{"taxonomy":"product_tag","embeddable":true,"href":"https:\/\/slewingbearings.com\/fr\/wp-json\/wp\/v2\/product_tag?post=11811"}],"curies":[{"name":"wp","href":"https:\/\/api.w.org\/{rel}","templated":true}]}}