{"id":11797,"date":"2024-01-28T01:41:14","date_gmt":"2024-01-28T01:41:14","guid":{"rendered":"https:\/\/slewingbearings.com\/product\/entrainement-a-lorientation-w19\/"},"modified":"2024-01-28T01:41:14","modified_gmt":"2024-01-28T01:41:14","slug":"entrainement-a-lorientation-w19","status":"publish","type":"product","link":"https:\/\/slewingbearings.com\/fr\/product\/entrainement-a-lorientation-w19\/","title":{"rendered":"Entra\u00eenement \u00e0 l&rsquo;orientation W19"},"content":{"rendered":"<p>W-19 Slew Drive,Le syst\u00e8me d&rsquo;entra\u00eenement rotatif ouvert est un syst\u00e8me m\u00e9canique \u00e0 structure ouverte, principalement utilis\u00e9 pour faire tourner des \u00e9quipements ou des outils dans le sens horizontal. Contrairement aux syst\u00e8mes ferm\u00e9s, les composants m\u00e9caniques internes des syst\u00e8mes d&rsquo;entra\u00eenement rotatifs ouverts sont visibles de l&rsquo;ext\u00e9rieur, ce qui offre des avantages uniques en termes de fonctionnement, de maintenance et d&rsquo;enseignement. <\/p>\n<p>Les variateurs de vitesse ouverts constituent une option flexible et efficace pour la conception et le fonctionnement des syst\u00e8mes d&rsquo;entra\u00eenement gr\u00e2ce \u00e0 leur conception ouverte, leur visibilit\u00e9 am\u00e9lior\u00e9e, leur facilit\u00e9 d&rsquo;entretien, leur dissipation thermique sup\u00e9rieure, leur l\u00e9g\u00e8ret\u00e9 et leur rapport co\u00fbt-efficacit\u00e9. Face \u00e0 diff\u00e9rents sc\u00e9narios d&rsquo;application et besoins d&rsquo;ing\u00e9nierie, les ing\u00e9nieurs et concepteurs peuvent choisir des variateurs de vitesse ouverts en fonction de situations sp\u00e9cifiques afin de r\u00e9pondre aux exigences de performance, de fiabilit\u00e9 et de co\u00fbt. <\/p>\n\n<table id=\"tablepress-41\" class=\"tablepress tablepress-id-41\">\n<thead>\n<tr class=\"row-1\">\n\t<th class=\"column-1\">Model<\/th><th class=\"column-2\">Output Torque<\/th><th class=\"column-3\">Tilting Moment Torque<\/th><th class=\"column-4\">Holding Torque<\/th><th class=\"column-5\">Gear Ratio<\/th><th class=\"column-6\">Tracking Precision<\/th><th class=\"column-7\">Weight<\/th><th class=\"column-8\">Drawing<\/th>\n<\/tr>\n<\/thead>\n<tbody class=\"row-striping row-hover\">\n<tr class=\"row-2\">\n\t<td class=\"column-1\">W17<\/td><td class=\"column-2\">12.96 KN.m<\/td><td class=\"column-3\">142.4 KN.m<\/td><td class=\"column-4\">58 KN.m<\/td><td class=\"column-5\">104:1<\/td><td class=\"column-6\">\u22640.1\u00b0<\/td><td class=\"column-7\">82kg<\/td><td class=\"column-8\"><a href=\"https:\/\/slewingbearings.com\/wp-content\/uploads\/2024\/01\/W17-Slew-Drive-catalog.pdf\"><br \/>\n<img decoding=\"async\" src=\"https:\/\/slewingbearings.com\/wp-content\/uploads\/2024\/01\/pdf.png\" width=\"30\" height=\"30\"><\/a><\/td>\n<\/tr>\n<tr class=\"row-3\">\n\t<td class=\"column-1\">W17<\/td><td class=\"column-2\">9564 lbf.ft<\/td><td class=\"column-3\">105\u00d710\u00b3 lbf.ft<\/td><td class=\"column-4\">42.8\u00d710\u00b3 lbf.ft<\/td><td class=\"column-5\">104:1<\/td><td class=\"column-6\">\u22640.1\u00b0<\/td><td class=\"column-7\">82kg<\/td><td class=\"column-8\"><a href=\"https:\/\/slewingbearings.com\/wp-content\/uploads\/2024\/01\/W17-Slew-Drive-catalog.pdf\"><br \/>\n<img decoding=\"async\" src=\"https:\/\/slewingbearings.com\/wp-content\/uploads\/2024\/01\/pdf.png\" width=\"30\" height=\"30\"><\/a><\/td>\n<\/tr>\n<\/tbody>\n<\/table>\n<!-- #tablepress-41 from cache -->\n","protected":false},"excerpt":{"rendered":"<p>Les variateurs de vitesse ouverts sont utilis\u00e9s dans les domaines de l&rsquo; industrie, de l&rsquo;a\u00e9rospatiale, de l &lsquo; automobile, de la construction et de la robotique gr\u00e2ce \u00e0 leur structure ouverte, leur meilleure visibilit\u00e9, leur facilit\u00e9 d&rsquo; entretien, leur excellente dissipation thermique, leur l\u00e9g\u00e8ret\u00e9 et leur rapport co\u00fbt-efficacit\u00e9. Dans la tendance future du d\u00e9veloppement, on s&rsquo;attend \u00e0 ce qu&rsquo; ils soient plus intelligents et plus respectueux de l &lsquo;environnement, et \u00e0 ce qu&rsquo;ils s&rsquo;adaptent continuellement au d\u00e9veloppement des technologies et des mat\u00e9riaux \u00e9mergents. Gr\u00e2ce \u00e0 l&rsquo; innovation et \u00e0 l&rsquo; am\u00e9lioration continues , les transmissions \u00e0 orientation ouverte continueront \u00e0 offrir davantage de possibilit\u00e9s et d&rsquo; opportunit\u00e9s dans le domaine des syst\u00e8mes de transmission m\u00e9canique.   <\/p>\n","protected":false},"featured_media":6438,"comment_status":"open","ping_status":"closed","template":"","meta":{"content-type":""},"product_cat":[565,325],"product_tag":[566],"class_list":{"0":"post-11797","1":"product","2":"type-product","3":"status-publish","4":"has-post-thumbnail","6":"product_cat-entrainement-a-lorientation-w","7":"product_cat-slew-drive-fr","8":"product_tag-entrainement-a-lorientation-w","10":"first","11":"instock","12":"shipping-taxable","13":"product-type-simple"},"yoast_head":"<!-- This site is optimized with the Yoast SEO plugin v21.7 - https:\/\/yoast.com\/wordpress\/plugins\/seo\/ -->\n<title>Entra\u00eenement \u00e0 l&#039;orientation W19 - ZZ Group<\/title>\n<meta name=\"description\" content=\"W-19 slewy drive open slewy drive d\u00e9signe g\u00e9n\u00e9ralement un syst\u00e8me d&#039;entra\u00eenement rotatif \u00e0 structure ouverte , utilis\u00e9 pour r\u00e9aliser la rotation horizontale d &#039;un \u00e9quipement.\" \/>\n<meta name=\"robots\" content=\"index, follow, max-snippet:-1, max-image-preview:large, max-video-preview:-1\" \/>\n<link rel=\"canonical\" href=\"https:\/\/slewingbearings.com\/product\/w-19-slew-drive\/\" \/>\n<meta property=\"og:locale\" content=\"fr_FR\" \/>\n<meta property=\"og:type\" content=\"article\" \/>\n<meta property=\"og:title\" content=\"Entra\u00eenement \u00e0 l&#039;orientation W19 - ZZ Group\" \/>\n<meta property=\"og:description\" content=\"W-19 slewy drive open slewy drive d\u00e9signe g\u00e9n\u00e9ralement un syst\u00e8me d&#039;entra\u00eenement rotatif \u00e0 structure ouverte , utilis\u00e9 pour r\u00e9aliser la rotation horizontale d &#039;un \u00e9quipement.\" \/>\n<meta property=\"og:url\" content=\"https:\/\/slewingbearings.com\/product\/w-19-slew-drive\/\" \/>\n<meta property=\"og:site_name\" content=\"ZZ Group\" \/>\n<meta property=\"og:image\" content=\"https:\/\/slewingbearings.com\/wp-content\/uploads\/2024\/01\/w19-slew-drive.jpg\" \/>\n\t<meta property=\"og:image:width\" content=\"500\" \/>\n\t<meta property=\"og:image:height\" content=\"500\" \/>\n\t<meta property=\"og:image:type\" content=\"image\/jpeg\" \/>\n<meta name=\"twitter:card\" content=\"summary_large_image\" \/>\n<meta name=\"twitter:label1\" content=\"Dur\u00e9e de lecture estim\u00e9e\" \/>\n\t<meta name=\"twitter:data1\" content=\"1 minute\" \/>\n<script type=\"application\/ld+json\" class=\"yoast-schema-graph\">{\"@context\":\"https:\/\/schema.org\",\"@graph\":[{\"@type\":\"WebPage\",\"@id\":\"https:\/\/slewingbearings.com\/product\/w-19-slew-drive\/\",\"url\":\"https:\/\/slewingbearings.com\/product\/w-19-slew-drive\/\",\"name\":\"Entra\u00eenement \u00e0 l'orientation W19 - ZZ Group\",\"isPartOf\":{\"@id\":\"https:\/\/slewingbearings.com\/#website\"},\"datePublished\":\"2024-01-28T01:41:14+00:00\",\"dateModified\":\"2024-01-28T01:41:14+00:00\",\"description\":\"W-19 slewy drive open slewy drive d\u00e9signe g\u00e9n\u00e9ralement un syst\u00e8me d'entra\u00eenement rotatif \u00e0 structure ouverte , utilis\u00e9 pour r\u00e9aliser la rotation horizontale d 'un \u00e9quipement.\",\"breadcrumb\":{\"@id\":\"https:\/\/slewingbearings.com\/product\/w-19-slew-drive\/#breadcrumb\"},\"inLanguage\":\"fr-FR\",\"potentialAction\":[{\"@type\":\"ReadAction\",\"target\":[\"https:\/\/slewingbearings.com\/product\/w-19-slew-drive\/\"]}]},{\"@type\":\"BreadcrumbList\",\"@id\":\"https:\/\/slewingbearings.com\/product\/w-19-slew-drive\/#breadcrumb\",\"itemListElement\":[{\"@type\":\"ListItem\",\"position\":1,\"name\":\"Home\",\"item\":\"https:\/\/slewingbearings.com\/fr\/palier-dorientation-entrainement-dorientation\/\"},{\"@type\":\"ListItem\",\"position\":2,\"name\":\"Shop\",\"item\":\"https:\/\/slewingbearings.com\/shop\/\"},{\"@type\":\"ListItem\",\"position\":3,\"name\":\"Entra\u00eenement \u00e0 l&#8217;orientation W19\"}]},{\"@type\":\"WebSite\",\"@id\":\"https:\/\/slewingbearings.com\/#website\",\"url\":\"https:\/\/slewingbearings.com\/\",\"name\":\"ZZ Group\",\"description\":\"Leading Slewing Bearings in China\",\"potentialAction\":[{\"@type\":\"SearchAction\",\"target\":{\"@type\":\"EntryPoint\",\"urlTemplate\":\"https:\/\/slewingbearings.com\/?s={search_term_string}\"},\"query-input\":\"required name=search_term_string\"}],\"inLanguage\":\"fr-FR\"}]}<\/script>\n<!-- \/ Yoast SEO plugin. -->","yoast_head_json":{"title":"Entra\u00eenement \u00e0 l'orientation W19 - ZZ Group","description":"W-19 slewy drive open slewy drive d\u00e9signe g\u00e9n\u00e9ralement un syst\u00e8me d'entra\u00eenement rotatif \u00e0 structure ouverte , utilis\u00e9 pour r\u00e9aliser la rotation horizontale d 'un \u00e9quipement.","robots":{"index":"index","follow":"follow","max-snippet":"max-snippet:-1","max-image-preview":"max-image-preview:large","max-video-preview":"max-video-preview:-1"},"canonical":"https:\/\/slewingbearings.com\/product\/w-19-slew-drive\/","og_locale":"fr_FR","og_type":"article","og_title":"Entra\u00eenement \u00e0 l'orientation W19 - ZZ Group","og_description":"W-19 slewy drive open slewy drive d\u00e9signe g\u00e9n\u00e9ralement un syst\u00e8me d'entra\u00eenement rotatif \u00e0 structure ouverte , utilis\u00e9 pour r\u00e9aliser la rotation horizontale d 'un \u00e9quipement.","og_url":"https:\/\/slewingbearings.com\/product\/w-19-slew-drive\/","og_site_name":"ZZ Group","og_image":[{"width":500,"height":500,"url":"https:\/\/slewingbearings.com\/wp-content\/uploads\/2024\/01\/w19-slew-drive.jpg","type":"image\/jpeg"}],"twitter_card":"summary_large_image","twitter_misc":{"Dur\u00e9e de lecture estim\u00e9e":"1 minute"},"schema":{"@context":"https:\/\/schema.org","@graph":[{"@type":"WebPage","@id":"https:\/\/slewingbearings.com\/product\/w-19-slew-drive\/","url":"https:\/\/slewingbearings.com\/product\/w-19-slew-drive\/","name":"Entra\u00eenement \u00e0 l'orientation W19 - ZZ Group","isPartOf":{"@id":"https:\/\/slewingbearings.com\/#website"},"datePublished":"2024-01-28T01:41:14+00:00","dateModified":"2024-01-28T01:41:14+00:00","description":"W-19 slewy drive open slewy drive d\u00e9signe g\u00e9n\u00e9ralement un syst\u00e8me d'entra\u00eenement rotatif \u00e0 structure ouverte , utilis\u00e9 pour r\u00e9aliser la rotation horizontale d 'un \u00e9quipement.","breadcrumb":{"@id":"https:\/\/slewingbearings.com\/product\/w-19-slew-drive\/#breadcrumb"},"inLanguage":"fr-FR","potentialAction":[{"@type":"ReadAction","target":["https:\/\/slewingbearings.com\/product\/w-19-slew-drive\/"]}]},{"@type":"BreadcrumbList","@id":"https:\/\/slewingbearings.com\/product\/w-19-slew-drive\/#breadcrumb","itemListElement":[{"@type":"ListItem","position":1,"name":"Home","item":"https:\/\/slewingbearings.com\/fr\/palier-dorientation-entrainement-dorientation\/"},{"@type":"ListItem","position":2,"name":"Shop","item":"https:\/\/slewingbearings.com\/shop\/"},{"@type":"ListItem","position":3,"name":"Entra\u00eenement \u00e0 l&#8217;orientation W19"}]},{"@type":"WebSite","@id":"https:\/\/slewingbearings.com\/#website","url":"https:\/\/slewingbearings.com\/","name":"ZZ Group","description":"Leading Slewing Bearings in China","potentialAction":[{"@type":"SearchAction","target":{"@type":"EntryPoint","urlTemplate":"https:\/\/slewingbearings.com\/?s={search_term_string}"},"query-input":"required name=search_term_string"}],"inLanguage":"fr-FR"}]}},"_links":{"self":[{"href":"https:\/\/slewingbearings.com\/fr\/wp-json\/wp\/v2\/product\/11797","targetHints":{"allow":["GET"]}}],"collection":[{"href":"https:\/\/slewingbearings.com\/fr\/wp-json\/wp\/v2\/product"}],"about":[{"href":"https:\/\/slewingbearings.com\/fr\/wp-json\/wp\/v2\/types\/product"}],"replies":[{"embeddable":true,"href":"https:\/\/slewingbearings.com\/fr\/wp-json\/wp\/v2\/comments?post=11797"}],"wp:featuredmedia":[{"embeddable":true,"href":"https:\/\/slewingbearings.com\/fr\/wp-json\/wp\/v2\/media\/6438"}],"wp:attachment":[{"href":"https:\/\/slewingbearings.com\/fr\/wp-json\/wp\/v2\/media?parent=11797"}],"wp:term":[{"taxonomy":"product_cat","embeddable":true,"href":"https:\/\/slewingbearings.com\/fr\/wp-json\/wp\/v2\/product_cat?post=11797"},{"taxonomy":"product_tag","embeddable":true,"href":"https:\/\/slewingbearings.com\/fr\/wp-json\/wp\/v2\/product_tag?post=11797"}],"curies":[{"name":"wp","href":"https:\/\/api.w.org\/{rel}","templated":true}]}}