{"id":11749,"date":"2024-01-15T06:51:37","date_gmt":"2024-01-15T06:51:37","guid":{"rendered":"https:\/\/slewingbearings.com\/product\/sde-17-entrainement-dorientation\/"},"modified":"2024-01-15T06:51:37","modified_gmt":"2024-01-15T06:51:37","slug":"sde-17-entrainement-dorientation","status":"publish","type":"product","link":"https:\/\/slewingbearings.com\/fr\/product\/sde-17-entrainement-dorientation\/","title":{"rendered":"SDE-17 Entra\u00eenement d&rsquo;orientation"},"content":{"rendered":"<p>Les caract\u00e9ristiques structurelles des commandes d&rsquo;orientation SDE peuvent varier en fonction du domaine d&rsquo;application et des exigences sp\u00e9cifiques, mais en g\u00e9n\u00e9ral, ces dispositifs peuvent inclure les caract\u00e9ristiques structurelles suivantes :<\/p>\n<ul>\n<li>Syst\u00e8mes de paliers : Les arbres verticaux n\u00e9cessitent souvent un syst\u00e8me de roulements pour r\u00e9duire les frottements, fournir un support et assurer une rotation r\u00e9guli\u00e8re.<\/li>\n<li>Syst\u00e8me de contr\u00f4le : utilis\u00e9 pour surveiller, contr\u00f4ler et ajuster le mouvement de rotation. Il peut s&rsquo;agir de capteurs, d&rsquo;encodeurs et de syst\u00e8mes de contr\u00f4le en retour pour assurer la pr\u00e9cision et la stabilit\u00e9 de la rotation. <\/li>\n<li>Support structurel : Composants structurels situ\u00e9s \u00e0 l&rsquo;ext\u00e9rieur de l&rsquo;\u00e9quipement qui soutiennent et s\u00e9curisent l&rsquo;ensemble du syst\u00e8me. Il peut s&rsquo;agir d&rsquo;\u00e9l\u00e9ments structurels tels que des supports et des bases. <\/li>\n<li>Dispositifs de s\u00e9curit\u00e9 : En fonction de l&rsquo;application sp\u00e9cifique, les questions de s\u00e9curit\u00e9 \u00e0 prendre en compte peuvent inclure les arr\u00eats d&rsquo;urgence, les interrupteurs de fin de course, etc.<\/li>\n<\/ul>\n\n<table id=\"tablepress-22\" class=\"tablepress tablepress-id-22\">\n<thead>\n<tr class=\"row-1\">\n\t<td class=\"column-1\"><\/td><th class=\"column-2\">Model<\/th><th class=\"column-3\">Output Torque<\/th><th class=\"column-4\">Tilting Moment Torque<\/th><th class=\"column-5\">Holding Torque<\/th><th class=\"column-6\">Gear Ratio<\/th><th class=\"column-7\">Tracking Precision<\/th><th class=\"column-8\">Weight<\/th><th class=\"column-9\">Drawing<\/th>\n<\/tr>\n<\/thead>\n<tbody class=\"row-striping row-hover\">\n<tr class=\"row-2\">\n\t<td class=\"column-1\">SDE17<\/td><td class=\"column-2\">Azimuth<\/td><td class=\"column-3\">20 KN.m<\/td><td class=\"column-4\">135.6 KN.m<\/td><td class=\"column-5\">72.3 KN.m<\/td><td class=\"column-6\">102:1<\/td><td class=\"column-7\">\u22640.2\u00b0<\/td><td class=\"column-8\">390kg<\/td><td class=\"column-9\"><a href=\"https:\/\/slewingbearings.com\/wp-content\/uploads\/2024\/01\/SDE17-Slew-Drive-catalog.pdf\"><br \/>\n<img decoding=\"async\" src=\"https:\/\/slewingbearings.com\/wp-content\/uploads\/2024\/01\/pdf.png\" width=\"30\" height=\"30\"><\/a><\/td>\n<\/tr>\n<tr class=\"row-3\">\n\t<td class=\"column-1\">SDE17<\/td><td class=\"column-2\">Azimuth<\/td><td class=\"column-3\">14760 lbf.ft<\/td><td class=\"column-4\">100\u00d710\u00b3 lbf.ft<\/td><td class=\"column-5\">53\u00d710\u00b3 lbf.ft<\/td><td class=\"column-6\">102:1<\/td><td class=\"column-7\">\u22640.2\u00b0<\/td><td class=\"column-8\">390kg<\/td><td class=\"column-9\"><a href=\"https:\/\/slewingbearings.com\/wp-content\/uploads\/2024\/01\/SDE17-Slew-Drive-catalog.pdf\"><br \/>\n<img decoding=\"async\" src=\"https:\/\/slewingbearings.com\/wp-content\/uploads\/2024\/01\/pdf.png\" width=\"30\" height=\"30\"><\/a><\/td>\n<\/tr>\n<tr class=\"row-4\">\n\t<td class=\"column-1\">SDE17<\/td><td class=\"column-2\">Elevation<\/td><td class=\"column-3\">20 KN.m<\/td><td class=\"column-4\">70 KN.m<\/td><td class=\"column-5\">68 KN.m<\/td><td class=\"column-6\">102:1<\/td><td class=\"column-7\">\u22640.2\u00b0<\/td><td class=\"column-8\">390kg<\/td><td class=\"column-9\"><a href=\"https:\/\/slewingbearings.com\/wp-content\/uploads\/2024\/01\/SDE17-Slew-Drive-catalog.pdf\"><br \/>\n<img decoding=\"async\" src=\"https:\/\/slewingbearings.com\/wp-content\/uploads\/2024\/01\/pdf.png\" width=\"30\" height=\"30\"><\/a><\/td>\n<\/tr>\n<tr class=\"row-5\">\n\t<td class=\"column-1\">SDE17<\/td><td class=\"column-2\">Elevation<\/td><td class=\"column-3\">14760 lbf.ft<\/td><td class=\"column-4\">52\u00d710\u00b3 lbf.ft<\/td><td class=\"column-5\">50\u00d710\u00b3 lbf.ft<\/td><td class=\"column-6\">102:1<\/td><td class=\"column-7\">\u22640.2\u00b0<\/td><td class=\"column-8\">390kg<\/td><td class=\"column-9\"><a href=\"https:\/\/slewingbearings.com\/wp-content\/uploads\/2024\/01\/SDE17-Slew-Drive-catalog.pdf\"><br \/>\n<img decoding=\"async\" src=\"https:\/\/slewingbearings.com\/wp-content\/uploads\/2024\/01\/pdf.png\" width=\"30\" height=\"30\"><\/a><\/td>\n<\/tr>\n<\/tbody>\n<\/table>\n<!-- #tablepress-22 from cache -->\n","protected":false},"excerpt":{"rendered":"<p>Le dispositif d&rsquo;orientation de la s\u00e9rie SDE se trouve en haut ou en bas de l&rsquo;axe vertical et est \u00e9quip\u00e9 d&rsquo;un syst\u00e8me d&rsquo;entra\u00eenement \u00e9lectrique. Il s&rsquo;agit g\u00e9n\u00e9ralement d&rsquo;un moteur \u00e9lectrique \u00e0 haut rendement, con\u00e7u pour fournir une puissance suffisante pour propulser la rotation d&rsquo;un arbre vertical. La s\u00e9lection et la conception des moteurs \u00e9lectriques d\u00e9pendent des besoins de l&rsquo;application sp\u00e9cifique et peuvent faire intervenir des facteurs tels que la puissance, la vitesse et le rendement.  <\/p>\n","protected":false},"featured_media":6087,"comment_status":"open","ping_status":"closed","template":"","meta":{"content-type":""},"product_cat":[530,325],"product_tag":[539],"class_list":{"0":"post-11749","1":"product","2":"type-product","3":"status-publish","4":"has-post-thumbnail","6":"product_cat-entrainement-alorientation-sde","7":"product_cat-slew-drive-fr","8":"product_tag-entrainement-dorientation-sde17","10":"first","11":"instock","12":"shipping-taxable","13":"product-type-simple"},"yoast_head":"<!-- This site is optimized with the Yoast SEO plugin v21.7 - https:\/\/yoast.com\/wordpress\/plugins\/seo\/ -->\n<title>SDE-17 Entra\u00eenement d&#039;orientation - ZZ Group<\/title>\n<meta name=\"description\" content=\"La structure du dispositif de commande d&#039;orientation de la s\u00e9rie SDE doit \u00e9galement tenir compte de la s\u00e9curit\u00e9 et de la stabilit\u00e9 afin de garantir la stabilit\u00e9 de l&#039;ensemble du syst\u00e8me.\" \/>\n<meta name=\"robots\" content=\"index, follow, max-snippet:-1, max-image-preview:large, max-video-preview:-1\" \/>\n<link rel=\"canonical\" href=\"https:\/\/slewingbearings.com\/product\/sde-17-slew-drive\/\" \/>\n<meta property=\"og:locale\" content=\"fr_FR\" \/>\n<meta property=\"og:type\" content=\"article\" \/>\n<meta property=\"og:title\" content=\"SDE-17 Entra\u00eenement d&#039;orientation - ZZ Group\" \/>\n<meta property=\"og:description\" content=\"La structure du dispositif de commande d&#039;orientation de la s\u00e9rie SDE doit \u00e9galement tenir compte de la s\u00e9curit\u00e9 et de la stabilit\u00e9 afin de garantir la stabilit\u00e9 de l&#039;ensemble du syst\u00e8me.\" \/>\n<meta property=\"og:url\" content=\"https:\/\/slewingbearings.com\/product\/sde-17-slew-drive\/\" \/>\n<meta property=\"og:site_name\" content=\"ZZ Group\" \/>\n<meta property=\"og:image\" content=\"https:\/\/slewingbearings.com\/wp-content\/uploads\/2024\/01\/sde17-slew-drive-1.jpg\" \/>\n\t<meta property=\"og:image:width\" content=\"500\" \/>\n\t<meta property=\"og:image:height\" content=\"500\" \/>\n\t<meta property=\"og:image:type\" content=\"image\/jpeg\" \/>\n<meta name=\"twitter:card\" content=\"summary_large_image\" \/>\n<meta name=\"twitter:label1\" content=\"Dur\u00e9e de lecture estim\u00e9e\" \/>\n\t<meta name=\"twitter:data1\" content=\"1 minute\" \/>\n<script type=\"application\/ld+json\" class=\"yoast-schema-graph\">{\"@context\":\"https:\/\/schema.org\",\"@graph\":[{\"@type\":\"WebPage\",\"@id\":\"https:\/\/slewingbearings.com\/product\/sde-17-slew-drive\/\",\"url\":\"https:\/\/slewingbearings.com\/product\/sde-17-slew-drive\/\",\"name\":\"SDE-17 Entra\u00eenement d'orientation - ZZ Group\",\"isPartOf\":{\"@id\":\"https:\/\/slewingbearings.com\/#website\"},\"datePublished\":\"2024-01-15T06:51:37+00:00\",\"dateModified\":\"2024-01-15T06:51:37+00:00\",\"description\":\"La structure du dispositif de commande d'orientation de la s\u00e9rie SDE doit \u00e9galement tenir compte de la s\u00e9curit\u00e9 et de la stabilit\u00e9 afin de garantir la stabilit\u00e9 de l'ensemble du syst\u00e8me.\",\"breadcrumb\":{\"@id\":\"https:\/\/slewingbearings.com\/product\/sde-17-slew-drive\/#breadcrumb\"},\"inLanguage\":\"fr-FR\",\"potentialAction\":[{\"@type\":\"ReadAction\",\"target\":[\"https:\/\/slewingbearings.com\/product\/sde-17-slew-drive\/\"]}]},{\"@type\":\"BreadcrumbList\",\"@id\":\"https:\/\/slewingbearings.com\/product\/sde-17-slew-drive\/#breadcrumb\",\"itemListElement\":[{\"@type\":\"ListItem\",\"position\":1,\"name\":\"Home\",\"item\":\"https:\/\/slewingbearings.com\/fr\/palier-dorientation-entrainement-dorientation\/\"},{\"@type\":\"ListItem\",\"position\":2,\"name\":\"Shop\",\"item\":\"https:\/\/slewingbearings.com\/shop\/\"},{\"@type\":\"ListItem\",\"position\":3,\"name\":\"SDE-17 Entra\u00eenement d&#8217;orientation\"}]},{\"@type\":\"WebSite\",\"@id\":\"https:\/\/slewingbearings.com\/#website\",\"url\":\"https:\/\/slewingbearings.com\/\",\"name\":\"ZZ Group\",\"description\":\"Leading Slewing Bearings in China\",\"potentialAction\":[{\"@type\":\"SearchAction\",\"target\":{\"@type\":\"EntryPoint\",\"urlTemplate\":\"https:\/\/slewingbearings.com\/?s={search_term_string}\"},\"query-input\":\"required name=search_term_string\"}],\"inLanguage\":\"fr-FR\"}]}<\/script>\n<!-- \/ Yoast SEO plugin. -->","yoast_head_json":{"title":"SDE-17 Entra\u00eenement d'orientation - ZZ Group","description":"La structure du dispositif de commande d'orientation de la s\u00e9rie SDE doit \u00e9galement tenir compte de la s\u00e9curit\u00e9 et de la stabilit\u00e9 afin de garantir la stabilit\u00e9 de l'ensemble du syst\u00e8me.","robots":{"index":"index","follow":"follow","max-snippet":"max-snippet:-1","max-image-preview":"max-image-preview:large","max-video-preview":"max-video-preview:-1"},"canonical":"https:\/\/slewingbearings.com\/product\/sde-17-slew-drive\/","og_locale":"fr_FR","og_type":"article","og_title":"SDE-17 Entra\u00eenement d'orientation - ZZ Group","og_description":"La structure du dispositif de commande d'orientation de la s\u00e9rie SDE doit \u00e9galement tenir compte de la s\u00e9curit\u00e9 et de la stabilit\u00e9 afin de garantir la stabilit\u00e9 de l'ensemble du syst\u00e8me.","og_url":"https:\/\/slewingbearings.com\/product\/sde-17-slew-drive\/","og_site_name":"ZZ Group","og_image":[{"width":500,"height":500,"url":"https:\/\/slewingbearings.com\/wp-content\/uploads\/2024\/01\/sde17-slew-drive-1.jpg","type":"image\/jpeg"}],"twitter_card":"summary_large_image","twitter_misc":{"Dur\u00e9e de lecture estim\u00e9e":"1 minute"},"schema":{"@context":"https:\/\/schema.org","@graph":[{"@type":"WebPage","@id":"https:\/\/slewingbearings.com\/product\/sde-17-slew-drive\/","url":"https:\/\/slewingbearings.com\/product\/sde-17-slew-drive\/","name":"SDE-17 Entra\u00eenement d'orientation - ZZ Group","isPartOf":{"@id":"https:\/\/slewingbearings.com\/#website"},"datePublished":"2024-01-15T06:51:37+00:00","dateModified":"2024-01-15T06:51:37+00:00","description":"La structure du dispositif de commande d'orientation de la s\u00e9rie SDE doit \u00e9galement tenir compte de la s\u00e9curit\u00e9 et de la stabilit\u00e9 afin de garantir la stabilit\u00e9 de l'ensemble du syst\u00e8me.","breadcrumb":{"@id":"https:\/\/slewingbearings.com\/product\/sde-17-slew-drive\/#breadcrumb"},"inLanguage":"fr-FR","potentialAction":[{"@type":"ReadAction","target":["https:\/\/slewingbearings.com\/product\/sde-17-slew-drive\/"]}]},{"@type":"BreadcrumbList","@id":"https:\/\/slewingbearings.com\/product\/sde-17-slew-drive\/#breadcrumb","itemListElement":[{"@type":"ListItem","position":1,"name":"Home","item":"https:\/\/slewingbearings.com\/fr\/palier-dorientation-entrainement-dorientation\/"},{"@type":"ListItem","position":2,"name":"Shop","item":"https:\/\/slewingbearings.com\/shop\/"},{"@type":"ListItem","position":3,"name":"SDE-17 Entra\u00eenement d&#8217;orientation"}]},{"@type":"WebSite","@id":"https:\/\/slewingbearings.com\/#website","url":"https:\/\/slewingbearings.com\/","name":"ZZ Group","description":"Leading Slewing Bearings in China","potentialAction":[{"@type":"SearchAction","target":{"@type":"EntryPoint","urlTemplate":"https:\/\/slewingbearings.com\/?s={search_term_string}"},"query-input":"required name=search_term_string"}],"inLanguage":"fr-FR"}]}},"_links":{"self":[{"href":"https:\/\/slewingbearings.com\/fr\/wp-json\/wp\/v2\/product\/11749","targetHints":{"allow":["GET"]}}],"collection":[{"href":"https:\/\/slewingbearings.com\/fr\/wp-json\/wp\/v2\/product"}],"about":[{"href":"https:\/\/slewingbearings.com\/fr\/wp-json\/wp\/v2\/types\/product"}],"replies":[{"embeddable":true,"href":"https:\/\/slewingbearings.com\/fr\/wp-json\/wp\/v2\/comments?post=11749"}],"wp:featuredmedia":[{"embeddable":true,"href":"https:\/\/slewingbearings.com\/fr\/wp-json\/wp\/v2\/media\/6087"}],"wp:attachment":[{"href":"https:\/\/slewingbearings.com\/fr\/wp-json\/wp\/v2\/media?parent=11749"}],"wp:term":[{"taxonomy":"product_cat","embeddable":true,"href":"https:\/\/slewingbearings.com\/fr\/wp-json\/wp\/v2\/product_cat?post=11749"},{"taxonomy":"product_tag","embeddable":true,"href":"https:\/\/slewingbearings.com\/fr\/wp-json\/wp\/v2\/product_tag?post=11749"}],"curies":[{"name":"wp","href":"https:\/\/api.w.org\/{rel}","templated":true}]}}