{"id":11742,"date":"2024-01-15T03:58:57","date_gmt":"2024-01-15T03:58:57","guid":{"rendered":"https:\/\/slewingbearings.com\/product\/sde-7-entrainement-de-couture\/"},"modified":"2024-01-15T03:58:57","modified_gmt":"2024-01-15T03:58:57","slug":"sde-7-entrainement-de-couture","status":"publish","type":"product","link":"https:\/\/slewingbearings.com\/fr\/product\/sde-7-entrainement-de-couture\/","title":{"rendered":"SDE-7 entra\u00eenement de couture"},"content":{"rendered":"<p>Les caract\u00e9ristiques structurelles des commandes d&rsquo;orientation SDE peuvent varier en fonction du domaine d&rsquo;application et des exigences sp\u00e9cifiques, mais en g\u00e9n\u00e9ral, ces dispositifs peuvent inclure les caract\u00e9ristiques structurelles suivantes :<\/p>\n<ul>\n<li>Conception de l&rsquo;axe vertical : Les \u00e9quipements sont souvent con\u00e7us pour inclure un axe vertical afin de permettre une rotation dans le sens vertical. La conception d&rsquo;arbres verticaux n\u00e9cessite des consid\u00e9rations de force et de support, souvent \u00e0 l&rsquo;aide de syst\u00e8mes de roulements sp\u00e9cialement con\u00e7us. <\/li>\n<li>Syst\u00e8me d&rsquo;entra\u00eenement \u00e9lectrique : Il comprend g\u00e9n\u00e9ralement un moteur \u00e9lectrique qui fournit l&rsquo;\u00e9nergie n\u00e9cessaire \u00e0 la rotation. Il peut s&rsquo;agir d&rsquo;un moteur \u00e9lectrique connect\u00e9 directement \u00e0 l&rsquo;arbre vertical, ou d&rsquo;une puissance transf\u00e9r\u00e9e \u00e0 l&rsquo;arbre vertical par l&rsquo;interm\u00e9diaire d&rsquo;une cha\u00eene cin\u00e9matique. <\/li>\n<li>Syst\u00e8me de transmission : utilis\u00e9 pour transf\u00e9rer la rotation du moteur \u00e9lectrique \u00e0 l&rsquo;axe vertical. Le syst\u00e8me de transmission peut comprendre des engrenages, des courroies, des cha\u00eenes, etc., qui sont choisis en fonction des besoins sp\u00e9cifiques. <\/li>\n<\/ul>\n\n<table id=\"tablepress-21\" class=\"tablepress tablepress-id-21\">\n<thead>\n<tr class=\"row-1\">\n\t<td class=\"column-1\"><\/td><th class=\"column-2\">Model<\/th><th class=\"column-3\">Output Torque<\/th><th class=\"column-4\">Tilting Moment Torque<\/th><th class=\"column-5\">Holding Torque<\/th><th class=\"column-6\">Gear Ratio<\/th><th class=\"column-7\">Tracking Precision<\/th><th class=\"column-8\">Weight<\/th><th class=\"column-9\">Drawing<\/th>\n<\/tr>\n<\/thead>\n<tbody class=\"row-striping row-hover\">\n<tr class=\"row-2\">\n\t<td class=\"column-1\">SDE7<\/td><td class=\"column-2\">Azimuth<\/td><td class=\"column-3\">1500 N.m<\/td><td class=\"column-4\">13500 N.m<\/td><td class=\"column-5\">10400 N.m<\/td><td class=\"column-6\">73:1<\/td><td class=\"column-7\">\u22640.2\u00b0<\/td><td class=\"column-8\">58kg<\/td><td class=\"column-9\"><a href=\"https:\/\/slewingbearings.com\/wp-content\/uploads\/2024\/01\/SDE7-Slew-Drive-catalog.pdf\"><br \/>\n<img decoding=\"async\" src=\"https:\/\/slewingbearings.com\/wp-content\/uploads\/2024\/01\/pdf.png\" width=\"30\" height=\"30\"><\/a><\/td>\n<\/tr>\n<tr class=\"row-3\">\n\t<td class=\"column-1\">SDE7<\/td><td class=\"column-2\">Azimuth<\/td><td class=\"column-3\">1107 lbf.ft<\/td><td class=\"column-4\">9957 lbf.ft<\/td><td class=\"column-5\">7671 lbf.ft<\/td><td class=\"column-6\">73:1<\/td><td class=\"column-7\">\u22640.2\u00b0<\/td><td class=\"column-8\">58kg<\/td><td class=\"column-9\"><a href=\"https:\/\/slewingbearings.com\/wp-content\/uploads\/2024\/01\/SDE7-Slew-Drive-catalog.pdf\"><br \/>\n<img decoding=\"async\" src=\"https:\/\/slewingbearings.com\/wp-content\/uploads\/2024\/01\/pdf.png\" width=\"30\" height=\"30\"><\/a><\/td>\n<\/tr>\n<tr class=\"row-4\">\n\t<td class=\"column-1\">SDE7<\/td><td class=\"column-2\">Elevation<\/td><td class=\"column-3\">2000 N.m<\/td><td class=\"column-4\">10 KN.m<\/td><td class=\"column-5\">9000 N.m<\/td><td class=\"column-6\">28:1<\/td><td class=\"column-7\">\u22640.2\u00b0<\/td><td class=\"column-8\">58kg<\/td><td class=\"column-9\"><a href=\"https:\/\/slewingbearings.com\/wp-content\/uploads\/2024\/01\/SDE7-Slew-Drive-catalog.pdf\"><br \/>\n<img decoding=\"async\" src=\"https:\/\/slewingbearings.com\/wp-content\/uploads\/2024\/01\/pdf.png\" width=\"30\" height=\"30\"><\/a><\/td>\n<\/tr>\n<tr class=\"row-5\">\n\t<td class=\"column-1\">SDE7<\/td><td class=\"column-2\">Elevation<\/td><td class=\"column-3\">1476 lbf.ft<\/td><td class=\"column-4\">7380 lbf.ft<\/td><td class=\"column-5\">6642 lbf.ft<\/td><td class=\"column-6\">28:1<\/td><td class=\"column-7\">\u22640.2\u00b0<\/td><td class=\"column-8\">58kg<\/td><td class=\"column-9\"><a href=\"https:\/\/slewingbearings.com\/wp-content\/uploads\/2024\/01\/SDE7-Slew-Drive-catalog.pdf\"><br \/>\n<img decoding=\"async\" src=\"https:\/\/slewingbearings.com\/wp-content\/uploads\/2024\/01\/pdf.png\" width=\"30\" height=\"30\"><\/a><\/td>\n<\/tr>\n<\/tbody>\n<\/table>\n<!-- #tablepress-21 from cache -->\n","protected":false},"excerpt":{"rendered":"<p>Le dispositif d&rsquo; entra\u00eenement \u00e0 rotation SDE7 est un dispositif m\u00e9canique ou \u00e9lectrique sp\u00e9cialement con\u00e7u dont la fonction principale est de faire tourner un objet dans le sens vertical. Ses caract\u00e9ristiques structurelles couvrent plusieurs composants cl\u00e9s pour assurer la pr\u00e9cision, la stabilit\u00e9 et la contr\u00f4labilit\u00e9 de la rotation. <\/p>\n<p>La conception de l&rsquo;axe vertical est au c\u0153ur du dispositif. L&rsquo;axe vertical est le corps principal de l&rsquo;appareil et est responsable de la r\u00e9sistance aux forces et aux pressions caus\u00e9es par le mouvement de rotation. Pour assurer la stabilit\u00e9 et la fluidit\u00e9 de la rotation, l&rsquo;axe vertical est \u00e9quip\u00e9 d&rsquo;un syst\u00e8me de roulements sp\u00e9cialement con\u00e7u pour r\u00e9duire les frottements et assurer un soutien.  <\/p>\n","protected":false},"featured_media":6069,"comment_status":"open","ping_status":"closed","template":"","meta":{"content-type":""},"product_cat":[530,325],"product_tag":[531],"class_list":{"0":"post-11742","1":"product","2":"type-product","3":"status-publish","4":"has-post-thumbnail","6":"product_cat-entrainement-alorientation-sde","7":"product_cat-slew-drive-fr","8":"product_tag-entrainement-par-rotation-sde","10":"first","11":"instock","12":"shipping-taxable","13":"product-type-simple"},"yoast_head":"<!-- This site is optimized with the Yoast SEO plugin v21.7 - https:\/\/yoast.com\/wordpress\/plugins\/seo\/ -->\n<title>SDE-7 entra\u00eenement de couture - ZZ Group<\/title>\n<meta name=\"description\" content=\"La commande d&#039;orientation de la s\u00e9rie SDE est une solution de commande d&#039;orientation verticale \u00e0 engrenage ferm\u00e9 pour les applications ext\u00e9rieures \u00e0 faible vitesse&lt;1 RPM).\" \/>\n<meta name=\"robots\" content=\"index, follow, max-snippet:-1, max-image-preview:large, max-video-preview:-1\" \/>\n<link rel=\"canonical\" href=\"https:\/\/slewingbearings.com\/product\/sde-7-slew-drive\/\" \/>\n<meta property=\"og:locale\" content=\"fr_FR\" \/>\n<meta property=\"og:type\" content=\"article\" \/>\n<meta property=\"og:title\" content=\"SDE-7 entra\u00eenement de couture - ZZ Group\" \/>\n<meta property=\"og:description\" content=\"La commande d&#039;orientation de la s\u00e9rie SDE est une solution de commande d&#039;orientation verticale \u00e0 engrenage ferm\u00e9 pour les applications ext\u00e9rieures \u00e0 faible vitesse&lt;1 RPM).\" \/>\n<meta property=\"og:url\" content=\"https:\/\/slewingbearings.com\/product\/sde-7-slew-drive\/\" \/>\n<meta property=\"og:site_name\" content=\"ZZ Group\" \/>\n<meta property=\"og:image\" content=\"https:\/\/slewingbearings.com\/wp-content\/uploads\/2024\/01\/sde7-slew-drive-1.jpg\" \/>\n\t<meta property=\"og:image:width\" content=\"500\" \/>\n\t<meta property=\"og:image:height\" content=\"500\" \/>\n\t<meta property=\"og:image:type\" content=\"image\/jpeg\" \/>\n<meta name=\"twitter:card\" content=\"summary_large_image\" \/>\n<meta name=\"twitter:label1\" content=\"Dur\u00e9e de lecture estim\u00e9e\" \/>\n\t<meta name=\"twitter:data1\" content=\"1 minute\" \/>\n<script type=\"application\/ld+json\" class=\"yoast-schema-graph\">{\"@context\":\"https:\/\/schema.org\",\"@graph\":[{\"@type\":\"WebPage\",\"@id\":\"https:\/\/slewingbearings.com\/product\/sde-7-slew-drive\/\",\"url\":\"https:\/\/slewingbearings.com\/product\/sde-7-slew-drive\/\",\"name\":\"SDE-7 entra\u00eenement de couture - ZZ Group\",\"isPartOf\":{\"@id\":\"https:\/\/slewingbearings.com\/#website\"},\"datePublished\":\"2024-01-15T03:58:57+00:00\",\"dateModified\":\"2024-01-15T03:58:57+00:00\",\"description\":\"La commande d'orientation de la s\u00e9rie SDE est une solution de commande d'orientation verticale \u00e0 engrenage ferm\u00e9 pour les applications ext\u00e9rieures \u00e0 faible vitesse&lt;1 RPM).\",\"breadcrumb\":{\"@id\":\"https:\/\/slewingbearings.com\/product\/sde-7-slew-drive\/#breadcrumb\"},\"inLanguage\":\"fr-FR\",\"potentialAction\":[{\"@type\":\"ReadAction\",\"target\":[\"https:\/\/slewingbearings.com\/product\/sde-7-slew-drive\/\"]}]},{\"@type\":\"BreadcrumbList\",\"@id\":\"https:\/\/slewingbearings.com\/product\/sde-7-slew-drive\/#breadcrumb\",\"itemListElement\":[{\"@type\":\"ListItem\",\"position\":1,\"name\":\"Home\",\"item\":\"https:\/\/slewingbearings.com\/fr\/palier-dorientation-entrainement-dorientation\/\"},{\"@type\":\"ListItem\",\"position\":2,\"name\":\"Shop\",\"item\":\"https:\/\/slewingbearings.com\/shop\/\"},{\"@type\":\"ListItem\",\"position\":3,\"name\":\"SDE-7 entra\u00eenement de couture\"}]},{\"@type\":\"WebSite\",\"@id\":\"https:\/\/slewingbearings.com\/#website\",\"url\":\"https:\/\/slewingbearings.com\/\",\"name\":\"ZZ Group\",\"description\":\"Leading Slewing Bearings in China\",\"potentialAction\":[{\"@type\":\"SearchAction\",\"target\":{\"@type\":\"EntryPoint\",\"urlTemplate\":\"https:\/\/slewingbearings.com\/?s={search_term_string}\"},\"query-input\":\"required name=search_term_string\"}],\"inLanguage\":\"fr-FR\"}]}<\/script>\n<!-- \/ Yoast SEO plugin. -->","yoast_head_json":{"title":"SDE-7 entra\u00eenement de couture - ZZ Group","description":"La commande d'orientation de la s\u00e9rie SDE est une solution de commande d'orientation verticale \u00e0 engrenage ferm\u00e9 pour les applications ext\u00e9rieures \u00e0 faible vitesse&lt;1 RPM).","robots":{"index":"index","follow":"follow","max-snippet":"max-snippet:-1","max-image-preview":"max-image-preview:large","max-video-preview":"max-video-preview:-1"},"canonical":"https:\/\/slewingbearings.com\/product\/sde-7-slew-drive\/","og_locale":"fr_FR","og_type":"article","og_title":"SDE-7 entra\u00eenement de couture - ZZ Group","og_description":"La commande d'orientation de la s\u00e9rie SDE est une solution de commande d'orientation verticale \u00e0 engrenage ferm\u00e9 pour les applications ext\u00e9rieures \u00e0 faible vitesse&lt;1 RPM).","og_url":"https:\/\/slewingbearings.com\/product\/sde-7-slew-drive\/","og_site_name":"ZZ Group","og_image":[{"width":500,"height":500,"url":"https:\/\/slewingbearings.com\/wp-content\/uploads\/2024\/01\/sde7-slew-drive-1.jpg","type":"image\/jpeg"}],"twitter_card":"summary_large_image","twitter_misc":{"Dur\u00e9e de lecture estim\u00e9e":"1 minute"},"schema":{"@context":"https:\/\/schema.org","@graph":[{"@type":"WebPage","@id":"https:\/\/slewingbearings.com\/product\/sde-7-slew-drive\/","url":"https:\/\/slewingbearings.com\/product\/sde-7-slew-drive\/","name":"SDE-7 entra\u00eenement de couture - ZZ Group","isPartOf":{"@id":"https:\/\/slewingbearings.com\/#website"},"datePublished":"2024-01-15T03:58:57+00:00","dateModified":"2024-01-15T03:58:57+00:00","description":"La commande d'orientation de la s\u00e9rie SDE est une solution de commande d'orientation verticale \u00e0 engrenage ferm\u00e9 pour les applications ext\u00e9rieures \u00e0 faible vitesse&lt;1 RPM).","breadcrumb":{"@id":"https:\/\/slewingbearings.com\/product\/sde-7-slew-drive\/#breadcrumb"},"inLanguage":"fr-FR","potentialAction":[{"@type":"ReadAction","target":["https:\/\/slewingbearings.com\/product\/sde-7-slew-drive\/"]}]},{"@type":"BreadcrumbList","@id":"https:\/\/slewingbearings.com\/product\/sde-7-slew-drive\/#breadcrumb","itemListElement":[{"@type":"ListItem","position":1,"name":"Home","item":"https:\/\/slewingbearings.com\/fr\/palier-dorientation-entrainement-dorientation\/"},{"@type":"ListItem","position":2,"name":"Shop","item":"https:\/\/slewingbearings.com\/shop\/"},{"@type":"ListItem","position":3,"name":"SDE-7 entra\u00eenement de couture"}]},{"@type":"WebSite","@id":"https:\/\/slewingbearings.com\/#website","url":"https:\/\/slewingbearings.com\/","name":"ZZ Group","description":"Leading Slewing Bearings in China","potentialAction":[{"@type":"SearchAction","target":{"@type":"EntryPoint","urlTemplate":"https:\/\/slewingbearings.com\/?s={search_term_string}"},"query-input":"required name=search_term_string"}],"inLanguage":"fr-FR"}]}},"_links":{"self":[{"href":"https:\/\/slewingbearings.com\/fr\/wp-json\/wp\/v2\/product\/11742","targetHints":{"allow":["GET"]}}],"collection":[{"href":"https:\/\/slewingbearings.com\/fr\/wp-json\/wp\/v2\/product"}],"about":[{"href":"https:\/\/slewingbearings.com\/fr\/wp-json\/wp\/v2\/types\/product"}],"replies":[{"embeddable":true,"href":"https:\/\/slewingbearings.com\/fr\/wp-json\/wp\/v2\/comments?post=11742"}],"wp:featuredmedia":[{"embeddable":true,"href":"https:\/\/slewingbearings.com\/fr\/wp-json\/wp\/v2\/media\/6069"}],"wp:attachment":[{"href":"https:\/\/slewingbearings.com\/fr\/wp-json\/wp\/v2\/media?parent=11742"}],"wp:term":[{"taxonomy":"product_cat","embeddable":true,"href":"https:\/\/slewingbearings.com\/fr\/wp-json\/wp\/v2\/product_cat?post=11742"},{"taxonomy":"product_tag","embeddable":true,"href":"https:\/\/slewingbearings.com\/fr\/wp-json\/wp\/v2\/product_tag?post=11742"}],"curies":[{"name":"wp","href":"https:\/\/api.w.org\/{rel}","templated":true}]}}