{"id":11731,"date":"2024-01-15T02:35:32","date_gmt":"2024-01-15T02:35:32","guid":{"rendered":"https:\/\/slewingbearings.com\/product\/entrainement-a-lorientation-se-25\/"},"modified":"2024-01-15T02:35:32","modified_gmt":"2024-01-15T02:35:32","slug":"entrainement-a-lorientation-se-25","status":"publish","type":"product","link":"https:\/\/slewingbearings.com\/fr\/product\/entrainement-a-lorientation-se-25\/","title":{"rendered":"Entra\u00eenement \u00e0 l&rsquo;orientation SE-25"},"content":{"rendered":"<p>Les commandes d&rsquo;orientation sont largement utilis\u00e9es dans le domaine des machines d&rsquo;ing\u00e9nierie et leur fonction principale est de r\u00e9aliser le mouvement de rotation des \u00e9quipements m\u00e9caniques. Voici quelques applications courantes des commandes d&rsquo;orientation dans les machines de construction : <\/p>\n<p>Pelles et mat\u00e9riel d&rsquo;excavation : Les commandes d&rsquo;orientation sont utilis\u00e9es pour mettre en \u0153uvre le ch\u00e2ssis rotatif des excavateurs et autres \u00e9quipements d&rsquo;excavation, ce qui leur permet de tourner \u00e0 360 degr\u00e9s. Ceci est important pour un positionnement et une orientation pr\u00e9cis pendant les op\u00e9rations de terrassement, d&rsquo;excavation et de construction. <\/p>\n<p>Grue \u00e0 tour: Les grues \u00e0 tour install\u00e9es sur les chantiers de construction doivent souvent effectuer des mouvements d&rsquo; orientation pour que la fl\u00e8che puisse \u00eatre positionn\u00e9e avec pr\u00e9cision et couvrir l &lsquo; ensemble de la zone de travail. La commande d&rsquo;orientation est utilis\u00e9e pour r\u00e9aliser la fonction de rotation de la grue \u00e0 tour. <\/p>\n\n<table id=\"tablepress-20\" class=\"tablepress tablepress-id-20\">\n<thead>\n<tr class=\"row-1\">\n\t<th class=\"column-1\">Model<\/th><th class=\"column-2\">Output Torque<\/th><th class=\"column-3\">Tilting Moment Torque<\/th><th class=\"column-4\">Holding Torque<\/th><th class=\"column-5\">Gear Ratio<\/th><th class=\"column-6\">Tracking Precision<\/th><th class=\"column-7\">Weight<\/th><th class=\"column-8\">Drawing<\/th>\n<\/tr>\n<\/thead>\n<tbody class=\"row-striping row-hover\">\n<tr class=\"row-2\">\n\t<td class=\"column-1\">SE25<\/td><td class=\"column-2\">18 KN.m<\/td><td class=\"column-3\">271 KN.m<\/td><td class=\"column-4\">158.3 KN.m<\/td><td class=\"column-5\">150:1<\/td><td class=\"column-6\">0.15\u00b0<\/td><td class=\"column-7\">204kg<\/td><td class=\"column-8\"><a href=\"https:\/\/slewingbearings.com\/wp-content\/uploads\/2024\/01\/SE25-Slew-Drive-catalog.pdf\"><br \/>\n<img decoding=\"async\" src=\"https:\/\/slewingbearings.com\/wp-content\/uploads\/2024\/01\/pdf.png\" width=\"30\" height=\"30\"><\/a><\/td>\n<\/tr>\n<tr class=\"row-3\">\n\t<td class=\"column-1\">SE25<\/td><td class=\"column-2\">13300 lbf.ft<\/td><td class=\"column-3\">200\u00d710\u00b3 lbf.ft<\/td><td class=\"column-4\">117\u00d710\u00b3 lbf.ft<\/td><td class=\"column-5\">150:1<\/td><td class=\"column-6\">0.15\u00b0<\/td><td class=\"column-7\">204kg<\/td><td class=\"column-8\"><a href=\"https:\/\/slewingbearings.com\/wp-content\/uploads\/2024\/01\/SE25-Slew-Drive-catalog.pdf\"><br \/>\n<img decoding=\"async\" src=\"https:\/\/slewingbearings.com\/wp-content\/uploads\/2024\/01\/pdf.png\" width=\"30\" height=\"30\"><\/a><\/td>\n<\/tr>\n<\/tbody>\n<\/table>\n<!-- #tablepress-20 from cache -->\n","protected":false},"excerpt":{"rendered":"<p>La structure principale de la commande d&rsquo;orientation comprend des bagues ext\u00e9rieures et int\u00e9rieures, des syst\u00e8mes d&rsquo;engrenage, des moteurs, des r\u00e9ducteurs, des syst\u00e8mes de roulement, des joints et des composants de protection. La bague ext\u00e9rieure est g\u00e9n\u00e9ralement fix\u00e9e dans le syst\u00e8me m\u00e9canique, tandis que la bague int\u00e9rieure est reli\u00e9e \u00e0 l&rsquo;\u00e9quipement m\u00e9canique et tourne gr\u00e2ce au syst\u00e8me d&rsquo;entra\u00eenement. Le syst\u00e8me d&rsquo;engrenage est le m\u00e9canisme de transmission cl\u00e9, compos\u00e9 d&rsquo;engrenages fabriqu\u00e9s avec pr\u00e9cision pour assurer une rotation fluide des bagues int\u00e9rieure et ext\u00e9rieure. Le moteur fournit le couple de rotation, le r\u00e9ducteur est utilis\u00e9 pour r\u00e9duire la vitesse de rotation, le syst\u00e8me de roulements est utilis\u00e9 pour soutenir et guider le mouvement de rotation, et les mesures d&rsquo;\u00e9tanch\u00e9it\u00e9 et de protection garantissent le fonctionnement stable des composants m\u00e9caniques internes.   <\/p>\n","protected":false},"featured_media":6024,"comment_status":"open","ping_status":"closed","template":"","meta":{"content-type":""},"product_cat":[332,325],"product_tag":[518],"class_list":{"0":"post-11731","1":"product","2":"type-product","3":"status-publish","4":"has-post-thumbnail","6":"product_cat-se-pe-slew-drive-fr","7":"product_cat-slew-drive-fr","8":"product_tag-entrainement-a-lorientation-se-25","10":"first","11":"instock","12":"shipping-taxable","13":"product-type-simple"},"yoast_head":"<!-- This site is optimized with the Yoast SEO plugin v21.7 - https:\/\/yoast.com\/wordpress\/plugins\/seo\/ -->\n<title>Entra\u00eenement \u00e0 l&#039;orientation SE-25 - ZZ Group<\/title>\n<meta name=\"description\" content=\"La structure principale du m\u00e9canisme d&#039;orientation SE25 comprend des couronnes ext\u00e9rieures et int\u00e9rieures, des syst\u00e8mes d&#039; engrenage, des moteurs, des r\u00e9ducteurs, des syst\u00e8mes de roulement, des joints et des composants de protection.\" \/>\n<meta name=\"robots\" content=\"index, follow, max-snippet:-1, max-image-preview:large, max-video-preview:-1\" \/>\n<link rel=\"canonical\" href=\"https:\/\/slewingbearings.com\/product\/se-25-slew-drive\/\" \/>\n<meta property=\"og:locale\" content=\"fr_FR\" \/>\n<meta property=\"og:type\" content=\"article\" \/>\n<meta property=\"og:title\" content=\"Entra\u00eenement \u00e0 l&#039;orientation SE-25 - ZZ Group\" \/>\n<meta property=\"og:description\" content=\"La structure principale du m\u00e9canisme d&#039;orientation SE25 comprend des couronnes ext\u00e9rieures et int\u00e9rieures, des syst\u00e8mes d&#039; engrenage, des moteurs, des r\u00e9ducteurs, des syst\u00e8mes de roulement, des joints et des composants de protection.\" \/>\n<meta property=\"og:url\" content=\"https:\/\/slewingbearings.com\/product\/se-25-slew-drive\/\" \/>\n<meta property=\"og:site_name\" content=\"ZZ Group\" \/>\n<meta property=\"og:image\" content=\"https:\/\/slewingbearings.com\/wp-content\/uploads\/2024\/01\/se25.jpg\" \/>\n\t<meta property=\"og:image:width\" content=\"500\" \/>\n\t<meta property=\"og:image:height\" content=\"500\" \/>\n\t<meta property=\"og:image:type\" content=\"image\/jpeg\" \/>\n<meta name=\"twitter:card\" content=\"summary_large_image\" \/>\n<meta name=\"twitter:label1\" content=\"Dur\u00e9e de lecture estim\u00e9e\" \/>\n\t<meta name=\"twitter:data1\" content=\"1 minute\" \/>\n<script type=\"application\/ld+json\" class=\"yoast-schema-graph\">{\"@context\":\"https:\/\/schema.org\",\"@graph\":[{\"@type\":\"WebPage\",\"@id\":\"https:\/\/slewingbearings.com\/product\/se-25-slew-drive\/\",\"url\":\"https:\/\/slewingbearings.com\/product\/se-25-slew-drive\/\",\"name\":\"Entra\u00eenement \u00e0 l'orientation SE-25 - ZZ Group\",\"isPartOf\":{\"@id\":\"https:\/\/slewingbearings.com\/#website\"},\"datePublished\":\"2024-01-15T02:35:32+00:00\",\"dateModified\":\"2024-01-15T02:35:32+00:00\",\"description\":\"La structure principale du m\u00e9canisme d'orientation SE25 comprend des couronnes ext\u00e9rieures et int\u00e9rieures, des syst\u00e8mes d' engrenage, des moteurs, des r\u00e9ducteurs, des syst\u00e8mes de roulement, des joints et des composants de protection.\",\"breadcrumb\":{\"@id\":\"https:\/\/slewingbearings.com\/product\/se-25-slew-drive\/#breadcrumb\"},\"inLanguage\":\"fr-FR\",\"potentialAction\":[{\"@type\":\"ReadAction\",\"target\":[\"https:\/\/slewingbearings.com\/product\/se-25-slew-drive\/\"]}]},{\"@type\":\"BreadcrumbList\",\"@id\":\"https:\/\/slewingbearings.com\/product\/se-25-slew-drive\/#breadcrumb\",\"itemListElement\":[{\"@type\":\"ListItem\",\"position\":1,\"name\":\"Home\",\"item\":\"https:\/\/slewingbearings.com\/fr\/palier-dorientation-entrainement-dorientation\/\"},{\"@type\":\"ListItem\",\"position\":2,\"name\":\"Shop\",\"item\":\"https:\/\/slewingbearings.com\/shop\/\"},{\"@type\":\"ListItem\",\"position\":3,\"name\":\"Entra\u00eenement \u00e0 l&#8217;orientation SE-25\"}]},{\"@type\":\"WebSite\",\"@id\":\"https:\/\/slewingbearings.com\/#website\",\"url\":\"https:\/\/slewingbearings.com\/\",\"name\":\"ZZ Group\",\"description\":\"Leading Slewing Bearings in China\",\"potentialAction\":[{\"@type\":\"SearchAction\",\"target\":{\"@type\":\"EntryPoint\",\"urlTemplate\":\"https:\/\/slewingbearings.com\/?s={search_term_string}\"},\"query-input\":\"required name=search_term_string\"}],\"inLanguage\":\"fr-FR\"}]}<\/script>\n<!-- \/ Yoast SEO plugin. -->","yoast_head_json":{"title":"Entra\u00eenement \u00e0 l'orientation SE-25 - ZZ Group","description":"La structure principale du m\u00e9canisme d'orientation SE25 comprend des couronnes ext\u00e9rieures et int\u00e9rieures, des syst\u00e8mes d' engrenage, des moteurs, des r\u00e9ducteurs, des syst\u00e8mes de roulement, des joints et des composants de protection.","robots":{"index":"index","follow":"follow","max-snippet":"max-snippet:-1","max-image-preview":"max-image-preview:large","max-video-preview":"max-video-preview:-1"},"canonical":"https:\/\/slewingbearings.com\/product\/se-25-slew-drive\/","og_locale":"fr_FR","og_type":"article","og_title":"Entra\u00eenement \u00e0 l'orientation SE-25 - ZZ Group","og_description":"La structure principale du m\u00e9canisme d'orientation SE25 comprend des couronnes ext\u00e9rieures et int\u00e9rieures, des syst\u00e8mes d' engrenage, des moteurs, des r\u00e9ducteurs, des syst\u00e8mes de roulement, des joints et des composants de protection.","og_url":"https:\/\/slewingbearings.com\/product\/se-25-slew-drive\/","og_site_name":"ZZ Group","og_image":[{"width":500,"height":500,"url":"https:\/\/slewingbearings.com\/wp-content\/uploads\/2024\/01\/se25.jpg","type":"image\/jpeg"}],"twitter_card":"summary_large_image","twitter_misc":{"Dur\u00e9e de lecture estim\u00e9e":"1 minute"},"schema":{"@context":"https:\/\/schema.org","@graph":[{"@type":"WebPage","@id":"https:\/\/slewingbearings.com\/product\/se-25-slew-drive\/","url":"https:\/\/slewingbearings.com\/product\/se-25-slew-drive\/","name":"Entra\u00eenement \u00e0 l'orientation SE-25 - ZZ Group","isPartOf":{"@id":"https:\/\/slewingbearings.com\/#website"},"datePublished":"2024-01-15T02:35:32+00:00","dateModified":"2024-01-15T02:35:32+00:00","description":"La structure principale du m\u00e9canisme d'orientation SE25 comprend des couronnes ext\u00e9rieures et int\u00e9rieures, des syst\u00e8mes d' engrenage, des moteurs, des r\u00e9ducteurs, des syst\u00e8mes de roulement, des joints et des composants de protection.","breadcrumb":{"@id":"https:\/\/slewingbearings.com\/product\/se-25-slew-drive\/#breadcrumb"},"inLanguage":"fr-FR","potentialAction":[{"@type":"ReadAction","target":["https:\/\/slewingbearings.com\/product\/se-25-slew-drive\/"]}]},{"@type":"BreadcrumbList","@id":"https:\/\/slewingbearings.com\/product\/se-25-slew-drive\/#breadcrumb","itemListElement":[{"@type":"ListItem","position":1,"name":"Home","item":"https:\/\/slewingbearings.com\/fr\/palier-dorientation-entrainement-dorientation\/"},{"@type":"ListItem","position":2,"name":"Shop","item":"https:\/\/slewingbearings.com\/shop\/"},{"@type":"ListItem","position":3,"name":"Entra\u00eenement \u00e0 l&#8217;orientation SE-25"}]},{"@type":"WebSite","@id":"https:\/\/slewingbearings.com\/#website","url":"https:\/\/slewingbearings.com\/","name":"ZZ Group","description":"Leading Slewing Bearings in China","potentialAction":[{"@type":"SearchAction","target":{"@type":"EntryPoint","urlTemplate":"https:\/\/slewingbearings.com\/?s={search_term_string}"},"query-input":"required name=search_term_string"}],"inLanguage":"fr-FR"}]}},"_links":{"self":[{"href":"https:\/\/slewingbearings.com\/fr\/wp-json\/wp\/v2\/product\/11731","targetHints":{"allow":["GET"]}}],"collection":[{"href":"https:\/\/slewingbearings.com\/fr\/wp-json\/wp\/v2\/product"}],"about":[{"href":"https:\/\/slewingbearings.com\/fr\/wp-json\/wp\/v2\/types\/product"}],"replies":[{"embeddable":true,"href":"https:\/\/slewingbearings.com\/fr\/wp-json\/wp\/v2\/comments?post=11731"}],"wp:featuredmedia":[{"embeddable":true,"href":"https:\/\/slewingbearings.com\/fr\/wp-json\/wp\/v2\/media\/6024"}],"wp:attachment":[{"href":"https:\/\/slewingbearings.com\/fr\/wp-json\/wp\/v2\/media?parent=11731"}],"wp:term":[{"taxonomy":"product_cat","embeddable":true,"href":"https:\/\/slewingbearings.com\/fr\/wp-json\/wp\/v2\/product_cat?post=11731"},{"taxonomy":"product_tag","embeddable":true,"href":"https:\/\/slewingbearings.com\/fr\/wp-json\/wp\/v2\/product_tag?post=11731"}],"curies":[{"name":"wp","href":"https:\/\/api.w.org\/{rel}","templated":true}]}}