{"id":11714,"date":"2024-01-15T02:04:05","date_gmt":"2024-01-15T02:04:05","guid":{"rendered":"https:\/\/slewingbearings.com\/product\/entrainement-a-lorientation-se-21\/"},"modified":"2024-01-15T02:04:05","modified_gmt":"2024-01-15T02:04:05","slug":"entrainement-a-lorientation-se-21","status":"publish","type":"product","link":"https:\/\/slewingbearings.com\/fr\/product\/entrainement-a-lorientation-se-21\/","title":{"rendered":"Entra\u00eenement \u00e0 l&rsquo;orientation SE-21"},"content":{"rendered":"<p>La commande d&rsquo;orientation joue un r\u00f4le cl\u00e9 dans le syst\u00e8me photovolta\u00efque photothermique (CSP, Concentrated Solar Power) et est principalement utilis\u00e9e pour assurer le suivi pr\u00e9cis du syst\u00e8me de focalisation solaire et la rotation du concentrateur. Le syst\u00e8me photovolta\u00efque photothermique est une technologie qui utilise l&rsquo;\u00e9nergie solaire pour g\u00e9n\u00e9rer des temp\u00e9ratures \u00e9lev\u00e9es afin de produire de l&rsquo; \u00e9lectricit\u00e9 en concentrant la lumi\u00e8re du soleil sur un collecteur. <\/p>\n<p>Dans les syst\u00e8mes photovolta\u00efques photothermiques, pour que le concentrateur (r\u00e9flecteur ou autre dispositif de concentration) soit toujours orient\u00e9 vers le soleil, la commande d&rsquo;orientation est utilis\u00e9e pour contr\u00f4ler la rotation du concentrateur. En ajustant la direction du concentrateur en temps r\u00e9el, le syst\u00e8me peut maximiser l&rsquo;utilisation de l&rsquo;\u00e9nergie solaire et s&rsquo;assurer que la lumi\u00e8re est concentr\u00e9e avec pr\u00e9cision sur le collecteur. <\/p>\n\n<table id=\"tablepress-19\" class=\"tablepress tablepress-id-19\">\n<thead>\n<tr class=\"row-1\">\n\t<th class=\"column-1\">Model<\/th><th class=\"column-2\">Output Torque<\/th><th class=\"column-3\">Tilting Moment Torque<\/th><th class=\"column-4\">Holding Torque<\/th><th class=\"column-5\">Gear Ratio<\/th><th class=\"column-6\">Tracking Precision<\/th><th class=\"column-7\">Weight<\/th><th class=\"column-8\">Drawing<\/th>\n<\/tr>\n<\/thead>\n<tbody class=\"row-striping row-hover\">\n<tr class=\"row-2\">\n\t<td class=\"column-1\">SE21<\/td><td class=\"column-2\">15 KN.m<\/td><td class=\"column-3\">203 KN.m<\/td><td class=\"column-4\">105.8 KN.m<\/td><td class=\"column-5\">125:1<\/td><td class=\"column-6\">0.15\u00b0<\/td><td class=\"column-7\">149kg<\/td><td class=\"column-8\"><a href=\"https:\/\/slewingbearings.com\/wp-content\/uploads\/2024\/01\/SE21-Slew-Drive-catalog.pdf\"><br \/>\n<img decoding=\"async\" src=\"https:\/\/slewingbearings.com\/wp-content\/uploads\/2024\/01\/pdf.png\" width=\"30\" height=\"30\"><\/a><\/td>\n<\/tr>\n<tr class=\"row-3\">\n\t<td class=\"column-1\">SE21<\/td><td class=\"column-2\">1100 lbf.ft<\/td><td class=\"column-3\">150\u00d710\u00b3 lbf.ft<\/td><td class=\"column-4\">78\u00d710\u00b3 lbf.ft<\/td><td class=\"column-5\">125:1<\/td><td class=\"column-6\">0.15\u00b0<\/td><td class=\"column-7\">149kg<\/td><td class=\"column-8\"><a href=\"https:\/\/slewingbearings.com\/wp-content\/uploads\/2024\/01\/SE21-Slew-Drive-catalog.pdf\"><br \/>\n<img decoding=\"async\" src=\"https:\/\/slewingbearings.com\/wp-content\/uploads\/2024\/01\/pdf.png\" width=\"30\" height=\"30\"><\/a><\/td>\n<\/tr>\n<\/tbody>\n<\/table>\n<!-- #tablepress-19 from cache -->\n","protected":false},"excerpt":{"rendered":"<p>L &lsquo;application de commandes d&rsquo;orientation dans les syst\u00e8mes photovolta\u00efques photothermiques permet \u00e0 l &lsquo; ensemble du syst\u00e8me d &lsquo; utiliser l&rsquo; \u00e9nergie solaire plus efficacement, d&rsquo;augmenter la production d&rsquo;\u00e9nergie et de le rendre plus fiable et plus flexible dans ses op\u00e9rations quotidiennes. Ceci est crucial pour la mise en \u0153uvre r\u00e9ussie de projets tels que les centrales solaires \u00e0 grande \u00e9chelle. <\/p>\n","protected":false},"featured_media":6015,"comment_status":"open","ping_status":"closed","template":"","meta":{"content-type":""},"product_cat":[332,325],"product_tag":[415],"class_list":{"0":"post-11714","1":"product","2":"type-product","3":"status-publish","4":"has-post-thumbnail","6":"product_cat-se-pe-slew-drive-fr","7":"product_cat-slew-drive-fr","8":"product_tag-se17-slew-drive-fr","10":"first","11":"instock","12":"shipping-taxable","13":"product-type-simple"},"yoast_head":"<!-- This site is optimized with the Yoast SEO plugin v21.7 - https:\/\/yoast.com\/wordpress\/plugins\/seo\/ -->\n<title>Entra\u00eenement \u00e0 l&#039;orientation SE-21 - ZZ Group<\/title>\n<meta name=\"description\" content=\"Le syst\u00e8me d&#039;orientation SE21 maximise la temp\u00e9rature en contr\u00f4lant la position du collecteur et en s&#039;assurant qu&#039;il se trouve au point focal.\" \/>\n<meta name=\"robots\" content=\"index, follow, max-snippet:-1, max-image-preview:large, max-video-preview:-1\" \/>\n<link rel=\"canonical\" href=\"https:\/\/slewingbearings.com\/product\/se-21-slew-drive\/\" \/>\n<meta property=\"og:locale\" content=\"fr_FR\" \/>\n<meta property=\"og:type\" content=\"article\" \/>\n<meta property=\"og:title\" content=\"Entra\u00eenement \u00e0 l&#039;orientation SE-21 - ZZ Group\" \/>\n<meta property=\"og:description\" content=\"Le syst\u00e8me d&#039;orientation SE21 maximise la temp\u00e9rature en contr\u00f4lant la position du collecteur et en s&#039;assurant qu&#039;il se trouve au point focal.\" \/>\n<meta property=\"og:url\" content=\"https:\/\/slewingbearings.com\/product\/se-21-slew-drive\/\" \/>\n<meta property=\"og:site_name\" content=\"ZZ Group\" \/>\n<meta property=\"og:image\" content=\"https:\/\/slewingbearings.com\/wp-content\/uploads\/2024\/01\/se21.jpg\" \/>\n\t<meta property=\"og:image:width\" content=\"500\" \/>\n\t<meta property=\"og:image:height\" content=\"500\" \/>\n\t<meta property=\"og:image:type\" content=\"image\/jpeg\" \/>\n<meta name=\"twitter:card\" content=\"summary_large_image\" \/>\n<meta name=\"twitter:label1\" content=\"Dur\u00e9e de lecture estim\u00e9e\" \/>\n\t<meta name=\"twitter:data1\" content=\"1 minute\" \/>\n<script type=\"application\/ld+json\" class=\"yoast-schema-graph\">{\"@context\":\"https:\/\/schema.org\",\"@graph\":[{\"@type\":\"WebPage\",\"@id\":\"https:\/\/slewingbearings.com\/product\/se-21-slew-drive\/\",\"url\":\"https:\/\/slewingbearings.com\/product\/se-21-slew-drive\/\",\"name\":\"Entra\u00eenement \u00e0 l'orientation SE-21 - ZZ Group\",\"isPartOf\":{\"@id\":\"https:\/\/slewingbearings.com\/#website\"},\"datePublished\":\"2024-01-15T02:04:05+00:00\",\"dateModified\":\"2024-01-15T02:04:05+00:00\",\"description\":\"Le syst\u00e8me d'orientation SE21 maximise la temp\u00e9rature en contr\u00f4lant la position du collecteur et en s'assurant qu'il se trouve au point focal.\",\"breadcrumb\":{\"@id\":\"https:\/\/slewingbearings.com\/product\/se-21-slew-drive\/#breadcrumb\"},\"inLanguage\":\"fr-FR\",\"potentialAction\":[{\"@type\":\"ReadAction\",\"target\":[\"https:\/\/slewingbearings.com\/product\/se-21-slew-drive\/\"]}]},{\"@type\":\"BreadcrumbList\",\"@id\":\"https:\/\/slewingbearings.com\/product\/se-21-slew-drive\/#breadcrumb\",\"itemListElement\":[{\"@type\":\"ListItem\",\"position\":1,\"name\":\"Home\",\"item\":\"https:\/\/slewingbearings.com\/fr\/palier-dorientation-entrainement-dorientation\/\"},{\"@type\":\"ListItem\",\"position\":2,\"name\":\"Shop\",\"item\":\"https:\/\/slewingbearings.com\/shop\/\"},{\"@type\":\"ListItem\",\"position\":3,\"name\":\"Entra\u00eenement \u00e0 l&#8217;orientation SE-21\"}]},{\"@type\":\"WebSite\",\"@id\":\"https:\/\/slewingbearings.com\/#website\",\"url\":\"https:\/\/slewingbearings.com\/\",\"name\":\"ZZ Group\",\"description\":\"Leading Slewing Bearings in China\",\"potentialAction\":[{\"@type\":\"SearchAction\",\"target\":{\"@type\":\"EntryPoint\",\"urlTemplate\":\"https:\/\/slewingbearings.com\/?s={search_term_string}\"},\"query-input\":\"required name=search_term_string\"}],\"inLanguage\":\"fr-FR\"}]}<\/script>\n<!-- \/ Yoast SEO plugin. -->","yoast_head_json":{"title":"Entra\u00eenement \u00e0 l'orientation SE-21 - ZZ Group","description":"Le syst\u00e8me d'orientation SE21 maximise la temp\u00e9rature en contr\u00f4lant la position du collecteur et en s'assurant qu'il se trouve au point focal.","robots":{"index":"index","follow":"follow","max-snippet":"max-snippet:-1","max-image-preview":"max-image-preview:large","max-video-preview":"max-video-preview:-1"},"canonical":"https:\/\/slewingbearings.com\/product\/se-21-slew-drive\/","og_locale":"fr_FR","og_type":"article","og_title":"Entra\u00eenement \u00e0 l'orientation SE-21 - ZZ Group","og_description":"Le syst\u00e8me d'orientation SE21 maximise la temp\u00e9rature en contr\u00f4lant la position du collecteur et en s'assurant qu'il se trouve au point focal.","og_url":"https:\/\/slewingbearings.com\/product\/se-21-slew-drive\/","og_site_name":"ZZ Group","og_image":[{"width":500,"height":500,"url":"https:\/\/slewingbearings.com\/wp-content\/uploads\/2024\/01\/se21.jpg","type":"image\/jpeg"}],"twitter_card":"summary_large_image","twitter_misc":{"Dur\u00e9e de lecture estim\u00e9e":"1 minute"},"schema":{"@context":"https:\/\/schema.org","@graph":[{"@type":"WebPage","@id":"https:\/\/slewingbearings.com\/product\/se-21-slew-drive\/","url":"https:\/\/slewingbearings.com\/product\/se-21-slew-drive\/","name":"Entra\u00eenement \u00e0 l'orientation SE-21 - ZZ Group","isPartOf":{"@id":"https:\/\/slewingbearings.com\/#website"},"datePublished":"2024-01-15T02:04:05+00:00","dateModified":"2024-01-15T02:04:05+00:00","description":"Le syst\u00e8me d'orientation SE21 maximise la temp\u00e9rature en contr\u00f4lant la position du collecteur et en s'assurant qu'il se trouve au point focal.","breadcrumb":{"@id":"https:\/\/slewingbearings.com\/product\/se-21-slew-drive\/#breadcrumb"},"inLanguage":"fr-FR","potentialAction":[{"@type":"ReadAction","target":["https:\/\/slewingbearings.com\/product\/se-21-slew-drive\/"]}]},{"@type":"BreadcrumbList","@id":"https:\/\/slewingbearings.com\/product\/se-21-slew-drive\/#breadcrumb","itemListElement":[{"@type":"ListItem","position":1,"name":"Home","item":"https:\/\/slewingbearings.com\/fr\/palier-dorientation-entrainement-dorientation\/"},{"@type":"ListItem","position":2,"name":"Shop","item":"https:\/\/slewingbearings.com\/shop\/"},{"@type":"ListItem","position":3,"name":"Entra\u00eenement \u00e0 l&#8217;orientation SE-21"}]},{"@type":"WebSite","@id":"https:\/\/slewingbearings.com\/#website","url":"https:\/\/slewingbearings.com\/","name":"ZZ Group","description":"Leading Slewing Bearings in China","potentialAction":[{"@type":"SearchAction","target":{"@type":"EntryPoint","urlTemplate":"https:\/\/slewingbearings.com\/?s={search_term_string}"},"query-input":"required name=search_term_string"}],"inLanguage":"fr-FR"}]}},"_links":{"self":[{"href":"https:\/\/slewingbearings.com\/fr\/wp-json\/wp\/v2\/product\/11714","targetHints":{"allow":["GET"]}}],"collection":[{"href":"https:\/\/slewingbearings.com\/fr\/wp-json\/wp\/v2\/product"}],"about":[{"href":"https:\/\/slewingbearings.com\/fr\/wp-json\/wp\/v2\/types\/product"}],"replies":[{"embeddable":true,"href":"https:\/\/slewingbearings.com\/fr\/wp-json\/wp\/v2\/comments?post=11714"}],"wp:featuredmedia":[{"embeddable":true,"href":"https:\/\/slewingbearings.com\/fr\/wp-json\/wp\/v2\/media\/6015"}],"wp:attachment":[{"href":"https:\/\/slewingbearings.com\/fr\/wp-json\/wp\/v2\/media?parent=11714"}],"wp:term":[{"taxonomy":"product_cat","embeddable":true,"href":"https:\/\/slewingbearings.com\/fr\/wp-json\/wp\/v2\/product_cat?post=11714"},{"taxonomy":"product_tag","embeddable":true,"href":"https:\/\/slewingbearings.com\/fr\/wp-json\/wp\/v2\/product_tag?post=11714"}],"curies":[{"name":"wp","href":"https:\/\/api.w.org\/{rel}","templated":true}]}}