{"id":11706,"date":"2024-01-15T01:47:27","date_gmt":"2024-01-15T01:47:27","guid":{"rendered":"https:\/\/slewingbearings.com\/product\/entrainement-a-lorientation-se-17\/"},"modified":"2024-01-15T01:47:27","modified_gmt":"2024-01-15T01:47:27","slug":"entrainement-a-lorientation-se-17","status":"publish","type":"product","link":"https:\/\/slewingbearings.com\/fr\/product\/entrainement-a-lorientation-se-17\/","title":{"rendered":"Entra\u00eenement \u00e0 l&rsquo;orientation SE-17"},"content":{"rendered":"<p>Fonction : La commande d&rsquo;orientation est un syst\u00e8me rotatif global qui comprend des composants tels que des moteurs, des r\u00e9ducteurs, des syst\u00e8mes d&rsquo; engrenage et des roulements. Sa fonction principale est d &lsquo; obtenir un mouvement de rotation pr\u00e9cis gr\u00e2ce \u00e0 l&rsquo; entra\u00eenement par moteur, g\u00e9n\u00e9ralement avec un couple important et une grande pr\u00e9cision. <\/p>\n<p>Structure : La structure typique d&rsquo;une commande d&rsquo;orientation comprend des bagues int\u00e9rieures et ext\u00e9rieures, des syst\u00e8mes d&rsquo; engrenage, des moteurs et des syst\u00e8mes de contr\u00f4le. Le syst\u00e8me d&rsquo; engrenage est entra\u00een\u00e9 par le moteur pour faire tourner la bague int\u00e9rieure par rapport \u00e0 la bague ext\u00e9rieure. <\/p>\n<p>Application : les variateurs de vitesse sont largement utilis\u00e9s dans les machines industrielles, les syst\u00e8mes de poursuite solaire, la robotique et d&rsquo; autres domaines, o\u00f9 un couple important et un mouvement rotatif de haute pr\u00e9cision sont n\u00e9cessaires.<\/p>\n\n<table id=\"tablepress-17\" class=\"tablepress tablepress-id-17\">\n<thead>\n<tr class=\"row-1\">\n\t<th class=\"column-1\">Model<\/th><th class=\"column-2\">Output Torque<\/th><th class=\"column-3\">Tilting Moment Torque<\/th><th class=\"column-4\">Holding Torque<\/th><th class=\"column-5\">Gear Ratio<\/th><th class=\"column-6\">Tracking Precision<\/th><th class=\"column-7\">Weight<\/th><th class=\"column-8\">Drawing<\/th>\n<\/tr>\n<\/thead>\n<tbody class=\"row-striping row-hover\">\n<tr class=\"row-2\">\n\t<td class=\"column-1\">SE17<\/td><td class=\"column-2\">10 KN.m<\/td><td class=\"column-3\">135.6 KN.m<\/td><td class=\"column-4\">72.3 KN.m<\/td><td class=\"column-5\">102:1<\/td><td class=\"column-6\">0.15\u00b0<\/td><td class=\"column-7\">105kg<\/td><td class=\"column-8\"><a href=\"https:\/\/slewingbearings.com\/wp-content\/uploads\/2024\/01\/SE17-Slew-Drive-catalog.pdf\"><br \/>\n<img decoding=\"async\" src=\"https:\/\/slewingbearings.com\/wp-content\/uploads\/2024\/01\/pdf.png\" width=\"30\" height=\"30\"><\/a><\/td>\n<\/tr>\n<tr class=\"row-3\">\n\t<td class=\"column-1\">SE17<\/td><td class=\"column-2\">7400 lbf.ft<\/td><td class=\"column-3\">100\u00d710\u00b3 lbf.ft<\/td><td class=\"column-4\">53\u00d710\u00b3 lbf.ft<\/td><td class=\"column-5\">102:1<\/td><td class=\"column-6\">0.15\u00b0<\/td><td class=\"column-7\">105kg<\/td><td class=\"column-8\"><a href=\"https:\/\/slewingbearings.com\/wp-content\/uploads\/2024\/01\/SE17-Slew-Drive-catalog.pdf\"><br \/>\n<img decoding=\"async\" src=\"https:\/\/slewingbearings.com\/wp-content\/uploads\/2024\/01\/pdf.png\" width=\"30\" height=\"30\"><\/a><\/td>\n<\/tr>\n<\/tbody>\n<\/table>\n<!-- #tablepress-17 from cache -->\n","protected":false},"excerpt":{"rendered":"<p>Contr\u00f4le de pr\u00e9cision : Le syst\u00e8me de contr\u00f4le avanc\u00e9 permet \u00e0 la commande d&rsquo;orientation de la s\u00e9rie SE d&rsquo;assurer un contr\u00f4le pr\u00e9cis de la rotation. Ceci est important pour les applications qui requi\u00e8rent un haut degr\u00e9 d&rsquo;automatisation et des trajectoires de mouvement complexes. <\/p>\n<p>Adaptabilit\u00e9 : La conception de la commande d&rsquo;orientation de la s\u00e9rie SE lui permet de s&rsquo;adapter \u00e0 diff\u00e9rents environnements de travail, y compris les temp\u00e9ratures \u00e9lev\u00e9es, les basses temp\u00e9ratures, les environnements humides, etc. Cela \u00e9largit son champ d&rsquo;application dans divers secteurs industriels. <\/p>\n","protected":false},"featured_media":6006,"comment_status":"open","ping_status":"closed","template":"","meta":{"content-type":""},"product_cat":[332,325],"product_tag":[415],"class_list":{"0":"post-11706","1":"product","2":"type-product","3":"status-publish","4":"has-post-thumbnail","6":"product_cat-se-pe-slew-drive-fr","7":"product_cat-slew-drive-fr","8":"product_tag-se17-slew-drive-fr","10":"first","11":"instock","12":"shipping-taxable","13":"product-type-simple"},"yoast_head":"<!-- This site is optimized with the Yoast SEO plugin v21.7 - https:\/\/yoast.com\/wordpress\/plugins\/seo\/ -->\n<title>Entra\u00eenement \u00e0 l&#039;orientation SE-17 - ZZ Group<\/title>\n<meta name=\"description\" content=\"La commande d&#039;orientation SE17 a de nombreuses applications importantes dans les v\u00e9hicules de travail a\u00e9rien et ses caract\u00e9ristiques en font un composant cl\u00e9 de ces \u00e9quipements.\" \/>\n<meta name=\"robots\" content=\"index, follow, max-snippet:-1, max-image-preview:large, max-video-preview:-1\" \/>\n<link rel=\"canonical\" href=\"https:\/\/slewingbearings.com\/product\/se-17-slew-drive\/\" \/>\n<meta property=\"og:locale\" content=\"fr_FR\" \/>\n<meta property=\"og:type\" content=\"article\" \/>\n<meta property=\"og:title\" content=\"Entra\u00eenement \u00e0 l&#039;orientation SE-17 - ZZ Group\" \/>\n<meta property=\"og:description\" content=\"La commande d&#039;orientation SE17 a de nombreuses applications importantes dans les v\u00e9hicules de travail a\u00e9rien et ses caract\u00e9ristiques en font un composant cl\u00e9 de ces \u00e9quipements.\" \/>\n<meta property=\"og:url\" content=\"https:\/\/slewingbearings.com\/product\/se-17-slew-drive\/\" \/>\n<meta property=\"og:site_name\" content=\"ZZ Group\" \/>\n<meta property=\"og:image\" content=\"https:\/\/slewingbearings.com\/wp-content\/uploads\/2024\/01\/se17.jpg\" \/>\n\t<meta property=\"og:image:width\" content=\"500\" \/>\n\t<meta property=\"og:image:height\" content=\"500\" \/>\n\t<meta property=\"og:image:type\" content=\"image\/jpeg\" \/>\n<meta name=\"twitter:card\" content=\"summary_large_image\" \/>\n<meta name=\"twitter:label1\" content=\"Dur\u00e9e de lecture estim\u00e9e\" \/>\n\t<meta name=\"twitter:data1\" content=\"1 minute\" \/>\n<script type=\"application\/ld+json\" class=\"yoast-schema-graph\">{\"@context\":\"https:\/\/schema.org\",\"@graph\":[{\"@type\":\"WebPage\",\"@id\":\"https:\/\/slewingbearings.com\/product\/se-17-slew-drive\/\",\"url\":\"https:\/\/slewingbearings.com\/product\/se-17-slew-drive\/\",\"name\":\"Entra\u00eenement \u00e0 l'orientation SE-17 - ZZ Group\",\"isPartOf\":{\"@id\":\"https:\/\/slewingbearings.com\/#website\"},\"datePublished\":\"2024-01-15T01:47:27+00:00\",\"dateModified\":\"2024-01-15T01:47:27+00:00\",\"description\":\"La commande d'orientation SE17 a de nombreuses applications importantes dans les v\u00e9hicules de travail a\u00e9rien et ses caract\u00e9ristiques en font un composant cl\u00e9 de ces \u00e9quipements.\",\"breadcrumb\":{\"@id\":\"https:\/\/slewingbearings.com\/product\/se-17-slew-drive\/#breadcrumb\"},\"inLanguage\":\"fr-FR\",\"potentialAction\":[{\"@type\":\"ReadAction\",\"target\":[\"https:\/\/slewingbearings.com\/product\/se-17-slew-drive\/\"]}]},{\"@type\":\"BreadcrumbList\",\"@id\":\"https:\/\/slewingbearings.com\/product\/se-17-slew-drive\/#breadcrumb\",\"itemListElement\":[{\"@type\":\"ListItem\",\"position\":1,\"name\":\"Home\",\"item\":\"https:\/\/slewingbearings.com\/fr\/palier-dorientation-entrainement-dorientation\/\"},{\"@type\":\"ListItem\",\"position\":2,\"name\":\"Shop\",\"item\":\"https:\/\/slewingbearings.com\/shop\/\"},{\"@type\":\"ListItem\",\"position\":3,\"name\":\"Entra\u00eenement \u00e0 l&#8217;orientation SE-17\"}]},{\"@type\":\"WebSite\",\"@id\":\"https:\/\/slewingbearings.com\/#website\",\"url\":\"https:\/\/slewingbearings.com\/\",\"name\":\"ZZ Group\",\"description\":\"Leading Slewing Bearings in China\",\"potentialAction\":[{\"@type\":\"SearchAction\",\"target\":{\"@type\":\"EntryPoint\",\"urlTemplate\":\"https:\/\/slewingbearings.com\/?s={search_term_string}\"},\"query-input\":\"required name=search_term_string\"}],\"inLanguage\":\"fr-FR\"}]}<\/script>\n<!-- \/ Yoast SEO plugin. -->","yoast_head_json":{"title":"Entra\u00eenement \u00e0 l'orientation SE-17 - ZZ Group","description":"La commande d'orientation SE17 a de nombreuses applications importantes dans les v\u00e9hicules de travail a\u00e9rien et ses caract\u00e9ristiques en font un composant cl\u00e9 de ces \u00e9quipements.","robots":{"index":"index","follow":"follow","max-snippet":"max-snippet:-1","max-image-preview":"max-image-preview:large","max-video-preview":"max-video-preview:-1"},"canonical":"https:\/\/slewingbearings.com\/product\/se-17-slew-drive\/","og_locale":"fr_FR","og_type":"article","og_title":"Entra\u00eenement \u00e0 l'orientation SE-17 - ZZ Group","og_description":"La commande d'orientation SE17 a de nombreuses applications importantes dans les v\u00e9hicules de travail a\u00e9rien et ses caract\u00e9ristiques en font un composant cl\u00e9 de ces \u00e9quipements.","og_url":"https:\/\/slewingbearings.com\/product\/se-17-slew-drive\/","og_site_name":"ZZ Group","og_image":[{"width":500,"height":500,"url":"https:\/\/slewingbearings.com\/wp-content\/uploads\/2024\/01\/se17.jpg","type":"image\/jpeg"}],"twitter_card":"summary_large_image","twitter_misc":{"Dur\u00e9e de lecture estim\u00e9e":"1 minute"},"schema":{"@context":"https:\/\/schema.org","@graph":[{"@type":"WebPage","@id":"https:\/\/slewingbearings.com\/product\/se-17-slew-drive\/","url":"https:\/\/slewingbearings.com\/product\/se-17-slew-drive\/","name":"Entra\u00eenement \u00e0 l'orientation SE-17 - ZZ Group","isPartOf":{"@id":"https:\/\/slewingbearings.com\/#website"},"datePublished":"2024-01-15T01:47:27+00:00","dateModified":"2024-01-15T01:47:27+00:00","description":"La commande d'orientation SE17 a de nombreuses applications importantes dans les v\u00e9hicules de travail a\u00e9rien et ses caract\u00e9ristiques en font un composant cl\u00e9 de ces \u00e9quipements.","breadcrumb":{"@id":"https:\/\/slewingbearings.com\/product\/se-17-slew-drive\/#breadcrumb"},"inLanguage":"fr-FR","potentialAction":[{"@type":"ReadAction","target":["https:\/\/slewingbearings.com\/product\/se-17-slew-drive\/"]}]},{"@type":"BreadcrumbList","@id":"https:\/\/slewingbearings.com\/product\/se-17-slew-drive\/#breadcrumb","itemListElement":[{"@type":"ListItem","position":1,"name":"Home","item":"https:\/\/slewingbearings.com\/fr\/palier-dorientation-entrainement-dorientation\/"},{"@type":"ListItem","position":2,"name":"Shop","item":"https:\/\/slewingbearings.com\/shop\/"},{"@type":"ListItem","position":3,"name":"Entra\u00eenement \u00e0 l&#8217;orientation SE-17"}]},{"@type":"WebSite","@id":"https:\/\/slewingbearings.com\/#website","url":"https:\/\/slewingbearings.com\/","name":"ZZ Group","description":"Leading Slewing Bearings in China","potentialAction":[{"@type":"SearchAction","target":{"@type":"EntryPoint","urlTemplate":"https:\/\/slewingbearings.com\/?s={search_term_string}"},"query-input":"required name=search_term_string"}],"inLanguage":"fr-FR"}]}},"_links":{"self":[{"href":"https:\/\/slewingbearings.com\/fr\/wp-json\/wp\/v2\/product\/11706","targetHints":{"allow":["GET"]}}],"collection":[{"href":"https:\/\/slewingbearings.com\/fr\/wp-json\/wp\/v2\/product"}],"about":[{"href":"https:\/\/slewingbearings.com\/fr\/wp-json\/wp\/v2\/types\/product"}],"replies":[{"embeddable":true,"href":"https:\/\/slewingbearings.com\/fr\/wp-json\/wp\/v2\/comments?post=11706"}],"wp:featuredmedia":[{"embeddable":true,"href":"https:\/\/slewingbearings.com\/fr\/wp-json\/wp\/v2\/media\/6006"}],"wp:attachment":[{"href":"https:\/\/slewingbearings.com\/fr\/wp-json\/wp\/v2\/media?parent=11706"}],"wp:term":[{"taxonomy":"product_cat","embeddable":true,"href":"https:\/\/slewingbearings.com\/fr\/wp-json\/wp\/v2\/product_cat?post=11706"},{"taxonomy":"product_tag","embeddable":true,"href":"https:\/\/slewingbearings.com\/fr\/wp-json\/wp\/v2\/product_tag?post=11706"}],"curies":[{"name":"wp","href":"https:\/\/api.w.org\/{rel}","templated":true}]}}