{"id":11698,"date":"2024-01-15T01:46:56","date_gmt":"2024-01-15T01:46:56","guid":{"rendered":"https:\/\/slewingbearings.com\/product\/entrainement-par-rotation-se-14\/"},"modified":"2024-01-15T01:46:56","modified_gmt":"2024-01-15T01:46:56","slug":"entrainement-par-rotation-se-14","status":"publish","type":"product","link":"https:\/\/slewingbearings.com\/fr\/product\/entrainement-par-rotation-se-14\/","title":{"rendered":"Entra\u00eenement par rotation SE-14"},"content":{"rendered":"<p>Fiabilit\u00e9 et durabilit\u00e9 : Les <a href=\"https:\/\/slewingbearings.com\/product-category\/slew-drive\/\">commandes d&rsquo;orientation de<\/a> la s\u00e9rie SE utilisent g\u00e9n\u00e9ralement des mat\u00e9riaux de haute qualit\u00e9 et des processus de fabrication avanc\u00e9s, avec une durabilit\u00e9 et une fiabilit\u00e9 \u00e9lev\u00e9es. Cela permet un fonctionnement stable dans des conditions de travail et des environnements vari\u00e9s et r\u00e9duit les co\u00fbts de maintenance. <\/p>\n<p>Polyvalence : Gr\u00e2ce \u00e0 la flexibilit\u00e9 de sa conception, la commande rotative de la s\u00e9rie SE peut \u00eatre utilis\u00e9e dans une grande vari\u00e9t\u00e9 de sc\u00e9narios d&rsquo;application. Qu&rsquo;il s&rsquo;agisse de lignes de production industrielles, d&rsquo;a\u00e9rospatiale, d&rsquo;ing\u00e9nierie de construction ou d&rsquo;\u00e9quipements m\u00e9dicaux, les entra\u00eenements rotatifs de la s\u00e9rie SE peuvent s&rsquo;adapter \u00e0 diff\u00e9rents besoins. <\/p>\n<p>Contr\u00f4le de pr\u00e9cision : Le syst\u00e8me de contr\u00f4le avanc\u00e9 permet \u00e0 la commande d&rsquo;orientation de la s\u00e9rie SE d&rsquo;assurer un contr\u00f4le pr\u00e9cis de la rotation. Ceci est important pour les applications qui requi\u00e8rent un haut degr\u00e9 d&rsquo;automatisation et des trajectoires de mouvement complexes. <\/p>\n\n<table id=\"tablepress-16\" class=\"tablepress tablepress-id-16\">\n<thead>\n<tr class=\"row-1\">\n\t<th class=\"column-1\">Model<\/th><th class=\"column-2\">Output Torque<\/th><th class=\"column-3\">Tilting Moment Torque<\/th><th class=\"column-4\">Holding Torque<\/th><th class=\"column-5\">Gear Ratio<\/th><th class=\"column-6\">Tracking Precision<\/th><th class=\"column-7\">Weight<\/th><th class=\"column-8\">Drawing<\/th>\n<\/tr>\n<\/thead>\n<tbody class=\"row-striping row-hover\">\n<tr class=\"row-2\">\n\t<td class=\"column-1\">SE14<\/td><td class=\"column-2\">8 KN.m<\/td><td class=\"column-3\">67.8 KN.m<\/td><td class=\"column-4\">48 KN.m<\/td><td class=\"column-5\">85:1<\/td><td class=\"column-6\">0.17\u00b0<\/td><td class=\"column-7\">64kg<\/td><td class=\"column-8\"><a href=\"https:\/\/slewingbearings.com\/wp-content\/uploads\/2024\/01\/SE14-Slew-Drive-catalog.pdf\"><br \/>\n<img decoding=\"async\" src=\"https:\/\/slewingbearings.com\/wp-content\/uploads\/2024\/01\/pdf.png\" width=\"30\" height=\"30\"><\/a><\/td>\n<\/tr>\n<tr class=\"row-3\">\n\t<td class=\"column-1\">SE14<\/td><td class=\"column-2\">5900 lbf.ft<\/td><td class=\"column-3\">50\u00d710\u00b3 lbf.ft<\/td><td class=\"column-4\">35\u00d710\u00b3 lbf.ft<\/td><td class=\"column-5\">85:1<\/td><td class=\"column-6\">0.17\u00b0<\/td><td class=\"column-7\">64kg<\/td><td class=\"column-8\"><a href=\"https:\/\/slewingbearings.com\/wp-content\/uploads\/2024\/01\/SE14-Slew-Drive-catalog.pdf\"><br \/>\n<img decoding=\"async\" src=\"https:\/\/slewingbearings.com\/wp-content\/uploads\/2024\/01\/pdf.png\" width=\"30\" height=\"30\"><\/a><\/td>\n<\/tr>\n<\/tbody>\n<\/table>\n<!-- #tablepress-16 from cache -->\n","protected":false},"excerpt":{"rendered":"<p>Contr\u00f4le de pr\u00e9cision : Le syst\u00e8me de contr\u00f4le avanc\u00e9 permet \u00e0 la commande d&rsquo;orientation de la s\u00e9rie SE d&rsquo;assurer un contr\u00f4le pr\u00e9cis de la rotation. Ceci est important pour les applications qui requi\u00e8rent un haut degr\u00e9 d&rsquo;automatisation et des trajectoires de mouvement complexes. <\/p>\n<p>Adaptabilit\u00e9 : La conception de la commande d&rsquo;orientation de la s\u00e9rie SE lui permet de s&rsquo;adapter \u00e0 diff\u00e9rents environnements de travail, y compris les temp\u00e9ratures \u00e9lev\u00e9es, les basses temp\u00e9ratures, les environnements humides, etc. Cela \u00e9largit son champ d&rsquo;application dans divers secteurs industriels. <\/p>\n","protected":false},"featured_media":5997,"comment_status":"open","ping_status":"closed","template":"","meta":{"content-type":""},"product_cat":[332,325],"product_tag":[408],"class_list":{"0":"post-11698","1":"product","2":"type-product","3":"status-publish","4":"has-post-thumbnail","6":"product_cat-se-pe-slew-drive-fr","7":"product_cat-slew-drive-fr","8":"product_tag-se14-slew-drive-fr","10":"first","11":"instock","12":"shipping-taxable","13":"product-type-simple"},"yoast_head":"<!-- This site is optimized with the Yoast SEO plugin v21.7 - https:\/\/yoast.com\/wordpress\/plugins\/seo\/ -->\n<title>Entra\u00eenement par rotation SE-14 - ZZ Group<\/title>\n<meta name=\"description\" content=\"Gr\u00e2ce \u00e0 son moteur et \u00e0 son r\u00e9ducteur tr\u00e8s efficaces , la commande d&#039;orientation SE14 est remarquable en termes d &#039; efficacit\u00e9 \u00e9nerg\u00e9tique. Cela permet de r\u00e9duire les co\u00fbts \u00e9nerg\u00e9tiques.\" \/>\n<meta name=\"robots\" content=\"index, follow, max-snippet:-1, max-image-preview:large, max-video-preview:-1\" \/>\n<link rel=\"canonical\" href=\"https:\/\/slewingbearings.com\/product\/se-14-slew-drive\/\" \/>\n<meta property=\"og:locale\" content=\"fr_FR\" \/>\n<meta property=\"og:type\" content=\"article\" \/>\n<meta property=\"og:title\" content=\"Entra\u00eenement par rotation SE-14 - ZZ Group\" \/>\n<meta property=\"og:description\" content=\"Gr\u00e2ce \u00e0 son moteur et \u00e0 son r\u00e9ducteur tr\u00e8s efficaces , la commande d&#039;orientation SE14 est remarquable en termes d &#039; efficacit\u00e9 \u00e9nerg\u00e9tique. Cela permet de r\u00e9duire les co\u00fbts \u00e9nerg\u00e9tiques.\" \/>\n<meta property=\"og:url\" content=\"https:\/\/slewingbearings.com\/product\/se-14-slew-drive\/\" \/>\n<meta property=\"og:site_name\" content=\"ZZ Group\" \/>\n<meta property=\"og:image\" content=\"https:\/\/slewingbearings.com\/wp-content\/uploads\/2024\/01\/se14.jpg\" \/>\n\t<meta property=\"og:image:width\" content=\"500\" \/>\n\t<meta property=\"og:image:height\" content=\"500\" \/>\n\t<meta property=\"og:image:type\" content=\"image\/jpeg\" \/>\n<meta name=\"twitter:card\" content=\"summary_large_image\" \/>\n<meta name=\"twitter:label1\" content=\"Dur\u00e9e de lecture estim\u00e9e\" \/>\n\t<meta name=\"twitter:data1\" content=\"1 minute\" \/>\n<script type=\"application\/ld+json\" class=\"yoast-schema-graph\">{\"@context\":\"https:\/\/schema.org\",\"@graph\":[{\"@type\":\"WebPage\",\"@id\":\"https:\/\/slewingbearings.com\/product\/se-14-slew-drive\/\",\"url\":\"https:\/\/slewingbearings.com\/product\/se-14-slew-drive\/\",\"name\":\"Entra\u00eenement par rotation SE-14 - ZZ Group\",\"isPartOf\":{\"@id\":\"https:\/\/slewingbearings.com\/#website\"},\"datePublished\":\"2024-01-15T01:46:56+00:00\",\"dateModified\":\"2024-01-15T01:46:56+00:00\",\"description\":\"Gr\u00e2ce \u00e0 son moteur et \u00e0 son r\u00e9ducteur tr\u00e8s efficaces , la commande d'orientation SE14 est remarquable en termes d ' efficacit\u00e9 \u00e9nerg\u00e9tique. Cela permet de r\u00e9duire les co\u00fbts \u00e9nerg\u00e9tiques.\",\"breadcrumb\":{\"@id\":\"https:\/\/slewingbearings.com\/product\/se-14-slew-drive\/#breadcrumb\"},\"inLanguage\":\"fr-FR\",\"potentialAction\":[{\"@type\":\"ReadAction\",\"target\":[\"https:\/\/slewingbearings.com\/product\/se-14-slew-drive\/\"]}]},{\"@type\":\"BreadcrumbList\",\"@id\":\"https:\/\/slewingbearings.com\/product\/se-14-slew-drive\/#breadcrumb\",\"itemListElement\":[{\"@type\":\"ListItem\",\"position\":1,\"name\":\"Home\",\"item\":\"https:\/\/slewingbearings.com\/fr\/palier-dorientation-entrainement-dorientation\/\"},{\"@type\":\"ListItem\",\"position\":2,\"name\":\"Shop\",\"item\":\"https:\/\/slewingbearings.com\/shop\/\"},{\"@type\":\"ListItem\",\"position\":3,\"name\":\"Entra\u00eenement par rotation SE-14\"}]},{\"@type\":\"WebSite\",\"@id\":\"https:\/\/slewingbearings.com\/#website\",\"url\":\"https:\/\/slewingbearings.com\/\",\"name\":\"ZZ Group\",\"description\":\"Leading Slewing Bearings in China\",\"potentialAction\":[{\"@type\":\"SearchAction\",\"target\":{\"@type\":\"EntryPoint\",\"urlTemplate\":\"https:\/\/slewingbearings.com\/?s={search_term_string}\"},\"query-input\":\"required name=search_term_string\"}],\"inLanguage\":\"fr-FR\"}]}<\/script>\n<!-- \/ Yoast SEO plugin. -->","yoast_head_json":{"title":"Entra\u00eenement par rotation SE-14 - ZZ Group","description":"Gr\u00e2ce \u00e0 son moteur et \u00e0 son r\u00e9ducteur tr\u00e8s efficaces , la commande d'orientation SE14 est remarquable en termes d ' efficacit\u00e9 \u00e9nerg\u00e9tique. Cela permet de r\u00e9duire les co\u00fbts \u00e9nerg\u00e9tiques.","robots":{"index":"index","follow":"follow","max-snippet":"max-snippet:-1","max-image-preview":"max-image-preview:large","max-video-preview":"max-video-preview:-1"},"canonical":"https:\/\/slewingbearings.com\/product\/se-14-slew-drive\/","og_locale":"fr_FR","og_type":"article","og_title":"Entra\u00eenement par rotation SE-14 - ZZ Group","og_description":"Gr\u00e2ce \u00e0 son moteur et \u00e0 son r\u00e9ducteur tr\u00e8s efficaces , la commande d'orientation SE14 est remarquable en termes d ' efficacit\u00e9 \u00e9nerg\u00e9tique. Cela permet de r\u00e9duire les co\u00fbts \u00e9nerg\u00e9tiques.","og_url":"https:\/\/slewingbearings.com\/product\/se-14-slew-drive\/","og_site_name":"ZZ Group","og_image":[{"width":500,"height":500,"url":"https:\/\/slewingbearings.com\/wp-content\/uploads\/2024\/01\/se14.jpg","type":"image\/jpeg"}],"twitter_card":"summary_large_image","twitter_misc":{"Dur\u00e9e de lecture estim\u00e9e":"1 minute"},"schema":{"@context":"https:\/\/schema.org","@graph":[{"@type":"WebPage","@id":"https:\/\/slewingbearings.com\/product\/se-14-slew-drive\/","url":"https:\/\/slewingbearings.com\/product\/se-14-slew-drive\/","name":"Entra\u00eenement par rotation SE-14 - ZZ Group","isPartOf":{"@id":"https:\/\/slewingbearings.com\/#website"},"datePublished":"2024-01-15T01:46:56+00:00","dateModified":"2024-01-15T01:46:56+00:00","description":"Gr\u00e2ce \u00e0 son moteur et \u00e0 son r\u00e9ducteur tr\u00e8s efficaces , la commande d'orientation SE14 est remarquable en termes d ' efficacit\u00e9 \u00e9nerg\u00e9tique. Cela permet de r\u00e9duire les co\u00fbts \u00e9nerg\u00e9tiques.","breadcrumb":{"@id":"https:\/\/slewingbearings.com\/product\/se-14-slew-drive\/#breadcrumb"},"inLanguage":"fr-FR","potentialAction":[{"@type":"ReadAction","target":["https:\/\/slewingbearings.com\/product\/se-14-slew-drive\/"]}]},{"@type":"BreadcrumbList","@id":"https:\/\/slewingbearings.com\/product\/se-14-slew-drive\/#breadcrumb","itemListElement":[{"@type":"ListItem","position":1,"name":"Home","item":"https:\/\/slewingbearings.com\/fr\/palier-dorientation-entrainement-dorientation\/"},{"@type":"ListItem","position":2,"name":"Shop","item":"https:\/\/slewingbearings.com\/shop\/"},{"@type":"ListItem","position":3,"name":"Entra\u00eenement par rotation SE-14"}]},{"@type":"WebSite","@id":"https:\/\/slewingbearings.com\/#website","url":"https:\/\/slewingbearings.com\/","name":"ZZ Group","description":"Leading Slewing Bearings in China","potentialAction":[{"@type":"SearchAction","target":{"@type":"EntryPoint","urlTemplate":"https:\/\/slewingbearings.com\/?s={search_term_string}"},"query-input":"required name=search_term_string"}],"inLanguage":"fr-FR"}]}},"_links":{"self":[{"href":"https:\/\/slewingbearings.com\/fr\/wp-json\/wp\/v2\/product\/11698","targetHints":{"allow":["GET"]}}],"collection":[{"href":"https:\/\/slewingbearings.com\/fr\/wp-json\/wp\/v2\/product"}],"about":[{"href":"https:\/\/slewingbearings.com\/fr\/wp-json\/wp\/v2\/types\/product"}],"replies":[{"embeddable":true,"href":"https:\/\/slewingbearings.com\/fr\/wp-json\/wp\/v2\/comments?post=11698"}],"wp:featuredmedia":[{"embeddable":true,"href":"https:\/\/slewingbearings.com\/fr\/wp-json\/wp\/v2\/media\/5997"}],"wp:attachment":[{"href":"https:\/\/slewingbearings.com\/fr\/wp-json\/wp\/v2\/media?parent=11698"}],"wp:term":[{"taxonomy":"product_cat","embeddable":true,"href":"https:\/\/slewingbearings.com\/fr\/wp-json\/wp\/v2\/product_cat?post=11698"},{"taxonomy":"product_tag","embeddable":true,"href":"https:\/\/slewingbearings.com\/fr\/wp-json\/wp\/v2\/product_tag?post=11698"}],"curies":[{"name":"wp","href":"https:\/\/api.w.org\/{rel}","templated":true}]}}