{"id":11690,"date":"2024-01-15T01:19:28","date_gmt":"2024-01-15T01:19:28","guid":{"rendered":"https:\/\/slewingbearings.com\/product\/entrainement-de-rotation-se-12\/"},"modified":"2024-01-15T01:19:28","modified_gmt":"2024-01-15T01:19:28","slug":"entrainement-de-rotation-se-12","status":"publish","type":"product","link":"https:\/\/slewingbearings.com\/fr\/product\/entrainement-de-rotation-se-12\/","title":{"rendered":"Entra\u00eenement de rotation SE-12"},"content":{"rendered":"<p><strong>Syst\u00e8me de suivisolaire:<\/strong> Dans l &lsquo; industrie solaire, les commandes d&rsquo;orientation de la s\u00e9rie SE sont largement utilis\u00e9es dans les syst\u00e8mes de poursuite solaire pour ajuster l &lsquo; angle des panneaux solaires afin de maximiser l &lsquo; absorption de la lumi\u00e8re du soleil. Ces applications requi\u00e8rent une grande pr\u00e9cision et une grande fiabilit\u00e9 afin de garantir que les panneaux solaires conservent leur orientation optimale au cours des changements quotidiens et saisonniers. <\/p>\n<p><strong>Robotique :<\/strong> Dans le domaine des robots industriels et de service, les commandes d&rsquo;orientation de la s\u00e9rie SE sont souvent utilis\u00e9es dans les articulations des robots pour leur permettre d&rsquo;effectuer des mouvements articulaires pr\u00e9cis. Cette pr\u00e9cision est essentielle pour permettre aux robots d&rsquo;effectuer des t\u00e2ches complexes sur les lignes de production ou de r\u00e9aliser des op\u00e9rations sp\u00e9cifiques dans les industries de services. <\/p>\n\n<table id=\"tablepress-15\" class=\"tablepress tablepress-id-15\">\n<thead>\n<tr class=\"row-1\">\n\t<th class=\"column-1\">Model<\/th><th class=\"column-2\">Output Torque<\/th><th class=\"column-3\">Tilting Moment Torque<\/th><th class=\"column-4\">Holding Torque<\/th><th class=\"column-5\">Gear Ratio<\/th><th class=\"column-6\">Tracking Precision<\/th><th class=\"column-7\">Weight<\/th><th class=\"column-8\">Drawing<\/th>\n<\/tr>\n<\/thead>\n<tbody class=\"row-striping row-hover\">\n<tr class=\"row-2\">\n\t<td class=\"column-1\">SE12<\/td><td class=\"column-2\">7.5 KN.m<\/td><td class=\"column-3\">54.3 KN.m<\/td><td class=\"column-4\">43 KN.m<\/td><td class=\"column-5\">78:1<\/td><td class=\"column-6\">0.17\u00b0<\/td><td class=\"column-7\">61kg<\/td><td class=\"column-8\"><a href=\"https:\/\/slewingbearings.com\/wp-content\/uploads\/2024\/01\/SE12-Slew-Drive-catalog.pdf\"><br \/>\n<img decoding=\"async\" src=\"https:\/\/slewingbearings.com\/wp-content\/uploads\/2024\/01\/pdf.png\" width=\"30\" height=\"30\"><\/a><\/td>\n<\/tr>\n<tr class=\"row-3\">\n\t<td class=\"column-1\">SE12<\/td><td class=\"column-2\">5532 lbf.ft<\/td><td class=\"column-3\">40\u00d710\u00b3 lbf.ft<\/td><td class=\"column-4\">32\u00d710\u00b3 lbf.ft<\/td><td class=\"column-5\">78:1<\/td><td class=\"column-6\">0.17\u00b0<\/td><td class=\"column-7\">61kg<\/td><td class=\"column-8\"><a href=\"https:\/\/slewingbearings.com\/wp-content\/uploads\/2024\/01\/SE12-Slew-Drive-catalog.pdf\"><br \/>\n<img decoding=\"async\" src=\"https:\/\/slewingbearings.com\/wp-content\/uploads\/2024\/01\/pdf.png\" width=\"30\" height=\"30\"><\/a><\/td>\n<\/tr>\n<\/tbody>\n<\/table>\n<!-- #tablepress-15 from cache -->\n","protected":false},"excerpt":{"rendered":"<p>Les variateurs de vitesse de la s\u00e9rie SE offrent de multiples avantages dans les applications industrielles et techniques, ce qui en fait le premier choix dans de nombreux domaines. Voici quelques-uns des principaux avantages des variateurs de vitesse de la s\u00e9rie SE : <\/p>\n<p>Haute pr\u00e9cision : Le m\u00e9canisme d&rsquo;orientation de la s\u00e9rie SE est con\u00e7u avec pr\u00e9cision pour fournir un mouvement de rotation extr\u00eamement pr\u00e9cis. Ceci est important pour les applications qui n\u00e9cessitent un positionnement et un contr\u00f4le pr\u00e9cis, comme les \u00e9quipements de production et la robotique. <\/p>\n<p>Couple \u00e9lev\u00e9 : La commande d&rsquo;orientation de la s\u00e9rie SE est capable de fournir un couple de sortie \u00e9lev\u00e9, ce qui la rend adapt\u00e9e aux applications qui doivent supporter de lourdes charges ou effectuer des op\u00e9rations \u00e0 forte puissance, telles que les machines de construction et les syst\u00e8mes de suivi solaire.<\/p>\n","protected":false},"featured_media":5988,"comment_status":"open","ping_status":"closed","template":"","meta":{"content-type":""},"product_cat":[332,325],"product_tag":[401],"class_list":{"0":"post-11690","1":"product","2":"type-product","3":"status-publish","4":"has-post-thumbnail","6":"product_cat-se-pe-slew-drive-fr","7":"product_cat-slew-drive-fr","8":"product_tag-se12-slew-drive-fr","10":"first","11":"instock","12":"shipping-taxable","13":"product-type-simple"},"yoast_head":"<!-- This site is optimized with the Yoast SEO plugin v21.7 - https:\/\/yoast.com\/wordpress\/plugins\/seo\/ -->\n<title>Entra\u00eenement de rotation SE-12 - ZZ Group<\/title>\n<meta name=\"description\" content=\"La structure de la commande d&#039;orientation SE12 est con\u00e7ue avec pr\u00e9cision et optimis\u00e9e pour offrir des performances \u00e9lev\u00e9es dans les applications industrielles et techniques.\" \/>\n<meta name=\"robots\" content=\"index, follow, max-snippet:-1, max-image-preview:large, max-video-preview:-1\" \/>\n<link rel=\"canonical\" href=\"https:\/\/slewingbearings.com\/product\/se-12-slew-drive\/\" \/>\n<meta property=\"og:locale\" content=\"fr_FR\" \/>\n<meta property=\"og:type\" content=\"article\" \/>\n<meta property=\"og:title\" content=\"Entra\u00eenement de rotation SE-12 - ZZ Group\" \/>\n<meta property=\"og:description\" content=\"La structure de la commande d&#039;orientation SE12 est con\u00e7ue avec pr\u00e9cision et optimis\u00e9e pour offrir des performances \u00e9lev\u00e9es dans les applications industrielles et techniques.\" \/>\n<meta property=\"og:url\" content=\"https:\/\/slewingbearings.com\/product\/se-12-slew-drive\/\" \/>\n<meta property=\"og:site_name\" content=\"ZZ Group\" \/>\n<meta property=\"og:image\" content=\"https:\/\/slewingbearings.com\/wp-content\/uploads\/2024\/01\/se12.jpg\" \/>\n\t<meta property=\"og:image:width\" content=\"500\" \/>\n\t<meta property=\"og:image:height\" content=\"500\" \/>\n\t<meta property=\"og:image:type\" content=\"image\/jpeg\" \/>\n<meta name=\"twitter:card\" content=\"summary_large_image\" \/>\n<meta name=\"twitter:label1\" content=\"Dur\u00e9e de lecture estim\u00e9e\" \/>\n\t<meta name=\"twitter:data1\" content=\"1 minute\" \/>\n<script type=\"application\/ld+json\" class=\"yoast-schema-graph\">{\"@context\":\"https:\/\/schema.org\",\"@graph\":[{\"@type\":\"WebPage\",\"@id\":\"https:\/\/slewingbearings.com\/product\/se-12-slew-drive\/\",\"url\":\"https:\/\/slewingbearings.com\/product\/se-12-slew-drive\/\",\"name\":\"Entra\u00eenement de rotation SE-12 - ZZ Group\",\"isPartOf\":{\"@id\":\"https:\/\/slewingbearings.com\/#website\"},\"datePublished\":\"2024-01-15T01:19:28+00:00\",\"dateModified\":\"2024-01-15T01:19:28+00:00\",\"description\":\"La structure de la commande d'orientation SE12 est con\u00e7ue avec pr\u00e9cision et optimis\u00e9e pour offrir des performances \u00e9lev\u00e9es dans les applications industrielles et techniques.\",\"breadcrumb\":{\"@id\":\"https:\/\/slewingbearings.com\/product\/se-12-slew-drive\/#breadcrumb\"},\"inLanguage\":\"fr-FR\",\"potentialAction\":[{\"@type\":\"ReadAction\",\"target\":[\"https:\/\/slewingbearings.com\/product\/se-12-slew-drive\/\"]}]},{\"@type\":\"BreadcrumbList\",\"@id\":\"https:\/\/slewingbearings.com\/product\/se-12-slew-drive\/#breadcrumb\",\"itemListElement\":[{\"@type\":\"ListItem\",\"position\":1,\"name\":\"Home\",\"item\":\"https:\/\/slewingbearings.com\/fr\/palier-dorientation-entrainement-dorientation\/\"},{\"@type\":\"ListItem\",\"position\":2,\"name\":\"Shop\",\"item\":\"https:\/\/slewingbearings.com\/shop\/\"},{\"@type\":\"ListItem\",\"position\":3,\"name\":\"Entra\u00eenement de rotation SE-12\"}]},{\"@type\":\"WebSite\",\"@id\":\"https:\/\/slewingbearings.com\/#website\",\"url\":\"https:\/\/slewingbearings.com\/\",\"name\":\"ZZ Group\",\"description\":\"Leading Slewing Bearings in China\",\"potentialAction\":[{\"@type\":\"SearchAction\",\"target\":{\"@type\":\"EntryPoint\",\"urlTemplate\":\"https:\/\/slewingbearings.com\/?s={search_term_string}\"},\"query-input\":\"required name=search_term_string\"}],\"inLanguage\":\"fr-FR\"}]}<\/script>\n<!-- \/ Yoast SEO plugin. -->","yoast_head_json":{"title":"Entra\u00eenement de rotation SE-12 - ZZ Group","description":"La structure de la commande d'orientation SE12 est con\u00e7ue avec pr\u00e9cision et optimis\u00e9e pour offrir des performances \u00e9lev\u00e9es dans les applications industrielles et techniques.","robots":{"index":"index","follow":"follow","max-snippet":"max-snippet:-1","max-image-preview":"max-image-preview:large","max-video-preview":"max-video-preview:-1"},"canonical":"https:\/\/slewingbearings.com\/product\/se-12-slew-drive\/","og_locale":"fr_FR","og_type":"article","og_title":"Entra\u00eenement de rotation SE-12 - ZZ Group","og_description":"La structure de la commande d'orientation SE12 est con\u00e7ue avec pr\u00e9cision et optimis\u00e9e pour offrir des performances \u00e9lev\u00e9es dans les applications industrielles et techniques.","og_url":"https:\/\/slewingbearings.com\/product\/se-12-slew-drive\/","og_site_name":"ZZ Group","og_image":[{"width":500,"height":500,"url":"https:\/\/slewingbearings.com\/wp-content\/uploads\/2024\/01\/se12.jpg","type":"image\/jpeg"}],"twitter_card":"summary_large_image","twitter_misc":{"Dur\u00e9e de lecture estim\u00e9e":"1 minute"},"schema":{"@context":"https:\/\/schema.org","@graph":[{"@type":"WebPage","@id":"https:\/\/slewingbearings.com\/product\/se-12-slew-drive\/","url":"https:\/\/slewingbearings.com\/product\/se-12-slew-drive\/","name":"Entra\u00eenement de rotation SE-12 - ZZ Group","isPartOf":{"@id":"https:\/\/slewingbearings.com\/#website"},"datePublished":"2024-01-15T01:19:28+00:00","dateModified":"2024-01-15T01:19:28+00:00","description":"La structure de la commande d'orientation SE12 est con\u00e7ue avec pr\u00e9cision et optimis\u00e9e pour offrir des performances \u00e9lev\u00e9es dans les applications industrielles et techniques.","breadcrumb":{"@id":"https:\/\/slewingbearings.com\/product\/se-12-slew-drive\/#breadcrumb"},"inLanguage":"fr-FR","potentialAction":[{"@type":"ReadAction","target":["https:\/\/slewingbearings.com\/product\/se-12-slew-drive\/"]}]},{"@type":"BreadcrumbList","@id":"https:\/\/slewingbearings.com\/product\/se-12-slew-drive\/#breadcrumb","itemListElement":[{"@type":"ListItem","position":1,"name":"Home","item":"https:\/\/slewingbearings.com\/fr\/palier-dorientation-entrainement-dorientation\/"},{"@type":"ListItem","position":2,"name":"Shop","item":"https:\/\/slewingbearings.com\/shop\/"},{"@type":"ListItem","position":3,"name":"Entra\u00eenement de rotation SE-12"}]},{"@type":"WebSite","@id":"https:\/\/slewingbearings.com\/#website","url":"https:\/\/slewingbearings.com\/","name":"ZZ Group","description":"Leading Slewing Bearings in China","potentialAction":[{"@type":"SearchAction","target":{"@type":"EntryPoint","urlTemplate":"https:\/\/slewingbearings.com\/?s={search_term_string}"},"query-input":"required name=search_term_string"}],"inLanguage":"fr-FR"}]}},"_links":{"self":[{"href":"https:\/\/slewingbearings.com\/fr\/wp-json\/wp\/v2\/product\/11690","targetHints":{"allow":["GET"]}}],"collection":[{"href":"https:\/\/slewingbearings.com\/fr\/wp-json\/wp\/v2\/product"}],"about":[{"href":"https:\/\/slewingbearings.com\/fr\/wp-json\/wp\/v2\/types\/product"}],"replies":[{"embeddable":true,"href":"https:\/\/slewingbearings.com\/fr\/wp-json\/wp\/v2\/comments?post=11690"}],"wp:featuredmedia":[{"embeddable":true,"href":"https:\/\/slewingbearings.com\/fr\/wp-json\/wp\/v2\/media\/5988"}],"wp:attachment":[{"href":"https:\/\/slewingbearings.com\/fr\/wp-json\/wp\/v2\/media?parent=11690"}],"wp:term":[{"taxonomy":"product_cat","embeddable":true,"href":"https:\/\/slewingbearings.com\/fr\/wp-json\/wp\/v2\/product_cat?post=11690"},{"taxonomy":"product_tag","embeddable":true,"href":"https:\/\/slewingbearings.com\/fr\/wp-json\/wp\/v2\/product_tag?post=11690"}],"curies":[{"name":"wp","href":"https:\/\/api.w.org\/{rel}","templated":true}]}}