{"id":11683,"date":"2024-01-15T00:40:02","date_gmt":"2024-01-15T00:40:02","guid":{"rendered":"https:\/\/slewingbearings.com\/product\/entrainement-a-lorientation-se-9\/"},"modified":"2024-01-15T00:40:02","modified_gmt":"2024-01-15T00:40:02","slug":"entrainement-a-lorientation-se-9","status":"publish","type":"product","link":"https:\/\/slewingbearings.com\/fr\/product\/entrainement-a-lorientation-se-9\/","title":{"rendered":"Entra\u00eenement \u00e0 l&rsquo;orientation SE-9"},"content":{"rendered":"<p>La conception structurelle du <a href=\"https:\/\/slewingbearings.com\/product-category\/slew-drive\/\">m\u00e9canisme d&rsquo;orientation de<\/a> la s\u00e9rie SE comprend g\u00e9n\u00e9ralement les \u00e9l\u00e9ments cl\u00e9s suivants :<\/p>\n<ul>\n<li>Bague ext\u00e9rieure et bague int\u00e9rieure : La structure de base du m\u00e9canisme d&rsquo;orientation de la s\u00e9rie SE se compose d&rsquo;une grande bague ext\u00e9rieure et d&rsquo;une petite bague int\u00e9rieure. Un espace annulaire est form\u00e9 entre ces deux bagues, dans lequel se produit le mouvement de rotation. L&rsquo;anneau ext\u00e9rieur est fix\u00e9 dans le syst\u00e8me m\u00e9canique, tandis que l&rsquo;anneau int\u00e9rieur est reli\u00e9 \u00e0 l&rsquo;\u00e9quipement m\u00e9canique et tourne gr\u00e2ce au syst\u00e8me d&rsquo;entra\u00eenement.  <\/li>\n<li>Syst\u00e8me d&rsquo;engrenage : Le syst\u00e8me d&rsquo;engrenage entre les anneaux int\u00e9rieur et ext\u00e9rieur est le principal m\u00e9canisme de transmission. Il se compose d&rsquo;engrenages de pr\u00e9cision qui permettent \u00e0 la bague int\u00e9rieure de tourner en douceur par rapport \u00e0 la bague ext\u00e9rieure. La conception et la fabrication des engrenages sont essentielles pour garantir la pr\u00e9cision, le transfert de couple et la durabilit\u00e9 du syst\u00e8me.  <\/li>\n<li>Moteur : Le moteur est la source d&rsquo;\u00e9nergie de la commande d&rsquo;orientation de la s\u00e9rie SE, et un moteur \u00e0 courant continu ou alternatif \u00e0 haut rendement est g\u00e9n\u00e9ralement s\u00e9lectionn\u00e9. L&rsquo;arbre de sortie du moteur est reli\u00e9 au syst\u00e8me d&rsquo;engrenage pour entra\u00eener le mouvement rotatif en fournissant un couple de rotation. <\/li>\n<li>R\u00e9ducteur : Afin de r\u00e9duire le mouvement de rotation \u00e0 grande vitesse produit par le moteur, les commandes pivotantes de la s\u00e9rie SE sont g\u00e9n\u00e9ralement \u00e9quip\u00e9es d&rsquo;un r\u00e9ducteur. Les r\u00e9ducteurs augmentent le couple en ralentissant la rotation et assurent la souplesse et la pr\u00e9cision du syst\u00e8me. <\/li>\n<\/ul>\n\n<table id=\"tablepress-14\" class=\"tablepress tablepress-id-14\">\n<thead>\n<tr class=\"row-1\">\n\t<th class=\"column-1\">Model<\/th><th class=\"column-2\">Output Torque<\/th><th class=\"column-3\">Tilting Moment Torque<\/th><th class=\"column-4\">Holding Torque<\/th><th class=\"column-5\">Gear Ratio<\/th><th class=\"column-6\">Tracking Precision<\/th><th class=\"column-7\">Weight<\/th><th class=\"column-8\">Drawing<\/th>\n<\/tr>\n<\/thead>\n<tbody class=\"row-striping row-hover\">\n<tr class=\"row-2\">\n\t<td class=\"column-1\">SE9<\/td><td class=\"column-2\">6.5 KN.m<\/td><td class=\"column-3\">33.9 KN.m<\/td><td class=\"column-4\">38.7 KN.m<\/td><td class=\"column-5\">61:1<\/td><td class=\"column-6\">0.17\u00b0<\/td><td class=\"column-7\">49kg<\/td><td class=\"column-8\"><a href=\"https:\/\/slewingbearings.com\/wp-content\/uploads\/2024\/01\/SE9-Slew-Drive-catalog.pdf\"><br \/>\n<img decoding=\"async\" src=\"https:\/\/slewingbearings.com\/wp-content\/uploads\/2024\/01\/pdf.png\" width=\"30\" height=\"30\"><\/a><\/td>\n<\/tr>\n<tr class=\"row-3\">\n\t<td class=\"column-1\">SE9<\/td><td class=\"column-2\">4794 lbf.ft<\/td><td class=\"column-3\">25\u00d710\u00b3 lbf.ft<\/td><td class=\"column-4\">29\u00d710\u00b3 lbf.ft<\/td><td class=\"column-5\">61:1<\/td><td class=\"column-6\">0.17\u00b0<\/td><td class=\"column-7\">49kg<\/td><td class=\"column-8\"><a href=\"https:\/\/slewingbearings.com\/wp-content\/uploads\/2024\/01\/SE9-Slew-Drive-catalog.pdf\"><br \/>\n<img decoding=\"async\" src=\"https:\/\/slewingbearings.com\/wp-content\/uploads\/2024\/01\/pdf.png\" width=\"30\" height=\"30\"><\/a><\/td>\n<\/tr>\n<\/tbody>\n<\/table>\n<!-- #tablepress-14 from cache -->\n","protected":false},"excerpt":{"rendered":"<p>Les variateurs de vitesse de la s\u00e9rie SE sont largement utilis\u00e9s dans de nombreux domaines industriels et sc\u00e9narios d&rsquo; application d&rsquo;ing\u00e9nierie en raison de leur haute pr\u00e9cision, de leur couple \u00e9lev\u00e9 et de leur stabilit\u00e9. Voici quelques exemples d&rsquo; applications courantes des variateurs de vitesse de la s\u00e9rie SE : <\/p>\n<p>Machines industrielles: Les m\u00e9canismes d&rsquo;orientation de la s\u00e9rie SE sont couramment utilis\u00e9s dans le domaine des machines industrielles, telles que les machines-outils \u00e0 commande num\u00e9rique, les machines de moulage par injection, les \u00e9quipements de m\u00e9lange, etc. Sa grande pr\u00e9cision et son couple \u00e9lev\u00e9 en font la solution id\u00e9ale pour les \u00e9quipements de production n\u00e9cessitant un mouvement de rotation, tels que le positionnement, la rotation et l&rsquo; usinage des pi\u00e8ces pendant la fabrication. <\/p>\n<p>Syst\u00e8me de suivi solaire: Dans l &lsquo; industrie solaire, les commandes d&rsquo;orientation de la s\u00e9rie SE sont largement utilis\u00e9es dans les syst\u00e8mes de poursuite solaire pour ajuster l &lsquo; angle des panneaux solaires afin de maximiser l &lsquo; absorption de la lumi\u00e8re du soleil. Ces applications requi\u00e8rent une grande pr\u00e9cision et une grande fiabilit\u00e9 afin de garantir que les panneaux solaires conservent leur orientation optimale au cours des changements quotidiens et saisonniers. <\/p>\n","protected":false},"featured_media":5907,"comment_status":"open","ping_status":"closed","template":"","meta":{"content-type":""},"product_cat":[332,325],"product_tag":[394],"class_list":{"0":"post-11683","1":"product","2":"type-product","3":"status-publish","4":"has-post-thumbnail","6":"product_cat-se-pe-slew-drive-fr","7":"product_cat-slew-drive-fr","8":"product_tag-se9-slew-drive-fr","10":"first","11":"instock","12":"shipping-taxable","13":"product-type-simple"},"yoast_head":"<!-- This site is optimized with the Yoast SEO plugin v21.7 - https:\/\/yoast.com\/wordpress\/plugins\/seo\/ -->\n<title>Entra\u00eenement \u00e0 l&#039;orientation SE-9 - ZZ Group<\/title>\n<meta name=\"description\" content=\"L &#039; \u00e9quipement de commande d&#039;orientation SE9 est hautement \u00e9tanche et prot\u00e9g\u00e9 afin d&#039; \u00e9viter l&#039; impact de l&#039; environnement ext\u00e9rieur sur les composants m\u00e9caniques internes.\" \/>\n<meta name=\"robots\" content=\"index, follow, max-snippet:-1, max-image-preview:large, max-video-preview:-1\" \/>\n<link rel=\"canonical\" href=\"https:\/\/slewingbearings.com\/product\/se-9-slew-drive\/\" \/>\n<meta property=\"og:locale\" content=\"fr_FR\" \/>\n<meta property=\"og:type\" content=\"article\" \/>\n<meta property=\"og:title\" content=\"Entra\u00eenement \u00e0 l&#039;orientation SE-9 - ZZ Group\" \/>\n<meta property=\"og:description\" content=\"L &#039; \u00e9quipement de commande d&#039;orientation SE9 est hautement \u00e9tanche et prot\u00e9g\u00e9 afin d&#039; \u00e9viter l&#039; impact de l&#039; environnement ext\u00e9rieur sur les composants m\u00e9caniques internes.\" \/>\n<meta property=\"og:url\" content=\"https:\/\/slewingbearings.com\/product\/se-9-slew-drive\/\" \/>\n<meta property=\"og:site_name\" content=\"ZZ Group\" \/>\n<meta property=\"og:image\" content=\"https:\/\/slewingbearings.com\/wp-content\/uploads\/2023\/11\/se9.jpg\" \/>\n\t<meta property=\"og:image:width\" content=\"500\" \/>\n\t<meta property=\"og:image:height\" content=\"500\" \/>\n\t<meta property=\"og:image:type\" content=\"image\/jpeg\" \/>\n<meta name=\"twitter:card\" content=\"summary_large_image\" \/>\n<meta name=\"twitter:label1\" content=\"Dur\u00e9e de lecture estim\u00e9e\" \/>\n\t<meta name=\"twitter:data1\" content=\"1 minute\" \/>\n<script type=\"application\/ld+json\" class=\"yoast-schema-graph\">{\"@context\":\"https:\/\/schema.org\",\"@graph\":[{\"@type\":\"WebPage\",\"@id\":\"https:\/\/slewingbearings.com\/product\/se-9-slew-drive\/\",\"url\":\"https:\/\/slewingbearings.com\/product\/se-9-slew-drive\/\",\"name\":\"Entra\u00eenement \u00e0 l'orientation SE-9 - ZZ Group\",\"isPartOf\":{\"@id\":\"https:\/\/slewingbearings.com\/#website\"},\"datePublished\":\"2024-01-15T00:40:02+00:00\",\"dateModified\":\"2024-01-15T00:40:02+00:00\",\"description\":\"L ' \u00e9quipement de commande d'orientation SE9 est hautement \u00e9tanche et prot\u00e9g\u00e9 afin d' \u00e9viter l' impact de l' environnement ext\u00e9rieur sur les composants m\u00e9caniques internes.\",\"breadcrumb\":{\"@id\":\"https:\/\/slewingbearings.com\/product\/se-9-slew-drive\/#breadcrumb\"},\"inLanguage\":\"fr-FR\",\"potentialAction\":[{\"@type\":\"ReadAction\",\"target\":[\"https:\/\/slewingbearings.com\/product\/se-9-slew-drive\/\"]}]},{\"@type\":\"BreadcrumbList\",\"@id\":\"https:\/\/slewingbearings.com\/product\/se-9-slew-drive\/#breadcrumb\",\"itemListElement\":[{\"@type\":\"ListItem\",\"position\":1,\"name\":\"Home\",\"item\":\"https:\/\/slewingbearings.com\/fr\/palier-dorientation-entrainement-dorientation\/\"},{\"@type\":\"ListItem\",\"position\":2,\"name\":\"Shop\",\"item\":\"https:\/\/slewingbearings.com\/shop\/\"},{\"@type\":\"ListItem\",\"position\":3,\"name\":\"Entra\u00eenement \u00e0 l&#8217;orientation SE-9\"}]},{\"@type\":\"WebSite\",\"@id\":\"https:\/\/slewingbearings.com\/#website\",\"url\":\"https:\/\/slewingbearings.com\/\",\"name\":\"ZZ Group\",\"description\":\"Leading Slewing Bearings in China\",\"potentialAction\":[{\"@type\":\"SearchAction\",\"target\":{\"@type\":\"EntryPoint\",\"urlTemplate\":\"https:\/\/slewingbearings.com\/?s={search_term_string}\"},\"query-input\":\"required name=search_term_string\"}],\"inLanguage\":\"fr-FR\"}]}<\/script>\n<!-- \/ Yoast SEO plugin. -->","yoast_head_json":{"title":"Entra\u00eenement \u00e0 l'orientation SE-9 - ZZ Group","description":"L ' \u00e9quipement de commande d'orientation SE9 est hautement \u00e9tanche et prot\u00e9g\u00e9 afin d' \u00e9viter l' impact de l' environnement ext\u00e9rieur sur les composants m\u00e9caniques internes.","robots":{"index":"index","follow":"follow","max-snippet":"max-snippet:-1","max-image-preview":"max-image-preview:large","max-video-preview":"max-video-preview:-1"},"canonical":"https:\/\/slewingbearings.com\/product\/se-9-slew-drive\/","og_locale":"fr_FR","og_type":"article","og_title":"Entra\u00eenement \u00e0 l'orientation SE-9 - ZZ Group","og_description":"L ' \u00e9quipement de commande d'orientation SE9 est hautement \u00e9tanche et prot\u00e9g\u00e9 afin d' \u00e9viter l' impact de l' environnement ext\u00e9rieur sur les composants m\u00e9caniques internes.","og_url":"https:\/\/slewingbearings.com\/product\/se-9-slew-drive\/","og_site_name":"ZZ Group","og_image":[{"width":500,"height":500,"url":"https:\/\/slewingbearings.com\/wp-content\/uploads\/2023\/11\/se9.jpg","type":"image\/jpeg"}],"twitter_card":"summary_large_image","twitter_misc":{"Dur\u00e9e de lecture estim\u00e9e":"1 minute"},"schema":{"@context":"https:\/\/schema.org","@graph":[{"@type":"WebPage","@id":"https:\/\/slewingbearings.com\/product\/se-9-slew-drive\/","url":"https:\/\/slewingbearings.com\/product\/se-9-slew-drive\/","name":"Entra\u00eenement \u00e0 l'orientation SE-9 - ZZ Group","isPartOf":{"@id":"https:\/\/slewingbearings.com\/#website"},"datePublished":"2024-01-15T00:40:02+00:00","dateModified":"2024-01-15T00:40:02+00:00","description":"L ' \u00e9quipement de commande d'orientation SE9 est hautement \u00e9tanche et prot\u00e9g\u00e9 afin d' \u00e9viter l' impact de l' environnement ext\u00e9rieur sur les composants m\u00e9caniques internes.","breadcrumb":{"@id":"https:\/\/slewingbearings.com\/product\/se-9-slew-drive\/#breadcrumb"},"inLanguage":"fr-FR","potentialAction":[{"@type":"ReadAction","target":["https:\/\/slewingbearings.com\/product\/se-9-slew-drive\/"]}]},{"@type":"BreadcrumbList","@id":"https:\/\/slewingbearings.com\/product\/se-9-slew-drive\/#breadcrumb","itemListElement":[{"@type":"ListItem","position":1,"name":"Home","item":"https:\/\/slewingbearings.com\/fr\/palier-dorientation-entrainement-dorientation\/"},{"@type":"ListItem","position":2,"name":"Shop","item":"https:\/\/slewingbearings.com\/shop\/"},{"@type":"ListItem","position":3,"name":"Entra\u00eenement \u00e0 l&#8217;orientation SE-9"}]},{"@type":"WebSite","@id":"https:\/\/slewingbearings.com\/#website","url":"https:\/\/slewingbearings.com\/","name":"ZZ Group","description":"Leading Slewing Bearings in China","potentialAction":[{"@type":"SearchAction","target":{"@type":"EntryPoint","urlTemplate":"https:\/\/slewingbearings.com\/?s={search_term_string}"},"query-input":"required name=search_term_string"}],"inLanguage":"fr-FR"}]}},"_links":{"self":[{"href":"https:\/\/slewingbearings.com\/fr\/wp-json\/wp\/v2\/product\/11683","targetHints":{"allow":["GET"]}}],"collection":[{"href":"https:\/\/slewingbearings.com\/fr\/wp-json\/wp\/v2\/product"}],"about":[{"href":"https:\/\/slewingbearings.com\/fr\/wp-json\/wp\/v2\/types\/product"}],"replies":[{"embeddable":true,"href":"https:\/\/slewingbearings.com\/fr\/wp-json\/wp\/v2\/comments?post=11683"}],"wp:featuredmedia":[{"embeddable":true,"href":"https:\/\/slewingbearings.com\/fr\/wp-json\/wp\/v2\/media\/5907"}],"wp:attachment":[{"href":"https:\/\/slewingbearings.com\/fr\/wp-json\/wp\/v2\/media?parent=11683"}],"wp:term":[{"taxonomy":"product_cat","embeddable":true,"href":"https:\/\/slewingbearings.com\/fr\/wp-json\/wp\/v2\/product_cat?post=11683"},{"taxonomy":"product_tag","embeddable":true,"href":"https:\/\/slewingbearings.com\/fr\/wp-json\/wp\/v2\/product_tag?post=11683"}],"curies":[{"name":"wp","href":"https:\/\/api.w.org\/{rel}","templated":true}]}}