{"id":11659,"date":"2023-11-29T05:24:53","date_gmt":"2023-11-29T05:24:53","guid":{"rendered":"https:\/\/slewingbearings.com\/product\/se-7-entrainement-a-la-rotation\/"},"modified":"2023-11-29T05:24:53","modified_gmt":"2023-11-29T05:24:53","slug":"se-7-entrainement-a-la-rotation","status":"publish","type":"product","link":"https:\/\/slewingbearings.com\/fr\/product\/se-7-entrainement-a-la-rotation\/","title":{"rendered":"SE-7 Entra\u00eenement \u00e0 la rotation"},"content":{"rendered":"<p>L&rsquo;excellente capacit\u00e9 de charge est la caract\u00e9ristique distinctive des commandes d&rsquo;orientation de la s\u00e9rie SE. Gr\u00e2ce \u00e0 une fabrication de pr\u00e9cision et \u00e0 une conception structurelle, cette s\u00e9rie de produits peut fonctionner de mani\u00e8re stable dans des conditions de charge et d&rsquo;intensit\u00e9 de travail \u00e9lev\u00e9es, r\u00e9pondant ainsi aux exigences rigoureuses en mati\u00e8re de fiabilit\u00e9 et de stabilit\u00e9 des machines industrielles et des \u00e9quipements d&rsquo;ing\u00e9nierie. <\/p>\n<p>En termes de fiabilit\u00e9, la commande d&rsquo;orientation de la s\u00e9rie SE garantit un niveau \u00e9lev\u00e9 de performance pendant le fonctionnement \u00e0 long terme en s\u00e9lectionnant des mat\u00e9riaux durables et une fabrication exquise, ce qui prolonge la dur\u00e9e de vie de l&rsquo;\u00e9quipement et r\u00e9duit les co\u00fbts d&rsquo;entretien.<\/p>\n<p>L&rsquo;efficacit\u00e9 \u00e9nerg\u00e9tique est un autre avantage majeur des variateurs de vitesse de la s\u00e9rie SE. En appliquant une technologie de conversion d&rsquo;\u00e9nergie efficace, ces syst\u00e8mes d&rsquo;entra\u00eenement peuvent convertir efficacement l&rsquo;\u00e9nergie d&rsquo;entr\u00e9e en puissance de sortie, r\u00e9duire la consommation d&rsquo;\u00e9nergie globale et r\u00e9pondre aux besoins de durabilit\u00e9 et d&rsquo;efficacit\u00e9 \u00e9nerg\u00e9tique dans le domaine de l&rsquo;ing\u00e9nierie d&rsquo;aujourd&rsquo;hui. <\/p>\n<p>Les variateurs de vitesse de la s\u00e9rie SE sont con\u00e7us pour une int\u00e9gration ais\u00e9e. La structure modulaire et les interfaces standard permettent de l&rsquo;appliquer avec souplesse \u00e0 divers syst\u00e8mes m\u00e9caniques et de fournir des solutions int\u00e9gr\u00e9es vari\u00e9es. En m\u00eame temps, sa conception r\u00e9sistante \u00e0 la poussi\u00e8re et \u00e0 l&rsquo;eau assure un fonctionnement stable dans des environnements difficiles, garantissant la s\u00e9curit\u00e9 et la fiabilit\u00e9 de l&rsquo;\u00e9quipement.  <\/p>\n\n<table id=\"tablepress-13\" class=\"tablepress tablepress-id-13\">\n<thead>\n<tr class=\"row-1\">\n\t<th class=\"column-1\">Model<\/th><th class=\"column-2\">Output Torque<\/th><th class=\"column-3\">Tilting Moment Torque<\/th><th class=\"column-4\">Holding Torque<\/th><th class=\"column-5\">Gear Ratio<\/th><th class=\"column-6\">Tracking Precision<\/th><th class=\"column-7\">Weight<\/th><th class=\"column-8\">Drawing<\/th>\n<\/tr>\n<\/thead>\n<tbody class=\"row-striping row-hover\">\n<tr class=\"row-2\">\n\t<td class=\"column-1\">SE7<\/td><td class=\"column-2\">1000 N.m<\/td><td class=\"column-3\">13500 N.m<\/td><td class=\"column-4\">10400 N.m<\/td><td class=\"column-5\">73:1<\/td><td class=\"column-6\">0.2\u00b0<\/td><td class=\"column-7\">21kg<\/td><td class=\"column-8\"><a href=\"https:\/\/slewingbearings.com\/wp-content\/uploads\/2024\/01\/SE7-Slew-Drive-catalog.pdf\"><br \/>\n<img decoding=\"async\" src=\"https:\/\/slewingbearings.com\/wp-content\/uploads\/2024\/01\/pdf.png\" width=\"30\" height=\"30\"><\/a><\/td>\n<\/tr>\n<tr class=\"row-3\">\n\t<td class=\"column-1\">SE7<\/td><td class=\"column-2\">738 lbf.ft<\/td><td class=\"column-3\">9957 lbf.ft<\/td><td class=\"column-4\">7671 lbf.ft<\/td><td class=\"column-5\">73:1<\/td><td class=\"column-6\">0.2\u00b0<\/td><td class=\"column-7\">21kg<\/td><td class=\"column-8\"><a href=\"https:\/\/slewingbearings.com\/wp-content\/uploads\/2024\/01\/SE7-Slew-Drive-catalog.pdf\"><br \/>\n<img decoding=\"async\" src=\"https:\/\/slewingbearings.com\/wp-content\/uploads\/2024\/01\/pdf.png\" width=\"30\" height=\"30\"><\/a><\/td>\n<\/tr>\n<\/tbody>\n<\/table>\n<!-- #tablepress-13 from cache -->\n","protected":false},"excerpt":{"rendered":"<p>La commande d&rsquo;orientation SE7 incarne le summum de la conception technique avanc\u00e9e, offrant des solutions de puissance sup\u00e9rieures pour une large gamme d &lsquo;applications industrielles. Sa conception accorde une attention particuli\u00e8re aux d\u00e9tails et vise \u00e0 assurer une transmission efficace de la puissance de rotation dans un espace limit\u00e9 et \u00e0 d\u00e9montrer ses performances globales dans le cadre de divers sc\u00e9narios d&rsquo;application technique. <\/p>\n<p>Dans l&rsquo;ensemble, le m\u00e9canisme d&rsquo;orientation de la s\u00e9rie SE fournit des solutions de transmission de puissance rotative efficaces et durables pour le secteur industriel, gr\u00e2ce \u00e0 son excellente conception technique, sa capacit\u00e9 de charge, sa fiabilit\u00e9, son efficacit\u00e9 \u00e9nerg\u00e9tique et sa facilit\u00e9 d&rsquo;int\u00e9gration.<\/p>\n","protected":false},"featured_media":5898,"comment_status":"open","ping_status":"closed","template":"","meta":{"content-type":""},"product_cat":[332,325],"product_tag":[388],"class_list":{"0":"post-11659","1":"product","2":"type-product","3":"status-publish","4":"has-post-thumbnail","6":"product_cat-se-pe-slew-drive-fr","7":"product_cat-slew-drive-fr","8":"product_tag-se7-slew-drive-fr","10":"first","11":"instock","12":"shipping-taxable","13":"product-type-simple"},"yoast_head":"<!-- This site is optimized with the Yoast SEO plugin v21.7 - https:\/\/yoast.com\/wordpress\/plugins\/seo\/ -->\n<title>SE-7 Entra\u00eenement \u00e0 la rotation - ZZ Group<\/title>\n<meta name=\"description\" content=\"La commande d&#039;orientation SE7 est con\u00e7ue pour une int\u00e9gration facile. La structure modulaire et les interfaces standard peuvent \u00eatre appliqu\u00e9es de mani\u00e8re flexible \u00e0 diff\u00e9rents types de machines.\" \/>\n<meta name=\"robots\" content=\"index, follow, max-snippet:-1, max-image-preview:large, max-video-preview:-1\" \/>\n<link rel=\"canonical\" href=\"https:\/\/slewingbearings.com\/product\/se-7-slew-drive\/\" \/>\n<meta property=\"og:locale\" content=\"fr_FR\" \/>\n<meta property=\"og:type\" content=\"article\" \/>\n<meta property=\"og:title\" content=\"SE-7 Entra\u00eenement \u00e0 la rotation - ZZ Group\" \/>\n<meta property=\"og:description\" content=\"La commande d&#039;orientation SE7 est con\u00e7ue pour une int\u00e9gration facile. La structure modulaire et les interfaces standard peuvent \u00eatre appliqu\u00e9es de mani\u00e8re flexible \u00e0 diff\u00e9rents types de machines.\" \/>\n<meta property=\"og:url\" content=\"https:\/\/slewingbearings.com\/product\/se-7-slew-drive\/\" \/>\n<meta property=\"og:site_name\" content=\"ZZ Group\" \/>\n<meta property=\"og:image\" content=\"https:\/\/slewingbearings.com\/wp-content\/uploads\/2023\/11\/se7.jpg\" \/>\n\t<meta property=\"og:image:width\" content=\"500\" \/>\n\t<meta property=\"og:image:height\" content=\"500\" \/>\n\t<meta property=\"og:image:type\" content=\"image\/jpeg\" \/>\n<meta name=\"twitter:card\" content=\"summary_large_image\" \/>\n<meta name=\"twitter:label1\" content=\"Dur\u00e9e de lecture estim\u00e9e\" \/>\n\t<meta name=\"twitter:data1\" content=\"1 minute\" \/>\n<script type=\"application\/ld+json\" class=\"yoast-schema-graph\">{\"@context\":\"https:\/\/schema.org\",\"@graph\":[{\"@type\":\"WebPage\",\"@id\":\"https:\/\/slewingbearings.com\/product\/se-7-slew-drive\/\",\"url\":\"https:\/\/slewingbearings.com\/product\/se-7-slew-drive\/\",\"name\":\"SE-7 Entra\u00eenement \u00e0 la rotation - ZZ Group\",\"isPartOf\":{\"@id\":\"https:\/\/slewingbearings.com\/#website\"},\"datePublished\":\"2023-11-29T05:24:53+00:00\",\"dateModified\":\"2023-11-29T05:24:53+00:00\",\"description\":\"La commande d'orientation SE7 est con\u00e7ue pour une int\u00e9gration facile. La structure modulaire et les interfaces standard peuvent \u00eatre appliqu\u00e9es de mani\u00e8re flexible \u00e0 diff\u00e9rents types de machines.\",\"breadcrumb\":{\"@id\":\"https:\/\/slewingbearings.com\/product\/se-7-slew-drive\/#breadcrumb\"},\"inLanguage\":\"fr-FR\",\"potentialAction\":[{\"@type\":\"ReadAction\",\"target\":[\"https:\/\/slewingbearings.com\/product\/se-7-slew-drive\/\"]}]},{\"@type\":\"BreadcrumbList\",\"@id\":\"https:\/\/slewingbearings.com\/product\/se-7-slew-drive\/#breadcrumb\",\"itemListElement\":[{\"@type\":\"ListItem\",\"position\":1,\"name\":\"Home\",\"item\":\"https:\/\/slewingbearings.com\/fr\/palier-dorientation-entrainement-dorientation\/\"},{\"@type\":\"ListItem\",\"position\":2,\"name\":\"Shop\",\"item\":\"https:\/\/slewingbearings.com\/shop\/\"},{\"@type\":\"ListItem\",\"position\":3,\"name\":\"SE-7 Entra\u00eenement \u00e0 la rotation\"}]},{\"@type\":\"WebSite\",\"@id\":\"https:\/\/slewingbearings.com\/#website\",\"url\":\"https:\/\/slewingbearings.com\/\",\"name\":\"ZZ Group\",\"description\":\"Leading Slewing Bearings in China\",\"potentialAction\":[{\"@type\":\"SearchAction\",\"target\":{\"@type\":\"EntryPoint\",\"urlTemplate\":\"https:\/\/slewingbearings.com\/?s={search_term_string}\"},\"query-input\":\"required name=search_term_string\"}],\"inLanguage\":\"fr-FR\"}]}<\/script>\n<!-- \/ Yoast SEO plugin. -->","yoast_head_json":{"title":"SE-7 Entra\u00eenement \u00e0 la rotation - ZZ Group","description":"La commande d'orientation SE7 est con\u00e7ue pour une int\u00e9gration facile. La structure modulaire et les interfaces standard peuvent \u00eatre appliqu\u00e9es de mani\u00e8re flexible \u00e0 diff\u00e9rents types de machines.","robots":{"index":"index","follow":"follow","max-snippet":"max-snippet:-1","max-image-preview":"max-image-preview:large","max-video-preview":"max-video-preview:-1"},"canonical":"https:\/\/slewingbearings.com\/product\/se-7-slew-drive\/","og_locale":"fr_FR","og_type":"article","og_title":"SE-7 Entra\u00eenement \u00e0 la rotation - ZZ Group","og_description":"La commande d'orientation SE7 est con\u00e7ue pour une int\u00e9gration facile. La structure modulaire et les interfaces standard peuvent \u00eatre appliqu\u00e9es de mani\u00e8re flexible \u00e0 diff\u00e9rents types de machines.","og_url":"https:\/\/slewingbearings.com\/product\/se-7-slew-drive\/","og_site_name":"ZZ Group","og_image":[{"width":500,"height":500,"url":"https:\/\/slewingbearings.com\/wp-content\/uploads\/2023\/11\/se7.jpg","type":"image\/jpeg"}],"twitter_card":"summary_large_image","twitter_misc":{"Dur\u00e9e de lecture estim\u00e9e":"1 minute"},"schema":{"@context":"https:\/\/schema.org","@graph":[{"@type":"WebPage","@id":"https:\/\/slewingbearings.com\/product\/se-7-slew-drive\/","url":"https:\/\/slewingbearings.com\/product\/se-7-slew-drive\/","name":"SE-7 Entra\u00eenement \u00e0 la rotation - ZZ Group","isPartOf":{"@id":"https:\/\/slewingbearings.com\/#website"},"datePublished":"2023-11-29T05:24:53+00:00","dateModified":"2023-11-29T05:24:53+00:00","description":"La commande d'orientation SE7 est con\u00e7ue pour une int\u00e9gration facile. La structure modulaire et les interfaces standard peuvent \u00eatre appliqu\u00e9es de mani\u00e8re flexible \u00e0 diff\u00e9rents types de machines.","breadcrumb":{"@id":"https:\/\/slewingbearings.com\/product\/se-7-slew-drive\/#breadcrumb"},"inLanguage":"fr-FR","potentialAction":[{"@type":"ReadAction","target":["https:\/\/slewingbearings.com\/product\/se-7-slew-drive\/"]}]},{"@type":"BreadcrumbList","@id":"https:\/\/slewingbearings.com\/product\/se-7-slew-drive\/#breadcrumb","itemListElement":[{"@type":"ListItem","position":1,"name":"Home","item":"https:\/\/slewingbearings.com\/fr\/palier-dorientation-entrainement-dorientation\/"},{"@type":"ListItem","position":2,"name":"Shop","item":"https:\/\/slewingbearings.com\/shop\/"},{"@type":"ListItem","position":3,"name":"SE-7 Entra\u00eenement \u00e0 la rotation"}]},{"@type":"WebSite","@id":"https:\/\/slewingbearings.com\/#website","url":"https:\/\/slewingbearings.com\/","name":"ZZ Group","description":"Leading Slewing Bearings in China","potentialAction":[{"@type":"SearchAction","target":{"@type":"EntryPoint","urlTemplate":"https:\/\/slewingbearings.com\/?s={search_term_string}"},"query-input":"required name=search_term_string"}],"inLanguage":"fr-FR"}]}},"_links":{"self":[{"href":"https:\/\/slewingbearings.com\/fr\/wp-json\/wp\/v2\/product\/11659","targetHints":{"allow":["GET"]}}],"collection":[{"href":"https:\/\/slewingbearings.com\/fr\/wp-json\/wp\/v2\/product"}],"about":[{"href":"https:\/\/slewingbearings.com\/fr\/wp-json\/wp\/v2\/types\/product"}],"replies":[{"embeddable":true,"href":"https:\/\/slewingbearings.com\/fr\/wp-json\/wp\/v2\/comments?post=11659"}],"wp:featuredmedia":[{"embeddable":true,"href":"https:\/\/slewingbearings.com\/fr\/wp-json\/wp\/v2\/media\/5898"}],"wp:attachment":[{"href":"https:\/\/slewingbearings.com\/fr\/wp-json\/wp\/v2\/media?parent=11659"}],"wp:term":[{"taxonomy":"product_cat","embeddable":true,"href":"https:\/\/slewingbearings.com\/fr\/wp-json\/wp\/v2\/product_cat?post=11659"},{"taxonomy":"product_tag","embeddable":true,"href":"https:\/\/slewingbearings.com\/fr\/wp-json\/wp\/v2\/product_tag?post=11659"}],"curies":[{"name":"wp","href":"https:\/\/api.w.org\/{rel}","templated":true}]}}