{"id":11652,"date":"2023-11-29T05:23:49","date_gmt":"2023-11-29T05:23:49","guid":{"rendered":"https:\/\/slewingbearings.com\/product\/se-5-entrainement-dorientation\/"},"modified":"2023-11-29T05:23:49","modified_gmt":"2023-11-29T05:23:49","slug":"se-5-entrainement-dorientation","status":"publish","type":"product","link":"https:\/\/slewingbearings.com\/fr\/product\/se-5-entrainement-dorientation\/","title":{"rendered":"SE-5 Entra\u00eenement d&rsquo;orientation"},"content":{"rendered":"<p>Cette s\u00e9rie de variateurs de vitesse est connue pour sa capacit\u00e9 de charge \u00e9lev\u00e9e et peut supporter de mani\u00e8re stable la charge de machines lourdes et d&rsquo;\u00e9quipements techniques, ce qui garantit la fiabilit\u00e9 et la stabilit\u00e9 du fonctionnement du syst\u00e8me. La conception met l&rsquo;accent sur la fiabilit\u00e9 afin de garantir d&rsquo;excellentes performances sur de longues p\u00e9riodes de fonctionnement. En outre, le m\u00e9canisme d&rsquo;orientation de la s\u00e9rie SE assure une conversion \u00e9nerg\u00e9tique efficace et r\u00e9duit la consommation d&rsquo;\u00e9nergie gr\u00e2ce \u00e0 une technologie de conversion \u00e9nerg\u00e9tique optimis\u00e9e, ce qui va dans le sens de la conservation de l&rsquo;\u00e9nergie et de la protection de l&rsquo;environnement dans le domaine de l&rsquo;ing\u00e9nierie moderne.  <\/p>\n<p>Parall\u00e8lement, la commande d&rsquo;orientation de la s\u00e9rie SE met l&rsquo;accent sur la facilit\u00e9 d&rsquo;int\u00e9gration et peut \u00eatre facilement int\u00e9gr\u00e9e dans divers syst\u00e8mes m\u00e9caniques, offrant ainsi une plus grande flexibilit\u00e9 aux utilisateurs. Sa conception \u00e9tanche \u00e0 la poussi\u00e8re et \u00e0 l&rsquo;eau lui permet de s&rsquo;adapter \u00e0 des environnements de travail difficiles et prolonge la dur\u00e9e de vie du produit. Dans l&rsquo;ensemble, la commande d&rsquo;orientation de la s\u00e9rie SE est devenue une solution d&rsquo;alimentation indispensable dans les domaines industriel et m\u00e9canique gr\u00e2ce \u00e0 ses excellentes performances, \u00e0 sa fiabilit\u00e9 et \u00e0 sa capacit\u00e9 d&rsquo;adaptation.  <\/p>\n\n<table id=\"tablepress-12\" class=\"tablepress tablepress-id-12\">\n<thead>\n<tr class=\"row-1\">\n\t<th class=\"column-1\">Model<\/th><th class=\"column-2\">Output Torque<\/th><th class=\"column-3\">Tilting Moment Torque<\/th><th class=\"column-4\">Holding Torque<\/th><th class=\"column-5\">Gear Ratio<\/th><th class=\"column-6\">Tracking Precision<\/th><th class=\"column-7\">Weight<\/th><th class=\"column-8\">Drawing<\/th>\n<\/tr>\n<\/thead>\n<tbody class=\"row-striping row-hover\">\n<tr class=\"row-2\">\n\t<td class=\"column-1\">SE5<\/td><td class=\"column-2\">600 N.m<\/td><td class=\"column-3\">1800 N.m<\/td><td class=\"column-4\">5000 N.m<\/td><td class=\"column-5\">62:1<\/td><td class=\"column-6\">0.2\u00b0<\/td><td class=\"column-7\">12kg<\/td><td class=\"column-8\"><a href=\"https:\/\/slewingbearings.com\/wp-content\/uploads\/2024\/01\/SE5-Slew-Drive-catalog.pdf\"><br \/>\n<img decoding=\"async\" src=\"https:\/\/slewingbearings.com\/wp-content\/uploads\/2024\/01\/pdf.png\" width=\"30\" height=\"30\"><\/a><\/td>\n<\/tr>\n<tr class=\"row-3\">\n\t<td class=\"column-1\">SE5<\/td><td class=\"column-2\">443 lbf.ft<\/td><td class=\"column-3\">1328 lbf.ft<\/td><td class=\"column-4\">3688 lbf.ft<\/td><td class=\"column-5\">62:1<\/td><td class=\"column-6\">0.2\u00b0<\/td><td class=\"column-7\">12kg<\/td><td class=\"column-8\"><a href=\"https:\/\/slewingbearings.com\/wp-content\/uploads\/2024\/01\/SE5-Slew-Drive-catalog.pdf\"><br \/>\n<img decoding=\"async\" src=\"https:\/\/slewingbearings.com\/wp-content\/uploads\/2024\/01\/pdf.png\" width=\"30\" height=\"30\"><\/a><\/td>\n<\/tr>\n<\/tbody>\n<\/table>\n<!-- #tablepress-12 from cache -->\n","protected":false},"excerpt":{"rendered":"<p>Les commandes d&rsquo;orientation de la s\u00e9rie SE sont une s\u00e9rie d&rsquo;\u00e9quipements m\u00e9caniques bien con\u00e7us qui se distinguent parmi les syst\u00e8mes d&rsquo;ing\u00e9nierie et m\u00e9caniques par leur haute pr\u00e9cision et leurs performances exceptionnelles. Leur conception compacte leur permet de fournir une puissance de rotation efficace dans un espace limit\u00e9. Le m\u00e9canisme d&rsquo;orientation de la s\u00e9rie SE est sp\u00e9cialement con\u00e7u pour s&rsquo;adapter \u00e0 divers sc\u00e9narios d&rsquo;application et peut jouer un r\u00f4le remarquable dans la fabrication industrielle, l&rsquo;ing\u00e9nierie de la construction ou la robotique.  <\/p>\n","protected":false},"featured_media":5889,"comment_status":"open","ping_status":"closed","template":"","meta":{"content-type":""},"product_cat":[332,325],"product_tag":[381],"class_list":{"0":"post-11652","1":"product","2":"type-product","3":"status-publish","4":"has-post-thumbnail","6":"product_cat-se-pe-slew-drive-fr","7":"product_cat-slew-drive-fr","8":"product_tag-se5-slew-drive-fr","10":"first","11":"instock","12":"shipping-taxable","13":"product-type-simple"},"yoast_head":"<!-- This site is optimized with the Yoast SEO plugin v21.7 - https:\/\/yoast.com\/wordpress\/plugins\/seo\/ -->\n<title>SE-5 Entra\u00eenement d&#039;orientation - ZZ Group<\/title>\n<meta name=\"description\" content=\"Le m\u00e9canisme d&#039;orientation de la s\u00e9rie SE met \u00e9galement l&#039;accent sur la facilit\u00e9 d &#039; int\u00e9gration et peut \u00eatre facilement int\u00e9gr\u00e9 dans divers syst\u00e8mes m\u00e9caniques, ce qui lui conf\u00e8re une plus grande flexibilit\u00e9.\" \/>\n<meta name=\"robots\" content=\"index, follow, max-snippet:-1, max-image-preview:large, max-video-preview:-1\" \/>\n<link rel=\"canonical\" href=\"https:\/\/slewingbearings.com\/product\/se-5-slew-drive\/\" \/>\n<meta property=\"og:locale\" content=\"fr_FR\" \/>\n<meta property=\"og:type\" content=\"article\" \/>\n<meta property=\"og:title\" content=\"SE-5 Entra\u00eenement d&#039;orientation - ZZ Group\" \/>\n<meta property=\"og:description\" content=\"Le m\u00e9canisme d&#039;orientation de la s\u00e9rie SE met \u00e9galement l&#039;accent sur la facilit\u00e9 d &#039; int\u00e9gration et peut \u00eatre facilement int\u00e9gr\u00e9 dans divers syst\u00e8mes m\u00e9caniques, ce qui lui conf\u00e8re une plus grande flexibilit\u00e9.\" \/>\n<meta property=\"og:url\" content=\"https:\/\/slewingbearings.com\/product\/se-5-slew-drive\/\" \/>\n<meta property=\"og:site_name\" content=\"ZZ Group\" \/>\n<meta property=\"og:image\" content=\"https:\/\/slewingbearings.com\/wp-content\/uploads\/2023\/11\/se5.jpg\" \/>\n\t<meta property=\"og:image:width\" content=\"500\" \/>\n\t<meta property=\"og:image:height\" content=\"500\" \/>\n\t<meta property=\"og:image:type\" content=\"image\/jpeg\" \/>\n<meta name=\"twitter:card\" content=\"summary_large_image\" \/>\n<meta name=\"twitter:label1\" content=\"Dur\u00e9e de lecture estim\u00e9e\" \/>\n\t<meta name=\"twitter:data1\" content=\"1 minute\" \/>\n<script type=\"application\/ld+json\" class=\"yoast-schema-graph\">{\"@context\":\"https:\/\/schema.org\",\"@graph\":[{\"@type\":\"WebPage\",\"@id\":\"https:\/\/slewingbearings.com\/product\/se-5-slew-drive\/\",\"url\":\"https:\/\/slewingbearings.com\/product\/se-5-slew-drive\/\",\"name\":\"SE-5 Entra\u00eenement d'orientation - ZZ Group\",\"isPartOf\":{\"@id\":\"https:\/\/slewingbearings.com\/#website\"},\"datePublished\":\"2023-11-29T05:23:49+00:00\",\"dateModified\":\"2023-11-29T05:23:49+00:00\",\"description\":\"Le m\u00e9canisme d'orientation de la s\u00e9rie SE met \u00e9galement l'accent sur la facilit\u00e9 d ' int\u00e9gration et peut \u00eatre facilement int\u00e9gr\u00e9 dans divers syst\u00e8mes m\u00e9caniques, ce qui lui conf\u00e8re une plus grande flexibilit\u00e9.\",\"breadcrumb\":{\"@id\":\"https:\/\/slewingbearings.com\/product\/se-5-slew-drive\/#breadcrumb\"},\"inLanguage\":\"fr-FR\",\"potentialAction\":[{\"@type\":\"ReadAction\",\"target\":[\"https:\/\/slewingbearings.com\/product\/se-5-slew-drive\/\"]}]},{\"@type\":\"BreadcrumbList\",\"@id\":\"https:\/\/slewingbearings.com\/product\/se-5-slew-drive\/#breadcrumb\",\"itemListElement\":[{\"@type\":\"ListItem\",\"position\":1,\"name\":\"Home\",\"item\":\"https:\/\/slewingbearings.com\/fr\/palier-dorientation-entrainement-dorientation\/\"},{\"@type\":\"ListItem\",\"position\":2,\"name\":\"Shop\",\"item\":\"https:\/\/slewingbearings.com\/shop\/\"},{\"@type\":\"ListItem\",\"position\":3,\"name\":\"SE-5 Entra\u00eenement d&#8217;orientation\"}]},{\"@type\":\"WebSite\",\"@id\":\"https:\/\/slewingbearings.com\/#website\",\"url\":\"https:\/\/slewingbearings.com\/\",\"name\":\"ZZ Group\",\"description\":\"Leading Slewing Bearings in China\",\"potentialAction\":[{\"@type\":\"SearchAction\",\"target\":{\"@type\":\"EntryPoint\",\"urlTemplate\":\"https:\/\/slewingbearings.com\/?s={search_term_string}\"},\"query-input\":\"required name=search_term_string\"}],\"inLanguage\":\"fr-FR\"}]}<\/script>\n<!-- \/ Yoast SEO plugin. -->","yoast_head_json":{"title":"SE-5 Entra\u00eenement d'orientation - ZZ Group","description":"Le m\u00e9canisme d'orientation de la s\u00e9rie SE met \u00e9galement l'accent sur la facilit\u00e9 d ' int\u00e9gration et peut \u00eatre facilement int\u00e9gr\u00e9 dans divers syst\u00e8mes m\u00e9caniques, ce qui lui conf\u00e8re une plus grande flexibilit\u00e9.","robots":{"index":"index","follow":"follow","max-snippet":"max-snippet:-1","max-image-preview":"max-image-preview:large","max-video-preview":"max-video-preview:-1"},"canonical":"https:\/\/slewingbearings.com\/product\/se-5-slew-drive\/","og_locale":"fr_FR","og_type":"article","og_title":"SE-5 Entra\u00eenement d'orientation - ZZ Group","og_description":"Le m\u00e9canisme d'orientation de la s\u00e9rie SE met \u00e9galement l'accent sur la facilit\u00e9 d ' int\u00e9gration et peut \u00eatre facilement int\u00e9gr\u00e9 dans divers syst\u00e8mes m\u00e9caniques, ce qui lui conf\u00e8re une plus grande flexibilit\u00e9.","og_url":"https:\/\/slewingbearings.com\/product\/se-5-slew-drive\/","og_site_name":"ZZ Group","og_image":[{"width":500,"height":500,"url":"https:\/\/slewingbearings.com\/wp-content\/uploads\/2023\/11\/se5.jpg","type":"image\/jpeg"}],"twitter_card":"summary_large_image","twitter_misc":{"Dur\u00e9e de lecture estim\u00e9e":"1 minute"},"schema":{"@context":"https:\/\/schema.org","@graph":[{"@type":"WebPage","@id":"https:\/\/slewingbearings.com\/product\/se-5-slew-drive\/","url":"https:\/\/slewingbearings.com\/product\/se-5-slew-drive\/","name":"SE-5 Entra\u00eenement d'orientation - ZZ Group","isPartOf":{"@id":"https:\/\/slewingbearings.com\/#website"},"datePublished":"2023-11-29T05:23:49+00:00","dateModified":"2023-11-29T05:23:49+00:00","description":"Le m\u00e9canisme d'orientation de la s\u00e9rie SE met \u00e9galement l'accent sur la facilit\u00e9 d ' int\u00e9gration et peut \u00eatre facilement int\u00e9gr\u00e9 dans divers syst\u00e8mes m\u00e9caniques, ce qui lui conf\u00e8re une plus grande flexibilit\u00e9.","breadcrumb":{"@id":"https:\/\/slewingbearings.com\/product\/se-5-slew-drive\/#breadcrumb"},"inLanguage":"fr-FR","potentialAction":[{"@type":"ReadAction","target":["https:\/\/slewingbearings.com\/product\/se-5-slew-drive\/"]}]},{"@type":"BreadcrumbList","@id":"https:\/\/slewingbearings.com\/product\/se-5-slew-drive\/#breadcrumb","itemListElement":[{"@type":"ListItem","position":1,"name":"Home","item":"https:\/\/slewingbearings.com\/fr\/palier-dorientation-entrainement-dorientation\/"},{"@type":"ListItem","position":2,"name":"Shop","item":"https:\/\/slewingbearings.com\/shop\/"},{"@type":"ListItem","position":3,"name":"SE-5 Entra\u00eenement d&#8217;orientation"}]},{"@type":"WebSite","@id":"https:\/\/slewingbearings.com\/#website","url":"https:\/\/slewingbearings.com\/","name":"ZZ Group","description":"Leading Slewing Bearings in China","potentialAction":[{"@type":"SearchAction","target":{"@type":"EntryPoint","urlTemplate":"https:\/\/slewingbearings.com\/?s={search_term_string}"},"query-input":"required name=search_term_string"}],"inLanguage":"fr-FR"}]}},"_links":{"self":[{"href":"https:\/\/slewingbearings.com\/fr\/wp-json\/wp\/v2\/product\/11652","targetHints":{"allow":["GET"]}}],"collection":[{"href":"https:\/\/slewingbearings.com\/fr\/wp-json\/wp\/v2\/product"}],"about":[{"href":"https:\/\/slewingbearings.com\/fr\/wp-json\/wp\/v2\/types\/product"}],"replies":[{"embeddable":true,"href":"https:\/\/slewingbearings.com\/fr\/wp-json\/wp\/v2\/comments?post=11652"}],"wp:featuredmedia":[{"embeddable":true,"href":"https:\/\/slewingbearings.com\/fr\/wp-json\/wp\/v2\/media\/5889"}],"wp:attachment":[{"href":"https:\/\/slewingbearings.com\/fr\/wp-json\/wp\/v2\/media?parent=11652"}],"wp:term":[{"taxonomy":"product_cat","embeddable":true,"href":"https:\/\/slewingbearings.com\/fr\/wp-json\/wp\/v2\/product_cat?post=11652"},{"taxonomy":"product_tag","embeddable":true,"href":"https:\/\/slewingbearings.com\/fr\/wp-json\/wp\/v2\/product_tag?post=11652"}],"curies":[{"name":"wp","href":"https:\/\/api.w.org\/{rel}","templated":true}]}}