{"id":11641,"date":"2023-11-28T11:39:02","date_gmt":"2023-11-28T11:39:02","guid":{"rendered":"https:\/\/slewingbearings.com\/product\/se-3-entrainement-a-la-rotation\/"},"modified":"2023-11-28T11:39:02","modified_gmt":"2023-11-28T11:39:02","slug":"se-3-entrainement-a-la-rotation","status":"publish","type":"product","link":"https:\/\/slewingbearings.com\/fr\/product\/se-3-entrainement-a-la-rotation\/","title":{"rendered":"SE-3 Entra\u00eenement \u00e0 la rotation"},"content":{"rendered":"<p>La commande d&rsquo;orientation de la s\u00e9rie SE se caract\u00e9rise par sa haute pr\u00e9cision, sa conception compacte, son adaptation \u00e0 divers sc\u00e9narios d&rsquo;application, sa capacit\u00e9 de charge \u00e9lev\u00e9e et sa grande fiabilit\u00e9. Elle fournit une puissance de rotation efficace pour les syst\u00e8mes techniques et m\u00e9caniques. Ses caract\u00e9ristiques sp\u00e9cifiques sont les suivantes <\/p>\n<ul>\n<li>Conception de pr\u00e9cision : Les commandes d&rsquo;orientation de la s\u00e9rie SE sont g\u00e9n\u00e9ralement con\u00e7ues avec pr\u00e9cision pour assurer un haut degr\u00e9 de pr\u00e9cision et de contr\u00f4labilit\u00e9. Ceci est essentiel pour certaines applications qui n\u00e9cessitent un positionnement et un contr\u00f4le de haute pr\u00e9cision. <\/li>\n<li>Capacit\u00e9 de charge \u00e9lev\u00e9e: Ce type de transmission est g\u00e9n\u00e9ralement con\u00e7u pour supporter des charges plus importantes et convient aux machines lourdes et aux \u00e9quipements de construction.<\/li>\n<li>Conception compacte : Pour s&rsquo;adapter \u00e0 un espace d&rsquo;installation limit\u00e9, la s\u00e9rie SE peut adopter une conception compacte, offrant une densit\u00e9 de puissance efficace.<\/li>\n<\/ul>\n\n<table id=\"tablepress-11\" class=\"tablepress tablepress-id-11\">\n<thead>\n<tr class=\"row-1\">\n\t<th class=\"column-1\">Model<\/th><th class=\"column-2\">Output Torque<\/th><th class=\"column-3\">Tilting Moment Torque<\/th><th class=\"column-4\">Holding Torque<\/th><th class=\"column-5\">Gear Ratio<\/th><th class=\"column-6\">Tracking Precision<\/th><th class=\"column-7\">Weight<\/th><th class=\"column-8\">Drawing<\/th>\n<\/tr>\n<\/thead>\n<tbody class=\"row-striping row-hover\">\n<tr class=\"row-2\">\n\t<td class=\"column-1\">SE3<\/td><td class=\"column-2\">400 N.m<\/td><td class=\"column-3\">1100 N.m<\/td><td class=\"column-4\">2000 N.m<\/td><td class=\"column-5\">62:1<\/td><td class=\"column-6\">0.2\u00b0<\/td><td class=\"column-7\">12kg<\/td><td class=\"column-8\"><a href=\"https:\/\/slewingbearings.com\/wp-content\/uploads\/2024\/01\/SE3-Slew-Drive-catalog.pdf\"><br \/>\n<img decoding=\"async\" src=\"https:\/\/slewingbearings.com\/wp-content\/uploads\/2024\/01\/pdf.png\" width=\"30\" height=\"30\"><\/a><\/td>\n<\/tr>\n<tr class=\"row-3\">\n\t<td class=\"column-1\">SE3<\/td><td class=\"column-2\">295 lbf.ft<\/td><td class=\"column-3\">811 lbf.ft<\/td><td class=\"column-4\">1476 lbf.ft<\/td><td class=\"column-5\">62:1<\/td><td class=\"column-6\">0.2\u00b0<\/td><td class=\"column-7\">12kg<\/td><td class=\"column-8\"><a href=\"https:\/\/slewingbearings.com\/wp-content\/uploads\/2024\/01\/SE3-Slew-Drive-catalog.pdf\"><br \/>\n<img decoding=\"async\" src=\"https:\/\/slewingbearings.com\/wp-content\/uploads\/2024\/01\/pdf.png\" width=\"30\" height=\"30\"><\/a><\/td>\n<\/tr>\n<\/tbody>\n<\/table>\n<!-- #tablepress-11 from cache -->\n","protected":false},"excerpt":{"rendered":"<p>Le m\u00e9canisme d&rsquo;entra\u00eenement est un \u00e9l\u00e9ment cl\u00e9 de l&rsquo;entra\u00eenement pendulaire SE3, qui alimente les composants rotatifs par le biais d&rsquo;une source d&rsquo;\u00e9nergie externe. Le choix du m\u00e9canisme d&rsquo;entra\u00eenement d\u00e9pend de l&rsquo;application sp\u00e9cifique et comprend les moteurs \u00e9lectriques, les entra\u00eenements hydrauliques, les entra\u00eenements pneumatiques, etc. <\/p>\n","protected":false},"featured_media":5880,"comment_status":"open","ping_status":"closed","template":"","meta":{"content-type":""},"product_cat":[332,325],"product_tag":[374],"class_list":{"0":"post-11641","1":"product","2":"type-product","3":"status-publish","4":"has-post-thumbnail","6":"product_cat-se-pe-slew-drive-fr","7":"product_cat-slew-drive-fr","8":"product_tag-se-3-slew-drive-fr","10":"first","11":"instock","12":"shipping-taxable","13":"product-type-simple"},"yoast_head":"<!-- This site is optimized with the Yoast SEO plugin v21.7 - https:\/\/yoast.com\/wordpress\/plugins\/seo\/ -->\n<title>SE-3 Entra\u00eenement \u00e0 la rotation - ZZ Group<\/title>\n<meta name=\"description\" content=\"Les commandes d&#039;orientation SE3 sont utilis\u00e9es dans de nombreux domaines tels que la fabrication industrielle, l&#039;ing\u00e9nierie de la construction, l&#039;\u00e9nergie, les transports et les appareils \u00e9lectrom\u00e9nagers.\" \/>\n<meta name=\"robots\" content=\"index, follow, max-snippet:-1, max-image-preview:large, max-video-preview:-1\" \/>\n<link rel=\"canonical\" href=\"https:\/\/slewingbearings.com\/product\/se-3-slew-drive\/\" \/>\n<meta property=\"og:locale\" content=\"fr_FR\" \/>\n<meta property=\"og:type\" content=\"article\" \/>\n<meta property=\"og:title\" content=\"SE-3 Entra\u00eenement \u00e0 la rotation - ZZ Group\" \/>\n<meta property=\"og:description\" content=\"Les commandes d&#039;orientation SE3 sont utilis\u00e9es dans de nombreux domaines tels que la fabrication industrielle, l&#039;ing\u00e9nierie de la construction, l&#039;\u00e9nergie, les transports et les appareils \u00e9lectrom\u00e9nagers.\" \/>\n<meta property=\"og:url\" content=\"https:\/\/slewingbearings.com\/product\/se-3-slew-drive\/\" \/>\n<meta property=\"og:site_name\" content=\"ZZ Group\" \/>\n<meta property=\"og:image\" content=\"https:\/\/slewingbearings.com\/wp-content\/uploads\/2023\/11\/se3.jpg\" \/>\n\t<meta property=\"og:image:width\" content=\"500\" \/>\n\t<meta property=\"og:image:height\" content=\"500\" \/>\n\t<meta property=\"og:image:type\" content=\"image\/jpeg\" \/>\n<meta name=\"twitter:card\" content=\"summary_large_image\" \/>\n<meta name=\"twitter:label1\" content=\"Dur\u00e9e de lecture estim\u00e9e\" \/>\n\t<meta name=\"twitter:data1\" content=\"1 minute\" \/>\n<script type=\"application\/ld+json\" class=\"yoast-schema-graph\">{\"@context\":\"https:\/\/schema.org\",\"@graph\":[{\"@type\":\"WebPage\",\"@id\":\"https:\/\/slewingbearings.com\/product\/se-3-slew-drive\/\",\"url\":\"https:\/\/slewingbearings.com\/product\/se-3-slew-drive\/\",\"name\":\"SE-3 Entra\u00eenement \u00e0 la rotation - ZZ Group\",\"isPartOf\":{\"@id\":\"https:\/\/slewingbearings.com\/#website\"},\"datePublished\":\"2023-11-28T11:39:02+00:00\",\"dateModified\":\"2023-11-28T11:39:02+00:00\",\"description\":\"Les commandes d'orientation SE3 sont utilis\u00e9es dans de nombreux domaines tels que la fabrication industrielle, l'ing\u00e9nierie de la construction, l'\u00e9nergie, les transports et les appareils \u00e9lectrom\u00e9nagers.\",\"breadcrumb\":{\"@id\":\"https:\/\/slewingbearings.com\/product\/se-3-slew-drive\/#breadcrumb\"},\"inLanguage\":\"fr-FR\",\"potentialAction\":[{\"@type\":\"ReadAction\",\"target\":[\"https:\/\/slewingbearings.com\/product\/se-3-slew-drive\/\"]}]},{\"@type\":\"BreadcrumbList\",\"@id\":\"https:\/\/slewingbearings.com\/product\/se-3-slew-drive\/#breadcrumb\",\"itemListElement\":[{\"@type\":\"ListItem\",\"position\":1,\"name\":\"Home\",\"item\":\"https:\/\/slewingbearings.com\/fr\/palier-dorientation-entrainement-dorientation\/\"},{\"@type\":\"ListItem\",\"position\":2,\"name\":\"Shop\",\"item\":\"https:\/\/slewingbearings.com\/shop\/\"},{\"@type\":\"ListItem\",\"position\":3,\"name\":\"SE-3 Entra\u00eenement \u00e0 la rotation\"}]},{\"@type\":\"WebSite\",\"@id\":\"https:\/\/slewingbearings.com\/#website\",\"url\":\"https:\/\/slewingbearings.com\/\",\"name\":\"ZZ Group\",\"description\":\"Leading Slewing Bearings in China\",\"potentialAction\":[{\"@type\":\"SearchAction\",\"target\":{\"@type\":\"EntryPoint\",\"urlTemplate\":\"https:\/\/slewingbearings.com\/?s={search_term_string}\"},\"query-input\":\"required name=search_term_string\"}],\"inLanguage\":\"fr-FR\"}]}<\/script>\n<!-- \/ Yoast SEO plugin. -->","yoast_head_json":{"title":"SE-3 Entra\u00eenement \u00e0 la rotation - ZZ Group","description":"Les commandes d'orientation SE3 sont utilis\u00e9es dans de nombreux domaines tels que la fabrication industrielle, l'ing\u00e9nierie de la construction, l'\u00e9nergie, les transports et les appareils \u00e9lectrom\u00e9nagers.","robots":{"index":"index","follow":"follow","max-snippet":"max-snippet:-1","max-image-preview":"max-image-preview:large","max-video-preview":"max-video-preview:-1"},"canonical":"https:\/\/slewingbearings.com\/product\/se-3-slew-drive\/","og_locale":"fr_FR","og_type":"article","og_title":"SE-3 Entra\u00eenement \u00e0 la rotation - ZZ Group","og_description":"Les commandes d'orientation SE3 sont utilis\u00e9es dans de nombreux domaines tels que la fabrication industrielle, l'ing\u00e9nierie de la construction, l'\u00e9nergie, les transports et les appareils \u00e9lectrom\u00e9nagers.","og_url":"https:\/\/slewingbearings.com\/product\/se-3-slew-drive\/","og_site_name":"ZZ Group","og_image":[{"width":500,"height":500,"url":"https:\/\/slewingbearings.com\/wp-content\/uploads\/2023\/11\/se3.jpg","type":"image\/jpeg"}],"twitter_card":"summary_large_image","twitter_misc":{"Dur\u00e9e de lecture estim\u00e9e":"1 minute"},"schema":{"@context":"https:\/\/schema.org","@graph":[{"@type":"WebPage","@id":"https:\/\/slewingbearings.com\/product\/se-3-slew-drive\/","url":"https:\/\/slewingbearings.com\/product\/se-3-slew-drive\/","name":"SE-3 Entra\u00eenement \u00e0 la rotation - ZZ Group","isPartOf":{"@id":"https:\/\/slewingbearings.com\/#website"},"datePublished":"2023-11-28T11:39:02+00:00","dateModified":"2023-11-28T11:39:02+00:00","description":"Les commandes d'orientation SE3 sont utilis\u00e9es dans de nombreux domaines tels que la fabrication industrielle, l'ing\u00e9nierie de la construction, l'\u00e9nergie, les transports et les appareils \u00e9lectrom\u00e9nagers.","breadcrumb":{"@id":"https:\/\/slewingbearings.com\/product\/se-3-slew-drive\/#breadcrumb"},"inLanguage":"fr-FR","potentialAction":[{"@type":"ReadAction","target":["https:\/\/slewingbearings.com\/product\/se-3-slew-drive\/"]}]},{"@type":"BreadcrumbList","@id":"https:\/\/slewingbearings.com\/product\/se-3-slew-drive\/#breadcrumb","itemListElement":[{"@type":"ListItem","position":1,"name":"Home","item":"https:\/\/slewingbearings.com\/fr\/palier-dorientation-entrainement-dorientation\/"},{"@type":"ListItem","position":2,"name":"Shop","item":"https:\/\/slewingbearings.com\/shop\/"},{"@type":"ListItem","position":3,"name":"SE-3 Entra\u00eenement \u00e0 la rotation"}]},{"@type":"WebSite","@id":"https:\/\/slewingbearings.com\/#website","url":"https:\/\/slewingbearings.com\/","name":"ZZ Group","description":"Leading Slewing Bearings in China","potentialAction":[{"@type":"SearchAction","target":{"@type":"EntryPoint","urlTemplate":"https:\/\/slewingbearings.com\/?s={search_term_string}"},"query-input":"required name=search_term_string"}],"inLanguage":"fr-FR"}]}},"_links":{"self":[{"href":"https:\/\/slewingbearings.com\/fr\/wp-json\/wp\/v2\/product\/11641","targetHints":{"allow":["GET"]}}],"collection":[{"href":"https:\/\/slewingbearings.com\/fr\/wp-json\/wp\/v2\/product"}],"about":[{"href":"https:\/\/slewingbearings.com\/fr\/wp-json\/wp\/v2\/types\/product"}],"replies":[{"embeddable":true,"href":"https:\/\/slewingbearings.com\/fr\/wp-json\/wp\/v2\/comments?post=11641"}],"wp:featuredmedia":[{"embeddable":true,"href":"https:\/\/slewingbearings.com\/fr\/wp-json\/wp\/v2\/media\/5880"}],"wp:attachment":[{"href":"https:\/\/slewingbearings.com\/fr\/wp-json\/wp\/v2\/media?parent=11641"}],"wp:term":[{"taxonomy":"product_cat","embeddable":true,"href":"https:\/\/slewingbearings.com\/fr\/wp-json\/wp\/v2\/product_cat?post=11641"},{"taxonomy":"product_tag","embeddable":true,"href":"https:\/\/slewingbearings.com\/fr\/wp-json\/wp\/v2\/product_tag?post=11641"}],"curies":[{"name":"wp","href":"https:\/\/api.w.org\/{rel}","templated":true}]}}