{"id":11587,"date":"2025-01-09T03:11:30","date_gmt":"2025-01-09T03:11:30","guid":{"rendered":"https:\/\/slewingbearings.com\/product\/entrainement-par-courroie-dentee-de-la-serie-imo-sp-i\/"},"modified":"2025-01-09T03:11:30","modified_gmt":"2025-01-09T03:11:30","slug":"entrainement-par-courroie-dentee-de-la-serie-imo-sp-i","status":"publish","type":"product","link":"https:\/\/slewingbearings.com\/fr\/product\/entrainement-par-courroie-dentee-de-la-serie-imo-sp-i\/","title":{"rendered":"Entra\u00eenement par courroie dent\u00e9e de la s\u00e9rie IMO SP-I"},"content":{"rendered":"<p>La <a href=\"https:\/\/slewingbearings.com\/fr\/entrainement-dorientation\/\">couronne d&rsquo;orientation<\/a> ZZ est un dispositif de rotation efficace et fiable qui int\u00e8gre un moteur, un r\u00e9ducteur et un palier d&rsquo;orientation. Il se caract\u00e9rise par une capacit\u00e9 de charge \u00e9lev\u00e9e, un contr\u00f4le pr\u00e9cis et une conception compacte. Fabriqu\u00e9e avec des mat\u00e9riaux de haute qualit\u00e9, elle est durable et r\u00e9sistante \u00e0 la corrosion, ce qui la rend adapt\u00e9e aux syst\u00e8mes de suivi solaire, \u00e0 l&rsquo;\u00e9nergie \u00e9olienne, aux machines de construction et \u00e0 d&rsquo;autres applications. La commande d&rsquo;orientation ZZ prend en charge diff\u00e9rentes sp\u00e9cifications pour r\u00e9pondre \u00e0 diverses exigences. Elle garantit de faibles co\u00fbts de maintenance et des performances stables, ce qui en fait une solution id\u00e9ale pour les applications \u00e0 haute intensit\u00e9.   <\/p>\n<p><strong>Caract\u00e9ristiques principales de la commande d&rsquo;orientation de la s\u00e9rie IMO SP-I :<\/strong><\/p>\n<ul>\n<li>Conception compacte : La s\u00e9rie SP-I se caract\u00e9rise par une conception compacte qui int\u00e8gre le moteur, le r\u00e9ducteur et la couronne d&rsquo;orientation en une seule unit\u00e9, ce qui la rend id\u00e9ale pour les applications o\u00f9 l&rsquo;espace est limit\u00e9.<\/li>\n<li>Capacit\u00e9 de charge \u00e9lev\u00e9e: Ces entra\u00eenements sont con\u00e7us pour supporter de lourdes charges tout en maintenant des niveaux \u00e9lev\u00e9s d &lsquo; efficacit\u00e9 et de stabilit\u00e9. La couronne d&rsquo;orientation et le syst\u00e8me d&rsquo; engrenage fonctionnent ensemble pour assurer un fonctionnement en douceur dans des conditions de couple \u00e9lev\u00e9. <\/li>\n<li>Pr\u00e9cision et fiabilit\u00e9 : Les commandes d&rsquo;orientation IMO sont con\u00e7ues pour \u00eatre pr\u00e9cises et durables, ce qui les rend adapt\u00e9es aux applications exigeantes qui requi\u00e8rent des performances constantes et fiables dans le temps.<\/li>\n<\/ul>\n\n<table id=\"tablepress-100\" class=\"tablepress tablepress-id-100\">\n<thead>\n<tr class=\"row-1\">\n\t<th class=\"column-1\">Part Number<\/th><th class=\"column-2\">Series<\/th><th class=\"column-3\">Number of drives<\/th><th class=\"column-4\">Drive style<\/th><th class=\"column-5\">Module<\/th><th class=\"column-6\">Number Of <br \/>\nTeeth Pinion<\/th><th class=\"column-7\">Number Of <br \/>\nWheel Teeth<\/th><th class=\"column-8\">Weight<\/th><th class=\"column-9\">Slew Drive <br \/>\nGear Ratio<\/th><th class=\"column-10\">Max Torque<\/th><th class=\"column-11\">Nom Torques<\/th><th class=\"column-12\">Max Holding <br \/>\nTorque<\/th>\n<\/tr>\n<\/thead>\n<tbody class=\"row-striping row-hover\">\n<tr class=\"row-2\">\n\t<td class=\"column-1\">SP-I 0229<\/td><td class=\"column-2\">SP-I Series<\/td><td class=\"column-3\">1 drive<\/td><td class=\"column-4\">Straight teeth<\/td><td class=\"column-5\">4<\/td><td class=\"column-6\">15<\/td><td class=\"column-7\">79<\/td><td class=\"column-8\">46 Kg<\/td><td class=\"column-9\">5.27<\/td><td class=\"column-10\">3002 Nm<\/td><td class=\"column-11\">2607 Nm<\/td><td class=\"column-12\">3002<\/td>\n<\/tr>\n<tr class=\"row-3\">\n\t<td class=\"column-1\">SP-I 0311<\/td><td class=\"column-2\">SP-I Series<\/td><td class=\"column-3\">1 drive<\/td><td class=\"column-4\">Straight teeth<\/td><td class=\"column-5\">4<\/td><td class=\"column-6\">15<\/td><td class=\"column-7\">99<\/td><td class=\"column-8\">50 Kg<\/td><td class=\"column-9\">6.6<\/td><td class=\"column-10\">3762 Nm<\/td><td class=\"column-11\">2653 Nm<\/td><td class=\"column-12\">3762<\/td>\n<\/tr>\n<tr class=\"row-4\">\n\t<td class=\"column-1\">SP-I 0411<\/td><td class=\"column-2\">SP-I Series<\/td><td class=\"column-3\">1 drive<\/td><td class=\"column-4\">Straight teeth<\/td><td class=\"column-5\">4<\/td><td class=\"column-6\">15<\/td><td class=\"column-7\">124<\/td><td class=\"column-8\">59 Kg<\/td><td class=\"column-9\">8.27<\/td><td class=\"column-10\">4712 Nm<\/td><td class=\"column-11\">3348 Nm<\/td><td class=\"column-12\">4712<\/td>\n<\/tr>\n<tr class=\"row-5\">\n\t<td class=\"column-1\">SP-I 0541<\/td><td class=\"column-2\">SP-I Series<\/td><td class=\"column-3\">1 drive<\/td><td class=\"column-4\">Straight teeth<\/td><td class=\"column-5\">4<\/td><td class=\"column-6\">15<\/td><td class=\"column-7\">156<\/td><td class=\"column-8\">72 Kg<\/td><td class=\"column-9\">10.4<\/td><td class=\"column-10\">5928 Nm<\/td><td class=\"column-11\">4243 Nm<\/td><td class=\"column-12\">5928<\/td>\n<\/tr>\n<tr class=\"row-6\">\n\t<td class=\"column-1\">SP-I 0641<\/td><td class=\"column-2\">SP-I Series<\/td><td class=\"column-3\">1 drive<\/td><td class=\"column-4\">Straight teeth<\/td><td class=\"column-5\">4<\/td><td class=\"column-6\">15<\/td><td class=\"column-7\">181<\/td><td class=\"column-8\">84 Kg<\/td><td class=\"column-9\">12.07<\/td><td class=\"column-10\">6878 Nm<\/td><td class=\"column-11\">4921 Nm<\/td><td class=\"column-12\">6878<\/td>\n<\/tr>\n<tr class=\"row-7\">\n\t<td class=\"column-1\">SP-I 0741<\/td><td class=\"column-2\">SP-I Series<\/td><td class=\"column-3\">1 drive<\/td><td class=\"column-4\">Straight teeth<\/td><td class=\"column-5\">4<\/td><td class=\"column-6\">15<\/td><td class=\"column-7\">206<\/td><td class=\"column-8\">95 Kg<\/td><td class=\"column-9\">13.73<\/td><td class=\"column-10\">7828 Nm<\/td><td class=\"column-11\">5644 Nm<\/td><td class=\"column-12\">7828<\/td>\n<\/tr>\n<tr class=\"row-8\">\n\t<td class=\"column-1\">SP-I 0841<\/td><td class=\"column-2\">SP-I Series<\/td><td class=\"column-3\">1 drive<\/td><td class=\"column-4\">Straight teeth<\/td><td class=\"column-5\">4<\/td><td class=\"column-6\">15<\/td><td class=\"column-7\">231<\/td><td class=\"column-8\">102 Kg<\/td><td class=\"column-9\">15.4<\/td><td class=\"column-10\">8778 Nm<\/td><td class=\"column-11\">6329 Nm<\/td><td class=\"column-12\">8778<\/td>\n<\/tr>\n<tr class=\"row-9\">\n\t<td class=\"column-1\">SP-I 0941<\/td><td class=\"column-2\">SP-I Series<\/td><td class=\"column-3\">1 drive<\/td><td class=\"column-4\">Straight teeth<\/td><td class=\"column-5\">4<\/td><td class=\"column-6\">15<\/td><td class=\"column-7\">256<\/td><td class=\"column-8\">115 Kg<\/td><td class=\"column-9\">17.07<\/td><td class=\"column-10\">9728 Nm<\/td><td class=\"column-11\">7040 Nm<\/td><td class=\"column-12\">9728<\/td>\n<\/tr>\n<tr class=\"row-10\">\n\t<td class=\"column-1\">SP-I 1091<\/td><td class=\"column-2\">SP-I Series<\/td><td class=\"column-3\">1 drive<\/td><td class=\"column-4\">Straight teeth<\/td><td class=\"column-5\">4<\/td><td class=\"column-6\">15<\/td><td class=\"column-7\">294<\/td><td class=\"column-8\">127 Kg<\/td><td class=\"column-9\">19.6<\/td><td class=\"column-10\">11172 Nm<\/td><td class=\"column-11\">8085 Nm<\/td><td class=\"column-12\">11172<\/td>\n<\/tr>\n<\/tbody>\n<\/table>\n<!-- #tablepress-100 from cache -->\n","protected":false},"excerpt":{"rendered":"<p>La commande d&rsquo;orientation de la s\u00e9rie IMO SP-I est un type de syst\u00e8me d&rsquo; entra\u00eenement m\u00e9canique con\u00e7u pour fournir un mouvement de rotation aux machines, souvent utilis\u00e9 dans des applications o\u00f9 un couple \u00e9lev\u00e9 et une grande pr\u00e9cision sont n\u00e9cessaires. Les commandes d&rsquo;orientation sont g\u00e9n\u00e9ralement utilis\u00e9es pour faire tourner de grandes charges lourdes, comme dans les \u00e9oliennes, les \u00e9quipements de construction ou les syst\u00e8mes de suivi solaire. <\/p>\n<p>&nbsp;<\/p>\n","protected":false},"featured_media":10641,"comment_status":"open","ping_status":"closed","template":"","meta":{"content-type":""},"product_cat":[360,353],"product_tag":[457],"class_list":{"0":"post-11587","1":"product","2":"type-product","3":"status-publish","4":"has-post-thumbnail","6":"product_cat-imo-fr","7":"product_cat-oemodm-fr","8":"product_tag-imo-sp-i-series-slewing-drive-fr","10":"first","11":"instock","12":"shipping-taxable","13":"product-type-simple"},"yoast_head":"<!-- This site is optimized with the Yoast SEO plugin v21.7 - https:\/\/yoast.com\/wordpress\/plugins\/seo\/ -->\n<title>Entra\u00eenement par courroie dent\u00e9e de la s\u00e9rie IMO SP-I<\/title>\n<meta name=\"description\" content=\"La s\u00e9rie IMO SP-I se caract\u00e9rise par une conception compacte qui int\u00e8gre le moteur, le r\u00e9ducteur et la couronne d&#039;orientation en une seule unit\u00e9, ce qui la rend id\u00e9ale pour les applications.\" \/>\n<meta name=\"robots\" content=\"index, follow, max-snippet:-1, max-image-preview:large, max-video-preview:-1\" \/>\n<link rel=\"canonical\" href=\"https:\/\/slewingbearings.com\/product\/imo-sp-i-series-slewing-drive\/\" \/>\n<meta property=\"og:locale\" content=\"fr_FR\" \/>\n<meta property=\"og:type\" content=\"article\" \/>\n<meta property=\"og:title\" content=\"Entra\u00eenement par courroie dent\u00e9e de la s\u00e9rie IMO SP-I\" \/>\n<meta property=\"og:description\" content=\"La s\u00e9rie IMO SP-I se caract\u00e9rise par une conception compacte qui int\u00e8gre le moteur, le r\u00e9ducteur et la couronne d&#039;orientation en une seule unit\u00e9, ce qui la rend id\u00e9ale pour les applications.\" \/>\n<meta property=\"og:url\" content=\"https:\/\/slewingbearings.com\/product\/imo-sp-i-series-slewing-drive\/\" \/>\n<meta property=\"og:site_name\" content=\"ZZ Group\" \/>\n<meta property=\"og:image\" content=\"https:\/\/slewingbearings.com\/wp-content\/uploads\/2025\/01\/IMO-SP-I-Series-Slewing-drive.webp\" \/>\n\t<meta property=\"og:image:width\" content=\"800\" \/>\n\t<meta property=\"og:image:height\" content=\"800\" \/>\n\t<meta property=\"og:image:type\" content=\"image\/webp\" \/>\n<meta name=\"twitter:card\" content=\"summary_large_image\" \/>\n<meta name=\"twitter:label1\" content=\"Dur\u00e9e de lecture estim\u00e9e\" \/>\n\t<meta name=\"twitter:data1\" content=\"1 minute\" \/>\n<script type=\"application\/ld+json\" class=\"yoast-schema-graph\">{\"@context\":\"https:\/\/schema.org\",\"@graph\":[{\"@type\":\"WebPage\",\"@id\":\"https:\/\/slewingbearings.com\/product\/imo-sp-i-series-slewing-drive\/\",\"url\":\"https:\/\/slewingbearings.com\/product\/imo-sp-i-series-slewing-drive\/\",\"name\":\"Entra\u00eenement par courroie dent\u00e9e de la s\u00e9rie IMO SP-I\",\"isPartOf\":{\"@id\":\"https:\/\/slewingbearings.com\/#website\"},\"datePublished\":\"2025-01-09T03:11:30+00:00\",\"dateModified\":\"2025-01-09T03:11:30+00:00\",\"description\":\"La s\u00e9rie IMO SP-I se caract\u00e9rise par une conception compacte qui int\u00e8gre le moteur, le r\u00e9ducteur et la couronne d'orientation en une seule unit\u00e9, ce qui la rend id\u00e9ale pour les applications.\",\"breadcrumb\":{\"@id\":\"https:\/\/slewingbearings.com\/product\/imo-sp-i-series-slewing-drive\/#breadcrumb\"},\"inLanguage\":\"fr-FR\",\"potentialAction\":[{\"@type\":\"ReadAction\",\"target\":[\"https:\/\/slewingbearings.com\/product\/imo-sp-i-series-slewing-drive\/\"]}]},{\"@type\":\"BreadcrumbList\",\"@id\":\"https:\/\/slewingbearings.com\/product\/imo-sp-i-series-slewing-drive\/#breadcrumb\",\"itemListElement\":[{\"@type\":\"ListItem\",\"position\":1,\"name\":\"Home\",\"item\":\"https:\/\/slewingbearings.com\/fr\/palier-dorientation-entrainement-dorientation\/\"},{\"@type\":\"ListItem\",\"position\":2,\"name\":\"Shop\",\"item\":\"https:\/\/slewingbearings.com\/shop\/\"},{\"@type\":\"ListItem\",\"position\":3,\"name\":\"Entra\u00eenement par courroie dent\u00e9e de la s\u00e9rie IMO SP-I\"}]},{\"@type\":\"WebSite\",\"@id\":\"https:\/\/slewingbearings.com\/#website\",\"url\":\"https:\/\/slewingbearings.com\/\",\"name\":\"ZZ Group\",\"description\":\"Leading Slewing Bearings in China\",\"potentialAction\":[{\"@type\":\"SearchAction\",\"target\":{\"@type\":\"EntryPoint\",\"urlTemplate\":\"https:\/\/slewingbearings.com\/?s={search_term_string}\"},\"query-input\":\"required name=search_term_string\"}],\"inLanguage\":\"fr-FR\"}]}<\/script>\n<!-- \/ Yoast SEO plugin. -->","yoast_head_json":{"title":"Entra\u00eenement par courroie dent\u00e9e de la s\u00e9rie IMO SP-I","description":"La s\u00e9rie IMO SP-I se caract\u00e9rise par une conception compacte qui int\u00e8gre le moteur, le r\u00e9ducteur et la couronne d'orientation en une seule unit\u00e9, ce qui la rend id\u00e9ale pour les applications.","robots":{"index":"index","follow":"follow","max-snippet":"max-snippet:-1","max-image-preview":"max-image-preview:large","max-video-preview":"max-video-preview:-1"},"canonical":"https:\/\/slewingbearings.com\/product\/imo-sp-i-series-slewing-drive\/","og_locale":"fr_FR","og_type":"article","og_title":"Entra\u00eenement par courroie dent\u00e9e de la s\u00e9rie IMO SP-I","og_description":"La s\u00e9rie IMO SP-I se caract\u00e9rise par une conception compacte qui int\u00e8gre le moteur, le r\u00e9ducteur et la couronne d'orientation en une seule unit\u00e9, ce qui la rend id\u00e9ale pour les applications.","og_url":"https:\/\/slewingbearings.com\/product\/imo-sp-i-series-slewing-drive\/","og_site_name":"ZZ Group","og_image":[{"width":800,"height":800,"url":"https:\/\/slewingbearings.com\/wp-content\/uploads\/2025\/01\/IMO-SP-I-Series-Slewing-drive.webp","type":"image\/webp"}],"twitter_card":"summary_large_image","twitter_misc":{"Dur\u00e9e de lecture estim\u00e9e":"1 minute"},"schema":{"@context":"https:\/\/schema.org","@graph":[{"@type":"WebPage","@id":"https:\/\/slewingbearings.com\/product\/imo-sp-i-series-slewing-drive\/","url":"https:\/\/slewingbearings.com\/product\/imo-sp-i-series-slewing-drive\/","name":"Entra\u00eenement par courroie dent\u00e9e de la s\u00e9rie IMO SP-I","isPartOf":{"@id":"https:\/\/slewingbearings.com\/#website"},"datePublished":"2025-01-09T03:11:30+00:00","dateModified":"2025-01-09T03:11:30+00:00","description":"La s\u00e9rie IMO SP-I se caract\u00e9rise par une conception compacte qui int\u00e8gre le moteur, le r\u00e9ducteur et la couronne d'orientation en une seule unit\u00e9, ce qui la rend id\u00e9ale pour les applications.","breadcrumb":{"@id":"https:\/\/slewingbearings.com\/product\/imo-sp-i-series-slewing-drive\/#breadcrumb"},"inLanguage":"fr-FR","potentialAction":[{"@type":"ReadAction","target":["https:\/\/slewingbearings.com\/product\/imo-sp-i-series-slewing-drive\/"]}]},{"@type":"BreadcrumbList","@id":"https:\/\/slewingbearings.com\/product\/imo-sp-i-series-slewing-drive\/#breadcrumb","itemListElement":[{"@type":"ListItem","position":1,"name":"Home","item":"https:\/\/slewingbearings.com\/fr\/palier-dorientation-entrainement-dorientation\/"},{"@type":"ListItem","position":2,"name":"Shop","item":"https:\/\/slewingbearings.com\/shop\/"},{"@type":"ListItem","position":3,"name":"Entra\u00eenement par courroie dent\u00e9e de la s\u00e9rie IMO SP-I"}]},{"@type":"WebSite","@id":"https:\/\/slewingbearings.com\/#website","url":"https:\/\/slewingbearings.com\/","name":"ZZ Group","description":"Leading Slewing Bearings in China","potentialAction":[{"@type":"SearchAction","target":{"@type":"EntryPoint","urlTemplate":"https:\/\/slewingbearings.com\/?s={search_term_string}"},"query-input":"required name=search_term_string"}],"inLanguage":"fr-FR"}]}},"_links":{"self":[{"href":"https:\/\/slewingbearings.com\/fr\/wp-json\/wp\/v2\/product\/11587","targetHints":{"allow":["GET"]}}],"collection":[{"href":"https:\/\/slewingbearings.com\/fr\/wp-json\/wp\/v2\/product"}],"about":[{"href":"https:\/\/slewingbearings.com\/fr\/wp-json\/wp\/v2\/types\/product"}],"replies":[{"embeddable":true,"href":"https:\/\/slewingbearings.com\/fr\/wp-json\/wp\/v2\/comments?post=11587"}],"wp:featuredmedia":[{"embeddable":true,"href":"https:\/\/slewingbearings.com\/fr\/wp-json\/wp\/v2\/media\/10641"}],"wp:attachment":[{"href":"https:\/\/slewingbearings.com\/fr\/wp-json\/wp\/v2\/media?parent=11587"}],"wp:term":[{"taxonomy":"product_cat","embeddable":true,"href":"https:\/\/slewingbearings.com\/fr\/wp-json\/wp\/v2\/product_cat?post=11587"},{"taxonomy":"product_tag","embeddable":true,"href":"https:\/\/slewingbearings.com\/fr\/wp-json\/wp\/v2\/product_tag?post=11587"}],"curies":[{"name":"wp","href":"https:\/\/api.w.org\/{rel}","templated":true}]}}