{"id":11579,"date":"2025-01-10T02:27:12","date_gmt":"2025-01-10T02:27:12","guid":{"rendered":"https:\/\/slewingbearings.com\/product\/entrainement-par-courroie-dentee-imo-serie-wd-h\/"},"modified":"2025-01-10T02:27:12","modified_gmt":"2025-01-10T02:27:12","slug":"entrainement-par-courroie-dentee-imo-serie-wd-h","status":"publish","type":"product","link":"https:\/\/slewingbearings.com\/fr\/product\/entrainement-par-courroie-dentee-imo-serie-wd-h\/","title":{"rendered":"Entra\u00eenement par courroie dent\u00e9e IMO s\u00e9rie WD-H"},"content":{"rendered":"<p><a href=\"https:\/\/slewingbearings.com\/fr\/entrainement-dorientation\/\"><strong>ZZ Slewing Drive<\/strong><\/a> offre une large gamme de syst\u00e8mes d&rsquo;entra\u00eenement pour couvrir un large \u00e9ventail d&rsquo;exigences d&rsquo;application, et tous les mod\u00e8les de la s\u00e9rie IMO WD-H Slewing Drive sont interchangeables. Les deux mod\u00e8les ont des caract\u00e9ristiques de construction et de performance similaires. <\/p>\n<ul>\n<li>Couple \u00e9lev\u00e9 : Les s\u00e9ries ZZ et IMO WD-H offrent un couple de sortie \u00e9lev\u00e9 pour les applications rotatives n\u00e9cessitant un couple \u00e9lev\u00e9.<\/li>\n<li>Conception compacte : Les deux mod\u00e8les pr\u00e9sentent une conception int\u00e9gr\u00e9e qui simplifie l&rsquo;installation et la maintenance du syst\u00e8me.<\/li>\n<li>Fiabilit\u00e9 et durabilit\u00e9 \u00e9lev\u00e9es : Les deux unit\u00e9s d&rsquo;entra\u00eenement sont \u00e9tanches \u00e0 la poussi\u00e8re, \u00e0 l&rsquo;eau et autres conceptions ferm\u00e9es pour une utilisation dans des environnements difficiles.<\/li>\n<\/ul>\n\n<table id=\"tablepress-101\" class=\"tablepress tablepress-id-101\">\n<thead>\n<tr class=\"row-1\">\n\t<th class=\"column-1\">Part Number<\/th><th class=\"column-2\">Series<\/th><th class=\"column-3\">Number of drives<\/th><th class=\"column-4\">Drive style<\/th><th class=\"column-5\">Module<\/th><th class=\"column-6\">Number Of Threads<br \/>\n Of The Worm<\/th><th class=\"column-7\">Self Locking <br \/>\nGears<\/th><th class=\"column-8\">Weight<\/th><th class=\"column-9\">Slew Drive <br \/>\nGear Ratio<\/th><th class=\"column-10\">Max Torque<\/th><th class=\"column-11\">Nom Torques<\/th><th class=\"column-12\">Max Holding <br \/>\nTorque<\/th><td class=\"column-13\"><\/td>\n<\/tr>\n<\/thead>\n<tbody class=\"row-striping row-hover\">\n<tr class=\"row-2\">\n\t<td class=\"column-1\">WD-H 0220 \/ 1 drive<\/td><td class=\"column-2\">WD-H Series<\/td><td class=\"column-3\">1 drive<\/td><td class=\"column-4\">Worm<\/td><td class=\"column-5\">5<\/td><td class=\"column-6\">2<\/td><td class=\"column-7\">No**<\/td><td class=\"column-8\">89 Kg<\/td><td class=\"column-9\">28<\/td><td class=\"column-10\">11093 Nm<\/td><td class=\"column-11\">5150 Nm<\/td><td class=\"column-12\">11093<\/td><td class=\"column-13\"><\/td>\n<\/tr>\n<tr class=\"row-3\">\n\t<td class=\"column-1\">WD-H 0300 \/ 1 drive<\/td><td class=\"column-2\">WD-H Series<\/td><td class=\"column-3\">1 drive<\/td><td class=\"column-4\">Worm<\/td><td class=\"column-5\">6<\/td><td class=\"column-6\">2<\/td><td class=\"column-7\">No**<\/td><td class=\"column-8\">167 Kg<\/td><td class=\"column-9\">30.5<\/td><td class=\"column-10\">22360 Nm<\/td><td class=\"column-11\">14000 Nm<\/td><td class=\"column-12\">22360<\/td><td class=\"column-13\"><\/td>\n<\/tr>\n<tr class=\"row-4\">\n\t<td class=\"column-1\">WD-H 0300 \/ 2 drive<\/td><td class=\"column-2\">WD-H Series<\/td><td class=\"column-3\">2 drive<\/td><td class=\"column-4\">Worm<\/td><td class=\"column-5\">6<\/td><td class=\"column-6\">2<\/td><td class=\"column-7\">No**<\/td><td class=\"column-8\">186 Kg<\/td><td class=\"column-9\">30.5<\/td><td class=\"column-10\">44720 Nm<\/td><td class=\"column-11\">28000 Nm<\/td><td class=\"column-12\">44720<\/td><td class=\"column-13\"><\/td>\n<\/tr>\n<tr class=\"row-5\">\n\t<td class=\"column-1\">WD-H 0373 \/ 1 drive<\/td><td class=\"column-2\">WD-H Series<\/td><td class=\"column-3\">1 drive<\/td><td class=\"column-4\">Worm<\/td><td class=\"column-5\">8<\/td><td class=\"column-6\">1<\/td><td class=\"column-7\">No**<\/td><td class=\"column-8\">285 Kg<\/td><td class=\"column-9\">56<\/td><td class=\"column-10\">47416 Nm<\/td><td class=\"column-11\">35500 Nm<\/td><td class=\"column-12\">47416<\/td><td class=\"column-13\"><\/td>\n<\/tr>\n<tr class=\"row-6\">\n\t<td class=\"column-1\">WD-H 0373 \/ 2 drive<\/td><td class=\"column-2\">WD-H Series<\/td><td class=\"column-3\">2 drive<\/td><td class=\"column-4\">Worm<\/td><td class=\"column-5\">8<\/td><td class=\"column-6\">1<\/td><td class=\"column-7\">No**<\/td><td class=\"column-8\">330 Kg<\/td><td class=\"column-9\">56<\/td><td class=\"column-10\">94832 Nm<\/td><td class=\"column-11\">71000 Nm<\/td><td class=\"column-12\">94832<\/td><td class=\"column-13\"><\/td>\n<\/tr>\n<tr class=\"row-7\">\n\t<td class=\"column-1\">WD-H 0490 \/ 1 drive<\/td><td class=\"column-2\">WD-H Series<\/td><td class=\"column-3\">1 drive<\/td><td class=\"column-4\">Worm<\/td><td class=\"column-5\">8<\/td><td class=\"column-6\">1<\/td><td class=\"column-7\">No**<\/td><td class=\"column-8\">347 Kg<\/td><td class=\"column-9\">70<\/td><td class=\"column-10\">59799 Nm<\/td><td class=\"column-11\">59799 Nm<\/td><td class=\"column-12\">59799<\/td><td class=\"column-13\"><\/td>\n<\/tr>\n<tr class=\"row-8\">\n\t<td class=\"column-1\">WD-H 0490 \/ 2 drive<\/td><td class=\"column-2\">WD-H Series<\/td><td class=\"column-3\">2 drive<\/td><td class=\"column-4\">Worm<\/td><td class=\"column-5\">8<\/td><td class=\"column-6\">1<\/td><td class=\"column-7\">No**<\/td><td class=\"column-8\">394 Kg<\/td><td class=\"column-9\">70<\/td><td class=\"column-10\">119598 Nm<\/td><td class=\"column-11\">119598 Nm<\/td><td class=\"column-12\">119598<\/td><td class=\"column-13\"><\/td>\n<\/tr>\n<tr class=\"row-9\">\n\t<td class=\"column-1\">WD-H 0645 \/ 1 drive<\/td><td class=\"column-2\">WD-H Series<\/td><td class=\"column-3\">1 drive<\/td><td class=\"column-4\">Worm<\/td><td class=\"column-5\">8<\/td><td class=\"column-6\">1<\/td><td class=\"column-7\">No**<\/td><td class=\"column-8\">430 Kg<\/td><td class=\"column-9\">90<\/td><td class=\"column-10\">76310 Nm<\/td><td class=\"column-11\">76310 Nm<\/td><td class=\"column-12\">76310<\/td><td class=\"column-13\"><\/td>\n<\/tr>\n<tr class=\"row-10\">\n\t<td class=\"column-1\">WD-H 0645 \/ 2 drive<\/td><td class=\"column-2\">WD-H Series<\/td><td class=\"column-3\">2 drive<\/td><td class=\"column-4\">Worm<\/td><td class=\"column-5\">8<\/td><td class=\"column-6\">1<\/td><td class=\"column-7\">No**<\/td><td class=\"column-8\">516 Kg<\/td><td class=\"column-9\">90<\/td><td class=\"column-10\">152610 Nm<\/td><td class=\"column-11\">152610 Nm<\/td><td class=\"column-12\">152610<\/td><td class=\"column-13\"><\/td>\n<\/tr>\n<\/tbody>\n<\/table>\n<!-- #tablepress-101 from cache -->\n","protected":false},"excerpt":{"rendered":"<p>La commande d&rsquo;orientation de la s\u00e9rie IMO WD-H est un type de syst\u00e8me d&rsquo;entra\u00eenement m\u00e9canique couramment utilis\u00e9 dans les applications qui n\u00e9cessitent un mouvement de rotation et une transmission de couple, comme les syst\u00e8mes de poursuite solaire, les machines industrielles et les \u00e9quipements de construction. Les commandes d&rsquo;orientation sont g\u00e9n\u00e9ralement compos\u00e9es d&rsquo;un syst\u00e8me d&rsquo;engrenage qui int\u00e8gre une couronne d&rsquo;orientation (ou un palier de plateau tournant), un moteur et d&rsquo;autres composants, le tout dans une unit\u00e9 compacte. <\/p>\n","protected":false},"featured_media":10650,"comment_status":"open","ping_status":"closed","template":"","meta":{"content-type":""},"product_cat":[360,353],"product_tag":[464],"class_list":{"0":"post-11579","1":"product","2":"type-product","3":"status-publish","4":"has-post-thumbnail","6":"product_cat-imo-fr","7":"product_cat-oemodm-fr","8":"product_tag-imo-wd-h-series-slewing-drive-fr","10":"first","11":"instock","12":"shipping-taxable","13":"product-type-simple"},"yoast_head":"<!-- This site is optimized with the Yoast SEO plugin v21.7 - https:\/\/yoast.com\/wordpress\/plugins\/seo\/ -->\n<title>Entra\u00eenement par courroie dent\u00e9e IMO s\u00e9rie WD-H<\/title>\n<meta name=\"description\" content=\"La commande d&#039;orientation IMO de la s\u00e9rie WD-H est un syst\u00e8me m\u00e9canique compact \u00e0 couple \u00e9lev\u00e9 utilis\u00e9 pour des mouvements de rotation pr\u00e9cis dans diverses applications.\" \/>\n<meta name=\"robots\" content=\"index, follow, max-snippet:-1, max-image-preview:large, max-video-preview:-1\" \/>\n<link rel=\"canonical\" href=\"https:\/\/slewingbearings.com\/product\/imo-wd-h-series-slewing-drive\/\" \/>\n<meta property=\"og:locale\" content=\"fr_FR\" \/>\n<meta property=\"og:type\" content=\"article\" \/>\n<meta property=\"og:title\" content=\"Entra\u00eenement par courroie dent\u00e9e IMO s\u00e9rie WD-H\" \/>\n<meta property=\"og:description\" content=\"La commande d&#039;orientation IMO de la s\u00e9rie WD-H est un syst\u00e8me m\u00e9canique compact \u00e0 couple \u00e9lev\u00e9 utilis\u00e9 pour des mouvements de rotation pr\u00e9cis dans diverses applications.\" \/>\n<meta property=\"og:url\" content=\"https:\/\/slewingbearings.com\/product\/imo-wd-h-series-slewing-drive\/\" \/>\n<meta property=\"og:site_name\" content=\"ZZ Group\" \/>\n<meta property=\"og:image\" content=\"https:\/\/slewingbearings.com\/wp-content\/uploads\/2025\/01\/IMO-WD-H-Series-Slewing-Drive.webp\" \/>\n\t<meta property=\"og:image:width\" content=\"800\" \/>\n\t<meta property=\"og:image:height\" content=\"800\" \/>\n\t<meta property=\"og:image:type\" content=\"image\/webp\" \/>\n<meta name=\"twitter:card\" content=\"summary_large_image\" \/>\n<meta name=\"twitter:label1\" content=\"Dur\u00e9e de lecture estim\u00e9e\" \/>\n\t<meta name=\"twitter:data1\" content=\"1 minute\" \/>\n<script type=\"application\/ld+json\" class=\"yoast-schema-graph\">{\"@context\":\"https:\/\/schema.org\",\"@graph\":[{\"@type\":\"WebPage\",\"@id\":\"https:\/\/slewingbearings.com\/product\/imo-wd-h-series-slewing-drive\/\",\"url\":\"https:\/\/slewingbearings.com\/product\/imo-wd-h-series-slewing-drive\/\",\"name\":\"Entra\u00eenement par courroie dent\u00e9e IMO s\u00e9rie WD-H\",\"isPartOf\":{\"@id\":\"https:\/\/slewingbearings.com\/#website\"},\"datePublished\":\"2025-01-10T02:27:12+00:00\",\"dateModified\":\"2025-01-10T02:27:12+00:00\",\"description\":\"La commande d'orientation IMO de la s\u00e9rie WD-H est un syst\u00e8me m\u00e9canique compact \u00e0 couple \u00e9lev\u00e9 utilis\u00e9 pour des mouvements de rotation pr\u00e9cis dans diverses applications.\",\"breadcrumb\":{\"@id\":\"https:\/\/slewingbearings.com\/product\/imo-wd-h-series-slewing-drive\/#breadcrumb\"},\"inLanguage\":\"fr-FR\",\"potentialAction\":[{\"@type\":\"ReadAction\",\"target\":[\"https:\/\/slewingbearings.com\/product\/imo-wd-h-series-slewing-drive\/\"]}]},{\"@type\":\"BreadcrumbList\",\"@id\":\"https:\/\/slewingbearings.com\/product\/imo-wd-h-series-slewing-drive\/#breadcrumb\",\"itemListElement\":[{\"@type\":\"ListItem\",\"position\":1,\"name\":\"Home\",\"item\":\"https:\/\/slewingbearings.com\/fr\/palier-dorientation-entrainement-dorientation\/\"},{\"@type\":\"ListItem\",\"position\":2,\"name\":\"Shop\",\"item\":\"https:\/\/slewingbearings.com\/shop\/\"},{\"@type\":\"ListItem\",\"position\":3,\"name\":\"Entra\u00eenement par courroie dent\u00e9e IMO s\u00e9rie WD-H\"}]},{\"@type\":\"WebSite\",\"@id\":\"https:\/\/slewingbearings.com\/#website\",\"url\":\"https:\/\/slewingbearings.com\/\",\"name\":\"ZZ Group\",\"description\":\"Leading Slewing Bearings in China\",\"potentialAction\":[{\"@type\":\"SearchAction\",\"target\":{\"@type\":\"EntryPoint\",\"urlTemplate\":\"https:\/\/slewingbearings.com\/?s={search_term_string}\"},\"query-input\":\"required name=search_term_string\"}],\"inLanguage\":\"fr-FR\"}]}<\/script>\n<!-- \/ Yoast SEO plugin. -->","yoast_head_json":{"title":"Entra\u00eenement par courroie dent\u00e9e IMO s\u00e9rie WD-H","description":"La commande d'orientation IMO de la s\u00e9rie WD-H est un syst\u00e8me m\u00e9canique compact \u00e0 couple \u00e9lev\u00e9 utilis\u00e9 pour des mouvements de rotation pr\u00e9cis dans diverses applications.","robots":{"index":"index","follow":"follow","max-snippet":"max-snippet:-1","max-image-preview":"max-image-preview:large","max-video-preview":"max-video-preview:-1"},"canonical":"https:\/\/slewingbearings.com\/product\/imo-wd-h-series-slewing-drive\/","og_locale":"fr_FR","og_type":"article","og_title":"Entra\u00eenement par courroie dent\u00e9e IMO s\u00e9rie WD-H","og_description":"La commande d'orientation IMO de la s\u00e9rie WD-H est un syst\u00e8me m\u00e9canique compact \u00e0 couple \u00e9lev\u00e9 utilis\u00e9 pour des mouvements de rotation pr\u00e9cis dans diverses applications.","og_url":"https:\/\/slewingbearings.com\/product\/imo-wd-h-series-slewing-drive\/","og_site_name":"ZZ Group","og_image":[{"width":800,"height":800,"url":"https:\/\/slewingbearings.com\/wp-content\/uploads\/2025\/01\/IMO-WD-H-Series-Slewing-Drive.webp","type":"image\/webp"}],"twitter_card":"summary_large_image","twitter_misc":{"Dur\u00e9e de lecture estim\u00e9e":"1 minute"},"schema":{"@context":"https:\/\/schema.org","@graph":[{"@type":"WebPage","@id":"https:\/\/slewingbearings.com\/product\/imo-wd-h-series-slewing-drive\/","url":"https:\/\/slewingbearings.com\/product\/imo-wd-h-series-slewing-drive\/","name":"Entra\u00eenement par courroie dent\u00e9e IMO s\u00e9rie WD-H","isPartOf":{"@id":"https:\/\/slewingbearings.com\/#website"},"datePublished":"2025-01-10T02:27:12+00:00","dateModified":"2025-01-10T02:27:12+00:00","description":"La commande d'orientation IMO de la s\u00e9rie WD-H est un syst\u00e8me m\u00e9canique compact \u00e0 couple \u00e9lev\u00e9 utilis\u00e9 pour des mouvements de rotation pr\u00e9cis dans diverses applications.","breadcrumb":{"@id":"https:\/\/slewingbearings.com\/product\/imo-wd-h-series-slewing-drive\/#breadcrumb"},"inLanguage":"fr-FR","potentialAction":[{"@type":"ReadAction","target":["https:\/\/slewingbearings.com\/product\/imo-wd-h-series-slewing-drive\/"]}]},{"@type":"BreadcrumbList","@id":"https:\/\/slewingbearings.com\/product\/imo-wd-h-series-slewing-drive\/#breadcrumb","itemListElement":[{"@type":"ListItem","position":1,"name":"Home","item":"https:\/\/slewingbearings.com\/fr\/palier-dorientation-entrainement-dorientation\/"},{"@type":"ListItem","position":2,"name":"Shop","item":"https:\/\/slewingbearings.com\/shop\/"},{"@type":"ListItem","position":3,"name":"Entra\u00eenement par courroie dent\u00e9e IMO s\u00e9rie WD-H"}]},{"@type":"WebSite","@id":"https:\/\/slewingbearings.com\/#website","url":"https:\/\/slewingbearings.com\/","name":"ZZ Group","description":"Leading Slewing Bearings in China","potentialAction":[{"@type":"SearchAction","target":{"@type":"EntryPoint","urlTemplate":"https:\/\/slewingbearings.com\/?s={search_term_string}"},"query-input":"required name=search_term_string"}],"inLanguage":"fr-FR"}]}},"_links":{"self":[{"href":"https:\/\/slewingbearings.com\/fr\/wp-json\/wp\/v2\/product\/11579","targetHints":{"allow":["GET"]}}],"collection":[{"href":"https:\/\/slewingbearings.com\/fr\/wp-json\/wp\/v2\/product"}],"about":[{"href":"https:\/\/slewingbearings.com\/fr\/wp-json\/wp\/v2\/types\/product"}],"replies":[{"embeddable":true,"href":"https:\/\/slewingbearings.com\/fr\/wp-json\/wp\/v2\/comments?post=11579"}],"wp:featuredmedia":[{"embeddable":true,"href":"https:\/\/slewingbearings.com\/fr\/wp-json\/wp\/v2\/media\/10650"}],"wp:attachment":[{"href":"https:\/\/slewingbearings.com\/fr\/wp-json\/wp\/v2\/media?parent=11579"}],"wp:term":[{"taxonomy":"product_cat","embeddable":true,"href":"https:\/\/slewingbearings.com\/fr\/wp-json\/wp\/v2\/product_cat?post=11579"},{"taxonomy":"product_tag","embeddable":true,"href":"https:\/\/slewingbearings.com\/fr\/wp-json\/wp\/v2\/product_tag?post=11579"}],"curies":[{"name":"wp","href":"https:\/\/api.w.org\/{rel}","templated":true}]}}