{"id":11571,"date":"2025-01-10T03:03:46","date_gmt":"2025-01-10T03:03:46","guid":{"rendered":"https:\/\/slewingbearings.com\/product\/entrainement-par-courroie-dentee-imo-serie-wd-l\/"},"modified":"2025-01-10T03:03:46","modified_gmt":"2025-01-10T03:03:46","slug":"entrainement-par-courroie-dentee-imo-serie-wd-l","status":"publish","type":"product","link":"https:\/\/slewingbearings.com\/fr\/product\/entrainement-par-courroie-dentee-imo-serie-wd-l\/","title":{"rendered":"Entra\u00eenement par courroie dent\u00e9e IMO s\u00e9rie WD-L"},"content":{"rendered":"<p><a href=\"https:\/\/slewingbearings.com\/fr\/entrainement-dorientation\/\">La<strong>commande d&rsquo;orientation ZZ<\/strong> est <\/a>un type de syst\u00e8me d&rsquo;entra\u00eenement m\u00e9canique con\u00e7u pour les applications qui n\u00e9cessitent un couple \u00e9lev\u00e9, un mouvement de rotation pr\u00e9cis et une grande durabilit\u00e9. Les commandes d&rsquo;orientation sont souvent utilis\u00e9es dans les machines lourdes, les syst\u00e8mes d&rsquo;\u00e9nergie renouvelable et l&rsquo;automatisation. ZZ est un fabricant connu pour offrir une large gamme de commandes d&rsquo;orientation de diff\u00e9rentes tailles, capacit\u00e9s et configurations adapt\u00e9es aux diff\u00e9rents besoins industriels.  <\/p>\n<ul>\n<li><strong>Capacit\u00e9 de couple \u00e9lev\u00e9e:<\/strong><\/li>\n<\/ul>\n<p>Les commandes d&rsquo;orientation ZZ sont con\u00e7ues pour supporter des charges radiales et axiales \u00e9lev\u00e9es, ce qui les rend adapt\u00e9es aux applications lourdes.<br \/>\nElles assurent un mouvement de rotation souple et pr\u00e9cis sous un couple important, ce qui est essentiel dans des applications telles que les grues, les suiveurs solaires et les \u00e9quipements lourds.<\/p>\n<ul>\n<li><strong>Conception compacte et robuste:<\/strong><\/li>\n<\/ul>\n<p>Ces entra\u00eenements sont compacts, combinant la couronne d&rsquo;orientation, le r\u00e9ducteur et le moteur en une seule unit\u00e9, ce qui simplifie la conception et r\u00e9duit le nombre de pi\u00e8ces.<br \/>\nLa conception robuste garantit que l&rsquo;entra\u00eenement d&rsquo;orientation peut r\u00e9sister \u00e0 des conditions de travail difficiles, y compris \u00e0 des environnements ext\u00e9rieurs ou \u00e0 des environnements industriels exigeants.<\/p>\n\n<table id=\"tablepress-102\" class=\"tablepress tablepress-id-102\">\n<thead>\n<tr class=\"row-1\">\n\t<th class=\"column-1\">Part Number<\/th><th class=\"column-2\">Series<\/th><th class=\"column-3\">Number of drives<\/th><th class=\"column-4\">Drive style<\/th><th class=\"column-5\">Module<\/th><th class=\"column-6\">Number Of Threads <br \/>\nOf The Worm<\/th><th class=\"column-7\">Self Locking <br \/>\nGears<\/th><th class=\"column-8\">Weight<\/th><th class=\"column-9\">Slew Drive <br \/>\nGear Ratio<\/th><th class=\"column-10\">Max Torque<\/th><th class=\"column-11\">Nom Torques<\/th><th class=\"column-12\">Max Holding <br \/>\nTorque<\/th>\n<\/tr>\n<\/thead>\n<tbody class=\"row-striping row-hover\">\n<tr class=\"row-2\">\n\t<td class=\"column-1\">WD-L 0156 \/ 1-row \/ 1 drive<\/td><td class=\"column-2\">WD-L Series<\/td><td class=\"column-3\">1 drive<\/td><td class=\"column-4\">Worm<\/td><td class=\"column-5\">5<\/td><td class=\"column-6\">1<\/td><td class=\"column-7\">No**<\/td><td class=\"column-8\">40 Kg<\/td><td class=\"column-9\">46<\/td><td class=\"column-10\">3280 Nm<\/td><td class=\"column-11\">2520 Nm<\/td><td class=\"column-12\">3280<\/td>\n<\/tr>\n<tr class=\"row-3\">\n\t<td class=\"column-1\">WD-L 0223 \/ 1-row \/ 1 drive<\/td><td class=\"column-2\">WD-L Series<\/td><td class=\"column-3\">1 drive<\/td><td class=\"column-4\">Worm<\/td><td class=\"column-5\">5<\/td><td class=\"column-6\">1<\/td><td class=\"column-7\">No**<\/td><td class=\"column-8\">50 Kg<\/td><td class=\"column-9\">62<\/td><td class=\"column-10\">9303 Nm<\/td><td class=\"column-11\">4795 Nm<\/td><td class=\"column-12\">9303<\/td>\n<\/tr>\n<tr class=\"row-4\">\n\t<td class=\"column-1\">WD-L 0223 \/ 1-row \/ 2 drives<\/td><td class=\"column-2\">WD-L Series<\/td><td class=\"column-3\">2 drive<\/td><td class=\"column-4\">Worm<\/td><td class=\"column-5\">5<\/td><td class=\"column-6\">1<\/td><td class=\"column-7\">No**<\/td><td class=\"column-8\">93 Kg<\/td><td class=\"column-9\">62<\/td><td class=\"column-10\">18606 Nm<\/td><td class=\"column-11\">9590 Nm<\/td><td class=\"column-12\">18606<\/td>\n<\/tr>\n<tr class=\"row-5\">\n\t<td class=\"column-1\">WD-L 0223 \/ 2-row \/ 1 drive<\/td><td class=\"column-2\">WD-L Series<\/td><td class=\"column-3\">1 drive<\/td><td class=\"column-4\">Worm<\/td><td class=\"column-5\">5<\/td><td class=\"column-6\">1<\/td><td class=\"column-7\">No**<\/td><td class=\"column-8\">60 Kg<\/td><td class=\"column-9\">62<\/td><td class=\"column-10\">9303 Nm<\/td><td class=\"column-11\">4795 Nm<\/td><td class=\"column-12\">9303<\/td>\n<\/tr>\n<tr class=\"row-6\">\n\t<td class=\"column-1\">WD-L 0230 \/ 1-row \/ 1 drive<\/td><td class=\"column-2\">WD-L Series<\/td><td class=\"column-3\">1 drive<\/td><td class=\"column-4\">Worm<\/td><td class=\"column-5\">5<\/td><td class=\"column-6\">1<\/td><td class=\"column-7\">No**<\/td><td class=\"column-8\">55 Kg<\/td><td class=\"column-9\">62<\/td><td class=\"column-10\">9303 Nm<\/td><td class=\"column-11\">4795 Nm<\/td><td class=\"column-12\">9303<\/td>\n<\/tr>\n<tr class=\"row-7\">\n\t<td class=\"column-1\">WD-L 0343 \/ 1-row \/ 1 drive<\/td><td class=\"column-2\">WD-L Series<\/td><td class=\"column-3\">1 drive<\/td><td class=\"column-4\">Worm<\/td><td class=\"column-5\">5<\/td><td class=\"column-6\">1<\/td><td class=\"column-7\">No**<\/td><td class=\"column-8\">68 Kg<\/td><td class=\"column-9\">86<\/td><td class=\"column-10\">12905 Nm<\/td><td class=\"column-11\">10150 Nm<\/td><td class=\"column-12\">12905<\/td>\n<\/tr>\n<tr class=\"row-8\">\n\t<td class=\"column-1\">WD-L 0343 \/ 1-row \/ 2 drives<\/td><td class=\"column-2\">WD-L Series<\/td><td class=\"column-3\">2 drive<\/td><td class=\"column-4\">Worm<\/td><td class=\"column-5\">5<\/td><td class=\"column-6\">1<\/td><td class=\"column-7\">No**<\/td><td class=\"column-8\">107 Kg<\/td><td class=\"column-9\">86<\/td><td class=\"column-10\">25810 Nm<\/td><td class=\"column-11\">20300 Nm<\/td><td class=\"column-12\">36872<\/td>\n<\/tr>\n<tr class=\"row-9\">\n\t<td class=\"column-1\">WD-L 0343 \/ 2-row \/ 1 drive<\/td><td class=\"column-2\">WD-L Series<\/td><td class=\"column-3\">1 drive<\/td><td class=\"column-4\">Worm<\/td><td class=\"column-5\">5<\/td><td class=\"column-6\">1<\/td><td class=\"column-7\">No**<\/td><td class=\"column-8\">82 Kg<\/td><td class=\"column-9\">86<\/td><td class=\"column-10\">12905 Nm<\/td><td class=\"column-11\">10150 Nm<\/td><td class=\"column-12\">12905<\/td>\n<\/tr>\n<tr class=\"row-10\">\n\t<td class=\"column-1\">WD-L 0419 \/ 1-row \/ 1 drive<\/td><td class=\"column-2\">WD-L Series<\/td><td class=\"column-3\">1 drive<\/td><td class=\"column-4\">Worm<\/td><td class=\"column-5\">5<\/td><td class=\"column-6\">1<\/td><td class=\"column-7\">No**<\/td><td class=\"column-8\">92 Kg<\/td><td class=\"column-9\">104<\/td><td class=\"column-10\">15606 Nm<\/td><td class=\"column-11\">15606 Nm<\/td><td class=\"column-12\">15606<\/td>\n<\/tr>\n<tr class=\"row-11\">\n\t<td class=\"column-1\">WD-L 0419 \/ 1-row \/ 2 drives<\/td><td class=\"column-2\">WD-L Series<\/td><td class=\"column-3\">2 drive<\/td><td class=\"column-4\">Worm<\/td><td class=\"column-5\">5<\/td><td class=\"column-6\">1<\/td><td class=\"column-7\">No**<\/td><td class=\"column-8\">150 Kg<\/td><td class=\"column-9\">104<\/td><td class=\"column-10\">31212 Nm<\/td><td class=\"column-11\">31212 Nm<\/td><td class=\"column-12\">44590<\/td>\n<\/tr>\n<tr class=\"row-12\">\n\t<td class=\"column-1\">WD-L 0419 \/ 2-row \/ 1 drive<\/td><td class=\"column-2\">WD-L Series<\/td><td class=\"column-3\">1 drive<\/td><td class=\"column-4\">Worm<\/td><td class=\"column-5\">5<\/td><td class=\"column-6\">1<\/td><td class=\"column-7\">No**<\/td><td class=\"column-8\">112 Kg<\/td><td class=\"column-9\">104<\/td><td class=\"column-10\">15606 Nm<\/td><td class=\"column-11\">15606 Nm<\/td><td class=\"column-12\">15606<\/td>\n<\/tr>\n<tr class=\"row-13\">\n\t<td class=\"column-1\">WD-LC 0223 \/ 1-row \/ 1 drive<\/td><td class=\"column-2\">WD-L Series<\/td><td class=\"column-3\">1 drive<\/td><td class=\"column-4\">Worm<\/td><td class=\"column-5\">5<\/td><td class=\"column-6\">1<\/td><td class=\"column-7\">No**<\/td><td class=\"column-8\">58 Kg<\/td><td class=\"column-9\">62<\/td><td class=\"column-10\">4272 Nm<\/td><td class=\"column-11\">4272 Nm<\/td><td class=\"column-12\">4272<\/td>\n<\/tr>\n<tr class=\"row-14\">\n\t<td class=\"column-1\">WD-LC 0343 \/ 1-row \/ 1 drive<\/td><td class=\"column-2\">WD-L Series<\/td><td class=\"column-3\">1 drive<\/td><td class=\"column-4\">Worm<\/td><td class=\"column-5\">5<\/td><td class=\"column-6\">1<\/td><td class=\"column-7\">No**<\/td><td class=\"column-8\">88 Kg<\/td><td class=\"column-9\">86<\/td><td class=\"column-10\">5926 Nm<\/td><td class=\"column-11\">5926 Nm<\/td><td class=\"column-12\">5926<\/td>\n<\/tr>\n<tr class=\"row-15\">\n\t<td class=\"column-1\">WD-LC 0419 \/ 1-row \/ 1 drive<\/td><td class=\"column-2\">WD-L Series<\/td><td class=\"column-3\">1 drive<\/td><td class=\"column-4\">Worm<\/td><td class=\"column-5\">5<\/td><td class=\"column-6\">1<\/td><td class=\"column-7\">No**<\/td><td class=\"column-8\">103 Kg<\/td><td class=\"column-9\">104<\/td><td class=\"column-10\">7166 Nm<\/td><td class=\"column-11\">7166 Nm<\/td><td class=\"column-12\">7166<\/td>\n<\/tr>\n<tr class=\"row-16\">\n\t<td class=\"column-1\">WD-L 0478 \/ 1-row \/ 1 drive<\/td><td class=\"column-2\">WD-L Series<\/td><td class=\"column-3\">1 drive<\/td><td class=\"column-4\">Worm<\/td><td class=\"column-5\">6<\/td><td class=\"column-6\">2<\/td><td class=\"column-7\">No**<\/td><td class=\"column-8\">139 Kg<\/td><td class=\"column-9\">47<\/td><td class=\"column-10\">24288 Nm<\/td><td class=\"column-11\">24288 Nm<\/td><td class=\"column-12\">34263<\/td>\n<\/tr>\n<tr class=\"row-17\">\n\t<td class=\"column-1\">WD-L 0478 \/ 1-row \/ 2 drives<\/td><td class=\"column-2\">WD-L Series<\/td><td class=\"column-3\">2 drive<\/td><td class=\"column-4\">Worm<\/td><td class=\"column-5\">6<\/td><td class=\"column-6\">2<\/td><td class=\"column-7\">No**<\/td><td class=\"column-8\">184 Kg<\/td><td class=\"column-9\">47<\/td><td class=\"column-10\">48576 Nm<\/td><td class=\"column-11\">48576 Nm<\/td><td class=\"column-12\">68526<\/td>\n<\/tr>\n<tr class=\"row-18\">\n\t<td class=\"column-1\">WD-L 0478 \/ 2-row \/ 1 drive<\/td><td class=\"column-2\">WD-L Series<\/td><td class=\"column-3\">1 drive<\/td><td class=\"column-4\">Worm<\/td><td class=\"column-5\">6<\/td><td class=\"column-6\">2<\/td><td class=\"column-7\">No**<\/td><td class=\"column-8\">179 Kg<\/td><td class=\"column-9\">47<\/td><td class=\"column-10\">24288 Nm<\/td><td class=\"column-11\">24288 Nm<\/td><td class=\"column-12\">34263<\/td>\n<\/tr>\n<tr class=\"row-19\">\n\t<td class=\"column-1\">WD-LC 0478 \/ 1-row \/ 1 drive<\/td><td class=\"column-2\">WD-L Series<\/td><td class=\"column-3\">1 drive<\/td><td class=\"column-4\">Worm<\/td><td class=\"column-5\">6<\/td><td class=\"column-6\">2<\/td><td class=\"column-7\">No**<\/td><td class=\"column-8\">175 Kg<\/td><td class=\"column-9\">47<\/td><td class=\"column-10\">11013 Nm<\/td><td class=\"column-11\">11013 Nm<\/td><td class=\"column-12\">11013<\/td>\n<\/tr>\n<tr class=\"row-20\">\n\t<td class=\"column-1\">WD-L 0625 \/ 1-row \/ 1 drive<\/td><td class=\"column-2\">WD-L Series<\/td><td class=\"column-3\">1 drive<\/td><td class=\"column-4\">Worm<\/td><td class=\"column-5\">7<\/td><td class=\"column-6\">2<\/td><td class=\"column-7\">No**<\/td><td class=\"column-8\">246 Kg<\/td><td class=\"column-9\">51.5<\/td><td class=\"column-10\">42824 Nm<\/td><td class=\"column-11\">42824 Nm<\/td><td class=\"column-12\">61177<\/td>\n<\/tr>\n<tr class=\"row-21\">\n\t<td class=\"column-1\">WD-L 0625 \/ 1-row \/ 2 drives<\/td><td class=\"column-2\">WD-L Series<\/td><td class=\"column-3\">2 drive<\/td><td class=\"column-4\">Worm<\/td><td class=\"column-5\">7<\/td><td class=\"column-6\">2<\/td><td class=\"column-7\">No**<\/td><td class=\"column-8\">313 Kg<\/td><td class=\"column-9\">51.5<\/td><td class=\"column-10\">85648 Nm<\/td><td class=\"column-11\">85648 Nm<\/td><td class=\"column-12\">122354<\/td>\n<\/tr>\n<tr class=\"row-22\">\n\t<td class=\"column-1\">WD-L 0625 \/ 2-row \/ 1 drive<\/td><td class=\"column-2\">WD-L Series<\/td><td class=\"column-3\">1 drive<\/td><td class=\"column-4\">Worm<\/td><td class=\"column-5\">7<\/td><td class=\"column-6\">2<\/td><td class=\"column-7\">No**<\/td><td class=\"column-8\">292 Kg<\/td><td class=\"column-9\">51.5<\/td><td class=\"column-10\">42824 Nm<\/td><td class=\"column-11\">42824 Nm<\/td><td class=\"column-12\">61177<\/td>\n<\/tr>\n<tr class=\"row-23\">\n\t<td class=\"column-1\">WD-LC 0625 \/ 1-row \/ 1 drive<\/td><td class=\"column-2\">WD-L Series<\/td><td class=\"column-3\">1 drive<\/td><td class=\"column-4\">Worm<\/td><td class=\"column-5\">7<\/td><td class=\"column-6\">2<\/td><td class=\"column-7\">No**<\/td><td class=\"column-8\">254 Kg<\/td><td class=\"column-9\">51.5<\/td><td class=\"column-10\">19664 Nm<\/td><td class=\"column-11\">19664 Nm<\/td><td class=\"column-12\">19664<\/td>\n<\/tr>\n<tr class=\"row-24\">\n\t<td class=\"column-1\">WD-L 0620 \/ 2-row \/ 1 drive<\/td><td class=\"column-2\">WD-L Series<\/td><td class=\"column-3\">1 drive<\/td><td class=\"column-4\">Worm<\/td><td class=\"column-5\">10<\/td><td class=\"column-6\">2<\/td><td class=\"column-7\">No**<\/td><td class=\"column-8\">742 Kg<\/td><td class=\"column-9\">40<\/td><td class=\"column-10\">137200 Nm<\/td><td class=\"column-11\">137200 Nm<\/td><td class=\"column-12\">137200<\/td>\n<\/tr>\n<tr class=\"row-25\">\n\t<td class=\"column-1\">WD-L 0620 \/ 2-row \/ 2 drives<\/td><td class=\"column-2\">WD-L Series<\/td><td class=\"column-3\">2 drive<\/td><td class=\"column-4\">Worm<\/td><td class=\"column-5\">10<\/td><td class=\"column-6\">2<\/td><td class=\"column-7\">No**<\/td><td class=\"column-8\">864 Kg<\/td><td class=\"column-9\">40<\/td><td class=\"column-10\">274400 Nm<\/td><td class=\"column-11\">274400 Nm<\/td><td class=\"column-12\">274400<\/td>\n<\/tr>\n<tr class=\"row-26\">\n\t<td class=\"column-1\">WD-LC 0620 \/ 2-row \/ 1 drive<\/td><td class=\"column-2\">WD-L Series<\/td><td class=\"column-3\">1 drive<\/td><td class=\"column-4\">Worm<\/td><td class=\"column-5\">10<\/td><td class=\"column-6\">2<\/td><td class=\"column-7\">No**<\/td><td class=\"column-8\">728 Kg<\/td><td class=\"column-9\">40<\/td><td class=\"column-10\">63000 Nm<\/td><td class=\"column-11\">63000 Nm<\/td><td class=\"column-12\">63000<\/td>\n<\/tr>\n<tr class=\"row-27\">\n\t<td class=\"column-1\">WD-LC 0620 \/ 2-row \/ 2 drives<\/td><td class=\"column-2\">WD-L Series<\/td><td class=\"column-3\">2 drive<\/td><td class=\"column-4\">Worm<\/td><td class=\"column-5\">10<\/td><td class=\"column-6\">2<\/td><td class=\"column-7\">No**<\/td><td class=\"column-8\">835 Kg<\/td><td class=\"column-9\">40<\/td><td class=\"column-10\">126000 Nm<\/td><td class=\"column-11\">126000 Nm<\/td><td class=\"column-12\">126000<\/td>\n<\/tr>\n<tr class=\"row-28\">\n\t<td class=\"column-1\">WD-L 0713 \/ 2-row \/ 1 drive<\/td><td class=\"column-2\">WD-L Series<\/td><td class=\"column-3\">1 drive<\/td><td class=\"column-4\">Worm<\/td><td class=\"column-5\">12<\/td><td class=\"column-6\">2<\/td><td class=\"column-7\">No**<\/td><td class=\"column-8\">1215 Kg<\/td><td class=\"column-9\">37.5<\/td><td class=\"column-10\">223252 Nm<\/td><td class=\"column-11\">223252 Nm<\/td><td class=\"column-12\">223252<\/td>\n<\/tr>\n<tr class=\"row-29\">\n\t<td class=\"column-1\">WD-L 0713 \/ 2-row \/ 2 drives<\/td><td class=\"column-2\">WD-L Series<\/td><td class=\"column-3\">2 drive<\/td><td class=\"column-4\">Worm<\/td><td class=\"column-5\">12<\/td><td class=\"column-6\">2<\/td><td class=\"column-7\">No**<\/td><td class=\"column-8\">1400 Kg<\/td><td class=\"column-9\">37.5<\/td><td class=\"column-10\">446504 Nm<\/td><td class=\"column-11\">446504 Nm<\/td><td class=\"column-12\">446504<\/td>\n<\/tr>\n<tr class=\"row-30\">\n\t<td class=\"column-1\">WD-LC 0713 \/ 2-row \/ 1 drive<\/td><td class=\"column-2\">WD-L Series<\/td><td class=\"column-3\">1 drive<\/td><td class=\"column-4\">Worm<\/td><td class=\"column-5\">12<\/td><td class=\"column-6\">2<\/td><td class=\"column-7\">No**<\/td><td class=\"column-8\">1132 Kg<\/td><td class=\"column-9\">37.5<\/td><td class=\"column-10\">102513 Nm<\/td><td class=\"column-11\">102513 Nm<\/td><td class=\"column-12\">102513<\/td>\n<\/tr>\n<tr class=\"row-31\">\n\t<td class=\"column-1\">WD-LC 0713 \/ 2-row \/ 2 drives<\/td><td class=\"column-2\">WD-L Series<\/td><td class=\"column-3\">2 drive<\/td><td class=\"column-4\">Worm<\/td><td class=\"column-5\">12<\/td><td class=\"column-6\">2<\/td><td class=\"column-7\">No**<\/td><td class=\"column-8\">1285 Kg<\/td><td class=\"column-9\">37.5<\/td><td class=\"column-10\">205026 Nm<\/td><td class=\"column-11\">205026 Nm<\/td><td class=\"column-12\">205026<\/td>\n<\/tr>\n<\/tbody>\n<\/table>\n<!-- #tablepress-102 from cache -->\n<p>&nbsp;<\/p>\n","protected":false},"excerpt":{"rendered":"<p>Diam\u00e8tre du chemin de roulement, 156 mm \u00e0 713 mm, moment de basculement maximal, 9 kNm \u00e0 1 095 kNm. La commande d&rsquo;orientation IMO de la s\u00e9rie WD-L est con\u00e7ue pour offrir une charge \u00e9lev\u00e9e, une grande pr\u00e9cision et une faible maintenance, ce qui en fait une solution hautement int\u00e9gr\u00e9e adapt\u00e9e aux applications n\u00e9cessitant une rotation pr\u00e9cise, une grande durabilit\u00e9 et des environnements complexes. Sa conception compacte, \u00e9tanche et durable lui permet d&rsquo;\u00eatre largement utilis\u00e9e dans des secteurs tels que l&rsquo;\u00e9nergie solaire, l&rsquo;\u00e9nergie \u00e9olienne et les machines de construction.  <\/p>\n","protected":false},"featured_media":10659,"comment_status":"open","ping_status":"closed","template":"","meta":{"content-type":""},"product_cat":[360,353],"product_tag":[471],"class_list":{"0":"post-11571","1":"product","2":"type-product","3":"status-publish","4":"has-post-thumbnail","6":"product_cat-imo-fr","7":"product_cat-oemodm-fr","8":"product_tag-imo-wd-l-series-slewing-drive-fr","10":"first","11":"instock","12":"shipping-taxable","13":"product-type-simple"},"yoast_head":"<!-- This site is optimized with the Yoast SEO plugin v21.7 - https:\/\/yoast.com\/wordpress\/plugins\/seo\/ -->\n<title>Entra\u00eenement par courroie dent\u00e9e IMO s\u00e9rie WD-L<\/title>\n<meta name=\"description\" content=\"La commande d&#039;orientation IMO de la s\u00e9rie WD-L est con\u00e7ue pour offrir une solution de rotation efficace et fiable gr\u00e2ce \u00e0 sa structure, ses performances et son adaptabilit\u00e9.\" \/>\n<meta name=\"robots\" content=\"index, follow, max-snippet:-1, max-image-preview:large, max-video-preview:-1\" \/>\n<link rel=\"canonical\" href=\"https:\/\/slewingbearings.com\/product\/imo-wd-l-series-slewing-drive\/\" \/>\n<meta property=\"og:locale\" content=\"fr_FR\" \/>\n<meta property=\"og:type\" content=\"article\" \/>\n<meta property=\"og:title\" content=\"Entra\u00eenement par courroie dent\u00e9e IMO s\u00e9rie WD-L\" \/>\n<meta property=\"og:description\" content=\"La commande d&#039;orientation IMO de la s\u00e9rie WD-L est con\u00e7ue pour offrir une solution de rotation efficace et fiable gr\u00e2ce \u00e0 sa structure, ses performances et son adaptabilit\u00e9.\" \/>\n<meta property=\"og:url\" content=\"https:\/\/slewingbearings.com\/product\/imo-wd-l-series-slewing-drive\/\" \/>\n<meta property=\"og:site_name\" content=\"ZZ Group\" \/>\n<meta property=\"og:image\" content=\"https:\/\/slewingbearings.com\/wp-content\/uploads\/2025\/01\/IMO-WD-L-Series-Slewing-Drive.webp\" \/>\n\t<meta property=\"og:image:width\" content=\"800\" \/>\n\t<meta property=\"og:image:height\" content=\"800\" \/>\n\t<meta property=\"og:image:type\" content=\"image\/webp\" \/>\n<meta name=\"twitter:card\" content=\"summary_large_image\" \/>\n<meta name=\"twitter:label1\" content=\"Dur\u00e9e de lecture estim\u00e9e\" \/>\n\t<meta name=\"twitter:data1\" content=\"1 minute\" \/>\n<script type=\"application\/ld+json\" class=\"yoast-schema-graph\">{\"@context\":\"https:\/\/schema.org\",\"@graph\":[{\"@type\":\"WebPage\",\"@id\":\"https:\/\/slewingbearings.com\/product\/imo-wd-l-series-slewing-drive\/\",\"url\":\"https:\/\/slewingbearings.com\/product\/imo-wd-l-series-slewing-drive\/\",\"name\":\"Entra\u00eenement par courroie dent\u00e9e IMO s\u00e9rie WD-L\",\"isPartOf\":{\"@id\":\"https:\/\/slewingbearings.com\/#website\"},\"datePublished\":\"2025-01-10T03:03:46+00:00\",\"dateModified\":\"2025-01-10T03:03:46+00:00\",\"description\":\"La commande d'orientation IMO de la s\u00e9rie WD-L est con\u00e7ue pour offrir une solution de rotation efficace et fiable gr\u00e2ce \u00e0 sa structure, ses performances et son adaptabilit\u00e9.\",\"breadcrumb\":{\"@id\":\"https:\/\/slewingbearings.com\/product\/imo-wd-l-series-slewing-drive\/#breadcrumb\"},\"inLanguage\":\"fr-FR\",\"potentialAction\":[{\"@type\":\"ReadAction\",\"target\":[\"https:\/\/slewingbearings.com\/product\/imo-wd-l-series-slewing-drive\/\"]}]},{\"@type\":\"BreadcrumbList\",\"@id\":\"https:\/\/slewingbearings.com\/product\/imo-wd-l-series-slewing-drive\/#breadcrumb\",\"itemListElement\":[{\"@type\":\"ListItem\",\"position\":1,\"name\":\"Home\",\"item\":\"https:\/\/slewingbearings.com\/fr\/palier-dorientation-entrainement-dorientation\/\"},{\"@type\":\"ListItem\",\"position\":2,\"name\":\"Shop\",\"item\":\"https:\/\/slewingbearings.com\/shop\/\"},{\"@type\":\"ListItem\",\"position\":3,\"name\":\"Entra\u00eenement par courroie dent\u00e9e IMO s\u00e9rie WD-L\"}]},{\"@type\":\"WebSite\",\"@id\":\"https:\/\/slewingbearings.com\/#website\",\"url\":\"https:\/\/slewingbearings.com\/\",\"name\":\"ZZ Group\",\"description\":\"Leading Slewing Bearings in China\",\"potentialAction\":[{\"@type\":\"SearchAction\",\"target\":{\"@type\":\"EntryPoint\",\"urlTemplate\":\"https:\/\/slewingbearings.com\/?s={search_term_string}\"},\"query-input\":\"required name=search_term_string\"}],\"inLanguage\":\"fr-FR\"}]}<\/script>\n<!-- \/ Yoast SEO plugin. -->","yoast_head_json":{"title":"Entra\u00eenement par courroie dent\u00e9e IMO s\u00e9rie WD-L","description":"La commande d'orientation IMO de la s\u00e9rie WD-L est con\u00e7ue pour offrir une solution de rotation efficace et fiable gr\u00e2ce \u00e0 sa structure, ses performances et son adaptabilit\u00e9.","robots":{"index":"index","follow":"follow","max-snippet":"max-snippet:-1","max-image-preview":"max-image-preview:large","max-video-preview":"max-video-preview:-1"},"canonical":"https:\/\/slewingbearings.com\/product\/imo-wd-l-series-slewing-drive\/","og_locale":"fr_FR","og_type":"article","og_title":"Entra\u00eenement par courroie dent\u00e9e IMO s\u00e9rie WD-L","og_description":"La commande d'orientation IMO de la s\u00e9rie WD-L est con\u00e7ue pour offrir une solution de rotation efficace et fiable gr\u00e2ce \u00e0 sa structure, ses performances et son adaptabilit\u00e9.","og_url":"https:\/\/slewingbearings.com\/product\/imo-wd-l-series-slewing-drive\/","og_site_name":"ZZ Group","og_image":[{"width":800,"height":800,"url":"https:\/\/slewingbearings.com\/wp-content\/uploads\/2025\/01\/IMO-WD-L-Series-Slewing-Drive.webp","type":"image\/webp"}],"twitter_card":"summary_large_image","twitter_misc":{"Dur\u00e9e de lecture estim\u00e9e":"1 minute"},"schema":{"@context":"https:\/\/schema.org","@graph":[{"@type":"WebPage","@id":"https:\/\/slewingbearings.com\/product\/imo-wd-l-series-slewing-drive\/","url":"https:\/\/slewingbearings.com\/product\/imo-wd-l-series-slewing-drive\/","name":"Entra\u00eenement par courroie dent\u00e9e IMO s\u00e9rie WD-L","isPartOf":{"@id":"https:\/\/slewingbearings.com\/#website"},"datePublished":"2025-01-10T03:03:46+00:00","dateModified":"2025-01-10T03:03:46+00:00","description":"La commande d'orientation IMO de la s\u00e9rie WD-L est con\u00e7ue pour offrir une solution de rotation efficace et fiable gr\u00e2ce \u00e0 sa structure, ses performances et son adaptabilit\u00e9.","breadcrumb":{"@id":"https:\/\/slewingbearings.com\/product\/imo-wd-l-series-slewing-drive\/#breadcrumb"},"inLanguage":"fr-FR","potentialAction":[{"@type":"ReadAction","target":["https:\/\/slewingbearings.com\/product\/imo-wd-l-series-slewing-drive\/"]}]},{"@type":"BreadcrumbList","@id":"https:\/\/slewingbearings.com\/product\/imo-wd-l-series-slewing-drive\/#breadcrumb","itemListElement":[{"@type":"ListItem","position":1,"name":"Home","item":"https:\/\/slewingbearings.com\/fr\/palier-dorientation-entrainement-dorientation\/"},{"@type":"ListItem","position":2,"name":"Shop","item":"https:\/\/slewingbearings.com\/shop\/"},{"@type":"ListItem","position":3,"name":"Entra\u00eenement par courroie dent\u00e9e IMO s\u00e9rie WD-L"}]},{"@type":"WebSite","@id":"https:\/\/slewingbearings.com\/#website","url":"https:\/\/slewingbearings.com\/","name":"ZZ Group","description":"Leading Slewing Bearings in China","potentialAction":[{"@type":"SearchAction","target":{"@type":"EntryPoint","urlTemplate":"https:\/\/slewingbearings.com\/?s={search_term_string}"},"query-input":"required name=search_term_string"}],"inLanguage":"fr-FR"}]}},"_links":{"self":[{"href":"https:\/\/slewingbearings.com\/fr\/wp-json\/wp\/v2\/product\/11571","targetHints":{"allow":["GET"]}}],"collection":[{"href":"https:\/\/slewingbearings.com\/fr\/wp-json\/wp\/v2\/product"}],"about":[{"href":"https:\/\/slewingbearings.com\/fr\/wp-json\/wp\/v2\/types\/product"}],"replies":[{"embeddable":true,"href":"https:\/\/slewingbearings.com\/fr\/wp-json\/wp\/v2\/comments?post=11571"}],"wp:featuredmedia":[{"embeddable":true,"href":"https:\/\/slewingbearings.com\/fr\/wp-json\/wp\/v2\/media\/10659"}],"wp:attachment":[{"href":"https:\/\/slewingbearings.com\/fr\/wp-json\/wp\/v2\/media?parent=11571"}],"wp:term":[{"taxonomy":"product_cat","embeddable":true,"href":"https:\/\/slewingbearings.com\/fr\/wp-json\/wp\/v2\/product_cat?post=11571"},{"taxonomy":"product_tag","embeddable":true,"href":"https:\/\/slewingbearings.com\/fr\/wp-json\/wp\/v2\/product_tag?post=11571"}],"curies":[{"name":"wp","href":"https:\/\/api.w.org\/{rel}","templated":true}]}}