{"id":12224,"date":"2025-08-18T03:33:31","date_gmt":"2025-08-18T03:33:31","guid":{"rendered":"https:\/\/slewingbearings.com\/product\/zz-doble-fila-bola-tres-fila-rodillo-giratorio-rodamientos\/"},"modified":"2025-08-18T03:33:31","modified_gmt":"2025-08-18T03:33:31","slug":"zz-doble-fila-bola-tres-fila-rodillo-giratorio-rodamientos","status":"publish","type":"product","link":"https:\/\/slewingbearings.com\/es\/product\/zz-doble-fila-bola-tres-fila-rodillo-giratorio-rodamientos\/","title":{"rendered":"ZZ Doble Fila Bola &amp; Tres Fila Rodillo Giratorio Rodamientos"},"content":{"rendered":"<p><strong><a href=\"https:\/\/slewingbearings.com\/product\/double-volley-ball-slewing-bearing\/\">Los rodamientos giratorios<\/a><\/strong> de<strong><a href=\"https:\/\/slewingbearings.com\/product\/three-rows-of-roller-slewing-bearings\/\"> doble hilera de bolas <\/a><\/strong>y de tres hileras de rodillos de ZZ proporcionan un rendimiento fiable para maquinaria pesada de construcci\u00f3n e industrial. Los ingenieros utilizan estos rodamientos en excavadoras, gr\u00faas, bombas de hormig\u00f3n y plataformas elevadoras. Garantizan una rotaci\u00f3n suave al tiempo que soportan cargas elevadas.  <\/p>\n<p>Los rodamientos oscilantes de bolas de doble hilera utilizan dos hileras de bolas de alta resistencia en pistas de rodadura mecanizadas con precisi\u00f3n. Este dise\u00f1o soporta eficazmente cargas axiales y radiales. Tambi\u00e9n proporciona una rotaci\u00f3n estable para plataformas giratorias, plataformas y mesas giratorias. Los rodamientos de rodillos de tres hileras cuentan con tres hileras de rodillos. Distribuyen uniformemente las cargas radiales, axiales y de momento de inclinaci\u00f3n. Como resultado, estos rodamientos destacan en las aplicaciones m\u00e1s exigentes.     <\/p>\n<p>ZZ fabrica cada rodamiento con acero endurecido de alta calidad. Los ingenieros aplican un tratamiento t\u00e9rmico avanzado para mejorar la resistencia al desgaste. Los rodamientos tambi\u00e9n incluyen juntas que evitan la entrada de polvo, suciedad y humedad. Estas caracter\u00edsticas reducen las necesidades de mantenimiento y prolongan la vida \u00fatil. Adem\u00e1s, ZZ ofrece m\u00faltiples tama\u00f1os y especificaciones. Esta flexibilidad se adapta a una amplia gama de maquinaria, desde peque\u00f1as excavadoras hasta grandes gr\u00faas.     <\/p>\n<p>Los clientes conf\u00edan en ZZ por su compromiso con la calidad y la precisi\u00f3n. Cada rodamiento se somete a rigurosas pruebas para garantizar su rendimiento bajo cargas din\u00e1micas y pesadas. Por lo tanto, los operadores disfrutan de una rotaci\u00f3n suave, una mayor eficiencia y menos tiempo de inactividad. Adem\u00e1s, su dise\u00f1o robusto y su ingenier\u00eda precisa garantizan una durabilidad a largo plazo.   <\/p>\n<p>Los rodamientos giratorios ZZ combinan fiabilidad y seguridad. Por ejemplo, en gr\u00faas y bombas de hormig\u00f3n, estos rodamientos mantienen la estabilidad durante el funcionamiento. Tambi\u00e9n mejoran la productividad de la m\u00e1quina al soportar cargas extremas sin fallos. En resumen, elegir los rodamientos ZZ garantiza que su maquinaria funcione de manera eficiente. Los operadores se benefician de un menor mantenimiento, mayor seguridad y un rendimiento mejorado.    <\/p>\n<p>En resumen, ZZ doble fila bola y tres filas rodillos giratorios rodamientos ofrecen un rendimiento \u00f3ptimo en maquinaria de ingenier\u00eda. Soportan cargas pesadas, giran suavemente y duran m\u00e1s. Con ZZ, los fabricantes y los operadores obtienen rodamientos de alta calidad que optimizan la eficiencia operativa, la estabilidad y la seguridad.  <\/p>\n","protected":false},"excerpt":{"rendered":"<p>Los rodamientos giratorios de bolas de doble hilera y los rodamientos giratorios de rodillos de tres hileras ZZ est\u00e1n dise\u00f1ados para aplicaciones de servicio pesado en maquinaria de construcci\u00f3n e industrial. Los rodamientos de bolas de doble hilera cuentan con anillos de acero mecanizados con precisi\u00f3n y bolas de alta resistencia, lo que ofrece una capacidad de carga axial y radial superior para mesas giratorias, plataformas giratorias y plataformas. Los rodamientos giratorios de rodillos de tres hileras integran tres hileras de rodillos, lo que les permite soportar de manera eficiente cargas combinadas radiales, axiales y momentos de inclinaci\u00f3n en entornos exigentes. Ambos tipos de rodamientos est\u00e1n dise\u00f1ados para excavadoras, gr\u00faas, bombas de hormig\u00f3n, plataformas de trabajo a\u00e9reas y otra maquinaria de ingenier\u00eda, lo que garantiza una rotaci\u00f3n suave, una alta durabilidad y un bajo mantenimiento.   <\/p>\n","protected":false},"featured_media":12193,"comment_status":"open","ping_status":"closed","template":"","meta":{"content-type":""},"product_cat":[351,343],"product_tag":[1029,1028,1030],"class_list":{"0":"post-12224","1":"product","2":"type-product","3":"status-publish","4":"has-post-thumbnail","6":"product_cat-oem-series-es","7":"product_cat-slewing-bearing-es","8":"product_tag-pesada-maquinaria-rodamientos","9":"product_tag-rodamiento-de-rodillos-de-tres-hileras","10":"product_tag-rodamiento-giratorio-para-grua","12":"first","13":"instock","14":"shipping-taxable","15":"product-type-simple"},"yoast_head":"<!-- This site is optimized with the Yoast SEO plugin v21.7 - https:\/\/yoast.com\/wordpress\/plugins\/seo\/ -->\n<title>ZZ Doble Fila Bola &amp; Tres Fila Rodillo Giratorio Rodamientos<\/title>\n<meta name=\"description\" content=\"ZZ doble fila bola y tres filas rodillos giratorios rodamientos ofrecen alta capacidad de carga, suave rotaci\u00f3n, y rendimiento duradero para excavadoras,\" \/>\n<meta name=\"robots\" content=\"index, follow, max-snippet:-1, max-image-preview:large, max-video-preview:-1\" \/>\n<link rel=\"canonical\" href=\"https:\/\/slewingbearings.com\/es\/product\/zz-doble-fila-bola-tres-fila-rodillo-giratorio-rodamientos\/\" \/>\n<meta property=\"og:locale\" content=\"es_ES\" \/>\n<meta property=\"og:type\" content=\"article\" \/>\n<meta property=\"og:title\" content=\"ZZ Doble Fila Bola &amp; Tres Fila Rodillo Giratorio Rodamientos\" \/>\n<meta property=\"og:description\" content=\"ZZ doble fila bola y tres filas rodillos giratorios rodamientos ofrecen alta capacidad de carga, suave rotaci\u00f3n, y rendimiento duradero para excavadoras,\" \/>\n<meta property=\"og:url\" content=\"https:\/\/slewingbearings.com\/es\/product\/zz-doble-fila-bola-tres-fila-rodillo-giratorio-rodamientos\/\" \/>\n<meta property=\"og:site_name\" content=\"ZZ Group\" \/>\n<meta property=\"og:image\" content=\"https:\/\/slewingbearings.com\/wp-content\/uploads\/2025\/08\/ZZ-Slewing-Bearing.webp\" \/>\n\t<meta property=\"og:image:width\" content=\"950\" \/>\n\t<meta property=\"og:image:height\" content=\"950\" \/>\n\t<meta property=\"og:image:type\" content=\"image\/webp\" \/>\n<meta name=\"twitter:card\" content=\"summary_large_image\" \/>\n<meta name=\"twitter:label1\" content=\"Tiempo de lectura\" \/>\n\t<meta name=\"twitter:data1\" content=\"2 minutos\" \/>\n<script type=\"application\/ld+json\" class=\"yoast-schema-graph\">{\"@context\":\"https:\/\/schema.org\",\"@graph\":[{\"@type\":\"WebPage\",\"@id\":\"https:\/\/slewingbearings.com\/es\/product\/zz-doble-fila-bola-tres-fila-rodillo-giratorio-rodamientos\/\",\"url\":\"https:\/\/slewingbearings.com\/es\/product\/zz-doble-fila-bola-tres-fila-rodillo-giratorio-rodamientos\/\",\"name\":\"ZZ Doble Fila Bola &amp; Tres Fila Rodillo Giratorio Rodamientos\",\"isPartOf\":{\"@id\":\"https:\/\/slewingbearings.com\/#website\"},\"datePublished\":\"2025-08-18T03:33:31+00:00\",\"dateModified\":\"2025-08-18T03:33:31+00:00\",\"description\":\"ZZ doble fila bola y tres filas rodillos giratorios rodamientos ofrecen alta capacidad de carga, suave rotaci\u00f3n, y rendimiento duradero para excavadoras,\",\"breadcrumb\":{\"@id\":\"https:\/\/slewingbearings.com\/es\/product\/zz-doble-fila-bola-tres-fila-rodillo-giratorio-rodamientos\/#breadcrumb\"},\"inLanguage\":\"es\",\"potentialAction\":[{\"@type\":\"ReadAction\",\"target\":[\"https:\/\/slewingbearings.com\/es\/product\/zz-doble-fila-bola-tres-fila-rodillo-giratorio-rodamientos\/\"]}]},{\"@type\":\"BreadcrumbList\",\"@id\":\"https:\/\/slewingbearings.com\/es\/product\/zz-doble-fila-bola-tres-fila-rodillo-giratorio-rodamientos\/#breadcrumb\",\"itemListElement\":[{\"@type\":\"ListItem\",\"position\":1,\"name\":\"Home\",\"item\":\"https:\/\/slewingbearings.com\/es\/rodamientogiratorio-accionamiento-giratorio\/\"},{\"@type\":\"ListItem\",\"position\":2,\"name\":\"Shop\",\"item\":\"https:\/\/slewingbearings.com\/shop\/\"},{\"@type\":\"ListItem\",\"position\":3,\"name\":\"ZZ Doble Fila Bola &amp; Tres Fila Rodillo Giratorio Rodamientos\"}]},{\"@type\":\"WebSite\",\"@id\":\"https:\/\/slewingbearings.com\/#website\",\"url\":\"https:\/\/slewingbearings.com\/\",\"name\":\"ZZ Group\",\"description\":\"Leading Slewing Bearings in China\",\"potentialAction\":[{\"@type\":\"SearchAction\",\"target\":{\"@type\":\"EntryPoint\",\"urlTemplate\":\"https:\/\/slewingbearings.com\/?s={search_term_string}\"},\"query-input\":\"required name=search_term_string\"}],\"inLanguage\":\"es\"}]}<\/script>\n<!-- \/ Yoast SEO plugin. -->","yoast_head_json":{"title":"ZZ Doble Fila Bola &amp; Tres Fila Rodillo Giratorio Rodamientos","description":"ZZ doble fila bola y tres filas rodillos giratorios rodamientos ofrecen alta capacidad de carga, suave rotaci\u00f3n, y rendimiento duradero para excavadoras,","robots":{"index":"index","follow":"follow","max-snippet":"max-snippet:-1","max-image-preview":"max-image-preview:large","max-video-preview":"max-video-preview:-1"},"canonical":"https:\/\/slewingbearings.com\/es\/product\/zz-doble-fila-bola-tres-fila-rodillo-giratorio-rodamientos\/","og_locale":"es_ES","og_type":"article","og_title":"ZZ Doble Fila Bola &amp; Tres Fila Rodillo Giratorio Rodamientos","og_description":"ZZ doble fila bola y tres filas rodillos giratorios rodamientos ofrecen alta capacidad de carga, suave rotaci\u00f3n, y rendimiento duradero para excavadoras,","og_url":"https:\/\/slewingbearings.com\/es\/product\/zz-doble-fila-bola-tres-fila-rodillo-giratorio-rodamientos\/","og_site_name":"ZZ Group","og_image":[{"width":950,"height":950,"url":"https:\/\/slewingbearings.com\/wp-content\/uploads\/2025\/08\/ZZ-Slewing-Bearing.webp","type":"image\/webp"}],"twitter_card":"summary_large_image","twitter_misc":{"Tiempo de lectura":"2 minutos"},"schema":{"@context":"https:\/\/schema.org","@graph":[{"@type":"WebPage","@id":"https:\/\/slewingbearings.com\/es\/product\/zz-doble-fila-bola-tres-fila-rodillo-giratorio-rodamientos\/","url":"https:\/\/slewingbearings.com\/es\/product\/zz-doble-fila-bola-tres-fila-rodillo-giratorio-rodamientos\/","name":"ZZ Doble Fila Bola &amp; Tres Fila Rodillo Giratorio Rodamientos","isPartOf":{"@id":"https:\/\/slewingbearings.com\/#website"},"datePublished":"2025-08-18T03:33:31+00:00","dateModified":"2025-08-18T03:33:31+00:00","description":"ZZ doble fila bola y tres filas rodillos giratorios rodamientos ofrecen alta capacidad de carga, suave rotaci\u00f3n, y rendimiento duradero para excavadoras,","breadcrumb":{"@id":"https:\/\/slewingbearings.com\/es\/product\/zz-doble-fila-bola-tres-fila-rodillo-giratorio-rodamientos\/#breadcrumb"},"inLanguage":"es","potentialAction":[{"@type":"ReadAction","target":["https:\/\/slewingbearings.com\/es\/product\/zz-doble-fila-bola-tres-fila-rodillo-giratorio-rodamientos\/"]}]},{"@type":"BreadcrumbList","@id":"https:\/\/slewingbearings.com\/es\/product\/zz-doble-fila-bola-tres-fila-rodillo-giratorio-rodamientos\/#breadcrumb","itemListElement":[{"@type":"ListItem","position":1,"name":"Home","item":"https:\/\/slewingbearings.com\/es\/rodamientogiratorio-accionamiento-giratorio\/"},{"@type":"ListItem","position":2,"name":"Shop","item":"https:\/\/slewingbearings.com\/shop\/"},{"@type":"ListItem","position":3,"name":"ZZ Doble Fila Bola &amp; Tres Fila Rodillo Giratorio Rodamientos"}]},{"@type":"WebSite","@id":"https:\/\/slewingbearings.com\/#website","url":"https:\/\/slewingbearings.com\/","name":"ZZ Group","description":"Leading Slewing Bearings in China","potentialAction":[{"@type":"SearchAction","target":{"@type":"EntryPoint","urlTemplate":"https:\/\/slewingbearings.com\/?s={search_term_string}"},"query-input":"required name=search_term_string"}],"inLanguage":"es"}]}},"_links":{"self":[{"href":"https:\/\/slewingbearings.com\/es\/wp-json\/wp\/v2\/product\/12224","targetHints":{"allow":["GET"]}}],"collection":[{"href":"https:\/\/slewingbearings.com\/es\/wp-json\/wp\/v2\/product"}],"about":[{"href":"https:\/\/slewingbearings.com\/es\/wp-json\/wp\/v2\/types\/product"}],"replies":[{"embeddable":true,"href":"https:\/\/slewingbearings.com\/es\/wp-json\/wp\/v2\/comments?post=12224"}],"wp:featuredmedia":[{"embeddable":true,"href":"https:\/\/slewingbearings.com\/es\/wp-json\/wp\/v2\/media\/12193"}],"wp:attachment":[{"href":"https:\/\/slewingbearings.com\/es\/wp-json\/wp\/v2\/media?parent=12224"}],"wp:term":[{"taxonomy":"product_cat","embeddable":true,"href":"https:\/\/slewingbearings.com\/es\/wp-json\/wp\/v2\/product_cat?post=12224"},{"taxonomy":"product_tag","embeddable":true,"href":"https:\/\/slewingbearings.com\/es\/wp-json\/wp\/v2\/product_tag?post=12224"}],"curies":[{"name":"wp","href":"https:\/\/api.w.org\/{rel}","templated":true}]}}