{"id":11989,"date":"2024-01-21T02:30:40","date_gmt":"2024-01-21T02:30:40","guid":{"rendered":"https:\/\/slewingbearings.com\/product\/accionamiento-de-giro-sea-25\/"},"modified":"2024-01-21T02:30:40","modified_gmt":"2024-01-21T02:30:40","slug":"accionamiento-de-giro-sea-25","status":"publish","type":"product","link":"https:\/\/slewingbearings.com\/es\/product\/accionamiento-de-giro-sea-25\/","title":{"rendered":"Accionamiento de giro SEA-25"},"content":{"rendered":"<p>El dise\u00f1o totalmente cerrado es una caracter\u00edstica importante del sistema de accionamiento rotativo. Protege los componentes clave, reduce el desgaste y la corrosi\u00f3n de los componentes y aumenta la vida \u00fatil del sistema. Esto desempe\u00f1a un papel positivo en la fiabilidad y durabilidad de los equipos en diversos entornos dif\u00edciles.  <\/p>\n<p>Los sistemas de accionamiento giratorio tambi\u00e9n tienen importantes aplicaciones en la fabricaci\u00f3n y montaje de autom\u00f3viles, la generaci\u00f3n de energ\u00eda e\u00f3lica y la generaci\u00f3n de energ\u00eda solar. En la fabricaci\u00f3n de autom\u00f3viles, ayuda a la rotaci\u00f3n de las plataformas de trabajo en las cadenas de montaje, facilitando a los trabajadores el acceso a las piezas del autom\u00f3vil y su montaje. En el campo de las energ\u00edas renovables, el buen funcionamiento de las turbinas e\u00f3licas y los sistemas de seguimiento solar es inseparable del apoyo de los sistemas de accionamiento giratorio.  <\/p>\n<p>En general, los sistemas de accionamiento giratorio proporcionan una flexibilidad, adaptabilidad y rendimiento superiores a la maquinaria y los equipos de diversos sectores gracias a sus funciones y caracter\u00edsticas \u00fanicas. No solo mejoran la eficiencia de la producci\u00f3n, sino que tambi\u00e9n inyectan una gran potencia a la automatizaci\u00f3n industrial y los procesos de producci\u00f3n modernos. <\/p>\n\n<table id=\"tablepress-30\" class=\"tablepress tablepress-id-30\">\n<thead>\n<tr class=\"row-1\">\n\t<th class=\"column-1\">Model<\/th><th class=\"column-2\">Output Torque<\/th><th class=\"column-3\">Tilting Moment Torque<\/th><th class=\"column-4\">Holding Torque<\/th><th class=\"column-5\">Gear Ratio<\/th><th class=\"column-6\">Tracking Precision<\/th><th class=\"column-7\">Weight<\/th><th class=\"column-8\">Drawing<\/th>\n<\/tr>\n<\/thead>\n<tbody class=\"row-striping row-hover\">\n<tr class=\"row-2\">\n\t<td class=\"column-1\">SEA25<\/td><td class=\"column-2\">18 KN.m<\/td><td class=\"column-3\">270 KN.m<\/td><td class=\"column-4\">84.5 KN.m<\/td><td class=\"column-5\">150:1<\/td><td class=\"column-6\">\u22640.17\u00b0<\/td><td class=\"column-7\">165kg<\/td><td class=\"column-8\"><a href=\"https:\/\/slewingbearings.com\/wp-content\/uploads\/2024\/01\/SEA25-Slew-Drive-catalog.pdf\"><br \/>\n<img decoding=\"async\" src=\"https:\/\/slewingbearings.com\/wp-content\/uploads\/2024\/01\/pdf.png\" width=\"30\" height=\"30\"><\/a><\/td>\n<\/tr>\n<tr class=\"row-3\">\n\t<td class=\"column-1\">SEA25<\/td><td class=\"column-2\">13300 lbf.ft<\/td><td class=\"column-3\">200\u00d710\u00b3 lbf.ft<\/td><td class=\"column-4\">62.4\u00d710\u00b3 lbf.ft<\/td><td class=\"column-5\">150:1<\/td><td class=\"column-6\">\u22640.17\u00b0<\/td><td class=\"column-7\">105kg<\/td><td class=\"column-8\"><a href=\"https:\/\/slewingbearings.com\/wp-content\/uploads\/2024\/01\/SEA25-Slew-Drive-catalog.pdf\"><br \/>\n<img decoding=\"async\" src=\"https:\/\/slewingbearings.com\/wp-content\/uploads\/2024\/01\/pdf.png\" width=\"30\" height=\"30\"><\/a><\/td>\n<\/tr>\n<tr class=\"row-4\">\n\t<td class=\"column-1\">PEA25<\/td><td class=\"column-2\">18 KN.m<\/td><td class=\"column-3\">270 KN.m<\/td><td class=\"column-4\">84.5 KN.m<\/td><td class=\"column-5\">150:1<\/td><td class=\"column-6\">\u22640.09\u00b0<\/td><td class=\"column-7\">165kg<\/td><td class=\"column-8\"><a href=\"https:\/\/slewingbearings.com\/wp-content\/uploads\/2024\/01\/SEA25-Slew-Drive-catalog.pdf\"><br \/>\n<img decoding=\"async\" src=\"https:\/\/slewingbearings.com\/wp-content\/uploads\/2024\/01\/pdf.png\" width=\"30\" height=\"30\"><\/a><\/td>\n<\/tr>\n<tr class=\"row-5\">\n\t<td class=\"column-1\">PEA25<\/td><td class=\"column-2\">13300 lbf.ft<\/td><td class=\"column-3\">200\u00d710\u00b3 lbf.ft<\/td><td class=\"column-4\">62.4\u00d710\u00b3 lbf.ft<\/td><td class=\"column-5\">150:1<\/td><td class=\"column-6\">\u22640.09\u00b0<\/td><td class=\"column-7\">149kg<\/td><td class=\"column-8\"><a href=\"https:\/\/slewingbearings.com\/wp-content\/uploads\/2024\/01\/SEA25-Slew-Drive-catalog.pdf\"><br \/>\n<img decoding=\"async\" src=\"https:\/\/slewingbearings.com\/wp-content\/uploads\/2024\/01\/pdf.png\" width=\"30\" height=\"30\"><\/a><\/td>\n<\/tr>\n<\/tbody>\n<\/table>\n<!-- #tablepress-30 from cache -->\n","protected":false},"excerpt":{"rendered":"<p>El sistema de accionamiento giratorio es una tecnolog\u00eda mec\u00e1nica clave. Su dise\u00f1o \u00fanico permite al equipo mec\u00e1nico girar 360 grados en sentido horizontal. Estos sistemas desempe\u00f1an un papel clave en diversas industrias y aplicaciones, proporcionando una flexibilidad y adaptabilidad extraordinarias a maquinaria y equipos de automatizaci\u00f3n industrial, ingenier\u00eda de la construcci\u00f3n, miner\u00eda, agricultura y otros campos.  <\/p>\n<p>Una de las principales funciones del mecanismo de giro es la rotaci\u00f3n de 360 grados, que permite al equipo mec\u00e1nico cubrir una gama completa de \u00e1reas de trabajo. Esta caracter\u00edstica es clave para mejorar la eficiencia del trabajo, reducir el tiempo de movimiento de los equipos y adaptarse a diferentes escenarios de trabajo. Ya se trate de la manipulaci\u00f3n precisa de materiales de una gr\u00faa torre en una obra o de la excavaci\u00f3n flexible de una excavadora en una explotaci\u00f3n minera, es inseparable del apoyo del sistema de accionamiento giratorio.  <\/p>\n","protected":false},"featured_media":11990,"comment_status":"open","ping_status":"closed","template":"","meta":{"content-type":""},"product_cat":[596,330],"product_tag":[735],"class_list":{"0":"post-11989","1":"product","2":"type-product","3":"status-publish","4":"has-post-thumbnail","6":"product_cat-accionamiento-gir-atorio-sea-pea","7":"product_cat-slew-drive-es","8":"product_tag-mecanismo-de-giro-sea25","10":"first","11":"instock","12":"shipping-taxable","13":"product-type-simple"},"yoast_head":"<!-- This site is optimized with the Yoast SEO plugin v21.7 - https:\/\/yoast.com\/wordpress\/plugins\/seo\/ -->\n<title>Accionamiento de giro SEA-25 - ZZ Group<\/title>\n<meta name=\"description\" content=\"Un mecanismo de giro Sea25 es un equipo de ingenier\u00eda dise\u00f1ado normalmente para hacer girar un objeto o sistema en direcci\u00f3n horizontal o vertical.\" \/>\n<meta name=\"robots\" content=\"index, follow, max-snippet:-1, max-image-preview:large, max-video-preview:-1\" \/>\n<link rel=\"canonical\" href=\"https:\/\/slewingbearings.com\/es\/product\/accionamiento-de-giro-sea-25\/\" \/>\n<meta property=\"og:locale\" content=\"es_ES\" \/>\n<meta property=\"og:type\" content=\"article\" \/>\n<meta property=\"og:title\" content=\"Accionamiento de giro SEA-25 - ZZ Group\" \/>\n<meta property=\"og:description\" content=\"Un mecanismo de giro Sea25 es un equipo de ingenier\u00eda dise\u00f1ado normalmente para hacer girar un objeto o sistema en direcci\u00f3n horizontal o vertical.\" \/>\n<meta property=\"og:url\" content=\"https:\/\/slewingbearings.com\/es\/product\/accionamiento-de-giro-sea-25\/\" \/>\n<meta property=\"og:site_name\" content=\"ZZ Group\" \/>\n<meta property=\"og:image\" content=\"https:\/\/slewingbearings.com\/wp-content\/uploads\/2024\/01\/sea25-slew-drive.jpg\" \/>\n\t<meta property=\"og:image:width\" content=\"500\" \/>\n\t<meta property=\"og:image:height\" content=\"500\" \/>\n\t<meta property=\"og:image:type\" content=\"image\/jpeg\" \/>\n<meta name=\"twitter:card\" content=\"summary_large_image\" \/>\n<meta name=\"twitter:label1\" content=\"Tiempo de lectura\" \/>\n\t<meta name=\"twitter:data1\" content=\"1 minuto\" \/>\n<script type=\"application\/ld+json\" class=\"yoast-schema-graph\">{\"@context\":\"https:\/\/schema.org\",\"@graph\":[{\"@type\":\"WebPage\",\"@id\":\"https:\/\/slewingbearings.com\/es\/product\/accionamiento-de-giro-sea-25\/\",\"url\":\"https:\/\/slewingbearings.com\/es\/product\/accionamiento-de-giro-sea-25\/\",\"name\":\"Accionamiento de giro SEA-25 - ZZ Group\",\"isPartOf\":{\"@id\":\"https:\/\/slewingbearings.com\/#website\"},\"datePublished\":\"2024-01-21T02:30:40+00:00\",\"dateModified\":\"2024-01-21T02:30:40+00:00\",\"description\":\"Un mecanismo de giro Sea25 es un equipo de ingenier\u00eda dise\u00f1ado normalmente para hacer girar un objeto o sistema en direcci\u00f3n horizontal o vertical.\",\"breadcrumb\":{\"@id\":\"https:\/\/slewingbearings.com\/es\/product\/accionamiento-de-giro-sea-25\/#breadcrumb\"},\"inLanguage\":\"es\",\"potentialAction\":[{\"@type\":\"ReadAction\",\"target\":[\"https:\/\/slewingbearings.com\/es\/product\/accionamiento-de-giro-sea-25\/\"]}]},{\"@type\":\"BreadcrumbList\",\"@id\":\"https:\/\/slewingbearings.com\/es\/product\/accionamiento-de-giro-sea-25\/#breadcrumb\",\"itemListElement\":[{\"@type\":\"ListItem\",\"position\":1,\"name\":\"Home\",\"item\":\"https:\/\/slewingbearings.com\/es\/rodamientogiratorio-accionamiento-giratorio\/\"},{\"@type\":\"ListItem\",\"position\":2,\"name\":\"Shop\",\"item\":\"https:\/\/slewingbearings.com\/shop\/\"},{\"@type\":\"ListItem\",\"position\":3,\"name\":\"Accionamiento de giro SEA-25\"}]},{\"@type\":\"WebSite\",\"@id\":\"https:\/\/slewingbearings.com\/#website\",\"url\":\"https:\/\/slewingbearings.com\/\",\"name\":\"ZZ Group\",\"description\":\"Leading Slewing Bearings in China\",\"potentialAction\":[{\"@type\":\"SearchAction\",\"target\":{\"@type\":\"EntryPoint\",\"urlTemplate\":\"https:\/\/slewingbearings.com\/?s={search_term_string}\"},\"query-input\":\"required name=search_term_string\"}],\"inLanguage\":\"es\"}]}<\/script>\n<!-- \/ Yoast SEO plugin. -->","yoast_head_json":{"title":"Accionamiento de giro SEA-25 - ZZ Group","description":"Un mecanismo de giro Sea25 es un equipo de ingenier\u00eda dise\u00f1ado normalmente para hacer girar un objeto o sistema en direcci\u00f3n horizontal o vertical.","robots":{"index":"index","follow":"follow","max-snippet":"max-snippet:-1","max-image-preview":"max-image-preview:large","max-video-preview":"max-video-preview:-1"},"canonical":"https:\/\/slewingbearings.com\/es\/product\/accionamiento-de-giro-sea-25\/","og_locale":"es_ES","og_type":"article","og_title":"Accionamiento de giro SEA-25 - ZZ Group","og_description":"Un mecanismo de giro Sea25 es un equipo de ingenier\u00eda dise\u00f1ado normalmente para hacer girar un objeto o sistema en direcci\u00f3n horizontal o vertical.","og_url":"https:\/\/slewingbearings.com\/es\/product\/accionamiento-de-giro-sea-25\/","og_site_name":"ZZ Group","og_image":[{"width":500,"height":500,"url":"https:\/\/slewingbearings.com\/wp-content\/uploads\/2024\/01\/sea25-slew-drive.jpg","type":"image\/jpeg"}],"twitter_card":"summary_large_image","twitter_misc":{"Tiempo de lectura":"1 minuto"},"schema":{"@context":"https:\/\/schema.org","@graph":[{"@type":"WebPage","@id":"https:\/\/slewingbearings.com\/es\/product\/accionamiento-de-giro-sea-25\/","url":"https:\/\/slewingbearings.com\/es\/product\/accionamiento-de-giro-sea-25\/","name":"Accionamiento de giro SEA-25 - ZZ Group","isPartOf":{"@id":"https:\/\/slewingbearings.com\/#website"},"datePublished":"2024-01-21T02:30:40+00:00","dateModified":"2024-01-21T02:30:40+00:00","description":"Un mecanismo de giro Sea25 es un equipo de ingenier\u00eda dise\u00f1ado normalmente para hacer girar un objeto o sistema en direcci\u00f3n horizontal o vertical.","breadcrumb":{"@id":"https:\/\/slewingbearings.com\/es\/product\/accionamiento-de-giro-sea-25\/#breadcrumb"},"inLanguage":"es","potentialAction":[{"@type":"ReadAction","target":["https:\/\/slewingbearings.com\/es\/product\/accionamiento-de-giro-sea-25\/"]}]},{"@type":"BreadcrumbList","@id":"https:\/\/slewingbearings.com\/es\/product\/accionamiento-de-giro-sea-25\/#breadcrumb","itemListElement":[{"@type":"ListItem","position":1,"name":"Home","item":"https:\/\/slewingbearings.com\/es\/rodamientogiratorio-accionamiento-giratorio\/"},{"@type":"ListItem","position":2,"name":"Shop","item":"https:\/\/slewingbearings.com\/shop\/"},{"@type":"ListItem","position":3,"name":"Accionamiento de giro SEA-25"}]},{"@type":"WebSite","@id":"https:\/\/slewingbearings.com\/#website","url":"https:\/\/slewingbearings.com\/","name":"ZZ Group","description":"Leading Slewing Bearings in China","potentialAction":[{"@type":"SearchAction","target":{"@type":"EntryPoint","urlTemplate":"https:\/\/slewingbearings.com\/?s={search_term_string}"},"query-input":"required name=search_term_string"}],"inLanguage":"es"}]}},"_links":{"self":[{"href":"https:\/\/slewingbearings.com\/es\/wp-json\/wp\/v2\/product\/11989","targetHints":{"allow":["GET"]}}],"collection":[{"href":"https:\/\/slewingbearings.com\/es\/wp-json\/wp\/v2\/product"}],"about":[{"href":"https:\/\/slewingbearings.com\/es\/wp-json\/wp\/v2\/types\/product"}],"replies":[{"embeddable":true,"href":"https:\/\/slewingbearings.com\/es\/wp-json\/wp\/v2\/comments?post=11989"}],"wp:featuredmedia":[{"embeddable":true,"href":"https:\/\/slewingbearings.com\/es\/wp-json\/wp\/v2\/media\/11990"}],"wp:attachment":[{"href":"https:\/\/slewingbearings.com\/es\/wp-json\/wp\/v2\/media?parent=11989"}],"wp:term":[{"taxonomy":"product_cat","embeddable":true,"href":"https:\/\/slewingbearings.com\/es\/wp-json\/wp\/v2\/product_cat?post=11989"},{"taxonomy":"product_tag","embeddable":true,"href":"https:\/\/slewingbearings.com\/es\/wp-json\/wp\/v2\/product_tag?post=11989"}],"curies":[{"name":"wp","href":"https:\/\/api.w.org\/{rel}","templated":true}]}}