{"id":11973,"date":"2024-01-21T03:42:56","date_gmt":"2024-01-21T03:42:56","guid":{"rendered":"https:\/\/slewingbearings.com\/product\/accionamiento-giratorio-ve-6\/"},"modified":"2024-01-21T03:42:56","modified_gmt":"2024-01-21T03:42:56","slug":"accionamiento-giratorio-ve-6","status":"publish","type":"product","link":"https:\/\/slewingbearings.com\/es\/product\/accionamiento-giratorio-ve-6\/","title":{"rendered":"Accionamiento giratorio VE-6"},"content":{"rendered":"<p>En t\u00e9rminos de caracter\u00edsticas, el sistema de giro vertical de la serie VE6 tiene varias caracter\u00edsticas notables:<\/p>\n<p>En primer lugar, la caracter\u00edstica m\u00e1s destacada es su funci\u00f3n de rotaci\u00f3n vertical. Esto permite que el dispositivo gire de forma flexible en el plano vertical , proporcionando soluciones para una variedad de tareas de trabajo vertical . <\/p>\n<p>En segundo lugar, el sistema de accionamiento giratorio vertical ayuda a aprovechar mejor el espacio. En espacios reducidos o estrechos, el uso de este tipo de sistemas puede ser m\u00e1s eficiente. Por ejemplo, en obras o laboratorios de investigaci\u00f3n urbanos, los sistemas de giro vertical pueden encajar mejor en espacios limitados.  <\/p>\n<p>En segundo lugar, este tipo de sistema de accionamiento suele tener una alta precisi\u00f3n de posicionamiento. Los equipos mec \u00e1nicos pueden permanecer con precisi\u00f3n en la posici\u00f3n requerida gracias a la rotaci\u00f3n vertical, lo que permite realizar tareas finas y de alta precisi\u00f3n. <\/p>\n<p>Adem\u00e1s, el sistema de accionamiento giratorio vertical tiene las caracter\u00edsticas de ajuste multi\u00e1ngulo. El equipo puede ajustarse en diferentes \u00e1ngulos en la direcci\u00f3n vertical para adaptarse a diferentes necesidades y condiciones de trabajo. <\/p>\n<p>En general, con su exclusiva funci\u00f3n de rotaci\u00f3n vertical, el sistema de accionamiento vertical ofrece soluciones \u00fanicas para el seguimiento solar, la generaci\u00f3n de energ\u00eda e\u00f3lica, los laboratorios de investigaci\u00f3n y otros campos.<\/p>\n\n<table id=\"tablepress-32\" class=\"tablepress tablepress-id-32\">\n<thead>\n<tr class=\"row-1\">\n\t<th class=\"column-1\">Model<\/th><th class=\"column-2\">Output Torque<\/th><th class=\"column-3\">Tilting Moment Torque<\/th><th class=\"column-4\">Holding Torque<\/th><th class=\"column-5\">Gear Ratio<\/th><th class=\"column-6\">Tracking Precision<\/th><th class=\"column-7\">Weight<\/th><th class=\"column-8\">Drawing<\/th>\n<\/tr>\n<\/thead>\n<tbody class=\"row-striping row-hover\">\n<tr class=\"row-2\">\n\t<td class=\"column-1\">VE6<\/td><td class=\"column-2\">7200 N.m<\/td><td class=\"column-3\">4200 N.m<\/td><td class=\"column-4\">25 KN.m<\/td><td class=\"column-5\">55:1<\/td><td class=\"column-6\">\u22640.3\u00b0<\/td><td class=\"column-7\">33kg<\/td><td class=\"column-8\"><a href=\"https:\/\/slewingbearings.com\/wp-content\/uploads\/2024\/01\/VE6-Slew-Drive-catalog.pdf\"><br \/>\n<img decoding=\"async\" src=\"https:\/\/slewingbearings.com\/wp-content\/uploads\/2024\/01\/pdf.png\" width=\"30\" height=\"30\"><\/a><\/td>\n<\/tr>\n<tr class=\"row-3\">\n\t<td class=\"column-1\">VE6<\/td><td class=\"column-2\">5309 lbf.ft<\/td><td class=\"column-3\">3099 lbf.ft<\/td><td class=\"column-4\">18450 lbf.ft<\/td><td class=\"column-5\">55:1<\/td><td class=\"column-6\">\u22640.3\u00b0<\/td><td class=\"column-7\">33kg<\/td><td class=\"column-8\"><a href=\"https:\/\/slewingbearings.com\/wp-content\/uploads\/2024\/01\/VE6-Slew-Drive-catalog.pdf\"><br \/>\n<img decoding=\"async\" src=\"https:\/\/slewingbearings.com\/wp-content\/uploads\/2024\/01\/pdf.png\" width=\"30\" height=\"30\"><\/a><\/td>\n<\/tr>\n<\/tbody>\n<\/table>\n<!-- #tablepress-32 from cache -->\n","protected":false},"excerpt":{"rendered":"<p>Un sistema de accionamiento giratorio vertical es un sistema mec\u00e1nico dise\u00f1ado para lograr la rotaci\u00f3n en direcci\u00f3n vertical. Esta tecnolog\u00eda ofrece soluciones \u00fanicas para una gran variedad de aplicaciones industriales y cient\u00edficas, ya que permite girar de forma flexible equipos mec\u00e1nicos o herramientas en orientaci\u00f3n vertical, ampliando as\u00ed su gama de aplicaciones y su versatilidad. <\/p>\n<p>En el campo de la energ\u00eda solar, los sistemas de accionamiento giratorio vertical se utilizan ampliamente en los sistemas de seguimiento solar. El panel solar se acciona mediante rotaci\u00f3n vertical y puede moverse hacia arriba y hacia abajo siguiendo la trayectoria del sol, lo que garantiza que el panel fotovoltaico est\u00e9 siempre orientado hacia el sol. Este dise\u00f1o puede captar al m\u00e1ximo la radiaci\u00f3n solar y mejorar la eficiencia de la generaci\u00f3n de energ\u00eda solar. En el campo de la generaci\u00f3n de energ\u00eda e\u00f3lica, algunos aerogeneradores verticales tambi\u00e9n utilizan sistemas de accionamiento giratorio vertical. Este dise\u00f1o permite que la turbina e\u00f3lica gire verticalmente, adapt\u00e1ndose mejor a los vientos en diferentes direcciones y optimizando la captaci\u00f3n de energ\u00eda e\u00f3lica.    <\/p>\n","protected":false},"featured_media":11974,"comment_status":"open","ping_status":"closed","template":"","meta":{"content-type":""},"product_cat":[668,330],"product_tag":[721],"class_list":{"0":"post-11973","1":"product","2":"type-product","3":"status-publish","4":"has-post-thumbnail","6":"product_cat-accionamiento-giratorio-ve","7":"product_cat-slew-drive-es","8":"product_tag-accionamiento-giratorio-ve6","10":"first","11":"instock","12":"shipping-taxable","13":"product-type-simple"},"yoast_head":"<!-- This site is optimized with the Yoast SEO plugin v21.7 - https:\/\/yoast.com\/wordpress\/plugins\/seo\/ -->\n<title>Accionamiento giratorio VE-6 - ZZ Group<\/title>\n<meta name=\"description\" content=\"El sistema de accionamiento giratorio vertical de la serie VE6 es un sistema mec\u00e1nico dise\u00f1ado para lograr la rotaci\u00f3n en direcci\u00f3n vertical.\" \/>\n<meta name=\"robots\" content=\"index, follow, max-snippet:-1, max-image-preview:large, max-video-preview:-1\" \/>\n<link rel=\"canonical\" href=\"https:\/\/slewingbearings.com\/es\/product\/accionamiento-giratorio-ve-6\/\" \/>\n<meta property=\"og:locale\" content=\"es_ES\" \/>\n<meta property=\"og:type\" content=\"article\" \/>\n<meta property=\"og:title\" content=\"Accionamiento giratorio VE-6 - ZZ Group\" \/>\n<meta property=\"og:description\" content=\"El sistema de accionamiento giratorio vertical de la serie VE6 es un sistema mec\u00e1nico dise\u00f1ado para lograr la rotaci\u00f3n en direcci\u00f3n vertical.\" \/>\n<meta property=\"og:url\" content=\"https:\/\/slewingbearings.com\/es\/product\/accionamiento-giratorio-ve-6\/\" \/>\n<meta property=\"og:site_name\" content=\"ZZ Group\" \/>\n<meta property=\"og:image\" content=\"https:\/\/slewingbearings.com\/wp-content\/uploads\/2024\/01\/ve6-slew-drive.jpg\" \/>\n\t<meta property=\"og:image:width\" content=\"500\" \/>\n\t<meta property=\"og:image:height\" content=\"500\" \/>\n\t<meta property=\"og:image:type\" content=\"image\/jpeg\" \/>\n<meta name=\"twitter:card\" content=\"summary_large_image\" \/>\n<meta name=\"twitter:label1\" content=\"Tiempo de lectura\" \/>\n\t<meta name=\"twitter:data1\" content=\"1 minuto\" \/>\n<script type=\"application\/ld+json\" class=\"yoast-schema-graph\">{\"@context\":\"https:\/\/schema.org\",\"@graph\":[{\"@type\":\"WebPage\",\"@id\":\"https:\/\/slewingbearings.com\/es\/product\/accionamiento-giratorio-ve-6\/\",\"url\":\"https:\/\/slewingbearings.com\/es\/product\/accionamiento-giratorio-ve-6\/\",\"name\":\"Accionamiento giratorio VE-6 - ZZ Group\",\"isPartOf\":{\"@id\":\"https:\/\/slewingbearings.com\/#website\"},\"datePublished\":\"2024-01-21T03:42:56+00:00\",\"dateModified\":\"2024-01-21T03:42:56+00:00\",\"description\":\"El sistema de accionamiento giratorio vertical de la serie VE6 es un sistema mec\u00e1nico dise\u00f1ado para lograr la rotaci\u00f3n en direcci\u00f3n vertical.\",\"breadcrumb\":{\"@id\":\"https:\/\/slewingbearings.com\/es\/product\/accionamiento-giratorio-ve-6\/#breadcrumb\"},\"inLanguage\":\"es\",\"potentialAction\":[{\"@type\":\"ReadAction\",\"target\":[\"https:\/\/slewingbearings.com\/es\/product\/accionamiento-giratorio-ve-6\/\"]}]},{\"@type\":\"BreadcrumbList\",\"@id\":\"https:\/\/slewingbearings.com\/es\/product\/accionamiento-giratorio-ve-6\/#breadcrumb\",\"itemListElement\":[{\"@type\":\"ListItem\",\"position\":1,\"name\":\"Home\",\"item\":\"https:\/\/slewingbearings.com\/es\/rodamientogiratorio-accionamiento-giratorio\/\"},{\"@type\":\"ListItem\",\"position\":2,\"name\":\"Shop\",\"item\":\"https:\/\/slewingbearings.com\/shop\/\"},{\"@type\":\"ListItem\",\"position\":3,\"name\":\"Accionamiento giratorio VE-6\"}]},{\"@type\":\"WebSite\",\"@id\":\"https:\/\/slewingbearings.com\/#website\",\"url\":\"https:\/\/slewingbearings.com\/\",\"name\":\"ZZ Group\",\"description\":\"Leading Slewing Bearings in China\",\"potentialAction\":[{\"@type\":\"SearchAction\",\"target\":{\"@type\":\"EntryPoint\",\"urlTemplate\":\"https:\/\/slewingbearings.com\/?s={search_term_string}\"},\"query-input\":\"required name=search_term_string\"}],\"inLanguage\":\"es\"}]}<\/script>\n<!-- \/ Yoast SEO plugin. -->","yoast_head_json":{"title":"Accionamiento giratorio VE-6 - ZZ Group","description":"El sistema de accionamiento giratorio vertical de la serie VE6 es un sistema mec\u00e1nico dise\u00f1ado para lograr la rotaci\u00f3n en direcci\u00f3n vertical.","robots":{"index":"index","follow":"follow","max-snippet":"max-snippet:-1","max-image-preview":"max-image-preview:large","max-video-preview":"max-video-preview:-1"},"canonical":"https:\/\/slewingbearings.com\/es\/product\/accionamiento-giratorio-ve-6\/","og_locale":"es_ES","og_type":"article","og_title":"Accionamiento giratorio VE-6 - ZZ Group","og_description":"El sistema de accionamiento giratorio vertical de la serie VE6 es un sistema mec\u00e1nico dise\u00f1ado para lograr la rotaci\u00f3n en direcci\u00f3n vertical.","og_url":"https:\/\/slewingbearings.com\/es\/product\/accionamiento-giratorio-ve-6\/","og_site_name":"ZZ Group","og_image":[{"width":500,"height":500,"url":"https:\/\/slewingbearings.com\/wp-content\/uploads\/2024\/01\/ve6-slew-drive.jpg","type":"image\/jpeg"}],"twitter_card":"summary_large_image","twitter_misc":{"Tiempo de lectura":"1 minuto"},"schema":{"@context":"https:\/\/schema.org","@graph":[{"@type":"WebPage","@id":"https:\/\/slewingbearings.com\/es\/product\/accionamiento-giratorio-ve-6\/","url":"https:\/\/slewingbearings.com\/es\/product\/accionamiento-giratorio-ve-6\/","name":"Accionamiento giratorio VE-6 - ZZ Group","isPartOf":{"@id":"https:\/\/slewingbearings.com\/#website"},"datePublished":"2024-01-21T03:42:56+00:00","dateModified":"2024-01-21T03:42:56+00:00","description":"El sistema de accionamiento giratorio vertical de la serie VE6 es un sistema mec\u00e1nico dise\u00f1ado para lograr la rotaci\u00f3n en direcci\u00f3n vertical.","breadcrumb":{"@id":"https:\/\/slewingbearings.com\/es\/product\/accionamiento-giratorio-ve-6\/#breadcrumb"},"inLanguage":"es","potentialAction":[{"@type":"ReadAction","target":["https:\/\/slewingbearings.com\/es\/product\/accionamiento-giratorio-ve-6\/"]}]},{"@type":"BreadcrumbList","@id":"https:\/\/slewingbearings.com\/es\/product\/accionamiento-giratorio-ve-6\/#breadcrumb","itemListElement":[{"@type":"ListItem","position":1,"name":"Home","item":"https:\/\/slewingbearings.com\/es\/rodamientogiratorio-accionamiento-giratorio\/"},{"@type":"ListItem","position":2,"name":"Shop","item":"https:\/\/slewingbearings.com\/shop\/"},{"@type":"ListItem","position":3,"name":"Accionamiento giratorio VE-6"}]},{"@type":"WebSite","@id":"https:\/\/slewingbearings.com\/#website","url":"https:\/\/slewingbearings.com\/","name":"ZZ Group","description":"Leading Slewing Bearings in China","potentialAction":[{"@type":"SearchAction","target":{"@type":"EntryPoint","urlTemplate":"https:\/\/slewingbearings.com\/?s={search_term_string}"},"query-input":"required name=search_term_string"}],"inLanguage":"es"}]}},"_links":{"self":[{"href":"https:\/\/slewingbearings.com\/es\/wp-json\/wp\/v2\/product\/11973","targetHints":{"allow":["GET"]}}],"collection":[{"href":"https:\/\/slewingbearings.com\/es\/wp-json\/wp\/v2\/product"}],"about":[{"href":"https:\/\/slewingbearings.com\/es\/wp-json\/wp\/v2\/types\/product"}],"replies":[{"embeddable":true,"href":"https:\/\/slewingbearings.com\/es\/wp-json\/wp\/v2\/comments?post=11973"}],"wp:featuredmedia":[{"embeddable":true,"href":"https:\/\/slewingbearings.com\/es\/wp-json\/wp\/v2\/media\/11974"}],"wp:attachment":[{"href":"https:\/\/slewingbearings.com\/es\/wp-json\/wp\/v2\/media?parent=11973"}],"wp:term":[{"taxonomy":"product_cat","embeddable":true,"href":"https:\/\/slewingbearings.com\/es\/wp-json\/wp\/v2\/product_cat?post=11973"},{"taxonomy":"product_tag","embeddable":true,"href":"https:\/\/slewingbearings.com\/es\/wp-json\/wp\/v2\/product_tag?post=11973"}],"curies":[{"name":"wp","href":"https:\/\/api.w.org\/{rel}","templated":true}]}}