{"id":11939,"date":"2024-01-21T03:47:18","date_gmt":"2024-01-21T03:47:18","guid":{"rendered":"https:\/\/slewingbearings.com\/product\/ve-8-actuador-rotativo\/"},"modified":"2024-01-21T03:47:18","modified_gmt":"2024-01-21T03:47:18","slug":"ve-8-actuador-rotativo","status":"publish","type":"product","link":"https:\/\/slewingbearings.com\/es\/product\/ve-8-actuador-rotativo\/","title":{"rendered":"VE-8 Actuador rotativo"},"content":{"rendered":"<p>En segundo lugar, el sistema de accionamiento giratorio vertical ayuda a aprovechar mejor el espacio. En espacios reducidos o estrechos, el uso de este tipo de sistemas puede ser m\u00e1s eficiente. Por ejemplo, en obras o laboratorios de investigaci\u00f3n urbanos, los sistemas de giro vertical pueden encajar mejor en espacios limitados.  <\/p>\n<p>En segundo lugar, este tipo de sistema de accionamiento suele tener una alta precisi\u00f3n de posicionamiento. Los equipos mec \u00e1nicos pueden permanecer con precisi\u00f3n en la posici\u00f3n requerida gracias a la rotaci\u00f3n vertical, lo que permite realizar tareas finas y de alta precisi\u00f3n. <\/p>\n<p>Adem\u00e1s, el sistema de accionamiento giratorio vertical tiene las caracter\u00edsticas de ajuste multi\u00e1ngulo. El equipo puede ajustarse en diferentes \u00e1ngulos en la direcci\u00f3n vertical para adaptarse a diferentes necesidades y condiciones de trabajo. <\/p>\n<p>En general, con su exclusiva funci\u00f3n de rotaci\u00f3n vertical, el sistema de accionamiento vertical ofrece soluciones \u00fanicas para el seguimiento solar, la generaci\u00f3n de energ\u00eda e\u00f3lica, los laboratorios de investigaci\u00f3n y otros campos.<\/p>\n\n<table id=\"tablepress-34\" class=\"tablepress tablepress-id-34\">\n<thead>\n<tr class=\"row-1\">\n\t<th class=\"column-1\">Model<\/th><th class=\"column-2\">Output Torque<\/th><th class=\"column-3\">Tilting Moment Torque<\/th><th class=\"column-4\">Holding Torque<\/th><th class=\"column-5\">Gear Ratio<\/th><th class=\"column-6\">Tracking Precision<\/th><th class=\"column-7\">Weight<\/th><th class=\"column-8\">Drawing<\/th>\n<\/tr>\n<\/thead>\n<tbody class=\"row-striping row-hover\">\n<tr class=\"row-2\">\n\t<td class=\"column-1\">VE8<\/td><td class=\"column-2\">11 KN.m<\/td><td class=\"column-3\">5500 N.m<\/td><td class=\"column-4\">45 KN.m<\/td><td class=\"column-5\">50:1<\/td><td class=\"column-6\">\u22640.3\u00b0<\/td><td class=\"column-7\">41kg<\/td><td class=\"column-8\"><a href=\"https:\/\/slewingbearings.com\/wp-content\/uploads\/2024\/01\/VE8-Slew-Drive-catalog.pdf\"><br \/>\n<img decoding=\"async\" src=\"https:\/\/slewingbearings.com\/wp-content\/uploads\/2024\/01\/pdf.png\" width=\"30\" height=\"30\"><\/a><\/td>\n<\/tr>\n<tr class=\"row-3\">\n\t<td class=\"column-1\">VE8<\/td><td class=\"column-2\">8118 lbf.ft<\/td><td class=\"column-3\">4059 lbf.ft<\/td><td class=\"column-4\">33210 lbf.ft<\/td><td class=\"column-5\">50:1<\/td><td class=\"column-6\">\u22640.3\u00b0<\/td><td class=\"column-7\">41kg<\/td><td class=\"column-8\"><a href=\"https:\/\/slewingbearings.com\/wp-content\/uploads\/2024\/01\/VE8-Slew-Drive-catalog.pdf\"><br \/>\n<img decoding=\"async\" src=\"https:\/\/slewingbearings.com\/wp-content\/uploads\/2024\/01\/pdf.png\" width=\"30\" height=\"30\"><\/a><\/td>\n<\/tr>\n<\/tbody>\n<\/table>\n<!-- #tablepress-34 from cache -->\n","protected":false},"excerpt":{"rendered":"<p>El actuador rotativo vertical VE8 es un sistema mec\u00e1nico dise\u00f1ado para proporcionar rotaci\u00f3n en sentido vertical. Esta tecnolog\u00eda ofrece soluciones \u00fanicas para una gran variedad de aplicaciones industriales y cient\u00edficas, ya que permite girar de forma flexible equipos mec\u00e1nicos o herramientas en orientaci\u00f3n vertical , ampliando as\u00ed su gama de aplicaciones y versatilidad. <\/p>\n<p>\u0412 \u043e\u0431\u043b\u0430\u0441\u0442\u0438 \u0441\u043e\u043b\u043d\u0435\u0447\u043d\u043e\u0439 \u044d\u043d\u0435\u0440\u0433\u0435\u0442\u0438\u043a\u0438 \u0432\u0435\u0440\u0442\u0438\u043a\u0430\u043b\u044c\u043d\u044b\u0435 \u0441\u0438\u0441\u0442\u0435\u043c\u044b \u043f\u0440\u0438\u0432\u043e\u0434\u0430 \u043f\u043e\u0432\u043e\u0440\u043e\u0442\u0430 VE8 \u0448\u0438\u0440\u043e\u043a\u043e \u0438\u0441\u043f\u043e\u043b\u044c\u0437\u0443\u044e\u0442\u0441\u044f \u0432 \u0441\u0438\u0441\u0442\u0435\u043c\u0430\u0445 \u0441\u043b\u0435\u0436\u0435\u043d\u0438\u044f \u0437\u0430 \u0441\u043e\u043b\u043d\u0435\u0447\u043d\u044b\u043c\u0438 \u0431\u0430\u0442\u0430\u0440\u0435\u044f\u043c\u0438. \u0421\u043e\u043b\u043d\u0435\u0447\u043d\u0430\u044f \u043f\u0430\u043d\u0435\u043b\u044c \u043f\u0440\u0438\u0432\u043e\u0434\u0438\u0442\u0441\u044f \u0432 \u0434\u0432\u0438\u0436\u0435\u043d\u0438\u0435 \u0432\u0435\u0440\u0442\u0438\u043a\u0430\u043b\u044c\u043d\u044b\u043c \u0432\u0440\u0430\u0449\u0435\u043d\u0438\u0435\u043c \u0438 \u043c\u043e\u0436\u0435\u0442 \u0434\u0432\u0438\u0433\u0430\u0442\u044c\u0441\u044f \u0432\u0432\u0435\u0440\u0445 \u0438 \u0432\u043d\u0438\u0437, \u0441\u043b\u0435\u0434\u0443\u044f \u0442\u0440\u0430\u0435\u043a\u0442\u043e\u0440\u0438\u0438 \u0441\u043e\u043b\u043d\u0446\u0430, \u0433\u0430\u0440\u0430\u043d\u0442\u0438\u0440\u0443\u044f , \u0447\u0442\u043e \u0444\u043e\u0442\u043e\u044d\u043b\u0435\u043a\u0442\u0440\u0438\u0447\u0435\u0441\u043a\u0430\u044f \u043f\u0430\u043d\u0435\u043b\u044c \u0432\u0441\u0435\u0433\u0434\u0430 \u043e\u0431\u0440\u0430\u0449\u0435\u043d\u0430 \u043a \u0441\u043e\u043b\u043d\u0446\u0443. \u0422\u0430\u043a\u0430\u044f \u043a\u043e\u043d\u0441\u0442\u0440\u0443\u043a\u0446\u0438\u044f \u043f\u043e\u0437\u0432\u043e\u043b\u044f\u0435\u0442 \u043c\u0430\u043a\u0441\u0438\u043c\u0430\u043b\u044c\u043d\u043e \u0443\u043b\u0430\u0432\u043b\u0438\u0432\u0430\u0442\u044c \u0441\u043e\u043b\u043d\u0435\u0447\u043d\u043e\u0435 \u0438\u0437\u043b\u0443\u0447\u0435\u043d\u0438\u0435 \u0438 \u043f\u043e\u0432\u044b\u0448\u0430\u0442\u044c \u044d\u0444\u0444\u0435\u043a\u0442\u0438\u0432\u043d\u043e\u0441\u0442\u044c \u0432\u044b\u0440\u0430\u0431\u043e\u0442\u043a\u0438 \u0441\u043e\u043b\u043d\u0435\u0447\u043d\u043e\u0439 \u044d\u043d\u0435\u0440\u0433\u0438\u0438. \u0412 \u043e\u0431\u043b\u0430\u0441\u0442\u0438 \u0432\u0435\u0442\u0440\u043e\u044d\u043d\u0435\u0440\u0433\u0435\u0442\u0438\u043a\u0438 \u043d\u0435\u043a\u043e\u0442\u043e\u0440\u044b\u0435 \u0432\u0435\u0440\u0442\u0438\u043a\u0430\u043b\u044c\u043d\u044b\u0435 \u0432\u0435\u0442\u0440\u043e\u0433\u0435\u043d\u0435\u0440\u0430\u0442\u043e\u0440\u044b \u0442\u0430\u043a\u0436\u0435 \u0438\u0441\u043f\u043e\u043b\u044c\u0437\u0443\u044e\u0442 \u0441\u0438\u0441\u0442\u0435\u043c\u044b \u043f\u0440\u0438\u0432\u043e\u0434\u0430 \u0432\u0435\u0440\u0442\u0438\u043a\u0430\u043b\u044c\u043d\u043e\u0433\u043e \u043f\u043e\u0432\u043e\u0440\u043e\u0442\u0430. \u0422\u0430\u043a\u0430\u044f \u043a\u043e\u043d\u0441\u0442\u0440\u0443\u043a\u0446\u0438\u044f \u043f\u043e\u0437\u0432\u043e\u043b\u044f\u0435\u0442 \u0432\u0435\u0442\u0440\u044f\u043d\u043e\u0439 \u0442\u0443\u0440\u0431\u0438\u043d\u0435 \u0432\u0440\u0430\u0449\u0430\u0442\u044c\u0441\u044f \u0432\u0435\u0440\u0442\u0438\u043a\u0430\u043b\u044c\u043d\u043e, \u043b\u0443\u0447\u0448\u0435 \u043f\u0440\u0438\u0441\u043f\u043e\u0441\u0430\u0431\u043b\u0438\u0432\u0430\u044f\u0441\u044c \u043a \u0432\u0435\u0442\u0440\u0430\u043c \u0440\u0430\u0437\u043d\u044b\u0445 \u043d\u0430\u043f\u0440\u0430\u0432\u043b\u0435\u043d\u0438\u0439 \u0438 \u043e\u043f\u0442\u0438\u043c\u0438\u0437\u0438\u0440\u0443\u044f \u0441\u0431\u043e\u0440 \u044d\u043d\u0435\u0440\u0433\u0438\u0438 \u0432\u0435\u0442\u0440\u0430.    <\/p>\n","protected":false},"featured_media":11940,"comment_status":"open","ping_status":"closed","template":"","meta":{"content-type":""},"product_cat":[668,330],"product_tag":[683],"class_list":{"0":"post-11939","1":"product","2":"type-product","3":"status-publish","4":"has-post-thumbnail","6":"product_cat-accionamiento-giratorio-ve","7":"product_cat-slew-drive-es","8":"product_tag-accionamiento-giratorio-ve8","10":"first","11":"instock","12":"shipping-taxable","13":"product-type-simple"},"yoast_head":"<!-- This site is optimized with the Yoast SEO plugin v21.7 - https:\/\/yoast.com\/wordpress\/plugins\/seo\/ -->\n<title>VE-8 Actuador rotativo - ZZ Group<\/title>\n<meta name=\"description\" content=\"El sistema de accionamiento giratorio vertical de la serie VE8 es un sistema mec\u00e1nico dise\u00f1ado para lograr la rotaci\u00f3n en direcci\u00f3n vertical.\" \/>\n<meta name=\"robots\" content=\"index, follow, max-snippet:-1, max-image-preview:large, max-video-preview:-1\" \/>\n<link rel=\"canonical\" href=\"https:\/\/slewingbearings.com\/es\/product\/ve-8-actuador-rotativo\/\" \/>\n<meta property=\"og:locale\" content=\"es_ES\" \/>\n<meta property=\"og:type\" content=\"article\" \/>\n<meta property=\"og:title\" content=\"VE-8 Actuador rotativo - ZZ Group\" \/>\n<meta property=\"og:description\" content=\"El sistema de accionamiento giratorio vertical de la serie VE8 es un sistema mec\u00e1nico dise\u00f1ado para lograr la rotaci\u00f3n en direcci\u00f3n vertical.\" \/>\n<meta property=\"og:url\" content=\"https:\/\/slewingbearings.com\/es\/product\/ve-8-actuador-rotativo\/\" \/>\n<meta property=\"og:site_name\" content=\"ZZ Group\" \/>\n<meta property=\"og:image\" content=\"https:\/\/slewingbearings.com\/wp-content\/uploads\/2024\/01\/ve8-slew-drive.jpg\" \/>\n\t<meta property=\"og:image:width\" content=\"500\" \/>\n\t<meta property=\"og:image:height\" content=\"500\" \/>\n\t<meta property=\"og:image:type\" content=\"image\/jpeg\" \/>\n<meta name=\"twitter:card\" content=\"summary_large_image\" \/>\n<meta name=\"twitter:label1\" content=\"Tiempo de lectura\" \/>\n\t<meta name=\"twitter:data1\" content=\"1 minuto\" \/>\n<script type=\"application\/ld+json\" class=\"yoast-schema-graph\">{\"@context\":\"https:\/\/schema.org\",\"@graph\":[{\"@type\":\"WebPage\",\"@id\":\"https:\/\/slewingbearings.com\/es\/product\/ve-8-actuador-rotativo\/\",\"url\":\"https:\/\/slewingbearings.com\/es\/product\/ve-8-actuador-rotativo\/\",\"name\":\"VE-8 Actuador rotativo - ZZ Group\",\"isPartOf\":{\"@id\":\"https:\/\/slewingbearings.com\/#website\"},\"datePublished\":\"2024-01-21T03:47:18+00:00\",\"dateModified\":\"2024-01-21T03:47:18+00:00\",\"description\":\"El sistema de accionamiento giratorio vertical de la serie VE8 es un sistema mec\u00e1nico dise\u00f1ado para lograr la rotaci\u00f3n en direcci\u00f3n vertical.\",\"breadcrumb\":{\"@id\":\"https:\/\/slewingbearings.com\/es\/product\/ve-8-actuador-rotativo\/#breadcrumb\"},\"inLanguage\":\"es\",\"potentialAction\":[{\"@type\":\"ReadAction\",\"target\":[\"https:\/\/slewingbearings.com\/es\/product\/ve-8-actuador-rotativo\/\"]}]},{\"@type\":\"BreadcrumbList\",\"@id\":\"https:\/\/slewingbearings.com\/es\/product\/ve-8-actuador-rotativo\/#breadcrumb\",\"itemListElement\":[{\"@type\":\"ListItem\",\"position\":1,\"name\":\"Home\",\"item\":\"https:\/\/slewingbearings.com\/es\/rodamientogiratorio-accionamiento-giratorio\/\"},{\"@type\":\"ListItem\",\"position\":2,\"name\":\"Shop\",\"item\":\"https:\/\/slewingbearings.com\/shop\/\"},{\"@type\":\"ListItem\",\"position\":3,\"name\":\"VE-8 Actuador rotativo\"}]},{\"@type\":\"WebSite\",\"@id\":\"https:\/\/slewingbearings.com\/#website\",\"url\":\"https:\/\/slewingbearings.com\/\",\"name\":\"ZZ Group\",\"description\":\"Leading Slewing Bearings in China\",\"potentialAction\":[{\"@type\":\"SearchAction\",\"target\":{\"@type\":\"EntryPoint\",\"urlTemplate\":\"https:\/\/slewingbearings.com\/?s={search_term_string}\"},\"query-input\":\"required name=search_term_string\"}],\"inLanguage\":\"es\"}]}<\/script>\n<!-- \/ Yoast SEO plugin. -->","yoast_head_json":{"title":"VE-8 Actuador rotativo - ZZ Group","description":"El sistema de accionamiento giratorio vertical de la serie VE8 es un sistema mec\u00e1nico dise\u00f1ado para lograr la rotaci\u00f3n en direcci\u00f3n vertical.","robots":{"index":"index","follow":"follow","max-snippet":"max-snippet:-1","max-image-preview":"max-image-preview:large","max-video-preview":"max-video-preview:-1"},"canonical":"https:\/\/slewingbearings.com\/es\/product\/ve-8-actuador-rotativo\/","og_locale":"es_ES","og_type":"article","og_title":"VE-8 Actuador rotativo - ZZ Group","og_description":"El sistema de accionamiento giratorio vertical de la serie VE8 es un sistema mec\u00e1nico dise\u00f1ado para lograr la rotaci\u00f3n en direcci\u00f3n vertical.","og_url":"https:\/\/slewingbearings.com\/es\/product\/ve-8-actuador-rotativo\/","og_site_name":"ZZ Group","og_image":[{"width":500,"height":500,"url":"https:\/\/slewingbearings.com\/wp-content\/uploads\/2024\/01\/ve8-slew-drive.jpg","type":"image\/jpeg"}],"twitter_card":"summary_large_image","twitter_misc":{"Tiempo de lectura":"1 minuto"},"schema":{"@context":"https:\/\/schema.org","@graph":[{"@type":"WebPage","@id":"https:\/\/slewingbearings.com\/es\/product\/ve-8-actuador-rotativo\/","url":"https:\/\/slewingbearings.com\/es\/product\/ve-8-actuador-rotativo\/","name":"VE-8 Actuador rotativo - ZZ Group","isPartOf":{"@id":"https:\/\/slewingbearings.com\/#website"},"datePublished":"2024-01-21T03:47:18+00:00","dateModified":"2024-01-21T03:47:18+00:00","description":"El sistema de accionamiento giratorio vertical de la serie VE8 es un sistema mec\u00e1nico dise\u00f1ado para lograr la rotaci\u00f3n en direcci\u00f3n vertical.","breadcrumb":{"@id":"https:\/\/slewingbearings.com\/es\/product\/ve-8-actuador-rotativo\/#breadcrumb"},"inLanguage":"es","potentialAction":[{"@type":"ReadAction","target":["https:\/\/slewingbearings.com\/es\/product\/ve-8-actuador-rotativo\/"]}]},{"@type":"BreadcrumbList","@id":"https:\/\/slewingbearings.com\/es\/product\/ve-8-actuador-rotativo\/#breadcrumb","itemListElement":[{"@type":"ListItem","position":1,"name":"Home","item":"https:\/\/slewingbearings.com\/es\/rodamientogiratorio-accionamiento-giratorio\/"},{"@type":"ListItem","position":2,"name":"Shop","item":"https:\/\/slewingbearings.com\/shop\/"},{"@type":"ListItem","position":3,"name":"VE-8 Actuador rotativo"}]},{"@type":"WebSite","@id":"https:\/\/slewingbearings.com\/#website","url":"https:\/\/slewingbearings.com\/","name":"ZZ Group","description":"Leading Slewing Bearings in China","potentialAction":[{"@type":"SearchAction","target":{"@type":"EntryPoint","urlTemplate":"https:\/\/slewingbearings.com\/?s={search_term_string}"},"query-input":"required name=search_term_string"}],"inLanguage":"es"}]}},"_links":{"self":[{"href":"https:\/\/slewingbearings.com\/es\/wp-json\/wp\/v2\/product\/11939","targetHints":{"allow":["GET"]}}],"collection":[{"href":"https:\/\/slewingbearings.com\/es\/wp-json\/wp\/v2\/product"}],"about":[{"href":"https:\/\/slewingbearings.com\/es\/wp-json\/wp\/v2\/types\/product"}],"replies":[{"embeddable":true,"href":"https:\/\/slewingbearings.com\/es\/wp-json\/wp\/v2\/comments?post=11939"}],"wp:featuredmedia":[{"embeddable":true,"href":"https:\/\/slewingbearings.com\/es\/wp-json\/wp\/v2\/media\/11940"}],"wp:attachment":[{"href":"https:\/\/slewingbearings.com\/es\/wp-json\/wp\/v2\/media?parent=11939"}],"wp:term":[{"taxonomy":"product_cat","embeddable":true,"href":"https:\/\/slewingbearings.com\/es\/wp-json\/wp\/v2\/product_cat?post=11939"},{"taxonomy":"product_tag","embeddable":true,"href":"https:\/\/slewingbearings.com\/es\/wp-json\/wp\/v2\/product_tag?post=11939"}],"curies":[{"name":"wp","href":"https:\/\/api.w.org\/{rel}","templated":true}]}}