{"id":11931,"date":"2024-01-21T03:48:53","date_gmt":"2024-01-21T03:48:53","guid":{"rendered":"https:\/\/slewingbearings.com\/product\/accionamiento-de-giro-ve-9\/"},"modified":"2024-01-21T03:48:53","modified_gmt":"2024-01-21T03:48:53","slug":"accionamiento-de-giro-ve-9","status":"publish","type":"product","link":"https:\/\/slewingbearings.com\/es\/product\/accionamiento-de-giro-ve-9\/","title":{"rendered":"Accionamiento de giro VE-9"},"content":{"rendered":"<p>En segundo lugar, el sistema de giro vertical ayuda a aprovechar mejor el espacio. En entornos muy limitados o con poco espacio, la aplicaci\u00f3n de estos sistemas puede funcionar de forma m\u00e1s eficiente. Por ejemplo, en las obras de construcci\u00f3n o los laboratorios de investigaci\u00f3n cient\u00edfica de las ciudades, los sistemas de accionamiento giratorio vertical pueden encajar mejor en espacios limitados.  <\/p>\n<p>En segundo lugar, este tipo de sistema de accionamiento suele tener una alta precisi\u00f3n de posicionamiento. El equipo mec\u00e1nico puede permanecer con precisi\u00f3n en la posici\u00f3n requerida a trav\u00e9s de la rotaci\u00f3n vertical, apoyando as\u00ed las tareas de trabajo fino y de alta precisi\u00f3n. <\/p>\n<p>En general, el sistema de accionamiento giratorio vertical ofrece soluciones \u00fanicas en seguimiento solar, generaci\u00f3n de energ\u00eda e\u00f3lica, laboratorios de investigaci\u00f3n cient\u00edfica y otros campos gracias a su exclusiva funci\u00f3n de rotaci\u00f3n vertical.<\/p>\n\n<table id=\"tablepress-35\" class=\"tablepress tablepress-id-35\">\n<thead>\n<tr class=\"row-1\">\n\t<th class=\"column-1\">Model<\/th><th class=\"column-2\">Output Torque<\/th><th class=\"column-3\">Tilting Moment Torque<\/th><th class=\"column-4\">Holding Torque<\/th><th class=\"column-5\">Gear Ratio<\/th><th class=\"column-6\">Tracking Precision<\/th><th class=\"column-7\">Weight<\/th><th class=\"column-8\">Drawing<\/th>\n<\/tr>\n<\/thead>\n<tbody class=\"row-striping row-hover\">\n<tr class=\"row-2\">\n\t<td class=\"column-1\">VE9<\/td><td class=\"column-2\">14000 N.m<\/td><td class=\"column-3\">6500 N.m<\/td><td class=\"column-4\">65 KN.m<\/td><td class=\"column-5\">61:1<\/td><td class=\"column-6\">\u22640.3\u00b0<\/td><td class=\"column-7\">71kg<\/td><td class=\"column-8\"><a href=\"https:\/\/slewingbearings.com\/wp-content\/uploads\/2024\/01\/VE9-Slew-Drive-catalog.pdf\"><br \/>\n<img decoding=\"async\" src=\"https:\/\/slewingbearings.com\/wp-content\/uploads\/2024\/01\/pdf.png\" width=\"30\" height=\"30\"><\/a><\/td>\n<\/tr>\n<tr class=\"row-3\">\n\t<td class=\"column-1\">VE9<\/td><td class=\"column-2\">10332lbf.ft<\/td><td class=\"column-3\">4797 lbf.ft<\/td><td class=\"column-4\">47970 lbf.ft<\/td><td class=\"column-5\">61:1<\/td><td class=\"column-6\">\u22640.3\u00b0<\/td><td class=\"column-7\">71kg<\/td><td class=\"column-8\"><a href=\"https:\/\/slewingbearings.com\/wp-content\/uploads\/2024\/01\/VE9-Slew-Drive-catalog.pdf\"><br \/>\n<img decoding=\"async\" src=\"https:\/\/slewingbearings.com\/wp-content\/uploads\/2024\/01\/pdf.png\" width=\"30\" height=\"30\"><\/a><\/td>\n<\/tr>\n<\/tbody>\n<\/table>\n<!-- #tablepress-35 from cache -->\n","protected":false},"excerpt":{"rendered":"<p>Un sistema de accionamiento giratorio vertical VE9 es un sistema mec\u00e1nico dise\u00f1ado para lograr la rotaci\u00f3n en sentido vertical. Esta tecnolog\u00eda ofrece soluciones \u00fanicas para una gran variedad de aplicaciones industriales y cient\u00edficas, ya que permite girar de forma flexible equipos mec\u00e1nicos o herramientas en orientaci\u00f3n vertical, ampliando as\u00ed su gama de aplicaciones y versatilidad. <\/p>\n<p>En el campo de la energ\u00eda solar, los sistemas de accionamiento giratorio vertical VE9 se utilizan ampliamente en los sistemas de seguimiento solar. El panel solar se acciona mediante rotaci\u00f3n vertical y puede moverse hacia arriba y hacia abajo siguiendo la trayectoria del sol, lo que garantiza que el panel fotovoltaico est\u00e9 siempre orientado hacia el sol. Este dise\u00f1o puede captar al m\u00e1ximo la radiaci\u00f3n solar y mejorar la eficiencia de la generaci\u00f3n de energ\u00eda solar. En el campo de la generaci\u00f3n de energ\u00eda e\u00f3lica, algunos aerogeneradores verticales tambi\u00e9n utilizan sistemas de giro vertical. Este dise\u00f1o permite que el aerogenerador gire verticalmente, adapt\u00e1ndose mejor a los vientos en distintas direcciones y optimizando la captaci\u00f3n de energ\u00eda e\u00f3lica.    <\/p>\n","protected":false},"featured_media":11932,"comment_status":"open","ping_status":"closed","template":"","meta":{"content-type":""},"product_cat":[668,330],"product_tag":[676],"class_list":{"0":"post-11931","1":"product","2":"type-product","3":"status-publish","4":"has-post-thumbnail","6":"product_cat-accionamiento-giratorio-ve","7":"product_cat-slew-drive-es","8":"product_tag-accionamiento-giratorio-ve9","10":"first","11":"instock","12":"shipping-taxable","13":"product-type-simple"},"yoast_head":"<!-- This site is optimized with the Yoast SEO plugin v21.7 - https:\/\/yoast.com\/wordpress\/plugins\/seo\/ -->\n<title>Accionamiento de giro VE-9 - ZZ Group<\/title>\n<meta name=\"description\" content=\"El sistema de accionamiento giratorio vertical de la serie VE9 es un sistema mec\u00e1nico dise\u00f1ado para lograr la rotaci\u00f3n en direcci\u00f3n vertical.\" \/>\n<meta name=\"robots\" content=\"index, follow, max-snippet:-1, max-image-preview:large, max-video-preview:-1\" \/>\n<link rel=\"canonical\" href=\"https:\/\/slewingbearings.com\/es\/product\/accionamiento-de-giro-ve-9\/\" \/>\n<meta property=\"og:locale\" content=\"es_ES\" \/>\n<meta property=\"og:type\" content=\"article\" \/>\n<meta property=\"og:title\" content=\"Accionamiento de giro VE-9 - ZZ Group\" \/>\n<meta property=\"og:description\" content=\"El sistema de accionamiento giratorio vertical de la serie VE9 es un sistema mec\u00e1nico dise\u00f1ado para lograr la rotaci\u00f3n en direcci\u00f3n vertical.\" \/>\n<meta property=\"og:url\" content=\"https:\/\/slewingbearings.com\/es\/product\/accionamiento-de-giro-ve-9\/\" \/>\n<meta property=\"og:site_name\" content=\"ZZ Group\" \/>\n<meta property=\"og:image\" content=\"https:\/\/slewingbearings.com\/wp-content\/uploads\/2024\/01\/ve9-slew-drive.jpg\" \/>\n\t<meta property=\"og:image:width\" content=\"500\" \/>\n\t<meta property=\"og:image:height\" content=\"500\" \/>\n\t<meta property=\"og:image:type\" content=\"image\/jpeg\" \/>\n<meta name=\"twitter:card\" content=\"summary_large_image\" \/>\n<meta name=\"twitter:label1\" content=\"Tiempo de lectura\" \/>\n\t<meta name=\"twitter:data1\" content=\"1 minuto\" \/>\n<script type=\"application\/ld+json\" class=\"yoast-schema-graph\">{\"@context\":\"https:\/\/schema.org\",\"@graph\":[{\"@type\":\"WebPage\",\"@id\":\"https:\/\/slewingbearings.com\/es\/product\/accionamiento-de-giro-ve-9\/\",\"url\":\"https:\/\/slewingbearings.com\/es\/product\/accionamiento-de-giro-ve-9\/\",\"name\":\"Accionamiento de giro VE-9 - ZZ Group\",\"isPartOf\":{\"@id\":\"https:\/\/slewingbearings.com\/#website\"},\"datePublished\":\"2024-01-21T03:48:53+00:00\",\"dateModified\":\"2024-01-21T03:48:53+00:00\",\"description\":\"El sistema de accionamiento giratorio vertical de la serie VE9 es un sistema mec\u00e1nico dise\u00f1ado para lograr la rotaci\u00f3n en direcci\u00f3n vertical.\",\"breadcrumb\":{\"@id\":\"https:\/\/slewingbearings.com\/es\/product\/accionamiento-de-giro-ve-9\/#breadcrumb\"},\"inLanguage\":\"es\",\"potentialAction\":[{\"@type\":\"ReadAction\",\"target\":[\"https:\/\/slewingbearings.com\/es\/product\/accionamiento-de-giro-ve-9\/\"]}]},{\"@type\":\"BreadcrumbList\",\"@id\":\"https:\/\/slewingbearings.com\/es\/product\/accionamiento-de-giro-ve-9\/#breadcrumb\",\"itemListElement\":[{\"@type\":\"ListItem\",\"position\":1,\"name\":\"Home\",\"item\":\"https:\/\/slewingbearings.com\/es\/rodamientogiratorio-accionamiento-giratorio\/\"},{\"@type\":\"ListItem\",\"position\":2,\"name\":\"Shop\",\"item\":\"https:\/\/slewingbearings.com\/shop\/\"},{\"@type\":\"ListItem\",\"position\":3,\"name\":\"Accionamiento de giro VE-9\"}]},{\"@type\":\"WebSite\",\"@id\":\"https:\/\/slewingbearings.com\/#website\",\"url\":\"https:\/\/slewingbearings.com\/\",\"name\":\"ZZ Group\",\"description\":\"Leading Slewing Bearings in China\",\"potentialAction\":[{\"@type\":\"SearchAction\",\"target\":{\"@type\":\"EntryPoint\",\"urlTemplate\":\"https:\/\/slewingbearings.com\/?s={search_term_string}\"},\"query-input\":\"required name=search_term_string\"}],\"inLanguage\":\"es\"}]}<\/script>\n<!-- \/ Yoast SEO plugin. -->","yoast_head_json":{"title":"Accionamiento de giro VE-9 - ZZ Group","description":"El sistema de accionamiento giratorio vertical de la serie VE9 es un sistema mec\u00e1nico dise\u00f1ado para lograr la rotaci\u00f3n en direcci\u00f3n vertical.","robots":{"index":"index","follow":"follow","max-snippet":"max-snippet:-1","max-image-preview":"max-image-preview:large","max-video-preview":"max-video-preview:-1"},"canonical":"https:\/\/slewingbearings.com\/es\/product\/accionamiento-de-giro-ve-9\/","og_locale":"es_ES","og_type":"article","og_title":"Accionamiento de giro VE-9 - ZZ Group","og_description":"El sistema de accionamiento giratorio vertical de la serie VE9 es un sistema mec\u00e1nico dise\u00f1ado para lograr la rotaci\u00f3n en direcci\u00f3n vertical.","og_url":"https:\/\/slewingbearings.com\/es\/product\/accionamiento-de-giro-ve-9\/","og_site_name":"ZZ Group","og_image":[{"width":500,"height":500,"url":"https:\/\/slewingbearings.com\/wp-content\/uploads\/2024\/01\/ve9-slew-drive.jpg","type":"image\/jpeg"}],"twitter_card":"summary_large_image","twitter_misc":{"Tiempo de lectura":"1 minuto"},"schema":{"@context":"https:\/\/schema.org","@graph":[{"@type":"WebPage","@id":"https:\/\/slewingbearings.com\/es\/product\/accionamiento-de-giro-ve-9\/","url":"https:\/\/slewingbearings.com\/es\/product\/accionamiento-de-giro-ve-9\/","name":"Accionamiento de giro VE-9 - ZZ Group","isPartOf":{"@id":"https:\/\/slewingbearings.com\/#website"},"datePublished":"2024-01-21T03:48:53+00:00","dateModified":"2024-01-21T03:48:53+00:00","description":"El sistema de accionamiento giratorio vertical de la serie VE9 es un sistema mec\u00e1nico dise\u00f1ado para lograr la rotaci\u00f3n en direcci\u00f3n vertical.","breadcrumb":{"@id":"https:\/\/slewingbearings.com\/es\/product\/accionamiento-de-giro-ve-9\/#breadcrumb"},"inLanguage":"es","potentialAction":[{"@type":"ReadAction","target":["https:\/\/slewingbearings.com\/es\/product\/accionamiento-de-giro-ve-9\/"]}]},{"@type":"BreadcrumbList","@id":"https:\/\/slewingbearings.com\/es\/product\/accionamiento-de-giro-ve-9\/#breadcrumb","itemListElement":[{"@type":"ListItem","position":1,"name":"Home","item":"https:\/\/slewingbearings.com\/es\/rodamientogiratorio-accionamiento-giratorio\/"},{"@type":"ListItem","position":2,"name":"Shop","item":"https:\/\/slewingbearings.com\/shop\/"},{"@type":"ListItem","position":3,"name":"Accionamiento de giro VE-9"}]},{"@type":"WebSite","@id":"https:\/\/slewingbearings.com\/#website","url":"https:\/\/slewingbearings.com\/","name":"ZZ Group","description":"Leading Slewing Bearings in China","potentialAction":[{"@type":"SearchAction","target":{"@type":"EntryPoint","urlTemplate":"https:\/\/slewingbearings.com\/?s={search_term_string}"},"query-input":"required name=search_term_string"}],"inLanguage":"es"}]}},"_links":{"self":[{"href":"https:\/\/slewingbearings.com\/es\/wp-json\/wp\/v2\/product\/11931","targetHints":{"allow":["GET"]}}],"collection":[{"href":"https:\/\/slewingbearings.com\/es\/wp-json\/wp\/v2\/product"}],"about":[{"href":"https:\/\/slewingbearings.com\/es\/wp-json\/wp\/v2\/types\/product"}],"replies":[{"embeddable":true,"href":"https:\/\/slewingbearings.com\/es\/wp-json\/wp\/v2\/comments?post=11931"}],"wp:featuredmedia":[{"embeddable":true,"href":"https:\/\/slewingbearings.com\/es\/wp-json\/wp\/v2\/media\/11932"}],"wp:attachment":[{"href":"https:\/\/slewingbearings.com\/es\/wp-json\/wp\/v2\/media?parent=11931"}],"wp:term":[{"taxonomy":"product_cat","embeddable":true,"href":"https:\/\/slewingbearings.com\/es\/wp-json\/wp\/v2\/product_cat?post=11931"},{"taxonomy":"product_tag","embeddable":true,"href":"https:\/\/slewingbearings.com\/es\/wp-json\/wp\/v2\/product_tag?post=11931"}],"curies":[{"name":"wp","href":"https:\/\/api.w.org\/{rel}","templated":true}]}}