{"id":11913,"date":"2024-01-21T06:43:06","date_gmt":"2024-01-21T06:43:06","guid":{"rendered":"https:\/\/slewingbearings.com\/product\/w-7-mecanismo-de-giro\/"},"modified":"2024-01-21T06:43:06","modified_gmt":"2024-01-21T06:43:06","slug":"w-7-mecanismo-de-giro","status":"publish","type":"product","link":"https:\/\/slewingbearings.com\/es\/product\/w-7-mecanismo-de-giro\/","title":{"rendered":"W-7 Mecanismo de giro"},"content":{"rendered":"<p>El sistema de accionamiento giratorio abierto es un sistema mec\u00e1nico de estructura abierta, utilizado principalmente para hacer girar equipos o herramientas en sentido horizontal. A diferencia de los dise\u00f1os cerrados, los componentes mec\u00e1nicos internos de los sistemas de accionamiento giratorio abierto son visibles desde el exterior, lo que proporciona algunas ventajas \u00fanicas en t\u00e9rminos de funcionamiento, mantenimiento y ense\u00f1anza. <\/p>\n<p>En primer lugar, el sistema de accionamiento de giro abierto ofrece una excelente visibilidad. Como la estructura interna es visible para los operarios o el personal de mantenimiento, pueden observar visualmente el funcionamiento del sistema de accionamiento. Esto es muy \u00fatil durante la localizaci\u00f3n de aver\u00edas, la supervisi\u00f3n diaria y el mantenimiento, lo que mejora la fiabilidad del sistema.  <\/p>\n<p>En segundo lugar, los accionamientos de giro abierto suelen adoptar un dise\u00f1o ligero. Para garantizar la visibilidad de los componentes mec\u00e1nicos internos, los sistemas tienden a ser m\u00e1s compactos y, en general, m\u00e1s ligeros. <\/p>\n\n<table id=\"tablepress-37\" class=\"tablepress tablepress-id-37\">\n<thead>\n<tr class=\"row-1\">\n\t<th class=\"column-1\">Model<\/th><th class=\"column-2\">Output Torque<\/th><th class=\"column-3\">Tilting Moment Torque<\/th><th class=\"column-4\">Holding Torque<\/th><th class=\"column-5\">Gear Ratio<\/th><th class=\"column-6\">Tracking Precision<\/th><th class=\"column-7\">Weight<\/th><th class=\"column-8\">Drawing<\/th>\n<\/tr>\n<\/thead>\n<tbody class=\"row-striping row-hover\">\n<tr class=\"row-2\">\n\t<td class=\"column-1\">W7<\/td><td class=\"column-2\">3.5 KN.m<\/td><td class=\"column-3\">14.2 KN.m<\/td><td class=\"column-4\">20 KN.m<\/td><td class=\"column-5\">47:1<\/td><td class=\"column-6\">\u22640.15\u00b0<\/td><td class=\"column-7\">29kg<\/td><td class=\"column-8\"><a href=\"https:\/\/slewingbearings.com\/wp-content\/uploads\/2024\/01\/W7-Slew-Drive-catalog.pdf\"><br \/>\n<img decoding=\"async\" src=\"https:\/\/slewingbearings.com\/wp-content\/uploads\/2024\/01\/pdf.png\" width=\"30\" height=\"30\"><\/a><\/td>\n<\/tr>\n<tr class=\"row-3\">\n\t<td class=\"column-1\">W7<\/td><td class=\"column-2\">2583 lbf.ft<\/td><td class=\"column-3\">10.5\u00d710\u00b3 lbf.ft<\/td><td class=\"column-4\">14.8\u00d710\u00b3 lbf.ft<\/td><td class=\"column-5\">47:1<\/td><td class=\"column-6\">\u22640.15\u00b0<\/td><td class=\"column-7\">29kg<\/td><td class=\"column-8\"><a href=\"https:\/\/slewingbearings.com\/wp-content\/uploads\/2024\/01\/W7-Slew-Drive-catalog.pdf\"><br \/>\n<img decoding=\"async\" src=\"https:\/\/slewingbearings.com\/wp-content\/uploads\/2024\/01\/pdf.png\" width=\"30\" height=\"30\"><\/a><\/td>\n<\/tr>\n<\/tbody>\n<\/table>\n<!-- #tablepress-37 from cache -->\n","protected":false},"excerpt":{"rendered":"<p>El sistema de accionamiento de giro abierto de la serie W funciona bien en algunos entornos especiales. Para escenarios que requieren el funcionamiento a temperaturas altas o bajas o en entornos corrosivos, los dise\u00f1os de estructura abierta pueden adaptarse m\u00e1s f\u00e1cilmente a estas condiciones extremas sin tener que preocuparse por da\u00f1os en la estructura sellada. <\/p>\n<p>Los sistemas de accionamiento de giro abierto se utilizan mucho con fines did\u00e1cticos y de demostraci\u00f3n. Su gran visibilidad los convierte en una herramienta ideal para demostrar principios mec\u00e1nicos, estructuras de transmisi\u00f3n y leyes de movimiento en centros de ense\u00f1anza y entornos de formaci\u00f3n. Los estudiantes pueden comprender mejor los conceptos b\u00e1sicos de la ingenier\u00eda mec\u00e1nica observando procesos operativos reales.  <\/p>\n<p>Adem\u00e1s, los sistemas de accionamiento de giro abiertos tambi\u00e9n desempe\u00f1an un papel importante en la investigaci\u00f3n y el desarrollo. Los investigadores necesitan a menudo observar y depurar sistemas mec\u00e1nicos en tiempo real, y la visibilidad es un factor clave. El dise\u00f1o abierto les proporciona un medio de observaci\u00f3n m\u00e1s intuitivo, que ayuda a identificar r\u00e1pidamente los problemas y optimizar el dise\u00f1o.  <\/p>\n","protected":false},"featured_media":11914,"comment_status":"open","ping_status":"closed","template":"","meta":{"content-type":""},"product_cat":[575,330],"product_tag":[655],"class_list":{"0":"post-11913","1":"product","2":"type-product","3":"status-publish","4":"has-post-thumbnail","6":"product_cat-accionamiento-de-giro-w","7":"product_cat-slew-drive-es","8":"product_tag-mecanismo-de-giro-w7","10":"first","11":"instock","12":"shipping-taxable","13":"product-type-simple"},"yoast_head":"<!-- This site is optimized with the Yoast SEO plugin v21.7 - https:\/\/yoast.com\/wordpress\/plugins\/seo\/ -->\n<title>W-7 Mecanismo de giro - ZZ Group<\/title>\n<meta name=\"description\" content=\"El accionamiento giratorio abierto de la serie W suele referirse a un sistema de accionamiento giratorio de estructura abierta, que se utiliza para realizar la rotaci\u00f3n horizontal de equipos.\" \/>\n<meta name=\"robots\" content=\"index, follow, max-snippet:-1, max-image-preview:large, max-video-preview:-1\" \/>\n<link rel=\"canonical\" href=\"https:\/\/slewingbearings.com\/es\/product\/w-7-mecanismo-de-giro\/\" \/>\n<meta property=\"og:locale\" content=\"es_ES\" \/>\n<meta property=\"og:type\" content=\"article\" \/>\n<meta property=\"og:title\" content=\"W-7 Mecanismo de giro - ZZ Group\" \/>\n<meta property=\"og:description\" content=\"El accionamiento giratorio abierto de la serie W suele referirse a un sistema de accionamiento giratorio de estructura abierta, que se utiliza para realizar la rotaci\u00f3n horizontal de equipos.\" \/>\n<meta property=\"og:url\" content=\"https:\/\/slewingbearings.com\/es\/product\/w-7-mecanismo-de-giro\/\" \/>\n<meta property=\"og:site_name\" content=\"ZZ Group\" \/>\n<meta property=\"og:image\" content=\"https:\/\/slewingbearings.com\/wp-content\/uploads\/2024\/01\/w7-slew-drive.jpg\" \/>\n\t<meta property=\"og:image:width\" content=\"500\" \/>\n\t<meta property=\"og:image:height\" content=\"500\" \/>\n\t<meta property=\"og:image:type\" content=\"image\/jpeg\" \/>\n<meta name=\"twitter:card\" content=\"summary_large_image\" \/>\n<meta name=\"twitter:label1\" content=\"Tiempo de lectura\" \/>\n\t<meta name=\"twitter:data1\" content=\"1 minuto\" \/>\n<script type=\"application\/ld+json\" class=\"yoast-schema-graph\">{\"@context\":\"https:\/\/schema.org\",\"@graph\":[{\"@type\":\"WebPage\",\"@id\":\"https:\/\/slewingbearings.com\/es\/product\/w-7-mecanismo-de-giro\/\",\"url\":\"https:\/\/slewingbearings.com\/es\/product\/w-7-mecanismo-de-giro\/\",\"name\":\"W-7 Mecanismo de giro - ZZ Group\",\"isPartOf\":{\"@id\":\"https:\/\/slewingbearings.com\/#website\"},\"datePublished\":\"2024-01-21T06:43:06+00:00\",\"dateModified\":\"2024-01-21T06:43:06+00:00\",\"description\":\"El accionamiento giratorio abierto de la serie W suele referirse a un sistema de accionamiento giratorio de estructura abierta, que se utiliza para realizar la rotaci\u00f3n horizontal de equipos.\",\"breadcrumb\":{\"@id\":\"https:\/\/slewingbearings.com\/es\/product\/w-7-mecanismo-de-giro\/#breadcrumb\"},\"inLanguage\":\"es\",\"potentialAction\":[{\"@type\":\"ReadAction\",\"target\":[\"https:\/\/slewingbearings.com\/es\/product\/w-7-mecanismo-de-giro\/\"]}]},{\"@type\":\"BreadcrumbList\",\"@id\":\"https:\/\/slewingbearings.com\/es\/product\/w-7-mecanismo-de-giro\/#breadcrumb\",\"itemListElement\":[{\"@type\":\"ListItem\",\"position\":1,\"name\":\"Home\",\"item\":\"https:\/\/slewingbearings.com\/es\/rodamientogiratorio-accionamiento-giratorio\/\"},{\"@type\":\"ListItem\",\"position\":2,\"name\":\"Shop\",\"item\":\"https:\/\/slewingbearings.com\/shop\/\"},{\"@type\":\"ListItem\",\"position\":3,\"name\":\"W-7 Mecanismo de giro\"}]},{\"@type\":\"WebSite\",\"@id\":\"https:\/\/slewingbearings.com\/#website\",\"url\":\"https:\/\/slewingbearings.com\/\",\"name\":\"ZZ Group\",\"description\":\"Leading Slewing Bearings in China\",\"potentialAction\":[{\"@type\":\"SearchAction\",\"target\":{\"@type\":\"EntryPoint\",\"urlTemplate\":\"https:\/\/slewingbearings.com\/?s={search_term_string}\"},\"query-input\":\"required name=search_term_string\"}],\"inLanguage\":\"es\"}]}<\/script>\n<!-- \/ Yoast SEO plugin. -->","yoast_head_json":{"title":"W-7 Mecanismo de giro - ZZ Group","description":"El accionamiento giratorio abierto de la serie W suele referirse a un sistema de accionamiento giratorio de estructura abierta, que se utiliza para realizar la rotaci\u00f3n horizontal de equipos.","robots":{"index":"index","follow":"follow","max-snippet":"max-snippet:-1","max-image-preview":"max-image-preview:large","max-video-preview":"max-video-preview:-1"},"canonical":"https:\/\/slewingbearings.com\/es\/product\/w-7-mecanismo-de-giro\/","og_locale":"es_ES","og_type":"article","og_title":"W-7 Mecanismo de giro - ZZ Group","og_description":"El accionamiento giratorio abierto de la serie W suele referirse a un sistema de accionamiento giratorio de estructura abierta, que se utiliza para realizar la rotaci\u00f3n horizontal de equipos.","og_url":"https:\/\/slewingbearings.com\/es\/product\/w-7-mecanismo-de-giro\/","og_site_name":"ZZ Group","og_image":[{"width":500,"height":500,"url":"https:\/\/slewingbearings.com\/wp-content\/uploads\/2024\/01\/w7-slew-drive.jpg","type":"image\/jpeg"}],"twitter_card":"summary_large_image","twitter_misc":{"Tiempo de lectura":"1 minuto"},"schema":{"@context":"https:\/\/schema.org","@graph":[{"@type":"WebPage","@id":"https:\/\/slewingbearings.com\/es\/product\/w-7-mecanismo-de-giro\/","url":"https:\/\/slewingbearings.com\/es\/product\/w-7-mecanismo-de-giro\/","name":"W-7 Mecanismo de giro - ZZ Group","isPartOf":{"@id":"https:\/\/slewingbearings.com\/#website"},"datePublished":"2024-01-21T06:43:06+00:00","dateModified":"2024-01-21T06:43:06+00:00","description":"El accionamiento giratorio abierto de la serie W suele referirse a un sistema de accionamiento giratorio de estructura abierta, que se utiliza para realizar la rotaci\u00f3n horizontal de equipos.","breadcrumb":{"@id":"https:\/\/slewingbearings.com\/es\/product\/w-7-mecanismo-de-giro\/#breadcrumb"},"inLanguage":"es","potentialAction":[{"@type":"ReadAction","target":["https:\/\/slewingbearings.com\/es\/product\/w-7-mecanismo-de-giro\/"]}]},{"@type":"BreadcrumbList","@id":"https:\/\/slewingbearings.com\/es\/product\/w-7-mecanismo-de-giro\/#breadcrumb","itemListElement":[{"@type":"ListItem","position":1,"name":"Home","item":"https:\/\/slewingbearings.com\/es\/rodamientogiratorio-accionamiento-giratorio\/"},{"@type":"ListItem","position":2,"name":"Shop","item":"https:\/\/slewingbearings.com\/shop\/"},{"@type":"ListItem","position":3,"name":"W-7 Mecanismo de giro"}]},{"@type":"WebSite","@id":"https:\/\/slewingbearings.com\/#website","url":"https:\/\/slewingbearings.com\/","name":"ZZ Group","description":"Leading Slewing Bearings in China","potentialAction":[{"@type":"SearchAction","target":{"@type":"EntryPoint","urlTemplate":"https:\/\/slewingbearings.com\/?s={search_term_string}"},"query-input":"required name=search_term_string"}],"inLanguage":"es"}]}},"_links":{"self":[{"href":"https:\/\/slewingbearings.com\/es\/wp-json\/wp\/v2\/product\/11913","targetHints":{"allow":["GET"]}}],"collection":[{"href":"https:\/\/slewingbearings.com\/es\/wp-json\/wp\/v2\/product"}],"about":[{"href":"https:\/\/slewingbearings.com\/es\/wp-json\/wp\/v2\/types\/product"}],"replies":[{"embeddable":true,"href":"https:\/\/slewingbearings.com\/es\/wp-json\/wp\/v2\/comments?post=11913"}],"wp:featuredmedia":[{"embeddable":true,"href":"https:\/\/slewingbearings.com\/es\/wp-json\/wp\/v2\/media\/11914"}],"wp:attachment":[{"href":"https:\/\/slewingbearings.com\/es\/wp-json\/wp\/v2\/media?parent=11913"}],"wp:term":[{"taxonomy":"product_cat","embeddable":true,"href":"https:\/\/slewingbearings.com\/es\/wp-json\/wp\/v2\/product_cat?post=11913"},{"taxonomy":"product_tag","embeddable":true,"href":"https:\/\/slewingbearings.com\/es\/wp-json\/wp\/v2\/product_tag?post=11913"}],"curies":[{"name":"wp","href":"https:\/\/api.w.org\/{rel}","templated":true}]}}