{"id":11903,"date":"2024-01-28T01:24:16","date_gmt":"2024-01-28T01:24:16","guid":{"rendered":"https:\/\/slewingbearings.com\/product\/accionamiento-de-giro-w-12\/"},"modified":"2024-01-28T01:24:16","modified_gmt":"2024-01-28T01:24:16","slug":"accionamiento-de-giro-w-12","status":"publish","type":"product","link":"https:\/\/slewingbearings.com\/es\/product\/accionamiento-de-giro-w-12\/","title":{"rendered":"Accionamiento de giro W-12"},"content":{"rendered":"<p>Accionamiento giratorio W-12,El sistema de accionamiento giratorio abierto es un sistema mec\u00e1nico con una estructura abierta, utilizado principalmente para girar equipos o herramientas en direcci\u00f3n horizontal. A diferencia de los dise\u00f1os cerrados, los componentes mec\u00e1nicos internos de los sistemas de accionamiento giratorio abierto son visibles desde el exterior, lo que proporciona algunas ventajas \u00fanicas en t\u00e9rminos de funcionamiento, mantenimiento y ense\u00f1anza. <\/p>\n<p>El mecanismo de giro abierto es un sistema de transmisi\u00f3n de engranajes abierto, que tiene caracter\u00edsticas \u00fanicas en comparaci\u00f3n con el sistema de transmisi\u00f3n cerrado. En primer lugar, el dise\u00f1o abierto proporciona una buena visibilidad, con engranajes internos y componentes de transmisi\u00f3n visibles para el observador. Esto permite al personal de mantenimiento comprobar f\u00e1cilmente el estado de funcionamiento del sistema, ayuda a detectar y solucionar problemas a tiempo y mejora la comodidad del mantenimiento.  <\/p>\n\n<table id=\"tablepress-39\" class=\"tablepress tablepress-id-39\">\n<thead>\n<tr class=\"row-1\">\n\t<th class=\"column-1\">Model<\/th><th class=\"column-2\">Output Torque<\/th><th class=\"column-3\">Tilting Moment Torque<\/th><th class=\"column-4\">Holding Torque<\/th><th class=\"column-5\">Gear Ratio<\/th><th class=\"column-6\">Tracking Precision<\/th><th class=\"column-7\">Weight<\/th><th class=\"column-8\">Drawing<\/th>\n<\/tr>\n<\/thead>\n<tbody class=\"row-striping row-hover\">\n<tr class=\"row-2\">\n\t<td class=\"column-1\">W12<\/td><td class=\"column-2\">9.5 KN.m<\/td><td class=\"column-3\">57 KN.m<\/td><td class=\"column-4\">43 KN.m<\/td><td class=\"column-5\">79:1<\/td><td class=\"column-6\">\u22640.15\u00b0<\/td><td class=\"column-7\">52kg<\/td><td class=\"column-8\"><a href=\"https:\/\/slewingbearings.com\/wp-content\/uploads\/2024\/01\/W12-Slew-Drive-catalog.pdf\"><br \/>\n<img decoding=\"async\" src=\"https:\/\/slewingbearings.com\/wp-content\/uploads\/2024\/01\/pdf.png\" width=\"30\" height=\"30\"><\/a><\/td>\n<\/tr>\n<tr class=\"row-3\">\n\t<td class=\"column-1\">W12<\/td><td class=\"column-2\">7011 lbf.ft<\/td><td class=\"column-3\">42.1\u00d710\u00b3 lbf.ft<\/td><td class=\"column-4\">32\u00d710\u00b3 lbf.ft<\/td><td class=\"column-5\">79:1<\/td><td class=\"column-6\">\u22640.15\u00b0<\/td><td class=\"column-7\">52kg<\/td><td class=\"column-8\"><a href=\"https:\/\/slewingbearings.com\/wp-content\/uploads\/2024\/01\/W12-Slew-Drive-catalog.pdf\"><br \/>\n<img decoding=\"async\" src=\"https:\/\/slewingbearings.com\/wp-content\/uploads\/2024\/01\/pdf.png\" width=\"30\" height=\"30\"><\/a><\/td>\n<\/tr>\n<\/tbody>\n<\/table>\n<!-- #tablepress-39 from cache -->\n","protected":false},"excerpt":{"rendered":"<p>Adem\u00e1s, los accionamientos de giro abierto son relativamente rentables. Su dise\u00f1o relativamente sencillo y sus costes de fabricaci\u00f3n e instalaci\u00f3n relativamente bajos hacen que los dise\u00f1os de tipo abierto sean m\u00e1s competitivos en algunas aplicaciones sensibles a los costes . <\/p>\n<p>Sin embargo, hay que tener en cuenta que el dise\u00f1o abierto puede ser m\u00e1s adecuado para algunas ocasiones que no tienen requisitos medioambientales estrictos, porque es relativamente sensible al entorno exterior y puede contaminarse f\u00e1cilmente. A la hora de seleccionar el tipo de accionamiento de giro, hay que hacer concesiones y consideraciones basadas en escenarios y necesidades de aplicaci\u00f3n espec\u00edficos. <\/p>\n<p>Adem\u00e1s, los sistemas de accionamiento de giro abiertos tambi\u00e9n desempe\u00f1an un papel importante en la investigaci\u00f3n y el desarrollo. Los investigadores necesitan a menudo observar y depurar sistemas mec\u00e1nicos en tiempo real, y la visibilidad es un factor clave. El dise\u00f1o abierto les proporciona un medio de observaci\u00f3n m\u00e1s intuitivo, que ayuda a identificar r\u00e1pidamente los problemas y optimizar el dise\u00f1o.  <\/p>\n","protected":false},"featured_media":11904,"comment_status":"open","ping_status":"closed","template":"","meta":{"content-type":""},"product_cat":[575,330],"product_tag":[647],"class_list":{"0":"post-11903","1":"product","2":"type-product","3":"status-publish","4":"has-post-thumbnail","6":"product_cat-accionamiento-de-giro-w","7":"product_cat-slew-drive-es","8":"product_tag-mecanismo-de-giro-w12","10":"first","11":"instock","12":"shipping-taxable","13":"product-type-simple"},"yoast_head":"<!-- This site is optimized with the Yoast SEO plugin v21.7 - https:\/\/yoast.com\/wordpress\/plugins\/seo\/ -->\n<title>Accionamiento de giro W-12 - ZZ Group<\/title>\n<meta name=\"description\" content=\"El accionamiento giratorio abierto W-12 suele referirse a un sistema de accionamiento giratorio de estructura abierta, que se utiliza para realizar la rotaci\u00f3n horizontal de equipos.\" \/>\n<meta name=\"robots\" content=\"index, follow, max-snippet:-1, max-image-preview:large, max-video-preview:-1\" \/>\n<link rel=\"canonical\" href=\"https:\/\/slewingbearings.com\/es\/product\/accionamiento-de-giro-w-12\/\" \/>\n<meta property=\"og:locale\" content=\"es_ES\" \/>\n<meta property=\"og:type\" content=\"article\" \/>\n<meta property=\"og:title\" content=\"Accionamiento de giro W-12 - ZZ Group\" \/>\n<meta property=\"og:description\" content=\"El accionamiento giratorio abierto W-12 suele referirse a un sistema de accionamiento giratorio de estructura abierta, que se utiliza para realizar la rotaci\u00f3n horizontal de equipos.\" \/>\n<meta property=\"og:url\" content=\"https:\/\/slewingbearings.com\/es\/product\/accionamiento-de-giro-w-12\/\" \/>\n<meta property=\"og:site_name\" content=\"ZZ Group\" \/>\n<meta property=\"og:image\" content=\"https:\/\/slewingbearings.com\/wp-content\/uploads\/2024\/01\/w12-slew-drive.jpg\" \/>\n\t<meta property=\"og:image:width\" content=\"500\" \/>\n\t<meta property=\"og:image:height\" content=\"500\" \/>\n\t<meta property=\"og:image:type\" content=\"image\/jpeg\" \/>\n<meta name=\"twitter:card\" content=\"summary_large_image\" \/>\n<meta name=\"twitter:label1\" content=\"Tiempo de lectura\" \/>\n\t<meta name=\"twitter:data1\" content=\"1 minuto\" \/>\n<script type=\"application\/ld+json\" class=\"yoast-schema-graph\">{\"@context\":\"https:\/\/schema.org\",\"@graph\":[{\"@type\":\"WebPage\",\"@id\":\"https:\/\/slewingbearings.com\/es\/product\/accionamiento-de-giro-w-12\/\",\"url\":\"https:\/\/slewingbearings.com\/es\/product\/accionamiento-de-giro-w-12\/\",\"name\":\"Accionamiento de giro W-12 - ZZ Group\",\"isPartOf\":{\"@id\":\"https:\/\/slewingbearings.com\/#website\"},\"datePublished\":\"2024-01-28T01:24:16+00:00\",\"dateModified\":\"2024-01-28T01:24:16+00:00\",\"description\":\"El accionamiento giratorio abierto W-12 suele referirse a un sistema de accionamiento giratorio de estructura abierta, que se utiliza para realizar la rotaci\u00f3n horizontal de equipos.\",\"breadcrumb\":{\"@id\":\"https:\/\/slewingbearings.com\/es\/product\/accionamiento-de-giro-w-12\/#breadcrumb\"},\"inLanguage\":\"es\",\"potentialAction\":[{\"@type\":\"ReadAction\",\"target\":[\"https:\/\/slewingbearings.com\/es\/product\/accionamiento-de-giro-w-12\/\"]}]},{\"@type\":\"BreadcrumbList\",\"@id\":\"https:\/\/slewingbearings.com\/es\/product\/accionamiento-de-giro-w-12\/#breadcrumb\",\"itemListElement\":[{\"@type\":\"ListItem\",\"position\":1,\"name\":\"Home\",\"item\":\"https:\/\/slewingbearings.com\/es\/rodamientogiratorio-accionamiento-giratorio\/\"},{\"@type\":\"ListItem\",\"position\":2,\"name\":\"Shop\",\"item\":\"https:\/\/slewingbearings.com\/shop\/\"},{\"@type\":\"ListItem\",\"position\":3,\"name\":\"Accionamiento de giro W-12\"}]},{\"@type\":\"WebSite\",\"@id\":\"https:\/\/slewingbearings.com\/#website\",\"url\":\"https:\/\/slewingbearings.com\/\",\"name\":\"ZZ Group\",\"description\":\"Leading Slewing Bearings in China\",\"potentialAction\":[{\"@type\":\"SearchAction\",\"target\":{\"@type\":\"EntryPoint\",\"urlTemplate\":\"https:\/\/slewingbearings.com\/?s={search_term_string}\"},\"query-input\":\"required name=search_term_string\"}],\"inLanguage\":\"es\"}]}<\/script>\n<!-- \/ Yoast SEO plugin. -->","yoast_head_json":{"title":"Accionamiento de giro W-12 - ZZ Group","description":"El accionamiento giratorio abierto W-12 suele referirse a un sistema de accionamiento giratorio de estructura abierta, que se utiliza para realizar la rotaci\u00f3n horizontal de equipos.","robots":{"index":"index","follow":"follow","max-snippet":"max-snippet:-1","max-image-preview":"max-image-preview:large","max-video-preview":"max-video-preview:-1"},"canonical":"https:\/\/slewingbearings.com\/es\/product\/accionamiento-de-giro-w-12\/","og_locale":"es_ES","og_type":"article","og_title":"Accionamiento de giro W-12 - ZZ Group","og_description":"El accionamiento giratorio abierto W-12 suele referirse a un sistema de accionamiento giratorio de estructura abierta, que se utiliza para realizar la rotaci\u00f3n horizontal de equipos.","og_url":"https:\/\/slewingbearings.com\/es\/product\/accionamiento-de-giro-w-12\/","og_site_name":"ZZ Group","og_image":[{"width":500,"height":500,"url":"https:\/\/slewingbearings.com\/wp-content\/uploads\/2024\/01\/w12-slew-drive.jpg","type":"image\/jpeg"}],"twitter_card":"summary_large_image","twitter_misc":{"Tiempo de lectura":"1 minuto"},"schema":{"@context":"https:\/\/schema.org","@graph":[{"@type":"WebPage","@id":"https:\/\/slewingbearings.com\/es\/product\/accionamiento-de-giro-w-12\/","url":"https:\/\/slewingbearings.com\/es\/product\/accionamiento-de-giro-w-12\/","name":"Accionamiento de giro W-12 - ZZ Group","isPartOf":{"@id":"https:\/\/slewingbearings.com\/#website"},"datePublished":"2024-01-28T01:24:16+00:00","dateModified":"2024-01-28T01:24:16+00:00","description":"El accionamiento giratorio abierto W-12 suele referirse a un sistema de accionamiento giratorio de estructura abierta, que se utiliza para realizar la rotaci\u00f3n horizontal de equipos.","breadcrumb":{"@id":"https:\/\/slewingbearings.com\/es\/product\/accionamiento-de-giro-w-12\/#breadcrumb"},"inLanguage":"es","potentialAction":[{"@type":"ReadAction","target":["https:\/\/slewingbearings.com\/es\/product\/accionamiento-de-giro-w-12\/"]}]},{"@type":"BreadcrumbList","@id":"https:\/\/slewingbearings.com\/es\/product\/accionamiento-de-giro-w-12\/#breadcrumb","itemListElement":[{"@type":"ListItem","position":1,"name":"Home","item":"https:\/\/slewingbearings.com\/es\/rodamientogiratorio-accionamiento-giratorio\/"},{"@type":"ListItem","position":2,"name":"Shop","item":"https:\/\/slewingbearings.com\/shop\/"},{"@type":"ListItem","position":3,"name":"Accionamiento de giro W-12"}]},{"@type":"WebSite","@id":"https:\/\/slewingbearings.com\/#website","url":"https:\/\/slewingbearings.com\/","name":"ZZ Group","description":"Leading Slewing Bearings in China","potentialAction":[{"@type":"SearchAction","target":{"@type":"EntryPoint","urlTemplate":"https:\/\/slewingbearings.com\/?s={search_term_string}"},"query-input":"required name=search_term_string"}],"inLanguage":"es"}]}},"_links":{"self":[{"href":"https:\/\/slewingbearings.com\/es\/wp-json\/wp\/v2\/product\/11903","targetHints":{"allow":["GET"]}}],"collection":[{"href":"https:\/\/slewingbearings.com\/es\/wp-json\/wp\/v2\/product"}],"about":[{"href":"https:\/\/slewingbearings.com\/es\/wp-json\/wp\/v2\/types\/product"}],"replies":[{"embeddable":true,"href":"https:\/\/slewingbearings.com\/es\/wp-json\/wp\/v2\/comments?post=11903"}],"wp:featuredmedia":[{"embeddable":true,"href":"https:\/\/slewingbearings.com\/es\/wp-json\/wp\/v2\/media\/11904"}],"wp:attachment":[{"href":"https:\/\/slewingbearings.com\/es\/wp-json\/wp\/v2\/media?parent=11903"}],"wp:term":[{"taxonomy":"product_cat","embeddable":true,"href":"https:\/\/slewingbearings.com\/es\/wp-json\/wp\/v2\/product_cat?post=11903"},{"taxonomy":"product_tag","embeddable":true,"href":"https:\/\/slewingbearings.com\/es\/wp-json\/wp\/v2\/product_tag?post=11903"}],"curies":[{"name":"wp","href":"https:\/\/api.w.org\/{rel}","templated":true}]}}