{"id":11825,"date":"2024-01-21T00:25:27","date_gmt":"2024-01-21T00:25:27","guid":{"rendered":"https:\/\/slewingbearings.com\/product\/accionamiento-gir-atorio-sea-9\/"},"modified":"2024-01-21T00:25:27","modified_gmt":"2024-01-21T00:25:27","slug":"accionamiento-gir-atorio-sea-9","status":"publish","type":"product","link":"https:\/\/slewingbearings.com\/es\/product\/accionamiento-gir-atorio-sea-9\/","title":{"rendered":"Accionamiento gir atorio SEA-9"},"content":{"rendered":"<p>Los sistemas de transmisi\u00f3n de giro en maquinaria agr\u00edcola se utilizan a menudo para proporcionar la capacidad de girar equipos o herramientas en sentido horizontal. Este tipo de dise\u00f1o puede aumentar la flexibilidad de la maquinaria agr\u00edcola, facilitando su adaptaci\u00f3n a diferentes entornos de trabajo y tareas. Estas son algunas caracter\u00edsticas comunes de los accionamientos oscilantes de la maquinaria agr\u00edcola:  <\/p>\n<ul>\n<li>Capacidad de rotaci\u00f3n de 360 grados: Permite que el equipo gire completamente en horizontal, lo que proporciona un rango de trabajo m\u00e1s amplio y reduce la frecuencia con la que es necesario mover todo el equipo mec\u00e1nico.<\/li>\n<li>Posicionamiento preciso: Los sistemas de accionamiento rotativo suelen estar dise\u00f1ados para posicionar los equipos con precisi\u00f3n, lo que permite a los operarios colocar f\u00e1cilmente las herramientas o los equipos donde se necesitan.<\/li>\n<li>Mayor eficacia: Con la maquinaria agr\u00edcola con accionamiento giratorio, los operadores pueden ajustar su posici\u00f3n de trabajo m\u00e1s r\u00e1pidamente, aumentando as\u00ed la eficiencia del trabajo.<\/li>\n<\/ul>\n\n<table id=\"tablepress-25\" class=\"tablepress tablepress-id-25\">\n<thead>\n<tr class=\"row-1\">\n\t<th class=\"column-1\">Model<\/th><th class=\"column-2\">Output Torque<\/th><th class=\"column-3\">Tilting Moment Torque<\/th><th class=\"column-4\">Holding Torque<\/th><th class=\"column-5\">Gear Ratio<\/th><th class=\"column-6\">Tracking Precision<\/th><th class=\"column-7\">Weight<\/th><th class=\"column-8\">Drawing<\/th>\n<\/tr>\n<\/thead>\n<tbody class=\"row-striping row-hover\">\n<tr class=\"row-2\">\n\t<td class=\"column-1\">SEA9<\/td><td class=\"column-2\">6.5 KN.m<\/td><td class=\"column-3\">33.9 KN.m<\/td><td class=\"column-4\">34.5 KN.m<\/td><td class=\"column-5\">61:1<\/td><td class=\"column-6\">\u22640.17\u00b0<\/td><td class=\"column-7\">48kg<\/td><td class=\"column-8\"><a href=\"https:\/\/slewingbearings.com\/wp-content\/uploads\/2024\/01\/SEA9-Slew-Drive-catalog.pdf\"><br \/>\n<img decoding=\"async\" src=\"https:\/\/slewingbearings.com\/wp-content\/uploads\/2024\/01\/pdf.png\" width=\"30\" height=\"30\"><\/a><\/td>\n<\/tr>\n<tr class=\"row-3\">\n\t<td class=\"column-1\">SEA9<\/td><td class=\"column-2\">4794 lbf.ft<\/td><td class=\"column-3\">25\u00d710\u00b3 lbf.ft<\/td><td class=\"column-4\">25.5\u00d710\u00b3 lbf.ft<\/td><td class=\"column-5\">61:1<\/td><td class=\"column-6\">\u22640.17\u00b0<\/td><td class=\"column-7\">48kg<\/td><td class=\"column-8\"><a href=\"https:\/\/slewingbearings.com\/wp-content\/uploads\/2024\/01\/SEA9-Slew-Drive-catalog.pdf\"><br \/>\n<img decoding=\"async\" src=\"https:\/\/slewingbearings.com\/wp-content\/uploads\/2024\/01\/pdf.png\" width=\"30\" height=\"30\"><\/a><\/td>\n<\/tr>\n<tr class=\"row-4\">\n\t<td class=\"column-1\">PEA9<\/td><td class=\"column-2\">6.5 KN.m<\/td><td class=\"column-3\">33.9 KN.m<\/td><td class=\"column-4\">34.5 KN.m<\/td><td class=\"column-5\">61:1<\/td><td class=\"column-6\">\u22640.09\u00b0<\/td><td class=\"column-7\">48kg<\/td><td class=\"column-8\"><a href=\"https:\/\/slewingbearings.com\/wp-content\/uploads\/2024\/01\/SEA9-Slew-Drive-catalog.pdf\"><br \/>\n<img decoding=\"async\" src=\"https:\/\/slewingbearings.com\/wp-content\/uploads\/2024\/01\/pdf.png\" width=\"30\" height=\"30\"><\/a><\/td>\n<\/tr>\n<tr class=\"row-5\">\n\t<td class=\"column-1\">PEA9<\/td><td class=\"column-2\">4794 lbf.ft<\/td><td class=\"column-3\">25\u00d710\u00b3 lbf.ft<\/td><td class=\"column-4\">25.5\u00d710\u00b3 lbf.ft<\/td><td class=\"column-5\">61:1<\/td><td class=\"column-6\">\u22640.09\u00b0<\/td><td class=\"column-7\">48kg<\/td><td class=\"column-8\"><a href=\"https:\/\/slewingbearings.com\/wp-content\/uploads\/2024\/01\/SEA9-Slew-Drive-catalog.pdf\"><br \/>\n<img decoding=\"async\" src=\"https:\/\/slewingbearings.com\/wp-content\/uploads\/2024\/01\/pdf.png\" width=\"30\" height=\"30\"><\/a><\/td>\n<\/tr>\n<\/tbody>\n<\/table>\n<!-- #tablepress-25 from cache -->\n","protected":false},"excerpt":{"rendered":"<p>&nbsp;<\/p>\n<p>El dispositivo de accionamiento giratorio de la serie SEA integra de forma inteligente componentes como el eje vertical, el accionamiento el\u00e9ctrico, el sistema de transmisi\u00f3n, el sistema de control y el dispositivo de seguridad mediante un dise\u00f1o estructural razonable, proporcionando una soluci\u00f3n eficaz, controlable y segura para la rotaci\u00f3n en sentido vertical. plan. <\/p>\n<p>El mecanismo de giro totalmente cerrado de la serie SEA suele referirse a un mecanismo giratorio que est\u00e1 completamente encerrado en el entorno externo. Los componentes clave dentro del mecanismo est\u00e1n protegidos y no son susceptibles a factores externos como el polvo, la humedad, la corrosi\u00f3n, etc. Este dise\u00f1o es habitual en diversas aplicaciones industriales y mec\u00e1nicas, como la construcci\u00f3n, la miner\u00eda, la agricultura, los equipos portuarios, etc.  <\/p>\n","protected":false},"featured_media":11826,"comment_status":"open","ping_status":"closed","template":"","meta":{"content-type":""},"product_cat":[596,330],"product_tag":[597],"class_list":{"0":"post-11825","1":"product","2":"type-product","3":"status-publish","4":"has-post-thumbnail","6":"product_cat-accionamiento-gir-atorio-sea-pea","7":"product_cat-slew-drive-es","8":"product_tag-mecanismo-de-giro-sea9","10":"first","11":"instock","12":"shipping-taxable","13":"product-type-simple"},"yoast_head":"<!-- This site is optimized with the Yoast SEO plugin v21.7 - https:\/\/yoast.com\/wordpress\/plugins\/seo\/ -->\n<title>Accionamiento gir atorio SEA-9 - ZZ Group<\/title>\n<meta name=\"description\" content=\"Un mecanismo de giro Sea9 es un equipo de ingenier\u00eda dise\u00f1ado normalmente para hacer girar un objeto o sistema en sentido horizontal o vertical.\" \/>\n<meta name=\"robots\" content=\"index, follow, max-snippet:-1, max-image-preview:large, max-video-preview:-1\" \/>\n<link rel=\"canonical\" href=\"https:\/\/slewingbearings.com\/product\/sea-9-slew-drive\/\" \/>\n<meta property=\"og:locale\" content=\"es_ES\" \/>\n<meta property=\"og:type\" content=\"article\" \/>\n<meta property=\"og:title\" content=\"Accionamiento gir atorio SEA-9 - ZZ Group\" \/>\n<meta property=\"og:description\" content=\"Un mecanismo de giro Sea9 es un equipo de ingenier\u00eda dise\u00f1ado normalmente para hacer girar un objeto o sistema en sentido horizontal o vertical.\" \/>\n<meta property=\"og:url\" content=\"https:\/\/slewingbearings.com\/product\/sea-9-slew-drive\/\" \/>\n<meta property=\"og:site_name\" content=\"ZZ Group\" \/>\n<meta property=\"og:image\" content=\"https:\/\/slewingbearings.com\/wp-content\/uploads\/2024\/01\/sea9-slew-drive.jpg\" \/>\n\t<meta property=\"og:image:width\" content=\"500\" \/>\n\t<meta property=\"og:image:height\" content=\"500\" \/>\n\t<meta property=\"og:image:type\" content=\"image\/jpeg\" \/>\n<meta name=\"twitter:card\" content=\"summary_large_image\" \/>\n<meta name=\"twitter:label1\" content=\"Tiempo de lectura\" \/>\n\t<meta name=\"twitter:data1\" content=\"1 minuto\" \/>\n<script type=\"application\/ld+json\" class=\"yoast-schema-graph\">{\"@context\":\"https:\/\/schema.org\",\"@graph\":[{\"@type\":\"WebPage\",\"@id\":\"https:\/\/slewingbearings.com\/product\/sea-9-slew-drive\/\",\"url\":\"https:\/\/slewingbearings.com\/product\/sea-9-slew-drive\/\",\"name\":\"Accionamiento gir atorio SEA-9 - ZZ Group\",\"isPartOf\":{\"@id\":\"https:\/\/slewingbearings.com\/#website\"},\"datePublished\":\"2024-01-21T00:25:27+00:00\",\"dateModified\":\"2024-01-21T00:25:27+00:00\",\"description\":\"Un mecanismo de giro Sea9 es un equipo de ingenier\u00eda dise\u00f1ado normalmente para hacer girar un objeto o sistema en sentido horizontal o vertical.\",\"breadcrumb\":{\"@id\":\"https:\/\/slewingbearings.com\/product\/sea-9-slew-drive\/#breadcrumb\"},\"inLanguage\":\"es\",\"potentialAction\":[{\"@type\":\"ReadAction\",\"target\":[\"https:\/\/slewingbearings.com\/product\/sea-9-slew-drive\/\"]}]},{\"@type\":\"BreadcrumbList\",\"@id\":\"https:\/\/slewingbearings.com\/product\/sea-9-slew-drive\/#breadcrumb\",\"itemListElement\":[{\"@type\":\"ListItem\",\"position\":1,\"name\":\"Home\",\"item\":\"https:\/\/slewingbearings.com\/es\/rodamientogiratorio-accionamiento-giratorio\/\"},{\"@type\":\"ListItem\",\"position\":2,\"name\":\"Shop\",\"item\":\"https:\/\/slewingbearings.com\/shop\/\"},{\"@type\":\"ListItem\",\"position\":3,\"name\":\"Accionamiento gir atorio SEA-9\"}]},{\"@type\":\"WebSite\",\"@id\":\"https:\/\/slewingbearings.com\/#website\",\"url\":\"https:\/\/slewingbearings.com\/\",\"name\":\"ZZ Group\",\"description\":\"Leading Slewing Bearings in China\",\"potentialAction\":[{\"@type\":\"SearchAction\",\"target\":{\"@type\":\"EntryPoint\",\"urlTemplate\":\"https:\/\/slewingbearings.com\/?s={search_term_string}\"},\"query-input\":\"required name=search_term_string\"}],\"inLanguage\":\"es\"}]}<\/script>\n<!-- \/ Yoast SEO plugin. -->","yoast_head_json":{"title":"Accionamiento gir atorio SEA-9 - ZZ Group","description":"Un mecanismo de giro Sea9 es un equipo de ingenier\u00eda dise\u00f1ado normalmente para hacer girar un objeto o sistema en sentido horizontal o vertical.","robots":{"index":"index","follow":"follow","max-snippet":"max-snippet:-1","max-image-preview":"max-image-preview:large","max-video-preview":"max-video-preview:-1"},"canonical":"https:\/\/slewingbearings.com\/product\/sea-9-slew-drive\/","og_locale":"es_ES","og_type":"article","og_title":"Accionamiento gir atorio SEA-9 - ZZ Group","og_description":"Un mecanismo de giro Sea9 es un equipo de ingenier\u00eda dise\u00f1ado normalmente para hacer girar un objeto o sistema en sentido horizontal o vertical.","og_url":"https:\/\/slewingbearings.com\/product\/sea-9-slew-drive\/","og_site_name":"ZZ Group","og_image":[{"width":500,"height":500,"url":"https:\/\/slewingbearings.com\/wp-content\/uploads\/2024\/01\/sea9-slew-drive.jpg","type":"image\/jpeg"}],"twitter_card":"summary_large_image","twitter_misc":{"Tiempo de lectura":"1 minuto"},"schema":{"@context":"https:\/\/schema.org","@graph":[{"@type":"WebPage","@id":"https:\/\/slewingbearings.com\/product\/sea-9-slew-drive\/","url":"https:\/\/slewingbearings.com\/product\/sea-9-slew-drive\/","name":"Accionamiento gir atorio SEA-9 - ZZ Group","isPartOf":{"@id":"https:\/\/slewingbearings.com\/#website"},"datePublished":"2024-01-21T00:25:27+00:00","dateModified":"2024-01-21T00:25:27+00:00","description":"Un mecanismo de giro Sea9 es un equipo de ingenier\u00eda dise\u00f1ado normalmente para hacer girar un objeto o sistema en sentido horizontal o vertical.","breadcrumb":{"@id":"https:\/\/slewingbearings.com\/product\/sea-9-slew-drive\/#breadcrumb"},"inLanguage":"es","potentialAction":[{"@type":"ReadAction","target":["https:\/\/slewingbearings.com\/product\/sea-9-slew-drive\/"]}]},{"@type":"BreadcrumbList","@id":"https:\/\/slewingbearings.com\/product\/sea-9-slew-drive\/#breadcrumb","itemListElement":[{"@type":"ListItem","position":1,"name":"Home","item":"https:\/\/slewingbearings.com\/es\/rodamientogiratorio-accionamiento-giratorio\/"},{"@type":"ListItem","position":2,"name":"Shop","item":"https:\/\/slewingbearings.com\/shop\/"},{"@type":"ListItem","position":3,"name":"Accionamiento gir atorio SEA-9"}]},{"@type":"WebSite","@id":"https:\/\/slewingbearings.com\/#website","url":"https:\/\/slewingbearings.com\/","name":"ZZ Group","description":"Leading Slewing Bearings in China","potentialAction":[{"@type":"SearchAction","target":{"@type":"EntryPoint","urlTemplate":"https:\/\/slewingbearings.com\/?s={search_term_string}"},"query-input":"required name=search_term_string"}],"inLanguage":"es"}]}},"_links":{"self":[{"href":"https:\/\/slewingbearings.com\/es\/wp-json\/wp\/v2\/product\/11825","targetHints":{"allow":["GET"]}}],"collection":[{"href":"https:\/\/slewingbearings.com\/es\/wp-json\/wp\/v2\/product"}],"about":[{"href":"https:\/\/slewingbearings.com\/es\/wp-json\/wp\/v2\/types\/product"}],"replies":[{"embeddable":true,"href":"https:\/\/slewingbearings.com\/es\/wp-json\/wp\/v2\/comments?post=11825"}],"wp:featuredmedia":[{"embeddable":true,"href":"https:\/\/slewingbearings.com\/es\/wp-json\/wp\/v2\/media\/11826"}],"wp:attachment":[{"href":"https:\/\/slewingbearings.com\/es\/wp-json\/wp\/v2\/media?parent=11825"}],"wp:term":[{"taxonomy":"product_cat","embeddable":true,"href":"https:\/\/slewingbearings.com\/es\/wp-json\/wp\/v2\/product_cat?post=11825"},{"taxonomy":"product_tag","embeddable":true,"href":"https:\/\/slewingbearings.com\/es\/wp-json\/wp\/v2\/product_tag?post=11825"}],"curies":[{"name":"wp","href":"https:\/\/api.w.org\/{rel}","templated":true}]}}