{"id":11818,"date":"2024-01-15T07:20:32","date_gmt":"2024-01-15T07:20:32","guid":{"rendered":"https:\/\/slewingbearings.com\/product\/sde-21-accionamiento-de-giro\/"},"modified":"2024-01-15T07:20:32","modified_gmt":"2024-01-15T07:20:32","slug":"sde-21-accionamiento-de-giro","status":"publish","type":"product","link":"https:\/\/slewingbearings.com\/es\/product\/sde-21-accionamiento-de-giro\/","title":{"rendered":"SDE-21 Accionamiento de giro"},"content":{"rendered":"<p>Un mecanismo de giro es un equipo de ingenier\u00eda dise\u00f1ado normalmente para hacer girar un objeto o sistema en sentido horizontal o vertical. Estos dispositivos se utilizan en una gran variedad de aplicaciones, como maquinaria industrial, sistemas de automatizaci\u00f3n, instrumentos de investigaci\u00f3n cient\u00edfica, dispositivos aeroespaciales, etc. A continuaci\u00f3n se describen las caracter\u00edsticas estructurales y funcionales generales del accionamiento rotativo:  <\/p>\n<ul>\n<li>Sistema de accionamiento el\u00e9ctrico o hidr\u00e1ulico: El coraz\u00f3n de un dispositivo de giro es su sistema de accionamiento. Puede utilizar motores el\u00e9ctricos, motores hidr\u00e1ulicos u otros tipos de mecanismos de accionamiento, eligi\u00e9ndose diferentes tipos de energ\u00eda en funci\u00f3n de los requisitos de la aplicaci\u00f3n. Este sistema se encarga de proporcionar la energ\u00eda para la rotaci\u00f3n.  <\/li>\n<li>Eje de rotaci\u00f3n: La unidad est\u00e1 equipada con uno o m\u00e1s ejes de rotaci\u00f3n, que est\u00e1n dispuestos en sentido horizontal o vertical, dependiendo del dise\u00f1o del dispositivo. El material y el dise\u00f1o estructural del eje deben ser lo suficientemente resistentes como para soportar las fuerzas y presiones del movimiento de rotaci\u00f3n. <\/li>\n<\/ul>\n\n<table id=\"tablepress-23\" class=\"tablepress tablepress-id-23\">\n<thead>\n<tr class=\"row-1\">\n\t<td class=\"column-1\"><\/td><th class=\"column-2\">Model<\/th><th class=\"column-3\">Output Torque<\/th><th class=\"column-4\">Tilting Moment Torque<\/th><th class=\"column-5\">Holding Torque<\/th><th class=\"column-6\">Gear Ratio<\/th><th class=\"column-7\">Tracking Precision<\/th><th class=\"column-8\">Weight<\/th><th class=\"column-9\">Drawing<\/th>\n<\/tr>\n<\/thead>\n<tbody class=\"row-striping row-hover\">\n<tr class=\"row-2\">\n\t<td class=\"column-1\">SDE21<\/td><td class=\"column-2\">Azimuth<\/td><td class=\"column-3\">40 KN.m<\/td><td class=\"column-4\">200 KN.m<\/td><td class=\"column-5\">105 KN.m<\/td><td class=\"column-6\">105:1<\/td><td class=\"column-7\">\u22640.2\u00b0<\/td><td class=\"column-8\">545kg<\/td><td class=\"column-9\"><a href=\"https:\/\/slewingbearings.com\/wp-content\/uploads\/2024\/01\/SDE21-Slew-Drive-catalog.pdf\"><br \/>\n<img decoding=\"async\" src=\"https:\/\/slewingbearings.com\/wp-content\/uploads\/2024\/01\/pdf.png\" width=\"30\" height=\"30\"><\/a><\/td>\n<\/tr>\n<tr class=\"row-3\">\n\t<td class=\"column-1\">SDE21<\/td><td class=\"column-2\">Azimuth<\/td><td class=\"column-3\">29520 lbf.ft<\/td><td class=\"column-4\">148\u00d710\u00b3 lbf.ft<\/td><td class=\"column-5\">77\u00d710\u00b3 lbf.ft<\/td><td class=\"column-6\">105:1<\/td><td class=\"column-7\">\u22640.2\u00b0<\/td><td class=\"column-8\">545kg<\/td><td class=\"column-9\"><a href=\"https:\/\/slewingbearings.com\/wp-content\/uploads\/2024\/01\/SDE21-Slew-Drive-catalog.pdf\"><br \/>\n<img decoding=\"async\" src=\"https:\/\/slewingbearings.com\/wp-content\/uploads\/2024\/01\/pdf.png\" width=\"30\" height=\"30\"><\/a><\/td>\n<\/tr>\n<tr class=\"row-4\">\n\t<td class=\"column-1\">SDE21<\/td><td class=\"column-2\">Elevation<\/td><td class=\"column-3\">43 KN.m<\/td><td class=\"column-4\">110 KN.m<\/td><td class=\"column-5\">100 KN.m<\/td><td class=\"column-6\">105:1<\/td><td class=\"column-7\">\u22640.2\u00b0<\/td><td class=\"column-8\">545kg<\/td><td class=\"column-9\"><a href=\"https:\/\/slewingbearings.com\/wp-content\/uploads\/2024\/01\/SDE21-Slew-Drive-catalog.pdf\"><br \/>\n<img decoding=\"async\" src=\"https:\/\/slewingbearings.com\/wp-content\/uploads\/2024\/01\/pdf.png\" width=\"30\" height=\"30\"><\/a><\/td>\n<\/tr>\n<tr class=\"row-5\">\n\t<td class=\"column-1\">SDE21<\/td><td class=\"column-2\">Elevation<\/td><td class=\"column-3\">31734 lbf.ft<\/td><td class=\"column-4\">81\u00d710\u00b3 lbf.ft<\/td><td class=\"column-5\">50\u00d710\u00b3 lbf.ft<\/td><td class=\"column-6\">105:1<\/td><td class=\"column-7\">\u22640.2\u00b0<\/td><td class=\"column-8\">545kg<\/td><td class=\"column-9\"><a href=\"https:\/\/slewingbearings.com\/wp-content\/uploads\/2024\/01\/SDE21-Slew-Drive-catalog.pdf\"><br \/>\n<img decoding=\"async\" src=\"https:\/\/slewingbearings.com\/wp-content\/uploads\/2024\/01\/pdf.png\" width=\"30\" height=\"30\"><\/a><\/td>\n<\/tr>\n<\/tbody>\n<\/table>\n<!-- #tablepress-23 from cache -->\n","protected":false},"excerpt":{"rendered":"<p>El dispositivo de accionamiento giratorio de la serie SDE integra de forma inteligente componentes como el eje vertical, el accionamiento el\u00e9ctrico, el sistema de transmisi\u00f3n, el sistema de control y el dispositivo de seguridad a trav\u00e9s de un dise\u00f1o estructural razonable, proporcionando una soluci\u00f3n eficiente, controlable y segura para la rotaci\u00f3n en direcci\u00f3n vertical&#8230;. <\/p>\n<p>El dise\u00f1o de estas caracter\u00edsticas estructurales puede personalizarse seg\u00fan las necesidades de aplicaciones espec\u00edficas, lo que garantiza que el accionamiento de giro vertical pueda funcionar eficazmente en el entorno y la tarea espec\u00edficos.<\/p>\n","protected":false},"featured_media":11737,"comment_status":"open","ping_status":"closed","template":"","meta":{"content-type":""},"product_cat":[520,330],"product_tag":[589],"class_list":{"0":"post-11818","1":"product","2":"type-product","3":"status-publish","4":"has-post-thumbnail","6":"product_cat-mecanismo-de-girosde","7":"product_cat-slew-drive-es","8":"product_tag-sde21-mecanismo-de-giro","10":"first","11":"instock","12":"shipping-taxable","13":"product-type-simple"},"yoast_head":"<!-- This site is optimized with the Yoast SEO plugin v21.7 - https:\/\/yoast.com\/wordpress\/plugins\/seo\/ -->\n<title>SDE-21 Accionamiento de giro - ZZ Group<\/title>\n<meta name=\"description\" content=\"Un mecanismo de giro SDE21 es un equipo de ingenier\u00eda dise\u00f1ado normalmente para hacer girar un objeto o sistema en direcci\u00f3n horizontal o vertical.\" \/>\n<meta name=\"robots\" content=\"index, follow, max-snippet:-1, max-image-preview:large, max-video-preview:-1\" \/>\n<link rel=\"canonical\" href=\"https:\/\/slewingbearings.com\/product\/sde-21-slew-drive\/\" \/>\n<meta property=\"og:locale\" content=\"es_ES\" \/>\n<meta property=\"og:type\" content=\"article\" \/>\n<meta property=\"og:title\" content=\"SDE-21 Accionamiento de giro - ZZ Group\" \/>\n<meta property=\"og:description\" content=\"Un mecanismo de giro SDE21 es un equipo de ingenier\u00eda dise\u00f1ado normalmente para hacer girar un objeto o sistema en direcci\u00f3n horizontal o vertical.\" \/>\n<meta property=\"og:url\" content=\"https:\/\/slewingbearings.com\/product\/sde-21-slew-drive\/\" \/>\n<meta property=\"og:site_name\" content=\"ZZ Group\" \/>\n<meta property=\"og:image\" content=\"https:\/\/slewingbearings.com\/wp-content\/uploads\/2024\/01\/sde21-slew-drive.jpg\" \/>\n\t<meta property=\"og:image:width\" content=\"500\" \/>\n\t<meta property=\"og:image:height\" content=\"500\" \/>\n\t<meta property=\"og:image:type\" content=\"image\/jpeg\" \/>\n<meta name=\"twitter:card\" content=\"summary_large_image\" \/>\n<meta name=\"twitter:label1\" content=\"Tiempo de lectura\" \/>\n\t<meta name=\"twitter:data1\" content=\"1 minuto\" \/>\n<script type=\"application\/ld+json\" class=\"yoast-schema-graph\">{\"@context\":\"https:\/\/schema.org\",\"@graph\":[{\"@type\":\"WebPage\",\"@id\":\"https:\/\/slewingbearings.com\/product\/sde-21-slew-drive\/\",\"url\":\"https:\/\/slewingbearings.com\/product\/sde-21-slew-drive\/\",\"name\":\"SDE-21 Accionamiento de giro - ZZ Group\",\"isPartOf\":{\"@id\":\"https:\/\/slewingbearings.com\/#website\"},\"datePublished\":\"2024-01-15T07:20:32+00:00\",\"dateModified\":\"2024-01-15T07:20:32+00:00\",\"description\":\"Un mecanismo de giro SDE21 es un equipo de ingenier\u00eda dise\u00f1ado normalmente para hacer girar un objeto o sistema en direcci\u00f3n horizontal o vertical.\",\"breadcrumb\":{\"@id\":\"https:\/\/slewingbearings.com\/product\/sde-21-slew-drive\/#breadcrumb\"},\"inLanguage\":\"es\",\"potentialAction\":[{\"@type\":\"ReadAction\",\"target\":[\"https:\/\/slewingbearings.com\/product\/sde-21-slew-drive\/\"]}]},{\"@type\":\"BreadcrumbList\",\"@id\":\"https:\/\/slewingbearings.com\/product\/sde-21-slew-drive\/#breadcrumb\",\"itemListElement\":[{\"@type\":\"ListItem\",\"position\":1,\"name\":\"Home\",\"item\":\"https:\/\/slewingbearings.com\/es\/rodamientogiratorio-accionamiento-giratorio\/\"},{\"@type\":\"ListItem\",\"position\":2,\"name\":\"Shop\",\"item\":\"https:\/\/slewingbearings.com\/shop\/\"},{\"@type\":\"ListItem\",\"position\":3,\"name\":\"SDE-21 Accionamiento de giro\"}]},{\"@type\":\"WebSite\",\"@id\":\"https:\/\/slewingbearings.com\/#website\",\"url\":\"https:\/\/slewingbearings.com\/\",\"name\":\"ZZ Group\",\"description\":\"Leading Slewing Bearings in China\",\"potentialAction\":[{\"@type\":\"SearchAction\",\"target\":{\"@type\":\"EntryPoint\",\"urlTemplate\":\"https:\/\/slewingbearings.com\/?s={search_term_string}\"},\"query-input\":\"required name=search_term_string\"}],\"inLanguage\":\"es\"}]}<\/script>\n<!-- \/ Yoast SEO plugin. -->","yoast_head_json":{"title":"SDE-21 Accionamiento de giro - ZZ Group","description":"Un mecanismo de giro SDE21 es un equipo de ingenier\u00eda dise\u00f1ado normalmente para hacer girar un objeto o sistema en direcci\u00f3n horizontal o vertical.","robots":{"index":"index","follow":"follow","max-snippet":"max-snippet:-1","max-image-preview":"max-image-preview:large","max-video-preview":"max-video-preview:-1"},"canonical":"https:\/\/slewingbearings.com\/product\/sde-21-slew-drive\/","og_locale":"es_ES","og_type":"article","og_title":"SDE-21 Accionamiento de giro - ZZ Group","og_description":"Un mecanismo de giro SDE21 es un equipo de ingenier\u00eda dise\u00f1ado normalmente para hacer girar un objeto o sistema en direcci\u00f3n horizontal o vertical.","og_url":"https:\/\/slewingbearings.com\/product\/sde-21-slew-drive\/","og_site_name":"ZZ Group","og_image":[{"width":500,"height":500,"url":"https:\/\/slewingbearings.com\/wp-content\/uploads\/2024\/01\/sde21-slew-drive.jpg","type":"image\/jpeg"}],"twitter_card":"summary_large_image","twitter_misc":{"Tiempo de lectura":"1 minuto"},"schema":{"@context":"https:\/\/schema.org","@graph":[{"@type":"WebPage","@id":"https:\/\/slewingbearings.com\/product\/sde-21-slew-drive\/","url":"https:\/\/slewingbearings.com\/product\/sde-21-slew-drive\/","name":"SDE-21 Accionamiento de giro - ZZ Group","isPartOf":{"@id":"https:\/\/slewingbearings.com\/#website"},"datePublished":"2024-01-15T07:20:32+00:00","dateModified":"2024-01-15T07:20:32+00:00","description":"Un mecanismo de giro SDE21 es un equipo de ingenier\u00eda dise\u00f1ado normalmente para hacer girar un objeto o sistema en direcci\u00f3n horizontal o vertical.","breadcrumb":{"@id":"https:\/\/slewingbearings.com\/product\/sde-21-slew-drive\/#breadcrumb"},"inLanguage":"es","potentialAction":[{"@type":"ReadAction","target":["https:\/\/slewingbearings.com\/product\/sde-21-slew-drive\/"]}]},{"@type":"BreadcrumbList","@id":"https:\/\/slewingbearings.com\/product\/sde-21-slew-drive\/#breadcrumb","itemListElement":[{"@type":"ListItem","position":1,"name":"Home","item":"https:\/\/slewingbearings.com\/es\/rodamientogiratorio-accionamiento-giratorio\/"},{"@type":"ListItem","position":2,"name":"Shop","item":"https:\/\/slewingbearings.com\/shop\/"},{"@type":"ListItem","position":3,"name":"SDE-21 Accionamiento de giro"}]},{"@type":"WebSite","@id":"https:\/\/slewingbearings.com\/#website","url":"https:\/\/slewingbearings.com\/","name":"ZZ Group","description":"Leading Slewing Bearings in China","potentialAction":[{"@type":"SearchAction","target":{"@type":"EntryPoint","urlTemplate":"https:\/\/slewingbearings.com\/?s={search_term_string}"},"query-input":"required name=search_term_string"}],"inLanguage":"es"}]}},"_links":{"self":[{"href":"https:\/\/slewingbearings.com\/es\/wp-json\/wp\/v2\/product\/11818","targetHints":{"allow":["GET"]}}],"collection":[{"href":"https:\/\/slewingbearings.com\/es\/wp-json\/wp\/v2\/product"}],"about":[{"href":"https:\/\/slewingbearings.com\/es\/wp-json\/wp\/v2\/types\/product"}],"replies":[{"embeddable":true,"href":"https:\/\/slewingbearings.com\/es\/wp-json\/wp\/v2\/comments?post=11818"}],"wp:featuredmedia":[{"embeddable":true,"href":"https:\/\/slewingbearings.com\/es\/wp-json\/wp\/v2\/media\/11737"}],"wp:attachment":[{"href":"https:\/\/slewingbearings.com\/es\/wp-json\/wp\/v2\/media?parent=11818"}],"wp:term":[{"taxonomy":"product_cat","embeddable":true,"href":"https:\/\/slewingbearings.com\/es\/wp-json\/wp\/v2\/product_cat?post=11818"},{"taxonomy":"product_tag","embeddable":true,"href":"https:\/\/slewingbearings.com\/es\/wp-json\/wp\/v2\/product_tag?post=11818"}],"curies":[{"name":"wp","href":"https:\/\/api.w.org\/{rel}","templated":true}]}}