{"id":11816,"date":"2024-01-28T01:28:26","date_gmt":"2024-01-28T01:28:26","guid":{"rendered":"https:\/\/slewingbearings.com\/product\/accionamiento-giratorio-w-14\/"},"modified":"2024-01-28T01:28:26","modified_gmt":"2024-01-28T01:28:26","slug":"accionamiento-giratorio-w-14","status":"publish","type":"product","link":"https:\/\/slewingbearings.com\/es\/product\/accionamiento-giratorio-w-14\/","title":{"rendered":"Accionamiento giratorio W-14"},"content":{"rendered":"<p>Accionamiento giratorio W-14,El sistema de accionamiento giratorio abierto es un sistema mec\u00e1nico con una estructura abierta, utilizado principalmente para girar equipos o herramientas en direcci\u00f3n horizontal. A diferencia de los dise\u00f1os cerrados, los componentes mec\u00e1nicos internos de los sistemas de accionamiento giratorio abierto son visibles desde el exterior, lo que proporciona algunas ventajas \u00fanicas en t\u00e9rminos de funcionamiento, mantenimiento y ense\u00f1anza. <\/p>\n<p>El mecanismo de giro abierto es un sistema de transmisi\u00f3n de engranajes abierto, que tiene caracter\u00edsticas \u00fanicas en comparaci\u00f3n con el sistema de transmisi\u00f3n cerrado. En primer lugar, el dise\u00f1o abierto proporciona una buena visibilidad, con engranajes internos y componentes de transmisi\u00f3n visibles para el observador. Esto permite al personal de mantenimiento comprobar f\u00e1cilmente el estado de funcionamiento del sistema, ayuda a detectar y solucionar problemas a tiempo y mejora la comodidad del mantenimiento.  <\/p>\n\n<table id=\"tablepress-40\" class=\"tablepress tablepress-id-40\">\n<thead>\n<tr class=\"row-1\">\n\t<th class=\"column-1\">Model<\/th><th class=\"column-2\">Output Torque<\/th><th class=\"column-3\">Tilting Moment Torque<\/th><th class=\"column-4\">Holding Torque<\/th><th class=\"column-5\">Gear Ratio<\/th><th class=\"column-6\">Tracking Precision<\/th><th class=\"column-7\">Weight<\/th><th class=\"column-8\">Drawing<\/th>\n<\/tr>\n<\/thead>\n<tbody class=\"row-striping row-hover\">\n<tr class=\"row-2\">\n\t<td class=\"column-1\">W14<\/td><td class=\"column-2\">10.8 KN.m<\/td><td class=\"column-3\">71.2 KN.m<\/td><td class=\"column-4\">48 KN.m<\/td><td class=\"column-5\">86:1<\/td><td class=\"column-6\">\u22640.13\u00b0<\/td><td class=\"column-7\">62kg<\/td><td class=\"column-8\"><a href=\"https:\/\/slewingbearings.com\/wp-content\/uploads\/2024\/01\/W14-Slew-Drive-catalog.pdf\"><br \/>\n<img decoding=\"async\" src=\"https:\/\/slewingbearings.com\/wp-content\/uploads\/2024\/01\/pdf.png\" width=\"30\" height=\"30\"><\/a><\/td>\n<\/tr>\n<tr class=\"row-3\">\n\t<td class=\"column-1\">W14<\/td><td class=\"column-2\">7970 lbf.ft<\/td><td class=\"column-3\">52.6\u00d710\u00b3 lbf.ft<\/td><td class=\"column-4\">35\u00d710\u00b3 lbf.ft<\/td><td class=\"column-5\">86:1<\/td><td class=\"column-6\">\u22640.13\u00b0<\/td><td class=\"column-7\">62kg<\/td><td class=\"column-8\"><a href=\"https:\/\/slewingbearings.com\/wp-content\/uploads\/2024\/01\/W14-Slew-Drive-catalog.pdf\"><br \/>\n<img decoding=\"async\" src=\"https:\/\/slewingbearings.com\/wp-content\/uploads\/2024\/01\/pdf.png\" width=\"30\" height=\"30\"><\/a><\/td>\n<\/tr>\n<\/tbody>\n<\/table>\n<!-- #tablepress-40 from cache -->\n","protected":false},"excerpt":{"rendered":"<p>Otra caracter\u00edstica notable es el dise\u00f1o abierto que ayuda a disipar el calor. La estructura abierta permite que el aire fluya entre los engranajes y los componentes de la transmisi\u00f3n, lo que reduce eficazmente la temperatura del sistema. Gracias a un buen rendimiento de disipaci\u00f3n del calor, se pueden evitar los problemas de sobrecalentamiento y mejorar la eficiencia y fiabilidad del sistema.  <\/p>\n<p>El dise\u00f1o ligero es otra ventaja de las transmisiones de giro abiertas. Comparado con un sistema de transmisi\u00f3n cerrado que requiere una carcasa cerrada, el dise\u00f1o abierto es m\u00e1s sencillo y no requiere estructuras de protecci\u00f3n externas adicionales, por lo que es m\u00e1s ligero. Esto hace que las transmisiones rotativas abiertas sean ventajosas en aplicaciones sensibles al peso.  <\/p>\n<p>Adem\u00e1s, los sistemas de accionamiento de giro abiertos tambi\u00e9n desempe\u00f1an un papel importante en la investigaci\u00f3n y el desarrollo. Los investigadores necesitan a menudo observar y depurar sistemas mec\u00e1nicos en tiempo real, y la visibilidad es un factor clave. El dise\u00f1o abierto les proporciona un medio de observaci\u00f3n m\u00e1s intuitivo, que ayuda a identificar r\u00e1pidamente los problemas y optimizar el dise\u00f1o.  <\/p>\n","protected":false},"featured_media":11817,"comment_status":"open","ping_status":"closed","template":"","meta":{"content-type":""},"product_cat":[575,330],"product_tag":[588],"class_list":{"0":"post-11816","1":"product","2":"type-product","3":"status-publish","4":"has-post-thumbnail","6":"product_cat-accionamiento-de-giro-w","7":"product_cat-slew-drive-es","8":"product_tag-mecanismo-de-giro-w14","10":"first","11":"instock","12":"shipping-taxable","13":"product-type-simple"},"yoast_head":"<!-- This site is optimized with the Yoast SEO plugin v21.7 - https:\/\/yoast.com\/wordpress\/plugins\/seo\/ -->\n<title>Accionamiento giratorio W-14 - ZZ Group<\/title>\n<meta name=\"description\" content=\"El accionamiento giratorio abierto W-14 suele referirse a un sistema de accionamiento giratorio de estructura abierta, que se utiliza para realizar la rotaci\u00f3n horizontal de equipos.\" \/>\n<meta name=\"robots\" content=\"index, follow, max-snippet:-1, max-image-preview:large, max-video-preview:-1\" \/>\n<link rel=\"canonical\" href=\"https:\/\/slewingbearings.com\/product\/w-14-slew-drive\/\" \/>\n<meta property=\"og:locale\" content=\"es_ES\" \/>\n<meta property=\"og:type\" content=\"article\" \/>\n<meta property=\"og:title\" content=\"Accionamiento giratorio W-14 - ZZ Group\" \/>\n<meta property=\"og:description\" content=\"El accionamiento giratorio abierto W-14 suele referirse a un sistema de accionamiento giratorio de estructura abierta, que se utiliza para realizar la rotaci\u00f3n horizontal de equipos.\" \/>\n<meta property=\"og:url\" content=\"https:\/\/slewingbearings.com\/product\/w-14-slew-drive\/\" \/>\n<meta property=\"og:site_name\" content=\"ZZ Group\" \/>\n<meta property=\"og:image\" content=\"https:\/\/slewingbearings.com\/wp-content\/uploads\/2024\/01\/w14-slew-drive.jpg\" \/>\n\t<meta property=\"og:image:width\" content=\"500\" \/>\n\t<meta property=\"og:image:height\" content=\"500\" \/>\n\t<meta property=\"og:image:type\" content=\"image\/jpeg\" \/>\n<meta name=\"twitter:card\" content=\"summary_large_image\" \/>\n<meta name=\"twitter:label1\" content=\"Tiempo de lectura\" \/>\n\t<meta name=\"twitter:data1\" content=\"1 minuto\" \/>\n<script type=\"application\/ld+json\" class=\"yoast-schema-graph\">{\"@context\":\"https:\/\/schema.org\",\"@graph\":[{\"@type\":\"WebPage\",\"@id\":\"https:\/\/slewingbearings.com\/product\/w-14-slew-drive\/\",\"url\":\"https:\/\/slewingbearings.com\/product\/w-14-slew-drive\/\",\"name\":\"Accionamiento giratorio W-14 - ZZ Group\",\"isPartOf\":{\"@id\":\"https:\/\/slewingbearings.com\/#website\"},\"datePublished\":\"2024-01-28T01:28:26+00:00\",\"dateModified\":\"2024-01-28T01:28:26+00:00\",\"description\":\"El accionamiento giratorio abierto W-14 suele referirse a un sistema de accionamiento giratorio de estructura abierta, que se utiliza para realizar la rotaci\u00f3n horizontal de equipos.\",\"breadcrumb\":{\"@id\":\"https:\/\/slewingbearings.com\/product\/w-14-slew-drive\/#breadcrumb\"},\"inLanguage\":\"es\",\"potentialAction\":[{\"@type\":\"ReadAction\",\"target\":[\"https:\/\/slewingbearings.com\/product\/w-14-slew-drive\/\"]}]},{\"@type\":\"BreadcrumbList\",\"@id\":\"https:\/\/slewingbearings.com\/product\/w-14-slew-drive\/#breadcrumb\",\"itemListElement\":[{\"@type\":\"ListItem\",\"position\":1,\"name\":\"Home\",\"item\":\"https:\/\/slewingbearings.com\/es\/rodamientogiratorio-accionamiento-giratorio\/\"},{\"@type\":\"ListItem\",\"position\":2,\"name\":\"Shop\",\"item\":\"https:\/\/slewingbearings.com\/shop\/\"},{\"@type\":\"ListItem\",\"position\":3,\"name\":\"Accionamiento giratorio W-14\"}]},{\"@type\":\"WebSite\",\"@id\":\"https:\/\/slewingbearings.com\/#website\",\"url\":\"https:\/\/slewingbearings.com\/\",\"name\":\"ZZ Group\",\"description\":\"Leading Slewing Bearings in China\",\"potentialAction\":[{\"@type\":\"SearchAction\",\"target\":{\"@type\":\"EntryPoint\",\"urlTemplate\":\"https:\/\/slewingbearings.com\/?s={search_term_string}\"},\"query-input\":\"required name=search_term_string\"}],\"inLanguage\":\"es\"}]}<\/script>\n<!-- \/ Yoast SEO plugin. -->","yoast_head_json":{"title":"Accionamiento giratorio W-14 - ZZ Group","description":"El accionamiento giratorio abierto W-14 suele referirse a un sistema de accionamiento giratorio de estructura abierta, que se utiliza para realizar la rotaci\u00f3n horizontal de equipos.","robots":{"index":"index","follow":"follow","max-snippet":"max-snippet:-1","max-image-preview":"max-image-preview:large","max-video-preview":"max-video-preview:-1"},"canonical":"https:\/\/slewingbearings.com\/product\/w-14-slew-drive\/","og_locale":"es_ES","og_type":"article","og_title":"Accionamiento giratorio W-14 - ZZ Group","og_description":"El accionamiento giratorio abierto W-14 suele referirse a un sistema de accionamiento giratorio de estructura abierta, que se utiliza para realizar la rotaci\u00f3n horizontal de equipos.","og_url":"https:\/\/slewingbearings.com\/product\/w-14-slew-drive\/","og_site_name":"ZZ Group","og_image":[{"width":500,"height":500,"url":"https:\/\/slewingbearings.com\/wp-content\/uploads\/2024\/01\/w14-slew-drive.jpg","type":"image\/jpeg"}],"twitter_card":"summary_large_image","twitter_misc":{"Tiempo de lectura":"1 minuto"},"schema":{"@context":"https:\/\/schema.org","@graph":[{"@type":"WebPage","@id":"https:\/\/slewingbearings.com\/product\/w-14-slew-drive\/","url":"https:\/\/slewingbearings.com\/product\/w-14-slew-drive\/","name":"Accionamiento giratorio W-14 - ZZ Group","isPartOf":{"@id":"https:\/\/slewingbearings.com\/#website"},"datePublished":"2024-01-28T01:28:26+00:00","dateModified":"2024-01-28T01:28:26+00:00","description":"El accionamiento giratorio abierto W-14 suele referirse a un sistema de accionamiento giratorio de estructura abierta, que se utiliza para realizar la rotaci\u00f3n horizontal de equipos.","breadcrumb":{"@id":"https:\/\/slewingbearings.com\/product\/w-14-slew-drive\/#breadcrumb"},"inLanguage":"es","potentialAction":[{"@type":"ReadAction","target":["https:\/\/slewingbearings.com\/product\/w-14-slew-drive\/"]}]},{"@type":"BreadcrumbList","@id":"https:\/\/slewingbearings.com\/product\/w-14-slew-drive\/#breadcrumb","itemListElement":[{"@type":"ListItem","position":1,"name":"Home","item":"https:\/\/slewingbearings.com\/es\/rodamientogiratorio-accionamiento-giratorio\/"},{"@type":"ListItem","position":2,"name":"Shop","item":"https:\/\/slewingbearings.com\/shop\/"},{"@type":"ListItem","position":3,"name":"Accionamiento giratorio W-14"}]},{"@type":"WebSite","@id":"https:\/\/slewingbearings.com\/#website","url":"https:\/\/slewingbearings.com\/","name":"ZZ Group","description":"Leading Slewing Bearings in China","potentialAction":[{"@type":"SearchAction","target":{"@type":"EntryPoint","urlTemplate":"https:\/\/slewingbearings.com\/?s={search_term_string}"},"query-input":"required name=search_term_string"}],"inLanguage":"es"}]}},"_links":{"self":[{"href":"https:\/\/slewingbearings.com\/es\/wp-json\/wp\/v2\/product\/11816","targetHints":{"allow":["GET"]}}],"collection":[{"href":"https:\/\/slewingbearings.com\/es\/wp-json\/wp\/v2\/product"}],"about":[{"href":"https:\/\/slewingbearings.com\/es\/wp-json\/wp\/v2\/types\/product"}],"replies":[{"embeddable":true,"href":"https:\/\/slewingbearings.com\/es\/wp-json\/wp\/v2\/comments?post=11816"}],"wp:featuredmedia":[{"embeddable":true,"href":"https:\/\/slewingbearings.com\/es\/wp-json\/wp\/v2\/media\/11817"}],"wp:attachment":[{"href":"https:\/\/slewingbearings.com\/es\/wp-json\/wp\/v2\/media?parent=11816"}],"wp:term":[{"taxonomy":"product_cat","embeddable":true,"href":"https:\/\/slewingbearings.com\/es\/wp-json\/wp\/v2\/product_cat?post=11816"},{"taxonomy":"product_tag","embeddable":true,"href":"https:\/\/slewingbearings.com\/es\/wp-json\/wp\/v2\/product_tag?post=11816"}],"curies":[{"name":"wp","href":"https:\/\/api.w.org\/{rel}","templated":true}]}}