{"id":11809,"date":"2024-01-28T01:33:43","date_gmt":"2024-01-28T01:33:43","guid":{"rendered":"https:\/\/slewingbearings.com\/product\/accionamiento-de-giro-w-17\/"},"modified":"2024-01-28T01:33:43","modified_gmt":"2024-01-28T01:33:43","slug":"accionamiento-de-giro-w-17","status":"publish","type":"product","link":"https:\/\/slewingbearings.com\/es\/product\/accionamiento-de-giro-w-17\/","title":{"rendered":"Accionamiento de giro W-17"},"content":{"rendered":"<p>Accionamiento giratorio W-17,El sistema de accionamiento giratorio abierto es un sistema mec\u00e1nico con una estructura abierta, utilizado principalmente para girar equipos o herramientas en direcci\u00f3n horizontal. A diferencia de los dise\u00f1os cerrados, los componentes mec\u00e1nicos internos de los sistemas de accionamiento giratorio abierto son visibles desde el exterior, lo que proporciona algunas ventajas \u00fanicas en t\u00e9rminos de funcionamiento, mantenimiento y ense\u00f1anza. <\/p>\n<p>El mecanismo de giro abierto es un sistema de transmisi\u00f3n de engranajes abierto, que tiene caracter\u00edsticas \u00fanicas en comparaci\u00f3n con el sistema de transmisi\u00f3n cerrado. En primer lugar, el dise\u00f1o abierto proporciona una buena visibilidad, con engranajes internos y componentes de transmisi\u00f3n visibles para el observador. Esto permite al personal de mantenimiento comprobar f\u00e1cilmente el estado de funcionamiento del sistema, ayuda a detectar y solucionar problemas a tiempo y mejora la comodidad del mantenimiento.  <\/p>\n\n<table id=\"tablepress-41\" class=\"tablepress tablepress-id-41\">\n<thead>\n<tr class=\"row-1\">\n\t<th class=\"column-1\">Model<\/th><th class=\"column-2\">Output Torque<\/th><th class=\"column-3\">Tilting Moment Torque<\/th><th class=\"column-4\">Holding Torque<\/th><th class=\"column-5\">Gear Ratio<\/th><th class=\"column-6\">Tracking Precision<\/th><th class=\"column-7\">Weight<\/th><th class=\"column-8\">Drawing<\/th>\n<\/tr>\n<\/thead>\n<tbody class=\"row-striping row-hover\">\n<tr class=\"row-2\">\n\t<td class=\"column-1\">W17<\/td><td class=\"column-2\">12.96 KN.m<\/td><td class=\"column-3\">142.4 KN.m<\/td><td class=\"column-4\">58 KN.m<\/td><td class=\"column-5\">104:1<\/td><td class=\"column-6\">\u22640.1\u00b0<\/td><td class=\"column-7\">82kg<\/td><td class=\"column-8\"><a href=\"https:\/\/slewingbearings.com\/wp-content\/uploads\/2024\/01\/W17-Slew-Drive-catalog.pdf\"><br \/>\n<img decoding=\"async\" src=\"https:\/\/slewingbearings.com\/wp-content\/uploads\/2024\/01\/pdf.png\" width=\"30\" height=\"30\"><\/a><\/td>\n<\/tr>\n<tr class=\"row-3\">\n\t<td class=\"column-1\">W17<\/td><td class=\"column-2\">9564 lbf.ft<\/td><td class=\"column-3\">105\u00d710\u00b3 lbf.ft<\/td><td class=\"column-4\">42.8\u00d710\u00b3 lbf.ft<\/td><td class=\"column-5\">104:1<\/td><td class=\"column-6\">\u22640.1\u00b0<\/td><td class=\"column-7\">82kg<\/td><td class=\"column-8\"><a href=\"https:\/\/slewingbearings.com\/wp-content\/uploads\/2024\/01\/W17-Slew-Drive-catalog.pdf\"><br \/>\n<img decoding=\"async\" src=\"https:\/\/slewingbearings.com\/wp-content\/uploads\/2024\/01\/pdf.png\" width=\"30\" height=\"30\"><\/a><\/td>\n<\/tr>\n<\/tbody>\n<\/table>\n<!-- #tablepress-41 from cache -->\n","protected":false},"excerpt":{"rendered":"<p>El accionamiento de giro de la serie W ofrece una soluci\u00f3n de transmisi\u00f3n viable para diversas aplicaciones gracias a su visibilidad, facilidad de mantenimiento, rendimiento de disipaci\u00f3n t\u00e9rmica, dise\u00f1o ligero y coste relativamente bajo. En los campos industrial y mec\u00e1nico, los accionamientos de giro abiertos se han convertido en una opci\u00f3n importante para mejorar la eficacia del sistema y reducir los costes de mantenimiento. En el futuro, con el avance de la tecnolog\u00eda y la continua expansi\u00f3n de los campos de aplicaci\u00f3n, se espera que los accionamientos giratorios abiertos ejerzan sus ventajas \u00fanicas en una gama m\u00e1s amplia de campos.  <\/p>\n","protected":false},"featured_media":11810,"comment_status":"open","ping_status":"closed","template":"","meta":{"content-type":""},"product_cat":[575,330],"product_tag":[582],"class_list":{"0":"post-11809","1":"product","2":"type-product","3":"status-publish","4":"has-post-thumbnail","6":"product_cat-accionamiento-de-giro-w","7":"product_cat-slew-drive-es","8":"product_tag-w17-mecanismo-de-giro","10":"first","11":"instock","12":"shipping-taxable","13":"product-type-simple"},"yoast_head":"<!-- This site is optimized with the Yoast SEO plugin v21.7 - https:\/\/yoast.com\/wordpress\/plugins\/seo\/ -->\n<title>Accionamiento de giro W-17 - ZZ Group<\/title>\n<meta name=\"description\" content=\"El accionamiento giratorio abierto W-17 suele referirse a un sistema de accionamiento giratorio de estructura abierta, que se utiliza para realizar la rotaci\u00f3n horizontal de equipos.\" \/>\n<meta name=\"robots\" content=\"index, follow, max-snippet:-1, max-image-preview:large, max-video-preview:-1\" \/>\n<link rel=\"canonical\" href=\"https:\/\/slewingbearings.com\/product\/w-17-slew-drive\/\" \/>\n<meta property=\"og:locale\" content=\"es_ES\" \/>\n<meta property=\"og:type\" content=\"article\" \/>\n<meta property=\"og:title\" content=\"Accionamiento de giro W-17 - ZZ Group\" \/>\n<meta property=\"og:description\" content=\"El accionamiento giratorio abierto W-17 suele referirse a un sistema de accionamiento giratorio de estructura abierta, que se utiliza para realizar la rotaci\u00f3n horizontal de equipos.\" \/>\n<meta property=\"og:url\" content=\"https:\/\/slewingbearings.com\/product\/w-17-slew-drive\/\" \/>\n<meta property=\"og:site_name\" content=\"ZZ Group\" \/>\n<meta property=\"og:image\" content=\"https:\/\/slewingbearings.com\/wp-content\/uploads\/2024\/01\/w17-slew-drive.jpg\" \/>\n\t<meta property=\"og:image:width\" content=\"500\" \/>\n\t<meta property=\"og:image:height\" content=\"500\" \/>\n\t<meta property=\"og:image:type\" content=\"image\/jpeg\" \/>\n<meta name=\"twitter:card\" content=\"summary_large_image\" \/>\n<meta name=\"twitter:label1\" content=\"Tiempo de lectura\" \/>\n\t<meta name=\"twitter:data1\" content=\"1 minuto\" \/>\n<script type=\"application\/ld+json\" class=\"yoast-schema-graph\">{\"@context\":\"https:\/\/schema.org\",\"@graph\":[{\"@type\":\"WebPage\",\"@id\":\"https:\/\/slewingbearings.com\/product\/w-17-slew-drive\/\",\"url\":\"https:\/\/slewingbearings.com\/product\/w-17-slew-drive\/\",\"name\":\"Accionamiento de giro W-17 - ZZ Group\",\"isPartOf\":{\"@id\":\"https:\/\/slewingbearings.com\/#website\"},\"datePublished\":\"2024-01-28T01:33:43+00:00\",\"dateModified\":\"2024-01-28T01:33:43+00:00\",\"description\":\"El accionamiento giratorio abierto W-17 suele referirse a un sistema de accionamiento giratorio de estructura abierta, que se utiliza para realizar la rotaci\u00f3n horizontal de equipos.\",\"breadcrumb\":{\"@id\":\"https:\/\/slewingbearings.com\/product\/w-17-slew-drive\/#breadcrumb\"},\"inLanguage\":\"es\",\"potentialAction\":[{\"@type\":\"ReadAction\",\"target\":[\"https:\/\/slewingbearings.com\/product\/w-17-slew-drive\/\"]}]},{\"@type\":\"BreadcrumbList\",\"@id\":\"https:\/\/slewingbearings.com\/product\/w-17-slew-drive\/#breadcrumb\",\"itemListElement\":[{\"@type\":\"ListItem\",\"position\":1,\"name\":\"Home\",\"item\":\"https:\/\/slewingbearings.com\/es\/rodamientogiratorio-accionamiento-giratorio\/\"},{\"@type\":\"ListItem\",\"position\":2,\"name\":\"Shop\",\"item\":\"https:\/\/slewingbearings.com\/shop\/\"},{\"@type\":\"ListItem\",\"position\":3,\"name\":\"Accionamiento de giro W-17\"}]},{\"@type\":\"WebSite\",\"@id\":\"https:\/\/slewingbearings.com\/#website\",\"url\":\"https:\/\/slewingbearings.com\/\",\"name\":\"ZZ Group\",\"description\":\"Leading Slewing Bearings in China\",\"potentialAction\":[{\"@type\":\"SearchAction\",\"target\":{\"@type\":\"EntryPoint\",\"urlTemplate\":\"https:\/\/slewingbearings.com\/?s={search_term_string}\"},\"query-input\":\"required name=search_term_string\"}],\"inLanguage\":\"es\"}]}<\/script>\n<!-- \/ Yoast SEO plugin. -->","yoast_head_json":{"title":"Accionamiento de giro W-17 - ZZ Group","description":"El accionamiento giratorio abierto W-17 suele referirse a un sistema de accionamiento giratorio de estructura abierta, que se utiliza para realizar la rotaci\u00f3n horizontal de equipos.","robots":{"index":"index","follow":"follow","max-snippet":"max-snippet:-1","max-image-preview":"max-image-preview:large","max-video-preview":"max-video-preview:-1"},"canonical":"https:\/\/slewingbearings.com\/product\/w-17-slew-drive\/","og_locale":"es_ES","og_type":"article","og_title":"Accionamiento de giro W-17 - ZZ Group","og_description":"El accionamiento giratorio abierto W-17 suele referirse a un sistema de accionamiento giratorio de estructura abierta, que se utiliza para realizar la rotaci\u00f3n horizontal de equipos.","og_url":"https:\/\/slewingbearings.com\/product\/w-17-slew-drive\/","og_site_name":"ZZ Group","og_image":[{"width":500,"height":500,"url":"https:\/\/slewingbearings.com\/wp-content\/uploads\/2024\/01\/w17-slew-drive.jpg","type":"image\/jpeg"}],"twitter_card":"summary_large_image","twitter_misc":{"Tiempo de lectura":"1 minuto"},"schema":{"@context":"https:\/\/schema.org","@graph":[{"@type":"WebPage","@id":"https:\/\/slewingbearings.com\/product\/w-17-slew-drive\/","url":"https:\/\/slewingbearings.com\/product\/w-17-slew-drive\/","name":"Accionamiento de giro W-17 - ZZ Group","isPartOf":{"@id":"https:\/\/slewingbearings.com\/#website"},"datePublished":"2024-01-28T01:33:43+00:00","dateModified":"2024-01-28T01:33:43+00:00","description":"El accionamiento giratorio abierto W-17 suele referirse a un sistema de accionamiento giratorio de estructura abierta, que se utiliza para realizar la rotaci\u00f3n horizontal de equipos.","breadcrumb":{"@id":"https:\/\/slewingbearings.com\/product\/w-17-slew-drive\/#breadcrumb"},"inLanguage":"es","potentialAction":[{"@type":"ReadAction","target":["https:\/\/slewingbearings.com\/product\/w-17-slew-drive\/"]}]},{"@type":"BreadcrumbList","@id":"https:\/\/slewingbearings.com\/product\/w-17-slew-drive\/#breadcrumb","itemListElement":[{"@type":"ListItem","position":1,"name":"Home","item":"https:\/\/slewingbearings.com\/es\/rodamientogiratorio-accionamiento-giratorio\/"},{"@type":"ListItem","position":2,"name":"Shop","item":"https:\/\/slewingbearings.com\/shop\/"},{"@type":"ListItem","position":3,"name":"Accionamiento de giro W-17"}]},{"@type":"WebSite","@id":"https:\/\/slewingbearings.com\/#website","url":"https:\/\/slewingbearings.com\/","name":"ZZ Group","description":"Leading Slewing Bearings in China","potentialAction":[{"@type":"SearchAction","target":{"@type":"EntryPoint","urlTemplate":"https:\/\/slewingbearings.com\/?s={search_term_string}"},"query-input":"required name=search_term_string"}],"inLanguage":"es"}]}},"_links":{"self":[{"href":"https:\/\/slewingbearings.com\/es\/wp-json\/wp\/v2\/product\/11809","targetHints":{"allow":["GET"]}}],"collection":[{"href":"https:\/\/slewingbearings.com\/es\/wp-json\/wp\/v2\/product"}],"about":[{"href":"https:\/\/slewingbearings.com\/es\/wp-json\/wp\/v2\/types\/product"}],"replies":[{"embeddable":true,"href":"https:\/\/slewingbearings.com\/es\/wp-json\/wp\/v2\/comments?post=11809"}],"wp:featuredmedia":[{"embeddable":true,"href":"https:\/\/slewingbearings.com\/es\/wp-json\/wp\/v2\/media\/11810"}],"wp:attachment":[{"href":"https:\/\/slewingbearings.com\/es\/wp-json\/wp\/v2\/media?parent=11809"}],"wp:term":[{"taxonomy":"product_cat","embeddable":true,"href":"https:\/\/slewingbearings.com\/es\/wp-json\/wp\/v2\/product_cat?post=11809"},{"taxonomy":"product_tag","embeddable":true,"href":"https:\/\/slewingbearings.com\/es\/wp-json\/wp\/v2\/product_tag?post=11809"}],"curies":[{"name":"wp","href":"https:\/\/api.w.org\/{rel}","templated":true}]}}