{"id":11802,"date":"2024-01-28T01:41:14","date_gmt":"2024-01-28T01:41:14","guid":{"rendered":"https:\/\/slewingbearings.com\/product\/accionamiento-giratorio-w-19\/"},"modified":"2024-01-28T01:41:14","modified_gmt":"2024-01-28T01:41:14","slug":"accionamiento-giratorio-w-19","status":"publish","type":"product","link":"https:\/\/slewingbearings.com\/es\/product\/accionamiento-giratorio-w-19\/","title":{"rendered":"Accionamiento giratorio W-19"},"content":{"rendered":"<p>Accionamiento giratorio W-19,El sistema de accionamiento giratorio abierto es un sistema mec\u00e1nico con una estructura abierta, utilizado principalmente para girar equipos o herramientas en direcci\u00f3n horizontal. A diferencia de los dise\u00f1os cerrados, los componentes mec\u00e1nicos internos de los sistemas de accionamiento giratorio abierto son visibles desde el exterior, lo que proporciona algunas ventajas \u00fanicas en t\u00e9rminos de funcionamiento, mantenimiento y ense\u00f1anza. <\/p>\n<p>Los accionamientos de giro abierto ofrecen una opci\u00f3n flexible y eficaz para el dise\u00f1o y funcionamiento de los sistemas de accionamiento gracias a su dise\u00f1o abierto, mayor visibilidad, facilidad de mantenimiento, disipaci\u00f3n t\u00e9rmica superior, dise\u00f1o ligero y rentabilidad. Cuando se trata de diferentes escenarios de aplicaci\u00f3n y necesidades de ingenier\u00eda, los ingenieros y dise\u00f1adores pueden elegir los accionamientos de giro abiertos en funci\u00f3n de situaciones espec\u00edficas para satisfacer los requisitos de rendimiento, fiabilidad y coste. <\/p>\n\n<table id=\"tablepress-41\" class=\"tablepress tablepress-id-41\">\n<thead>\n<tr class=\"row-1\">\n\t<th class=\"column-1\">Model<\/th><th class=\"column-2\">Output Torque<\/th><th class=\"column-3\">Tilting Moment Torque<\/th><th class=\"column-4\">Holding Torque<\/th><th class=\"column-5\">Gear Ratio<\/th><th class=\"column-6\">Tracking Precision<\/th><th class=\"column-7\">Weight<\/th><th class=\"column-8\">Drawing<\/th>\n<\/tr>\n<\/thead>\n<tbody class=\"row-striping row-hover\">\n<tr class=\"row-2\">\n\t<td class=\"column-1\">W17<\/td><td class=\"column-2\">12.96 KN.m<\/td><td class=\"column-3\">142.4 KN.m<\/td><td class=\"column-4\">58 KN.m<\/td><td class=\"column-5\">104:1<\/td><td class=\"column-6\">\u22640.1\u00b0<\/td><td class=\"column-7\">82kg<\/td><td class=\"column-8\"><a href=\"https:\/\/slewingbearings.com\/wp-content\/uploads\/2024\/01\/W17-Slew-Drive-catalog.pdf\"><br \/>\n<img decoding=\"async\" src=\"https:\/\/slewingbearings.com\/wp-content\/uploads\/2024\/01\/pdf.png\" width=\"30\" height=\"30\"><\/a><\/td>\n<\/tr>\n<tr class=\"row-3\">\n\t<td class=\"column-1\">W17<\/td><td class=\"column-2\">9564 lbf.ft<\/td><td class=\"column-3\">105\u00d710\u00b3 lbf.ft<\/td><td class=\"column-4\">42.8\u00d710\u00b3 lbf.ft<\/td><td class=\"column-5\">104:1<\/td><td class=\"column-6\">\u22640.1\u00b0<\/td><td class=\"column-7\">82kg<\/td><td class=\"column-8\"><a href=\"https:\/\/slewingbearings.com\/wp-content\/uploads\/2024\/01\/W17-Slew-Drive-catalog.pdf\"><br \/>\n<img decoding=\"async\" src=\"https:\/\/slewingbearings.com\/wp-content\/uploads\/2024\/01\/pdf.png\" width=\"30\" height=\"30\"><\/a><\/td>\n<\/tr>\n<\/tbody>\n<\/table>\n<!-- #tablepress-41 from cache -->\n","protected":false},"excerpt":{"rendered":"<p>Los accionamientos de giro abiertos se utilizan en los campos de la industria, aeroespacial, automoci\u00f3n, ingenier\u00eda de la construcci\u00f3n y rob\u00f3tica gracias a su estructura abierta, mejor visibilidad, f\u00e1cil mantenimiento, excelente rendimiento de disipaci\u00f3n t\u00e9rmica, dise\u00f1o ligero y rentabilidad. papel importante. En la futura tendencia de desarrollo, se espera que sea m\u00e1s inteligente y respetuosa con el medio ambiente, y que se adapte continuamente al desarrollo de tecnolog\u00edas y materiales emergentes. Mediante la innovaci\u00f3n y la mejora continuas, los accionamientos de giro abiertos seguir\u00e1n aportando m\u00e1s posibilidades y oportunidades al campo de los sistemas de transmisi\u00f3n mec\u00e1nica.   <\/p>\n","protected":false},"featured_media":11803,"comment_status":"open","ping_status":"closed","template":"","meta":{"content-type":""},"product_cat":[575,330],"product_tag":[576],"class_list":{"0":"post-11802","1":"product","2":"type-product","3":"status-publish","4":"has-post-thumbnail","6":"product_cat-accionamiento-de-giro-w","7":"product_cat-slew-drive-es","8":"product_tag-w19-mecanismo-de-giro","10":"first","11":"instock","12":"shipping-taxable","13":"product-type-simple"},"yoast_head":"<!-- This site is optimized with the Yoast SEO plugin v21.7 - https:\/\/yoast.com\/wordpress\/plugins\/seo\/ -->\n<title>Accionamiento giratorio W-19 - ZZ Group<\/title>\n<meta name=\"description\" content=\"El accionamiento giratorio abierto W-19 suele referirse a un sistema de accionamiento giratorio de estructura abierta, que se utiliza para realizar la rotaci\u00f3n horizontal de equipos.\" \/>\n<meta name=\"robots\" content=\"index, follow, max-snippet:-1, max-image-preview:large, max-video-preview:-1\" \/>\n<link rel=\"canonical\" href=\"https:\/\/slewingbearings.com\/product\/w-19-slew-drive\/\" \/>\n<meta property=\"og:locale\" content=\"es_ES\" \/>\n<meta property=\"og:type\" content=\"article\" \/>\n<meta property=\"og:title\" content=\"Accionamiento giratorio W-19 - ZZ Group\" \/>\n<meta property=\"og:description\" content=\"El accionamiento giratorio abierto W-19 suele referirse a un sistema de accionamiento giratorio de estructura abierta, que se utiliza para realizar la rotaci\u00f3n horizontal de equipos.\" \/>\n<meta property=\"og:url\" content=\"https:\/\/slewingbearings.com\/product\/w-19-slew-drive\/\" \/>\n<meta property=\"og:site_name\" content=\"ZZ Group\" \/>\n<meta property=\"og:image\" content=\"https:\/\/slewingbearings.com\/wp-content\/uploads\/2024\/01\/w19-slew-drive.jpg\" \/>\n\t<meta property=\"og:image:width\" content=\"500\" \/>\n\t<meta property=\"og:image:height\" content=\"500\" \/>\n\t<meta property=\"og:image:type\" content=\"image\/jpeg\" \/>\n<meta name=\"twitter:card\" content=\"summary_large_image\" \/>\n<meta name=\"twitter:label1\" content=\"Tiempo de lectura\" \/>\n\t<meta name=\"twitter:data1\" content=\"1 minuto\" \/>\n<script type=\"application\/ld+json\" class=\"yoast-schema-graph\">{\"@context\":\"https:\/\/schema.org\",\"@graph\":[{\"@type\":\"WebPage\",\"@id\":\"https:\/\/slewingbearings.com\/product\/w-19-slew-drive\/\",\"url\":\"https:\/\/slewingbearings.com\/product\/w-19-slew-drive\/\",\"name\":\"Accionamiento giratorio W-19 - ZZ Group\",\"isPartOf\":{\"@id\":\"https:\/\/slewingbearings.com\/#website\"},\"datePublished\":\"2024-01-28T01:41:14+00:00\",\"dateModified\":\"2024-01-28T01:41:14+00:00\",\"description\":\"El accionamiento giratorio abierto W-19 suele referirse a un sistema de accionamiento giratorio de estructura abierta, que se utiliza para realizar la rotaci\u00f3n horizontal de equipos.\",\"breadcrumb\":{\"@id\":\"https:\/\/slewingbearings.com\/product\/w-19-slew-drive\/#breadcrumb\"},\"inLanguage\":\"es\",\"potentialAction\":[{\"@type\":\"ReadAction\",\"target\":[\"https:\/\/slewingbearings.com\/product\/w-19-slew-drive\/\"]}]},{\"@type\":\"BreadcrumbList\",\"@id\":\"https:\/\/slewingbearings.com\/product\/w-19-slew-drive\/#breadcrumb\",\"itemListElement\":[{\"@type\":\"ListItem\",\"position\":1,\"name\":\"Home\",\"item\":\"https:\/\/slewingbearings.com\/es\/rodamientogiratorio-accionamiento-giratorio\/\"},{\"@type\":\"ListItem\",\"position\":2,\"name\":\"Shop\",\"item\":\"https:\/\/slewingbearings.com\/shop\/\"},{\"@type\":\"ListItem\",\"position\":3,\"name\":\"Accionamiento giratorio W-19\"}]},{\"@type\":\"WebSite\",\"@id\":\"https:\/\/slewingbearings.com\/#website\",\"url\":\"https:\/\/slewingbearings.com\/\",\"name\":\"ZZ Group\",\"description\":\"Leading Slewing Bearings in China\",\"potentialAction\":[{\"@type\":\"SearchAction\",\"target\":{\"@type\":\"EntryPoint\",\"urlTemplate\":\"https:\/\/slewingbearings.com\/?s={search_term_string}\"},\"query-input\":\"required name=search_term_string\"}],\"inLanguage\":\"es\"}]}<\/script>\n<!-- \/ Yoast SEO plugin. -->","yoast_head_json":{"title":"Accionamiento giratorio W-19 - ZZ Group","description":"El accionamiento giratorio abierto W-19 suele referirse a un sistema de accionamiento giratorio de estructura abierta, que se utiliza para realizar la rotaci\u00f3n horizontal de equipos.","robots":{"index":"index","follow":"follow","max-snippet":"max-snippet:-1","max-image-preview":"max-image-preview:large","max-video-preview":"max-video-preview:-1"},"canonical":"https:\/\/slewingbearings.com\/product\/w-19-slew-drive\/","og_locale":"es_ES","og_type":"article","og_title":"Accionamiento giratorio W-19 - ZZ Group","og_description":"El accionamiento giratorio abierto W-19 suele referirse a un sistema de accionamiento giratorio de estructura abierta, que se utiliza para realizar la rotaci\u00f3n horizontal de equipos.","og_url":"https:\/\/slewingbearings.com\/product\/w-19-slew-drive\/","og_site_name":"ZZ Group","og_image":[{"width":500,"height":500,"url":"https:\/\/slewingbearings.com\/wp-content\/uploads\/2024\/01\/w19-slew-drive.jpg","type":"image\/jpeg"}],"twitter_card":"summary_large_image","twitter_misc":{"Tiempo de lectura":"1 minuto"},"schema":{"@context":"https:\/\/schema.org","@graph":[{"@type":"WebPage","@id":"https:\/\/slewingbearings.com\/product\/w-19-slew-drive\/","url":"https:\/\/slewingbearings.com\/product\/w-19-slew-drive\/","name":"Accionamiento giratorio W-19 - ZZ Group","isPartOf":{"@id":"https:\/\/slewingbearings.com\/#website"},"datePublished":"2024-01-28T01:41:14+00:00","dateModified":"2024-01-28T01:41:14+00:00","description":"El accionamiento giratorio abierto W-19 suele referirse a un sistema de accionamiento giratorio de estructura abierta, que se utiliza para realizar la rotaci\u00f3n horizontal de equipos.","breadcrumb":{"@id":"https:\/\/slewingbearings.com\/product\/w-19-slew-drive\/#breadcrumb"},"inLanguage":"es","potentialAction":[{"@type":"ReadAction","target":["https:\/\/slewingbearings.com\/product\/w-19-slew-drive\/"]}]},{"@type":"BreadcrumbList","@id":"https:\/\/slewingbearings.com\/product\/w-19-slew-drive\/#breadcrumb","itemListElement":[{"@type":"ListItem","position":1,"name":"Home","item":"https:\/\/slewingbearings.com\/es\/rodamientogiratorio-accionamiento-giratorio\/"},{"@type":"ListItem","position":2,"name":"Shop","item":"https:\/\/slewingbearings.com\/shop\/"},{"@type":"ListItem","position":3,"name":"Accionamiento giratorio W-19"}]},{"@type":"WebSite","@id":"https:\/\/slewingbearings.com\/#website","url":"https:\/\/slewingbearings.com\/","name":"ZZ Group","description":"Leading Slewing Bearings in China","potentialAction":[{"@type":"SearchAction","target":{"@type":"EntryPoint","urlTemplate":"https:\/\/slewingbearings.com\/?s={search_term_string}"},"query-input":"required name=search_term_string"}],"inLanguage":"es"}]}},"_links":{"self":[{"href":"https:\/\/slewingbearings.com\/es\/wp-json\/wp\/v2\/product\/11802","targetHints":{"allow":["GET"]}}],"collection":[{"href":"https:\/\/slewingbearings.com\/es\/wp-json\/wp\/v2\/product"}],"about":[{"href":"https:\/\/slewingbearings.com\/es\/wp-json\/wp\/v2\/types\/product"}],"replies":[{"embeddable":true,"href":"https:\/\/slewingbearings.com\/es\/wp-json\/wp\/v2\/comments?post=11802"}],"wp:featuredmedia":[{"embeddable":true,"href":"https:\/\/slewingbearings.com\/es\/wp-json\/wp\/v2\/media\/11803"}],"wp:attachment":[{"href":"https:\/\/slewingbearings.com\/es\/wp-json\/wp\/v2\/media?parent=11802"}],"wp:term":[{"taxonomy":"product_cat","embeddable":true,"href":"https:\/\/slewingbearings.com\/es\/wp-json\/wp\/v2\/product_cat?post=11802"},{"taxonomy":"product_tag","embeddable":true,"href":"https:\/\/slewingbearings.com\/es\/wp-json\/wp\/v2\/product_tag?post=11802"}],"curies":[{"name":"wp","href":"https:\/\/api.w.org\/{rel}","templated":true}]}}