{"id":11744,"date":"2024-01-15T06:51:37","date_gmt":"2024-01-15T06:51:37","guid":{"rendered":"https:\/\/slewingbearings.com\/product\/sde-17-accionamiento-de-giro\/"},"modified":"2024-01-15T06:51:37","modified_gmt":"2024-01-15T06:51:37","slug":"sde-17-accionamiento-de-giro","status":"publish","type":"product","link":"https:\/\/slewingbearings.com\/es\/product\/sde-17-accionamiento-de-giro\/","title":{"rendered":"SDE-17 Accionamiento de giro"},"content":{"rendered":"<p>Las caracter\u00edsticas estructurales de los accionamientos de giro SDE pueden variar en funci\u00f3n del campo de aplicaci\u00f3n y de los requisitos espec\u00edficos, pero en general, dichos dispositivos pueden incluir las siguientes caracter\u00edsticas estructurales:<\/p>\n<ul>\n<li>Sistemas de rodamientos: Los ejes verticales a menudo requieren un sistema de rodamientos para reducir la fricci\u00f3n, proporcionar apoyo y asegurar una rotaci\u00f3n suave.<\/li>\n<li>Sistema de control: se utiliza para supervisar, controlar y ajustar el movimiento de rotaci\u00f3n. Puede incluir sensores, codificadores y sistemas de control de retroalimentaci\u00f3n para garantizar la precisi\u00f3n y la estabilidad de la rotaci\u00f3n. <\/li>\n<li>Soporte estructural: Componentes estructurales en el exterior del equipo que soportan y aseguran todo el sistema. Puede incluir elementos estructurales como soportes y bases. <\/li>\n<li>Dispositivos de seguridad: Dependiendo de la aplicaci\u00f3n espec\u00edfica, las cuestiones de seguridad que pueden necesitar ser consideradas pueden incluir paradas de emergencia, finales de carrera, etc.<\/li>\n<\/ul>\n\n<table id=\"tablepress-22\" class=\"tablepress tablepress-id-22\">\n<thead>\n<tr class=\"row-1\">\n\t<td class=\"column-1\"><\/td><th class=\"column-2\">Model<\/th><th class=\"column-3\">Output Torque<\/th><th class=\"column-4\">Tilting Moment Torque<\/th><th class=\"column-5\">Holding Torque<\/th><th class=\"column-6\">Gear Ratio<\/th><th class=\"column-7\">Tracking Precision<\/th><th class=\"column-8\">Weight<\/th><th class=\"column-9\">Drawing<\/th>\n<\/tr>\n<\/thead>\n<tbody class=\"row-striping row-hover\">\n<tr class=\"row-2\">\n\t<td class=\"column-1\">SDE17<\/td><td class=\"column-2\">Azimuth<\/td><td class=\"column-3\">20 KN.m<\/td><td class=\"column-4\">135.6 KN.m<\/td><td class=\"column-5\">72.3 KN.m<\/td><td class=\"column-6\">102:1<\/td><td class=\"column-7\">\u22640.2\u00b0<\/td><td class=\"column-8\">390kg<\/td><td class=\"column-9\"><a href=\"https:\/\/slewingbearings.com\/wp-content\/uploads\/2024\/01\/SDE17-Slew-Drive-catalog.pdf\"><br \/>\n<img decoding=\"async\" src=\"https:\/\/slewingbearings.com\/wp-content\/uploads\/2024\/01\/pdf.png\" width=\"30\" height=\"30\"><\/a><\/td>\n<\/tr>\n<tr class=\"row-3\">\n\t<td class=\"column-1\">SDE17<\/td><td class=\"column-2\">Azimuth<\/td><td class=\"column-3\">14760 lbf.ft<\/td><td class=\"column-4\">100\u00d710\u00b3 lbf.ft<\/td><td class=\"column-5\">53\u00d710\u00b3 lbf.ft<\/td><td class=\"column-6\">102:1<\/td><td class=\"column-7\">\u22640.2\u00b0<\/td><td class=\"column-8\">390kg<\/td><td class=\"column-9\"><a href=\"https:\/\/slewingbearings.com\/wp-content\/uploads\/2024\/01\/SDE17-Slew-Drive-catalog.pdf\"><br \/>\n<img decoding=\"async\" src=\"https:\/\/slewingbearings.com\/wp-content\/uploads\/2024\/01\/pdf.png\" width=\"30\" height=\"30\"><\/a><\/td>\n<\/tr>\n<tr class=\"row-4\">\n\t<td class=\"column-1\">SDE17<\/td><td class=\"column-2\">Elevation<\/td><td class=\"column-3\">20 KN.m<\/td><td class=\"column-4\">70 KN.m<\/td><td class=\"column-5\">68 KN.m<\/td><td class=\"column-6\">102:1<\/td><td class=\"column-7\">\u22640.2\u00b0<\/td><td class=\"column-8\">390kg<\/td><td class=\"column-9\"><a href=\"https:\/\/slewingbearings.com\/wp-content\/uploads\/2024\/01\/SDE17-Slew-Drive-catalog.pdf\"><br \/>\n<img decoding=\"async\" src=\"https:\/\/slewingbearings.com\/wp-content\/uploads\/2024\/01\/pdf.png\" width=\"30\" height=\"30\"><\/a><\/td>\n<\/tr>\n<tr class=\"row-5\">\n\t<td class=\"column-1\">SDE17<\/td><td class=\"column-2\">Elevation<\/td><td class=\"column-3\">14760 lbf.ft<\/td><td class=\"column-4\">52\u00d710\u00b3 lbf.ft<\/td><td class=\"column-5\">50\u00d710\u00b3 lbf.ft<\/td><td class=\"column-6\">102:1<\/td><td class=\"column-7\">\u22640.2\u00b0<\/td><td class=\"column-8\">390kg<\/td><td class=\"column-9\"><a href=\"https:\/\/slewingbearings.com\/wp-content\/uploads\/2024\/01\/SDE17-Slew-Drive-catalog.pdf\"><br \/>\n<img decoding=\"async\" src=\"https:\/\/slewingbearings.com\/wp-content\/uploads\/2024\/01\/pdf.png\" width=\"30\" height=\"30\"><\/a><\/td>\n<\/tr>\n<\/tbody>\n<\/table>\n<!-- #tablepress-22 from cache -->\n","protected":false},"excerpt":{"rendered":"<p>El dispositivo de accionamiento giratorio de la serie SDE se encuentra en la parte superior o inferior del eje vertical y est\u00e1 equipado con un sistema de accionamiento el\u00e9ctrico. Normalmente, se trata de un motor el\u00e9ctrico de alta eficiencia dise\u00f1ado de forma que pueda suministrar suficiente potencia para impulsar la rotaci\u00f3n de un eje vertical. La selecci\u00f3n y el dise\u00f1o de los motores el\u00e9ctricos dependen de las necesidades de la aplicaci\u00f3n espec\u00edfica y pueden implicar factores como la potencia, la velocidad y la eficiencia.  <\/p>\n","protected":false},"featured_media":11736,"comment_status":"open","ping_status":"closed","template":"","meta":{"content-type":""},"product_cat":[520,330],"product_tag":[534],"class_list":{"0":"post-11744","1":"product","2":"type-product","3":"status-publish","4":"has-post-thumbnail","6":"product_cat-mecanismo-de-girosde","7":"product_cat-slew-drive-es","8":"product_tag-sde17-mecanismo-de-giro","10":"first","11":"instock","12":"shipping-taxable","13":"product-type-simple"},"yoast_head":"<!-- This site is optimized with the Yoast SEO plugin v21.7 - https:\/\/yoast.com\/wordpress\/plugins\/seo\/ -->\n<title>SDE-17 Accionamiento de giro - ZZ Group<\/title>\n<meta name=\"description\" content=\"La estructura del dispositivo de accionamiento giratorio de la serie SDE tambi\u00e9n debe tener en cuenta la seguridad y la estabilidad para garantizar que todo el sistema permanezca estable.\" \/>\n<meta name=\"robots\" content=\"index, follow, max-snippet:-1, max-image-preview:large, max-video-preview:-1\" \/>\n<link rel=\"canonical\" href=\"https:\/\/slewingbearings.com\/product\/sde-17-slew-drive\/\" \/>\n<meta property=\"og:locale\" content=\"es_ES\" \/>\n<meta property=\"og:type\" content=\"article\" \/>\n<meta property=\"og:title\" content=\"SDE-17 Accionamiento de giro - ZZ Group\" \/>\n<meta property=\"og:description\" content=\"La estructura del dispositivo de accionamiento giratorio de la serie SDE tambi\u00e9n debe tener en cuenta la seguridad y la estabilidad para garantizar que todo el sistema permanezca estable.\" \/>\n<meta property=\"og:url\" content=\"https:\/\/slewingbearings.com\/product\/sde-17-slew-drive\/\" \/>\n<meta property=\"og:site_name\" content=\"ZZ Group\" \/>\n<meta property=\"og:image\" content=\"https:\/\/slewingbearings.com\/wp-content\/uploads\/2024\/01\/sde17-slew-drive-1.jpg\" \/>\n\t<meta property=\"og:image:width\" content=\"500\" \/>\n\t<meta property=\"og:image:height\" content=\"500\" \/>\n\t<meta property=\"og:image:type\" content=\"image\/jpeg\" \/>\n<meta name=\"twitter:card\" content=\"summary_large_image\" \/>\n<meta name=\"twitter:label1\" content=\"Tiempo de lectura\" \/>\n\t<meta name=\"twitter:data1\" content=\"1 minuto\" \/>\n<script type=\"application\/ld+json\" class=\"yoast-schema-graph\">{\"@context\":\"https:\/\/schema.org\",\"@graph\":[{\"@type\":\"WebPage\",\"@id\":\"https:\/\/slewingbearings.com\/product\/sde-17-slew-drive\/\",\"url\":\"https:\/\/slewingbearings.com\/product\/sde-17-slew-drive\/\",\"name\":\"SDE-17 Accionamiento de giro - ZZ Group\",\"isPartOf\":{\"@id\":\"https:\/\/slewingbearings.com\/#website\"},\"datePublished\":\"2024-01-15T06:51:37+00:00\",\"dateModified\":\"2024-01-15T06:51:37+00:00\",\"description\":\"La estructura del dispositivo de accionamiento giratorio de la serie SDE tambi\u00e9n debe tener en cuenta la seguridad y la estabilidad para garantizar que todo el sistema permanezca estable.\",\"breadcrumb\":{\"@id\":\"https:\/\/slewingbearings.com\/product\/sde-17-slew-drive\/#breadcrumb\"},\"inLanguage\":\"es\",\"potentialAction\":[{\"@type\":\"ReadAction\",\"target\":[\"https:\/\/slewingbearings.com\/product\/sde-17-slew-drive\/\"]}]},{\"@type\":\"BreadcrumbList\",\"@id\":\"https:\/\/slewingbearings.com\/product\/sde-17-slew-drive\/#breadcrumb\",\"itemListElement\":[{\"@type\":\"ListItem\",\"position\":1,\"name\":\"Home\",\"item\":\"https:\/\/slewingbearings.com\/es\/rodamientogiratorio-accionamiento-giratorio\/\"},{\"@type\":\"ListItem\",\"position\":2,\"name\":\"Shop\",\"item\":\"https:\/\/slewingbearings.com\/shop\/\"},{\"@type\":\"ListItem\",\"position\":3,\"name\":\"SDE-17 Accionamiento de giro\"}]},{\"@type\":\"WebSite\",\"@id\":\"https:\/\/slewingbearings.com\/#website\",\"url\":\"https:\/\/slewingbearings.com\/\",\"name\":\"ZZ Group\",\"description\":\"Leading Slewing Bearings in China\",\"potentialAction\":[{\"@type\":\"SearchAction\",\"target\":{\"@type\":\"EntryPoint\",\"urlTemplate\":\"https:\/\/slewingbearings.com\/?s={search_term_string}\"},\"query-input\":\"required name=search_term_string\"}],\"inLanguage\":\"es\"}]}<\/script>\n<!-- \/ Yoast SEO plugin. -->","yoast_head_json":{"title":"SDE-17 Accionamiento de giro - ZZ Group","description":"La estructura del dispositivo de accionamiento giratorio de la serie SDE tambi\u00e9n debe tener en cuenta la seguridad y la estabilidad para garantizar que todo el sistema permanezca estable.","robots":{"index":"index","follow":"follow","max-snippet":"max-snippet:-1","max-image-preview":"max-image-preview:large","max-video-preview":"max-video-preview:-1"},"canonical":"https:\/\/slewingbearings.com\/product\/sde-17-slew-drive\/","og_locale":"es_ES","og_type":"article","og_title":"SDE-17 Accionamiento de giro - ZZ Group","og_description":"La estructura del dispositivo de accionamiento giratorio de la serie SDE tambi\u00e9n debe tener en cuenta la seguridad y la estabilidad para garantizar que todo el sistema permanezca estable.","og_url":"https:\/\/slewingbearings.com\/product\/sde-17-slew-drive\/","og_site_name":"ZZ Group","og_image":[{"width":500,"height":500,"url":"https:\/\/slewingbearings.com\/wp-content\/uploads\/2024\/01\/sde17-slew-drive-1.jpg","type":"image\/jpeg"}],"twitter_card":"summary_large_image","twitter_misc":{"Tiempo de lectura":"1 minuto"},"schema":{"@context":"https:\/\/schema.org","@graph":[{"@type":"WebPage","@id":"https:\/\/slewingbearings.com\/product\/sde-17-slew-drive\/","url":"https:\/\/slewingbearings.com\/product\/sde-17-slew-drive\/","name":"SDE-17 Accionamiento de giro - ZZ Group","isPartOf":{"@id":"https:\/\/slewingbearings.com\/#website"},"datePublished":"2024-01-15T06:51:37+00:00","dateModified":"2024-01-15T06:51:37+00:00","description":"La estructura del dispositivo de accionamiento giratorio de la serie SDE tambi\u00e9n debe tener en cuenta la seguridad y la estabilidad para garantizar que todo el sistema permanezca estable.","breadcrumb":{"@id":"https:\/\/slewingbearings.com\/product\/sde-17-slew-drive\/#breadcrumb"},"inLanguage":"es","potentialAction":[{"@type":"ReadAction","target":["https:\/\/slewingbearings.com\/product\/sde-17-slew-drive\/"]}]},{"@type":"BreadcrumbList","@id":"https:\/\/slewingbearings.com\/product\/sde-17-slew-drive\/#breadcrumb","itemListElement":[{"@type":"ListItem","position":1,"name":"Home","item":"https:\/\/slewingbearings.com\/es\/rodamientogiratorio-accionamiento-giratorio\/"},{"@type":"ListItem","position":2,"name":"Shop","item":"https:\/\/slewingbearings.com\/shop\/"},{"@type":"ListItem","position":3,"name":"SDE-17 Accionamiento de giro"}]},{"@type":"WebSite","@id":"https:\/\/slewingbearings.com\/#website","url":"https:\/\/slewingbearings.com\/","name":"ZZ Group","description":"Leading Slewing Bearings in China","potentialAction":[{"@type":"SearchAction","target":{"@type":"EntryPoint","urlTemplate":"https:\/\/slewingbearings.com\/?s={search_term_string}"},"query-input":"required name=search_term_string"}],"inLanguage":"es"}]}},"_links":{"self":[{"href":"https:\/\/slewingbearings.com\/es\/wp-json\/wp\/v2\/product\/11744","targetHints":{"allow":["GET"]}}],"collection":[{"href":"https:\/\/slewingbearings.com\/es\/wp-json\/wp\/v2\/product"}],"about":[{"href":"https:\/\/slewingbearings.com\/es\/wp-json\/wp\/v2\/types\/product"}],"replies":[{"embeddable":true,"href":"https:\/\/slewingbearings.com\/es\/wp-json\/wp\/v2\/comments?post=11744"}],"wp:featuredmedia":[{"embeddable":true,"href":"https:\/\/slewingbearings.com\/es\/wp-json\/wp\/v2\/media\/11736"}],"wp:attachment":[{"href":"https:\/\/slewingbearings.com\/es\/wp-json\/wp\/v2\/media?parent=11744"}],"wp:term":[{"taxonomy":"product_cat","embeddable":true,"href":"https:\/\/slewingbearings.com\/es\/wp-json\/wp\/v2\/product_cat?post=11744"},{"taxonomy":"product_tag","embeddable":true,"href":"https:\/\/slewingbearings.com\/es\/wp-json\/wp\/v2\/product_tag?post=11744"}],"curies":[{"name":"wp","href":"https:\/\/api.w.org\/{rel}","templated":true}]}}