{"id":11733,"date":"2024-01-15T03:58:57","date_gmt":"2024-01-15T03:58:57","guid":{"rendered":"https:\/\/slewingbearings.com\/product\/mecanismo-de-girosde-7\/"},"modified":"2024-01-15T03:58:57","modified_gmt":"2024-01-15T03:58:57","slug":"mecanismo-de-girosde-7","status":"publish","type":"product","link":"https:\/\/slewingbearings.com\/es\/product\/mecanismo-de-girosde-7\/","title":{"rendered":"Mecanismo de giroSDE-7"},"content":{"rendered":"<p>Las caracter\u00edsticas estructurales de los accionamientos de giro SDE pueden variar en funci\u00f3n del campo de aplicaci\u00f3n y de los requisitos espec\u00edficos, pero en general, dichos dispositivos pueden incluir las siguientes caracter\u00edsticas estructurales:<\/p>\n<ul>\n<li>Dise\u00f1o de eje vertical: Los equipos se dise\u00f1an a menudo para incluir un eje vertical que permita la rotaci\u00f3n en direcci\u00f3n vertical. El dise\u00f1o de ejes verticales requiere consideraciones de fuerza y apoyo, a menudo utilizando sistemas de rodamientos especialmente dise\u00f1ados. <\/li>\n<li>Sistema de accionamiento el\u00e9ctrico: Normalmente incluye un motor el\u00e9ctrico para proporcionar energ\u00eda para la rotaci\u00f3n. Esto puede ser un motor el\u00e9ctrico conectado directamente al eje vertical , o la potencia se transfiere al eje vertical a trav\u00e9s de un tren de transmisi\u00f3n. <\/li>\n<li>Sistema de transmisi\u00f3n: se utiliza para transferir la rotaci\u00f3n del motor el\u00e9ctrico al eje vertical. El sistema de transmisi\u00f3n puede incluir engranajes, correas, cadenas, etc., que se seleccionan en funci\u00f3n de las necesidades espec\u00edficas. <\/li>\n<\/ul>\n\n<table id=\"tablepress-21\" class=\"tablepress tablepress-id-21\">\n<thead>\n<tr class=\"row-1\">\n\t<td class=\"column-1\"><\/td><th class=\"column-2\">Model<\/th><th class=\"column-3\">Output Torque<\/th><th class=\"column-4\">Tilting Moment Torque<\/th><th class=\"column-5\">Holding Torque<\/th><th class=\"column-6\">Gear Ratio<\/th><th class=\"column-7\">Tracking Precision<\/th><th class=\"column-8\">Weight<\/th><th class=\"column-9\">Drawing<\/th>\n<\/tr>\n<\/thead>\n<tbody class=\"row-striping row-hover\">\n<tr class=\"row-2\">\n\t<td class=\"column-1\">SDE7<\/td><td class=\"column-2\">Azimuth<\/td><td class=\"column-3\">1500 N.m<\/td><td class=\"column-4\">13500 N.m<\/td><td class=\"column-5\">10400 N.m<\/td><td class=\"column-6\">73:1<\/td><td class=\"column-7\">\u22640.2\u00b0<\/td><td class=\"column-8\">58kg<\/td><td class=\"column-9\"><a href=\"https:\/\/slewingbearings.com\/wp-content\/uploads\/2024\/01\/SDE7-Slew-Drive-catalog.pdf\"><br \/>\n<img decoding=\"async\" src=\"https:\/\/slewingbearings.com\/wp-content\/uploads\/2024\/01\/pdf.png\" width=\"30\" height=\"30\"><\/a><\/td>\n<\/tr>\n<tr class=\"row-3\">\n\t<td class=\"column-1\">SDE7<\/td><td class=\"column-2\">Azimuth<\/td><td class=\"column-3\">1107 lbf.ft<\/td><td class=\"column-4\">9957 lbf.ft<\/td><td class=\"column-5\">7671 lbf.ft<\/td><td class=\"column-6\">73:1<\/td><td class=\"column-7\">\u22640.2\u00b0<\/td><td class=\"column-8\">58kg<\/td><td class=\"column-9\"><a href=\"https:\/\/slewingbearings.com\/wp-content\/uploads\/2024\/01\/SDE7-Slew-Drive-catalog.pdf\"><br \/>\n<img decoding=\"async\" src=\"https:\/\/slewingbearings.com\/wp-content\/uploads\/2024\/01\/pdf.png\" width=\"30\" height=\"30\"><\/a><\/td>\n<\/tr>\n<tr class=\"row-4\">\n\t<td class=\"column-1\">SDE7<\/td><td class=\"column-2\">Elevation<\/td><td class=\"column-3\">2000 N.m<\/td><td class=\"column-4\">10 KN.m<\/td><td class=\"column-5\">9000 N.m<\/td><td class=\"column-6\">28:1<\/td><td class=\"column-7\">\u22640.2\u00b0<\/td><td class=\"column-8\">58kg<\/td><td class=\"column-9\"><a href=\"https:\/\/slewingbearings.com\/wp-content\/uploads\/2024\/01\/SDE7-Slew-Drive-catalog.pdf\"><br \/>\n<img decoding=\"async\" src=\"https:\/\/slewingbearings.com\/wp-content\/uploads\/2024\/01\/pdf.png\" width=\"30\" height=\"30\"><\/a><\/td>\n<\/tr>\n<tr class=\"row-5\">\n\t<td class=\"column-1\">SDE7<\/td><td class=\"column-2\">Elevation<\/td><td class=\"column-3\">1476 lbf.ft<\/td><td class=\"column-4\">7380 lbf.ft<\/td><td class=\"column-5\">6642 lbf.ft<\/td><td class=\"column-6\">28:1<\/td><td class=\"column-7\">\u22640.2\u00b0<\/td><td class=\"column-8\">58kg<\/td><td class=\"column-9\"><a href=\"https:\/\/slewingbearings.com\/wp-content\/uploads\/2024\/01\/SDE7-Slew-Drive-catalog.pdf\"><br \/>\n<img decoding=\"async\" src=\"https:\/\/slewingbearings.com\/wp-content\/uploads\/2024\/01\/pdf.png\" width=\"30\" height=\"30\"><\/a><\/td>\n<\/tr>\n<\/tbody>\n<\/table>\n<!-- #tablepress-21 from cache -->\n","protected":false},"excerpt":{"rendered":"<p>El dispositivo de giro SDE7 es un dispositivo mec\u00e1nico o el\u00e9ctrico especialmente dise\u00f1ado cuya funci\u00f3n principal es hacer girar un objeto en sentido vertical. Sus caracter\u00edsticas estructurales abarcan varios componentes clave para garantizar la precisi\u00f3n, estabilidad y controlabilidad de la rotaci\u00f3n. <\/p>\n<p>En el coraz\u00f3n del dispositivo se encuentra el dise\u00f1o de eje vertical . El eje vertical es el cuerpo principal del dispositivo y se encarga de soportar las fuerzas y presiones causadas por el movimiento de rotaci\u00f3n. Para garantizar la estabilidad y una rotaci\u00f3n suave, el eje vertical est\u00e1 equipado con un sistema de rodamientos especialmente dise\u00f1ado que reduce la fricci\u00f3n y proporciona apoyo.  <\/p>\n","protected":false},"featured_media":11734,"comment_status":"open","ping_status":"closed","template":"","meta":{"content-type":""},"product_cat":[520,330],"product_tag":[521],"class_list":{"0":"post-11733","1":"product","2":"type-product","3":"status-publish","4":"has-post-thumbnail","6":"product_cat-mecanismo-de-girosde","7":"product_cat-slew-drive-es","8":"product_tag-sde-mecanismo-de-giro","10":"first","11":"instock","12":"shipping-taxable","13":"product-type-simple"},"yoast_head":"<!-- This site is optimized with the Yoast SEO plugin v21.7 - https:\/\/yoast.com\/wordpress\/plugins\/seo\/ -->\n<title>Mecanismo de giroSDE-7 - ZZ Group<\/title>\n<meta name=\"description\" content=\"El accionamiento de giro de la serie SDE es una soluci\u00f3n de accionamiento de giro vertical con engranaje cerrado para aplicaciones de baja velocidad&lt;1 RPM) en exteriores.\" \/>\n<meta name=\"robots\" content=\"index, follow, max-snippet:-1, max-image-preview:large, max-video-preview:-1\" \/>\n<link rel=\"canonical\" href=\"https:\/\/slewingbearings.com\/product\/sde-7-slew-drive\/\" \/>\n<meta property=\"og:locale\" content=\"es_ES\" \/>\n<meta property=\"og:type\" content=\"article\" \/>\n<meta property=\"og:title\" content=\"Mecanismo de giroSDE-7 - ZZ Group\" \/>\n<meta property=\"og:description\" content=\"El accionamiento de giro de la serie SDE es una soluci\u00f3n de accionamiento de giro vertical con engranaje cerrado para aplicaciones de baja velocidad&lt;1 RPM) en exteriores.\" \/>\n<meta property=\"og:url\" content=\"https:\/\/slewingbearings.com\/product\/sde-7-slew-drive\/\" \/>\n<meta property=\"og:site_name\" content=\"ZZ Group\" \/>\n<meta property=\"og:image\" content=\"https:\/\/slewingbearings.com\/wp-content\/uploads\/2024\/01\/sde7-slew-drive-1.jpg\" \/>\n\t<meta property=\"og:image:width\" content=\"500\" \/>\n\t<meta property=\"og:image:height\" content=\"500\" \/>\n\t<meta property=\"og:image:type\" content=\"image\/jpeg\" \/>\n<meta name=\"twitter:card\" content=\"summary_large_image\" \/>\n<meta name=\"twitter:label1\" content=\"Tiempo de lectura\" \/>\n\t<meta name=\"twitter:data1\" content=\"1 minuto\" \/>\n<script type=\"application\/ld+json\" class=\"yoast-schema-graph\">{\"@context\":\"https:\/\/schema.org\",\"@graph\":[{\"@type\":\"WebPage\",\"@id\":\"https:\/\/slewingbearings.com\/product\/sde-7-slew-drive\/\",\"url\":\"https:\/\/slewingbearings.com\/product\/sde-7-slew-drive\/\",\"name\":\"Mecanismo de giroSDE-7 - ZZ Group\",\"isPartOf\":{\"@id\":\"https:\/\/slewingbearings.com\/#website\"},\"datePublished\":\"2024-01-15T03:58:57+00:00\",\"dateModified\":\"2024-01-15T03:58:57+00:00\",\"description\":\"El accionamiento de giro de la serie SDE es una soluci\u00f3n de accionamiento de giro vertical con engranaje cerrado para aplicaciones de baja velocidad&lt;1 RPM) en exteriores.\",\"breadcrumb\":{\"@id\":\"https:\/\/slewingbearings.com\/product\/sde-7-slew-drive\/#breadcrumb\"},\"inLanguage\":\"es\",\"potentialAction\":[{\"@type\":\"ReadAction\",\"target\":[\"https:\/\/slewingbearings.com\/product\/sde-7-slew-drive\/\"]}]},{\"@type\":\"BreadcrumbList\",\"@id\":\"https:\/\/slewingbearings.com\/product\/sde-7-slew-drive\/#breadcrumb\",\"itemListElement\":[{\"@type\":\"ListItem\",\"position\":1,\"name\":\"Home\",\"item\":\"https:\/\/slewingbearings.com\/es\/rodamientogiratorio-accionamiento-giratorio\/\"},{\"@type\":\"ListItem\",\"position\":2,\"name\":\"Shop\",\"item\":\"https:\/\/slewingbearings.com\/shop\/\"},{\"@type\":\"ListItem\",\"position\":3,\"name\":\"Mecanismo de giroSDE-7\"}]},{\"@type\":\"WebSite\",\"@id\":\"https:\/\/slewingbearings.com\/#website\",\"url\":\"https:\/\/slewingbearings.com\/\",\"name\":\"ZZ Group\",\"description\":\"Leading Slewing Bearings in China\",\"potentialAction\":[{\"@type\":\"SearchAction\",\"target\":{\"@type\":\"EntryPoint\",\"urlTemplate\":\"https:\/\/slewingbearings.com\/?s={search_term_string}\"},\"query-input\":\"required name=search_term_string\"}],\"inLanguage\":\"es\"}]}<\/script>\n<!-- \/ Yoast SEO plugin. -->","yoast_head_json":{"title":"Mecanismo de giroSDE-7 - ZZ Group","description":"El accionamiento de giro de la serie SDE es una soluci\u00f3n de accionamiento de giro vertical con engranaje cerrado para aplicaciones de baja velocidad&lt;1 RPM) en exteriores.","robots":{"index":"index","follow":"follow","max-snippet":"max-snippet:-1","max-image-preview":"max-image-preview:large","max-video-preview":"max-video-preview:-1"},"canonical":"https:\/\/slewingbearings.com\/product\/sde-7-slew-drive\/","og_locale":"es_ES","og_type":"article","og_title":"Mecanismo de giroSDE-7 - ZZ Group","og_description":"El accionamiento de giro de la serie SDE es una soluci\u00f3n de accionamiento de giro vertical con engranaje cerrado para aplicaciones de baja velocidad&lt;1 RPM) en exteriores.","og_url":"https:\/\/slewingbearings.com\/product\/sde-7-slew-drive\/","og_site_name":"ZZ Group","og_image":[{"width":500,"height":500,"url":"https:\/\/slewingbearings.com\/wp-content\/uploads\/2024\/01\/sde7-slew-drive-1.jpg","type":"image\/jpeg"}],"twitter_card":"summary_large_image","twitter_misc":{"Tiempo de lectura":"1 minuto"},"schema":{"@context":"https:\/\/schema.org","@graph":[{"@type":"WebPage","@id":"https:\/\/slewingbearings.com\/product\/sde-7-slew-drive\/","url":"https:\/\/slewingbearings.com\/product\/sde-7-slew-drive\/","name":"Mecanismo de giroSDE-7 - ZZ Group","isPartOf":{"@id":"https:\/\/slewingbearings.com\/#website"},"datePublished":"2024-01-15T03:58:57+00:00","dateModified":"2024-01-15T03:58:57+00:00","description":"El accionamiento de giro de la serie SDE es una soluci\u00f3n de accionamiento de giro vertical con engranaje cerrado para aplicaciones de baja velocidad&lt;1 RPM) en exteriores.","breadcrumb":{"@id":"https:\/\/slewingbearings.com\/product\/sde-7-slew-drive\/#breadcrumb"},"inLanguage":"es","potentialAction":[{"@type":"ReadAction","target":["https:\/\/slewingbearings.com\/product\/sde-7-slew-drive\/"]}]},{"@type":"BreadcrumbList","@id":"https:\/\/slewingbearings.com\/product\/sde-7-slew-drive\/#breadcrumb","itemListElement":[{"@type":"ListItem","position":1,"name":"Home","item":"https:\/\/slewingbearings.com\/es\/rodamientogiratorio-accionamiento-giratorio\/"},{"@type":"ListItem","position":2,"name":"Shop","item":"https:\/\/slewingbearings.com\/shop\/"},{"@type":"ListItem","position":3,"name":"Mecanismo de giroSDE-7"}]},{"@type":"WebSite","@id":"https:\/\/slewingbearings.com\/#website","url":"https:\/\/slewingbearings.com\/","name":"ZZ Group","description":"Leading Slewing Bearings in China","potentialAction":[{"@type":"SearchAction","target":{"@type":"EntryPoint","urlTemplate":"https:\/\/slewingbearings.com\/?s={search_term_string}"},"query-input":"required name=search_term_string"}],"inLanguage":"es"}]}},"_links":{"self":[{"href":"https:\/\/slewingbearings.com\/es\/wp-json\/wp\/v2\/product\/11733","targetHints":{"allow":["GET"]}}],"collection":[{"href":"https:\/\/slewingbearings.com\/es\/wp-json\/wp\/v2\/product"}],"about":[{"href":"https:\/\/slewingbearings.com\/es\/wp-json\/wp\/v2\/types\/product"}],"replies":[{"embeddable":true,"href":"https:\/\/slewingbearings.com\/es\/wp-json\/wp\/v2\/comments?post=11733"}],"wp:featuredmedia":[{"embeddable":true,"href":"https:\/\/slewingbearings.com\/es\/wp-json\/wp\/v2\/media\/11734"}],"wp:attachment":[{"href":"https:\/\/slewingbearings.com\/es\/wp-json\/wp\/v2\/media?parent=11733"}],"wp:term":[{"taxonomy":"product_cat","embeddable":true,"href":"https:\/\/slewingbearings.com\/es\/wp-json\/wp\/v2\/product_cat?post=11733"},{"taxonomy":"product_tag","embeddable":true,"href":"https:\/\/slewingbearings.com\/es\/wp-json\/wp\/v2\/product_tag?post=11733"}],"curies":[{"name":"wp","href":"https:\/\/api.w.org\/{rel}","templated":true}]}}