{"id":11725,"date":"2024-01-15T02:35:32","date_gmt":"2024-01-15T02:35:32","guid":{"rendered":"https:\/\/slewingbearings.com\/product\/mecanismo-de-giro-se-25\/"},"modified":"2024-01-15T02:35:32","modified_gmt":"2024-01-15T02:35:32","slug":"mecanismo-de-giro-se-25","status":"publish","type":"product","link":"https:\/\/slewingbearings.com\/es\/product\/mecanismo-de-giro-se-25\/","title":{"rendered":"Mecanismo de giro SE-25"},"content":{"rendered":"<p>Los accionamientos de giro se utilizan ampliamente en el campo de la maquinaria de ingenier\u00eda, y su funci\u00f3n principal es realizar el movimiento de rotaci\u00f3n de los equipos mec\u00e1nicos. Las siguientes son algunas aplicaciones comunes de los accionamientos de giro en maquinaria de construcci\u00f3n: <\/p>\n<p>Excavadoras y equipos de excavaci\u00f3n: Las transmisiones de giro se utilizan para implementar el chasis giratorio de las excavadoras y otros equipos de excavaci\u00f3n, lo que les permite girar 360 grados. Esto es importante para un posicionamiento y orientaci\u00f3n precisos durante las operaciones de movimiento de tierras, excavaci\u00f3n y construcci\u00f3n. <\/p>\n<p>Gr\u00faa torre: Las gr\u00faas torre en las obras de construcci\u00f3n a menudo necesitan implementar movimientos de giro para garantizar que la pluma pueda posicionarse con precisi\u00f3n y cubrir toda el \u00e1rea de trabajo. El mecanismo de giro se utiliza para realizar la funci\u00f3n de rotaci\u00f3n de la gr\u00faa torre. <\/p>\n\n<table id=\"tablepress-20\" class=\"tablepress tablepress-id-20\">\n<thead>\n<tr class=\"row-1\">\n\t<th class=\"column-1\">Model<\/th><th class=\"column-2\">Output Torque<\/th><th class=\"column-3\">Tilting Moment Torque<\/th><th class=\"column-4\">Holding Torque<\/th><th class=\"column-5\">Gear Ratio<\/th><th class=\"column-6\">Tracking Precision<\/th><th class=\"column-7\">Weight<\/th><th class=\"column-8\">Drawing<\/th>\n<\/tr>\n<\/thead>\n<tbody class=\"row-striping row-hover\">\n<tr class=\"row-2\">\n\t<td class=\"column-1\">SE25<\/td><td class=\"column-2\">18 KN.m<\/td><td class=\"column-3\">271 KN.m<\/td><td class=\"column-4\">158.3 KN.m<\/td><td class=\"column-5\">150:1<\/td><td class=\"column-6\">0.15\u00b0<\/td><td class=\"column-7\">204kg<\/td><td class=\"column-8\"><a href=\"https:\/\/slewingbearings.com\/wp-content\/uploads\/2024\/01\/SE25-Slew-Drive-catalog.pdf\"><br \/>\n<img decoding=\"async\" src=\"https:\/\/slewingbearings.com\/wp-content\/uploads\/2024\/01\/pdf.png\" width=\"30\" height=\"30\"><\/a><\/td>\n<\/tr>\n<tr class=\"row-3\">\n\t<td class=\"column-1\">SE25<\/td><td class=\"column-2\">13300 lbf.ft<\/td><td class=\"column-3\">200\u00d710\u00b3 lbf.ft<\/td><td class=\"column-4\">117\u00d710\u00b3 lbf.ft<\/td><td class=\"column-5\">150:1<\/td><td class=\"column-6\">0.15\u00b0<\/td><td class=\"column-7\">204kg<\/td><td class=\"column-8\"><a href=\"https:\/\/slewingbearings.com\/wp-content\/uploads\/2024\/01\/SE25-Slew-Drive-catalog.pdf\"><br \/>\n<img decoding=\"async\" src=\"https:\/\/slewingbearings.com\/wp-content\/uploads\/2024\/01\/pdf.png\" width=\"30\" height=\"30\"><\/a><\/td>\n<\/tr>\n<\/tbody>\n<\/table>\n<!-- #tablepress-20 from cache -->\n","protected":false},"excerpt":{"rendered":"<p>La estructura principal del mecanismo de giro incluye anillos exterior e interior, sistemas de engranajes, motores, reductores, sistemas de rodamientos, juntas y componentes de protecci\u00f3n. El anillo exterior suele estar fijo en el sistema mec\u00e1nico, mientras que el anillo interior est\u00e1 conectado al equipo mec\u00e1nico y gira a trav\u00e9s del sistema de accionamiento. El sistema de engranajes es el mecanismo de transmisi\u00f3n clave, que se compone de engranajes fabricados con precisi\u00f3n para lograr una rotaci\u00f3n suave de los anillos interior y exterior. El motor proporciona el par de rotaci\u00f3n, el reductor se utiliza para reducir la velocidad de rotaci\u00f3n, el sistema de rodamientos se utiliza para soportar y guiar el movimiento de rotaci\u00f3n, y las medidas de sellado y protecci\u00f3n garantizan el funcionamiento estable de los componentes mec\u00e1nicos internos.   <\/p>\n","protected":false},"featured_media":11726,"comment_status":"open","ping_status":"closed","template":"","meta":{"content-type":""},"product_cat":[337,330],"product_tag":[513],"class_list":{"0":"post-11725","1":"product","2":"type-product","3":"status-publish","4":"has-post-thumbnail","6":"product_cat-se-pe-slew-drive-es","7":"product_cat-slew-drive-es","8":"product_tag-mecanismo-de-giro-se25","10":"first","11":"instock","12":"shipping-taxable","13":"product-type-simple"},"yoast_head":"<!-- This site is optimized with the Yoast SEO plugin v21.7 - https:\/\/yoast.com\/wordpress\/plugins\/seo\/ -->\n<title>Mecanismo de giro SE-25 - ZZ Group<\/title>\n<meta name=\"description\" content=\"La estructura principal del mecanismo de giro SE25 incluye anillos exteriores e interiores, sistemas de engranajes, motores, reductores, sistemas de rodamientos, juntas y componentes de protecci\u00f3n.\" \/>\n<meta name=\"robots\" content=\"index, follow, max-snippet:-1, max-image-preview:large, max-video-preview:-1\" \/>\n<link rel=\"canonical\" href=\"https:\/\/slewingbearings.com\/product\/se-25-slew-drive\/\" \/>\n<meta property=\"og:locale\" content=\"es_ES\" \/>\n<meta property=\"og:type\" content=\"article\" \/>\n<meta property=\"og:title\" content=\"Mecanismo de giro SE-25 - ZZ Group\" \/>\n<meta property=\"og:description\" content=\"La estructura principal del mecanismo de giro SE25 incluye anillos exteriores e interiores, sistemas de engranajes, motores, reductores, sistemas de rodamientos, juntas y componentes de protecci\u00f3n.\" \/>\n<meta property=\"og:url\" content=\"https:\/\/slewingbearings.com\/product\/se-25-slew-drive\/\" \/>\n<meta property=\"og:site_name\" content=\"ZZ Group\" \/>\n<meta property=\"og:image\" content=\"https:\/\/slewingbearings.com\/wp-content\/uploads\/2024\/01\/se25.jpg\" \/>\n\t<meta property=\"og:image:width\" content=\"500\" \/>\n\t<meta property=\"og:image:height\" content=\"500\" \/>\n\t<meta property=\"og:image:type\" content=\"image\/jpeg\" \/>\n<meta name=\"twitter:card\" content=\"summary_large_image\" \/>\n<meta name=\"twitter:label1\" content=\"Tiempo de lectura\" \/>\n\t<meta name=\"twitter:data1\" content=\"1 minuto\" \/>\n<script type=\"application\/ld+json\" class=\"yoast-schema-graph\">{\"@context\":\"https:\/\/schema.org\",\"@graph\":[{\"@type\":\"WebPage\",\"@id\":\"https:\/\/slewingbearings.com\/product\/se-25-slew-drive\/\",\"url\":\"https:\/\/slewingbearings.com\/product\/se-25-slew-drive\/\",\"name\":\"Mecanismo de giro SE-25 - ZZ Group\",\"isPartOf\":{\"@id\":\"https:\/\/slewingbearings.com\/#website\"},\"datePublished\":\"2024-01-15T02:35:32+00:00\",\"dateModified\":\"2024-01-15T02:35:32+00:00\",\"description\":\"La estructura principal del mecanismo de giro SE25 incluye anillos exteriores e interiores, sistemas de engranajes, motores, reductores, sistemas de rodamientos, juntas y componentes de protecci\u00f3n.\",\"breadcrumb\":{\"@id\":\"https:\/\/slewingbearings.com\/product\/se-25-slew-drive\/#breadcrumb\"},\"inLanguage\":\"es\",\"potentialAction\":[{\"@type\":\"ReadAction\",\"target\":[\"https:\/\/slewingbearings.com\/product\/se-25-slew-drive\/\"]}]},{\"@type\":\"BreadcrumbList\",\"@id\":\"https:\/\/slewingbearings.com\/product\/se-25-slew-drive\/#breadcrumb\",\"itemListElement\":[{\"@type\":\"ListItem\",\"position\":1,\"name\":\"Home\",\"item\":\"https:\/\/slewingbearings.com\/es\/rodamientogiratorio-accionamiento-giratorio\/\"},{\"@type\":\"ListItem\",\"position\":2,\"name\":\"Shop\",\"item\":\"https:\/\/slewingbearings.com\/shop\/\"},{\"@type\":\"ListItem\",\"position\":3,\"name\":\"Mecanismo de giro SE-25\"}]},{\"@type\":\"WebSite\",\"@id\":\"https:\/\/slewingbearings.com\/#website\",\"url\":\"https:\/\/slewingbearings.com\/\",\"name\":\"ZZ Group\",\"description\":\"Leading Slewing Bearings in China\",\"potentialAction\":[{\"@type\":\"SearchAction\",\"target\":{\"@type\":\"EntryPoint\",\"urlTemplate\":\"https:\/\/slewingbearings.com\/?s={search_term_string}\"},\"query-input\":\"required name=search_term_string\"}],\"inLanguage\":\"es\"}]}<\/script>\n<!-- \/ Yoast SEO plugin. -->","yoast_head_json":{"title":"Mecanismo de giro SE-25 - ZZ Group","description":"La estructura principal del mecanismo de giro SE25 incluye anillos exteriores e interiores, sistemas de engranajes, motores, reductores, sistemas de rodamientos, juntas y componentes de protecci\u00f3n.","robots":{"index":"index","follow":"follow","max-snippet":"max-snippet:-1","max-image-preview":"max-image-preview:large","max-video-preview":"max-video-preview:-1"},"canonical":"https:\/\/slewingbearings.com\/product\/se-25-slew-drive\/","og_locale":"es_ES","og_type":"article","og_title":"Mecanismo de giro SE-25 - ZZ Group","og_description":"La estructura principal del mecanismo de giro SE25 incluye anillos exteriores e interiores, sistemas de engranajes, motores, reductores, sistemas de rodamientos, juntas y componentes de protecci\u00f3n.","og_url":"https:\/\/slewingbearings.com\/product\/se-25-slew-drive\/","og_site_name":"ZZ Group","og_image":[{"width":500,"height":500,"url":"https:\/\/slewingbearings.com\/wp-content\/uploads\/2024\/01\/se25.jpg","type":"image\/jpeg"}],"twitter_card":"summary_large_image","twitter_misc":{"Tiempo de lectura":"1 minuto"},"schema":{"@context":"https:\/\/schema.org","@graph":[{"@type":"WebPage","@id":"https:\/\/slewingbearings.com\/product\/se-25-slew-drive\/","url":"https:\/\/slewingbearings.com\/product\/se-25-slew-drive\/","name":"Mecanismo de giro SE-25 - ZZ Group","isPartOf":{"@id":"https:\/\/slewingbearings.com\/#website"},"datePublished":"2024-01-15T02:35:32+00:00","dateModified":"2024-01-15T02:35:32+00:00","description":"La estructura principal del mecanismo de giro SE25 incluye anillos exteriores e interiores, sistemas de engranajes, motores, reductores, sistemas de rodamientos, juntas y componentes de protecci\u00f3n.","breadcrumb":{"@id":"https:\/\/slewingbearings.com\/product\/se-25-slew-drive\/#breadcrumb"},"inLanguage":"es","potentialAction":[{"@type":"ReadAction","target":["https:\/\/slewingbearings.com\/product\/se-25-slew-drive\/"]}]},{"@type":"BreadcrumbList","@id":"https:\/\/slewingbearings.com\/product\/se-25-slew-drive\/#breadcrumb","itemListElement":[{"@type":"ListItem","position":1,"name":"Home","item":"https:\/\/slewingbearings.com\/es\/rodamientogiratorio-accionamiento-giratorio\/"},{"@type":"ListItem","position":2,"name":"Shop","item":"https:\/\/slewingbearings.com\/shop\/"},{"@type":"ListItem","position":3,"name":"Mecanismo de giro SE-25"}]},{"@type":"WebSite","@id":"https:\/\/slewingbearings.com\/#website","url":"https:\/\/slewingbearings.com\/","name":"ZZ Group","description":"Leading Slewing Bearings in China","potentialAction":[{"@type":"SearchAction","target":{"@type":"EntryPoint","urlTemplate":"https:\/\/slewingbearings.com\/?s={search_term_string}"},"query-input":"required name=search_term_string"}],"inLanguage":"es"}]}},"_links":{"self":[{"href":"https:\/\/slewingbearings.com\/es\/wp-json\/wp\/v2\/product\/11725","targetHints":{"allow":["GET"]}}],"collection":[{"href":"https:\/\/slewingbearings.com\/es\/wp-json\/wp\/v2\/product"}],"about":[{"href":"https:\/\/slewingbearings.com\/es\/wp-json\/wp\/v2\/types\/product"}],"replies":[{"embeddable":true,"href":"https:\/\/slewingbearings.com\/es\/wp-json\/wp\/v2\/comments?post=11725"}],"wp:featuredmedia":[{"embeddable":true,"href":"https:\/\/slewingbearings.com\/es\/wp-json\/wp\/v2\/media\/11726"}],"wp:attachment":[{"href":"https:\/\/slewingbearings.com\/es\/wp-json\/wp\/v2\/media?parent=11725"}],"wp:term":[{"taxonomy":"product_cat","embeddable":true,"href":"https:\/\/slewingbearings.com\/es\/wp-json\/wp\/v2\/product_cat?post=11725"},{"taxonomy":"product_tag","embeddable":true,"href":"https:\/\/slewingbearings.com\/es\/wp-json\/wp\/v2\/product_tag?post=11725"}],"curies":[{"name":"wp","href":"https:\/\/api.w.org\/{rel}","templated":true}]}}