{"id":11722,"date":"2024-01-15T02:04:05","date_gmt":"2024-01-15T02:04:05","guid":{"rendered":"https:\/\/slewingbearings.com\/product\/mecanismo-de-giro-se-21\/"},"modified":"2024-01-15T02:04:05","modified_gmt":"2024-01-15T02:04:05","slug":"mecanismo-de-giro-se-21","status":"publish","type":"product","link":"https:\/\/slewingbearings.com\/es\/product\/mecanismo-de-giro-se-21\/","title":{"rendered":"Mecanismo de giro SE-21"},"content":{"rendered":"<p>El accionamiento de giro desempe\u00f1a un papel clave en el sistema fotot\u00e9rmico fotovoltaico (CSP, Concentrated Solar Power), y se utiliza principalmente para lograr un seguimiento preciso del sistema de enfoque solar y la rotaci\u00f3n del concentrador. El sistema fotot\u00e9rmico fotovoltaico es una tecnolog\u00eda que utiliza la energ\u00eda solar a alta temperatura para generar electricidad mediante la focalizaci\u00f3n de la luz solar en un colector. <\/p>\n<p>En los sistemas fotovoltaicos fotot\u00e9rmicos, para que el concentrador (reflector u otro dispositivo de concentraci\u00f3n) est\u00e9 siempre orientado hacia el sol, se utiliza el accionamiento de giro para controlar la rotaci\u00f3n del concentrador. Ajustando la direcci\u00f3n del concentrador en tiempo real, el sistema puede maximizar el uso de la energ\u00eda solar y garantizar que la luz se concentra con precisi\u00f3n en el colector. <\/p>\n\n<table id=\"tablepress-19\" class=\"tablepress tablepress-id-19\">\n<thead>\n<tr class=\"row-1\">\n\t<th class=\"column-1\">Model<\/th><th class=\"column-2\">Output Torque<\/th><th class=\"column-3\">Tilting Moment Torque<\/th><th class=\"column-4\">Holding Torque<\/th><th class=\"column-5\">Gear Ratio<\/th><th class=\"column-6\">Tracking Precision<\/th><th class=\"column-7\">Weight<\/th><th class=\"column-8\">Drawing<\/th>\n<\/tr>\n<\/thead>\n<tbody class=\"row-striping row-hover\">\n<tr class=\"row-2\">\n\t<td class=\"column-1\">SE21<\/td><td class=\"column-2\">15 KN.m<\/td><td class=\"column-3\">203 KN.m<\/td><td class=\"column-4\">105.8 KN.m<\/td><td class=\"column-5\">125:1<\/td><td class=\"column-6\">0.15\u00b0<\/td><td class=\"column-7\">149kg<\/td><td class=\"column-8\"><a href=\"https:\/\/slewingbearings.com\/wp-content\/uploads\/2024\/01\/SE21-Slew-Drive-catalog.pdf\"><br \/>\n<img decoding=\"async\" src=\"https:\/\/slewingbearings.com\/wp-content\/uploads\/2024\/01\/pdf.png\" width=\"30\" height=\"30\"><\/a><\/td>\n<\/tr>\n<tr class=\"row-3\">\n\t<td class=\"column-1\">SE21<\/td><td class=\"column-2\">1100 lbf.ft<\/td><td class=\"column-3\">150\u00d710\u00b3 lbf.ft<\/td><td class=\"column-4\">78\u00d710\u00b3 lbf.ft<\/td><td class=\"column-5\">125:1<\/td><td class=\"column-6\">0.15\u00b0<\/td><td class=\"column-7\">149kg<\/td><td class=\"column-8\"><a href=\"https:\/\/slewingbearings.com\/wp-content\/uploads\/2024\/01\/SE21-Slew-Drive-catalog.pdf\"><br \/>\n<img decoding=\"async\" src=\"https:\/\/slewingbearings.com\/wp-content\/uploads\/2024\/01\/pdf.png\" width=\"30\" height=\"30\"><\/a><\/td>\n<\/tr>\n<\/tbody>\n<\/table>\n<!-- #tablepress-19 from cache -->\n","protected":false},"excerpt":{"rendered":"<p>La aplicaci\u00f3n de accionamientos de giro en sistemas fotot\u00e9rmicos fotovoltaicos permite que todo el sistema utilice la energ\u00eda solar de forma m\u00e1s eficiente, aumente la producci\u00f3n de energ\u00eda y sea m\u00e1s fiable y flexible en el funcionamiento diario. Esto es crucial para el \u00e9xito de proyectos como las centrales solares a gran escala. <\/p>\n","protected":false},"featured_media":11723,"comment_status":"open","ping_status":"closed","template":"","meta":{"content-type":""},"product_cat":[337,330],"product_tag":[420],"class_list":{"0":"post-11722","1":"product","2":"type-product","3":"status-publish","4":"has-post-thumbnail","6":"product_cat-se-pe-slew-drive-es","7":"product_cat-slew-drive-es","8":"product_tag-se17-slew-drive-es","10":"first","11":"instock","12":"shipping-taxable","13":"product-type-simple"},"yoast_head":"<!-- This site is optimized with the Yoast SEO plugin v21.7 - https:\/\/yoast.com\/wordpress\/plugins\/seo\/ -->\n<title>Mecanismo de giro SE-21 - ZZ Group<\/title>\n<meta name=\"description\" content=\"El sistema de accionamiento giratorio SE21 maximiza la temperatura controlando la posici\u00f3n del colector, asegurando que se encuentra en el punto focal.\" \/>\n<meta name=\"robots\" content=\"index, follow, max-snippet:-1, max-image-preview:large, max-video-preview:-1\" \/>\n<link rel=\"canonical\" href=\"https:\/\/slewingbearings.com\/product\/se-21-slew-drive\/\" \/>\n<meta property=\"og:locale\" content=\"es_ES\" \/>\n<meta property=\"og:type\" content=\"article\" \/>\n<meta property=\"og:title\" content=\"Mecanismo de giro SE-21 - ZZ Group\" \/>\n<meta property=\"og:description\" content=\"El sistema de accionamiento giratorio SE21 maximiza la temperatura controlando la posici\u00f3n del colector, asegurando que se encuentra en el punto focal.\" \/>\n<meta property=\"og:url\" content=\"https:\/\/slewingbearings.com\/product\/se-21-slew-drive\/\" \/>\n<meta property=\"og:site_name\" content=\"ZZ Group\" \/>\n<meta property=\"og:image\" content=\"https:\/\/slewingbearings.com\/wp-content\/uploads\/2024\/01\/se21.jpg\" \/>\n\t<meta property=\"og:image:width\" content=\"500\" \/>\n\t<meta property=\"og:image:height\" content=\"500\" \/>\n\t<meta property=\"og:image:type\" content=\"image\/jpeg\" \/>\n<meta name=\"twitter:card\" content=\"summary_large_image\" \/>\n<meta name=\"twitter:label1\" content=\"Tiempo de lectura\" \/>\n\t<meta name=\"twitter:data1\" content=\"1 minuto\" \/>\n<script type=\"application\/ld+json\" class=\"yoast-schema-graph\">{\"@context\":\"https:\/\/schema.org\",\"@graph\":[{\"@type\":\"WebPage\",\"@id\":\"https:\/\/slewingbearings.com\/product\/se-21-slew-drive\/\",\"url\":\"https:\/\/slewingbearings.com\/product\/se-21-slew-drive\/\",\"name\":\"Mecanismo de giro SE-21 - ZZ Group\",\"isPartOf\":{\"@id\":\"https:\/\/slewingbearings.com\/#website\"},\"datePublished\":\"2024-01-15T02:04:05+00:00\",\"dateModified\":\"2024-01-15T02:04:05+00:00\",\"description\":\"El sistema de accionamiento giratorio SE21 maximiza la temperatura controlando la posici\u00f3n del colector, asegurando que se encuentra en el punto focal.\",\"breadcrumb\":{\"@id\":\"https:\/\/slewingbearings.com\/product\/se-21-slew-drive\/#breadcrumb\"},\"inLanguage\":\"es\",\"potentialAction\":[{\"@type\":\"ReadAction\",\"target\":[\"https:\/\/slewingbearings.com\/product\/se-21-slew-drive\/\"]}]},{\"@type\":\"BreadcrumbList\",\"@id\":\"https:\/\/slewingbearings.com\/product\/se-21-slew-drive\/#breadcrumb\",\"itemListElement\":[{\"@type\":\"ListItem\",\"position\":1,\"name\":\"Home\",\"item\":\"https:\/\/slewingbearings.com\/es\/rodamientogiratorio-accionamiento-giratorio\/\"},{\"@type\":\"ListItem\",\"position\":2,\"name\":\"Shop\",\"item\":\"https:\/\/slewingbearings.com\/shop\/\"},{\"@type\":\"ListItem\",\"position\":3,\"name\":\"Mecanismo de giro SE-21\"}]},{\"@type\":\"WebSite\",\"@id\":\"https:\/\/slewingbearings.com\/#website\",\"url\":\"https:\/\/slewingbearings.com\/\",\"name\":\"ZZ Group\",\"description\":\"Leading Slewing Bearings in China\",\"potentialAction\":[{\"@type\":\"SearchAction\",\"target\":{\"@type\":\"EntryPoint\",\"urlTemplate\":\"https:\/\/slewingbearings.com\/?s={search_term_string}\"},\"query-input\":\"required name=search_term_string\"}],\"inLanguage\":\"es\"}]}<\/script>\n<!-- \/ Yoast SEO plugin. -->","yoast_head_json":{"title":"Mecanismo de giro SE-21 - ZZ Group","description":"El sistema de accionamiento giratorio SE21 maximiza la temperatura controlando la posici\u00f3n del colector, asegurando que se encuentra en el punto focal.","robots":{"index":"index","follow":"follow","max-snippet":"max-snippet:-1","max-image-preview":"max-image-preview:large","max-video-preview":"max-video-preview:-1"},"canonical":"https:\/\/slewingbearings.com\/product\/se-21-slew-drive\/","og_locale":"es_ES","og_type":"article","og_title":"Mecanismo de giro SE-21 - ZZ Group","og_description":"El sistema de accionamiento giratorio SE21 maximiza la temperatura controlando la posici\u00f3n del colector, asegurando que se encuentra en el punto focal.","og_url":"https:\/\/slewingbearings.com\/product\/se-21-slew-drive\/","og_site_name":"ZZ Group","og_image":[{"width":500,"height":500,"url":"https:\/\/slewingbearings.com\/wp-content\/uploads\/2024\/01\/se21.jpg","type":"image\/jpeg"}],"twitter_card":"summary_large_image","twitter_misc":{"Tiempo de lectura":"1 minuto"},"schema":{"@context":"https:\/\/schema.org","@graph":[{"@type":"WebPage","@id":"https:\/\/slewingbearings.com\/product\/se-21-slew-drive\/","url":"https:\/\/slewingbearings.com\/product\/se-21-slew-drive\/","name":"Mecanismo de giro SE-21 - ZZ Group","isPartOf":{"@id":"https:\/\/slewingbearings.com\/#website"},"datePublished":"2024-01-15T02:04:05+00:00","dateModified":"2024-01-15T02:04:05+00:00","description":"El sistema de accionamiento giratorio SE21 maximiza la temperatura controlando la posici\u00f3n del colector, asegurando que se encuentra en el punto focal.","breadcrumb":{"@id":"https:\/\/slewingbearings.com\/product\/se-21-slew-drive\/#breadcrumb"},"inLanguage":"es","potentialAction":[{"@type":"ReadAction","target":["https:\/\/slewingbearings.com\/product\/se-21-slew-drive\/"]}]},{"@type":"BreadcrumbList","@id":"https:\/\/slewingbearings.com\/product\/se-21-slew-drive\/#breadcrumb","itemListElement":[{"@type":"ListItem","position":1,"name":"Home","item":"https:\/\/slewingbearings.com\/es\/rodamientogiratorio-accionamiento-giratorio\/"},{"@type":"ListItem","position":2,"name":"Shop","item":"https:\/\/slewingbearings.com\/shop\/"},{"@type":"ListItem","position":3,"name":"Mecanismo de giro SE-21"}]},{"@type":"WebSite","@id":"https:\/\/slewingbearings.com\/#website","url":"https:\/\/slewingbearings.com\/","name":"ZZ Group","description":"Leading Slewing Bearings in China","potentialAction":[{"@type":"SearchAction","target":{"@type":"EntryPoint","urlTemplate":"https:\/\/slewingbearings.com\/?s={search_term_string}"},"query-input":"required name=search_term_string"}],"inLanguage":"es"}]}},"_links":{"self":[{"href":"https:\/\/slewingbearings.com\/es\/wp-json\/wp\/v2\/product\/11722","targetHints":{"allow":["GET"]}}],"collection":[{"href":"https:\/\/slewingbearings.com\/es\/wp-json\/wp\/v2\/product"}],"about":[{"href":"https:\/\/slewingbearings.com\/es\/wp-json\/wp\/v2\/types\/product"}],"replies":[{"embeddable":true,"href":"https:\/\/slewingbearings.com\/es\/wp-json\/wp\/v2\/comments?post=11722"}],"wp:featuredmedia":[{"embeddable":true,"href":"https:\/\/slewingbearings.com\/es\/wp-json\/wp\/v2\/media\/11723"}],"wp:attachment":[{"href":"https:\/\/slewingbearings.com\/es\/wp-json\/wp\/v2\/media?parent=11722"}],"wp:term":[{"taxonomy":"product_cat","embeddable":true,"href":"https:\/\/slewingbearings.com\/es\/wp-json\/wp\/v2\/product_cat?post=11722"},{"taxonomy":"product_tag","embeddable":true,"href":"https:\/\/slewingbearings.com\/es\/wp-json\/wp\/v2\/product_tag?post=11722"}],"curies":[{"name":"wp","href":"https:\/\/api.w.org\/{rel}","templated":true}]}}