{"id":11711,"date":"2024-01-15T01:47:27","date_gmt":"2024-01-15T01:47:27","guid":{"rendered":"https:\/\/slewingbearings.com\/product\/mecanismo-de-giro-se-17\/"},"modified":"2024-01-15T01:47:27","modified_gmt":"2024-01-15T01:47:27","slug":"mecanismo-de-giro-se-17","status":"publish","type":"product","link":"https:\/\/slewingbearings.com\/es\/product\/mecanismo-de-giro-se-17\/","title":{"rendered":"Mecanismo de giro SE-17"},"content":{"rendered":"<p>Funci\u00f3n: El accionamiento giratorio es un sistema de rotaci\u00f3n global, que incluye componentes tales como motores, reductores, sistemas de engranajes y rodamientos. Su funci\u00f3n principal es conseguir un movimiento de rotaci\u00f3n preciso mediante el accionamiento del motor , normalmente con un gran par y alta precisi\u00f3n. <\/p>\n<p>Estructura: Una estructura t\u00edpica de accionamiento de giro incluye anillos interior y exterior, sistemas de engranajes, motores y sistemas de control . El motor acciona el sistema de engranajes para hacer girar el anillo interior con respecto al exterior. <\/p>\n<p>Aplicaci\u00f3n: los accionamientos gir atorios se utilizan ampliamente en maquinaria industrial, sistemas de seguimiento solar, rob\u00f3tica y otros campos, donde se requiere un gran par y un movimiento giratorio de alta precisi\u00f3n.<\/p>\n\n<table id=\"tablepress-17\" class=\"tablepress tablepress-id-17\">\n<thead>\n<tr class=\"row-1\">\n\t<th class=\"column-1\">Model<\/th><th class=\"column-2\">Output Torque<\/th><th class=\"column-3\">Tilting Moment Torque<\/th><th class=\"column-4\">Holding Torque<\/th><th class=\"column-5\">Gear Ratio<\/th><th class=\"column-6\">Tracking Precision<\/th><th class=\"column-7\">Weight<\/th><th class=\"column-8\">Drawing<\/th>\n<\/tr>\n<\/thead>\n<tbody class=\"row-striping row-hover\">\n<tr class=\"row-2\">\n\t<td class=\"column-1\">SE17<\/td><td class=\"column-2\">10 KN.m<\/td><td class=\"column-3\">135.6 KN.m<\/td><td class=\"column-4\">72.3 KN.m<\/td><td class=\"column-5\">102:1<\/td><td class=\"column-6\">0.15\u00b0<\/td><td class=\"column-7\">105kg<\/td><td class=\"column-8\"><a href=\"https:\/\/slewingbearings.com\/wp-content\/uploads\/2024\/01\/SE17-Slew-Drive-catalog.pdf\"><br \/>\n<img decoding=\"async\" src=\"https:\/\/slewingbearings.com\/wp-content\/uploads\/2024\/01\/pdf.png\" width=\"30\" height=\"30\"><\/a><\/td>\n<\/tr>\n<tr class=\"row-3\">\n\t<td class=\"column-1\">SE17<\/td><td class=\"column-2\">7400 lbf.ft<\/td><td class=\"column-3\">100\u00d710\u00b3 lbf.ft<\/td><td class=\"column-4\">53\u00d710\u00b3 lbf.ft<\/td><td class=\"column-5\">102:1<\/td><td class=\"column-6\">0.15\u00b0<\/td><td class=\"column-7\">105kg<\/td><td class=\"column-8\"><a href=\"https:\/\/slewingbearings.com\/wp-content\/uploads\/2024\/01\/SE17-Slew-Drive-catalog.pdf\"><br \/>\n<img decoding=\"async\" src=\"https:\/\/slewingbearings.com\/wp-content\/uploads\/2024\/01\/pdf.png\" width=\"30\" height=\"30\"><\/a><\/td>\n<\/tr>\n<\/tbody>\n<\/table>\n<!-- #tablepress-17 from cache -->\n","protected":false},"excerpt":{"rendered":"<p>Control de precisi\u00f3n: El avanzado sistema de control permite al mecanismo de giro de la serie SE lograr un control preciso de la rotaci\u00f3n. Esto es importante para aplicaciones que requieren un alto grado de automatizaci\u00f3n y trayectorias de movimiento complejas. <\/p>\n<p>Adaptabilidad: El dise\u00f1o del accionamiento de giro de la serie SE le permite adaptarse a diferentes entornos de trabajo, incluyendo alta temperatura, baja temperatura, ambiente h\u00famedo, etc. Esto aumenta su gama de aplicaciones en diversos sectores industriales. <\/p>\n","protected":false},"featured_media":11712,"comment_status":"open","ping_status":"closed","template":"","meta":{"content-type":""},"product_cat":[337,330],"product_tag":[420],"class_list":{"0":"post-11711","1":"product","2":"type-product","3":"status-publish","4":"has-post-thumbnail","6":"product_cat-se-pe-slew-drive-es","7":"product_cat-slew-drive-es","8":"product_tag-se17-slew-drive-es","10":"first","11":"instock","12":"shipping-taxable","13":"product-type-simple"},"yoast_head":"<!-- This site is optimized with the Yoast SEO plugin v21.7 - https:\/\/yoast.com\/wordpress\/plugins\/seo\/ -->\n<title>Mecanismo de giro SE-17 - ZZ Group<\/title>\n<meta name=\"description\" content=\"El mecanismo de giro SE17 tiene muchas aplicaciones importantes en veh\u00edculos de trabajo a\u00e9reo y sus caracter\u00edsticas lo convierten en un componente clave de estos equipos.\" \/>\n<meta name=\"robots\" content=\"index, follow, max-snippet:-1, max-image-preview:large, max-video-preview:-1\" \/>\n<link rel=\"canonical\" href=\"https:\/\/slewingbearings.com\/product\/se-17-slew-drive\/\" \/>\n<meta property=\"og:locale\" content=\"es_ES\" \/>\n<meta property=\"og:type\" content=\"article\" \/>\n<meta property=\"og:title\" content=\"Mecanismo de giro SE-17 - ZZ Group\" \/>\n<meta property=\"og:description\" content=\"El mecanismo de giro SE17 tiene muchas aplicaciones importantes en veh\u00edculos de trabajo a\u00e9reo y sus caracter\u00edsticas lo convierten en un componente clave de estos equipos.\" \/>\n<meta property=\"og:url\" content=\"https:\/\/slewingbearings.com\/product\/se-17-slew-drive\/\" \/>\n<meta property=\"og:site_name\" content=\"ZZ Group\" \/>\n<meta property=\"og:image\" content=\"https:\/\/slewingbearings.com\/wp-content\/uploads\/2024\/01\/se17.jpg\" \/>\n\t<meta property=\"og:image:width\" content=\"500\" \/>\n\t<meta property=\"og:image:height\" content=\"500\" \/>\n\t<meta property=\"og:image:type\" content=\"image\/jpeg\" \/>\n<meta name=\"twitter:card\" content=\"summary_large_image\" \/>\n<meta name=\"twitter:label1\" content=\"Tiempo de lectura\" \/>\n\t<meta name=\"twitter:data1\" content=\"1 minuto\" \/>\n<script type=\"application\/ld+json\" class=\"yoast-schema-graph\">{\"@context\":\"https:\/\/schema.org\",\"@graph\":[{\"@type\":\"WebPage\",\"@id\":\"https:\/\/slewingbearings.com\/product\/se-17-slew-drive\/\",\"url\":\"https:\/\/slewingbearings.com\/product\/se-17-slew-drive\/\",\"name\":\"Mecanismo de giro SE-17 - ZZ Group\",\"isPartOf\":{\"@id\":\"https:\/\/slewingbearings.com\/#website\"},\"datePublished\":\"2024-01-15T01:47:27+00:00\",\"dateModified\":\"2024-01-15T01:47:27+00:00\",\"description\":\"El mecanismo de giro SE17 tiene muchas aplicaciones importantes en veh\u00edculos de trabajo a\u00e9reo y sus caracter\u00edsticas lo convierten en un componente clave de estos equipos.\",\"breadcrumb\":{\"@id\":\"https:\/\/slewingbearings.com\/product\/se-17-slew-drive\/#breadcrumb\"},\"inLanguage\":\"es\",\"potentialAction\":[{\"@type\":\"ReadAction\",\"target\":[\"https:\/\/slewingbearings.com\/product\/se-17-slew-drive\/\"]}]},{\"@type\":\"BreadcrumbList\",\"@id\":\"https:\/\/slewingbearings.com\/product\/se-17-slew-drive\/#breadcrumb\",\"itemListElement\":[{\"@type\":\"ListItem\",\"position\":1,\"name\":\"Home\",\"item\":\"https:\/\/slewingbearings.com\/es\/rodamientogiratorio-accionamiento-giratorio\/\"},{\"@type\":\"ListItem\",\"position\":2,\"name\":\"Shop\",\"item\":\"https:\/\/slewingbearings.com\/shop\/\"},{\"@type\":\"ListItem\",\"position\":3,\"name\":\"Mecanismo de giro SE-17\"}]},{\"@type\":\"WebSite\",\"@id\":\"https:\/\/slewingbearings.com\/#website\",\"url\":\"https:\/\/slewingbearings.com\/\",\"name\":\"ZZ Group\",\"description\":\"Leading Slewing Bearings in China\",\"potentialAction\":[{\"@type\":\"SearchAction\",\"target\":{\"@type\":\"EntryPoint\",\"urlTemplate\":\"https:\/\/slewingbearings.com\/?s={search_term_string}\"},\"query-input\":\"required name=search_term_string\"}],\"inLanguage\":\"es\"}]}<\/script>\n<!-- \/ Yoast SEO plugin. -->","yoast_head_json":{"title":"Mecanismo de giro SE-17 - ZZ Group","description":"El mecanismo de giro SE17 tiene muchas aplicaciones importantes en veh\u00edculos de trabajo a\u00e9reo y sus caracter\u00edsticas lo convierten en un componente clave de estos equipos.","robots":{"index":"index","follow":"follow","max-snippet":"max-snippet:-1","max-image-preview":"max-image-preview:large","max-video-preview":"max-video-preview:-1"},"canonical":"https:\/\/slewingbearings.com\/product\/se-17-slew-drive\/","og_locale":"es_ES","og_type":"article","og_title":"Mecanismo de giro SE-17 - ZZ Group","og_description":"El mecanismo de giro SE17 tiene muchas aplicaciones importantes en veh\u00edculos de trabajo a\u00e9reo y sus caracter\u00edsticas lo convierten en un componente clave de estos equipos.","og_url":"https:\/\/slewingbearings.com\/product\/se-17-slew-drive\/","og_site_name":"ZZ Group","og_image":[{"width":500,"height":500,"url":"https:\/\/slewingbearings.com\/wp-content\/uploads\/2024\/01\/se17.jpg","type":"image\/jpeg"}],"twitter_card":"summary_large_image","twitter_misc":{"Tiempo de lectura":"1 minuto"},"schema":{"@context":"https:\/\/schema.org","@graph":[{"@type":"WebPage","@id":"https:\/\/slewingbearings.com\/product\/se-17-slew-drive\/","url":"https:\/\/slewingbearings.com\/product\/se-17-slew-drive\/","name":"Mecanismo de giro SE-17 - ZZ Group","isPartOf":{"@id":"https:\/\/slewingbearings.com\/#website"},"datePublished":"2024-01-15T01:47:27+00:00","dateModified":"2024-01-15T01:47:27+00:00","description":"El mecanismo de giro SE17 tiene muchas aplicaciones importantes en veh\u00edculos de trabajo a\u00e9reo y sus caracter\u00edsticas lo convierten en un componente clave de estos equipos.","breadcrumb":{"@id":"https:\/\/slewingbearings.com\/product\/se-17-slew-drive\/#breadcrumb"},"inLanguage":"es","potentialAction":[{"@type":"ReadAction","target":["https:\/\/slewingbearings.com\/product\/se-17-slew-drive\/"]}]},{"@type":"BreadcrumbList","@id":"https:\/\/slewingbearings.com\/product\/se-17-slew-drive\/#breadcrumb","itemListElement":[{"@type":"ListItem","position":1,"name":"Home","item":"https:\/\/slewingbearings.com\/es\/rodamientogiratorio-accionamiento-giratorio\/"},{"@type":"ListItem","position":2,"name":"Shop","item":"https:\/\/slewingbearings.com\/shop\/"},{"@type":"ListItem","position":3,"name":"Mecanismo de giro SE-17"}]},{"@type":"WebSite","@id":"https:\/\/slewingbearings.com\/#website","url":"https:\/\/slewingbearings.com\/","name":"ZZ Group","description":"Leading Slewing Bearings in China","potentialAction":[{"@type":"SearchAction","target":{"@type":"EntryPoint","urlTemplate":"https:\/\/slewingbearings.com\/?s={search_term_string}"},"query-input":"required name=search_term_string"}],"inLanguage":"es"}]}},"_links":{"self":[{"href":"https:\/\/slewingbearings.com\/es\/wp-json\/wp\/v2\/product\/11711","targetHints":{"allow":["GET"]}}],"collection":[{"href":"https:\/\/slewingbearings.com\/es\/wp-json\/wp\/v2\/product"}],"about":[{"href":"https:\/\/slewingbearings.com\/es\/wp-json\/wp\/v2\/types\/product"}],"replies":[{"embeddable":true,"href":"https:\/\/slewingbearings.com\/es\/wp-json\/wp\/v2\/comments?post=11711"}],"wp:featuredmedia":[{"embeddable":true,"href":"https:\/\/slewingbearings.com\/es\/wp-json\/wp\/v2\/media\/11712"}],"wp:attachment":[{"href":"https:\/\/slewingbearings.com\/es\/wp-json\/wp\/v2\/media?parent=11711"}],"wp:term":[{"taxonomy":"product_cat","embeddable":true,"href":"https:\/\/slewingbearings.com\/es\/wp-json\/wp\/v2\/product_cat?post=11711"},{"taxonomy":"product_tag","embeddable":true,"href":"https:\/\/slewingbearings.com\/es\/wp-json\/wp\/v2\/product_tag?post=11711"}],"curies":[{"name":"wp","href":"https:\/\/api.w.org\/{rel}","templated":true}]}}