{"id":11703,"date":"2024-01-15T01:46:56","date_gmt":"2024-01-15T01:46:56","guid":{"rendered":"https:\/\/slewingbearings.com\/product\/mecanismo-degiro-se-14\/"},"modified":"2024-01-15T01:46:56","modified_gmt":"2024-01-15T01:46:56","slug":"mecanismo-degiro-se-14","status":"publish","type":"product","link":"https:\/\/slewingbearings.com\/es\/product\/mecanismo-degiro-se-14\/","title":{"rendered":"mecanismo degiro SE-14"},"content":{"rendered":"<p>Fiabilidad y durabilidad: <a href=\"https:\/\/slewingbearings.com\/product-category\/slew-drive\/\"> Los accionamientos degiro de<\/a> la serie SE utilizan generalmente materiales de alta calidad y procesos de fabricaci\u00f3n avanzados, con una gran durabilidad y fiabilidad. Esto permite un funcionamiento estable en diversas condiciones y entornos de trabajo y reduce los costes de mantenimiento&#8230; <\/p>\n<p>Versatilidad: Gracias a la flexibilidad de su dise\u00f1o, el accionamiento giratorio de la serie SE puede utilizarse en una gran variedad de escenarios de aplicaci\u00f3n. Ya sea en l\u00edneas de producci\u00f3n industrial, en el sector aeroespacial, en ingenier\u00eda de la construcci\u00f3n o en equipos m\u00e9dicos, los accionamientos giratorios de la serie SE pueden adaptarse a diferentes necesidades. <\/p>\n<p>Control de precisi\u00f3n: El avanzado sistema de control permite al mecanismo de giro de la serie SE lograr un control preciso de la rotaci\u00f3n. Esto es importante para aplicaciones que requieren un alto grado de automatizaci\u00f3n y trayectorias de movimiento complejas. <\/p>\n\n<table id=\"tablepress-16\" class=\"tablepress tablepress-id-16\">\n<thead>\n<tr class=\"row-1\">\n\t<th class=\"column-1\">Model<\/th><th class=\"column-2\">Output Torque<\/th><th class=\"column-3\">Tilting Moment Torque<\/th><th class=\"column-4\">Holding Torque<\/th><th class=\"column-5\">Gear Ratio<\/th><th class=\"column-6\">Tracking Precision<\/th><th class=\"column-7\">Weight<\/th><th class=\"column-8\">Drawing<\/th>\n<\/tr>\n<\/thead>\n<tbody class=\"row-striping row-hover\">\n<tr class=\"row-2\">\n\t<td class=\"column-1\">SE14<\/td><td class=\"column-2\">8 KN.m<\/td><td class=\"column-3\">67.8 KN.m<\/td><td class=\"column-4\">48 KN.m<\/td><td class=\"column-5\">85:1<\/td><td class=\"column-6\">0.17\u00b0<\/td><td class=\"column-7\">64kg<\/td><td class=\"column-8\"><a href=\"https:\/\/slewingbearings.com\/wp-content\/uploads\/2024\/01\/SE14-Slew-Drive-catalog.pdf\"><br \/>\n<img decoding=\"async\" src=\"https:\/\/slewingbearings.com\/wp-content\/uploads\/2024\/01\/pdf.png\" width=\"30\" height=\"30\"><\/a><\/td>\n<\/tr>\n<tr class=\"row-3\">\n\t<td class=\"column-1\">SE14<\/td><td class=\"column-2\">5900 lbf.ft<\/td><td class=\"column-3\">50\u00d710\u00b3 lbf.ft<\/td><td class=\"column-4\">35\u00d710\u00b3 lbf.ft<\/td><td class=\"column-5\">85:1<\/td><td class=\"column-6\">0.17\u00b0<\/td><td class=\"column-7\">64kg<\/td><td class=\"column-8\"><a href=\"https:\/\/slewingbearings.com\/wp-content\/uploads\/2024\/01\/SE14-Slew-Drive-catalog.pdf\"><br \/>\n<img decoding=\"async\" src=\"https:\/\/slewingbearings.com\/wp-content\/uploads\/2024\/01\/pdf.png\" width=\"30\" height=\"30\"><\/a><\/td>\n<\/tr>\n<\/tbody>\n<\/table>\n<!-- #tablepress-16 from cache -->\n","protected":false},"excerpt":{"rendered":"<p>Control de precisi\u00f3n: El avanzado sistema de control permite al mecanismo de giro de la serie SE lograr un control preciso de la rotaci\u00f3n. Esto es importante para aplicaciones que requieren un alto grado de automatizaci\u00f3n y trayectorias de movimiento complejas. <\/p>\n<p>Adaptabilidad: El dise\u00f1o del mecanismo de giro de la serie SE le permite adaptarse a diferentes entornos de trabajo, incluyendo alta temperatura, baja temperatura, ambiente h\u00famedo, etc. Esto aumenta su gama de aplicaciones en diversos sectores industriales. <\/p>\n","protected":false},"featured_media":11704,"comment_status":"open","ping_status":"closed","template":"","meta":{"content-type":""},"product_cat":[337,330],"product_tag":[413],"class_list":{"0":"post-11703","1":"product","2":"type-product","3":"status-publish","4":"has-post-thumbnail","6":"product_cat-se-pe-slew-drive-es","7":"product_cat-slew-drive-es","8":"product_tag-se14-slew-drive-es","10":"first","11":"instock","12":"shipping-taxable","13":"product-type-simple"},"yoast_head":"<!-- This site is optimized with the Yoast SEO plugin v21.7 - https:\/\/yoast.com\/wordpress\/plugins\/seo\/ -->\n<title>mecanismo degiro SE-14 - ZZ Group<\/title>\n<meta name=\"description\" content=\"El sistema de motor y reductor de alta eficiencia hace que el mecanismo de giro SE14 destaque en t\u00e9rminos de eficiencia energ\u00e9tica. Esto ayuda a reducir los costes energ\u00e9ticos.\" \/>\n<meta name=\"robots\" content=\"index, follow, max-snippet:-1, max-image-preview:large, max-video-preview:-1\" \/>\n<link rel=\"canonical\" href=\"https:\/\/slewingbearings.com\/product\/se-14-slew-drive\/\" \/>\n<meta property=\"og:locale\" content=\"es_ES\" \/>\n<meta property=\"og:type\" content=\"article\" \/>\n<meta property=\"og:title\" content=\"mecanismo degiro SE-14 - ZZ Group\" \/>\n<meta property=\"og:description\" content=\"El sistema de motor y reductor de alta eficiencia hace que el mecanismo de giro SE14 destaque en t\u00e9rminos de eficiencia energ\u00e9tica. Esto ayuda a reducir los costes energ\u00e9ticos.\" \/>\n<meta property=\"og:url\" content=\"https:\/\/slewingbearings.com\/product\/se-14-slew-drive\/\" \/>\n<meta property=\"og:site_name\" content=\"ZZ Group\" \/>\n<meta property=\"og:image\" content=\"https:\/\/slewingbearings.com\/wp-content\/uploads\/2024\/01\/se14.jpg\" \/>\n\t<meta property=\"og:image:width\" content=\"500\" \/>\n\t<meta property=\"og:image:height\" content=\"500\" \/>\n\t<meta property=\"og:image:type\" content=\"image\/jpeg\" \/>\n<meta name=\"twitter:card\" content=\"summary_large_image\" \/>\n<meta name=\"twitter:label1\" content=\"Tiempo de lectura\" \/>\n\t<meta name=\"twitter:data1\" content=\"1 minuto\" \/>\n<script type=\"application\/ld+json\" class=\"yoast-schema-graph\">{\"@context\":\"https:\/\/schema.org\",\"@graph\":[{\"@type\":\"WebPage\",\"@id\":\"https:\/\/slewingbearings.com\/product\/se-14-slew-drive\/\",\"url\":\"https:\/\/slewingbearings.com\/product\/se-14-slew-drive\/\",\"name\":\"mecanismo degiro SE-14 - ZZ Group\",\"isPartOf\":{\"@id\":\"https:\/\/slewingbearings.com\/#website\"},\"datePublished\":\"2024-01-15T01:46:56+00:00\",\"dateModified\":\"2024-01-15T01:46:56+00:00\",\"description\":\"El sistema de motor y reductor de alta eficiencia hace que el mecanismo de giro SE14 destaque en t\u00e9rminos de eficiencia energ\u00e9tica. Esto ayuda a reducir los costes energ\u00e9ticos.\",\"breadcrumb\":{\"@id\":\"https:\/\/slewingbearings.com\/product\/se-14-slew-drive\/#breadcrumb\"},\"inLanguage\":\"es\",\"potentialAction\":[{\"@type\":\"ReadAction\",\"target\":[\"https:\/\/slewingbearings.com\/product\/se-14-slew-drive\/\"]}]},{\"@type\":\"BreadcrumbList\",\"@id\":\"https:\/\/slewingbearings.com\/product\/se-14-slew-drive\/#breadcrumb\",\"itemListElement\":[{\"@type\":\"ListItem\",\"position\":1,\"name\":\"Home\",\"item\":\"https:\/\/slewingbearings.com\/es\/rodamientogiratorio-accionamiento-giratorio\/\"},{\"@type\":\"ListItem\",\"position\":2,\"name\":\"Shop\",\"item\":\"https:\/\/slewingbearings.com\/shop\/\"},{\"@type\":\"ListItem\",\"position\":3,\"name\":\"mecanismo degiro SE-14\"}]},{\"@type\":\"WebSite\",\"@id\":\"https:\/\/slewingbearings.com\/#website\",\"url\":\"https:\/\/slewingbearings.com\/\",\"name\":\"ZZ Group\",\"description\":\"Leading Slewing Bearings in China\",\"potentialAction\":[{\"@type\":\"SearchAction\",\"target\":{\"@type\":\"EntryPoint\",\"urlTemplate\":\"https:\/\/slewingbearings.com\/?s={search_term_string}\"},\"query-input\":\"required name=search_term_string\"}],\"inLanguage\":\"es\"}]}<\/script>\n<!-- \/ Yoast SEO plugin. -->","yoast_head_json":{"title":"mecanismo degiro SE-14 - ZZ Group","description":"El sistema de motor y reductor de alta eficiencia hace que el mecanismo de giro SE14 destaque en t\u00e9rminos de eficiencia energ\u00e9tica. Esto ayuda a reducir los costes energ\u00e9ticos.","robots":{"index":"index","follow":"follow","max-snippet":"max-snippet:-1","max-image-preview":"max-image-preview:large","max-video-preview":"max-video-preview:-1"},"canonical":"https:\/\/slewingbearings.com\/product\/se-14-slew-drive\/","og_locale":"es_ES","og_type":"article","og_title":"mecanismo degiro SE-14 - ZZ Group","og_description":"El sistema de motor y reductor de alta eficiencia hace que el mecanismo de giro SE14 destaque en t\u00e9rminos de eficiencia energ\u00e9tica. Esto ayuda a reducir los costes energ\u00e9ticos.","og_url":"https:\/\/slewingbearings.com\/product\/se-14-slew-drive\/","og_site_name":"ZZ Group","og_image":[{"width":500,"height":500,"url":"https:\/\/slewingbearings.com\/wp-content\/uploads\/2024\/01\/se14.jpg","type":"image\/jpeg"}],"twitter_card":"summary_large_image","twitter_misc":{"Tiempo de lectura":"1 minuto"},"schema":{"@context":"https:\/\/schema.org","@graph":[{"@type":"WebPage","@id":"https:\/\/slewingbearings.com\/product\/se-14-slew-drive\/","url":"https:\/\/slewingbearings.com\/product\/se-14-slew-drive\/","name":"mecanismo degiro SE-14 - ZZ Group","isPartOf":{"@id":"https:\/\/slewingbearings.com\/#website"},"datePublished":"2024-01-15T01:46:56+00:00","dateModified":"2024-01-15T01:46:56+00:00","description":"El sistema de motor y reductor de alta eficiencia hace que el mecanismo de giro SE14 destaque en t\u00e9rminos de eficiencia energ\u00e9tica. Esto ayuda a reducir los costes energ\u00e9ticos.","breadcrumb":{"@id":"https:\/\/slewingbearings.com\/product\/se-14-slew-drive\/#breadcrumb"},"inLanguage":"es","potentialAction":[{"@type":"ReadAction","target":["https:\/\/slewingbearings.com\/product\/se-14-slew-drive\/"]}]},{"@type":"BreadcrumbList","@id":"https:\/\/slewingbearings.com\/product\/se-14-slew-drive\/#breadcrumb","itemListElement":[{"@type":"ListItem","position":1,"name":"Home","item":"https:\/\/slewingbearings.com\/es\/rodamientogiratorio-accionamiento-giratorio\/"},{"@type":"ListItem","position":2,"name":"Shop","item":"https:\/\/slewingbearings.com\/shop\/"},{"@type":"ListItem","position":3,"name":"mecanismo degiro SE-14"}]},{"@type":"WebSite","@id":"https:\/\/slewingbearings.com\/#website","url":"https:\/\/slewingbearings.com\/","name":"ZZ Group","description":"Leading Slewing Bearings in China","potentialAction":[{"@type":"SearchAction","target":{"@type":"EntryPoint","urlTemplate":"https:\/\/slewingbearings.com\/?s={search_term_string}"},"query-input":"required name=search_term_string"}],"inLanguage":"es"}]}},"_links":{"self":[{"href":"https:\/\/slewingbearings.com\/es\/wp-json\/wp\/v2\/product\/11703","targetHints":{"allow":["GET"]}}],"collection":[{"href":"https:\/\/slewingbearings.com\/es\/wp-json\/wp\/v2\/product"}],"about":[{"href":"https:\/\/slewingbearings.com\/es\/wp-json\/wp\/v2\/types\/product"}],"replies":[{"embeddable":true,"href":"https:\/\/slewingbearings.com\/es\/wp-json\/wp\/v2\/comments?post=11703"}],"wp:featuredmedia":[{"embeddable":true,"href":"https:\/\/slewingbearings.com\/es\/wp-json\/wp\/v2\/media\/11704"}],"wp:attachment":[{"href":"https:\/\/slewingbearings.com\/es\/wp-json\/wp\/v2\/media?parent=11703"}],"wp:term":[{"taxonomy":"product_cat","embeddable":true,"href":"https:\/\/slewingbearings.com\/es\/wp-json\/wp\/v2\/product_cat?post=11703"},{"taxonomy":"product_tag","embeddable":true,"href":"https:\/\/slewingbearings.com\/es\/wp-json\/wp\/v2\/product_tag?post=11703"}],"curies":[{"name":"wp","href":"https:\/\/api.w.org\/{rel}","templated":true}]}}