{"id":11695,"date":"2024-01-15T01:19:28","date_gmt":"2024-01-15T01:19:28","guid":{"rendered":"https:\/\/slewingbearings.com\/product\/inversor-se-12\/"},"modified":"2024-01-15T01:19:28","modified_gmt":"2024-01-15T01:19:28","slug":"inversor-se-12","status":"publish","type":"product","link":"https:\/\/slewingbearings.com\/es\/product\/inversor-se-12\/","title":{"rendered":"Inversor SE-12"},"content":{"rendered":"<p><strong>Sistema de seguimiento solar:<\/strong> En la industria solar , los accionamientos de giro de la serie SE se utilizan ampliamente en sistemas de seguimiento solar para ajustar el \u00e1ngulo de los paneles solares con el fin de maximizar la absorci\u00f3n de la luz solar. Estas aplicaciones requieren una alta precisi\u00f3n y fiabilidad para garantizar que los paneles solares mantengan su orientaci\u00f3n \u00f3ptima durante los cambios diarios y estacionales&#8230;. <\/p>\n<p><strong>Robotics:<\/strong> In the field of industrial and service robots, SE series slew drives are often used in robot joints to enable robots to achieve precise joint movements. This is crucial for robots to perform complex tasks on production lines or perform specific operations in service industries. <\/p>\n\n<table id=\"tablepress-15\" class=\"tablepress tablepress-id-15\">\n<thead>\n<tr class=\"row-1\">\n\t<th class=\"column-1\">Model<\/th><th class=\"column-2\">Output Torque<\/th><th class=\"column-3\">Tilting Moment Torque<\/th><th class=\"column-4\">Holding Torque<\/th><th class=\"column-5\">Gear Ratio<\/th><th class=\"column-6\">Tracking Precision<\/th><th class=\"column-7\">Weight<\/th><th class=\"column-8\">Drawing<\/th>\n<\/tr>\n<\/thead>\n<tbody class=\"row-striping row-hover\">\n<tr class=\"row-2\">\n\t<td class=\"column-1\">SE12<\/td><td class=\"column-2\">7.5 KN.m<\/td><td class=\"column-3\">54.3 KN.m<\/td><td class=\"column-4\">43 KN.m<\/td><td class=\"column-5\">78:1<\/td><td class=\"column-6\">0.17\u00b0<\/td><td class=\"column-7\">61kg<\/td><td class=\"column-8\"><a href=\"https:\/\/slewingbearings.com\/wp-content\/uploads\/2024\/01\/SE12-Slew-Drive-catalog.pdf\"><br \/>\n<img decoding=\"async\" src=\"https:\/\/slewingbearings.com\/wp-content\/uploads\/2024\/01\/pdf.png\" width=\"30\" height=\"30\"><\/a><\/td>\n<\/tr>\n<tr class=\"row-3\">\n\t<td class=\"column-1\">SE12<\/td><td class=\"column-2\">5532 lbf.ft<\/td><td class=\"column-3\">40\u00d710\u00b3 lbf.ft<\/td><td class=\"column-4\">32\u00d710\u00b3 lbf.ft<\/td><td class=\"column-5\">78:1<\/td><td class=\"column-6\">0.17\u00b0<\/td><td class=\"column-7\">61kg<\/td><td class=\"column-8\"><a href=\"https:\/\/slewingbearings.com\/wp-content\/uploads\/2024\/01\/SE12-Slew-Drive-catalog.pdf\"><br \/>\n<img decoding=\"async\" src=\"https:\/\/slewingbearings.com\/wp-content\/uploads\/2024\/01\/pdf.png\" width=\"30\" height=\"30\"><\/a><\/td>\n<\/tr>\n<\/tbody>\n<\/table>\n<!-- #tablepress-15 from cache -->\n","protected":false},"excerpt":{"rendered":"<p>Los accionamientos de giro de la serie SE ofrecen m\u00faltiples ventajas en aplicaciones industriales y de ingenier\u00eda, lo que los convierte en la primera opci\u00f3n en muchas \u00e1reas. Estas son algunas de las principales ventajas de los accionamientos de giro de la serie SE: <\/p>\n<p>Alta precisi\u00f3n: El mecanismo de giro de la serie SE est\u00e1 dise\u00f1ado con precisi\u00f3n para proporcionar un movimiento rotacional de alta precisi\u00f3n. Esto es importante para aplicaciones que requieren un posicionamiento y control precisos, como los equipos de producci\u00f3n y la rob\u00f3tica. <\/p>\n<p>Alto par: El mecanismo de giro de la serie SE es capaz de proporcionar un alto par de salida, por lo que es adecuado para aplicaciones que necesitan manejar cargas pesadas o realizar operaciones de alta potencia, como maquinaria de construcci\u00f3n y sistemas de seguimiento solar.<\/p>\n","protected":false},"featured_media":11696,"comment_status":"open","ping_status":"closed","template":"","meta":{"content-type":""},"product_cat":[337,330],"product_tag":[406],"class_list":{"0":"post-11695","1":"product","2":"type-product","3":"status-publish","4":"has-post-thumbnail","6":"product_cat-se-pe-slew-drive-es","7":"product_cat-slew-drive-es","8":"product_tag-se12-slew-drive-es","10":"first","11":"instock","12":"shipping-taxable","13":"product-type-simple"},"yoast_head":"<!-- This site is optimized with the Yoast SEO plugin v21.7 - https:\/\/yoast.com\/wordpress\/plugins\/seo\/ -->\n<title>Inversor SE-12 - ZZ Group<\/title>\n<meta name=\"description\" content=\"La estructura del accionamiento giratorio SE12 est\u00e1 dise\u00f1ada con precisi\u00f3n y optimizada para ofrecer un alto rendimiento en aplicaciones industriales y de ingenier\u00eda.\" \/>\n<meta name=\"robots\" content=\"index, follow, max-snippet:-1, max-image-preview:large, max-video-preview:-1\" \/>\n<link rel=\"canonical\" href=\"https:\/\/slewingbearings.com\/product\/se-12-slew-drive\/\" \/>\n<meta property=\"og:locale\" content=\"es_ES\" \/>\n<meta property=\"og:type\" content=\"article\" \/>\n<meta property=\"og:title\" content=\"Inversor SE-12 - ZZ Group\" \/>\n<meta property=\"og:description\" content=\"La estructura del accionamiento giratorio SE12 est\u00e1 dise\u00f1ada con precisi\u00f3n y optimizada para ofrecer un alto rendimiento en aplicaciones industriales y de ingenier\u00eda.\" \/>\n<meta property=\"og:url\" content=\"https:\/\/slewingbearings.com\/product\/se-12-slew-drive\/\" \/>\n<meta property=\"og:site_name\" content=\"ZZ Group\" \/>\n<meta property=\"og:image\" content=\"https:\/\/slewingbearings.com\/wp-content\/uploads\/2024\/01\/se12.jpg\" \/>\n\t<meta property=\"og:image:width\" content=\"500\" \/>\n\t<meta property=\"og:image:height\" content=\"500\" \/>\n\t<meta property=\"og:image:type\" content=\"image\/jpeg\" \/>\n<meta name=\"twitter:card\" content=\"summary_large_image\" \/>\n<meta name=\"twitter:label1\" content=\"Tiempo de lectura\" \/>\n\t<meta name=\"twitter:data1\" content=\"1 minuto\" \/>\n<script type=\"application\/ld+json\" class=\"yoast-schema-graph\">{\"@context\":\"https:\/\/schema.org\",\"@graph\":[{\"@type\":\"WebPage\",\"@id\":\"https:\/\/slewingbearings.com\/product\/se-12-slew-drive\/\",\"url\":\"https:\/\/slewingbearings.com\/product\/se-12-slew-drive\/\",\"name\":\"Inversor SE-12 - ZZ Group\",\"isPartOf\":{\"@id\":\"https:\/\/slewingbearings.com\/#website\"},\"datePublished\":\"2024-01-15T01:19:28+00:00\",\"dateModified\":\"2024-01-15T01:19:28+00:00\",\"description\":\"La estructura del accionamiento giratorio SE12 est\u00e1 dise\u00f1ada con precisi\u00f3n y optimizada para ofrecer un alto rendimiento en aplicaciones industriales y de ingenier\u00eda.\",\"breadcrumb\":{\"@id\":\"https:\/\/slewingbearings.com\/product\/se-12-slew-drive\/#breadcrumb\"},\"inLanguage\":\"es\",\"potentialAction\":[{\"@type\":\"ReadAction\",\"target\":[\"https:\/\/slewingbearings.com\/product\/se-12-slew-drive\/\"]}]},{\"@type\":\"BreadcrumbList\",\"@id\":\"https:\/\/slewingbearings.com\/product\/se-12-slew-drive\/#breadcrumb\",\"itemListElement\":[{\"@type\":\"ListItem\",\"position\":1,\"name\":\"Home\",\"item\":\"https:\/\/slewingbearings.com\/es\/rodamientogiratorio-accionamiento-giratorio\/\"},{\"@type\":\"ListItem\",\"position\":2,\"name\":\"Shop\",\"item\":\"https:\/\/slewingbearings.com\/shop\/\"},{\"@type\":\"ListItem\",\"position\":3,\"name\":\"Inversor SE-12\"}]},{\"@type\":\"WebSite\",\"@id\":\"https:\/\/slewingbearings.com\/#website\",\"url\":\"https:\/\/slewingbearings.com\/\",\"name\":\"ZZ Group\",\"description\":\"Leading Slewing Bearings in China\",\"potentialAction\":[{\"@type\":\"SearchAction\",\"target\":{\"@type\":\"EntryPoint\",\"urlTemplate\":\"https:\/\/slewingbearings.com\/?s={search_term_string}\"},\"query-input\":\"required name=search_term_string\"}],\"inLanguage\":\"es\"}]}<\/script>\n<!-- \/ Yoast SEO plugin. -->","yoast_head_json":{"title":"Inversor SE-12 - ZZ Group","description":"La estructura del accionamiento giratorio SE12 est\u00e1 dise\u00f1ada con precisi\u00f3n y optimizada para ofrecer un alto rendimiento en aplicaciones industriales y de ingenier\u00eda.","robots":{"index":"index","follow":"follow","max-snippet":"max-snippet:-1","max-image-preview":"max-image-preview:large","max-video-preview":"max-video-preview:-1"},"canonical":"https:\/\/slewingbearings.com\/product\/se-12-slew-drive\/","og_locale":"es_ES","og_type":"article","og_title":"Inversor SE-12 - ZZ Group","og_description":"La estructura del accionamiento giratorio SE12 est\u00e1 dise\u00f1ada con precisi\u00f3n y optimizada para ofrecer un alto rendimiento en aplicaciones industriales y de ingenier\u00eda.","og_url":"https:\/\/slewingbearings.com\/product\/se-12-slew-drive\/","og_site_name":"ZZ Group","og_image":[{"width":500,"height":500,"url":"https:\/\/slewingbearings.com\/wp-content\/uploads\/2024\/01\/se12.jpg","type":"image\/jpeg"}],"twitter_card":"summary_large_image","twitter_misc":{"Tiempo de lectura":"1 minuto"},"schema":{"@context":"https:\/\/schema.org","@graph":[{"@type":"WebPage","@id":"https:\/\/slewingbearings.com\/product\/se-12-slew-drive\/","url":"https:\/\/slewingbearings.com\/product\/se-12-slew-drive\/","name":"Inversor SE-12 - ZZ Group","isPartOf":{"@id":"https:\/\/slewingbearings.com\/#website"},"datePublished":"2024-01-15T01:19:28+00:00","dateModified":"2024-01-15T01:19:28+00:00","description":"La estructura del accionamiento giratorio SE12 est\u00e1 dise\u00f1ada con precisi\u00f3n y optimizada para ofrecer un alto rendimiento en aplicaciones industriales y de ingenier\u00eda.","breadcrumb":{"@id":"https:\/\/slewingbearings.com\/product\/se-12-slew-drive\/#breadcrumb"},"inLanguage":"es","potentialAction":[{"@type":"ReadAction","target":["https:\/\/slewingbearings.com\/product\/se-12-slew-drive\/"]}]},{"@type":"BreadcrumbList","@id":"https:\/\/slewingbearings.com\/product\/se-12-slew-drive\/#breadcrumb","itemListElement":[{"@type":"ListItem","position":1,"name":"Home","item":"https:\/\/slewingbearings.com\/es\/rodamientogiratorio-accionamiento-giratorio\/"},{"@type":"ListItem","position":2,"name":"Shop","item":"https:\/\/slewingbearings.com\/shop\/"},{"@type":"ListItem","position":3,"name":"Inversor SE-12"}]},{"@type":"WebSite","@id":"https:\/\/slewingbearings.com\/#website","url":"https:\/\/slewingbearings.com\/","name":"ZZ Group","description":"Leading Slewing Bearings in China","potentialAction":[{"@type":"SearchAction","target":{"@type":"EntryPoint","urlTemplate":"https:\/\/slewingbearings.com\/?s={search_term_string}"},"query-input":"required name=search_term_string"}],"inLanguage":"es"}]}},"_links":{"self":[{"href":"https:\/\/slewingbearings.com\/es\/wp-json\/wp\/v2\/product\/11695","targetHints":{"allow":["GET"]}}],"collection":[{"href":"https:\/\/slewingbearings.com\/es\/wp-json\/wp\/v2\/product"}],"about":[{"href":"https:\/\/slewingbearings.com\/es\/wp-json\/wp\/v2\/types\/product"}],"replies":[{"embeddable":true,"href":"https:\/\/slewingbearings.com\/es\/wp-json\/wp\/v2\/comments?post=11695"}],"wp:featuredmedia":[{"embeddable":true,"href":"https:\/\/slewingbearings.com\/es\/wp-json\/wp\/v2\/media\/11696"}],"wp:attachment":[{"href":"https:\/\/slewingbearings.com\/es\/wp-json\/wp\/v2\/media?parent=11695"}],"wp:term":[{"taxonomy":"product_cat","embeddable":true,"href":"https:\/\/slewingbearings.com\/es\/wp-json\/wp\/v2\/product_cat?post=11695"},{"taxonomy":"product_tag","embeddable":true,"href":"https:\/\/slewingbearings.com\/es\/wp-json\/wp\/v2\/product_tag?post=11695"}],"curies":[{"name":"wp","href":"https:\/\/api.w.org\/{rel}","templated":true}]}}