{"id":11688,"date":"2024-01-15T00:40:02","date_gmt":"2024-01-15T00:40:02","guid":{"rendered":"https:\/\/slewingbearings.com\/product\/inversor-se-9\/"},"modified":"2024-01-15T00:40:02","modified_gmt":"2024-01-15T00:40:02","slug":"inversor-se-9","status":"publish","type":"product","link":"https:\/\/slewingbearings.com\/es\/product\/inversor-se-9\/","title":{"rendered":"Inversor SE-9"},"content":{"rendered":"<p>El dise\u00f1o estructural del <a href=\"https:\/\/slewingbearings.com\/product-category\/slew-drive\/\">mecanismo de giro de<\/a> la serie SE suele incluir los siguientes componentes clave:<\/p>\n<ul>\n<li>Anillo exterior y anillo interior La estructura b\u00e1sica del mecanismo de giro de la serie SE consta de un anillo grande exterior y un anillo peque\u00f1o interior. Entre estos dos anillos se forma un espacio anular en el que se produce el movimiento de rotaci\u00f3n. El anillo exterior est\u00e1 fijo en el sistema mec\u00e1nico, mientras que el interior est\u00e1 conectado al equipo mec\u00e1nico y gira a trav\u00e9s del sistema de accionamiento.  <\/li>\n<li>Sistema de engranajes: El sistema de engranajes entre los anillos interior y exterior es el mecanismo de transmisi\u00f3n clave. El sistema de engranajes consta de engranajes de precisi\u00f3n que permiten que el anillo interior gire suavemente con respecto al anillo exterior. El dise\u00f1o y la fabricaci\u00f3n de los engranajes son fundamentales para garantizar la precisi\u00f3n, la transferencia de par y la durabilidad del sistema.  <\/li>\n<li>Motor: El motor es la fuente de energ\u00eda del mecanismo de giro de la serie SE, y generalmente se selecciona un motor DC o AC de alta eficiencia. El eje de salida del motor se conecta al sistema de engranajes para accionar el movimiento giratorio proporcionando par rotacional. <\/li>\n<li>Reductor: Con el fin de reducir el movimiento de rotaci\u00f3n de alta velocidad emitido por el motor, las unidades de giro de la serie SE suelen estar equipadas con un reductor. Los reductores aumentan el par al ralentizar la rotaci\u00f3n y garantizan la suavidad y precisi\u00f3n del sistema. <\/li>\n<\/ul>\n\n<table id=\"tablepress-14\" class=\"tablepress tablepress-id-14\">\n<thead>\n<tr class=\"row-1\">\n\t<th class=\"column-1\">Model<\/th><th class=\"column-2\">Output Torque<\/th><th class=\"column-3\">Tilting Moment Torque<\/th><th class=\"column-4\">Holding Torque<\/th><th class=\"column-5\">Gear Ratio<\/th><th class=\"column-6\">Tracking Precision<\/th><th class=\"column-7\">Weight<\/th><th class=\"column-8\">Drawing<\/th>\n<\/tr>\n<\/thead>\n<tbody class=\"row-striping row-hover\">\n<tr class=\"row-2\">\n\t<td class=\"column-1\">SE9<\/td><td class=\"column-2\">6.5 KN.m<\/td><td class=\"column-3\">33.9 KN.m<\/td><td class=\"column-4\">38.7 KN.m<\/td><td class=\"column-5\">61:1<\/td><td class=\"column-6\">0.17\u00b0<\/td><td class=\"column-7\">49kg<\/td><td class=\"column-8\"><a href=\"https:\/\/slewingbearings.com\/wp-content\/uploads\/2024\/01\/SE9-Slew-Drive-catalog.pdf\"><br \/>\n<img decoding=\"async\" src=\"https:\/\/slewingbearings.com\/wp-content\/uploads\/2024\/01\/pdf.png\" width=\"30\" height=\"30\"><\/a><\/td>\n<\/tr>\n<tr class=\"row-3\">\n\t<td class=\"column-1\">SE9<\/td><td class=\"column-2\">4794 lbf.ft<\/td><td class=\"column-3\">25\u00d710\u00b3 lbf.ft<\/td><td class=\"column-4\">29\u00d710\u00b3 lbf.ft<\/td><td class=\"column-5\">61:1<\/td><td class=\"column-6\">0.17\u00b0<\/td><td class=\"column-7\">49kg<\/td><td class=\"column-8\"><a href=\"https:\/\/slewingbearings.com\/wp-content\/uploads\/2024\/01\/SE9-Slew-Drive-catalog.pdf\"><br \/>\n<img decoding=\"async\" src=\"https:\/\/slewingbearings.com\/wp-content\/uploads\/2024\/01\/pdf.png\" width=\"30\" height=\"30\"><\/a><\/td>\n<\/tr>\n<\/tbody>\n<\/table>\n<!-- #tablepress-14 from cache -->\n","protected":false},"excerpt":{"rendered":"<p>Los accionamientos de giro de la serie SE son ampliamente utilizados en m\u00faltiples campos industriales y escenarios de aplicaci\u00f3n de ingenier\u00eda debido a su alta precisi\u00f3n, gran par y estabilidad. Los siguientes son algunos escenarios de aplicaci\u00f3n comunes de los variadores de velocidad de la serie SE: <\/p>\n<p>Maquinaria industrial: Los accionamientos de giro de la serie SE se utilizan habitualmente en el campo de la maquinaria industrial, como m\u00e1quinas herramienta CNC, maquinaria de moldeo por inyecci\u00f3n, equipos de mezcla, etc. Su alta precisi\u00f3n y alto par lo hacen ideal para equipos de producci\u00f3n que requieren movimiento de rotaci\u00f3n, como el posicionamiento, la rotaci\u00f3n y el mecanizado de piezas durante la fabricaci\u00f3n. <\/p>\n<p>Sistema de seguimiento solar: En la industria solar, los accionamientos de giro de la serie SE se utilizan ampliamente en sistemas de seguimiento solar para ajustar el \u00e1ngulo de los paneles solares con el fin de maximizar la absorci\u00f3n de la luz solar. Estas aplicaciones requieren una gran precisi\u00f3n y fiabilidad para garantizar que los paneles solares mantengan su orientaci\u00f3n \u00f3ptima durante los cambios diarios y estacionales. <\/p>\n","protected":false},"featured_media":11650,"comment_status":"open","ping_status":"closed","template":"","meta":{"content-type":""},"product_cat":[337,330],"product_tag":[399],"class_list":{"0":"post-11688","1":"product","2":"type-product","3":"status-publish","4":"has-post-thumbnail","6":"product_cat-se-pe-slew-drive-es","7":"product_cat-slew-drive-es","8":"product_tag-se9-slew-drive-es","10":"first","11":"instock","12":"shipping-taxable","13":"product-type-simple"},"yoast_head":"<!-- This site is optimized with the Yoast SEO plugin v21.7 - https:\/\/yoast.com\/wordpress\/plugins\/seo\/ -->\n<title>Inversor SE-9 - ZZ Group<\/title>\n<meta name=\"description\" content=\"Los equipos de accionamiento gir atorio SE9 est\u00e1n altamente sellados y protegidos para evitar el impacto del entorno externo en los componentes mec\u00e1nicos internos.\" \/>\n<meta name=\"robots\" content=\"index, follow, max-snippet:-1, max-image-preview:large, max-video-preview:-1\" \/>\n<link rel=\"canonical\" href=\"https:\/\/slewingbearings.com\/product\/se-9-slew-drive\/\" \/>\n<meta property=\"og:locale\" content=\"es_ES\" \/>\n<meta property=\"og:type\" content=\"article\" \/>\n<meta property=\"og:title\" content=\"Inversor SE-9 - ZZ Group\" \/>\n<meta property=\"og:description\" content=\"Los equipos de accionamiento gir atorio SE9 est\u00e1n altamente sellados y protegidos para evitar el impacto del entorno externo en los componentes mec\u00e1nicos internos.\" \/>\n<meta property=\"og:url\" content=\"https:\/\/slewingbearings.com\/product\/se-9-slew-drive\/\" \/>\n<meta property=\"og:site_name\" content=\"ZZ Group\" \/>\n<meta property=\"og:image\" content=\"https:\/\/slewingbearings.com\/wp-content\/uploads\/2023\/11\/se9.jpg\" \/>\n\t<meta property=\"og:image:width\" content=\"500\" \/>\n\t<meta property=\"og:image:height\" content=\"500\" \/>\n\t<meta property=\"og:image:type\" content=\"image\/jpeg\" \/>\n<meta name=\"twitter:card\" content=\"summary_large_image\" \/>\n<meta name=\"twitter:label1\" content=\"Tiempo de lectura\" \/>\n\t<meta name=\"twitter:data1\" content=\"1 minuto\" \/>\n<script type=\"application\/ld+json\" class=\"yoast-schema-graph\">{\"@context\":\"https:\/\/schema.org\",\"@graph\":[{\"@type\":\"WebPage\",\"@id\":\"https:\/\/slewingbearings.com\/product\/se-9-slew-drive\/\",\"url\":\"https:\/\/slewingbearings.com\/product\/se-9-slew-drive\/\",\"name\":\"Inversor SE-9 - ZZ Group\",\"isPartOf\":{\"@id\":\"https:\/\/slewingbearings.com\/#website\"},\"datePublished\":\"2024-01-15T00:40:02+00:00\",\"dateModified\":\"2024-01-15T00:40:02+00:00\",\"description\":\"Los equipos de accionamiento gir atorio SE9 est\u00e1n altamente sellados y protegidos para evitar el impacto del entorno externo en los componentes mec\u00e1nicos internos.\",\"breadcrumb\":{\"@id\":\"https:\/\/slewingbearings.com\/product\/se-9-slew-drive\/#breadcrumb\"},\"inLanguage\":\"es\",\"potentialAction\":[{\"@type\":\"ReadAction\",\"target\":[\"https:\/\/slewingbearings.com\/product\/se-9-slew-drive\/\"]}]},{\"@type\":\"BreadcrumbList\",\"@id\":\"https:\/\/slewingbearings.com\/product\/se-9-slew-drive\/#breadcrumb\",\"itemListElement\":[{\"@type\":\"ListItem\",\"position\":1,\"name\":\"Home\",\"item\":\"https:\/\/slewingbearings.com\/es\/rodamientogiratorio-accionamiento-giratorio\/\"},{\"@type\":\"ListItem\",\"position\":2,\"name\":\"Shop\",\"item\":\"https:\/\/slewingbearings.com\/shop\/\"},{\"@type\":\"ListItem\",\"position\":3,\"name\":\"Inversor SE-9\"}]},{\"@type\":\"WebSite\",\"@id\":\"https:\/\/slewingbearings.com\/#website\",\"url\":\"https:\/\/slewingbearings.com\/\",\"name\":\"ZZ Group\",\"description\":\"Leading Slewing Bearings in China\",\"potentialAction\":[{\"@type\":\"SearchAction\",\"target\":{\"@type\":\"EntryPoint\",\"urlTemplate\":\"https:\/\/slewingbearings.com\/?s={search_term_string}\"},\"query-input\":\"required name=search_term_string\"}],\"inLanguage\":\"es\"}]}<\/script>\n<!-- \/ Yoast SEO plugin. -->","yoast_head_json":{"title":"Inversor SE-9 - ZZ Group","description":"Los equipos de accionamiento gir atorio SE9 est\u00e1n altamente sellados y protegidos para evitar el impacto del entorno externo en los componentes mec\u00e1nicos internos.","robots":{"index":"index","follow":"follow","max-snippet":"max-snippet:-1","max-image-preview":"max-image-preview:large","max-video-preview":"max-video-preview:-1"},"canonical":"https:\/\/slewingbearings.com\/product\/se-9-slew-drive\/","og_locale":"es_ES","og_type":"article","og_title":"Inversor SE-9 - ZZ Group","og_description":"Los equipos de accionamiento gir atorio SE9 est\u00e1n altamente sellados y protegidos para evitar el impacto del entorno externo en los componentes mec\u00e1nicos internos.","og_url":"https:\/\/slewingbearings.com\/product\/se-9-slew-drive\/","og_site_name":"ZZ Group","og_image":[{"width":500,"height":500,"url":"https:\/\/slewingbearings.com\/wp-content\/uploads\/2023\/11\/se9.jpg","type":"image\/jpeg"}],"twitter_card":"summary_large_image","twitter_misc":{"Tiempo de lectura":"1 minuto"},"schema":{"@context":"https:\/\/schema.org","@graph":[{"@type":"WebPage","@id":"https:\/\/slewingbearings.com\/product\/se-9-slew-drive\/","url":"https:\/\/slewingbearings.com\/product\/se-9-slew-drive\/","name":"Inversor SE-9 - ZZ Group","isPartOf":{"@id":"https:\/\/slewingbearings.com\/#website"},"datePublished":"2024-01-15T00:40:02+00:00","dateModified":"2024-01-15T00:40:02+00:00","description":"Los equipos de accionamiento gir atorio SE9 est\u00e1n altamente sellados y protegidos para evitar el impacto del entorno externo en los componentes mec\u00e1nicos internos.","breadcrumb":{"@id":"https:\/\/slewingbearings.com\/product\/se-9-slew-drive\/#breadcrumb"},"inLanguage":"es","potentialAction":[{"@type":"ReadAction","target":["https:\/\/slewingbearings.com\/product\/se-9-slew-drive\/"]}]},{"@type":"BreadcrumbList","@id":"https:\/\/slewingbearings.com\/product\/se-9-slew-drive\/#breadcrumb","itemListElement":[{"@type":"ListItem","position":1,"name":"Home","item":"https:\/\/slewingbearings.com\/es\/rodamientogiratorio-accionamiento-giratorio\/"},{"@type":"ListItem","position":2,"name":"Shop","item":"https:\/\/slewingbearings.com\/shop\/"},{"@type":"ListItem","position":3,"name":"Inversor SE-9"}]},{"@type":"WebSite","@id":"https:\/\/slewingbearings.com\/#website","url":"https:\/\/slewingbearings.com\/","name":"ZZ Group","description":"Leading Slewing Bearings in China","potentialAction":[{"@type":"SearchAction","target":{"@type":"EntryPoint","urlTemplate":"https:\/\/slewingbearings.com\/?s={search_term_string}"},"query-input":"required name=search_term_string"}],"inLanguage":"es"}]}},"_links":{"self":[{"href":"https:\/\/slewingbearings.com\/es\/wp-json\/wp\/v2\/product\/11688","targetHints":{"allow":["GET"]}}],"collection":[{"href":"https:\/\/slewingbearings.com\/es\/wp-json\/wp\/v2\/product"}],"about":[{"href":"https:\/\/slewingbearings.com\/es\/wp-json\/wp\/v2\/types\/product"}],"replies":[{"embeddable":true,"href":"https:\/\/slewingbearings.com\/es\/wp-json\/wp\/v2\/comments?post=11688"}],"wp:featuredmedia":[{"embeddable":true,"href":"https:\/\/slewingbearings.com\/es\/wp-json\/wp\/v2\/media\/11650"}],"wp:attachment":[{"href":"https:\/\/slewingbearings.com\/es\/wp-json\/wp\/v2\/media?parent=11688"}],"wp:term":[{"taxonomy":"product_cat","embeddable":true,"href":"https:\/\/slewingbearings.com\/es\/wp-json\/wp\/v2\/product_cat?post=11688"},{"taxonomy":"product_tag","embeddable":true,"href":"https:\/\/slewingbearings.com\/es\/wp-json\/wp\/v2\/product_tag?post=11688"}],"curies":[{"name":"wp","href":"https:\/\/api.w.org\/{rel}","templated":true}]}}