{"id":11663,"date":"2023-11-29T05:24:53","date_gmt":"2023-11-29T05:24:53","guid":{"rendered":"https:\/\/slewingbearings.com\/product\/se-7-mecanismo-de-giro\/"},"modified":"2023-11-29T05:24:53","modified_gmt":"2023-11-29T05:24:53","slug":"se-7-mecanismo-de-giro","status":"publish","type":"product","link":"https:\/\/slewingbearings.com\/es\/product\/se-7-mecanismo-de-giro\/","title":{"rendered":"SE-7 Mecanismo de giro"},"content":{"rendered":"<p>La excelente capacidad de carga es la caracter\u00edstica distintiva de los accionamientos de giro de la serie SE . Mediante la adopci\u00f3n de la fabricaci\u00f3n de precisi\u00f3n y dise\u00f1o estructural, esta serie de productos puede funcionar de forma estable bajo alta carga y alta intensidad de las condiciones de trabajo, el cumplimiento de los estrictos requisitos de fiabilidad y estabilidad de la maquinaria industrial y equipos de ingenier\u00eda. <\/p>\n<p>En t\u00e9rminos de fiabilidad, el accionamiento de giro de la serie SE garantiza un alto nivel de rendimiento durante el funcionamiento a largo plazo mediante la selecci\u00f3n de materiales duraderos y una artesan\u00eda exquisita, alargando as\u00ed la vida \u00fatil del equipo y reduciendo los costes de mantenimiento.<\/p>\n<p>La eficiencia energ\u00e9tica es otra de las principales ventajas de los accionamientos de giro de la serie SE. Mediante la aplicaci\u00f3n de la tecnolog\u00eda de conversi\u00f3n de energ\u00eda eficiente, estos sistemas de accionamiento pueden convertir eficazmente la energ\u00eda de entrada en potencia de salida, reducir el consumo total de energ\u00eda, y satisfacer las necesidades de sostenibilidad y eficiencia energ\u00e9tica en el campo de la ingenier\u00eda de hoy en d\u00eda . <\/p>\n<p>Los accionamientos de giro de la serie SE est\u00e1n dise\u00f1ados para facilitar su integraci\u00f3n. Su estructura modular y sus interfaces est\u00e1ndar permiten aplicarlo con flexibilidad a diversos sistemas mec\u00e1nicos y proporcionar diversas soluciones integradas. Al mismo tiempo, su dise\u00f1o resistente al polvo y al agua garantiza un funcionamiento estable en entornos dif\u00edciles, lo que garantiza la seguridad y la fiabilidad del equipo.  <\/p>\n\n<table id=\"tablepress-13\" class=\"tablepress tablepress-id-13\">\n<thead>\n<tr class=\"row-1\">\n\t<th class=\"column-1\">Model<\/th><th class=\"column-2\">Output Torque<\/th><th class=\"column-3\">Tilting Moment Torque<\/th><th class=\"column-4\">Holding Torque<\/th><th class=\"column-5\">Gear Ratio<\/th><th class=\"column-6\">Tracking Precision<\/th><th class=\"column-7\">Weight<\/th><th class=\"column-8\">Drawing<\/th>\n<\/tr>\n<\/thead>\n<tbody class=\"row-striping row-hover\">\n<tr class=\"row-2\">\n\t<td class=\"column-1\">SE7<\/td><td class=\"column-2\">1000 N.m<\/td><td class=\"column-3\">13500 N.m<\/td><td class=\"column-4\">10400 N.m<\/td><td class=\"column-5\">73:1<\/td><td class=\"column-6\">0.2\u00b0<\/td><td class=\"column-7\">21kg<\/td><td class=\"column-8\"><a href=\"https:\/\/slewingbearings.com\/wp-content\/uploads\/2024\/01\/SE7-Slew-Drive-catalog.pdf\"><br \/>\n<img decoding=\"async\" src=\"https:\/\/slewingbearings.com\/wp-content\/uploads\/2024\/01\/pdf.png\" width=\"30\" height=\"30\"><\/a><\/td>\n<\/tr>\n<tr class=\"row-3\">\n\t<td class=\"column-1\">SE7<\/td><td class=\"column-2\">738 lbf.ft<\/td><td class=\"column-3\">9957 lbf.ft<\/td><td class=\"column-4\">7671 lbf.ft<\/td><td class=\"column-5\">73:1<\/td><td class=\"column-6\">0.2\u00b0<\/td><td class=\"column-7\">21kg<\/td><td class=\"column-8\"><a href=\"https:\/\/slewingbearings.com\/wp-content\/uploads\/2024\/01\/SE7-Slew-Drive-catalog.pdf\"><br \/>\n<img decoding=\"async\" src=\"https:\/\/slewingbearings.com\/wp-content\/uploads\/2024\/01\/pdf.png\" width=\"30\" height=\"30\"><\/a><\/td>\n<\/tr>\n<\/tbody>\n<\/table>\n<!-- #tablepress-13 from cache -->\n","protected":false},"excerpt":{"rendered":"<p>El mecanismo de giro SE7 encarna el pin\u00e1culo del dise\u00f1o de ingenier\u00eda avanzada, proporcionando soluciones de potencia superiores para una amplia gama de aplicaciones industriales. Su dise\u00f1o presta atenci\u00f3n a los detalles y tiene como objetivo lograr una transmisi\u00f3n de potencia rotacional eficiente en un espacio limitado y demostrar su rendimiento integral ante diversos escenarios de aplicaciones de ingenier\u00eda. <\/p>\n<p>En general, el mecanismo de giro de la serie SE proporciona soluciones de transmisi\u00f3n de potencia rotativa eficientes y sostenibles para el campo industrial gracias a su excelente dise\u00f1o de ingenier\u00eda, capacidad de carga, fiabilidad, eficiencia energ\u00e9tica y f\u00e1cil integraci\u00f3n.<\/p>\n","protected":false},"featured_media":11649,"comment_status":"open","ping_status":"closed","template":"","meta":{"content-type":""},"product_cat":[337,330],"product_tag":[392],"class_list":{"0":"post-11663","1":"product","2":"type-product","3":"status-publish","4":"has-post-thumbnail","6":"product_cat-se-pe-slew-drive-es","7":"product_cat-slew-drive-es","8":"product_tag-se7-slew-drive-es","10":"first","11":"instock","12":"shipping-taxable","13":"product-type-simple"},"yoast_head":"<!-- This site is optimized with the Yoast SEO plugin v21.7 - https:\/\/yoast.com\/wordpress\/plugins\/seo\/ -->\n<title>SE-7 Mecanismo de giro - ZZ Group<\/title>\n<meta name=\"description\" content=\"El mecanismo de giro SE7 est\u00e1 dise\u00f1ado para facilitar su integraci\u00f3n. La estructura modular y las interfaces est\u00e1ndar pueden aplicarse con flexibilidad a diversos tipos de maquinaria...\" \/>\n<meta name=\"robots\" content=\"index, follow, max-snippet:-1, max-image-preview:large, max-video-preview:-1\" \/>\n<link rel=\"canonical\" href=\"https:\/\/slewingbearings.com\/product\/se-7-slew-drive\/\" \/>\n<meta property=\"og:locale\" content=\"es_ES\" \/>\n<meta property=\"og:type\" content=\"article\" \/>\n<meta property=\"og:title\" content=\"SE-7 Mecanismo de giro - ZZ Group\" \/>\n<meta property=\"og:description\" content=\"El mecanismo de giro SE7 est\u00e1 dise\u00f1ado para facilitar su integraci\u00f3n. La estructura modular y las interfaces est\u00e1ndar pueden aplicarse con flexibilidad a diversos tipos de maquinaria...\" \/>\n<meta property=\"og:url\" content=\"https:\/\/slewingbearings.com\/product\/se-7-slew-drive\/\" \/>\n<meta property=\"og:site_name\" content=\"ZZ Group\" \/>\n<meta property=\"og:image\" content=\"https:\/\/slewingbearings.com\/wp-content\/uploads\/2023\/11\/se7.jpg\" \/>\n\t<meta property=\"og:image:width\" content=\"500\" \/>\n\t<meta property=\"og:image:height\" content=\"500\" \/>\n\t<meta property=\"og:image:type\" content=\"image\/jpeg\" \/>\n<meta name=\"twitter:card\" content=\"summary_large_image\" \/>\n<meta name=\"twitter:label1\" content=\"Tiempo de lectura\" \/>\n\t<meta name=\"twitter:data1\" content=\"1 minuto\" \/>\n<script type=\"application\/ld+json\" class=\"yoast-schema-graph\">{\"@context\":\"https:\/\/schema.org\",\"@graph\":[{\"@type\":\"WebPage\",\"@id\":\"https:\/\/slewingbearings.com\/product\/se-7-slew-drive\/\",\"url\":\"https:\/\/slewingbearings.com\/product\/se-7-slew-drive\/\",\"name\":\"SE-7 Mecanismo de giro - ZZ Group\",\"isPartOf\":{\"@id\":\"https:\/\/slewingbearings.com\/#website\"},\"datePublished\":\"2023-11-29T05:24:53+00:00\",\"dateModified\":\"2023-11-29T05:24:53+00:00\",\"description\":\"El mecanismo de giro SE7 est\u00e1 dise\u00f1ado para facilitar su integraci\u00f3n. La estructura modular y las interfaces est\u00e1ndar pueden aplicarse con flexibilidad a diversos tipos de maquinaria...\",\"breadcrumb\":{\"@id\":\"https:\/\/slewingbearings.com\/product\/se-7-slew-drive\/#breadcrumb\"},\"inLanguage\":\"es\",\"potentialAction\":[{\"@type\":\"ReadAction\",\"target\":[\"https:\/\/slewingbearings.com\/product\/se-7-slew-drive\/\"]}]},{\"@type\":\"BreadcrumbList\",\"@id\":\"https:\/\/slewingbearings.com\/product\/se-7-slew-drive\/#breadcrumb\",\"itemListElement\":[{\"@type\":\"ListItem\",\"position\":1,\"name\":\"Home\",\"item\":\"https:\/\/slewingbearings.com\/es\/rodamientogiratorio-accionamiento-giratorio\/\"},{\"@type\":\"ListItem\",\"position\":2,\"name\":\"Shop\",\"item\":\"https:\/\/slewingbearings.com\/shop\/\"},{\"@type\":\"ListItem\",\"position\":3,\"name\":\"SE-7 Mecanismo de giro\"}]},{\"@type\":\"WebSite\",\"@id\":\"https:\/\/slewingbearings.com\/#website\",\"url\":\"https:\/\/slewingbearings.com\/\",\"name\":\"ZZ Group\",\"description\":\"Leading Slewing Bearings in China\",\"potentialAction\":[{\"@type\":\"SearchAction\",\"target\":{\"@type\":\"EntryPoint\",\"urlTemplate\":\"https:\/\/slewingbearings.com\/?s={search_term_string}\"},\"query-input\":\"required name=search_term_string\"}],\"inLanguage\":\"es\"}]}<\/script>\n<!-- \/ Yoast SEO plugin. -->","yoast_head_json":{"title":"SE-7 Mecanismo de giro - ZZ Group","description":"El mecanismo de giro SE7 est\u00e1 dise\u00f1ado para facilitar su integraci\u00f3n. La estructura modular y las interfaces est\u00e1ndar pueden aplicarse con flexibilidad a diversos tipos de maquinaria...","robots":{"index":"index","follow":"follow","max-snippet":"max-snippet:-1","max-image-preview":"max-image-preview:large","max-video-preview":"max-video-preview:-1"},"canonical":"https:\/\/slewingbearings.com\/product\/se-7-slew-drive\/","og_locale":"es_ES","og_type":"article","og_title":"SE-7 Mecanismo de giro - ZZ Group","og_description":"El mecanismo de giro SE7 est\u00e1 dise\u00f1ado para facilitar su integraci\u00f3n. La estructura modular y las interfaces est\u00e1ndar pueden aplicarse con flexibilidad a diversos tipos de maquinaria...","og_url":"https:\/\/slewingbearings.com\/product\/se-7-slew-drive\/","og_site_name":"ZZ Group","og_image":[{"width":500,"height":500,"url":"https:\/\/slewingbearings.com\/wp-content\/uploads\/2023\/11\/se7.jpg","type":"image\/jpeg"}],"twitter_card":"summary_large_image","twitter_misc":{"Tiempo de lectura":"1 minuto"},"schema":{"@context":"https:\/\/schema.org","@graph":[{"@type":"WebPage","@id":"https:\/\/slewingbearings.com\/product\/se-7-slew-drive\/","url":"https:\/\/slewingbearings.com\/product\/se-7-slew-drive\/","name":"SE-7 Mecanismo de giro - ZZ Group","isPartOf":{"@id":"https:\/\/slewingbearings.com\/#website"},"datePublished":"2023-11-29T05:24:53+00:00","dateModified":"2023-11-29T05:24:53+00:00","description":"El mecanismo de giro SE7 est\u00e1 dise\u00f1ado para facilitar su integraci\u00f3n. La estructura modular y las interfaces est\u00e1ndar pueden aplicarse con flexibilidad a diversos tipos de maquinaria...","breadcrumb":{"@id":"https:\/\/slewingbearings.com\/product\/se-7-slew-drive\/#breadcrumb"},"inLanguage":"es","potentialAction":[{"@type":"ReadAction","target":["https:\/\/slewingbearings.com\/product\/se-7-slew-drive\/"]}]},{"@type":"BreadcrumbList","@id":"https:\/\/slewingbearings.com\/product\/se-7-slew-drive\/#breadcrumb","itemListElement":[{"@type":"ListItem","position":1,"name":"Home","item":"https:\/\/slewingbearings.com\/es\/rodamientogiratorio-accionamiento-giratorio\/"},{"@type":"ListItem","position":2,"name":"Shop","item":"https:\/\/slewingbearings.com\/shop\/"},{"@type":"ListItem","position":3,"name":"SE-7 Mecanismo de giro"}]},{"@type":"WebSite","@id":"https:\/\/slewingbearings.com\/#website","url":"https:\/\/slewingbearings.com\/","name":"ZZ Group","description":"Leading Slewing Bearings in China","potentialAction":[{"@type":"SearchAction","target":{"@type":"EntryPoint","urlTemplate":"https:\/\/slewingbearings.com\/?s={search_term_string}"},"query-input":"required name=search_term_string"}],"inLanguage":"es"}]}},"_links":{"self":[{"href":"https:\/\/slewingbearings.com\/es\/wp-json\/wp\/v2\/product\/11663","targetHints":{"allow":["GET"]}}],"collection":[{"href":"https:\/\/slewingbearings.com\/es\/wp-json\/wp\/v2\/product"}],"about":[{"href":"https:\/\/slewingbearings.com\/es\/wp-json\/wp\/v2\/types\/product"}],"replies":[{"embeddable":true,"href":"https:\/\/slewingbearings.com\/es\/wp-json\/wp\/v2\/comments?post=11663"}],"wp:featuredmedia":[{"embeddable":true,"href":"https:\/\/slewingbearings.com\/es\/wp-json\/wp\/v2\/media\/11649"}],"wp:attachment":[{"href":"https:\/\/slewingbearings.com\/es\/wp-json\/wp\/v2\/media?parent=11663"}],"wp:term":[{"taxonomy":"product_cat","embeddable":true,"href":"https:\/\/slewingbearings.com\/es\/wp-json\/wp\/v2\/product_cat?post=11663"},{"taxonomy":"product_tag","embeddable":true,"href":"https:\/\/slewingbearings.com\/es\/wp-json\/wp\/v2\/product_tag?post=11663"}],"curies":[{"name":"wp","href":"https:\/\/api.w.org\/{rel}","templated":true}]}}