{"id":11657,"date":"2023-11-29T05:23:49","date_gmt":"2023-11-29T05:23:49","guid":{"rendered":"https:\/\/slewingbearings.com\/product\/accionamiento-giratorio-se-5\/"},"modified":"2023-11-29T05:23:49","modified_gmt":"2023-11-29T05:23:49","slug":"accionamiento-giratorio-se-5","status":"publish","type":"product","link":"https:\/\/slewingbearings.com\/es\/product\/accionamiento-giratorio-se-5\/","title":{"rendered":"Accionamiento giratorio SE-5"},"content":{"rendered":"<p>Esta serie de accionamientos de giro es conocida por su gran capacidad de carga y puede soportar de forma estable la carga de maquinaria pesada y equipos de ingenier\u00eda, garantizando la fiabilidad y estabilidad del funcionamiento del sistema. El dise\u00f1o se centra en la fiabilidad para garantizar un excelente rendimiento continuo durante largos periodos de funcionamiento. Adem\u00e1s, el accionamiento de giro de la serie SE tambi\u00e9n logra una conversi\u00f3n eficiente de la energ\u00eda y reduce el consumo de energ\u00eda mediante una tecnolog\u00eda de conversi\u00f3n de energ\u00eda optimizada, que est\u00e1 en consonancia con la b\u00fasqueda de la conservaci\u00f3n de la energ\u00eda y la protecci\u00f3n del medio ambiente en el campo de la ingenier\u00eda moderna.  <\/p>\n<p>Al mismo tiempo, el mecanismo de giro de la serie SE tambi\u00e9n se centra en la facilidad de integraci\u00f3n y puede integrarse f\u00e1cilmente en diversos sistemas mec\u00e1nicos, lo que proporciona a los usuarios una mayor flexibilidad. Su dise\u00f1o a prueba de polvo y agua lo hace adecuado para entornos de trabajo dif\u00edciles y prolonga la vida \u00fatil del producto. En general, el accionamiento de giro de la serie SE se ha convertido en una soluci\u00f3n de potencia indispensable en los campos industrial y mec\u00e1nico gracias a su excelente rendimiento, fiabilidad y adaptabilidad.  <\/p>\n\n<table id=\"tablepress-12\" class=\"tablepress tablepress-id-12\">\n<thead>\n<tr class=\"row-1\">\n\t<th class=\"column-1\">Model<\/th><th class=\"column-2\">Output Torque<\/th><th class=\"column-3\">Tilting Moment Torque<\/th><th class=\"column-4\">Holding Torque<\/th><th class=\"column-5\">Gear Ratio<\/th><th class=\"column-6\">Tracking Precision<\/th><th class=\"column-7\">Weight<\/th><th class=\"column-8\">Drawing<\/th>\n<\/tr>\n<\/thead>\n<tbody class=\"row-striping row-hover\">\n<tr class=\"row-2\">\n\t<td class=\"column-1\">SE5<\/td><td class=\"column-2\">600 N.m<\/td><td class=\"column-3\">1800 N.m<\/td><td class=\"column-4\">5000 N.m<\/td><td class=\"column-5\">62:1<\/td><td class=\"column-6\">0.2\u00b0<\/td><td class=\"column-7\">12kg<\/td><td class=\"column-8\"><a href=\"https:\/\/slewingbearings.com\/wp-content\/uploads\/2024\/01\/SE5-Slew-Drive-catalog.pdf\"><br \/>\n<img decoding=\"async\" src=\"https:\/\/slewingbearings.com\/wp-content\/uploads\/2024\/01\/pdf.png\" width=\"30\" height=\"30\"><\/a><\/td>\n<\/tr>\n<tr class=\"row-3\">\n\t<td class=\"column-1\">SE5<\/td><td class=\"column-2\">443 lbf.ft<\/td><td class=\"column-3\">1328 lbf.ft<\/td><td class=\"column-4\">3688 lbf.ft<\/td><td class=\"column-5\">62:1<\/td><td class=\"column-6\">0.2\u00b0<\/td><td class=\"column-7\">12kg<\/td><td class=\"column-8\"><a href=\"https:\/\/slewingbearings.com\/wp-content\/uploads\/2024\/01\/SE5-Slew-Drive-catalog.pdf\"><br \/>\n<img decoding=\"async\" src=\"https:\/\/slewingbearings.com\/wp-content\/uploads\/2024\/01\/pdf.png\" width=\"30\" height=\"30\"><\/a><\/td>\n<\/tr>\n<\/tbody>\n<\/table>\n<!-- #tablepress-12 from cache -->\n","protected":false},"excerpt":{"rendered":"<p>Los accionamientos de giro de la serie SE son una serie de equipos mec\u00e1nicos bien dise\u00f1ados que destacan entre los sistemas mec\u00e1nicos y de ingenier\u00eda por su alta precisi\u00f3n y extraordinario rendimiento. Su dise\u00f1o compacto le permite proporcionar una potencia rotacional eficiente en un espacio limitado. El accionamiento de giro de la serie SE est\u00e1 especialmente dise\u00f1ado para adaptarse a diversos escenarios de aplicaci\u00f3n y puede desempe\u00f1ar un papel destacado en la fabricaci\u00f3n industrial, la ingenier\u00eda de la construcci\u00f3n o la rob\u00f3tica.  <\/p>\n","protected":false},"featured_media":11648,"comment_status":"open","ping_status":"closed","template":"","meta":{"content-type":""},"product_cat":[337,330],"product_tag":[386],"class_list":{"0":"post-11657","1":"product","2":"type-product","3":"status-publish","4":"has-post-thumbnail","6":"product_cat-se-pe-slew-drive-es","7":"product_cat-slew-drive-es","8":"product_tag-se5-slew-drive-es","10":"first","11":"instock","12":"shipping-taxable","13":"product-type-simple"},"yoast_head":"<!-- This site is optimized with the Yoast SEO plugin v21.7 - https:\/\/yoast.com\/wordpress\/plugins\/seo\/ -->\n<title>Accionamiento giratorio SE-5 - ZZ Group<\/title>\n<meta name=\"description\" content=\"El mecanismo de giro de la serie SE tambi\u00e9n se centra en la facilidad de integraci\u00f3n y puede integrarse f\u00e1cilmente en diversos sistemas mec\u00e1nicos, proporcionando una mayor flexibilidad.\" \/>\n<meta name=\"robots\" content=\"index, follow, max-snippet:-1, max-image-preview:large, max-video-preview:-1\" \/>\n<link rel=\"canonical\" href=\"https:\/\/slewingbearings.com\/product\/se-5-slew-drive\/\" \/>\n<meta property=\"og:locale\" content=\"es_ES\" \/>\n<meta property=\"og:type\" content=\"article\" \/>\n<meta property=\"og:title\" content=\"Accionamiento giratorio SE-5 - ZZ Group\" \/>\n<meta property=\"og:description\" content=\"El mecanismo de giro de la serie SE tambi\u00e9n se centra en la facilidad de integraci\u00f3n y puede integrarse f\u00e1cilmente en diversos sistemas mec\u00e1nicos, proporcionando una mayor flexibilidad.\" \/>\n<meta property=\"og:url\" content=\"https:\/\/slewingbearings.com\/product\/se-5-slew-drive\/\" \/>\n<meta property=\"og:site_name\" content=\"ZZ Group\" \/>\n<meta property=\"og:image\" content=\"https:\/\/slewingbearings.com\/wp-content\/uploads\/2023\/11\/se5.jpg\" \/>\n\t<meta property=\"og:image:width\" content=\"500\" \/>\n\t<meta property=\"og:image:height\" content=\"500\" \/>\n\t<meta property=\"og:image:type\" content=\"image\/jpeg\" \/>\n<meta name=\"twitter:card\" content=\"summary_large_image\" \/>\n<meta name=\"twitter:label1\" content=\"Tiempo de lectura\" \/>\n\t<meta name=\"twitter:data1\" content=\"1 minuto\" \/>\n<script type=\"application\/ld+json\" class=\"yoast-schema-graph\">{\"@context\":\"https:\/\/schema.org\",\"@graph\":[{\"@type\":\"WebPage\",\"@id\":\"https:\/\/slewingbearings.com\/product\/se-5-slew-drive\/\",\"url\":\"https:\/\/slewingbearings.com\/product\/se-5-slew-drive\/\",\"name\":\"Accionamiento giratorio SE-5 - ZZ Group\",\"isPartOf\":{\"@id\":\"https:\/\/slewingbearings.com\/#website\"},\"datePublished\":\"2023-11-29T05:23:49+00:00\",\"dateModified\":\"2023-11-29T05:23:49+00:00\",\"description\":\"El mecanismo de giro de la serie SE tambi\u00e9n se centra en la facilidad de integraci\u00f3n y puede integrarse f\u00e1cilmente en diversos sistemas mec\u00e1nicos, proporcionando una mayor flexibilidad.\",\"breadcrumb\":{\"@id\":\"https:\/\/slewingbearings.com\/product\/se-5-slew-drive\/#breadcrumb\"},\"inLanguage\":\"es\",\"potentialAction\":[{\"@type\":\"ReadAction\",\"target\":[\"https:\/\/slewingbearings.com\/product\/se-5-slew-drive\/\"]}]},{\"@type\":\"BreadcrumbList\",\"@id\":\"https:\/\/slewingbearings.com\/product\/se-5-slew-drive\/#breadcrumb\",\"itemListElement\":[{\"@type\":\"ListItem\",\"position\":1,\"name\":\"Home\",\"item\":\"https:\/\/slewingbearings.com\/es\/rodamientogiratorio-accionamiento-giratorio\/\"},{\"@type\":\"ListItem\",\"position\":2,\"name\":\"Shop\",\"item\":\"https:\/\/slewingbearings.com\/shop\/\"},{\"@type\":\"ListItem\",\"position\":3,\"name\":\"Accionamiento giratorio SE-5\"}]},{\"@type\":\"WebSite\",\"@id\":\"https:\/\/slewingbearings.com\/#website\",\"url\":\"https:\/\/slewingbearings.com\/\",\"name\":\"ZZ Group\",\"description\":\"Leading Slewing Bearings in China\",\"potentialAction\":[{\"@type\":\"SearchAction\",\"target\":{\"@type\":\"EntryPoint\",\"urlTemplate\":\"https:\/\/slewingbearings.com\/?s={search_term_string}\"},\"query-input\":\"required name=search_term_string\"}],\"inLanguage\":\"es\"}]}<\/script>\n<!-- \/ Yoast SEO plugin. -->","yoast_head_json":{"title":"Accionamiento giratorio SE-5 - ZZ Group","description":"El mecanismo de giro de la serie SE tambi\u00e9n se centra en la facilidad de integraci\u00f3n y puede integrarse f\u00e1cilmente en diversos sistemas mec\u00e1nicos, proporcionando una mayor flexibilidad.","robots":{"index":"index","follow":"follow","max-snippet":"max-snippet:-1","max-image-preview":"max-image-preview:large","max-video-preview":"max-video-preview:-1"},"canonical":"https:\/\/slewingbearings.com\/product\/se-5-slew-drive\/","og_locale":"es_ES","og_type":"article","og_title":"Accionamiento giratorio SE-5 - ZZ Group","og_description":"El mecanismo de giro de la serie SE tambi\u00e9n se centra en la facilidad de integraci\u00f3n y puede integrarse f\u00e1cilmente en diversos sistemas mec\u00e1nicos, proporcionando una mayor flexibilidad.","og_url":"https:\/\/slewingbearings.com\/product\/se-5-slew-drive\/","og_site_name":"ZZ Group","og_image":[{"width":500,"height":500,"url":"https:\/\/slewingbearings.com\/wp-content\/uploads\/2023\/11\/se5.jpg","type":"image\/jpeg"}],"twitter_card":"summary_large_image","twitter_misc":{"Tiempo de lectura":"1 minuto"},"schema":{"@context":"https:\/\/schema.org","@graph":[{"@type":"WebPage","@id":"https:\/\/slewingbearings.com\/product\/se-5-slew-drive\/","url":"https:\/\/slewingbearings.com\/product\/se-5-slew-drive\/","name":"Accionamiento giratorio SE-5 - ZZ Group","isPartOf":{"@id":"https:\/\/slewingbearings.com\/#website"},"datePublished":"2023-11-29T05:23:49+00:00","dateModified":"2023-11-29T05:23:49+00:00","description":"El mecanismo de giro de la serie SE tambi\u00e9n se centra en la facilidad de integraci\u00f3n y puede integrarse f\u00e1cilmente en diversos sistemas mec\u00e1nicos, proporcionando una mayor flexibilidad.","breadcrumb":{"@id":"https:\/\/slewingbearings.com\/product\/se-5-slew-drive\/#breadcrumb"},"inLanguage":"es","potentialAction":[{"@type":"ReadAction","target":["https:\/\/slewingbearings.com\/product\/se-5-slew-drive\/"]}]},{"@type":"BreadcrumbList","@id":"https:\/\/slewingbearings.com\/product\/se-5-slew-drive\/#breadcrumb","itemListElement":[{"@type":"ListItem","position":1,"name":"Home","item":"https:\/\/slewingbearings.com\/es\/rodamientogiratorio-accionamiento-giratorio\/"},{"@type":"ListItem","position":2,"name":"Shop","item":"https:\/\/slewingbearings.com\/shop\/"},{"@type":"ListItem","position":3,"name":"Accionamiento giratorio SE-5"}]},{"@type":"WebSite","@id":"https:\/\/slewingbearings.com\/#website","url":"https:\/\/slewingbearings.com\/","name":"ZZ Group","description":"Leading Slewing Bearings in China","potentialAction":[{"@type":"SearchAction","target":{"@type":"EntryPoint","urlTemplate":"https:\/\/slewingbearings.com\/?s={search_term_string}"},"query-input":"required name=search_term_string"}],"inLanguage":"es"}]}},"_links":{"self":[{"href":"https:\/\/slewingbearings.com\/es\/wp-json\/wp\/v2\/product\/11657","targetHints":{"allow":["GET"]}}],"collection":[{"href":"https:\/\/slewingbearings.com\/es\/wp-json\/wp\/v2\/product"}],"about":[{"href":"https:\/\/slewingbearings.com\/es\/wp-json\/wp\/v2\/types\/product"}],"replies":[{"embeddable":true,"href":"https:\/\/slewingbearings.com\/es\/wp-json\/wp\/v2\/comments?post=11657"}],"wp:featuredmedia":[{"embeddable":true,"href":"https:\/\/slewingbearings.com\/es\/wp-json\/wp\/v2\/media\/11648"}],"wp:attachment":[{"href":"https:\/\/slewingbearings.com\/es\/wp-json\/wp\/v2\/media?parent=11657"}],"wp:term":[{"taxonomy":"product_cat","embeddable":true,"href":"https:\/\/slewingbearings.com\/es\/wp-json\/wp\/v2\/product_cat?post=11657"},{"taxonomy":"product_tag","embeddable":true,"href":"https:\/\/slewingbearings.com\/es\/wp-json\/wp\/v2\/product_tag?post=11657"}],"curies":[{"name":"wp","href":"https:\/\/api.w.org\/{rel}","templated":true}]}}