{"id":11646,"date":"2023-11-28T11:39:02","date_gmt":"2023-11-28T11:39:02","guid":{"rendered":"https:\/\/slewingbearings.com\/product\/accionamiento-gir-atorio-se-3\/"},"modified":"2023-11-28T11:39:02","modified_gmt":"2023-11-28T11:39:02","slug":"accionamiento-gir-atorio-se-3","status":"publish","type":"product","link":"https:\/\/slewingbearings.com\/es\/product\/accionamiento-gir-atorio-se-3\/","title":{"rendered":"Accionamiento gir atorio SE-3"},"content":{"rendered":"<p>El mecanismo de giro de la serie SE tiene un dise\u00f1o compacto de alta precisi\u00f3n, se adapta a una gran variedad de escenarios de aplicaci\u00f3n, tiene una gran capacidad de carga y una gran fiabilidad, proporcionando una potencia rotacional eficiente para sistemas mec\u00e1nicos y de ingenier\u00eda. Las caracter\u00edsticas espec\u00edficas son: <\/p>\n<ul>\n<li>Dise\u00f1o de precisi\u00f3n: Los accionamientos de giro de la serie SE suelen tener un dise\u00f1o de precisi\u00f3n para garantizar un alto grado de exactitud y controlabilidad. Esto es fundamental para algunas aplicaciones que requieren un posicionamiento y control de alta precisi\u00f3n. <\/li>\n<li>Gran capacidad de carga: Este tipo de mecanismo de giro suele estar dise\u00f1ado para soportar cargas mayores y es adecuado para maquinaria pesada y equipos de construcci\u00f3n.<\/li>\n<li>Dise\u00f1o compacto: Para adaptarse a un espacio de instalaci\u00f3n limitado, la serie SE puede adoptar un dise\u00f1o compacto, proporcionando una densidad de potencia eficiente.<\/li>\n<\/ul>\n\n<table id=\"tablepress-11\" class=\"tablepress tablepress-id-11\">\n<thead>\n<tr class=\"row-1\">\n\t<th class=\"column-1\">Model<\/th><th class=\"column-2\">Output Torque<\/th><th class=\"column-3\">Tilting Moment Torque<\/th><th class=\"column-4\">Holding Torque<\/th><th class=\"column-5\">Gear Ratio<\/th><th class=\"column-6\">Tracking Precision<\/th><th class=\"column-7\">Weight<\/th><th class=\"column-8\">Drawing<\/th>\n<\/tr>\n<\/thead>\n<tbody class=\"row-striping row-hover\">\n<tr class=\"row-2\">\n\t<td class=\"column-1\">SE3<\/td><td class=\"column-2\">400 N.m<\/td><td class=\"column-3\">1100 N.m<\/td><td class=\"column-4\">2000 N.m<\/td><td class=\"column-5\">62:1<\/td><td class=\"column-6\">0.2\u00b0<\/td><td class=\"column-7\">12kg<\/td><td class=\"column-8\"><a href=\"https:\/\/slewingbearings.com\/wp-content\/uploads\/2024\/01\/SE3-Slew-Drive-catalog.pdf\"><br \/>\n<img decoding=\"async\" src=\"https:\/\/slewingbearings.com\/wp-content\/uploads\/2024\/01\/pdf.png\" width=\"30\" height=\"30\"><\/a><\/td>\n<\/tr>\n<tr class=\"row-3\">\n\t<td class=\"column-1\">SE3<\/td><td class=\"column-2\">295 lbf.ft<\/td><td class=\"column-3\">811 lbf.ft<\/td><td class=\"column-4\">1476 lbf.ft<\/td><td class=\"column-5\">62:1<\/td><td class=\"column-6\">0.2\u00b0<\/td><td class=\"column-7\">12kg<\/td><td class=\"column-8\"><a href=\"https:\/\/slewingbearings.com\/wp-content\/uploads\/2024\/01\/SE3-Slew-Drive-catalog.pdf\"><br \/>\n<img decoding=\"async\" src=\"https:\/\/slewingbearings.com\/wp-content\/uploads\/2024\/01\/pdf.png\" width=\"30\" height=\"30\"><\/a><\/td>\n<\/tr>\n<\/tbody>\n<\/table>\n<!-- #tablepress-11 from cache -->\n","protected":false},"excerpt":{"rendered":"<p>El mecanismo de accionamiento es un componente clave del accionamiento de giro SE3, que acciona los componentes giratorios a trav\u00e9s de una fuente de energ\u00eda o potencia externa. La elecci\u00f3n del mecanismo de accionamiento depende de la aplicaci\u00f3n espec\u00edfica e incluye motores el\u00e9ctricos, accionamientos hidr\u00e1ulicos, accionamientos neum\u00e1ticos, etc. <\/p>\n","protected":false},"featured_media":11647,"comment_status":"open","ping_status":"closed","template":"","meta":{"content-type":""},"product_cat":[337,330],"product_tag":[379],"class_list":{"0":"post-11646","1":"product","2":"type-product","3":"status-publish","4":"has-post-thumbnail","6":"product_cat-se-pe-slew-drive-es","7":"product_cat-slew-drive-es","8":"product_tag-se-3-slew-drive-es","10":"first","11":"instock","12":"shipping-taxable","13":"product-type-simple"},"yoast_head":"<!-- This site is optimized with the Yoast SEO plugin v21.7 - https:\/\/yoast.com\/wordpress\/plugins\/seo\/ -->\n<title>Accionamiento gir atorio SE-3 - ZZ Group<\/title>\n<meta name=\"description\" content=\"Los accionamientos de giro SE3 se utilizan en muchos campos, como la fabricaci\u00f3n industrial, la ingenier\u00eda de la construcci\u00f3n, la energ\u00eda, el transporte y los electrodom\u00e9sticos.\" \/>\n<meta name=\"robots\" content=\"index, follow, max-snippet:-1, max-image-preview:large, max-video-preview:-1\" \/>\n<link rel=\"canonical\" href=\"https:\/\/slewingbearings.com\/product\/se-3-slew-drive\/\" \/>\n<meta property=\"og:locale\" content=\"es_ES\" \/>\n<meta property=\"og:type\" content=\"article\" \/>\n<meta property=\"og:title\" content=\"Accionamiento gir atorio SE-3 - ZZ Group\" \/>\n<meta property=\"og:description\" content=\"Los accionamientos de giro SE3 se utilizan en muchos campos, como la fabricaci\u00f3n industrial, la ingenier\u00eda de la construcci\u00f3n, la energ\u00eda, el transporte y los electrodom\u00e9sticos.\" \/>\n<meta property=\"og:url\" content=\"https:\/\/slewingbearings.com\/product\/se-3-slew-drive\/\" \/>\n<meta property=\"og:site_name\" content=\"ZZ Group\" \/>\n<meta property=\"og:image\" content=\"https:\/\/slewingbearings.com\/wp-content\/uploads\/2023\/11\/se3.jpg\" \/>\n\t<meta property=\"og:image:width\" content=\"500\" \/>\n\t<meta property=\"og:image:height\" content=\"500\" \/>\n\t<meta property=\"og:image:type\" content=\"image\/jpeg\" \/>\n<meta name=\"twitter:card\" content=\"summary_large_image\" \/>\n<meta name=\"twitter:label1\" content=\"Tiempo de lectura\" \/>\n\t<meta name=\"twitter:data1\" content=\"1 minuto\" \/>\n<script type=\"application\/ld+json\" class=\"yoast-schema-graph\">{\"@context\":\"https:\/\/schema.org\",\"@graph\":[{\"@type\":\"WebPage\",\"@id\":\"https:\/\/slewingbearings.com\/product\/se-3-slew-drive\/\",\"url\":\"https:\/\/slewingbearings.com\/product\/se-3-slew-drive\/\",\"name\":\"Accionamiento gir atorio SE-3 - ZZ Group\",\"isPartOf\":{\"@id\":\"https:\/\/slewingbearings.com\/#website\"},\"datePublished\":\"2023-11-28T11:39:02+00:00\",\"dateModified\":\"2023-11-28T11:39:02+00:00\",\"description\":\"Los accionamientos de giro SE3 se utilizan en muchos campos, como la fabricaci\u00f3n industrial, la ingenier\u00eda de la construcci\u00f3n, la energ\u00eda, el transporte y los electrodom\u00e9sticos.\",\"breadcrumb\":{\"@id\":\"https:\/\/slewingbearings.com\/product\/se-3-slew-drive\/#breadcrumb\"},\"inLanguage\":\"es\",\"potentialAction\":[{\"@type\":\"ReadAction\",\"target\":[\"https:\/\/slewingbearings.com\/product\/se-3-slew-drive\/\"]}]},{\"@type\":\"BreadcrumbList\",\"@id\":\"https:\/\/slewingbearings.com\/product\/se-3-slew-drive\/#breadcrumb\",\"itemListElement\":[{\"@type\":\"ListItem\",\"position\":1,\"name\":\"Home\",\"item\":\"https:\/\/slewingbearings.com\/es\/rodamientogiratorio-accionamiento-giratorio\/\"},{\"@type\":\"ListItem\",\"position\":2,\"name\":\"Shop\",\"item\":\"https:\/\/slewingbearings.com\/shop\/\"},{\"@type\":\"ListItem\",\"position\":3,\"name\":\"Accionamiento gir atorio SE-3\"}]},{\"@type\":\"WebSite\",\"@id\":\"https:\/\/slewingbearings.com\/#website\",\"url\":\"https:\/\/slewingbearings.com\/\",\"name\":\"ZZ Group\",\"description\":\"Leading Slewing Bearings in China\",\"potentialAction\":[{\"@type\":\"SearchAction\",\"target\":{\"@type\":\"EntryPoint\",\"urlTemplate\":\"https:\/\/slewingbearings.com\/?s={search_term_string}\"},\"query-input\":\"required name=search_term_string\"}],\"inLanguage\":\"es\"}]}<\/script>\n<!-- \/ Yoast SEO plugin. -->","yoast_head_json":{"title":"Accionamiento gir atorio SE-3 - ZZ Group","description":"Los accionamientos de giro SE3 se utilizan en muchos campos, como la fabricaci\u00f3n industrial, la ingenier\u00eda de la construcci\u00f3n, la energ\u00eda, el transporte y los electrodom\u00e9sticos.","robots":{"index":"index","follow":"follow","max-snippet":"max-snippet:-1","max-image-preview":"max-image-preview:large","max-video-preview":"max-video-preview:-1"},"canonical":"https:\/\/slewingbearings.com\/product\/se-3-slew-drive\/","og_locale":"es_ES","og_type":"article","og_title":"Accionamiento gir atorio SE-3 - ZZ Group","og_description":"Los accionamientos de giro SE3 se utilizan en muchos campos, como la fabricaci\u00f3n industrial, la ingenier\u00eda de la construcci\u00f3n, la energ\u00eda, el transporte y los electrodom\u00e9sticos.","og_url":"https:\/\/slewingbearings.com\/product\/se-3-slew-drive\/","og_site_name":"ZZ Group","og_image":[{"width":500,"height":500,"url":"https:\/\/slewingbearings.com\/wp-content\/uploads\/2023\/11\/se3.jpg","type":"image\/jpeg"}],"twitter_card":"summary_large_image","twitter_misc":{"Tiempo de lectura":"1 minuto"},"schema":{"@context":"https:\/\/schema.org","@graph":[{"@type":"WebPage","@id":"https:\/\/slewingbearings.com\/product\/se-3-slew-drive\/","url":"https:\/\/slewingbearings.com\/product\/se-3-slew-drive\/","name":"Accionamiento gir atorio SE-3 - ZZ Group","isPartOf":{"@id":"https:\/\/slewingbearings.com\/#website"},"datePublished":"2023-11-28T11:39:02+00:00","dateModified":"2023-11-28T11:39:02+00:00","description":"Los accionamientos de giro SE3 se utilizan en muchos campos, como la fabricaci\u00f3n industrial, la ingenier\u00eda de la construcci\u00f3n, la energ\u00eda, el transporte y los electrodom\u00e9sticos.","breadcrumb":{"@id":"https:\/\/slewingbearings.com\/product\/se-3-slew-drive\/#breadcrumb"},"inLanguage":"es","potentialAction":[{"@type":"ReadAction","target":["https:\/\/slewingbearings.com\/product\/se-3-slew-drive\/"]}]},{"@type":"BreadcrumbList","@id":"https:\/\/slewingbearings.com\/product\/se-3-slew-drive\/#breadcrumb","itemListElement":[{"@type":"ListItem","position":1,"name":"Home","item":"https:\/\/slewingbearings.com\/es\/rodamientogiratorio-accionamiento-giratorio\/"},{"@type":"ListItem","position":2,"name":"Shop","item":"https:\/\/slewingbearings.com\/shop\/"},{"@type":"ListItem","position":3,"name":"Accionamiento gir atorio SE-3"}]},{"@type":"WebSite","@id":"https:\/\/slewingbearings.com\/#website","url":"https:\/\/slewingbearings.com\/","name":"ZZ Group","description":"Leading Slewing Bearings in China","potentialAction":[{"@type":"SearchAction","target":{"@type":"EntryPoint","urlTemplate":"https:\/\/slewingbearings.com\/?s={search_term_string}"},"query-input":"required name=search_term_string"}],"inLanguage":"es"}]}},"_links":{"self":[{"href":"https:\/\/slewingbearings.com\/es\/wp-json\/wp\/v2\/product\/11646","targetHints":{"allow":["GET"]}}],"collection":[{"href":"https:\/\/slewingbearings.com\/es\/wp-json\/wp\/v2\/product"}],"about":[{"href":"https:\/\/slewingbearings.com\/es\/wp-json\/wp\/v2\/types\/product"}],"replies":[{"embeddable":true,"href":"https:\/\/slewingbearings.com\/es\/wp-json\/wp\/v2\/comments?post=11646"}],"wp:featuredmedia":[{"embeddable":true,"href":"https:\/\/slewingbearings.com\/es\/wp-json\/wp\/v2\/media\/11647"}],"wp:attachment":[{"href":"https:\/\/slewingbearings.com\/es\/wp-json\/wp\/v2\/media?parent=11646"}],"wp:term":[{"taxonomy":"product_cat","embeddable":true,"href":"https:\/\/slewingbearings.com\/es\/wp-json\/wp\/v2\/product_cat?post=11646"},{"taxonomy":"product_tag","embeddable":true,"href":"https:\/\/slewingbearings.com\/es\/wp-json\/wp\/v2\/product_tag?post=11646"}],"curies":[{"name":"wp","href":"https:\/\/api.w.org\/{rel}","templated":true}]}}