{"id":11600,"date":"2025-01-09T02:45:44","date_gmt":"2025-01-09T02:45:44","guid":{"rendered":"https:\/\/slewingbearings.com\/product\/imo-serie-sp-h-accionamiento-gir-atorio\/"},"modified":"2025-01-09T02:45:44","modified_gmt":"2025-01-09T02:45:44","slug":"imo-serie-sp-h-accionamiento-gir-atorio","status":"publish","type":"product","link":"https:\/\/slewingbearings.com\/es\/product\/imo-serie-sp-h-accionamiento-gir-atorio\/","title":{"rendered":"IMO Serie SP-H Accionamiento gir atorio"},"content":{"rendered":"<p>Capacidad de carga y par de salida: <a href=\"https:\/\/slewingbearings.com\/es\/accionamientogiratorio\/\">Los motores de giro de<\/a> ZZ ofrecen capacidades de carga axial y radial y rangos de par de salida que suelen ser iguales o superiores a los de la serie SP-H de IMO. Para aplicaciones que requieren grandes cargas, los dise\u00f1os de ZZ cumplen los requisitos de calidad industrial y son capaces de hacer frente a la mayor\u00eda de situaciones de trabajo pesado. <\/p>\n<p>Gama de relaciones de transmisi\u00f3n: Los accionamientos de giro ZZ ofrecen una variedad de opciones de relaci\u00f3n de transmisi\u00f3n que coinciden con la gama de la serie IMO SP-H para satisfacer las necesidades de control de precisi\u00f3n y transmisi\u00f3n de potencia.<\/p>\n<p><strong>Rendimiento<\/strong><br \/>\nPrecisi\u00f3n y estabilidad: Los accionamientos de giro ZZ utilizan procesos de fabricaci\u00f3n de alta precisi\u00f3n, y su juego y precisi\u00f3n rotacional son comparables a los de la serie SP-H de IMO, adecuados para aplicaciones que requieren una alta precisi\u00f3n de posicionamiento (como el seguimiento solar y los equipos de automatizaci\u00f3n industrial).<\/p>\n<p>Vida \u00fatil y durabilidad: ZZ se fabrica con materiales de alta calidad (como acero ale ado o materiales resistentes a la corrosi\u00f3n) para garantizar que su vida \u00fatil sea comparable a la de la serie SP-H de IMO , y tiene una fuerte resistencia al desgaste y a la fatiga .<\/p>\n<p>Eficiencia de trabajo: ZZ tiene una alta eficiencia de transmisi\u00f3n y puede transmitir eficazmente la potencia, que es adecuado para escenarios de operaci\u00f3n eficiente.<\/p>\n<p><strong> Adaptabilidadmedioambiental<\/strong><br \/>\nNivel de protecci\u00f3n: Los accionamientos de giro ZZ ofrecen un nivel de protecci\u00f3n IP65 o superior, pueden funcionar con normalidad en condiciones de polvo, humedad o temperaturas extremas, y se adaptan totalmente a los requisitos de entorno de trabajo de IMO SP-H.<\/p>\n<p>Rango de temperaturas de trabajo: Los productos de ZZ cubren entornos de trabajo desde temperaturas extremadamente fr\u00edas hasta altas temperaturas (como -40 \u00b0C a +60 \u00b0C), lo que concuerda con la adaptabilidad de IMO SP-H y es adecuado para entornos exteriores e industriales .<\/p>\n<p><strong>Rentabilidad<\/strong><br \/>\nVentajade precio: Los motores de giro ZZ son generalmente m\u00e1s rentables que la serie SP-H de IMO, especialmente en compras de gran volumen o proyectos con presupuestos limitados, lo que puede reducir significativamente los costes de adquisici\u00f3n.<\/p>\n\n<table id=\"tablepress-99\" class=\"tablepress tablepress-id-99\">\n<thead>\n<tr class=\"row-1\">\n\t<th class=\"column-1\">Part Number<\/th><th class=\"column-2\">Series<\/th><th class=\"column-3\">Number of drives<\/th><th class=\"column-4\">Drive style<\/th><th class=\"column-5\">Module<\/th><th class=\"column-6\">Number Of <br \/>\nTeeth Pinion<\/th><th class=\"column-7\">Number Of <br \/>\nWheel Teeth<\/th><th class=\"column-8\">Weight<\/th><th class=\"column-9\">Slew Drive<br \/>\nGear Ratio<\/th><th class=\"column-10\">Overall Gear Raito <br \/>\nIncl Gear Box<\/th><th class=\"column-11\">Max Torque<\/th><th class=\"column-12\">Nom Torques<\/th><th class=\"column-13\">Max Holding<br \/>\nTorque<\/th>\n<\/tr>\n<\/thead>\n<tbody class=\"row-striping row-hover\">\n<tr class=\"row-2\">\n\t<td class=\"column-1\">SP-H 0455<\/td><td class=\"column-2\">SP-H Series<\/td><td class=\"column-3\">1 drive<\/td><td class=\"column-4\">Straight teeth<\/td><td class=\"column-5\">8<\/td><td class=\"column-6\">15<\/td><td class=\"column-7\">72<\/td><td class=\"column-8\">207 Kg<\/td><td class=\"column-9\">4.8<\/td><td class=\"column-10\">86.88<\/td><td class=\"column-11\">27673 Nm<\/td><td class=\"column-12\">18115 Nm<\/td><td class=\"column-13\">27673<\/td>\n<\/tr>\n<tr class=\"row-3\">\n\t<td class=\"column-1\">SP-H 0555<\/td><td class=\"column-2\">SP-H Series<\/td><td class=\"column-3\">1 drive<\/td><td class=\"column-4\">Straight teeth<\/td><td class=\"column-5\">8<\/td><td class=\"column-6\">15<\/td><td class=\"column-7\">85<\/td><td class=\"column-8\">226 Kg<\/td><td class=\"column-9\">5.67<\/td><td class=\"column-10\">102.56<\/td><td class=\"column-11\">32670 Nm<\/td><td class=\"column-12\">21590 Nm<\/td><td class=\"column-13\">32670<\/td>\n<\/tr>\n<tr class=\"row-4\">\n\t<td class=\"column-1\">SP-H 0655<\/td><td class=\"column-2\">SP-H Series<\/td><td class=\"column-3\">1 drive<\/td><td class=\"column-4\">Straight teeth<\/td><td class=\"column-5\">8<\/td><td class=\"column-6\">15<\/td><td class=\"column-7\">98<\/td><td class=\"column-8\">246 Kg<\/td><td class=\"column-9\">6.53<\/td><td class=\"column-10\">118.25<\/td><td class=\"column-11\">37667 Nm<\/td><td class=\"column-12\">25048 Nm<\/td><td class=\"column-13\">37667<\/td>\n<\/tr>\n<tr class=\"row-5\">\n\t<td class=\"column-1\">SP-H 0755<\/td><td class=\"column-2\">SP-H Series<\/td><td class=\"column-3\">1 drive<\/td><td class=\"column-4\">Straight teeth<\/td><td class=\"column-5\">8<\/td><td class=\"column-6\">15<\/td><td class=\"column-7\">110<\/td><td class=\"column-8\">268 Kg<\/td><td class=\"column-9\">7.33<\/td><td class=\"column-10\">132.72<\/td><td class=\"column-11\">42279 Nm<\/td><td class=\"column-12\">28204 Nm<\/td><td class=\"column-13\">42279<\/td>\n<\/tr>\n<tr class=\"row-6\">\n\t<td class=\"column-1\">SP-H 0855<\/td><td class=\"column-2\">SP-H Series<\/td><td class=\"column-3\">1 drive<\/td><td class=\"column-4\">Straight teeth<\/td><td class=\"column-5\">8<\/td><td class=\"column-6\">15<\/td><td class=\"column-7\">122<\/td><td class=\"column-8\">289 Kg<\/td><td class=\"column-9\">8.13<\/td><td class=\"column-10\">147.21<\/td><td class=\"column-11\">47180 Nm<\/td><td class=\"column-12\">32749 Nm<\/td><td class=\"column-13\">47180<\/td>\n<\/tr>\n<tr class=\"row-7\">\n\t<td class=\"column-1\">SP-H 0955<\/td><td class=\"column-2\">SP-H Series<\/td><td class=\"column-3\">1 drive<\/td><td class=\"column-4\">Straight teeth<\/td><td class=\"column-5\">8<\/td><td class=\"column-6\">15<\/td><td class=\"column-7\">134<\/td><td class=\"column-8\">315 Kg<\/td><td class=\"column-9\">8.93<\/td><td class=\"column-10\">161.69<\/td><td class=\"column-11\">51888 Nm<\/td><td class=\"column-12\">36342 Nm<\/td><td class=\"column-13\">51888<\/td>\n<\/tr>\n<\/tbody>\n<\/table>\n<!-- #tablepress-99 from cache -->\n","protected":false},"excerpt":{"rendered":"<p>Dado que los accionamientos de giro ZZ son altamente compatibles con la serie SP-H de IMO en t\u00e9rminos de par\u00e1metros t\u00e9cnicos, rendimiento, adaptabilidad medioambiental y rentabilidad , y pueden presentar ventajas en ciertos aspectos como el precio y la flexibilidad de personalizaci\u00f3n, pueden ser una alternativa perfecta a la serie SP-H de IMO.<\/p>\n","protected":false},"featured_media":11601,"comment_status":"open","ping_status":"closed","template":"","meta":{"content-type":""},"product_cat":[365,358],"product_tag":[455],"class_list":{"0":"post-11600","1":"product","2":"type-product","3":"status-publish","4":"has-post-thumbnail","6":"product_cat-imo-es","7":"product_cat-oemodm-es","8":"product_tag-imo-sp-h-series-slewing-drive-es","10":"first","11":"instock","12":"shipping-taxable","13":"product-type-simple"},"yoast_head":"<!-- This site is optimized with the Yoast SEO plugin v21.7 - https:\/\/yoast.com\/wordpress\/plugins\/seo\/ -->\n<title>IMO Serie SP-H Accionamiento gir atorio<\/title>\n<meta name=\"description\" content=\"Los motores de giro de ZZ ofrecen capacidades de carga axial y radial y rangos de par de salida que, por lo general, son iguales o superiores a los de la serie SP-H de IMO.\" \/>\n<meta name=\"robots\" content=\"index, follow, max-snippet:-1, max-image-preview:large, max-video-preview:-1\" \/>\n<link rel=\"canonical\" href=\"https:\/\/slewingbearings.com\/product\/imo-sp-h-series-slewing-drive\/\" \/>\n<meta property=\"og:locale\" content=\"es_ES\" \/>\n<meta property=\"og:type\" content=\"article\" \/>\n<meta property=\"og:title\" content=\"IMO Serie SP-H Accionamiento gir atorio\" \/>\n<meta property=\"og:description\" content=\"Los motores de giro de ZZ ofrecen capacidades de carga axial y radial y rangos de par de salida que, por lo general, son iguales o superiores a los de la serie SP-H de IMO.\" \/>\n<meta property=\"og:url\" content=\"https:\/\/slewingbearings.com\/product\/imo-sp-h-series-slewing-drive\/\" \/>\n<meta property=\"og:site_name\" content=\"ZZ Group\" \/>\n<meta property=\"og:image\" content=\"https:\/\/slewingbearings.com\/wp-content\/uploads\/2025\/01\/IMO-SP-H-Series-Slewing-drive.webp\" \/>\n\t<meta property=\"og:image:width\" content=\"800\" \/>\n\t<meta property=\"og:image:height\" content=\"800\" \/>\n\t<meta property=\"og:image:type\" content=\"image\/webp\" \/>\n<meta name=\"twitter:card\" content=\"summary_large_image\" \/>\n<meta name=\"twitter:label1\" content=\"Tiempo de lectura\" \/>\n\t<meta name=\"twitter:data1\" content=\"2 minutos\" \/>\n<script type=\"application\/ld+json\" class=\"yoast-schema-graph\">{\"@context\":\"https:\/\/schema.org\",\"@graph\":[{\"@type\":\"WebPage\",\"@id\":\"https:\/\/slewingbearings.com\/product\/imo-sp-h-series-slewing-drive\/\",\"url\":\"https:\/\/slewingbearings.com\/product\/imo-sp-h-series-slewing-drive\/\",\"name\":\"IMO Serie SP-H Accionamiento gir atorio\",\"isPartOf\":{\"@id\":\"https:\/\/slewingbearings.com\/#website\"},\"datePublished\":\"2025-01-09T02:45:44+00:00\",\"dateModified\":\"2025-01-09T02:45:44+00:00\",\"description\":\"Los motores de giro de ZZ ofrecen capacidades de carga axial y radial y rangos de par de salida que, por lo general, son iguales o superiores a los de la serie SP-H de IMO.\",\"breadcrumb\":{\"@id\":\"https:\/\/slewingbearings.com\/product\/imo-sp-h-series-slewing-drive\/#breadcrumb\"},\"inLanguage\":\"es\",\"potentialAction\":[{\"@type\":\"ReadAction\",\"target\":[\"https:\/\/slewingbearings.com\/product\/imo-sp-h-series-slewing-drive\/\"]}]},{\"@type\":\"BreadcrumbList\",\"@id\":\"https:\/\/slewingbearings.com\/product\/imo-sp-h-series-slewing-drive\/#breadcrumb\",\"itemListElement\":[{\"@type\":\"ListItem\",\"position\":1,\"name\":\"Home\",\"item\":\"https:\/\/slewingbearings.com\/es\/rodamientogiratorio-accionamiento-giratorio\/\"},{\"@type\":\"ListItem\",\"position\":2,\"name\":\"Shop\",\"item\":\"https:\/\/slewingbearings.com\/shop\/\"},{\"@type\":\"ListItem\",\"position\":3,\"name\":\"IMO Serie SP-H Accionamiento gir atorio\"}]},{\"@type\":\"WebSite\",\"@id\":\"https:\/\/slewingbearings.com\/#website\",\"url\":\"https:\/\/slewingbearings.com\/\",\"name\":\"ZZ Group\",\"description\":\"Leading Slewing Bearings in China\",\"potentialAction\":[{\"@type\":\"SearchAction\",\"target\":{\"@type\":\"EntryPoint\",\"urlTemplate\":\"https:\/\/slewingbearings.com\/?s={search_term_string}\"},\"query-input\":\"required name=search_term_string\"}],\"inLanguage\":\"es\"}]}<\/script>\n<!-- \/ Yoast SEO plugin. -->","yoast_head_json":{"title":"IMO Serie SP-H Accionamiento gir atorio","description":"Los motores de giro de ZZ ofrecen capacidades de carga axial y radial y rangos de par de salida que, por lo general, son iguales o superiores a los de la serie SP-H de IMO.","robots":{"index":"index","follow":"follow","max-snippet":"max-snippet:-1","max-image-preview":"max-image-preview:large","max-video-preview":"max-video-preview:-1"},"canonical":"https:\/\/slewingbearings.com\/product\/imo-sp-h-series-slewing-drive\/","og_locale":"es_ES","og_type":"article","og_title":"IMO Serie SP-H Accionamiento gir atorio","og_description":"Los motores de giro de ZZ ofrecen capacidades de carga axial y radial y rangos de par de salida que, por lo general, son iguales o superiores a los de la serie SP-H de IMO.","og_url":"https:\/\/slewingbearings.com\/product\/imo-sp-h-series-slewing-drive\/","og_site_name":"ZZ Group","og_image":[{"width":800,"height":800,"url":"https:\/\/slewingbearings.com\/wp-content\/uploads\/2025\/01\/IMO-SP-H-Series-Slewing-drive.webp","type":"image\/webp"}],"twitter_card":"summary_large_image","twitter_misc":{"Tiempo de lectura":"2 minutos"},"schema":{"@context":"https:\/\/schema.org","@graph":[{"@type":"WebPage","@id":"https:\/\/slewingbearings.com\/product\/imo-sp-h-series-slewing-drive\/","url":"https:\/\/slewingbearings.com\/product\/imo-sp-h-series-slewing-drive\/","name":"IMO Serie SP-H Accionamiento gir atorio","isPartOf":{"@id":"https:\/\/slewingbearings.com\/#website"},"datePublished":"2025-01-09T02:45:44+00:00","dateModified":"2025-01-09T02:45:44+00:00","description":"Los motores de giro de ZZ ofrecen capacidades de carga axial y radial y rangos de par de salida que, por lo general, son iguales o superiores a los de la serie SP-H de IMO.","breadcrumb":{"@id":"https:\/\/slewingbearings.com\/product\/imo-sp-h-series-slewing-drive\/#breadcrumb"},"inLanguage":"es","potentialAction":[{"@type":"ReadAction","target":["https:\/\/slewingbearings.com\/product\/imo-sp-h-series-slewing-drive\/"]}]},{"@type":"BreadcrumbList","@id":"https:\/\/slewingbearings.com\/product\/imo-sp-h-series-slewing-drive\/#breadcrumb","itemListElement":[{"@type":"ListItem","position":1,"name":"Home","item":"https:\/\/slewingbearings.com\/es\/rodamientogiratorio-accionamiento-giratorio\/"},{"@type":"ListItem","position":2,"name":"Shop","item":"https:\/\/slewingbearings.com\/shop\/"},{"@type":"ListItem","position":3,"name":"IMO Serie SP-H Accionamiento gir atorio"}]},{"@type":"WebSite","@id":"https:\/\/slewingbearings.com\/#website","url":"https:\/\/slewingbearings.com\/","name":"ZZ Group","description":"Leading Slewing Bearings in China","potentialAction":[{"@type":"SearchAction","target":{"@type":"EntryPoint","urlTemplate":"https:\/\/slewingbearings.com\/?s={search_term_string}"},"query-input":"required name=search_term_string"}],"inLanguage":"es"}]}},"_links":{"self":[{"href":"https:\/\/slewingbearings.com\/es\/wp-json\/wp\/v2\/product\/11600","targetHints":{"allow":["GET"]}}],"collection":[{"href":"https:\/\/slewingbearings.com\/es\/wp-json\/wp\/v2\/product"}],"about":[{"href":"https:\/\/slewingbearings.com\/es\/wp-json\/wp\/v2\/types\/product"}],"replies":[{"embeddable":true,"href":"https:\/\/slewingbearings.com\/es\/wp-json\/wp\/v2\/comments?post=11600"}],"wp:featuredmedia":[{"embeddable":true,"href":"https:\/\/slewingbearings.com\/es\/wp-json\/wp\/v2\/media\/11601"}],"wp:attachment":[{"href":"https:\/\/slewingbearings.com\/es\/wp-json\/wp\/v2\/media?parent=11600"}],"wp:term":[{"taxonomy":"product_cat","embeddable":true,"href":"https:\/\/slewingbearings.com\/es\/wp-json\/wp\/v2\/product_cat?post=11600"},{"taxonomy":"product_tag","embeddable":true,"href":"https:\/\/slewingbearings.com\/es\/wp-json\/wp\/v2\/product_tag?post=11600"}],"curies":[{"name":"wp","href":"https:\/\/api.w.org\/{rel}","templated":true}]}}