{"id":11591,"date":"2025-01-09T03:11:30","date_gmt":"2025-01-09T03:11:30","guid":{"rendered":"https:\/\/slewingbearings.com\/product\/mecanismo-de-giro-de-la-serie-sp-i-de-imo\/"},"modified":"2025-01-09T03:11:30","modified_gmt":"2025-01-09T03:11:30","slug":"mecanismo-de-giro-de-la-serie-sp-i-de-imo","status":"publish","type":"product","link":"https:\/\/slewingbearings.com\/es\/product\/mecanismo-de-giro-de-la-serie-sp-i-de-imo\/","title":{"rendered":"Mecanismo de giro de la serie SP-I de IMO"},"content":{"rendered":"<p>El <a href=\"https:\/\/slewingbearings.com\/es\/accionamientogiratorio\/\">mecanismo de giro<\/a> ZZ es un dispositivo rotativo eficaz y fiable que integra un motor, un reductor y un cojinete de giro. Presenta una gran capacidad de carga, un control preciso y un dise\u00f1o compacto. Fabricado con materiales de alta calidad, ofrece durabilidad y resistencia a la corrosi\u00f3n, por lo que es adecuado para sistemas de seguimiento solar, energ\u00eda e\u00f3lica, maquinaria de construcci\u00f3n y otras aplicaciones. El mecanismo de giro ZZ admite varias especificaciones para satisfacer diversos requisitos, garantizando bajos costes de mantenimiento y un rendimiento estable, lo que lo convierte en una soluci\u00f3n ideal para aplicaciones de alta intensidad.   <\/p>\n<p><strong>Caracter\u00edsticas principales del accionamiento de giro de la serie SP-I de IMO:<\/strong><\/p>\n<ul>\n<li>Dise\u00f1o compacto: La serie SP-I presenta un dise\u00f1o compacto que integra el motor, el reductor y la corona giratoria en una sola unidad, lo que la hace ideal para aplicaciones con espacio limitado.<\/li>\n<li>Gran capacidad de carga: Estos accionamientos est\u00e1n dise\u00f1ados para soportar cargas pesadas manteniendo altos niveles de eficiencia y estabilidad. La corona giratoria y el sistema de engranajes trabajan conjuntamente para garantizar un funcionamiento suave en condiciones de par elevado. <\/li>\n<li>Precisi\u00f3n y fiabilidad: Los accionamientos de giro IMO est\u00e1n dise\u00f1ados para ofrecer precisi\u00f3n y durabilidad a largo plazo, por lo que son adecuados para aplicaciones exigentes que requieren un rendimiento constante y fiable a lo largo del tiempo.<\/li>\n<\/ul>\n\n<table id=\"tablepress-100\" class=\"tablepress tablepress-id-100\">\n<thead>\n<tr class=\"row-1\">\n\t<th class=\"column-1\">Part Number<\/th><th class=\"column-2\">Series<\/th><th class=\"column-3\">Number of drives<\/th><th class=\"column-4\">Drive style<\/th><th class=\"column-5\">Module<\/th><th class=\"column-6\">Number Of <br \/>\nTeeth Pinion<\/th><th class=\"column-7\">Number Of <br \/>\nWheel Teeth<\/th><th class=\"column-8\">Weight<\/th><th class=\"column-9\">Slew Drive <br \/>\nGear Ratio<\/th><th class=\"column-10\">Max Torque<\/th><th class=\"column-11\">Nom Torques<\/th><th class=\"column-12\">Max Holding <br \/>\nTorque<\/th>\n<\/tr>\n<\/thead>\n<tbody class=\"row-striping row-hover\">\n<tr class=\"row-2\">\n\t<td class=\"column-1\">SP-I 0229<\/td><td class=\"column-2\">SP-I Series<\/td><td class=\"column-3\">1 drive<\/td><td class=\"column-4\">Straight teeth<\/td><td class=\"column-5\">4<\/td><td class=\"column-6\">15<\/td><td class=\"column-7\">79<\/td><td class=\"column-8\">46 Kg<\/td><td class=\"column-9\">5.27<\/td><td class=\"column-10\">3002 Nm<\/td><td class=\"column-11\">2607 Nm<\/td><td class=\"column-12\">3002<\/td>\n<\/tr>\n<tr class=\"row-3\">\n\t<td class=\"column-1\">SP-I 0311<\/td><td class=\"column-2\">SP-I Series<\/td><td class=\"column-3\">1 drive<\/td><td class=\"column-4\">Straight teeth<\/td><td class=\"column-5\">4<\/td><td class=\"column-6\">15<\/td><td class=\"column-7\">99<\/td><td class=\"column-8\">50 Kg<\/td><td class=\"column-9\">6.6<\/td><td class=\"column-10\">3762 Nm<\/td><td class=\"column-11\">2653 Nm<\/td><td class=\"column-12\">3762<\/td>\n<\/tr>\n<tr class=\"row-4\">\n\t<td class=\"column-1\">SP-I 0411<\/td><td class=\"column-2\">SP-I Series<\/td><td class=\"column-3\">1 drive<\/td><td class=\"column-4\">Straight teeth<\/td><td class=\"column-5\">4<\/td><td class=\"column-6\">15<\/td><td class=\"column-7\">124<\/td><td class=\"column-8\">59 Kg<\/td><td class=\"column-9\">8.27<\/td><td class=\"column-10\">4712 Nm<\/td><td class=\"column-11\">3348 Nm<\/td><td class=\"column-12\">4712<\/td>\n<\/tr>\n<tr class=\"row-5\">\n\t<td class=\"column-1\">SP-I 0541<\/td><td class=\"column-2\">SP-I Series<\/td><td class=\"column-3\">1 drive<\/td><td class=\"column-4\">Straight teeth<\/td><td class=\"column-5\">4<\/td><td class=\"column-6\">15<\/td><td class=\"column-7\">156<\/td><td class=\"column-8\">72 Kg<\/td><td class=\"column-9\">10.4<\/td><td class=\"column-10\">5928 Nm<\/td><td class=\"column-11\">4243 Nm<\/td><td class=\"column-12\">5928<\/td>\n<\/tr>\n<tr class=\"row-6\">\n\t<td class=\"column-1\">SP-I 0641<\/td><td class=\"column-2\">SP-I Series<\/td><td class=\"column-3\">1 drive<\/td><td class=\"column-4\">Straight teeth<\/td><td class=\"column-5\">4<\/td><td class=\"column-6\">15<\/td><td class=\"column-7\">181<\/td><td class=\"column-8\">84 Kg<\/td><td class=\"column-9\">12.07<\/td><td class=\"column-10\">6878 Nm<\/td><td class=\"column-11\">4921 Nm<\/td><td class=\"column-12\">6878<\/td>\n<\/tr>\n<tr class=\"row-7\">\n\t<td class=\"column-1\">SP-I 0741<\/td><td class=\"column-2\">SP-I Series<\/td><td class=\"column-3\">1 drive<\/td><td class=\"column-4\">Straight teeth<\/td><td class=\"column-5\">4<\/td><td class=\"column-6\">15<\/td><td class=\"column-7\">206<\/td><td class=\"column-8\">95 Kg<\/td><td class=\"column-9\">13.73<\/td><td class=\"column-10\">7828 Nm<\/td><td class=\"column-11\">5644 Nm<\/td><td class=\"column-12\">7828<\/td>\n<\/tr>\n<tr class=\"row-8\">\n\t<td class=\"column-1\">SP-I 0841<\/td><td class=\"column-2\">SP-I Series<\/td><td class=\"column-3\">1 drive<\/td><td class=\"column-4\">Straight teeth<\/td><td class=\"column-5\">4<\/td><td class=\"column-6\">15<\/td><td class=\"column-7\">231<\/td><td class=\"column-8\">102 Kg<\/td><td class=\"column-9\">15.4<\/td><td class=\"column-10\">8778 Nm<\/td><td class=\"column-11\">6329 Nm<\/td><td class=\"column-12\">8778<\/td>\n<\/tr>\n<tr class=\"row-9\">\n\t<td class=\"column-1\">SP-I 0941<\/td><td class=\"column-2\">SP-I Series<\/td><td class=\"column-3\">1 drive<\/td><td class=\"column-4\">Straight teeth<\/td><td class=\"column-5\">4<\/td><td class=\"column-6\">15<\/td><td class=\"column-7\">256<\/td><td class=\"column-8\">115 Kg<\/td><td class=\"column-9\">17.07<\/td><td class=\"column-10\">9728 Nm<\/td><td class=\"column-11\">7040 Nm<\/td><td class=\"column-12\">9728<\/td>\n<\/tr>\n<tr class=\"row-10\">\n\t<td class=\"column-1\">SP-I 1091<\/td><td class=\"column-2\">SP-I Series<\/td><td class=\"column-3\">1 drive<\/td><td class=\"column-4\">Straight teeth<\/td><td class=\"column-5\">4<\/td><td class=\"column-6\">15<\/td><td class=\"column-7\">294<\/td><td class=\"column-8\">127 Kg<\/td><td class=\"column-9\">19.6<\/td><td class=\"column-10\">11172 Nm<\/td><td class=\"column-11\">8085 Nm<\/td><td class=\"column-12\">11172<\/td>\n<\/tr>\n<\/tbody>\n<\/table>\n<!-- #tablepress-100 from cache -->\n","protected":false},"excerpt":{"rendered":"<p>El accionamiento de giro de la serie SP-I de IMO es un tipo de sistema de accionamiento mec\u00e1nico dise\u00f1ado para proporcionar movimiento de rotaci\u00f3n a la maquinaria, a menudo utilizado en aplicaciones en las que se requiere un par y una precisi\u00f3n elevados. Los accionamientos de giro se utilizan normalmente para girar cargas grandes y pesadas, como en turbinas e\u00f3licas, equipos de construcci\u00f3n o sistemas de seguimiento solar. <\/p>\n<p>&nbsp;<\/p>\n","protected":false},"featured_media":11592,"comment_status":"open","ping_status":"closed","template":"","meta":{"content-type":""},"product_cat":[365,358],"product_tag":[461],"class_list":{"0":"post-11591","1":"product","2":"type-product","3":"status-publish","4":"has-post-thumbnail","6":"product_cat-imo-es","7":"product_cat-oemodm-es","8":"product_tag-imo-sp-i-series-slewing-drive-es","10":"first","11":"instock","12":"shipping-taxable","13":"product-type-simple"},"yoast_head":"<!-- This site is optimized with the Yoast SEO plugin v21.7 - https:\/\/yoast.com\/wordpress\/plugins\/seo\/ -->\n<title>Mecanismo de giro de la serie SP-I de IMO<\/title>\n<meta name=\"description\" content=\"La serie SP-I de IMO presenta un dise\u00f1o compacto que integra el motor, el reductor y la corona gir atoria en una sola unidad, lo que la hace ideal para aplicaciones.\" \/>\n<meta name=\"robots\" content=\"index, follow, max-snippet:-1, max-image-preview:large, max-video-preview:-1\" \/>\n<link rel=\"canonical\" href=\"https:\/\/slewingbearings.com\/product\/imo-sp-i-series-slewing-drive\/\" \/>\n<meta property=\"og:locale\" content=\"es_ES\" \/>\n<meta property=\"og:type\" content=\"article\" \/>\n<meta property=\"og:title\" content=\"Mecanismo de giro de la serie SP-I de IMO\" \/>\n<meta property=\"og:description\" content=\"La serie SP-I de IMO presenta un dise\u00f1o compacto que integra el motor, el reductor y la corona gir atoria en una sola unidad, lo que la hace ideal para aplicaciones.\" \/>\n<meta property=\"og:url\" content=\"https:\/\/slewingbearings.com\/product\/imo-sp-i-series-slewing-drive\/\" \/>\n<meta property=\"og:site_name\" content=\"ZZ Group\" \/>\n<meta property=\"og:image\" content=\"https:\/\/slewingbearings.com\/wp-content\/uploads\/2025\/01\/IMO-SP-I-Series-Slewing-drive.webp\" \/>\n\t<meta property=\"og:image:width\" content=\"800\" \/>\n\t<meta property=\"og:image:height\" content=\"800\" \/>\n\t<meta property=\"og:image:type\" content=\"image\/webp\" \/>\n<meta name=\"twitter:card\" content=\"summary_large_image\" \/>\n<meta name=\"twitter:label1\" content=\"Tiempo de lectura\" \/>\n\t<meta name=\"twitter:data1\" content=\"1 minuto\" \/>\n<script type=\"application\/ld+json\" class=\"yoast-schema-graph\">{\"@context\":\"https:\/\/schema.org\",\"@graph\":[{\"@type\":\"WebPage\",\"@id\":\"https:\/\/slewingbearings.com\/product\/imo-sp-i-series-slewing-drive\/\",\"url\":\"https:\/\/slewingbearings.com\/product\/imo-sp-i-series-slewing-drive\/\",\"name\":\"Mecanismo de giro de la serie SP-I de IMO\",\"isPartOf\":{\"@id\":\"https:\/\/slewingbearings.com\/#website\"},\"datePublished\":\"2025-01-09T03:11:30+00:00\",\"dateModified\":\"2025-01-09T03:11:30+00:00\",\"description\":\"La serie SP-I de IMO presenta un dise\u00f1o compacto que integra el motor, el reductor y la corona gir atoria en una sola unidad, lo que la hace ideal para aplicaciones.\",\"breadcrumb\":{\"@id\":\"https:\/\/slewingbearings.com\/product\/imo-sp-i-series-slewing-drive\/#breadcrumb\"},\"inLanguage\":\"es\",\"potentialAction\":[{\"@type\":\"ReadAction\",\"target\":[\"https:\/\/slewingbearings.com\/product\/imo-sp-i-series-slewing-drive\/\"]}]},{\"@type\":\"BreadcrumbList\",\"@id\":\"https:\/\/slewingbearings.com\/product\/imo-sp-i-series-slewing-drive\/#breadcrumb\",\"itemListElement\":[{\"@type\":\"ListItem\",\"position\":1,\"name\":\"Home\",\"item\":\"https:\/\/slewingbearings.com\/es\/rodamientogiratorio-accionamiento-giratorio\/\"},{\"@type\":\"ListItem\",\"position\":2,\"name\":\"Shop\",\"item\":\"https:\/\/slewingbearings.com\/shop\/\"},{\"@type\":\"ListItem\",\"position\":3,\"name\":\"Mecanismo de giro de la serie SP-I de IMO\"}]},{\"@type\":\"WebSite\",\"@id\":\"https:\/\/slewingbearings.com\/#website\",\"url\":\"https:\/\/slewingbearings.com\/\",\"name\":\"ZZ Group\",\"description\":\"Leading Slewing Bearings in China\",\"potentialAction\":[{\"@type\":\"SearchAction\",\"target\":{\"@type\":\"EntryPoint\",\"urlTemplate\":\"https:\/\/slewingbearings.com\/?s={search_term_string}\"},\"query-input\":\"required name=search_term_string\"}],\"inLanguage\":\"es\"}]}<\/script>\n<!-- \/ Yoast SEO plugin. -->","yoast_head_json":{"title":"Mecanismo de giro de la serie SP-I de IMO","description":"La serie SP-I de IMO presenta un dise\u00f1o compacto que integra el motor, el reductor y la corona gir atoria en una sola unidad, lo que la hace ideal para aplicaciones.","robots":{"index":"index","follow":"follow","max-snippet":"max-snippet:-1","max-image-preview":"max-image-preview:large","max-video-preview":"max-video-preview:-1"},"canonical":"https:\/\/slewingbearings.com\/product\/imo-sp-i-series-slewing-drive\/","og_locale":"es_ES","og_type":"article","og_title":"Mecanismo de giro de la serie SP-I de IMO","og_description":"La serie SP-I de IMO presenta un dise\u00f1o compacto que integra el motor, el reductor y la corona gir atoria en una sola unidad, lo que la hace ideal para aplicaciones.","og_url":"https:\/\/slewingbearings.com\/product\/imo-sp-i-series-slewing-drive\/","og_site_name":"ZZ Group","og_image":[{"width":800,"height":800,"url":"https:\/\/slewingbearings.com\/wp-content\/uploads\/2025\/01\/IMO-SP-I-Series-Slewing-drive.webp","type":"image\/webp"}],"twitter_card":"summary_large_image","twitter_misc":{"Tiempo de lectura":"1 minuto"},"schema":{"@context":"https:\/\/schema.org","@graph":[{"@type":"WebPage","@id":"https:\/\/slewingbearings.com\/product\/imo-sp-i-series-slewing-drive\/","url":"https:\/\/slewingbearings.com\/product\/imo-sp-i-series-slewing-drive\/","name":"Mecanismo de giro de la serie SP-I de IMO","isPartOf":{"@id":"https:\/\/slewingbearings.com\/#website"},"datePublished":"2025-01-09T03:11:30+00:00","dateModified":"2025-01-09T03:11:30+00:00","description":"La serie SP-I de IMO presenta un dise\u00f1o compacto que integra el motor, el reductor y la corona gir atoria en una sola unidad, lo que la hace ideal para aplicaciones.","breadcrumb":{"@id":"https:\/\/slewingbearings.com\/product\/imo-sp-i-series-slewing-drive\/#breadcrumb"},"inLanguage":"es","potentialAction":[{"@type":"ReadAction","target":["https:\/\/slewingbearings.com\/product\/imo-sp-i-series-slewing-drive\/"]}]},{"@type":"BreadcrumbList","@id":"https:\/\/slewingbearings.com\/product\/imo-sp-i-series-slewing-drive\/#breadcrumb","itemListElement":[{"@type":"ListItem","position":1,"name":"Home","item":"https:\/\/slewingbearings.com\/es\/rodamientogiratorio-accionamiento-giratorio\/"},{"@type":"ListItem","position":2,"name":"Shop","item":"https:\/\/slewingbearings.com\/shop\/"},{"@type":"ListItem","position":3,"name":"Mecanismo de giro de la serie SP-I de IMO"}]},{"@type":"WebSite","@id":"https:\/\/slewingbearings.com\/#website","url":"https:\/\/slewingbearings.com\/","name":"ZZ Group","description":"Leading Slewing Bearings in China","potentialAction":[{"@type":"SearchAction","target":{"@type":"EntryPoint","urlTemplate":"https:\/\/slewingbearings.com\/?s={search_term_string}"},"query-input":"required name=search_term_string"}],"inLanguage":"es"}]}},"_links":{"self":[{"href":"https:\/\/slewingbearings.com\/es\/wp-json\/wp\/v2\/product\/11591","targetHints":{"allow":["GET"]}}],"collection":[{"href":"https:\/\/slewingbearings.com\/es\/wp-json\/wp\/v2\/product"}],"about":[{"href":"https:\/\/slewingbearings.com\/es\/wp-json\/wp\/v2\/types\/product"}],"replies":[{"embeddable":true,"href":"https:\/\/slewingbearings.com\/es\/wp-json\/wp\/v2\/comments?post=11591"}],"wp:featuredmedia":[{"embeddable":true,"href":"https:\/\/slewingbearings.com\/es\/wp-json\/wp\/v2\/media\/11592"}],"wp:attachment":[{"href":"https:\/\/slewingbearings.com\/es\/wp-json\/wp\/v2\/media?parent=11591"}],"wp:term":[{"taxonomy":"product_cat","embeddable":true,"href":"https:\/\/slewingbearings.com\/es\/wp-json\/wp\/v2\/product_cat?post=11591"},{"taxonomy":"product_tag","embeddable":true,"href":"https:\/\/slewingbearings.com\/es\/wp-json\/wp\/v2\/product_tag?post=11591"}],"curies":[{"name":"wp","href":"https:\/\/api.w.org\/{rel}","templated":true}]}}