{"id":11584,"date":"2025-01-10T02:27:12","date_gmt":"2025-01-10T02:27:12","guid":{"rendered":"https:\/\/slewingbearings.com\/product\/mecanismo-de-giro-de-la-serie-wd-h-de-imo\/"},"modified":"2025-01-10T02:27:12","modified_gmt":"2025-01-10T02:27:12","slug":"mecanismo-de-giro-de-la-serie-wd-h-de-imo","status":"publish","type":"product","link":"https:\/\/slewingbearings.com\/es\/product\/mecanismo-de-giro-de-la-serie-wd-h-de-imo\/","title":{"rendered":"Mecanismo de giro de la serie WD-H de IMO"},"content":{"rendered":"<p><a href=\"https:\/\/slewingbearings.com\/es\/accionamientogiratorio\/\"><strong>ZZ Slewing Drive<\/strong><\/a> ofrece una amplia gama de sistemas de accionamiento para cubrir una gran variedad de requisitos de aplicaci\u00f3n, y todos los modelos de accionamiento giratorio de la serie IMO WD-H son intercambiables. Ambos tienen caracter\u00edsticas de construcci\u00f3n y rendimiento similares. <\/p>\n<ul>\n<li>Alto par de salida: Tanto la serie ZZ como la serie IMO WD-H ofrecen una elevada salida de par para aplicaciones rotativas que requieren un par elevado.<\/li>\n<li>Dise\u00f1o compacto: Ambos presentan un dise\u00f1o integrado que simplifica la instalaci\u00f3n y el mantenimiento del sistema.<\/li>\n<li>Alta fiabilidad y durabilidad: Ambas unidades de accionamiento presentan dise\u00f1os a prueba de polvo, agua y otros elementos cerrados para su uso en entornos dif\u00edciles.<\/li>\n<\/ul>\n\n<table id=\"tablepress-101\" class=\"tablepress tablepress-id-101\">\n<thead>\n<tr class=\"row-1\">\n\t<th class=\"column-1\">Part Number<\/th><th class=\"column-2\">Series<\/th><th class=\"column-3\">Number of drives<\/th><th class=\"column-4\">Drive style<\/th><th class=\"column-5\">Module<\/th><th class=\"column-6\">Number Of Threads<br \/>\n Of The Worm<\/th><th class=\"column-7\">Self Locking <br \/>\nGears<\/th><th class=\"column-8\">Weight<\/th><th class=\"column-9\">Slew Drive <br \/>\nGear Ratio<\/th><th class=\"column-10\">Max Torque<\/th><th class=\"column-11\">Nom Torques<\/th><th class=\"column-12\">Max Holding <br \/>\nTorque<\/th><td class=\"column-13\"><\/td>\n<\/tr>\n<\/thead>\n<tbody class=\"row-striping row-hover\">\n<tr class=\"row-2\">\n\t<td class=\"column-1\">WD-H 0220 \/ 1 drive<\/td><td class=\"column-2\">WD-H Series<\/td><td class=\"column-3\">1 drive<\/td><td class=\"column-4\">Worm<\/td><td class=\"column-5\">5<\/td><td class=\"column-6\">2<\/td><td class=\"column-7\">No**<\/td><td class=\"column-8\">89 Kg<\/td><td class=\"column-9\">28<\/td><td class=\"column-10\">11093 Nm<\/td><td class=\"column-11\">5150 Nm<\/td><td class=\"column-12\">11093<\/td><td class=\"column-13\"><\/td>\n<\/tr>\n<tr class=\"row-3\">\n\t<td class=\"column-1\">WD-H 0300 \/ 1 drive<\/td><td class=\"column-2\">WD-H Series<\/td><td class=\"column-3\">1 drive<\/td><td class=\"column-4\">Worm<\/td><td class=\"column-5\">6<\/td><td class=\"column-6\">2<\/td><td class=\"column-7\">No**<\/td><td class=\"column-8\">167 Kg<\/td><td class=\"column-9\">30.5<\/td><td class=\"column-10\">22360 Nm<\/td><td class=\"column-11\">14000 Nm<\/td><td class=\"column-12\">22360<\/td><td class=\"column-13\"><\/td>\n<\/tr>\n<tr class=\"row-4\">\n\t<td class=\"column-1\">WD-H 0300 \/ 2 drive<\/td><td class=\"column-2\">WD-H Series<\/td><td class=\"column-3\">2 drive<\/td><td class=\"column-4\">Worm<\/td><td class=\"column-5\">6<\/td><td class=\"column-6\">2<\/td><td class=\"column-7\">No**<\/td><td class=\"column-8\">186 Kg<\/td><td class=\"column-9\">30.5<\/td><td class=\"column-10\">44720 Nm<\/td><td class=\"column-11\">28000 Nm<\/td><td class=\"column-12\">44720<\/td><td class=\"column-13\"><\/td>\n<\/tr>\n<tr class=\"row-5\">\n\t<td class=\"column-1\">WD-H 0373 \/ 1 drive<\/td><td class=\"column-2\">WD-H Series<\/td><td class=\"column-3\">1 drive<\/td><td class=\"column-4\">Worm<\/td><td class=\"column-5\">8<\/td><td class=\"column-6\">1<\/td><td class=\"column-7\">No**<\/td><td class=\"column-8\">285 Kg<\/td><td class=\"column-9\">56<\/td><td class=\"column-10\">47416 Nm<\/td><td class=\"column-11\">35500 Nm<\/td><td class=\"column-12\">47416<\/td><td class=\"column-13\"><\/td>\n<\/tr>\n<tr class=\"row-6\">\n\t<td class=\"column-1\">WD-H 0373 \/ 2 drive<\/td><td class=\"column-2\">WD-H Series<\/td><td class=\"column-3\">2 drive<\/td><td class=\"column-4\">Worm<\/td><td class=\"column-5\">8<\/td><td class=\"column-6\">1<\/td><td class=\"column-7\">No**<\/td><td class=\"column-8\">330 Kg<\/td><td class=\"column-9\">56<\/td><td class=\"column-10\">94832 Nm<\/td><td class=\"column-11\">71000 Nm<\/td><td class=\"column-12\">94832<\/td><td class=\"column-13\"><\/td>\n<\/tr>\n<tr class=\"row-7\">\n\t<td class=\"column-1\">WD-H 0490 \/ 1 drive<\/td><td class=\"column-2\">WD-H Series<\/td><td class=\"column-3\">1 drive<\/td><td class=\"column-4\">Worm<\/td><td class=\"column-5\">8<\/td><td class=\"column-6\">1<\/td><td class=\"column-7\">No**<\/td><td class=\"column-8\">347 Kg<\/td><td class=\"column-9\">70<\/td><td class=\"column-10\">59799 Nm<\/td><td class=\"column-11\">59799 Nm<\/td><td class=\"column-12\">59799<\/td><td class=\"column-13\"><\/td>\n<\/tr>\n<tr class=\"row-8\">\n\t<td class=\"column-1\">WD-H 0490 \/ 2 drive<\/td><td class=\"column-2\">WD-H Series<\/td><td class=\"column-3\">2 drive<\/td><td class=\"column-4\">Worm<\/td><td class=\"column-5\">8<\/td><td class=\"column-6\">1<\/td><td class=\"column-7\">No**<\/td><td class=\"column-8\">394 Kg<\/td><td class=\"column-9\">70<\/td><td class=\"column-10\">119598 Nm<\/td><td class=\"column-11\">119598 Nm<\/td><td class=\"column-12\">119598<\/td><td class=\"column-13\"><\/td>\n<\/tr>\n<tr class=\"row-9\">\n\t<td class=\"column-1\">WD-H 0645 \/ 1 drive<\/td><td class=\"column-2\">WD-H Series<\/td><td class=\"column-3\">1 drive<\/td><td class=\"column-4\">Worm<\/td><td class=\"column-5\">8<\/td><td class=\"column-6\">1<\/td><td class=\"column-7\">No**<\/td><td class=\"column-8\">430 Kg<\/td><td class=\"column-9\">90<\/td><td class=\"column-10\">76310 Nm<\/td><td class=\"column-11\">76310 Nm<\/td><td class=\"column-12\">76310<\/td><td class=\"column-13\"><\/td>\n<\/tr>\n<tr class=\"row-10\">\n\t<td class=\"column-1\">WD-H 0645 \/ 2 drive<\/td><td class=\"column-2\">WD-H Series<\/td><td class=\"column-3\">2 drive<\/td><td class=\"column-4\">Worm<\/td><td class=\"column-5\">8<\/td><td class=\"column-6\">1<\/td><td class=\"column-7\">No**<\/td><td class=\"column-8\">516 Kg<\/td><td class=\"column-9\">90<\/td><td class=\"column-10\">152610 Nm<\/td><td class=\"column-11\">152610 Nm<\/td><td class=\"column-12\">152610<\/td><td class=\"column-13\"><\/td>\n<\/tr>\n<\/tbody>\n<\/table>\n<!-- #tablepress-101 from cache -->\n","protected":false},"excerpt":{"rendered":"<p>El accionamiento giratorio de la serie WD-H de IMO es un tipo de sistema de accionamiento mec\u00e1nico utilizado habitualmente en aplicaciones que requieren movimiento de rotaci\u00f3n y transmisi\u00f3n de par, como los sistemas de seguimiento solar, la maquinaria industrial y los equipos de construcci\u00f3n. Los accionamientos de giro se componen normalmente de un sistema de engranajes que integra una corona de giro (o cojinete de plataforma giratoria), un motor y otros componentes, todo ello encerrado en una unidad compacta. <\/p>\n","protected":false},"featured_media":11585,"comment_status":"open","ping_status":"closed","template":"","meta":{"content-type":""},"product_cat":[365,358],"product_tag":[469],"class_list":{"0":"post-11584","1":"product","2":"type-product","3":"status-publish","4":"has-post-thumbnail","6":"product_cat-imo-es","7":"product_cat-oemodm-es","8":"product_tag-imo-wd-h-series-slewing-drive-es","10":"first","11":"instock","12":"shipping-taxable","13":"product-type-simple"},"yoast_head":"<!-- This site is optimized with the Yoast SEO plugin v21.7 - https:\/\/yoast.com\/wordpress\/plugins\/seo\/ -->\n<title>Mecanismo de giro de la serie WD-H de IMO<\/title>\n<meta name=\"description\" content=\"El accionamiento gir atorio de la serie WD-H de IMO es un sistema mec\u00e1nico compacto de alto par utilizado para movimientos giratorios precisos en diversas aplicaciones.\" \/>\n<meta name=\"robots\" content=\"index, follow, max-snippet:-1, max-image-preview:large, max-video-preview:-1\" \/>\n<link rel=\"canonical\" href=\"https:\/\/slewingbearings.com\/product\/imo-wd-h-series-slewing-drive\/\" \/>\n<meta property=\"og:locale\" content=\"es_ES\" \/>\n<meta property=\"og:type\" content=\"article\" \/>\n<meta property=\"og:title\" content=\"Mecanismo de giro de la serie WD-H de IMO\" \/>\n<meta property=\"og:description\" content=\"El accionamiento gir atorio de la serie WD-H de IMO es un sistema mec\u00e1nico compacto de alto par utilizado para movimientos giratorios precisos en diversas aplicaciones.\" \/>\n<meta property=\"og:url\" content=\"https:\/\/slewingbearings.com\/product\/imo-wd-h-series-slewing-drive\/\" \/>\n<meta property=\"og:site_name\" content=\"ZZ Group\" \/>\n<meta property=\"og:image\" content=\"https:\/\/slewingbearings.com\/wp-content\/uploads\/2025\/01\/IMO-WD-H-Series-Slewing-Drive.webp\" \/>\n\t<meta property=\"og:image:width\" content=\"800\" \/>\n\t<meta property=\"og:image:height\" content=\"800\" \/>\n\t<meta property=\"og:image:type\" content=\"image\/webp\" \/>\n<meta name=\"twitter:card\" content=\"summary_large_image\" \/>\n<meta name=\"twitter:label1\" content=\"Tiempo de lectura\" \/>\n\t<meta name=\"twitter:data1\" content=\"1 minuto\" \/>\n<script type=\"application\/ld+json\" class=\"yoast-schema-graph\">{\"@context\":\"https:\/\/schema.org\",\"@graph\":[{\"@type\":\"WebPage\",\"@id\":\"https:\/\/slewingbearings.com\/product\/imo-wd-h-series-slewing-drive\/\",\"url\":\"https:\/\/slewingbearings.com\/product\/imo-wd-h-series-slewing-drive\/\",\"name\":\"Mecanismo de giro de la serie WD-H de IMO\",\"isPartOf\":{\"@id\":\"https:\/\/slewingbearings.com\/#website\"},\"datePublished\":\"2025-01-10T02:27:12+00:00\",\"dateModified\":\"2025-01-10T02:27:12+00:00\",\"description\":\"El accionamiento gir atorio de la serie WD-H de IMO es un sistema mec\u00e1nico compacto de alto par utilizado para movimientos giratorios precisos en diversas aplicaciones.\",\"breadcrumb\":{\"@id\":\"https:\/\/slewingbearings.com\/product\/imo-wd-h-series-slewing-drive\/#breadcrumb\"},\"inLanguage\":\"es\",\"potentialAction\":[{\"@type\":\"ReadAction\",\"target\":[\"https:\/\/slewingbearings.com\/product\/imo-wd-h-series-slewing-drive\/\"]}]},{\"@type\":\"BreadcrumbList\",\"@id\":\"https:\/\/slewingbearings.com\/product\/imo-wd-h-series-slewing-drive\/#breadcrumb\",\"itemListElement\":[{\"@type\":\"ListItem\",\"position\":1,\"name\":\"Home\",\"item\":\"https:\/\/slewingbearings.com\/es\/rodamientogiratorio-accionamiento-giratorio\/\"},{\"@type\":\"ListItem\",\"position\":2,\"name\":\"Shop\",\"item\":\"https:\/\/slewingbearings.com\/shop\/\"},{\"@type\":\"ListItem\",\"position\":3,\"name\":\"Mecanismo de giro de la serie WD-H de IMO\"}]},{\"@type\":\"WebSite\",\"@id\":\"https:\/\/slewingbearings.com\/#website\",\"url\":\"https:\/\/slewingbearings.com\/\",\"name\":\"ZZ Group\",\"description\":\"Leading Slewing Bearings in China\",\"potentialAction\":[{\"@type\":\"SearchAction\",\"target\":{\"@type\":\"EntryPoint\",\"urlTemplate\":\"https:\/\/slewingbearings.com\/?s={search_term_string}\"},\"query-input\":\"required name=search_term_string\"}],\"inLanguage\":\"es\"}]}<\/script>\n<!-- \/ Yoast SEO plugin. -->","yoast_head_json":{"title":"Mecanismo de giro de la serie WD-H de IMO","description":"El accionamiento gir atorio de la serie WD-H de IMO es un sistema mec\u00e1nico compacto de alto par utilizado para movimientos giratorios precisos en diversas aplicaciones.","robots":{"index":"index","follow":"follow","max-snippet":"max-snippet:-1","max-image-preview":"max-image-preview:large","max-video-preview":"max-video-preview:-1"},"canonical":"https:\/\/slewingbearings.com\/product\/imo-wd-h-series-slewing-drive\/","og_locale":"es_ES","og_type":"article","og_title":"Mecanismo de giro de la serie WD-H de IMO","og_description":"El accionamiento gir atorio de la serie WD-H de IMO es un sistema mec\u00e1nico compacto de alto par utilizado para movimientos giratorios precisos en diversas aplicaciones.","og_url":"https:\/\/slewingbearings.com\/product\/imo-wd-h-series-slewing-drive\/","og_site_name":"ZZ Group","og_image":[{"width":800,"height":800,"url":"https:\/\/slewingbearings.com\/wp-content\/uploads\/2025\/01\/IMO-WD-H-Series-Slewing-Drive.webp","type":"image\/webp"}],"twitter_card":"summary_large_image","twitter_misc":{"Tiempo de lectura":"1 minuto"},"schema":{"@context":"https:\/\/schema.org","@graph":[{"@type":"WebPage","@id":"https:\/\/slewingbearings.com\/product\/imo-wd-h-series-slewing-drive\/","url":"https:\/\/slewingbearings.com\/product\/imo-wd-h-series-slewing-drive\/","name":"Mecanismo de giro de la serie WD-H de IMO","isPartOf":{"@id":"https:\/\/slewingbearings.com\/#website"},"datePublished":"2025-01-10T02:27:12+00:00","dateModified":"2025-01-10T02:27:12+00:00","description":"El accionamiento gir atorio de la serie WD-H de IMO es un sistema mec\u00e1nico compacto de alto par utilizado para movimientos giratorios precisos en diversas aplicaciones.","breadcrumb":{"@id":"https:\/\/slewingbearings.com\/product\/imo-wd-h-series-slewing-drive\/#breadcrumb"},"inLanguage":"es","potentialAction":[{"@type":"ReadAction","target":["https:\/\/slewingbearings.com\/product\/imo-wd-h-series-slewing-drive\/"]}]},{"@type":"BreadcrumbList","@id":"https:\/\/slewingbearings.com\/product\/imo-wd-h-series-slewing-drive\/#breadcrumb","itemListElement":[{"@type":"ListItem","position":1,"name":"Home","item":"https:\/\/slewingbearings.com\/es\/rodamientogiratorio-accionamiento-giratorio\/"},{"@type":"ListItem","position":2,"name":"Shop","item":"https:\/\/slewingbearings.com\/shop\/"},{"@type":"ListItem","position":3,"name":"Mecanismo de giro de la serie WD-H de IMO"}]},{"@type":"WebSite","@id":"https:\/\/slewingbearings.com\/#website","url":"https:\/\/slewingbearings.com\/","name":"ZZ Group","description":"Leading Slewing Bearings in China","potentialAction":[{"@type":"SearchAction","target":{"@type":"EntryPoint","urlTemplate":"https:\/\/slewingbearings.com\/?s={search_term_string}"},"query-input":"required name=search_term_string"}],"inLanguage":"es"}]}},"_links":{"self":[{"href":"https:\/\/slewingbearings.com\/es\/wp-json\/wp\/v2\/product\/11584","targetHints":{"allow":["GET"]}}],"collection":[{"href":"https:\/\/slewingbearings.com\/es\/wp-json\/wp\/v2\/product"}],"about":[{"href":"https:\/\/slewingbearings.com\/es\/wp-json\/wp\/v2\/types\/product"}],"replies":[{"embeddable":true,"href":"https:\/\/slewingbearings.com\/es\/wp-json\/wp\/v2\/comments?post=11584"}],"wp:featuredmedia":[{"embeddable":true,"href":"https:\/\/slewingbearings.com\/es\/wp-json\/wp\/v2\/media\/11585"}],"wp:attachment":[{"href":"https:\/\/slewingbearings.com\/es\/wp-json\/wp\/v2\/media?parent=11584"}],"wp:term":[{"taxonomy":"product_cat","embeddable":true,"href":"https:\/\/slewingbearings.com\/es\/wp-json\/wp\/v2\/product_cat?post=11584"},{"taxonomy":"product_tag","embeddable":true,"href":"https:\/\/slewingbearings.com\/es\/wp-json\/wp\/v2\/product_tag?post=11584"}],"curies":[{"name":"wp","href":"https:\/\/api.w.org\/{rel}","templated":true}]}}