{"id":11576,"date":"2025-01-10T03:03:46","date_gmt":"2025-01-10T03:03:46","guid":{"rendered":"https:\/\/slewingbearings.com\/product\/mecanismo-de-giro-de-la-serie-wd-l-de-imo\/"},"modified":"2025-01-10T03:03:46","modified_gmt":"2025-01-10T03:03:46","slug":"mecanismo-de-giro-de-la-serie-wd-l-de-imo","status":"publish","type":"product","link":"https:\/\/slewingbearings.com\/es\/product\/mecanismo-de-giro-de-la-serie-wd-l-de-imo\/","title":{"rendered":"Mecanismo de giro de la serie WD-L de IMO"},"content":{"rendered":"<p><a href=\"https:\/\/slewingbearings.com\/es\/accionamientogiratorio\/\"><strong>El ac cionamiento giratorio de ZZ <\/strong><\/a>es un tipo de sistema de accionamiento mec\u00e1nico dise\u00f1ado para aplicaciones que requieren un par elevado, un movimiento de rotaci\u00f3n preciso y durabilidad. Los accionamientos de giro se utilizan a menudo en maquinaria pesada, sistemas de energ\u00eda renovable y automatizaci\u00f3n. ZZ es un fabricante conocido por ofrecer una amplia gama de accionamientos de giro con distintos tama\u00f1os, capacidades y configuraciones adaptadas a las diferentes necesidades industriales.  <\/p>\n<ul>\n<li><strong>Gran capacidad de par:<\/strong><\/li>\n<\/ul>\n<p>Los accionamientos giratorios ZZ est\u00e1n dise\u00f1ados para soportar elevadas cargas radiales y axiales, lo que los hace id\u00f3neos para aplicaciones pesadas.<br \/>\nProporcionan un movimiento giratorio suave y preciso bajo un par importante, lo que resulta esencial en aplicaciones como gr\u00faas, seguidores solares y equipos pesados.<\/p>\n<ul>\n<li><strong>Dise\u00f1o compacto y robusto:<\/strong><\/li>\n<\/ul>\n<p>Estos accionamientos son compactos, ya que combinan la corona de giro, el reductor y el motor en una sola unidad, lo que simplifica el dise\u00f1o y reduce el n\u00famero de piezas.<br \/>\nEl dise\u00f1o robusto garantiza que el accionamiento de giro pueda soportar condiciones de trabajo duras, incluidos entornos exteriores o entornos industriales dif\u00edciles.<\/p>\n\n<table id=\"tablepress-102\" class=\"tablepress tablepress-id-102\">\n<thead>\n<tr class=\"row-1\">\n\t<th class=\"column-1\">Part Number<\/th><th class=\"column-2\">Series<\/th><th class=\"column-3\">Number of drives<\/th><th class=\"column-4\">Drive style<\/th><th class=\"column-5\">Module<\/th><th class=\"column-6\">Number Of Threads <br \/>\nOf The Worm<\/th><th class=\"column-7\">Self Locking <br \/>\nGears<\/th><th class=\"column-8\">Weight<\/th><th class=\"column-9\">Slew Drive <br \/>\nGear Ratio<\/th><th class=\"column-10\">Max Torque<\/th><th class=\"column-11\">Nom Torques<\/th><th class=\"column-12\">Max Holding <br \/>\nTorque<\/th>\n<\/tr>\n<\/thead>\n<tbody class=\"row-striping row-hover\">\n<tr class=\"row-2\">\n\t<td class=\"column-1\">WD-L 0156 \/ 1-row \/ 1 drive<\/td><td class=\"column-2\">WD-L Series<\/td><td class=\"column-3\">1 drive<\/td><td class=\"column-4\">Worm<\/td><td class=\"column-5\">5<\/td><td class=\"column-6\">1<\/td><td class=\"column-7\">No**<\/td><td class=\"column-8\">40 Kg<\/td><td class=\"column-9\">46<\/td><td class=\"column-10\">3280 Nm<\/td><td class=\"column-11\">2520 Nm<\/td><td class=\"column-12\">3280<\/td>\n<\/tr>\n<tr class=\"row-3\">\n\t<td class=\"column-1\">WD-L 0223 \/ 1-row \/ 1 drive<\/td><td class=\"column-2\">WD-L Series<\/td><td class=\"column-3\">1 drive<\/td><td class=\"column-4\">Worm<\/td><td class=\"column-5\">5<\/td><td class=\"column-6\">1<\/td><td class=\"column-7\">No**<\/td><td class=\"column-8\">50 Kg<\/td><td class=\"column-9\">62<\/td><td class=\"column-10\">9303 Nm<\/td><td class=\"column-11\">4795 Nm<\/td><td class=\"column-12\">9303<\/td>\n<\/tr>\n<tr class=\"row-4\">\n\t<td class=\"column-1\">WD-L 0223 \/ 1-row \/ 2 drives<\/td><td class=\"column-2\">WD-L Series<\/td><td class=\"column-3\">2 drive<\/td><td class=\"column-4\">Worm<\/td><td class=\"column-5\">5<\/td><td class=\"column-6\">1<\/td><td class=\"column-7\">No**<\/td><td class=\"column-8\">93 Kg<\/td><td class=\"column-9\">62<\/td><td class=\"column-10\">18606 Nm<\/td><td class=\"column-11\">9590 Nm<\/td><td class=\"column-12\">18606<\/td>\n<\/tr>\n<tr class=\"row-5\">\n\t<td class=\"column-1\">WD-L 0223 \/ 2-row \/ 1 drive<\/td><td class=\"column-2\">WD-L Series<\/td><td class=\"column-3\">1 drive<\/td><td class=\"column-4\">Worm<\/td><td class=\"column-5\">5<\/td><td class=\"column-6\">1<\/td><td class=\"column-7\">No**<\/td><td class=\"column-8\">60 Kg<\/td><td class=\"column-9\">62<\/td><td class=\"column-10\">9303 Nm<\/td><td class=\"column-11\">4795 Nm<\/td><td class=\"column-12\">9303<\/td>\n<\/tr>\n<tr class=\"row-6\">\n\t<td class=\"column-1\">WD-L 0230 \/ 1-row \/ 1 drive<\/td><td class=\"column-2\">WD-L Series<\/td><td class=\"column-3\">1 drive<\/td><td class=\"column-4\">Worm<\/td><td class=\"column-5\">5<\/td><td class=\"column-6\">1<\/td><td class=\"column-7\">No**<\/td><td class=\"column-8\">55 Kg<\/td><td class=\"column-9\">62<\/td><td class=\"column-10\">9303 Nm<\/td><td class=\"column-11\">4795 Nm<\/td><td class=\"column-12\">9303<\/td>\n<\/tr>\n<tr class=\"row-7\">\n\t<td class=\"column-1\">WD-L 0343 \/ 1-row \/ 1 drive<\/td><td class=\"column-2\">WD-L Series<\/td><td class=\"column-3\">1 drive<\/td><td class=\"column-4\">Worm<\/td><td class=\"column-5\">5<\/td><td class=\"column-6\">1<\/td><td class=\"column-7\">No**<\/td><td class=\"column-8\">68 Kg<\/td><td class=\"column-9\">86<\/td><td class=\"column-10\">12905 Nm<\/td><td class=\"column-11\">10150 Nm<\/td><td class=\"column-12\">12905<\/td>\n<\/tr>\n<tr class=\"row-8\">\n\t<td class=\"column-1\">WD-L 0343 \/ 1-row \/ 2 drives<\/td><td class=\"column-2\">WD-L Series<\/td><td class=\"column-3\">2 drive<\/td><td class=\"column-4\">Worm<\/td><td class=\"column-5\">5<\/td><td class=\"column-6\">1<\/td><td class=\"column-7\">No**<\/td><td class=\"column-8\">107 Kg<\/td><td class=\"column-9\">86<\/td><td class=\"column-10\">25810 Nm<\/td><td class=\"column-11\">20300 Nm<\/td><td class=\"column-12\">36872<\/td>\n<\/tr>\n<tr class=\"row-9\">\n\t<td class=\"column-1\">WD-L 0343 \/ 2-row \/ 1 drive<\/td><td class=\"column-2\">WD-L Series<\/td><td class=\"column-3\">1 drive<\/td><td class=\"column-4\">Worm<\/td><td class=\"column-5\">5<\/td><td class=\"column-6\">1<\/td><td class=\"column-7\">No**<\/td><td class=\"column-8\">82 Kg<\/td><td class=\"column-9\">86<\/td><td class=\"column-10\">12905 Nm<\/td><td class=\"column-11\">10150 Nm<\/td><td class=\"column-12\">12905<\/td>\n<\/tr>\n<tr class=\"row-10\">\n\t<td class=\"column-1\">WD-L 0419 \/ 1-row \/ 1 drive<\/td><td class=\"column-2\">WD-L Series<\/td><td class=\"column-3\">1 drive<\/td><td class=\"column-4\">Worm<\/td><td class=\"column-5\">5<\/td><td class=\"column-6\">1<\/td><td class=\"column-7\">No**<\/td><td class=\"column-8\">92 Kg<\/td><td class=\"column-9\">104<\/td><td class=\"column-10\">15606 Nm<\/td><td class=\"column-11\">15606 Nm<\/td><td class=\"column-12\">15606<\/td>\n<\/tr>\n<tr class=\"row-11\">\n\t<td class=\"column-1\">WD-L 0419 \/ 1-row \/ 2 drives<\/td><td class=\"column-2\">WD-L Series<\/td><td class=\"column-3\">2 drive<\/td><td class=\"column-4\">Worm<\/td><td class=\"column-5\">5<\/td><td class=\"column-6\">1<\/td><td class=\"column-7\">No**<\/td><td class=\"column-8\">150 Kg<\/td><td class=\"column-9\">104<\/td><td class=\"column-10\">31212 Nm<\/td><td class=\"column-11\">31212 Nm<\/td><td class=\"column-12\">44590<\/td>\n<\/tr>\n<tr class=\"row-12\">\n\t<td class=\"column-1\">WD-L 0419 \/ 2-row \/ 1 drive<\/td><td class=\"column-2\">WD-L Series<\/td><td class=\"column-3\">1 drive<\/td><td class=\"column-4\">Worm<\/td><td class=\"column-5\">5<\/td><td class=\"column-6\">1<\/td><td class=\"column-7\">No**<\/td><td class=\"column-8\">112 Kg<\/td><td class=\"column-9\">104<\/td><td class=\"column-10\">15606 Nm<\/td><td class=\"column-11\">15606 Nm<\/td><td class=\"column-12\">15606<\/td>\n<\/tr>\n<tr class=\"row-13\">\n\t<td class=\"column-1\">WD-LC 0223 \/ 1-row \/ 1 drive<\/td><td class=\"column-2\">WD-L Series<\/td><td class=\"column-3\">1 drive<\/td><td class=\"column-4\">Worm<\/td><td class=\"column-5\">5<\/td><td class=\"column-6\">1<\/td><td class=\"column-7\">No**<\/td><td class=\"column-8\">58 Kg<\/td><td class=\"column-9\">62<\/td><td class=\"column-10\">4272 Nm<\/td><td class=\"column-11\">4272 Nm<\/td><td class=\"column-12\">4272<\/td>\n<\/tr>\n<tr class=\"row-14\">\n\t<td class=\"column-1\">WD-LC 0343 \/ 1-row \/ 1 drive<\/td><td class=\"column-2\">WD-L Series<\/td><td class=\"column-3\">1 drive<\/td><td class=\"column-4\">Worm<\/td><td class=\"column-5\">5<\/td><td class=\"column-6\">1<\/td><td class=\"column-7\">No**<\/td><td class=\"column-8\">88 Kg<\/td><td class=\"column-9\">86<\/td><td class=\"column-10\">5926 Nm<\/td><td class=\"column-11\">5926 Nm<\/td><td class=\"column-12\">5926<\/td>\n<\/tr>\n<tr class=\"row-15\">\n\t<td class=\"column-1\">WD-LC 0419 \/ 1-row \/ 1 drive<\/td><td class=\"column-2\">WD-L Series<\/td><td class=\"column-3\">1 drive<\/td><td class=\"column-4\">Worm<\/td><td class=\"column-5\">5<\/td><td class=\"column-6\">1<\/td><td class=\"column-7\">No**<\/td><td class=\"column-8\">103 Kg<\/td><td class=\"column-9\">104<\/td><td class=\"column-10\">7166 Nm<\/td><td class=\"column-11\">7166 Nm<\/td><td class=\"column-12\">7166<\/td>\n<\/tr>\n<tr class=\"row-16\">\n\t<td class=\"column-1\">WD-L 0478 \/ 1-row \/ 1 drive<\/td><td class=\"column-2\">WD-L Series<\/td><td class=\"column-3\">1 drive<\/td><td class=\"column-4\">Worm<\/td><td class=\"column-5\">6<\/td><td class=\"column-6\">2<\/td><td class=\"column-7\">No**<\/td><td class=\"column-8\">139 Kg<\/td><td class=\"column-9\">47<\/td><td class=\"column-10\">24288 Nm<\/td><td class=\"column-11\">24288 Nm<\/td><td class=\"column-12\">34263<\/td>\n<\/tr>\n<tr class=\"row-17\">\n\t<td class=\"column-1\">WD-L 0478 \/ 1-row \/ 2 drives<\/td><td class=\"column-2\">WD-L Series<\/td><td class=\"column-3\">2 drive<\/td><td class=\"column-4\">Worm<\/td><td class=\"column-5\">6<\/td><td class=\"column-6\">2<\/td><td class=\"column-7\">No**<\/td><td class=\"column-8\">184 Kg<\/td><td class=\"column-9\">47<\/td><td class=\"column-10\">48576 Nm<\/td><td class=\"column-11\">48576 Nm<\/td><td class=\"column-12\">68526<\/td>\n<\/tr>\n<tr class=\"row-18\">\n\t<td class=\"column-1\">WD-L 0478 \/ 2-row \/ 1 drive<\/td><td class=\"column-2\">WD-L Series<\/td><td class=\"column-3\">1 drive<\/td><td class=\"column-4\">Worm<\/td><td class=\"column-5\">6<\/td><td class=\"column-6\">2<\/td><td class=\"column-7\">No**<\/td><td class=\"column-8\">179 Kg<\/td><td class=\"column-9\">47<\/td><td class=\"column-10\">24288 Nm<\/td><td class=\"column-11\">24288 Nm<\/td><td class=\"column-12\">34263<\/td>\n<\/tr>\n<tr class=\"row-19\">\n\t<td class=\"column-1\">WD-LC 0478 \/ 1-row \/ 1 drive<\/td><td class=\"column-2\">WD-L Series<\/td><td class=\"column-3\">1 drive<\/td><td class=\"column-4\">Worm<\/td><td class=\"column-5\">6<\/td><td class=\"column-6\">2<\/td><td class=\"column-7\">No**<\/td><td class=\"column-8\">175 Kg<\/td><td class=\"column-9\">47<\/td><td class=\"column-10\">11013 Nm<\/td><td class=\"column-11\">11013 Nm<\/td><td class=\"column-12\">11013<\/td>\n<\/tr>\n<tr class=\"row-20\">\n\t<td class=\"column-1\">WD-L 0625 \/ 1-row \/ 1 drive<\/td><td class=\"column-2\">WD-L Series<\/td><td class=\"column-3\">1 drive<\/td><td class=\"column-4\">Worm<\/td><td class=\"column-5\">7<\/td><td class=\"column-6\">2<\/td><td class=\"column-7\">No**<\/td><td class=\"column-8\">246 Kg<\/td><td class=\"column-9\">51.5<\/td><td class=\"column-10\">42824 Nm<\/td><td class=\"column-11\">42824 Nm<\/td><td class=\"column-12\">61177<\/td>\n<\/tr>\n<tr class=\"row-21\">\n\t<td class=\"column-1\">WD-L 0625 \/ 1-row \/ 2 drives<\/td><td class=\"column-2\">WD-L Series<\/td><td class=\"column-3\">2 drive<\/td><td class=\"column-4\">Worm<\/td><td class=\"column-5\">7<\/td><td class=\"column-6\">2<\/td><td class=\"column-7\">No**<\/td><td class=\"column-8\">313 Kg<\/td><td class=\"column-9\">51.5<\/td><td class=\"column-10\">85648 Nm<\/td><td class=\"column-11\">85648 Nm<\/td><td class=\"column-12\">122354<\/td>\n<\/tr>\n<tr class=\"row-22\">\n\t<td class=\"column-1\">WD-L 0625 \/ 2-row \/ 1 drive<\/td><td class=\"column-2\">WD-L Series<\/td><td class=\"column-3\">1 drive<\/td><td class=\"column-4\">Worm<\/td><td class=\"column-5\">7<\/td><td class=\"column-6\">2<\/td><td class=\"column-7\">No**<\/td><td class=\"column-8\">292 Kg<\/td><td class=\"column-9\">51.5<\/td><td class=\"column-10\">42824 Nm<\/td><td class=\"column-11\">42824 Nm<\/td><td class=\"column-12\">61177<\/td>\n<\/tr>\n<tr class=\"row-23\">\n\t<td class=\"column-1\">WD-LC 0625 \/ 1-row \/ 1 drive<\/td><td class=\"column-2\">WD-L Series<\/td><td class=\"column-3\">1 drive<\/td><td class=\"column-4\">Worm<\/td><td class=\"column-5\">7<\/td><td class=\"column-6\">2<\/td><td class=\"column-7\">No**<\/td><td class=\"column-8\">254 Kg<\/td><td class=\"column-9\">51.5<\/td><td class=\"column-10\">19664 Nm<\/td><td class=\"column-11\">19664 Nm<\/td><td class=\"column-12\">19664<\/td>\n<\/tr>\n<tr class=\"row-24\">\n\t<td class=\"column-1\">WD-L 0620 \/ 2-row \/ 1 drive<\/td><td class=\"column-2\">WD-L Series<\/td><td class=\"column-3\">1 drive<\/td><td class=\"column-4\">Worm<\/td><td class=\"column-5\">10<\/td><td class=\"column-6\">2<\/td><td class=\"column-7\">No**<\/td><td class=\"column-8\">742 Kg<\/td><td class=\"column-9\">40<\/td><td class=\"column-10\">137200 Nm<\/td><td class=\"column-11\">137200 Nm<\/td><td class=\"column-12\">137200<\/td>\n<\/tr>\n<tr class=\"row-25\">\n\t<td class=\"column-1\">WD-L 0620 \/ 2-row \/ 2 drives<\/td><td class=\"column-2\">WD-L Series<\/td><td class=\"column-3\">2 drive<\/td><td class=\"column-4\">Worm<\/td><td class=\"column-5\">10<\/td><td class=\"column-6\">2<\/td><td class=\"column-7\">No**<\/td><td class=\"column-8\">864 Kg<\/td><td class=\"column-9\">40<\/td><td class=\"column-10\">274400 Nm<\/td><td class=\"column-11\">274400 Nm<\/td><td class=\"column-12\">274400<\/td>\n<\/tr>\n<tr class=\"row-26\">\n\t<td class=\"column-1\">WD-LC 0620 \/ 2-row \/ 1 drive<\/td><td class=\"column-2\">WD-L Series<\/td><td class=\"column-3\">1 drive<\/td><td class=\"column-4\">Worm<\/td><td class=\"column-5\">10<\/td><td class=\"column-6\">2<\/td><td class=\"column-7\">No**<\/td><td class=\"column-8\">728 Kg<\/td><td class=\"column-9\">40<\/td><td class=\"column-10\">63000 Nm<\/td><td class=\"column-11\">63000 Nm<\/td><td class=\"column-12\">63000<\/td>\n<\/tr>\n<tr class=\"row-27\">\n\t<td class=\"column-1\">WD-LC 0620 \/ 2-row \/ 2 drives<\/td><td class=\"column-2\">WD-L Series<\/td><td class=\"column-3\">2 drive<\/td><td class=\"column-4\">Worm<\/td><td class=\"column-5\">10<\/td><td class=\"column-6\">2<\/td><td class=\"column-7\">No**<\/td><td class=\"column-8\">835 Kg<\/td><td class=\"column-9\">40<\/td><td class=\"column-10\">126000 Nm<\/td><td class=\"column-11\">126000 Nm<\/td><td class=\"column-12\">126000<\/td>\n<\/tr>\n<tr class=\"row-28\">\n\t<td class=\"column-1\">WD-L 0713 \/ 2-row \/ 1 drive<\/td><td class=\"column-2\">WD-L Series<\/td><td class=\"column-3\">1 drive<\/td><td class=\"column-4\">Worm<\/td><td class=\"column-5\">12<\/td><td class=\"column-6\">2<\/td><td class=\"column-7\">No**<\/td><td class=\"column-8\">1215 Kg<\/td><td class=\"column-9\">37.5<\/td><td class=\"column-10\">223252 Nm<\/td><td class=\"column-11\">223252 Nm<\/td><td class=\"column-12\">223252<\/td>\n<\/tr>\n<tr class=\"row-29\">\n\t<td class=\"column-1\">WD-L 0713 \/ 2-row \/ 2 drives<\/td><td class=\"column-2\">WD-L Series<\/td><td class=\"column-3\">2 drive<\/td><td class=\"column-4\">Worm<\/td><td class=\"column-5\">12<\/td><td class=\"column-6\">2<\/td><td class=\"column-7\">No**<\/td><td class=\"column-8\">1400 Kg<\/td><td class=\"column-9\">37.5<\/td><td class=\"column-10\">446504 Nm<\/td><td class=\"column-11\">446504 Nm<\/td><td class=\"column-12\">446504<\/td>\n<\/tr>\n<tr class=\"row-30\">\n\t<td class=\"column-1\">WD-LC 0713 \/ 2-row \/ 1 drive<\/td><td class=\"column-2\">WD-L Series<\/td><td class=\"column-3\">1 drive<\/td><td class=\"column-4\">Worm<\/td><td class=\"column-5\">12<\/td><td class=\"column-6\">2<\/td><td class=\"column-7\">No**<\/td><td class=\"column-8\">1132 Kg<\/td><td class=\"column-9\">37.5<\/td><td class=\"column-10\">102513 Nm<\/td><td class=\"column-11\">102513 Nm<\/td><td class=\"column-12\">102513<\/td>\n<\/tr>\n<tr class=\"row-31\">\n\t<td class=\"column-1\">WD-LC 0713 \/ 2-row \/ 2 drives<\/td><td class=\"column-2\">WD-L Series<\/td><td class=\"column-3\">2 drive<\/td><td class=\"column-4\">Worm<\/td><td class=\"column-5\">12<\/td><td class=\"column-6\">2<\/td><td class=\"column-7\">No**<\/td><td class=\"column-8\">1285 Kg<\/td><td class=\"column-9\">37.5<\/td><td class=\"column-10\">205026 Nm<\/td><td class=\"column-11\">205026 Nm<\/td><td class=\"column-12\">205026<\/td>\n<\/tr>\n<\/tbody>\n<\/table>\n<!-- #tablepress-102 from cache -->\n<p>&nbsp;<\/p>\n","protected":false},"excerpt":{"rendered":"<p>Di\u00e1metrode la gu\u00eda, 156 mm a 713 mm, Momento basculante m\u00e1ximo, 9 kNm a 1.095 kNm. El accionamiento gir atorio de la serie WD-L de IMO est\u00e1 dise\u00f1ado con alta carga, alta precisi\u00f3n y bajo mantenimiento como caracter\u00edsticas principales, proporcionando una soluci\u00f3n altamente integrada adecuada para aplicaciones que requieren una rotaci\u00f3n precisa , fuerte durabilidad y entornos complejos. Su dise\u00f1o compacto, sellado y duradero hace que sea ampliamente utilizado en industrias como la energ\u00eda solar , energ\u00eda e\u00f3lica y maquinaria de construcci\u00f3n.  <\/p>\n","protected":false},"featured_media":11577,"comment_status":"open","ping_status":"closed","template":"","meta":{"content-type":""},"product_cat":[365,358],"product_tag":[476],"class_list":{"0":"post-11576","1":"product","2":"type-product","3":"status-publish","4":"has-post-thumbnail","6":"product_cat-imo-es","7":"product_cat-oemodm-es","8":"product_tag-imo-wd-l-series-slewing-drive-es","10":"first","11":"instock","12":"shipping-taxable","13":"product-type-simple"},"yoast_head":"<!-- This site is optimized with the Yoast SEO plugin v21.7 - https:\/\/yoast.com\/wordpress\/plugins\/seo\/ -->\n<title>Mecanismo de giro de la serie WD-L de IMO<\/title>\n<meta name=\"description\" content=\"El accionamiento gir atorio de la serie WD-L de IMO est\u00e1 dise\u00f1ado con estructura, rendimiento y adaptabilidad para proporcionar una soluci\u00f3n de rotaci\u00f3n eficiente y fiable.\" \/>\n<meta name=\"robots\" content=\"index, follow, max-snippet:-1, max-image-preview:large, max-video-preview:-1\" \/>\n<link rel=\"canonical\" href=\"https:\/\/slewingbearings.com\/product\/imo-wd-l-series-slewing-drive\/\" \/>\n<meta property=\"og:locale\" content=\"es_ES\" \/>\n<meta property=\"og:type\" content=\"article\" \/>\n<meta property=\"og:title\" content=\"Mecanismo de giro de la serie WD-L de IMO\" \/>\n<meta property=\"og:description\" content=\"El accionamiento gir atorio de la serie WD-L de IMO est\u00e1 dise\u00f1ado con estructura, rendimiento y adaptabilidad para proporcionar una soluci\u00f3n de rotaci\u00f3n eficiente y fiable.\" \/>\n<meta property=\"og:url\" content=\"https:\/\/slewingbearings.com\/product\/imo-wd-l-series-slewing-drive\/\" \/>\n<meta property=\"og:site_name\" content=\"ZZ Group\" \/>\n<meta property=\"og:image\" content=\"https:\/\/slewingbearings.com\/wp-content\/uploads\/2025\/01\/IMO-WD-L-Series-Slewing-Drive.webp\" \/>\n\t<meta property=\"og:image:width\" content=\"800\" \/>\n\t<meta property=\"og:image:height\" content=\"800\" \/>\n\t<meta property=\"og:image:type\" content=\"image\/webp\" \/>\n<meta name=\"twitter:card\" content=\"summary_large_image\" \/>\n<meta name=\"twitter:label1\" content=\"Tiempo de lectura\" \/>\n\t<meta name=\"twitter:data1\" content=\"1 minuto\" \/>\n<script type=\"application\/ld+json\" class=\"yoast-schema-graph\">{\"@context\":\"https:\/\/schema.org\",\"@graph\":[{\"@type\":\"WebPage\",\"@id\":\"https:\/\/slewingbearings.com\/product\/imo-wd-l-series-slewing-drive\/\",\"url\":\"https:\/\/slewingbearings.com\/product\/imo-wd-l-series-slewing-drive\/\",\"name\":\"Mecanismo de giro de la serie WD-L de IMO\",\"isPartOf\":{\"@id\":\"https:\/\/slewingbearings.com\/#website\"},\"datePublished\":\"2025-01-10T03:03:46+00:00\",\"dateModified\":\"2025-01-10T03:03:46+00:00\",\"description\":\"El accionamiento gir atorio de la serie WD-L de IMO est\u00e1 dise\u00f1ado con estructura, rendimiento y adaptabilidad para proporcionar una soluci\u00f3n de rotaci\u00f3n eficiente y fiable.\",\"breadcrumb\":{\"@id\":\"https:\/\/slewingbearings.com\/product\/imo-wd-l-series-slewing-drive\/#breadcrumb\"},\"inLanguage\":\"es\",\"potentialAction\":[{\"@type\":\"ReadAction\",\"target\":[\"https:\/\/slewingbearings.com\/product\/imo-wd-l-series-slewing-drive\/\"]}]},{\"@type\":\"BreadcrumbList\",\"@id\":\"https:\/\/slewingbearings.com\/product\/imo-wd-l-series-slewing-drive\/#breadcrumb\",\"itemListElement\":[{\"@type\":\"ListItem\",\"position\":1,\"name\":\"Home\",\"item\":\"https:\/\/slewingbearings.com\/es\/rodamientogiratorio-accionamiento-giratorio\/\"},{\"@type\":\"ListItem\",\"position\":2,\"name\":\"Shop\",\"item\":\"https:\/\/slewingbearings.com\/shop\/\"},{\"@type\":\"ListItem\",\"position\":3,\"name\":\"Mecanismo de giro de la serie WD-L de IMO\"}]},{\"@type\":\"WebSite\",\"@id\":\"https:\/\/slewingbearings.com\/#website\",\"url\":\"https:\/\/slewingbearings.com\/\",\"name\":\"ZZ Group\",\"description\":\"Leading Slewing Bearings in China\",\"potentialAction\":[{\"@type\":\"SearchAction\",\"target\":{\"@type\":\"EntryPoint\",\"urlTemplate\":\"https:\/\/slewingbearings.com\/?s={search_term_string}\"},\"query-input\":\"required name=search_term_string\"}],\"inLanguage\":\"es\"}]}<\/script>\n<!-- \/ Yoast SEO plugin. -->","yoast_head_json":{"title":"Mecanismo de giro de la serie WD-L de IMO","description":"El accionamiento gir atorio de la serie WD-L de IMO est\u00e1 dise\u00f1ado con estructura, rendimiento y adaptabilidad para proporcionar una soluci\u00f3n de rotaci\u00f3n eficiente y fiable.","robots":{"index":"index","follow":"follow","max-snippet":"max-snippet:-1","max-image-preview":"max-image-preview:large","max-video-preview":"max-video-preview:-1"},"canonical":"https:\/\/slewingbearings.com\/product\/imo-wd-l-series-slewing-drive\/","og_locale":"es_ES","og_type":"article","og_title":"Mecanismo de giro de la serie WD-L de IMO","og_description":"El accionamiento gir atorio de la serie WD-L de IMO est\u00e1 dise\u00f1ado con estructura, rendimiento y adaptabilidad para proporcionar una soluci\u00f3n de rotaci\u00f3n eficiente y fiable.","og_url":"https:\/\/slewingbearings.com\/product\/imo-wd-l-series-slewing-drive\/","og_site_name":"ZZ Group","og_image":[{"width":800,"height":800,"url":"https:\/\/slewingbearings.com\/wp-content\/uploads\/2025\/01\/IMO-WD-L-Series-Slewing-Drive.webp","type":"image\/webp"}],"twitter_card":"summary_large_image","twitter_misc":{"Tiempo de lectura":"1 minuto"},"schema":{"@context":"https:\/\/schema.org","@graph":[{"@type":"WebPage","@id":"https:\/\/slewingbearings.com\/product\/imo-wd-l-series-slewing-drive\/","url":"https:\/\/slewingbearings.com\/product\/imo-wd-l-series-slewing-drive\/","name":"Mecanismo de giro de la serie WD-L de IMO","isPartOf":{"@id":"https:\/\/slewingbearings.com\/#website"},"datePublished":"2025-01-10T03:03:46+00:00","dateModified":"2025-01-10T03:03:46+00:00","description":"El accionamiento gir atorio de la serie WD-L de IMO est\u00e1 dise\u00f1ado con estructura, rendimiento y adaptabilidad para proporcionar una soluci\u00f3n de rotaci\u00f3n eficiente y fiable.","breadcrumb":{"@id":"https:\/\/slewingbearings.com\/product\/imo-wd-l-series-slewing-drive\/#breadcrumb"},"inLanguage":"es","potentialAction":[{"@type":"ReadAction","target":["https:\/\/slewingbearings.com\/product\/imo-wd-l-series-slewing-drive\/"]}]},{"@type":"BreadcrumbList","@id":"https:\/\/slewingbearings.com\/product\/imo-wd-l-series-slewing-drive\/#breadcrumb","itemListElement":[{"@type":"ListItem","position":1,"name":"Home","item":"https:\/\/slewingbearings.com\/es\/rodamientogiratorio-accionamiento-giratorio\/"},{"@type":"ListItem","position":2,"name":"Shop","item":"https:\/\/slewingbearings.com\/shop\/"},{"@type":"ListItem","position":3,"name":"Mecanismo de giro de la serie WD-L de IMO"}]},{"@type":"WebSite","@id":"https:\/\/slewingbearings.com\/#website","url":"https:\/\/slewingbearings.com\/","name":"ZZ Group","description":"Leading Slewing Bearings in China","potentialAction":[{"@type":"SearchAction","target":{"@type":"EntryPoint","urlTemplate":"https:\/\/slewingbearings.com\/?s={search_term_string}"},"query-input":"required name=search_term_string"}],"inLanguage":"es"}]}},"_links":{"self":[{"href":"https:\/\/slewingbearings.com\/es\/wp-json\/wp\/v2\/product\/11576","targetHints":{"allow":["GET"]}}],"collection":[{"href":"https:\/\/slewingbearings.com\/es\/wp-json\/wp\/v2\/product"}],"about":[{"href":"https:\/\/slewingbearings.com\/es\/wp-json\/wp\/v2\/types\/product"}],"replies":[{"embeddable":true,"href":"https:\/\/slewingbearings.com\/es\/wp-json\/wp\/v2\/comments?post=11576"}],"wp:featuredmedia":[{"embeddable":true,"href":"https:\/\/slewingbearings.com\/es\/wp-json\/wp\/v2\/media\/11577"}],"wp:attachment":[{"href":"https:\/\/slewingbearings.com\/es\/wp-json\/wp\/v2\/media?parent=11576"}],"wp:term":[{"taxonomy":"product_cat","embeddable":true,"href":"https:\/\/slewingbearings.com\/es\/wp-json\/wp\/v2\/product_cat?post=11576"},{"taxonomy":"product_tag","embeddable":true,"href":"https:\/\/slewingbearings.com\/es\/wp-json\/wp\/v2\/product_tag?post=11576"}],"curies":[{"name":"wp","href":"https:\/\/api.w.org\/{rel}","templated":true}]}}