{"id":11542,"date":"2025-01-21T07:51:03","date_gmt":"2025-01-21T07:51:03","guid":{"rendered":"https:\/\/slewingbearings.com\/product\/kaydon-realislim-tt-rodamientos-para-giradiscos\/"},"modified":"2025-01-21T07:51:03","modified_gmt":"2025-01-21T07:51:03","slug":"kaydon-realislim-tt-rodamientos-para-giradiscos","status":"publish","type":"product","link":"https:\/\/slewingbearings.com\/es\/product\/kaydon-realislim-tt-rodamientos-para-giradiscos\/","title":{"rendered":"KAYDON RealiSlim TT Rodamientos para giradiscos"},"content":{"rendered":"<p>Los rodamientos para plataformas giratorias Kaydon RealiSlim TT son rodamientos ultrafinos de alto rendimiento dise\u00f1ados para ofrecer precisi\u00f3n y fiabilidad en aplicaciones con limitaciones de espacio. Estos rodamientos presentan un perfil delgado a la vez que mantienen una alta capacidad de carga, capaz de manejar cargas radiales y axiales. Su dise\u00f1o exclusivo garantiza una rotaci\u00f3n suave y precisa con una fricci\u00f3n m\u00ednima, lo que los hace ideales para mesas giratorias, rob\u00f3tica, equipos m\u00e9dicos y maquinaria automatizada.  <\/p>\n<p>A pesar de su delgado dise\u00f1o, los rodamientos RealiSlim TT ofrecen una excelente durabilidad y una larga vida \u00fatil, ya que est\u00e1n fabricados con materiales de alta calidad que soportan el uso continuo en condiciones adversas. Son personalizables y ofrecen opciones como diversos tama\u00f1os, configuraciones de engranajes, revestimientos y m\u00e9todos de lubricaci\u00f3n, lo que garantiza su adecuaci\u00f3n a necesidades operativas espec\u00edficas. <\/p>\n\n<table id=\"tablepress-107\" class=\"tablepress tablepress-id-107\">\n<thead>\n<tr class=\"row-1\">\n\t<th class=\"column-1\">Part Number<\/th><th class=\"column-2\">Gear<\/th><th class=\"column-3\">Bearing Type<\/th><th class=\"column-4\">Do<\/th><th class=\"column-5\">di<\/th><th class=\"column-6\">H<\/th><th class=\"column-7\">Di<\/th><th class=\"column-8\">do<\/th><th class=\"column-9\">C0a<\/th><th class=\"column-10\">Moment Load Rating<\/th>\n<\/tr>\n<\/thead>\n<tbody class=\"row-striping row-hover\">\n<tr class=\"row-2\">\n\t<td class=\"column-1\">T01-00225NAA<\/td><td class=\"column-2\">Internal Gear<\/td><td class=\"column-3\">Standard<\/td><td class=\"column-4\">3\"<\/td><td class=\"column-5\">1.422\"<\/td><td class=\"column-6\">0.25\"<\/td><td class=\"column-7\">2.148\"<\/td><td class=\"column-8\">2.356\"<\/td><td class=\"column-9\">770 lbs<\/td><td class=\"column-10\">440 ft-lbs<\/td>\n<\/tr>\n<tr class=\"row-3\">\n\t<td class=\"column-1\">T01-00225PAA<\/td><td class=\"column-2\">Without Gear<\/td><td class=\"column-3\">Standard<\/td><td class=\"column-4\">3\"<\/td><td class=\"column-5\">1.5\"<\/td><td class=\"column-6\">0.25\"<\/td><td class=\"column-7\">2.148\"<\/td><td class=\"column-8\">2.356\"<\/td><td class=\"column-9\">770 lbs<\/td><td class=\"column-10\">440 ft-lbs<\/td>\n<\/tr>\n<tr class=\"row-4\">\n\t<td class=\"column-1\">T01-00225EAA<\/td><td class=\"column-2\">External Gear<\/td><td class=\"column-3\">Standard<\/td><td class=\"column-4\">3.078\"<\/td><td class=\"column-5\">1.5\"<\/td><td class=\"column-6\">0.25\"<\/td><td class=\"column-7\">2.148\"<\/td><td class=\"column-8\">2.356\"<\/td><td class=\"column-9\">770 lbs<\/td><td class=\"column-10\">440 ft-lbs<\/td>\n<\/tr>\n<tr class=\"row-5\">\n\t<td class=\"column-1\">T01-00275NAA<\/td><td class=\"column-2\">Internal Gear<\/td><td class=\"column-3\">Standard<\/td><td class=\"column-4\">3.5\"<\/td><td class=\"column-5\">1.922\"<\/td><td class=\"column-6\">0.25\"<\/td><td class=\"column-7\">2.648\"<\/td><td class=\"column-8\">2.856\"<\/td><td class=\"column-9\">1150 lbs<\/td><td class=\"column-10\">600 ft-lbs<\/td>\n<\/tr>\n<tr class=\"row-6\">\n\t<td class=\"column-1\">T01-00275PAA<\/td><td class=\"column-2\">Without Gear<\/td><td class=\"column-3\">Standard<\/td><td class=\"column-4\">3.5\"<\/td><td class=\"column-5\">2\"<\/td><td class=\"column-6\">0.25\"<\/td><td class=\"column-7\">2.648\"<\/td><td class=\"column-8\">2.856\"<\/td><td class=\"column-9\">1150 lbs<\/td><td class=\"column-10\">600 ft-lbs<\/td>\n<\/tr>\n<tr class=\"row-7\">\n\t<td class=\"column-1\">T01-00275EAA<\/td><td class=\"column-2\">External Gear<\/td><td class=\"column-3\">Standard<\/td><td class=\"column-4\">3.578\"<\/td><td class=\"column-5\">2\"<\/td><td class=\"column-6\">0.25\"<\/td><td class=\"column-7\">2.648\"<\/td><td class=\"column-8\">2.856\"<\/td><td class=\"column-9\">1150 lbs<\/td><td class=\"column-10\">600 ft-lbs<\/td>\n<\/tr>\n<tr class=\"row-8\">\n\t<td class=\"column-1\">T01-00325NAA<\/td><td class=\"column-2\">Internal Gear<\/td><td class=\"column-3\">Standard<\/td><td class=\"column-4\">4\"<\/td><td class=\"column-5\">2.422\"<\/td><td class=\"column-6\">0.25\"<\/td><td class=\"column-7\">3.148\"<\/td><td class=\"column-8\">3.356\"<\/td><td class=\"column-9\">1600 lbs<\/td><td class=\"column-10\">780 ft-lbs<\/td>\n<\/tr>\n<tr class=\"row-9\">\n\t<td class=\"column-1\">T01-00325PAA<\/td><td class=\"column-2\">Without Gear<\/td><td class=\"column-3\">Standard<\/td><td class=\"column-4\">4\"<\/td><td class=\"column-5\">2.5\"<\/td><td class=\"column-6\">0.25\"<\/td><td class=\"column-7\">3.148\"<\/td><td class=\"column-8\">3.356\"<\/td><td class=\"column-9\">1600 lbs<\/td><td class=\"column-10\">780 ft-lbs<\/td>\n<\/tr>\n<tr class=\"row-10\">\n\t<td class=\"column-1\">T01-00325EAA<\/td><td class=\"column-2\">External Gear<\/td><td class=\"column-3\">Standard<\/td><td class=\"column-4\">4.078\"<\/td><td class=\"column-5\">2.5\"<\/td><td class=\"column-6\">0.25\"<\/td><td class=\"column-7\">3.148\"<\/td><td class=\"column-8\">3.356\"<\/td><td class=\"column-9\">1600 lbs<\/td><td class=\"column-10\">780 ft-lbs<\/td>\n<\/tr>\n<tr class=\"row-11\">\n\t<td class=\"column-1\">T01-00375NAA<\/td><td class=\"column-2\">Internal Gear<\/td><td class=\"column-3\">Standard<\/td><td class=\"column-4\">4.5\"<\/td><td class=\"column-5\">2.922\"<\/td><td class=\"column-6\">0.25\"<\/td><td class=\"column-7\">3.648\"<\/td><td class=\"column-8\">3.856\"<\/td><td class=\"column-9\">2130 lbs<\/td><td class=\"column-10\">980 ft-lbs<\/td>\n<\/tr>\n<tr class=\"row-12\">\n\t<td class=\"column-1\">T01-00375PAA<\/td><td class=\"column-2\">Without Gear<\/td><td class=\"column-3\">Standard<\/td><td class=\"column-4\">4.5\"<\/td><td class=\"column-5\">3\"<\/td><td class=\"column-6\">0.25\"<\/td><td class=\"column-7\">3.648\"<\/td><td class=\"column-8\">3.856\"<\/td><td class=\"column-9\">2130 lbs<\/td><td class=\"column-10\">980 ft-lbs<\/td>\n<\/tr>\n<tr class=\"row-13\">\n\t<td class=\"column-1\">T01-00375EAA<\/td><td class=\"column-2\">External Gear<\/td><td class=\"column-3\">Standard<\/td><td class=\"column-4\">4.578\"<\/td><td class=\"column-5\">3\"<\/td><td class=\"column-6\">0.25\"<\/td><td class=\"column-7\">3.648\"<\/td><td class=\"column-8\">3.856\"<\/td><td class=\"column-9\">2130 lbs<\/td><td class=\"column-10\">980 ft-lbs<\/td>\n<\/tr>\n<tr class=\"row-14\">\n\t<td class=\"column-1\">T01-00425NAA<\/td><td class=\"column-2\">Internal Gear<\/td><td class=\"column-3\">Standard<\/td><td class=\"column-4\">5\"<\/td><td class=\"column-5\">3.422\"<\/td><td class=\"column-6\">0.25\"<\/td><td class=\"column-7\">4.148\"<\/td><td class=\"column-8\">4.356\"<\/td><td class=\"column-9\">2740 lbs<\/td><td class=\"column-10\">1.200 ft-lbs<\/td>\n<\/tr>\n<tr class=\"row-15\">\n\t<td class=\"column-1\">T01-00425PAA<\/td><td class=\"column-2\">Without Gear<\/td><td class=\"column-3\">Standard<\/td><td class=\"column-4\">5\"<\/td><td class=\"column-5\">3.5\"<\/td><td class=\"column-6\">0.25\"<\/td><td class=\"column-7\">4.148\"<\/td><td class=\"column-8\">4.356\"<\/td><td class=\"column-9\">2740 lbs<\/td><td class=\"column-10\">1.200 ft-lbs<\/td>\n<\/tr>\n<tr class=\"row-16\">\n\t<td class=\"column-1\">T01-00425EAA<\/td><td class=\"column-2\">External Gear<\/td><td class=\"column-3\">Standard<\/td><td class=\"column-4\">5.078\"<\/td><td class=\"column-5\">3.5\"<\/td><td class=\"column-6\">0.25\"<\/td><td class=\"column-7\">4.148\"<\/td><td class=\"column-8\">4.356\"<\/td><td class=\"column-9\">2740 lbs<\/td><td class=\"column-10\">1.200 ft-lbs<\/td>\n<\/tr>\n<tr class=\"row-17\">\n\t<td class=\"column-1\">T01-00450NAA<\/td><td class=\"column-2\">Internal Gear<\/td><td class=\"column-3\">Standard<\/td><td class=\"column-4\">5.25\"<\/td><td class=\"column-5\">3.672\"<\/td><td class=\"column-6\">0.25\"<\/td><td class=\"column-7\">4.398\"<\/td><td class=\"column-8\">4.606\"<\/td><td class=\"column-9\">3070 lbs<\/td><td class=\"column-10\">1.320 ft-lbs<\/td>\n<\/tr>\n<tr class=\"row-18\">\n\t<td class=\"column-1\">T01-00450PAA<\/td><td class=\"column-2\">Without Gear<\/td><td class=\"column-3\">Standard<\/td><td class=\"column-4\">5.25\"<\/td><td class=\"column-5\">3.75\"<\/td><td class=\"column-6\">0.25\"<\/td><td class=\"column-7\">4.398\"<\/td><td class=\"column-8\">4.606\"<\/td><td class=\"column-9\">3070 lbs<\/td><td class=\"column-10\">1.320 ft-lbs<\/td>\n<\/tr>\n<tr class=\"row-19\">\n\t<td class=\"column-1\">T01-00450EAA<\/td><td class=\"column-2\">External Gear<\/td><td class=\"column-3\">Standard<\/td><td class=\"column-4\">5.328\"<\/td><td class=\"column-5\">3.75\"<\/td><td class=\"column-6\">0.25\"<\/td><td class=\"column-7\">4.398\"<\/td><td class=\"column-8\">4.606\"<\/td><td class=\"column-9\">3070 lbs<\/td><td class=\"column-10\">1.320 ft-lbs<\/td>\n<\/tr>\n<tr class=\"row-20\">\n\t<td class=\"column-1\">T01-00475NAA<\/td><td class=\"column-2\">Internal Gear<\/td><td class=\"column-3\">Standard<\/td><td class=\"column-4\">5.5\"<\/td><td class=\"column-5\">3.922\"<\/td><td class=\"column-6\">0.25\"<\/td><td class=\"column-7\">4.648\"<\/td><td class=\"column-8\">4.856\"<\/td><td class=\"column-9\">3420 lbs<\/td><td class=\"column-10\">1.440 ft-lbs<\/td>\n<\/tr>\n<tr class=\"row-21\">\n\t<td class=\"column-1\">T01-00475PAA<\/td><td class=\"column-2\">Without Gear<\/td><td class=\"column-3\">Standard<\/td><td class=\"column-4\">5.5\"<\/td><td class=\"column-5\">4\"<\/td><td class=\"column-6\">0.25\"<\/td><td class=\"column-7\">4.648\"<\/td><td class=\"column-8\">4.856\"<\/td><td class=\"column-9\">3420 lbs<\/td><td class=\"column-10\">1.440 ft-lbs<\/td>\n<\/tr>\n<tr class=\"row-22\">\n\t<td class=\"column-1\">T01-00475EAA<\/td><td class=\"column-2\">External Gear<\/td><td class=\"column-3\">Standard<\/td><td class=\"column-4\">5.578\"<\/td><td class=\"column-5\">4\"<\/td><td class=\"column-6\">0.25\"<\/td><td class=\"column-7\">4.648\"<\/td><td class=\"column-8\">4.856\"<\/td><td class=\"column-9\">3420 lbs<\/td><td class=\"column-10\">1.440 ft-lbs<\/td>\n<\/tr>\n<tr class=\"row-23\">\n\t<td class=\"column-1\">T01-00500NAA<\/td><td class=\"column-2\">Internal Gear<\/td><td class=\"column-3\">Standard<\/td><td class=\"column-4\">5.75\"<\/td><td class=\"column-5\">4.172\"<\/td><td class=\"column-6\">0.25\"<\/td><td class=\"column-7\">4.898\"<\/td><td class=\"column-8\">5.106\"<\/td><td class=\"column-9\">3790 lbs<\/td><td class=\"column-10\">1.560 ft-lbs<\/td>\n<\/tr>\n<tr class=\"row-24\">\n\t<td class=\"column-1\">T01-00500PAA<\/td><td class=\"column-2\">Without Gear<\/td><td class=\"column-3\">Standard<\/td><td class=\"column-4\">5.75\"<\/td><td class=\"column-5\">4.25\"<\/td><td class=\"column-6\">0.25\"<\/td><td class=\"column-7\">4.898\"<\/td><td class=\"column-8\">5.106\"<\/td><td class=\"column-9\">3790 lbs<\/td><td class=\"column-10\">1.560 ft-lbs<\/td>\n<\/tr>\n<tr class=\"row-25\">\n\t<td class=\"column-1\">T01-00500EAA<\/td><td class=\"column-2\">External Gear<\/td><td class=\"column-3\">Standard<\/td><td class=\"column-4\">5.828\"<\/td><td class=\"column-5\">4.25\"<\/td><td class=\"column-6\">0.25\"<\/td><td class=\"column-7\">4.898\"<\/td><td class=\"column-8\">5.106\"<\/td><td class=\"column-9\">3790 lbs<\/td><td class=\"column-10\">1.560 ft-lbs<\/td>\n<\/tr>\n<tr class=\"row-26\">\n\t<td class=\"column-1\">T01-00525NAA<\/td><td class=\"column-2\">Internal Gear<\/td><td class=\"column-3\">Standard<\/td><td class=\"column-4\">6\"<\/td><td class=\"column-5\">4.422\"<\/td><td class=\"column-6\">0.25\"<\/td><td class=\"column-7\">5.148\"<\/td><td class=\"column-8\">5.356\"<\/td><td class=\"column-9\">4180 lbs<\/td><td class=\"column-10\">1.690 ft-lbs<\/td>\n<\/tr>\n<tr class=\"row-27\">\n\t<td class=\"column-1\">T01-00525PAA<\/td><td class=\"column-2\">Without Gear<\/td><td class=\"column-3\">Standard<\/td><td class=\"column-4\">6\"<\/td><td class=\"column-5\">4.5\"<\/td><td class=\"column-6\">0.25\"<\/td><td class=\"column-7\">5.148\"<\/td><td class=\"column-8\">5.356\"<\/td><td class=\"column-9\">4180 lbs<\/td><td class=\"column-10\">1.690 ft-lbs<\/td>\n<\/tr>\n<tr class=\"row-28\">\n\t<td class=\"column-1\">T01-00525EAA<\/td><td class=\"column-2\">External Gear<\/td><td class=\"column-3\">Standard<\/td><td class=\"column-4\">6.078\"<\/td><td class=\"column-5\">4.5\"<\/td><td class=\"column-6\">0.25\"<\/td><td class=\"column-7\">5.148\"<\/td><td class=\"column-8\">5.356\"<\/td><td class=\"column-9\">4180 lbs<\/td><td class=\"column-10\">1.690 ft-lbs<\/td>\n<\/tr>\n<tr class=\"row-29\">\n\t<td class=\"column-1\">T01-00575NAA<\/td><td class=\"column-2\">Internal Gear<\/td><td class=\"column-3\">Standard<\/td><td class=\"column-4\">6.5\"<\/td><td class=\"column-5\">4.922\"<\/td><td class=\"column-6\">0.25\"<\/td><td class=\"column-7\">5.648\"<\/td><td class=\"column-8\">5.856\"<\/td><td class=\"column-9\">5020 lbs<\/td><td class=\"column-10\">1.950 ft-lbs<\/td>\n<\/tr>\n<tr class=\"row-30\">\n\t<td class=\"column-1\">T01-00575PAA<\/td><td class=\"column-2\">Without Gear<\/td><td class=\"column-3\">Standard<\/td><td class=\"column-4\">6.5\"<\/td><td class=\"column-5\">5\"<\/td><td class=\"column-6\">0.25\"<\/td><td class=\"column-7\">5.648\"<\/td><td class=\"column-8\">5.856\"<\/td><td class=\"column-9\">5020 lbs<\/td><td class=\"column-10\">1.950 ft-lbs<\/td>\n<\/tr>\n<tr class=\"row-31\">\n\t<td class=\"column-1\">T01-00575EAA<\/td><td class=\"column-2\">External Gear<\/td><td class=\"column-3\">Standard<\/td><td class=\"column-4\">6.578\"<\/td><td class=\"column-5\">5\"<\/td><td class=\"column-6\">0.25\"<\/td><td class=\"column-7\">5.648\"<\/td><td class=\"column-8\">5.856\"<\/td><td class=\"column-9\">5020 lbs<\/td><td class=\"column-10\">1.950 ft-lbs<\/td>\n<\/tr>\n<tr class=\"row-32\">\n\t<td class=\"column-1\">T01-00625NAA<\/td><td class=\"column-2\">Internal Gear<\/td><td class=\"column-3\">Standard<\/td><td class=\"column-4\">7\"<\/td><td class=\"column-5\">5.422\"<\/td><td class=\"column-6\">0.25\"<\/td><td class=\"column-7\">6.148\"<\/td><td class=\"column-8\">6.356\"<\/td><td class=\"column-9\">5930 lbs<\/td><td class=\"column-10\">2.230 ft-lbs<\/td>\n<\/tr>\n<tr class=\"row-33\">\n\t<td class=\"column-1\">T01-00625PAA<\/td><td class=\"column-2\">Without Gear<\/td><td class=\"column-3\">Standard<\/td><td class=\"column-4\">7\"<\/td><td class=\"column-5\">5.5\"<\/td><td class=\"column-6\">0.25\"<\/td><td class=\"column-7\">6.148\"<\/td><td class=\"column-8\">6.356\"<\/td><td class=\"column-9\">5930 lbs<\/td><td class=\"column-10\">2.230 ft-lbs<\/td>\n<\/tr>\n<tr class=\"row-34\">\n\t<td class=\"column-1\">T01-00625EAA<\/td><td class=\"column-2\">External Gear<\/td><td class=\"column-3\">Standard<\/td><td class=\"column-4\">7.078\"<\/td><td class=\"column-5\">5.5\"<\/td><td class=\"column-6\">0.25\"<\/td><td class=\"column-7\">6.148\"<\/td><td class=\"column-8\">6.356\"<\/td><td class=\"column-9\">5930 lbs<\/td><td class=\"column-10\">2.230 ft-lbs<\/td>\n<\/tr>\n<tr class=\"row-35\">\n\t<td class=\"column-1\">T01-00675NAA<\/td><td class=\"column-2\">Internal Gear<\/td><td class=\"column-3\">Standard<\/td><td class=\"column-4\">7.5\"<\/td><td class=\"column-5\">5.922\"<\/td><td class=\"column-6\">0.25\"<\/td><td class=\"column-7\">6.648\"<\/td><td class=\"column-8\">6.856\"<\/td><td class=\"column-9\">6910 lbs<\/td><td class=\"column-10\">2.530 ft-lbs<\/td>\n<\/tr>\n<tr class=\"row-36\">\n\t<td class=\"column-1\">T01-00675PAA<\/td><td class=\"column-2\">Without Gear<\/td><td class=\"column-3\">Standard<\/td><td class=\"column-4\">7.5\"<\/td><td class=\"column-5\">6\"<\/td><td class=\"column-6\">0.25\"<\/td><td class=\"column-7\">6.648\"<\/td><td class=\"column-8\">6.856\"<\/td><td class=\"column-9\">6910 lbs<\/td><td class=\"column-10\">2.530 ft-lbs<\/td>\n<\/tr>\n<tr class=\"row-37\">\n\t<td class=\"column-1\">T01-00675EAA<\/td><td class=\"column-2\">External Gear<\/td><td class=\"column-3\">Standard<\/td><td class=\"column-4\">7.578\"<\/td><td class=\"column-5\">6\"<\/td><td class=\"column-6\">0.25\"<\/td><td class=\"column-7\">6.648\"<\/td><td class=\"column-8\">6.856\"<\/td><td class=\"column-9\">6910 lbs<\/td><td class=\"column-10\">2.530 ft-lbs<\/td>\n<\/tr>\n<\/tbody>\n<\/table>\n<!-- #tablepress-107 from cache -->\n","protected":false},"excerpt":{"rendered":"<p>Los rodamientos para plataformas giratorias RealiSlim tt, con sus exclusivos dise\u00f1os de pistas de rodadura en los anillos interior y exterior, pueden soportar cargas radiales, axiales y de momento a la vez. Pueden sustituir a dos rodamientos en muchas aplicaciones. Combinan las caracter\u00edsticas de los rodamientos de secci\u00f3n fina y los rodamientos giratorios.  <\/p>\n","protected":false},"featured_media":11543,"comment_status":"open","ping_status":"closed","template":"","meta":{"content-type":""},"product_cat":[372,358],"product_tag":[],"class_list":{"0":"post-11542","1":"product","2":"type-product","3":"status-publish","4":"has-post-thumbnail","6":"product_cat-kaydon-slewing-bearing-es","7":"product_cat-oemodm-es","9":"first","10":"instock","11":"shipping-taxable","12":"product-type-simple"},"yoast_head":"<!-- This site is optimized with the Yoast SEO plugin v21.7 - https:\/\/yoast.com\/wordpress\/plugins\/seo\/ -->\n<title>KAYDON RealiSlim TT Rodamientos para giradiscos<\/title>\n<meta name=\"description\" content=\"Rodamientos para plataformas giratorias RealiSlim TT Rodamientos para plataformas giratorias de secci\u00f3n fina dise\u00f1ados para aplicaciones exigentes. Secci\u00f3n transversal fina, construcci\u00f3n ligera,\" \/>\n<meta name=\"robots\" content=\"index, follow, max-snippet:-1, max-image-preview:large, max-video-preview:-1\" \/>\n<link rel=\"canonical\" href=\"https:\/\/slewingbearings.com\/product\/kaydon-realislim-tt-turntable-bearings\/\" \/>\n<meta property=\"og:locale\" content=\"es_ES\" \/>\n<meta property=\"og:type\" content=\"article\" \/>\n<meta property=\"og:title\" content=\"KAYDON RealiSlim TT Rodamientos para giradiscos\" \/>\n<meta property=\"og:description\" content=\"Rodamientos para plataformas giratorias RealiSlim TT Rodamientos para plataformas giratorias de secci\u00f3n fina dise\u00f1ados para aplicaciones exigentes. Secci\u00f3n transversal fina, construcci\u00f3n ligera,\" \/>\n<meta property=\"og:url\" content=\"https:\/\/slewingbearings.com\/product\/kaydon-realislim-tt-turntable-bearings\/\" \/>\n<meta property=\"og:site_name\" content=\"ZZ Group\" \/>\n<meta property=\"og:image\" content=\"https:\/\/slewingbearings.com\/wp-content\/uploads\/2025\/01\/KAYDON-RealiSlim-TT-Turntable-Bearings.webp\" \/>\n\t<meta property=\"og:image:width\" content=\"1050\" \/>\n\t<meta property=\"og:image:height\" content=\"849\" \/>\n\t<meta property=\"og:image:type\" content=\"image\/webp\" \/>\n<meta name=\"twitter:card\" content=\"summary_large_image\" \/>\n<meta name=\"twitter:label1\" content=\"Tiempo de lectura\" \/>\n\t<meta name=\"twitter:data1\" content=\"1 minuto\" \/>\n<script type=\"application\/ld+json\" class=\"yoast-schema-graph\">{\"@context\":\"https:\/\/schema.org\",\"@graph\":[{\"@type\":\"WebPage\",\"@id\":\"https:\/\/slewingbearings.com\/product\/kaydon-realislim-tt-turntable-bearings\/\",\"url\":\"https:\/\/slewingbearings.com\/product\/kaydon-realislim-tt-turntable-bearings\/\",\"name\":\"KAYDON RealiSlim TT Rodamientos para giradiscos\",\"isPartOf\":{\"@id\":\"https:\/\/slewingbearings.com\/#website\"},\"datePublished\":\"2025-01-21T07:51:03+00:00\",\"dateModified\":\"2025-01-21T07:51:03+00:00\",\"description\":\"Rodamientos para plataformas giratorias RealiSlim TT Rodamientos para plataformas giratorias de secci\u00f3n fina dise\u00f1ados para aplicaciones exigentes. Secci\u00f3n transversal fina, construcci\u00f3n ligera,\",\"breadcrumb\":{\"@id\":\"https:\/\/slewingbearings.com\/product\/kaydon-realislim-tt-turntable-bearings\/#breadcrumb\"},\"inLanguage\":\"es\",\"potentialAction\":[{\"@type\":\"ReadAction\",\"target\":[\"https:\/\/slewingbearings.com\/product\/kaydon-realislim-tt-turntable-bearings\/\"]}]},{\"@type\":\"BreadcrumbList\",\"@id\":\"https:\/\/slewingbearings.com\/product\/kaydon-realislim-tt-turntable-bearings\/#breadcrumb\",\"itemListElement\":[{\"@type\":\"ListItem\",\"position\":1,\"name\":\"Home\",\"item\":\"https:\/\/slewingbearings.com\/es\/rodamientogiratorio-accionamiento-giratorio\/\"},{\"@type\":\"ListItem\",\"position\":2,\"name\":\"Shop\",\"item\":\"https:\/\/slewingbearings.com\/shop\/\"},{\"@type\":\"ListItem\",\"position\":3,\"name\":\"KAYDON RealiSlim TT Rodamientos para giradiscos\"}]},{\"@type\":\"WebSite\",\"@id\":\"https:\/\/slewingbearings.com\/#website\",\"url\":\"https:\/\/slewingbearings.com\/\",\"name\":\"ZZ Group\",\"description\":\"Leading Slewing Bearings in China\",\"potentialAction\":[{\"@type\":\"SearchAction\",\"target\":{\"@type\":\"EntryPoint\",\"urlTemplate\":\"https:\/\/slewingbearings.com\/?s={search_term_string}\"},\"query-input\":\"required name=search_term_string\"}],\"inLanguage\":\"es\"}]}<\/script>\n<!-- \/ Yoast SEO plugin. -->","yoast_head_json":{"title":"KAYDON RealiSlim TT Rodamientos para giradiscos","description":"Rodamientos para plataformas giratorias RealiSlim TT Rodamientos para plataformas giratorias de secci\u00f3n fina dise\u00f1ados para aplicaciones exigentes. Secci\u00f3n transversal fina, construcci\u00f3n ligera,","robots":{"index":"index","follow":"follow","max-snippet":"max-snippet:-1","max-image-preview":"max-image-preview:large","max-video-preview":"max-video-preview:-1"},"canonical":"https:\/\/slewingbearings.com\/product\/kaydon-realislim-tt-turntable-bearings\/","og_locale":"es_ES","og_type":"article","og_title":"KAYDON RealiSlim TT Rodamientos para giradiscos","og_description":"Rodamientos para plataformas giratorias RealiSlim TT Rodamientos para plataformas giratorias de secci\u00f3n fina dise\u00f1ados para aplicaciones exigentes. Secci\u00f3n transversal fina, construcci\u00f3n ligera,","og_url":"https:\/\/slewingbearings.com\/product\/kaydon-realislim-tt-turntable-bearings\/","og_site_name":"ZZ Group","og_image":[{"width":1050,"height":849,"url":"https:\/\/slewingbearings.com\/wp-content\/uploads\/2025\/01\/KAYDON-RealiSlim-TT-Turntable-Bearings.webp","type":"image\/webp"}],"twitter_card":"summary_large_image","twitter_misc":{"Tiempo de lectura":"1 minuto"},"schema":{"@context":"https:\/\/schema.org","@graph":[{"@type":"WebPage","@id":"https:\/\/slewingbearings.com\/product\/kaydon-realislim-tt-turntable-bearings\/","url":"https:\/\/slewingbearings.com\/product\/kaydon-realislim-tt-turntable-bearings\/","name":"KAYDON RealiSlim TT Rodamientos para giradiscos","isPartOf":{"@id":"https:\/\/slewingbearings.com\/#website"},"datePublished":"2025-01-21T07:51:03+00:00","dateModified":"2025-01-21T07:51:03+00:00","description":"Rodamientos para plataformas giratorias RealiSlim TT Rodamientos para plataformas giratorias de secci\u00f3n fina dise\u00f1ados para aplicaciones exigentes. Secci\u00f3n transversal fina, construcci\u00f3n ligera,","breadcrumb":{"@id":"https:\/\/slewingbearings.com\/product\/kaydon-realislim-tt-turntable-bearings\/#breadcrumb"},"inLanguage":"es","potentialAction":[{"@type":"ReadAction","target":["https:\/\/slewingbearings.com\/product\/kaydon-realislim-tt-turntable-bearings\/"]}]},{"@type":"BreadcrumbList","@id":"https:\/\/slewingbearings.com\/product\/kaydon-realislim-tt-turntable-bearings\/#breadcrumb","itemListElement":[{"@type":"ListItem","position":1,"name":"Home","item":"https:\/\/slewingbearings.com\/es\/rodamientogiratorio-accionamiento-giratorio\/"},{"@type":"ListItem","position":2,"name":"Shop","item":"https:\/\/slewingbearings.com\/shop\/"},{"@type":"ListItem","position":3,"name":"KAYDON RealiSlim TT Rodamientos para giradiscos"}]},{"@type":"WebSite","@id":"https:\/\/slewingbearings.com\/#website","url":"https:\/\/slewingbearings.com\/","name":"ZZ Group","description":"Leading Slewing Bearings in China","potentialAction":[{"@type":"SearchAction","target":{"@type":"EntryPoint","urlTemplate":"https:\/\/slewingbearings.com\/?s={search_term_string}"},"query-input":"required name=search_term_string"}],"inLanguage":"es"}]}},"_links":{"self":[{"href":"https:\/\/slewingbearings.com\/es\/wp-json\/wp\/v2\/product\/11542","targetHints":{"allow":["GET"]}}],"collection":[{"href":"https:\/\/slewingbearings.com\/es\/wp-json\/wp\/v2\/product"}],"about":[{"href":"https:\/\/slewingbearings.com\/es\/wp-json\/wp\/v2\/types\/product"}],"replies":[{"embeddable":true,"href":"https:\/\/slewingbearings.com\/es\/wp-json\/wp\/v2\/comments?post=11542"}],"wp:featuredmedia":[{"embeddable":true,"href":"https:\/\/slewingbearings.com\/es\/wp-json\/wp\/v2\/media\/11543"}],"wp:attachment":[{"href":"https:\/\/slewingbearings.com\/es\/wp-json\/wp\/v2\/media?parent=11542"}],"wp:term":[{"taxonomy":"product_cat","embeddable":true,"href":"https:\/\/slewingbearings.com\/es\/wp-json\/wp\/v2\/product_cat?post=11542"},{"taxonomy":"product_tag","embeddable":true,"href":"https:\/\/slewingbearings.com\/es\/wp-json\/wp\/v2\/product_tag?post=11542"}],"curies":[{"name":"wp","href":"https:\/\/api.w.org\/{rel}","templated":true}]}}