{"id":12227,"date":"2024-01-21T02:14:22","date_gmt":"2024-01-21T02:14:22","guid":{"rendered":"https:\/\/slewingbearings.com\/product\/sea-17-schwenkantrieb-antrieb\/"},"modified":"2024-01-21T02:14:22","modified_gmt":"2024-01-21T02:14:22","slug":"sea-17-schwenkantrieb-antrieb","status":"publish","type":"product","link":"https:\/\/slewingbearings.com\/de\/product\/sea-17-schwenkantrieb-antrieb\/","title":{"rendered":"SEA-17 Schwenkantrieb Antrieb"},"content":{"rendered":"<p>Pr\u00e4zise Positionierung ist eine weitere wichtige Funktion von Schwenkantrieben Systemen . Mechanische Ausr\u00fcstung kann genau in a15&gt; in der erforderlichen Position durch Drehantrieb halten, wodurch verschiedene feine Arbeiten m\u00f6glich werden. Auf Baustellen k\u00f6nnen zum Beispiel die genaue Positionierung von Turmdrehkrane kann sicherstellen dass Baumaterialien genau platziert an der richtigen Stelle befindet a44&gt; genau platziert an der gew\u00fcnschten Stelle platziert werden, verbessert die Effizienz und Sicherheit des Bauwesens.  <\/p>\n<p>Flexibilit\u00e4t und Anpassungsf\u00e4higkeit sind die charakteristischen Merkmale von Schwenkantriebssystemen. Diese Technologie erm\u00f6glicht es mechanischen Ger\u00e4ten, sich an unterschiedliche Arbeitsumgebungen und Anforderungen anzupassen. In der Landwirtschaft sind Traktoren mit einem Schwenkantriebssystem ausgestattet, das eine Drehung der Kabine und der Arbeitsger\u00e4te erm\u00f6glicht, sodass Landwirte Feldarbeiten problemlos ausf\u00fchren k\u00f6nnen. In H\u00e4fen verwenden Kr\u00e4ne und Kaikr\u00e4ne Schwenkantriebssysteme, um sich in horizontaler Richtung zu drehen und so die Effizienz beim Be- und Entladen von Fracht zu verbessern.   <\/p>\n\n<table id=\"tablepress-28\" class=\"tablepress tablepress-id-28\">\n<thead>\n<tr class=\"row-1\">\n\t<th class=\"column-1\">Model<\/th><th class=\"column-2\">Output Torque<\/th><th class=\"column-3\">Tilting Moment Torque<\/th><th class=\"column-4\">Holding Torque<\/th><th class=\"column-5\">Gear Ratio<\/th><th class=\"column-6\">Tracking Precision<\/th><th class=\"column-7\">Weight<\/th><th class=\"column-8\">Drawing<\/th>\n<\/tr>\n<\/thead>\n<tbody class=\"row-striping row-hover\">\n<tr class=\"row-2\">\n\t<td class=\"column-1\">SEA17<\/td><td class=\"column-2\">10 KN.m<\/td><td class=\"column-3\">135.6 KN.m<\/td><td class=\"column-4\">58 KN.m<\/td><td class=\"column-5\">102:1<\/td><td class=\"column-6\">\u22640.17\u00b0<\/td><td class=\"column-7\">88kg<\/td><td class=\"column-8\"><a href=\"https:\/\/slewingbearings.com\/wp-content\/uploads\/2024\/01\/SEA17-Slew-Drive-catalog.pdf\"><br \/>\n<img decoding=\"async\" src=\"https:\/\/slewingbearings.com\/wp-content\/uploads\/2024\/01\/pdf.png\" width=\"30\" height=\"30\"><\/a><\/td>\n<\/tr>\n<tr class=\"row-3\">\n\t<td class=\"column-1\">SEA17<\/td><td class=\"column-2\">7400 lbf.ft<\/td><td class=\"column-3\">100\u00d710\u00b3 lbf.ft<\/td><td class=\"column-4\">42.8\u00d710\u00b3 lbf.ft<\/td><td class=\"column-5\">102:1<\/td><td class=\"column-6\">\u22640.17\u00b0<\/td><td class=\"column-7\">88kg<\/td><td class=\"column-8\"><a href=\"https:\/\/slewingbearings.com\/wp-content\/uploads\/2024\/01\/SEA17-Slew-Drive-catalog.pdf\"><br \/>\n<img decoding=\"async\" src=\"https:\/\/slewingbearings.com\/wp-content\/uploads\/2024\/01\/pdf.png\" width=\"30\" height=\"30\"><\/a><\/td>\n<\/tr>\n<tr class=\"row-4\">\n\t<td class=\"column-1\">PEA17<\/td><td class=\"column-2\">10 KN.m<\/td><td class=\"column-3\">135.6 KN.m<\/td><td class=\"column-4\">58 KN.m<\/td><td class=\"column-5\">102:1<\/td><td class=\"column-6\">\u22640.09\u00b0<\/td><td class=\"column-7\">88kg<\/td><td class=\"column-8\"><a href=\"https:\/\/slewingbearings.com\/wp-content\/uploads\/2024\/01\/SEA17-Slew-Drive-catalog.pdf\"><br \/>\n<img decoding=\"async\" src=\"https:\/\/slewingbearings.com\/wp-content\/uploads\/2024\/01\/pdf.png\" width=\"30\" height=\"30\"><\/a><\/td>\n<\/tr>\n<tr class=\"row-5\">\n\t<td class=\"column-1\">PEA17<\/td><td class=\"column-2\">7400 lbf.ft<\/td><td class=\"column-3\">100\u00d710\u00b3 lbf.ft<\/td><td class=\"column-4\">42.8\u00d710\u00b3 lbf.ft<\/td><td class=\"column-5\">102:1<\/td><td class=\"column-6\">\u22640.09\u00b0<\/td><td class=\"column-7\">88kg<\/td><td class=\"column-8\"><a href=\"https:\/\/slewingbearings.com\/wp-content\/uploads\/2024\/01\/SEA17-Slew-Drive-catalog.pdf\"><br \/>\n<img decoding=\"async\" src=\"https:\/\/slewingbearings.com\/wp-content\/uploads\/2024\/01\/pdf.png\" width=\"30\" height=\"30\"><\/a><\/td>\n<\/tr>\n<\/tbody>\n<\/table>\n<!-- #tablepress-28 from cache -->\n","protected":false},"excerpt":{"rendered":"<p>Das vollst\u00e4ndig gekapselte Design des Schwenkantriebs der SEA-Serie verbessert die Haltbarkeit des Systems und sch\u00fctzt wichtige Komponenten wirksam vor \u00e4u\u00dferen Einfl\u00fcssen. Solche mechanischen Systeme werden h\u00e4ufig in den Bereichen Bauwesen, Bergbau, Landwirtschaft, H\u00e4fen und Fertigung eingesetzt und bieten eine starke Unterst\u00fctzung f\u00fcr mechanisierte Arbeitsabl\u00e4ufe. Gleichzeitig spielt der Drehantrieb eine wichtige Rolle bei der Verbesserung der Arbeitseffizienz und der Anpassung an unterschiedliche Arbeitsanforderungen, indem er die Effizienz steigert, Platz spart und den Arbeitsbereich vergr\u00f6\u00dfert.  <\/p>\n","protected":false},"featured_media":6187,"comment_status":"open","ping_status":"closed","template":"","meta":{"content-type":""},"product_cat":[611,326],"product_tag":[1033],"class_list":{"0":"post-12227","1":"product","2":"type-product","3":"status-publish","4":"has-post-thumbnail","6":"product_cat-sea-pea-schwenkantrieb","7":"product_cat-slew-drive-de","8":"product_tag-sea17-schwenkantrieb-antrieb","10":"first","11":"instock","12":"shipping-taxable","13":"product-type-simple"},"yoast_head":"<!-- This site is optimized with the Yoast SEO plugin v21.7 - https:\/\/yoast.com\/wordpress\/plugins\/seo\/ -->\n<title>SEA-17 Schwenkantrieb Antrieb - ZZ Group<\/title>\n<meta name=\"description\" content=\"Ein Sea17-Schwenkantrieb ist ein technisches Ger\u00e4t, das in der Regel dazu dient, ein Objekt oder System in horizontaler oder vertikaler Richtung zu drehen.\" \/>\n<meta name=\"robots\" content=\"index, follow, max-snippet:-1, max-image-preview:large, max-video-preview:-1\" \/>\n<link rel=\"canonical\" href=\"https:\/\/slewingbearings.com\/de\/product\/sea-17-schwenkantrieb-antrieb\/\" \/>\n<meta property=\"og:locale\" content=\"de_DE\" \/>\n<meta property=\"og:type\" content=\"article\" \/>\n<meta property=\"og:title\" content=\"SEA-17 Schwenkantrieb Antrieb - ZZ Group\" \/>\n<meta property=\"og:description\" content=\"Ein Sea17-Schwenkantrieb ist ein technisches Ger\u00e4t, das in der Regel dazu dient, ein Objekt oder System in horizontaler oder vertikaler Richtung zu drehen.\" \/>\n<meta property=\"og:url\" content=\"https:\/\/slewingbearings.com\/de\/product\/sea-17-schwenkantrieb-antrieb\/\" \/>\n<meta property=\"og:site_name\" content=\"ZZ Group\" \/>\n<meta property=\"og:image\" content=\"https:\/\/slewingbearings.com\/wp-content\/uploads\/2024\/01\/sea17-slew-drive.jpg\" \/>\n\t<meta property=\"og:image:width\" content=\"500\" \/>\n\t<meta property=\"og:image:height\" content=\"500\" \/>\n\t<meta property=\"og:image:type\" content=\"image\/jpeg\" \/>\n<meta name=\"twitter:card\" content=\"summary_large_image\" \/>\n<meta name=\"twitter:label1\" content=\"Gesch\u00e4tzte Lesezeit\" \/>\n\t<meta name=\"twitter:data1\" content=\"1\u00a0Minute\" \/>\n<script type=\"application\/ld+json\" class=\"yoast-schema-graph\">{\"@context\":\"https:\/\/schema.org\",\"@graph\":[{\"@type\":\"WebPage\",\"@id\":\"https:\/\/slewingbearings.com\/de\/product\/sea-17-schwenkantrieb-antrieb\/\",\"url\":\"https:\/\/slewingbearings.com\/de\/product\/sea-17-schwenkantrieb-antrieb\/\",\"name\":\"SEA-17 Schwenkantrieb Antrieb - ZZ Group\",\"isPartOf\":{\"@id\":\"https:\/\/slewingbearings.com\/#website\"},\"datePublished\":\"2024-01-21T02:14:22+00:00\",\"dateModified\":\"2024-01-21T02:14:22+00:00\",\"description\":\"Ein Sea17-Schwenkantrieb ist ein technisches Ger\u00e4t, das in der Regel dazu dient, ein Objekt oder System in horizontaler oder vertikaler Richtung zu drehen.\",\"breadcrumb\":{\"@id\":\"https:\/\/slewingbearings.com\/de\/product\/sea-17-schwenkantrieb-antrieb\/#breadcrumb\"},\"inLanguage\":\"de\",\"potentialAction\":[{\"@type\":\"ReadAction\",\"target\":[\"https:\/\/slewingbearings.com\/de\/product\/sea-17-schwenkantrieb-antrieb\/\"]}]},{\"@type\":\"BreadcrumbList\",\"@id\":\"https:\/\/slewingbearings.com\/de\/product\/sea-17-schwenkantrieb-antrieb\/#breadcrumb\",\"itemListElement\":[{\"@type\":\"ListItem\",\"position\":1,\"name\":\"Home\",\"item\":\"https:\/\/slewingbearings.com\/de\/grosswaelzlager-grosswaelzlagerantrieb\/\"},{\"@type\":\"ListItem\",\"position\":2,\"name\":\"Shop\",\"item\":\"https:\/\/slewingbearings.com\/shop\/\"},{\"@type\":\"ListItem\",\"position\":3,\"name\":\"SEA-17 Schwenkantrieb Antrieb\"}]},{\"@type\":\"WebSite\",\"@id\":\"https:\/\/slewingbearings.com\/#website\",\"url\":\"https:\/\/slewingbearings.com\/\",\"name\":\"ZZ Group\",\"description\":\"Leading Slewing Bearings in China\",\"potentialAction\":[{\"@type\":\"SearchAction\",\"target\":{\"@type\":\"EntryPoint\",\"urlTemplate\":\"https:\/\/slewingbearings.com\/?s={search_term_string}\"},\"query-input\":\"required name=search_term_string\"}],\"inLanguage\":\"de\"}]}<\/script>\n<!-- \/ Yoast SEO plugin. -->","yoast_head_json":{"title":"SEA-17 Schwenkantrieb Antrieb - ZZ Group","description":"Ein Sea17-Schwenkantrieb ist ein technisches Ger\u00e4t, das in der Regel dazu dient, ein Objekt oder System in horizontaler oder vertikaler Richtung zu drehen.","robots":{"index":"index","follow":"follow","max-snippet":"max-snippet:-1","max-image-preview":"max-image-preview:large","max-video-preview":"max-video-preview:-1"},"canonical":"https:\/\/slewingbearings.com\/de\/product\/sea-17-schwenkantrieb-antrieb\/","og_locale":"de_DE","og_type":"article","og_title":"SEA-17 Schwenkantrieb Antrieb - ZZ Group","og_description":"Ein Sea17-Schwenkantrieb ist ein technisches Ger\u00e4t, das in der Regel dazu dient, ein Objekt oder System in horizontaler oder vertikaler Richtung zu drehen.","og_url":"https:\/\/slewingbearings.com\/de\/product\/sea-17-schwenkantrieb-antrieb\/","og_site_name":"ZZ Group","og_image":[{"width":500,"height":500,"url":"https:\/\/slewingbearings.com\/wp-content\/uploads\/2024\/01\/sea17-slew-drive.jpg","type":"image\/jpeg"}],"twitter_card":"summary_large_image","twitter_misc":{"Gesch\u00e4tzte Lesezeit":"1\u00a0Minute"},"schema":{"@context":"https:\/\/schema.org","@graph":[{"@type":"WebPage","@id":"https:\/\/slewingbearings.com\/de\/product\/sea-17-schwenkantrieb-antrieb\/","url":"https:\/\/slewingbearings.com\/de\/product\/sea-17-schwenkantrieb-antrieb\/","name":"SEA-17 Schwenkantrieb Antrieb - ZZ Group","isPartOf":{"@id":"https:\/\/slewingbearings.com\/#website"},"datePublished":"2024-01-21T02:14:22+00:00","dateModified":"2024-01-21T02:14:22+00:00","description":"Ein Sea17-Schwenkantrieb ist ein technisches Ger\u00e4t, das in der Regel dazu dient, ein Objekt oder System in horizontaler oder vertikaler Richtung zu drehen.","breadcrumb":{"@id":"https:\/\/slewingbearings.com\/de\/product\/sea-17-schwenkantrieb-antrieb\/#breadcrumb"},"inLanguage":"de","potentialAction":[{"@type":"ReadAction","target":["https:\/\/slewingbearings.com\/de\/product\/sea-17-schwenkantrieb-antrieb\/"]}]},{"@type":"BreadcrumbList","@id":"https:\/\/slewingbearings.com\/de\/product\/sea-17-schwenkantrieb-antrieb\/#breadcrumb","itemListElement":[{"@type":"ListItem","position":1,"name":"Home","item":"https:\/\/slewingbearings.com\/de\/grosswaelzlager-grosswaelzlagerantrieb\/"},{"@type":"ListItem","position":2,"name":"Shop","item":"https:\/\/slewingbearings.com\/shop\/"},{"@type":"ListItem","position":3,"name":"SEA-17 Schwenkantrieb Antrieb"}]},{"@type":"WebSite","@id":"https:\/\/slewingbearings.com\/#website","url":"https:\/\/slewingbearings.com\/","name":"ZZ Group","description":"Leading Slewing Bearings in China","potentialAction":[{"@type":"SearchAction","target":{"@type":"EntryPoint","urlTemplate":"https:\/\/slewingbearings.com\/?s={search_term_string}"},"query-input":"required name=search_term_string"}],"inLanguage":"de"}]}},"_links":{"self":[{"href":"https:\/\/slewingbearings.com\/de\/wp-json\/wp\/v2\/product\/12227","targetHints":{"allow":["GET"]}}],"collection":[{"href":"https:\/\/slewingbearings.com\/de\/wp-json\/wp\/v2\/product"}],"about":[{"href":"https:\/\/slewingbearings.com\/de\/wp-json\/wp\/v2\/types\/product"}],"replies":[{"embeddable":true,"href":"https:\/\/slewingbearings.com\/de\/wp-json\/wp\/v2\/comments?post=12227"}],"wp:featuredmedia":[{"embeddable":true,"href":"https:\/\/slewingbearings.com\/de\/wp-json\/wp\/v2\/media\/6187"}],"wp:attachment":[{"href":"https:\/\/slewingbearings.com\/de\/wp-json\/wp\/v2\/media?parent=12227"}],"wp:term":[{"taxonomy":"product_cat","embeddable":true,"href":"https:\/\/slewingbearings.com\/de\/wp-json\/wp\/v2\/product_cat?post=12227"},{"taxonomy":"product_tag","embeddable":true,"href":"https:\/\/slewingbearings.com\/de\/wp-json\/wp\/v2\/product_tag?post=12227"}],"curies":[{"name":"wp","href":"https:\/\/api.w.org\/{rel}","templated":true}]}}