{"id":12220,"date":"2025-08-18T03:33:31","date_gmt":"2025-08-18T03:33:31","guid":{"rendered":"https:\/\/slewingbearings.com\/product\/zz-doppelreihige-kugellager-und-dreireihige-rollenlager-drehlager-lager\/"},"modified":"2025-08-18T03:33:31","modified_gmt":"2025-08-18T03:33:31","slug":"zz-doppelreihige-kugellager-und-dreireihige-rollenlager-drehlager-lager","status":"publish","type":"product","link":"https:\/\/slewingbearings.com\/de\/product\/zz-doppelreihige-kugellager-und-dreireihige-rollenlager-drehlager-lager\/","title":{"rendered":"ZZ Doppelreihige Kugellager und dreireihige Rollenlager Drehlager Lager"},"content":{"rendered":"<p>ZZs <strong><a href=\"https:\/\/slewingbearings.com\/product\/double-volley-ball-slewing-bearing\/\">doppelte Reihe Kugel<\/a><\/strong> und <strong><a href=\"https:\/\/slewingbearings.com\/product\/three-rows-of-roller-slewing-bearings\/\">drei Reihen Rollen Schwenk Lager<\/a><\/strong> bieten zuverl\u00e4ssige Leistung f\u00fcr schwere Bau- und Industriemaschinen sicherstellen. Ingenieure verwenden diese Lager in Bagger, Kr\u00e4nen, Betonpumpen und Hubarbeitsb\u00fchnen f\u00fcr Arbeiten in der H\u00f6he ein. Sie gew\u00e4hrleisten eine reibungslose Drehung und tragen hohe Lasten.  <\/p>\n<p>Die zweireihigen Kugeldrehverbindungen verwenden zwei Reihen hochfester Kugeln auf pr\u00e4zisionsgefertigten Laufbahnen. Diese Konstruktion bew\u00e4ltigt sowohl axiale als auch radiale Belastungen effizient. Au\u00dferdem sorgt sie f\u00fcr eine stabile Drehung von Drehtischen, Plattformen und Drehtischen. Die dreireihigen Rollenlager verf\u00fcgen \u00fcber drei Reihen von Rollen. Sie verteilen radiale, axiale und Kippmomentbelastungen gleichm\u00e4\u00dfig. Dadurch eignen sich diese Lager hervorragend f\u00fcr anspruchsvollste Anwendungen.     <\/p>\n<p>ZZ fertigt jedes Lager aus geh\u00e4rtetem, hochwertigem Stahl. Die Ingenieure wenden eine fortschrittliche W\u00e4rmebehandlung an, um die Verschlei\u00dffestigkeit zu verbessern. Die Lager sind au\u00dferdem mit Dichtungen ausgestattet, die das Eindringen von Staub, Schmutz und Feuchtigkeit verhindern. Diese Eigenschaften reduzieren den Wartungsaufwand und verl\u00e4ngern die Lebensdauer. Dar\u00fcber hinaus bietet ZZ mehrere Gr\u00f6\u00dfen und Spezifikationen an. Diese Flexibilit\u00e4t eignet sich f\u00fcr eine Vielzahl von Maschinen, von kleinen Baggern bis hin zu gro\u00dfen Kr\u00e4nen.     <\/p>\n<p>Kunden vertrauen auf ZZ aufgrund seines Engagements f\u00fcr Qualit\u00e4t und Pr\u00e4zision. Jedes Lager wird strengen Tests unterzogen, um seine Leistungsf\u00e4higkeit unter dynamischen und hohen Belastungen sicherzustellen. Dadurch profitieren Anwender von einer gleichm\u00e4\u00dfigen Drehung, h\u00f6herer Effizienz und weniger Ausfallzeiten. Dar\u00fcber hinaus garantieren die robuste Konstruktion und die pr\u00e4zise Technik eine lange Lebensdauer.   <\/p>\n<p>ZZ-Drehlager verbinden Zuverl\u00e4ssigkeit und Sicherheit. Beispielsweise sorgen diese Lager bei Kranen und Betonpumpen f\u00fcr Stabilit\u00e4t w\u00e4hrend des Betriebs. Au\u00dferdem verbessern sie die Produktivit\u00e4t der Maschinen, indem sie extreme Belastungen ohne Ausf\u00e4lle bew\u00e4ltigen. Kurz gesagt: Die Entscheidung f\u00fcr ZZ-Lager gew\u00e4hrleistet einen effizienten Betrieb Ihrer Maschinen. Die Betreiber profitieren von reduziertem Wartungsaufwand, h\u00f6herer Sicherheit und verbesserter Leistung.    <\/p>\n<p>Zusammenfassend l\u00e4sst sich sagen, dass die zweireihigen Kugellager und dreireihigen Rollenlager von ZZ in Baumaschinen Spitzenleistungen erbringen. Sie halten hohen Belastungen stand, drehen sich reibungslos und haben eine l\u00e4ngere Lebensdauer. Mit ZZ erhalten Hersteller und Betreiber hochwertige Lager, die die Betriebseffizienz, Stabilit\u00e4t und Sicherheit optimieren.  <\/p>\n","protected":false},"excerpt":{"rendered":"<p>ZZ-Doppelreihige Kugeldrehverbindungen und dreireihige Rollen-Drehverbindungen sind f\u00fcr Schwerlastanwendungen in Bau- und Industriemaschinen ausgelegt. Die doppelreihigen Kugellager verf\u00fcgen \u00fcber pr\u00e4zisionsgefertigte Stahlringe und hochfeste Kugeln und bieten eine hervorragende axiale und radiale Belastbarkeit f\u00fcr Drehtische, Drehscheiben und Plattformen. Dreireihige Rollen-Drehlager verf\u00fcgen \u00fcber drei Reihen von Rollen und unterst\u00fctzen effizient kombinierte Radial-, Axial- und Kippmomentbelastungen in anspruchsvollen Umgebungen. Beide Lagertypen sind f\u00fcr Bagger, Kr\u00e4ne, Betonpumpen, Hubarbeitsb\u00fchnen und andere Baumaschinen konzipiert und gew\u00e4hrleisten eine reibungslose Drehung, hohe Haltbarkeit und geringen Wartungsaufwand.   <\/p>\n","protected":false},"featured_media":12189,"comment_status":"open","ping_status":"closed","template":"","meta":{"content-type":""},"product_cat":[347,339],"product_tag":[1016,1018,1017],"class_list":{"0":"post-12220","1":"product","2":"type-product","3":"status-publish","4":"has-post-thumbnail","6":"product_cat-oem-series-de","7":"product_cat-slewing-bearing-de","8":"product_tag-dreireihiges-rollenlager","9":"product_tag-kran-drehbar-lager","10":"product_tag-lager-fur-schwermaschinen","12":"first","13":"instock","14":"shipping-taxable","15":"product-type-simple"},"yoast_head":"<!-- This site is optimized with the Yoast SEO plugin v21.7 - https:\/\/yoast.com\/wordpress\/plugins\/seo\/ -->\n<title>ZZ Group<\/title>\n<meta name=\"description\" content=\"ZZ doppelte Reihe Kugeln und drei Reihen Rollen Dreh Lager bieten hohe Belastbarkeit Kapazit\u00e4t, reibungslose Drehung, und langlebige Leistung f\u00fcr Bagger,\" \/>\n<meta name=\"robots\" content=\"index, follow, max-snippet:-1, max-image-preview:large, max-video-preview:-1\" \/>\n<link rel=\"canonical\" href=\"https:\/\/slewingbearings.com\/de\/product\/zz-doppelreihige-kugellager-und-dreireihige-rollenlager-drehlager-lager\/\" \/>\n<meta property=\"og:locale\" content=\"de_DE\" \/>\n<meta property=\"og:type\" content=\"article\" \/>\n<meta property=\"og:description\" content=\"ZZ doppelte Reihe Kugeln und drei Reihen Rollen Dreh Lager bieten hohe Belastbarkeit Kapazit\u00e4t, reibungslose Drehung, und langlebige Leistung f\u00fcr Bagger,\" \/>\n<meta property=\"og:url\" content=\"https:\/\/slewingbearings.com\/de\/product\/zz-doppelreihige-kugellager-und-dreireihige-rollenlager-drehlager-lager\/\" \/>\n<meta property=\"og:site_name\" content=\"ZZ Group\" \/>\n<meta property=\"og:image\" content=\"https:\/\/slewingbearings.com\/wp-content\/uploads\/2025\/08\/ZZ-Slewing-Bearing.webp\" \/>\n\t<meta property=\"og:image:width\" content=\"950\" \/>\n\t<meta property=\"og:image:height\" content=\"950\" \/>\n\t<meta property=\"og:image:type\" content=\"image\/webp\" \/>\n<meta name=\"twitter:card\" content=\"summary_large_image\" \/>\n<meta name=\"twitter:label1\" content=\"Gesch\u00e4tzte Lesezeit\" \/>\n\t<meta name=\"twitter:data1\" content=\"2\u00a0Minuten\" \/>\n<script type=\"application\/ld+json\" class=\"yoast-schema-graph\">{\"@context\":\"https:\/\/schema.org\",\"@graph\":[{\"@type\":\"WebPage\",\"@id\":\"https:\/\/slewingbearings.com\/de\/product\/zz-doppelreihige-kugellager-und-dreireihige-rollenlager-drehlager-lager\/\",\"url\":\"https:\/\/slewingbearings.com\/de\/product\/zz-doppelreihige-kugellager-und-dreireihige-rollenlager-drehlager-lager\/\",\"name\":\"\",\"isPartOf\":{\"@id\":\"https:\/\/slewingbearings.com\/#website\"},\"datePublished\":\"2025-08-18T03:33:31+00:00\",\"dateModified\":\"2025-08-18T03:33:31+00:00\",\"description\":\"ZZ doppelte Reihe Kugeln und drei Reihen Rollen Dreh Lager bieten hohe Belastbarkeit Kapazit\u00e4t, reibungslose Drehung, und langlebige Leistung f\u00fcr Bagger,\",\"breadcrumb\":{\"@id\":\"https:\/\/slewingbearings.com\/de\/product\/zz-doppelreihige-kugellager-und-dreireihige-rollenlager-drehlager-lager\/#breadcrumb\"},\"inLanguage\":\"de\",\"potentialAction\":[{\"@type\":\"ReadAction\",\"target\":[\"https:\/\/slewingbearings.com\/de\/product\/zz-doppelreihige-kugellager-und-dreireihige-rollenlager-drehlager-lager\/\"]}]},{\"@type\":\"BreadcrumbList\",\"@id\":\"https:\/\/slewingbearings.com\/de\/product\/zz-doppelreihige-kugellager-und-dreireihige-rollenlager-drehlager-lager\/#breadcrumb\",\"itemListElement\":[{\"@type\":\"ListItem\",\"position\":1,\"name\":\"Home\",\"item\":\"https:\/\/slewingbearings.com\/de\/grosswaelzlager-grosswaelzlagerantrieb\/\"},{\"@type\":\"ListItem\",\"position\":2,\"name\":\"Shop\",\"item\":\"https:\/\/slewingbearings.com\/shop\/\"},{\"@type\":\"ListItem\",\"position\":3,\"name\":\"ZZ Doppelreihige Kugellager und dreireihige Rollenlager Drehlager Lager\"}]},{\"@type\":\"WebSite\",\"@id\":\"https:\/\/slewingbearings.com\/#website\",\"url\":\"https:\/\/slewingbearings.com\/\",\"name\":\"ZZ Group\",\"description\":\"Leading Slewing Bearings in China\",\"potentialAction\":[{\"@type\":\"SearchAction\",\"target\":{\"@type\":\"EntryPoint\",\"urlTemplate\":\"https:\/\/slewingbearings.com\/?s={search_term_string}\"},\"query-input\":\"required name=search_term_string\"}],\"inLanguage\":\"de\"}]}<\/script>\n<!-- \/ Yoast SEO plugin. -->","yoast_head_json":{"title":"ZZ Group","description":"ZZ doppelte Reihe Kugeln und drei Reihen Rollen Dreh Lager bieten hohe Belastbarkeit Kapazit\u00e4t, reibungslose Drehung, und langlebige Leistung f\u00fcr Bagger,","robots":{"index":"index","follow":"follow","max-snippet":"max-snippet:-1","max-image-preview":"max-image-preview:large","max-video-preview":"max-video-preview:-1"},"canonical":"https:\/\/slewingbearings.com\/de\/product\/zz-doppelreihige-kugellager-und-dreireihige-rollenlager-drehlager-lager\/","og_locale":"de_DE","og_type":"article","og_description":"ZZ doppelte Reihe Kugeln und drei Reihen Rollen Dreh Lager bieten hohe Belastbarkeit Kapazit\u00e4t, reibungslose Drehung, und langlebige Leistung f\u00fcr Bagger,","og_url":"https:\/\/slewingbearings.com\/de\/product\/zz-doppelreihige-kugellager-und-dreireihige-rollenlager-drehlager-lager\/","og_site_name":"ZZ Group","og_image":[{"width":950,"height":950,"url":"https:\/\/slewingbearings.com\/wp-content\/uploads\/2025\/08\/ZZ-Slewing-Bearing.webp","type":"image\/webp"}],"twitter_card":"summary_large_image","twitter_misc":{"Gesch\u00e4tzte Lesezeit":"2\u00a0Minuten"},"schema":{"@context":"https:\/\/schema.org","@graph":[{"@type":"WebPage","@id":"https:\/\/slewingbearings.com\/de\/product\/zz-doppelreihige-kugellager-und-dreireihige-rollenlager-drehlager-lager\/","url":"https:\/\/slewingbearings.com\/de\/product\/zz-doppelreihige-kugellager-und-dreireihige-rollenlager-drehlager-lager\/","name":"","isPartOf":{"@id":"https:\/\/slewingbearings.com\/#website"},"datePublished":"2025-08-18T03:33:31+00:00","dateModified":"2025-08-18T03:33:31+00:00","description":"ZZ doppelte Reihe Kugeln und drei Reihen Rollen Dreh Lager bieten hohe Belastbarkeit Kapazit\u00e4t, reibungslose Drehung, und langlebige Leistung f\u00fcr Bagger,","breadcrumb":{"@id":"https:\/\/slewingbearings.com\/de\/product\/zz-doppelreihige-kugellager-und-dreireihige-rollenlager-drehlager-lager\/#breadcrumb"},"inLanguage":"de","potentialAction":[{"@type":"ReadAction","target":["https:\/\/slewingbearings.com\/de\/product\/zz-doppelreihige-kugellager-und-dreireihige-rollenlager-drehlager-lager\/"]}]},{"@type":"BreadcrumbList","@id":"https:\/\/slewingbearings.com\/de\/product\/zz-doppelreihige-kugellager-und-dreireihige-rollenlager-drehlager-lager\/#breadcrumb","itemListElement":[{"@type":"ListItem","position":1,"name":"Home","item":"https:\/\/slewingbearings.com\/de\/grosswaelzlager-grosswaelzlagerantrieb\/"},{"@type":"ListItem","position":2,"name":"Shop","item":"https:\/\/slewingbearings.com\/shop\/"},{"@type":"ListItem","position":3,"name":"ZZ Doppelreihige Kugellager und dreireihige Rollenlager Drehlager Lager"}]},{"@type":"WebSite","@id":"https:\/\/slewingbearings.com\/#website","url":"https:\/\/slewingbearings.com\/","name":"ZZ Group","description":"Leading Slewing Bearings in China","potentialAction":[{"@type":"SearchAction","target":{"@type":"EntryPoint","urlTemplate":"https:\/\/slewingbearings.com\/?s={search_term_string}"},"query-input":"required name=search_term_string"}],"inLanguage":"de"}]}},"_links":{"self":[{"href":"https:\/\/slewingbearings.com\/de\/wp-json\/wp\/v2\/product\/12220","targetHints":{"allow":["GET"]}}],"collection":[{"href":"https:\/\/slewingbearings.com\/de\/wp-json\/wp\/v2\/product"}],"about":[{"href":"https:\/\/slewingbearings.com\/de\/wp-json\/wp\/v2\/types\/product"}],"replies":[{"embeddable":true,"href":"https:\/\/slewingbearings.com\/de\/wp-json\/wp\/v2\/comments?post=12220"}],"wp:featuredmedia":[{"embeddable":true,"href":"https:\/\/slewingbearings.com\/de\/wp-json\/wp\/v2\/media\/12189"}],"wp:attachment":[{"href":"https:\/\/slewingbearings.com\/de\/wp-json\/wp\/v2\/media?parent=12220"}],"wp:term":[{"taxonomy":"product_cat","embeddable":true,"href":"https:\/\/slewingbearings.com\/de\/wp-json\/wp\/v2\/product_cat?post=12220"},{"taxonomy":"product_tag","embeddable":true,"href":"https:\/\/slewingbearings.com\/de\/wp-json\/wp\/v2\/product_tag?post=12220"}],"curies":[{"name":"wp","href":"https:\/\/api.w.org\/{rel}","templated":true}]}}