{"id":11985,"date":"2024-01-21T02:30:40","date_gmt":"2024-01-21T02:30:40","guid":{"rendered":"https:\/\/slewingbearings.com\/product\/sea-25-schwenktrieb\/"},"modified":"2024-01-21T02:30:40","modified_gmt":"2024-01-21T02:30:40","slug":"sea-25-schwenktrieb","status":"publish","type":"product","link":"https:\/\/slewingbearings.com\/de\/product\/sea-25-schwenktrieb\/","title":{"rendered":"SEA-25 Schwenktrieb"},"content":{"rendered":"<p>Die vollst\u00e4ndig geschlossene Konstruktion ist ein wichtiges Merkmal des Drehantriebssystems. Sie sch\u00fctzt wichtige Komponenten, verringert den Verschlei\u00df und die Korrosion von Bauteilen und erh\u00f6ht die Lebensdauer des Systems. Dies wirkt sich positiv auf die Zuverl\u00e4ssigkeit und Haltbarkeit der Ger\u00e4te in verschiedenen rauen Umgebungen aus.  <\/p>\n<p>Schwenksysteme finden auch in der Automobilherstellung und -montage sowie bei der Erzeugung von Wind- und Solarenergie wichtige Anwendung. In der Automobilherstellung unterst\u00fctzen sie die Drehung von Arbeitsplattformen an Montagelinien und erleichtern den Arbeitern den Zugang und die Montage von Autoteilen. Im Bereich der erneuerbaren Energien ist der erfolgreiche Betrieb von Windturbinen und Solar-Nachf\u00fchrsystemen untrennbar mit der Unterst\u00fctzung von Drehantrieben verbunden.  <\/p>\n<p>Insgesamt bieten Schwenkantriebe durch ihre einzigartigen Funktionen und Merkmale eine \u00fcberragende Flexibilit\u00e4t, Anpassungsf\u00e4higkeit und Leistung f\u00fcr Maschinen und Anlagen in einer Vielzahl von Branchen. Sie verbessern nicht nur die Produktionseffizienz, sondern verleihen der industriellen Automatisierung und modernen Produktionsprozessen auch eine starke Leistung. <\/p>\n\n<table id=\"tablepress-30\" class=\"tablepress tablepress-id-30\">\n<thead>\n<tr class=\"row-1\">\n\t<th class=\"column-1\">Model<\/th><th class=\"column-2\">Output Torque<\/th><th class=\"column-3\">Tilting Moment Torque<\/th><th class=\"column-4\">Holding Torque<\/th><th class=\"column-5\">Gear Ratio<\/th><th class=\"column-6\">Tracking Precision<\/th><th class=\"column-7\">Weight<\/th><th class=\"column-8\">Drawing<\/th>\n<\/tr>\n<\/thead>\n<tbody class=\"row-striping row-hover\">\n<tr class=\"row-2\">\n\t<td class=\"column-1\">SEA25<\/td><td class=\"column-2\">18 KN.m<\/td><td class=\"column-3\">270 KN.m<\/td><td class=\"column-4\">84.5 KN.m<\/td><td class=\"column-5\">150:1<\/td><td class=\"column-6\">\u22640.17\u00b0<\/td><td class=\"column-7\">165kg<\/td><td class=\"column-8\"><a href=\"https:\/\/slewingbearings.com\/wp-content\/uploads\/2024\/01\/SEA25-Slew-Drive-catalog.pdf\"><br \/>\n<img decoding=\"async\" src=\"https:\/\/slewingbearings.com\/wp-content\/uploads\/2024\/01\/pdf.png\" width=\"30\" height=\"30\"><\/a><\/td>\n<\/tr>\n<tr class=\"row-3\">\n\t<td class=\"column-1\">SEA25<\/td><td class=\"column-2\">13300 lbf.ft<\/td><td class=\"column-3\">200\u00d710\u00b3 lbf.ft<\/td><td class=\"column-4\">62.4\u00d710\u00b3 lbf.ft<\/td><td class=\"column-5\">150:1<\/td><td class=\"column-6\">\u22640.17\u00b0<\/td><td class=\"column-7\">105kg<\/td><td class=\"column-8\"><a href=\"https:\/\/slewingbearings.com\/wp-content\/uploads\/2024\/01\/SEA25-Slew-Drive-catalog.pdf\"><br \/>\n<img decoding=\"async\" src=\"https:\/\/slewingbearings.com\/wp-content\/uploads\/2024\/01\/pdf.png\" width=\"30\" height=\"30\"><\/a><\/td>\n<\/tr>\n<tr class=\"row-4\">\n\t<td class=\"column-1\">PEA25<\/td><td class=\"column-2\">18 KN.m<\/td><td class=\"column-3\">270 KN.m<\/td><td class=\"column-4\">84.5 KN.m<\/td><td class=\"column-5\">150:1<\/td><td class=\"column-6\">\u22640.09\u00b0<\/td><td class=\"column-7\">165kg<\/td><td class=\"column-8\"><a href=\"https:\/\/slewingbearings.com\/wp-content\/uploads\/2024\/01\/SEA25-Slew-Drive-catalog.pdf\"><br \/>\n<img decoding=\"async\" src=\"https:\/\/slewingbearings.com\/wp-content\/uploads\/2024\/01\/pdf.png\" width=\"30\" height=\"30\"><\/a><\/td>\n<\/tr>\n<tr class=\"row-5\">\n\t<td class=\"column-1\">PEA25<\/td><td class=\"column-2\">13300 lbf.ft<\/td><td class=\"column-3\">200\u00d710\u00b3 lbf.ft<\/td><td class=\"column-4\">62.4\u00d710\u00b3 lbf.ft<\/td><td class=\"column-5\">150:1<\/td><td class=\"column-6\">\u22640.09\u00b0<\/td><td class=\"column-7\">149kg<\/td><td class=\"column-8\"><a href=\"https:\/\/slewingbearings.com\/wp-content\/uploads\/2024\/01\/SEA25-Slew-Drive-catalog.pdf\"><br \/>\n<img decoding=\"async\" src=\"https:\/\/slewingbearings.com\/wp-content\/uploads\/2024\/01\/pdf.png\" width=\"30\" height=\"30\"><\/a><\/td>\n<\/tr>\n<\/tbody>\n<\/table>\n<!-- #tablepress-30 from cache -->\n","protected":false},"excerpt":{"rendered":"<p>Das Schwenkantriebssystem ist eine mechanische Schl\u00fcsseltechnologie. Sein einzigartiges Design erm\u00f6glicht es der mechanischen Ausr\u00fcstung, sich um 360 Grad in horizontaler Richtung zu drehen. Solche Systeme spielen eine Schl\u00fcsselrolle in verschiedenen Branchen und Anwendungen und bieten eine hervorragende Flexibilit\u00e4t und Anpassungsf\u00e4higkeit f\u00fcr Maschinen und Anlagen in der industriellen Automatisierung, im Bauwesen, im Bergbau, in der Landwirtschaft und in anderen Bereichen.  <\/p>\n<p>Eine der Hauptfunktionen des Schwenkantriebs ist die 360-Grad-Drehung, die es der mechanischen Ausr\u00fcstung erm\u00f6glicht, eine ganze Reihe von Arbeitsbereichen abzudecken. Diese Funktion ist der Schl\u00fcssel zur Verbesserung der Arbeitseffizienz, zur Verringerung der Bewegungszeit der Ausr\u00fcstung und zur Anpassung an unterschiedliche Arbeitsszenarien. Ob es sich nun um den pr\u00e4zisen Materialtransport eines Turmdrehkrans auf einer Baustelle oder den flexiblen Aushub eines Baggers im Bergbau handelt, er ist untrennbar mit der Unterst\u00fctzung durch das Schwenkantriebssystem verbunden.  <\/p>\n","protected":false},"featured_media":6205,"comment_status":"open","ping_status":"closed","template":"","meta":{"content-type":""},"product_cat":[611,326],"product_tag":[731],"class_list":{"0":"post-11985","1":"product","2":"type-product","3":"status-publish","4":"has-post-thumbnail","6":"product_cat-sea-pea-schwenkantrieb","7":"product_cat-slew-drive-de","8":"product_tag-sea25-schwenkantrieb","10":"first","11":"instock","12":"shipping-taxable","13":"product-type-simple"},"yoast_head":"<!-- This site is optimized with the Yoast SEO plugin v21.7 - https:\/\/yoast.com\/wordpress\/plugins\/seo\/ -->\n<title>SEA-25 Schwenktrieb - ZZ Group<\/title>\n<meta name=\"description\" content=\"Ein Sea25-Schwenkantrieb ist ein technisches Ger\u00e4t, das in der Regel dazu dient, ein Objekt oder System in horizontaler oder vertikaler Richtung zu drehen.\" \/>\n<meta name=\"robots\" content=\"index, follow, max-snippet:-1, max-image-preview:large, max-video-preview:-1\" \/>\n<link rel=\"canonical\" href=\"https:\/\/slewingbearings.com\/de\/product\/sea-25-schwenktrieb\/\" \/>\n<meta property=\"og:locale\" content=\"de_DE\" \/>\n<meta property=\"og:type\" content=\"article\" \/>\n<meta property=\"og:title\" content=\"SEA-25 Schwenktrieb - ZZ Group\" \/>\n<meta property=\"og:description\" content=\"Ein Sea25-Schwenkantrieb ist ein technisches Ger\u00e4t, das in der Regel dazu dient, ein Objekt oder System in horizontaler oder vertikaler Richtung zu drehen.\" \/>\n<meta property=\"og:url\" content=\"https:\/\/slewingbearings.com\/de\/product\/sea-25-schwenktrieb\/\" \/>\n<meta property=\"og:site_name\" content=\"ZZ Group\" \/>\n<meta property=\"og:image\" content=\"https:\/\/slewingbearings.com\/wp-content\/uploads\/2024\/01\/sea25-slew-drive.jpg\" \/>\n\t<meta property=\"og:image:width\" content=\"500\" \/>\n\t<meta property=\"og:image:height\" content=\"500\" \/>\n\t<meta property=\"og:image:type\" content=\"image\/jpeg\" \/>\n<meta name=\"twitter:card\" content=\"summary_large_image\" \/>\n<meta name=\"twitter:label1\" content=\"Gesch\u00e4tzte Lesezeit\" \/>\n\t<meta name=\"twitter:data1\" content=\"1\u00a0Minute\" \/>\n<script type=\"application\/ld+json\" class=\"yoast-schema-graph\">{\"@context\":\"https:\/\/schema.org\",\"@graph\":[{\"@type\":\"WebPage\",\"@id\":\"https:\/\/slewingbearings.com\/de\/product\/sea-25-schwenktrieb\/\",\"url\":\"https:\/\/slewingbearings.com\/de\/product\/sea-25-schwenktrieb\/\",\"name\":\"SEA-25 Schwenktrieb - ZZ Group\",\"isPartOf\":{\"@id\":\"https:\/\/slewingbearings.com\/#website\"},\"datePublished\":\"2024-01-21T02:30:40+00:00\",\"dateModified\":\"2024-01-21T02:30:40+00:00\",\"description\":\"Ein Sea25-Schwenkantrieb ist ein technisches Ger\u00e4t, das in der Regel dazu dient, ein Objekt oder System in horizontaler oder vertikaler Richtung zu drehen.\",\"breadcrumb\":{\"@id\":\"https:\/\/slewingbearings.com\/de\/product\/sea-25-schwenktrieb\/#breadcrumb\"},\"inLanguage\":\"de\",\"potentialAction\":[{\"@type\":\"ReadAction\",\"target\":[\"https:\/\/slewingbearings.com\/de\/product\/sea-25-schwenktrieb\/\"]}]},{\"@type\":\"BreadcrumbList\",\"@id\":\"https:\/\/slewingbearings.com\/de\/product\/sea-25-schwenktrieb\/#breadcrumb\",\"itemListElement\":[{\"@type\":\"ListItem\",\"position\":1,\"name\":\"Home\",\"item\":\"https:\/\/slewingbearings.com\/de\/grosswaelzlager-grosswaelzlagerantrieb\/\"},{\"@type\":\"ListItem\",\"position\":2,\"name\":\"Shop\",\"item\":\"https:\/\/slewingbearings.com\/shop\/\"},{\"@type\":\"ListItem\",\"position\":3,\"name\":\"SEA-25 Schwenktrieb\"}]},{\"@type\":\"WebSite\",\"@id\":\"https:\/\/slewingbearings.com\/#website\",\"url\":\"https:\/\/slewingbearings.com\/\",\"name\":\"ZZ Group\",\"description\":\"Leading Slewing Bearings in China\",\"potentialAction\":[{\"@type\":\"SearchAction\",\"target\":{\"@type\":\"EntryPoint\",\"urlTemplate\":\"https:\/\/slewingbearings.com\/?s={search_term_string}\"},\"query-input\":\"required name=search_term_string\"}],\"inLanguage\":\"de\"}]}<\/script>\n<!-- \/ Yoast SEO plugin. -->","yoast_head_json":{"title":"SEA-25 Schwenktrieb - ZZ Group","description":"Ein Sea25-Schwenkantrieb ist ein technisches Ger\u00e4t, das in der Regel dazu dient, ein Objekt oder System in horizontaler oder vertikaler Richtung zu drehen.","robots":{"index":"index","follow":"follow","max-snippet":"max-snippet:-1","max-image-preview":"max-image-preview:large","max-video-preview":"max-video-preview:-1"},"canonical":"https:\/\/slewingbearings.com\/de\/product\/sea-25-schwenktrieb\/","og_locale":"de_DE","og_type":"article","og_title":"SEA-25 Schwenktrieb - ZZ Group","og_description":"Ein Sea25-Schwenkantrieb ist ein technisches Ger\u00e4t, das in der Regel dazu dient, ein Objekt oder System in horizontaler oder vertikaler Richtung zu drehen.","og_url":"https:\/\/slewingbearings.com\/de\/product\/sea-25-schwenktrieb\/","og_site_name":"ZZ Group","og_image":[{"width":500,"height":500,"url":"https:\/\/slewingbearings.com\/wp-content\/uploads\/2024\/01\/sea25-slew-drive.jpg","type":"image\/jpeg"}],"twitter_card":"summary_large_image","twitter_misc":{"Gesch\u00e4tzte Lesezeit":"1\u00a0Minute"},"schema":{"@context":"https:\/\/schema.org","@graph":[{"@type":"WebPage","@id":"https:\/\/slewingbearings.com\/de\/product\/sea-25-schwenktrieb\/","url":"https:\/\/slewingbearings.com\/de\/product\/sea-25-schwenktrieb\/","name":"SEA-25 Schwenktrieb - ZZ Group","isPartOf":{"@id":"https:\/\/slewingbearings.com\/#website"},"datePublished":"2024-01-21T02:30:40+00:00","dateModified":"2024-01-21T02:30:40+00:00","description":"Ein Sea25-Schwenkantrieb ist ein technisches Ger\u00e4t, das in der Regel dazu dient, ein Objekt oder System in horizontaler oder vertikaler Richtung zu drehen.","breadcrumb":{"@id":"https:\/\/slewingbearings.com\/de\/product\/sea-25-schwenktrieb\/#breadcrumb"},"inLanguage":"de","potentialAction":[{"@type":"ReadAction","target":["https:\/\/slewingbearings.com\/de\/product\/sea-25-schwenktrieb\/"]}]},{"@type":"BreadcrumbList","@id":"https:\/\/slewingbearings.com\/de\/product\/sea-25-schwenktrieb\/#breadcrumb","itemListElement":[{"@type":"ListItem","position":1,"name":"Home","item":"https:\/\/slewingbearings.com\/de\/grosswaelzlager-grosswaelzlagerantrieb\/"},{"@type":"ListItem","position":2,"name":"Shop","item":"https:\/\/slewingbearings.com\/shop\/"},{"@type":"ListItem","position":3,"name":"SEA-25 Schwenktrieb"}]},{"@type":"WebSite","@id":"https:\/\/slewingbearings.com\/#website","url":"https:\/\/slewingbearings.com\/","name":"ZZ Group","description":"Leading Slewing Bearings in China","potentialAction":[{"@type":"SearchAction","target":{"@type":"EntryPoint","urlTemplate":"https:\/\/slewingbearings.com\/?s={search_term_string}"},"query-input":"required name=search_term_string"}],"inLanguage":"de"}]}},"_links":{"self":[{"href":"https:\/\/slewingbearings.com\/de\/wp-json\/wp\/v2\/product\/11985","targetHints":{"allow":["GET"]}}],"collection":[{"href":"https:\/\/slewingbearings.com\/de\/wp-json\/wp\/v2\/product"}],"about":[{"href":"https:\/\/slewingbearings.com\/de\/wp-json\/wp\/v2\/types\/product"}],"replies":[{"embeddable":true,"href":"https:\/\/slewingbearings.com\/de\/wp-json\/wp\/v2\/comments?post=11985"}],"wp:featuredmedia":[{"embeddable":true,"href":"https:\/\/slewingbearings.com\/de\/wp-json\/wp\/v2\/media\/6205"}],"wp:attachment":[{"href":"https:\/\/slewingbearings.com\/de\/wp-json\/wp\/v2\/media?parent=11985"}],"wp:term":[{"taxonomy":"product_cat","embeddable":true,"href":"https:\/\/slewingbearings.com\/de\/wp-json\/wp\/v2\/product_cat?post=11985"},{"taxonomy":"product_tag","embeddable":true,"href":"https:\/\/slewingbearings.com\/de\/wp-json\/wp\/v2\/product_tag?post=11985"}],"curies":[{"name":"wp","href":"https:\/\/api.w.org\/{rel}","templated":true}]}}