{"id":11977,"date":"2024-01-21T03:32:42","date_gmt":"2024-01-21T03:32:42","guid":{"rendered":"https:\/\/slewingbearings.com\/product\/ve-5-schwenktrieb\/"},"modified":"2024-01-21T03:32:42","modified_gmt":"2024-01-21T03:32:42","slug":"ve-5-schwenktrieb","status":"publish","type":"product","link":"https:\/\/slewingbearings.com\/de\/product\/ve-5-schwenktrieb\/","title":{"rendered":"VE-5 Schwenktrieb"},"content":{"rendered":"<p>Das vertikale Schwenkantriebssystem der VE-Serie weist mehrere bemerkenswerte Merkmale auf:<\/p>\n<p>Das herausragendste Merkmal ist zun\u00e4chst einmal die vertikale Drehfunktion. Dadurch kann das Ger\u00e4t flexibel in der vertikalen Ebene gedreht werden und bietet L\u00f6sungen f\u00fcr eine Vielzahl von vertikalen Arbeitsaufgaben. <\/p>\n<p>Zweitens tr\u00e4gt das vertikale Schwenkantriebssystem zu einer besseren Raumausnutzung bei. In stark eingeschr\u00e4nkten oder r\u00e4umlich begrenzten Umgebungen kann der Einsatz solcher Systeme effizienter erfolgen. Auf Baustellen oder in wissenschaftlichen Forschungslabors in St\u00e4dten k\u00f6nnen vertikale Drehantriebssysteme beispielsweise besser in begrenzte R\u00e4ume passen.  <\/p>\n<p>Zweitens hat diese Art von Antriebssystem in der Regel eine hohe Positioniergenauigkeit. Mechanische Ger\u00e4te k\u00f6nnen durch vertikale Drehung genau an der gew\u00fcnschten Position bleiben und unterst\u00fctzen so feine und hochpr\u00e4zise Arbeitsaufgaben. <\/p>\n<p>Dar\u00fcber hinaus verf\u00fcgt das vertikale Schwenkantriebssystem auch \u00fcber die Eigenschaft der Mehrfachwinkelverstellung. Das Ger\u00e4t kann in verschiedenen Winkeln in vertikaler Richtung eingestellt werden, um es an unterschiedliche Arbeitsanforderungen und -umgebungen anzupassen. <\/p>\n\n<table id=\"tablepress-31\" class=\"tablepress tablepress-id-31\">\n<thead>\n<tr class=\"row-1\">\n\t<th class=\"column-1\">Model<\/th><th class=\"column-2\">Output Torque<\/th><th class=\"column-3\">Tilting Moment Torque<\/th><th class=\"column-4\">Holding Torque<\/th><th class=\"column-5\">Gear Ratio<\/th><th class=\"column-6\">Tracking Precision<\/th><th class=\"column-7\">Weight<\/th><th class=\"column-8\">Drawing<\/th>\n<\/tr>\n<\/thead>\n<tbody class=\"row-striping row-hover\">\n<tr class=\"row-2\">\n\t<td class=\"column-1\">VE5<\/td><td class=\"column-2\">4.8 KN.m<\/td><td class=\"column-3\">3300 N.m<\/td><td class=\"column-4\">15 KN.m<\/td><td class=\"column-5\">55:1<\/td><td class=\"column-6\">\u22640.3\u00b0<\/td><td class=\"column-7\">35kg<\/td><td class=\"column-8\"><a href=\"https:\/\/slewingbearings.com\/wp-content\/uploads\/2024\/01\/VE5-Slew-Drive-catalog.pdf\"><br \/>\n<img decoding=\"async\" src=\"https:\/\/slewingbearings.com\/wp-content\/uploads\/2024\/01\/pdf.png\" width=\"30\" height=\"30\"><\/a><\/td>\n<\/tr>\n<tr class=\"row-3\">\n\t<td class=\"column-1\">VE5<\/td><td class=\"column-2\">3542 lbf.ft<\/td><td class=\"column-3\">2435 lbf.ft<\/td><td class=\"column-4\">3066 lbf.ft<\/td><td class=\"column-5\">55:1<\/td><td class=\"column-6\">\u22640.3\u00b0<\/td><td class=\"column-7\">35kg<\/td><td class=\"column-8\"><a href=\"https:\/\/slewingbearings.com\/wp-content\/uploads\/2024\/01\/VE5-Slew-Drive-catalog.pdf\"><br \/>\n<img decoding=\"async\" src=\"https:\/\/slewingbearings.com\/wp-content\/uploads\/2024\/01\/pdf.png\" width=\"30\" height=\"30\"><\/a><\/td>\n<\/tr>\n<\/tbody>\n<\/table>\n<!-- #tablepress-31 from cache -->\n","protected":false},"excerpt":{"rendered":"<p>Ein Vertikalschwenkantrieb ist ein mechanisches System , das f\u00fcr eine Drehung in vertikaler Richtung ausgelegt ist. Diese Technologie bietet einzigartige L\u00f6sungen f\u00fcr eine Vielzahl industrieller und wissenschaftlicher Anwendungen, mit denen mechanische Ger\u00e4te oder Werkzeuge flexibel in vertikaler Richtung gedreht werden k\u00f6nnen, wodurch ihr Anwendungsbereich und ihre Vielseitigkeit erweitert werden. <\/p>\n<p>Im Bereich der Solarenergie werden in Solarnachf\u00fchrsystemen h\u00e4ufig vertikal schwenkbare Antriebssysteme eingesetzt. Das Solarmodul wird durch eine vertikale Drehung angetrieben und kann sich entsprechend dem Lauf der Sonne auf und ab bewegen, so dass das Photovoltaikmodul immer der Sonne zugewandt ist. Mit dieser Konstruktion kann die Sonneneinstrahlung maximal eingefangen und der Wirkungsgrad der Solarstromerzeugung verbessert werden. Im Bereich der Windenergieerzeugung verwenden einige vertikale Windturbinengeneratoren ebenfalls vertikale Drehantriebsysteme. Durch diese Konstruktion kann sich die Windturbine vertikal drehen, wodurch sie sich besser an Winde aus verschiedenen Richtungen anpassen und die Windenergie optimal nutzen kann.    <\/p>\n<p>In wissenschaftlichen Forschungslaboratorien m\u00fcssen einige Versuchsger\u00e4te m\u00f6glicherweise in vertikaler Richtung verstellt werden. Das vertikale Drehantriebssystem bietet hier Flexibilit\u00e4t und erm\u00f6glicht es den Forschern , die H\u00f6he und den Winkel des Instruments leicht an die Anforderungen des Experiments anzupassen. Zum Beispiel kann die vertikale Drehung von Mikroskopen, Experimentiertischen und anderen Ger\u00e4ten den Wissenschaftlern das Beobachten und Manipulieren von Proben erleichtern.  <\/p>\n","protected":false},"featured_media":6214,"comment_status":"open","ping_status":"closed","template":"","meta":{"content-type":""},"product_cat":[660,326],"product_tag":[724],"class_list":{"0":"post-11977","1":"product","2":"type-product","3":"status-publish","4":"has-post-thumbnail","6":"product_cat-ve-schwenkantrieb","7":"product_cat-slew-drive-de","8":"product_tag-ve5-schwenkantrieb","10":"first","11":"instock","12":"shipping-taxable","13":"product-type-simple"},"yoast_head":"<!-- This site is optimized with the Yoast SEO plugin v21.7 - https:\/\/yoast.com\/wordpress\/plugins\/seo\/ -->\n<title>VE-5 Schwenktrieb - ZZ Group<\/title>\n<meta name=\"description\" content=\"Der Vertikaldrehantrieb der VE-Serie ist ein mechanisches System, das f\u00fcr die Rotation in vertikaler Richtung ausgelegt ist.\" \/>\n<meta name=\"robots\" content=\"index, follow, max-snippet:-1, max-image-preview:large, max-video-preview:-1\" \/>\n<link rel=\"canonical\" href=\"https:\/\/slewingbearings.com\/de\/product\/ve-5-schwenktrieb\/\" \/>\n<meta property=\"og:locale\" content=\"de_DE\" \/>\n<meta property=\"og:type\" content=\"article\" \/>\n<meta property=\"og:title\" content=\"VE-5 Schwenktrieb - ZZ Group\" \/>\n<meta property=\"og:description\" content=\"Der Vertikaldrehantrieb der VE-Serie ist ein mechanisches System, das f\u00fcr die Rotation in vertikaler Richtung ausgelegt ist.\" \/>\n<meta property=\"og:url\" content=\"https:\/\/slewingbearings.com\/de\/product\/ve-5-schwenktrieb\/\" \/>\n<meta property=\"og:site_name\" content=\"ZZ Group\" \/>\n<meta property=\"og:image\" content=\"https:\/\/slewingbearings.com\/wp-content\/uploads\/2024\/01\/ve5-slew-drive.jpg\" \/>\n\t<meta property=\"og:image:width\" content=\"500\" \/>\n\t<meta property=\"og:image:height\" content=\"500\" \/>\n\t<meta property=\"og:image:type\" content=\"image\/jpeg\" \/>\n<meta name=\"twitter:card\" content=\"summary_large_image\" \/>\n<meta name=\"twitter:label1\" content=\"Gesch\u00e4tzte Lesezeit\" \/>\n\t<meta name=\"twitter:data1\" content=\"1\u00a0Minute\" \/>\n<script type=\"application\/ld+json\" class=\"yoast-schema-graph\">{\"@context\":\"https:\/\/schema.org\",\"@graph\":[{\"@type\":\"WebPage\",\"@id\":\"https:\/\/slewingbearings.com\/de\/product\/ve-5-schwenktrieb\/\",\"url\":\"https:\/\/slewingbearings.com\/de\/product\/ve-5-schwenktrieb\/\",\"name\":\"VE-5 Schwenktrieb - ZZ Group\",\"isPartOf\":{\"@id\":\"https:\/\/slewingbearings.com\/#website\"},\"datePublished\":\"2024-01-21T03:32:42+00:00\",\"dateModified\":\"2024-01-21T03:32:42+00:00\",\"description\":\"Der Vertikaldrehantrieb der VE-Serie ist ein mechanisches System, das f\u00fcr die Rotation in vertikaler Richtung ausgelegt ist.\",\"breadcrumb\":{\"@id\":\"https:\/\/slewingbearings.com\/de\/product\/ve-5-schwenktrieb\/#breadcrumb\"},\"inLanguage\":\"de\",\"potentialAction\":[{\"@type\":\"ReadAction\",\"target\":[\"https:\/\/slewingbearings.com\/de\/product\/ve-5-schwenktrieb\/\"]}]},{\"@type\":\"BreadcrumbList\",\"@id\":\"https:\/\/slewingbearings.com\/de\/product\/ve-5-schwenktrieb\/#breadcrumb\",\"itemListElement\":[{\"@type\":\"ListItem\",\"position\":1,\"name\":\"Home\",\"item\":\"https:\/\/slewingbearings.com\/de\/grosswaelzlager-grosswaelzlagerantrieb\/\"},{\"@type\":\"ListItem\",\"position\":2,\"name\":\"Shop\",\"item\":\"https:\/\/slewingbearings.com\/shop\/\"},{\"@type\":\"ListItem\",\"position\":3,\"name\":\"VE-5 Schwenktrieb\"}]},{\"@type\":\"WebSite\",\"@id\":\"https:\/\/slewingbearings.com\/#website\",\"url\":\"https:\/\/slewingbearings.com\/\",\"name\":\"ZZ Group\",\"description\":\"Leading Slewing Bearings in China\",\"potentialAction\":[{\"@type\":\"SearchAction\",\"target\":{\"@type\":\"EntryPoint\",\"urlTemplate\":\"https:\/\/slewingbearings.com\/?s={search_term_string}\"},\"query-input\":\"required name=search_term_string\"}],\"inLanguage\":\"de\"}]}<\/script>\n<!-- \/ Yoast SEO plugin. -->","yoast_head_json":{"title":"VE-5 Schwenktrieb - ZZ Group","description":"Der Vertikaldrehantrieb der VE-Serie ist ein mechanisches System, das f\u00fcr die Rotation in vertikaler Richtung ausgelegt ist.","robots":{"index":"index","follow":"follow","max-snippet":"max-snippet:-1","max-image-preview":"max-image-preview:large","max-video-preview":"max-video-preview:-1"},"canonical":"https:\/\/slewingbearings.com\/de\/product\/ve-5-schwenktrieb\/","og_locale":"de_DE","og_type":"article","og_title":"VE-5 Schwenktrieb - ZZ Group","og_description":"Der Vertikaldrehantrieb der VE-Serie ist ein mechanisches System, das f\u00fcr die Rotation in vertikaler Richtung ausgelegt ist.","og_url":"https:\/\/slewingbearings.com\/de\/product\/ve-5-schwenktrieb\/","og_site_name":"ZZ Group","og_image":[{"width":500,"height":500,"url":"https:\/\/slewingbearings.com\/wp-content\/uploads\/2024\/01\/ve5-slew-drive.jpg","type":"image\/jpeg"}],"twitter_card":"summary_large_image","twitter_misc":{"Gesch\u00e4tzte Lesezeit":"1\u00a0Minute"},"schema":{"@context":"https:\/\/schema.org","@graph":[{"@type":"WebPage","@id":"https:\/\/slewingbearings.com\/de\/product\/ve-5-schwenktrieb\/","url":"https:\/\/slewingbearings.com\/de\/product\/ve-5-schwenktrieb\/","name":"VE-5 Schwenktrieb - ZZ Group","isPartOf":{"@id":"https:\/\/slewingbearings.com\/#website"},"datePublished":"2024-01-21T03:32:42+00:00","dateModified":"2024-01-21T03:32:42+00:00","description":"Der Vertikaldrehantrieb der VE-Serie ist ein mechanisches System, das f\u00fcr die Rotation in vertikaler Richtung ausgelegt ist.","breadcrumb":{"@id":"https:\/\/slewingbearings.com\/de\/product\/ve-5-schwenktrieb\/#breadcrumb"},"inLanguage":"de","potentialAction":[{"@type":"ReadAction","target":["https:\/\/slewingbearings.com\/de\/product\/ve-5-schwenktrieb\/"]}]},{"@type":"BreadcrumbList","@id":"https:\/\/slewingbearings.com\/de\/product\/ve-5-schwenktrieb\/#breadcrumb","itemListElement":[{"@type":"ListItem","position":1,"name":"Home","item":"https:\/\/slewingbearings.com\/de\/grosswaelzlager-grosswaelzlagerantrieb\/"},{"@type":"ListItem","position":2,"name":"Shop","item":"https:\/\/slewingbearings.com\/shop\/"},{"@type":"ListItem","position":3,"name":"VE-5 Schwenktrieb"}]},{"@type":"WebSite","@id":"https:\/\/slewingbearings.com\/#website","url":"https:\/\/slewingbearings.com\/","name":"ZZ Group","description":"Leading Slewing Bearings in China","potentialAction":[{"@type":"SearchAction","target":{"@type":"EntryPoint","urlTemplate":"https:\/\/slewingbearings.com\/?s={search_term_string}"},"query-input":"required name=search_term_string"}],"inLanguage":"de"}]}},"_links":{"self":[{"href":"https:\/\/slewingbearings.com\/de\/wp-json\/wp\/v2\/product\/11977","targetHints":{"allow":["GET"]}}],"collection":[{"href":"https:\/\/slewingbearings.com\/de\/wp-json\/wp\/v2\/product"}],"about":[{"href":"https:\/\/slewingbearings.com\/de\/wp-json\/wp\/v2\/types\/product"}],"replies":[{"embeddable":true,"href":"https:\/\/slewingbearings.com\/de\/wp-json\/wp\/v2\/comments?post=11977"}],"wp:featuredmedia":[{"embeddable":true,"href":"https:\/\/slewingbearings.com\/de\/wp-json\/wp\/v2\/media\/6214"}],"wp:attachment":[{"href":"https:\/\/slewingbearings.com\/de\/wp-json\/wp\/v2\/media?parent=11977"}],"wp:term":[{"taxonomy":"product_cat","embeddable":true,"href":"https:\/\/slewingbearings.com\/de\/wp-json\/wp\/v2\/product_cat?post=11977"},{"taxonomy":"product_tag","embeddable":true,"href":"https:\/\/slewingbearings.com\/de\/wp-json\/wp\/v2\/product_tag?post=11977"}],"curies":[{"name":"wp","href":"https:\/\/api.w.org\/{rel}","templated":true}]}}