{"id":11908,"date":"2024-01-21T06:43:06","date_gmt":"2024-01-21T06:43:06","guid":{"rendered":"https:\/\/slewingbearings.com\/product\/schwenktrieb-w-7\/"},"modified":"2024-01-21T06:43:06","modified_gmt":"2024-01-21T06:43:06","slug":"schwenktrieb-w-7","status":"publish","type":"product","link":"https:\/\/slewingbearings.com\/de\/product\/schwenktrieb-w-7\/","title":{"rendered":"Schwenktrieb W-7"},"content":{"rendered":"<p>Das offene Drehantriebssystem ist ein mechanisches System mit offener Struktur, das haupts\u00e4chlich zum Drehen von Ger\u00e4ten oder Werkzeugen in horizontaler Richtung verwendet wird. Im Gegensatz zu geschlossenen Konstruktionen sind die internen mechanischen Komponenten von offenen Drehantriebssystemen f\u00fcr die Au\u00dfenwelt sichtbar, was einige einzigartige Vorteile in Bezug auf Betrieb, Wartung und Lehre bietet. <\/p>\n<p>Erstens bietet das offene Schwenksystem eine hervorragende Sichtbarkeit. Da die interne Struktur f\u00fcr Bediener oder Wartungspersonal sichtbar ist, k\u00f6nnen sie den Betrieb des Antriebssystems visuell beobachten. Dies ist bei der Fehlersuche, der t\u00e4glichen \u00dcberwachung und Wartung sehr hilfreich und erh\u00f6ht die Zuverl\u00e4ssigkeit des Systems.  <\/p>\n<p>Zweitens haben offene Schwenkantriebe in der Regel eine leichte Bauweise. Um die Sichtbarkeit der internen mechanischen Komponenten zu gew\u00e4hrleisten, sind die Systeme in der Regel kompakter und insgesamt leichter. <\/p>\n\n<table id=\"tablepress-37\" class=\"tablepress tablepress-id-37\">\n<thead>\n<tr class=\"row-1\">\n\t<th class=\"column-1\">Model<\/th><th class=\"column-2\">Output Torque<\/th><th class=\"column-3\">Tilting Moment Torque<\/th><th class=\"column-4\">Holding Torque<\/th><th class=\"column-5\">Gear Ratio<\/th><th class=\"column-6\">Tracking Precision<\/th><th class=\"column-7\">Weight<\/th><th class=\"column-8\">Drawing<\/th>\n<\/tr>\n<\/thead>\n<tbody class=\"row-striping row-hover\">\n<tr class=\"row-2\">\n\t<td class=\"column-1\">W7<\/td><td class=\"column-2\">3.5 KN.m<\/td><td class=\"column-3\">14.2 KN.m<\/td><td class=\"column-4\">20 KN.m<\/td><td class=\"column-5\">47:1<\/td><td class=\"column-6\">\u22640.15\u00b0<\/td><td class=\"column-7\">29kg<\/td><td class=\"column-8\"><a href=\"https:\/\/slewingbearings.com\/wp-content\/uploads\/2024\/01\/W7-Slew-Drive-catalog.pdf\"><br \/>\n<img decoding=\"async\" src=\"https:\/\/slewingbearings.com\/wp-content\/uploads\/2024\/01\/pdf.png\" width=\"30\" height=\"30\"><\/a><\/td>\n<\/tr>\n<tr class=\"row-3\">\n\t<td class=\"column-1\">W7<\/td><td class=\"column-2\">2583 lbf.ft<\/td><td class=\"column-3\">10.5\u00d710\u00b3 lbf.ft<\/td><td class=\"column-4\">14.8\u00d710\u00b3 lbf.ft<\/td><td class=\"column-5\">47:1<\/td><td class=\"column-6\">\u22640.15\u00b0<\/td><td class=\"column-7\">29kg<\/td><td class=\"column-8\"><a href=\"https:\/\/slewingbearings.com\/wp-content\/uploads\/2024\/01\/W7-Slew-Drive-catalog.pdf\"><br \/>\n<img decoding=\"async\" src=\"https:\/\/slewingbearings.com\/wp-content\/uploads\/2024\/01\/pdf.png\" width=\"30\" height=\"30\"><\/a><\/td>\n<\/tr>\n<\/tbody>\n<\/table>\n<!-- #tablepress-37 from cache -->\n","protected":false},"excerpt":{"rendered":"<p>Das offene Schwenksystem der Serie W ist in einigen speziellen Umgebungen gut einsetzbar. F\u00fcr Szenarien, die den Betrieb bei hohen oder niedrigen Temperaturen oder in korrosiven Umgebungen erfordern, k\u00f6nnen Konstruktionen mit offener Struktur leichter an diese extremen Bedingungen angepasst werden, ohne dass eine Besch\u00e4digung der abgedichteten Struktur zu bef\u00fcrchten ist. <\/p>\n<p>Zu Lehr- und Demonstrationszwecken werden offene Schwenksysteme h\u00e4ufig eingesetzt. Ihre hohe Sichtbarkeit macht sie zu einem idealen Werkzeug f\u00fcr die Demonstration mechanischer Prinzipien, \u00dcbertragungsstrukturen und Bewegungsgesetze in Lehranstalten und Ausbildungsumgebungen. Die Sch\u00fcler k\u00f6nnen die grundlegenden Konzepte des Maschinenbaus besser verstehen, indem sie die tats\u00e4chlichen Betriebsabl\u00e4ufe beobachten.  <\/p>\n<p>Dar\u00fcber hinaus spielen offene Schwenksysteme auch eine wichtige Rolle in Forschung und Entwicklung. Forscher m\u00fcssen mechanische Systeme oft in Echtzeit beobachten und debuggen, und die Sichtbarkeit ist ein Schl\u00fcsselfaktor. Das offene Design bietet ihnen eine intuitivere Beobachtungsm\u00f6glichkeit und hilft, Probleme schnell zu erkennen und das Design zu optimieren.  <\/p>\n","protected":false},"featured_media":6394,"comment_status":"open","ping_status":"closed","template":"","meta":{"content-type":""},"product_cat":[567,326],"product_tag":[651],"class_list":{"0":"post-11908","1":"product","2":"type-product","3":"status-publish","4":"has-post-thumbnail","6":"product_cat-w-drehantrieb","7":"product_cat-slew-drive-de","8":"product_tag-schwenkantrieb-w7","10":"first","11":"instock","12":"shipping-taxable","13":"product-type-simple"},"yoast_head":"<!-- This site is optimized with the Yoast SEO plugin v21.7 - https:\/\/yoast.com\/wordpress\/plugins\/seo\/ -->\n<title>Schwenktrieb W-7 - ZZ Group<\/title>\n<meta name=\"description\" content=\"Der offene Schwenkantrieb der Serie W bezieht sich in der Regel auf ein Drehantriebssystem mit offener Struktur, das zur Realisierung der horizontalen Drehung von Ger\u00e4ten verwendet wird.\" \/>\n<meta name=\"robots\" content=\"index, follow, max-snippet:-1, max-image-preview:large, max-video-preview:-1\" \/>\n<link rel=\"canonical\" href=\"https:\/\/slewingbearings.com\/de\/product\/schwenktrieb-w-7\/\" \/>\n<meta property=\"og:locale\" content=\"de_DE\" \/>\n<meta property=\"og:type\" content=\"article\" \/>\n<meta property=\"og:title\" content=\"Schwenktrieb W-7 - ZZ Group\" \/>\n<meta property=\"og:description\" content=\"Der offene Schwenkantrieb der Serie W bezieht sich in der Regel auf ein Drehantriebssystem mit offener Struktur, das zur Realisierung der horizontalen Drehung von Ger\u00e4ten verwendet wird.\" \/>\n<meta property=\"og:url\" content=\"https:\/\/slewingbearings.com\/de\/product\/schwenktrieb-w-7\/\" \/>\n<meta property=\"og:site_name\" content=\"ZZ Group\" \/>\n<meta property=\"og:image\" content=\"https:\/\/slewingbearings.com\/wp-content\/uploads\/2024\/01\/w7-slew-drive.jpg\" \/>\n\t<meta property=\"og:image:width\" content=\"500\" \/>\n\t<meta property=\"og:image:height\" content=\"500\" \/>\n\t<meta property=\"og:image:type\" content=\"image\/jpeg\" \/>\n<meta name=\"twitter:card\" content=\"summary_large_image\" \/>\n<meta name=\"twitter:label1\" content=\"Gesch\u00e4tzte Lesezeit\" \/>\n\t<meta name=\"twitter:data1\" content=\"1\u00a0Minute\" \/>\n<script type=\"application\/ld+json\" class=\"yoast-schema-graph\">{\"@context\":\"https:\/\/schema.org\",\"@graph\":[{\"@type\":\"WebPage\",\"@id\":\"https:\/\/slewingbearings.com\/de\/product\/schwenktrieb-w-7\/\",\"url\":\"https:\/\/slewingbearings.com\/de\/product\/schwenktrieb-w-7\/\",\"name\":\"Schwenktrieb W-7 - ZZ Group\",\"isPartOf\":{\"@id\":\"https:\/\/slewingbearings.com\/#website\"},\"datePublished\":\"2024-01-21T06:43:06+00:00\",\"dateModified\":\"2024-01-21T06:43:06+00:00\",\"description\":\"Der offene Schwenkantrieb der Serie W bezieht sich in der Regel auf ein Drehantriebssystem mit offener Struktur, das zur Realisierung der horizontalen Drehung von Ger\u00e4ten verwendet wird.\",\"breadcrumb\":{\"@id\":\"https:\/\/slewingbearings.com\/de\/product\/schwenktrieb-w-7\/#breadcrumb\"},\"inLanguage\":\"de\",\"potentialAction\":[{\"@type\":\"ReadAction\",\"target\":[\"https:\/\/slewingbearings.com\/de\/product\/schwenktrieb-w-7\/\"]}]},{\"@type\":\"BreadcrumbList\",\"@id\":\"https:\/\/slewingbearings.com\/de\/product\/schwenktrieb-w-7\/#breadcrumb\",\"itemListElement\":[{\"@type\":\"ListItem\",\"position\":1,\"name\":\"Home\",\"item\":\"https:\/\/slewingbearings.com\/de\/grosswaelzlager-grosswaelzlagerantrieb\/\"},{\"@type\":\"ListItem\",\"position\":2,\"name\":\"Shop\",\"item\":\"https:\/\/slewingbearings.com\/shop\/\"},{\"@type\":\"ListItem\",\"position\":3,\"name\":\"Schwenktrieb W-7\"}]},{\"@type\":\"WebSite\",\"@id\":\"https:\/\/slewingbearings.com\/#website\",\"url\":\"https:\/\/slewingbearings.com\/\",\"name\":\"ZZ Group\",\"description\":\"Leading Slewing Bearings in China\",\"potentialAction\":[{\"@type\":\"SearchAction\",\"target\":{\"@type\":\"EntryPoint\",\"urlTemplate\":\"https:\/\/slewingbearings.com\/?s={search_term_string}\"},\"query-input\":\"required name=search_term_string\"}],\"inLanguage\":\"de\"}]}<\/script>\n<!-- \/ Yoast SEO plugin. -->","yoast_head_json":{"title":"Schwenktrieb W-7 - ZZ Group","description":"Der offene Schwenkantrieb der Serie W bezieht sich in der Regel auf ein Drehantriebssystem mit offener Struktur, das zur Realisierung der horizontalen Drehung von Ger\u00e4ten verwendet wird.","robots":{"index":"index","follow":"follow","max-snippet":"max-snippet:-1","max-image-preview":"max-image-preview:large","max-video-preview":"max-video-preview:-1"},"canonical":"https:\/\/slewingbearings.com\/de\/product\/schwenktrieb-w-7\/","og_locale":"de_DE","og_type":"article","og_title":"Schwenktrieb W-7 - ZZ Group","og_description":"Der offene Schwenkantrieb der Serie W bezieht sich in der Regel auf ein Drehantriebssystem mit offener Struktur, das zur Realisierung der horizontalen Drehung von Ger\u00e4ten verwendet wird.","og_url":"https:\/\/slewingbearings.com\/de\/product\/schwenktrieb-w-7\/","og_site_name":"ZZ Group","og_image":[{"width":500,"height":500,"url":"https:\/\/slewingbearings.com\/wp-content\/uploads\/2024\/01\/w7-slew-drive.jpg","type":"image\/jpeg"}],"twitter_card":"summary_large_image","twitter_misc":{"Gesch\u00e4tzte Lesezeit":"1\u00a0Minute"},"schema":{"@context":"https:\/\/schema.org","@graph":[{"@type":"WebPage","@id":"https:\/\/slewingbearings.com\/de\/product\/schwenktrieb-w-7\/","url":"https:\/\/slewingbearings.com\/de\/product\/schwenktrieb-w-7\/","name":"Schwenktrieb W-7 - ZZ Group","isPartOf":{"@id":"https:\/\/slewingbearings.com\/#website"},"datePublished":"2024-01-21T06:43:06+00:00","dateModified":"2024-01-21T06:43:06+00:00","description":"Der offene Schwenkantrieb der Serie W bezieht sich in der Regel auf ein Drehantriebssystem mit offener Struktur, das zur Realisierung der horizontalen Drehung von Ger\u00e4ten verwendet wird.","breadcrumb":{"@id":"https:\/\/slewingbearings.com\/de\/product\/schwenktrieb-w-7\/#breadcrumb"},"inLanguage":"de","potentialAction":[{"@type":"ReadAction","target":["https:\/\/slewingbearings.com\/de\/product\/schwenktrieb-w-7\/"]}]},{"@type":"BreadcrumbList","@id":"https:\/\/slewingbearings.com\/de\/product\/schwenktrieb-w-7\/#breadcrumb","itemListElement":[{"@type":"ListItem","position":1,"name":"Home","item":"https:\/\/slewingbearings.com\/de\/grosswaelzlager-grosswaelzlagerantrieb\/"},{"@type":"ListItem","position":2,"name":"Shop","item":"https:\/\/slewingbearings.com\/shop\/"},{"@type":"ListItem","position":3,"name":"Schwenktrieb W-7"}]},{"@type":"WebSite","@id":"https:\/\/slewingbearings.com\/#website","url":"https:\/\/slewingbearings.com\/","name":"ZZ Group","description":"Leading Slewing Bearings in China","potentialAction":[{"@type":"SearchAction","target":{"@type":"EntryPoint","urlTemplate":"https:\/\/slewingbearings.com\/?s={search_term_string}"},"query-input":"required name=search_term_string"}],"inLanguage":"de"}]}},"_links":{"self":[{"href":"https:\/\/slewingbearings.com\/de\/wp-json\/wp\/v2\/product\/11908","targetHints":{"allow":["GET"]}}],"collection":[{"href":"https:\/\/slewingbearings.com\/de\/wp-json\/wp\/v2\/product"}],"about":[{"href":"https:\/\/slewingbearings.com\/de\/wp-json\/wp\/v2\/types\/product"}],"replies":[{"embeddable":true,"href":"https:\/\/slewingbearings.com\/de\/wp-json\/wp\/v2\/comments?post=11908"}],"wp:featuredmedia":[{"embeddable":true,"href":"https:\/\/slewingbearings.com\/de\/wp-json\/wp\/v2\/media\/6394"}],"wp:attachment":[{"href":"https:\/\/slewingbearings.com\/de\/wp-json\/wp\/v2\/media?parent=11908"}],"wp:term":[{"taxonomy":"product_cat","embeddable":true,"href":"https:\/\/slewingbearings.com\/de\/wp-json\/wp\/v2\/product_cat?post=11908"},{"taxonomy":"product_tag","embeddable":true,"href":"https:\/\/slewingbearings.com\/de\/wp-json\/wp\/v2\/product_tag?post=11908"}],"curies":[{"name":"wp","href":"https:\/\/api.w.org\/{rel}","templated":true}]}}