{"id":11905,"date":"2024-01-28T01:07:08","date_gmt":"2024-01-28T01:07:08","guid":{"rendered":"https:\/\/slewingbearings.com\/product\/schwungantrieb-w-9\/"},"modified":"2024-01-28T01:07:08","modified_gmt":"2024-01-28T01:07:08","slug":"schwungantrieb-w-9","status":"publish","type":"product","link":"https:\/\/slewingbearings.com\/de\/product\/schwungantrieb-w-9\/","title":{"rendered":"Schwungantrieb W-9"},"content":{"rendered":"<p>W-9 Drehantrieb,Das offene Drehantriebssystem ist ein mechanisches System mit offener Struktur, das haupts\u00e4chlich zum Drehen von Ger\u00e4ten oder Werkzeugen in horizontaler Richtung verwendet wird. Im Gegensatz zu geschlossenen Konstruktionen sind die internen mechanischen Komponenten von offenen Drehantriebssystemen f\u00fcr die Au\u00dfenwelt sichtbar, was einige einzigartige Vorteile in Bezug auf Betrieb, Wartung und Lehre bietet. <\/p>\n<p>Erstens bietet das offene Schwenksystem eine hervorragende Sichtbarkeit. Da die interne Struktur f\u00fcr Bediener oder Wartungspersonal sichtbar ist, k\u00f6nnen sie den Betrieb des Antriebssystems visuell beobachten. Dies ist bei der Fehlersuche, der t\u00e4glichen \u00dcberwachung und Wartung sehr hilfreich und erh\u00f6ht die Zuverl\u00e4ssigkeit des Systems.  <\/p>\n<p>Aufgrund der besseren Sichtbarkeit bieten offene Drehwerksantriebe deutliche Vorteile bei der Wartung. Das Wartungspersonal kann den Verschlei\u00df des Getriebes, den Zustand der Schmierung usw. visuell \u00fcberpr\u00fcfen, wodurch sich der Wartungsaufwand verringert. Dies bedeutet auch, dass es einfacher ist, regelm\u00e4\u00dfige Wartungsarbeiten durchzuf\u00fchren, was zur Verl\u00e4ngerung der Lebensdauer des Systems beitr\u00e4gt.  <\/p>\n\n<table id=\"tablepress-38\" class=\"tablepress tablepress-id-38\">\n<thead>\n<tr class=\"row-1\">\n\t<th class=\"column-1\">Model<\/th><th class=\"column-2\">Output Torque<\/th><th class=\"column-3\">Tilting Moment Torque<\/th><th class=\"column-4\">Holding Torque<\/th><th class=\"column-5\">Gear Ratio<\/th><th class=\"column-6\">Tracking Precision<\/th><th class=\"column-7\">Weight<\/th><th class=\"column-8\">Drawing<\/th>\n<\/tr>\n<\/thead>\n<tbody class=\"row-striping row-hover\">\n<tr class=\"row-2\">\n\t<td class=\"column-1\">W9<\/td><td class=\"column-2\">8 KN.m<\/td><td class=\"column-3\">35.6 KN.m<\/td><td class=\"column-4\">34.5 KN.m<\/td><td class=\"column-5\">62:1<\/td><td class=\"column-6\">\u22640.15\u00b0<\/td><td class=\"column-7\">40kg<\/td><td class=\"column-8\"><a href=\"https:\/\/slewingbearings.com\/wp-content\/uploads\/2024\/01\/W9-Slew-Drive-catalog.pdf\"><br \/>\n<img decoding=\"async\" src=\"https:\/\/slewingbearings.com\/wp-content\/uploads\/2024\/01\/pdf.png\" width=\"30\" height=\"30\"><\/a><\/td>\n<\/tr>\n<tr class=\"row-3\">\n\t<td class=\"column-1\">W9<\/td><td class=\"column-2\">5904 lbf.ft<\/td><td class=\"column-3\">26.3\u00d710\u00b3 lbf.ft<\/td><td class=\"column-4\">25.5\u00d710\u00b3 lbf.ft<\/td><td class=\"column-5\">62:1<\/td><td class=\"column-6\">\u22640.15\u00b0<\/td><td class=\"column-7\">40kg<\/td><td class=\"column-8\"><a href=\"https:\/\/slewingbearings.com\/wp-content\/uploads\/2024\/01\/W9-Slew-Drive-catalog.pdf\"><br \/>\n<img decoding=\"async\" src=\"https:\/\/slewingbearings.com\/wp-content\/uploads\/2024\/01\/pdf.png\" width=\"30\" height=\"30\"><\/a><\/td>\n<\/tr>\n<\/tbody>\n<\/table>\n<!-- #tablepress-38 from cache -->\n","protected":false},"excerpt":{"rendered":"<p>Das offene Schwenksystem der Serie W ist in einigen speziellen Umgebungen gut einsetzbar. F\u00fcr Szenarien, die den Betrieb bei hohen oder niedrigen Temperaturen oder in korrosiven Umgebungen erfordern, k\u00f6nnen Konstruktionen mit offener Struktur leichter an diese extremen Bedingungen angepasst werden, ohne dass eine Besch\u00e4digung der abgedichteten Struktur zu bef\u00fcrchten ist. <\/p>\n<p>Zu Lehr- und Demonstrationszwecken werden offene Schwenksysteme h\u00e4ufig eingesetzt. Ihre hohe Sichtbarkeit macht sie zu einem idealen Werkzeug f\u00fcr die Demonstration mechanischer Prinzipien, \u00dcbertragungsstrukturen und Bewegungsgesetze in Lehranstalten und Ausbildungsumgebungen. Die Sch\u00fcler k\u00f6nnen die grundlegenden Konzepte des Maschinenbaus besser verstehen , indem sie die tats\u00e4chlichen Betriebsabl\u00e4ufe beobachten.  <\/p>\n<p>Dar\u00fcber hinaus spielen offene Schwenksysteme auch eine wichtige Rolle in Forschung und Entwicklung. Forscher m\u00fcssen mechanische Systeme oft in Echtzeit beobachten und debuggen, und die Sichtbarkeit ist ein Schl\u00fcsselfaktor. Das offene Design bietet ihnen eine intuitivere Beobachtungsm\u00f6glichkeit und hilft, Probleme schnell zu erkennen und das Design zu optimieren.  <\/p>\n","protected":false},"featured_media":6403,"comment_status":"open","ping_status":"closed","template":"","meta":{"content-type":""},"product_cat":[567,326],"product_tag":[648],"class_list":{"0":"post-11905","1":"product","2":"type-product","3":"status-publish","4":"has-post-thumbnail","6":"product_cat-w-drehantrieb","7":"product_cat-slew-drive-de","8":"product_tag-schwenktrieb-w9","10":"first","11":"instock","12":"shipping-taxable","13":"product-type-simple"},"yoast_head":"<!-- This site is optimized with the Yoast SEO plugin v21.7 - https:\/\/yoast.com\/wordpress\/plugins\/seo\/ -->\n<title>Schwungantrieb W-9 - ZZ Group<\/title>\n<meta name=\"description\" content=\"W-9 Schwenkantrieb offener Schwenkantrieb bezieht sich in der Regel auf eine offene Struktur Drehantriebssystem, das verwendet wird , um die horizontale Drehung der Ausr\u00fcstung zu realisieren.\" \/>\n<meta name=\"robots\" content=\"index, follow, max-snippet:-1, max-image-preview:large, max-video-preview:-1\" \/>\n<link rel=\"canonical\" href=\"https:\/\/slewingbearings.com\/de\/product\/schwungantrieb-w-9\/\" \/>\n<meta property=\"og:locale\" content=\"de_DE\" \/>\n<meta property=\"og:type\" content=\"article\" \/>\n<meta property=\"og:title\" content=\"Schwungantrieb W-9 - ZZ Group\" \/>\n<meta property=\"og:description\" content=\"W-9 Schwenkantrieb offener Schwenkantrieb bezieht sich in der Regel auf eine offene Struktur Drehantriebssystem, das verwendet wird , um die horizontale Drehung der Ausr\u00fcstung zu realisieren.\" \/>\n<meta property=\"og:url\" content=\"https:\/\/slewingbearings.com\/de\/product\/schwungantrieb-w-9\/\" \/>\n<meta property=\"og:site_name\" content=\"ZZ Group\" \/>\n<meta property=\"og:image\" content=\"https:\/\/slewingbearings.com\/wp-content\/uploads\/2024\/01\/w9-slew-drive.jpg\" \/>\n\t<meta property=\"og:image:width\" content=\"500\" \/>\n\t<meta property=\"og:image:height\" content=\"500\" \/>\n\t<meta property=\"og:image:type\" content=\"image\/jpeg\" \/>\n<meta name=\"twitter:card\" content=\"summary_large_image\" \/>\n<meta name=\"twitter:label1\" content=\"Gesch\u00e4tzte Lesezeit\" \/>\n\t<meta name=\"twitter:data1\" content=\"1\u00a0Minute\" \/>\n<script type=\"application\/ld+json\" class=\"yoast-schema-graph\">{\"@context\":\"https:\/\/schema.org\",\"@graph\":[{\"@type\":\"WebPage\",\"@id\":\"https:\/\/slewingbearings.com\/de\/product\/schwungantrieb-w-9\/\",\"url\":\"https:\/\/slewingbearings.com\/de\/product\/schwungantrieb-w-9\/\",\"name\":\"Schwungantrieb W-9 - ZZ Group\",\"isPartOf\":{\"@id\":\"https:\/\/slewingbearings.com\/#website\"},\"datePublished\":\"2024-01-28T01:07:08+00:00\",\"dateModified\":\"2024-01-28T01:07:08+00:00\",\"description\":\"W-9 Schwenkantrieb offener Schwenkantrieb bezieht sich in der Regel auf eine offene Struktur Drehantriebssystem, das verwendet wird , um die horizontale Drehung der Ausr\u00fcstung zu realisieren.\",\"breadcrumb\":{\"@id\":\"https:\/\/slewingbearings.com\/de\/product\/schwungantrieb-w-9\/#breadcrumb\"},\"inLanguage\":\"de\",\"potentialAction\":[{\"@type\":\"ReadAction\",\"target\":[\"https:\/\/slewingbearings.com\/de\/product\/schwungantrieb-w-9\/\"]}]},{\"@type\":\"BreadcrumbList\",\"@id\":\"https:\/\/slewingbearings.com\/de\/product\/schwungantrieb-w-9\/#breadcrumb\",\"itemListElement\":[{\"@type\":\"ListItem\",\"position\":1,\"name\":\"Home\",\"item\":\"https:\/\/slewingbearings.com\/de\/grosswaelzlager-grosswaelzlagerantrieb\/\"},{\"@type\":\"ListItem\",\"position\":2,\"name\":\"Shop\",\"item\":\"https:\/\/slewingbearings.com\/shop\/\"},{\"@type\":\"ListItem\",\"position\":3,\"name\":\"Schwungantrieb W-9\"}]},{\"@type\":\"WebSite\",\"@id\":\"https:\/\/slewingbearings.com\/#website\",\"url\":\"https:\/\/slewingbearings.com\/\",\"name\":\"ZZ Group\",\"description\":\"Leading Slewing Bearings in China\",\"potentialAction\":[{\"@type\":\"SearchAction\",\"target\":{\"@type\":\"EntryPoint\",\"urlTemplate\":\"https:\/\/slewingbearings.com\/?s={search_term_string}\"},\"query-input\":\"required name=search_term_string\"}],\"inLanguage\":\"de\"}]}<\/script>\n<!-- \/ Yoast SEO plugin. -->","yoast_head_json":{"title":"Schwungantrieb W-9 - ZZ Group","description":"W-9 Schwenkantrieb offener Schwenkantrieb bezieht sich in der Regel auf eine offene Struktur Drehantriebssystem, das verwendet wird , um die horizontale Drehung der Ausr\u00fcstung zu realisieren.","robots":{"index":"index","follow":"follow","max-snippet":"max-snippet:-1","max-image-preview":"max-image-preview:large","max-video-preview":"max-video-preview:-1"},"canonical":"https:\/\/slewingbearings.com\/de\/product\/schwungantrieb-w-9\/","og_locale":"de_DE","og_type":"article","og_title":"Schwungantrieb W-9 - ZZ Group","og_description":"W-9 Schwenkantrieb offener Schwenkantrieb bezieht sich in der Regel auf eine offene Struktur Drehantriebssystem, das verwendet wird , um die horizontale Drehung der Ausr\u00fcstung zu realisieren.","og_url":"https:\/\/slewingbearings.com\/de\/product\/schwungantrieb-w-9\/","og_site_name":"ZZ Group","og_image":[{"width":500,"height":500,"url":"https:\/\/slewingbearings.com\/wp-content\/uploads\/2024\/01\/w9-slew-drive.jpg","type":"image\/jpeg"}],"twitter_card":"summary_large_image","twitter_misc":{"Gesch\u00e4tzte Lesezeit":"1\u00a0Minute"},"schema":{"@context":"https:\/\/schema.org","@graph":[{"@type":"WebPage","@id":"https:\/\/slewingbearings.com\/de\/product\/schwungantrieb-w-9\/","url":"https:\/\/slewingbearings.com\/de\/product\/schwungantrieb-w-9\/","name":"Schwungantrieb W-9 - ZZ Group","isPartOf":{"@id":"https:\/\/slewingbearings.com\/#website"},"datePublished":"2024-01-28T01:07:08+00:00","dateModified":"2024-01-28T01:07:08+00:00","description":"W-9 Schwenkantrieb offener Schwenkantrieb bezieht sich in der Regel auf eine offene Struktur Drehantriebssystem, das verwendet wird , um die horizontale Drehung der Ausr\u00fcstung zu realisieren.","breadcrumb":{"@id":"https:\/\/slewingbearings.com\/de\/product\/schwungantrieb-w-9\/#breadcrumb"},"inLanguage":"de","potentialAction":[{"@type":"ReadAction","target":["https:\/\/slewingbearings.com\/de\/product\/schwungantrieb-w-9\/"]}]},{"@type":"BreadcrumbList","@id":"https:\/\/slewingbearings.com\/de\/product\/schwungantrieb-w-9\/#breadcrumb","itemListElement":[{"@type":"ListItem","position":1,"name":"Home","item":"https:\/\/slewingbearings.com\/de\/grosswaelzlager-grosswaelzlagerantrieb\/"},{"@type":"ListItem","position":2,"name":"Shop","item":"https:\/\/slewingbearings.com\/shop\/"},{"@type":"ListItem","position":3,"name":"Schwungantrieb W-9"}]},{"@type":"WebSite","@id":"https:\/\/slewingbearings.com\/#website","url":"https:\/\/slewingbearings.com\/","name":"ZZ Group","description":"Leading Slewing Bearings in China","potentialAction":[{"@type":"SearchAction","target":{"@type":"EntryPoint","urlTemplate":"https:\/\/slewingbearings.com\/?s={search_term_string}"},"query-input":"required name=search_term_string"}],"inLanguage":"de"}]}},"_links":{"self":[{"href":"https:\/\/slewingbearings.com\/de\/wp-json\/wp\/v2\/product\/11905","targetHints":{"allow":["GET"]}}],"collection":[{"href":"https:\/\/slewingbearings.com\/de\/wp-json\/wp\/v2\/product"}],"about":[{"href":"https:\/\/slewingbearings.com\/de\/wp-json\/wp\/v2\/types\/product"}],"replies":[{"embeddable":true,"href":"https:\/\/slewingbearings.com\/de\/wp-json\/wp\/v2\/comments?post=11905"}],"wp:featuredmedia":[{"embeddable":true,"href":"https:\/\/slewingbearings.com\/de\/wp-json\/wp\/v2\/media\/6403"}],"wp:attachment":[{"href":"https:\/\/slewingbearings.com\/de\/wp-json\/wp\/v2\/media?parent=11905"}],"wp:term":[{"taxonomy":"product_cat","embeddable":true,"href":"https:\/\/slewingbearings.com\/de\/wp-json\/wp\/v2\/product_cat?post=11905"},{"taxonomy":"product_tag","embeddable":true,"href":"https:\/\/slewingbearings.com\/de\/wp-json\/wp\/v2\/product_tag?post=11905"}],"curies":[{"name":"wp","href":"https:\/\/api.w.org\/{rel}","templated":true}]}}